{"id":15,"date":"2026-03-17T13:51:39","date_gmt":"2026-03-17T12:51:39","guid":{"rendered":"https:\/\/web.umons.ac.be\/patr\/activites-de-recherche\/"},"modified":"2026-03-17T15:58:26","modified_gmt":"2026-03-17T14:58:26","slug":"activites-de-recherche","status":"publish","type":"page","link":"https:\/\/web.umons.ac.be\/patr\/fr\/activites-de-recherche\/","title":{"rendered":"Activit\u00e9s de recherche"},"content":{"rendered":"<p>Le service m\u00e8ne des recherches fondamentales et appliqu\u00e9es visant \u00e0 ancrer les pratiques architecturales, urbaines et paysag\u00e8res dans une approche renouvel\u00e9e des h\u00e9ritages b\u00e2tis et non-b\u00e2ti. Les recherches s&rsquo;articulent autour de la conservation, de l&rsquo;\u00e9valuation et de la r\u00e9activation des sites d\u00e9laiss\u00e9s, du patrimoine \u00e0 l\u2019inventaire ou class\u00e9 UNESCO.<\/p>\n<p>Les chercheurs du service visent \u00e0 d\u00e9velopper des m\u00e9thodologies tant g\u00e9o-historiques, d\u2019analyses des paysages patrimoniaux, de l\u2019exploitation des sources documentaires historiques que le d\u00e9veloppement d\u2019outils d\u2019\u00e9valuation patrimoniaux innovants en d\u00e9passant l\u2019approche strictement historique.<\/p>\n<p>Les membres du service se sp\u00e9cialisent dans le patrimoine industriel. Ce type de patrimoine, souvent complexe par son \u00e9chelle, sa mat\u00e9rialit\u00e9 et sa charge m\u00e9morielle, fait l&rsquo;objet d&rsquo;\u00e9tudes approfondies. Les recherches visent \u00e0 \u00e9tablir des mod\u00e8les de reconversion pour les friches et les sites industriels qui prennent en compte les sp\u00e9cificit\u00e9s structurelles, techniques et soci\u00e9tales.\u00a0 Ces travaux contribuent \u00e0 la valorisation de cet h\u00e9ritage unique, tant sur le terrain wallon qu\u2019\u00e0 l\u2019\u00e9chelle international et \u00e0 l&rsquo;\u00e9laboration de lignes directrices pour une r\u00e9int\u00e9gration r\u00e9ussie dans le d\u00e9veloppement urbain et rural contemporain.<\/p>\n<hr \/>\n<p>Notre service est, par ailleurs rattach\u00e9 \u00e0 un institut de recherche de l\u2019UMONS :<\/p>\n<start-cask-shortcode-wrapper>\t\t<div class=\"associated-institutes content-block scheme-fau\">\n\t\t\t<ul class=\"institutes-list\">\n\t\t\t\t\t\t\t\t\t\t<li>\n\t\t\t\t\t\t\t<a href=\"https:\/\/web.umons.ac.be\/risques\" title=\"Acc\u00e9der au site web de : Institut \/ Risques\" class=\"associated-institute\">\n\t\t\t\t\t\t\t\t<img loading=\"lazy\" decoding=\"async\" width=\"1\" height=\"1\" src=\"https:\/\/web.umons.ac.be\/app\/uploads\/sites\/36\/2017\/12\/risques_logo_fr.svg\" class=\"attachment-thumbnail size-thumbnail\" alt=\"\" \/>\t\t\t\t\t\t\t<\/a>\t\t\t\n\t\t\t\t\t\t<\/li>\n\t\t\t\t\t\t\t\t\t\t<li>\n\t\t\t\t\t\t\t<a href=\"https:\/\/web.umons.ac.be\/soci_e_ter\" title=\"Acc\u00e9der au site web de : Institut \/ Soci&amp;ter\" class=\"associated-institute\">\n\t\t\t\t\t\t\t\t<img loading=\"lazy\" decoding=\"async\" width=\"1\" height=\"1\" src=\"https:\/\/web.umons.ac.be\/app\/uploads\/sites\/33\/2021\/11\/Societer-FR.svg\" class=\"attachment-thumbnail size-thumbnail\" alt=\"\" \/>\t\t\t\t\t\t\t<\/a>\t\t\t\n\t\t\t\t\t\t<\/li>\n\t\t\t\t\t\t\t<\/ul>\n\t\t<\/div>\n <end-cask-shortcode-wrapper>\n","protected":false},"excerpt":{"rendered":"<p>Le service m\u00e8ne des recherches fondamentales et appliqu\u00e9es visant \u00e0 ancrer les pratiques architecturales, urbaines et paysag\u00e8res dans une approche renouvel\u00e9e des h\u00e9ritages b\u00e2tis et non-b\u00e2ti. Les recherches s&rsquo;articulent autour de la conservation, de l&rsquo;\u00e9valuation et de la r\u00e9activation des sites d\u00e9laiss\u00e9s, du patrimoine \u00e0 l\u2019inventaire ou class\u00e9 UNESCO. Les chercheurs du service visent \u00e0 [&hellip;]<\/p>\n","protected":false},"author":2,"featured_media":0,"parent":0,"menu_order":0,"comment_status":"closed","ping_status":"closed","template":"","meta":{"footnotes":""},"class_list":["post-15","page","type-page","status-publish","hentry"],"yoast_head":"<!-- This site is optimized with the Yoast SEO plugin v27.2 - https:\/\/yoast.com\/product\/yoast-seo-wordpress\/ -->\n<title>Activit\u00e9s de recherche - Service \/ FAU - Patrimoines &amp; H\u00e9ritages Architecturaux<\/title>\n<meta name=\"robots\" content=\"index, follow, max-snippet:-1, max-image-preview:large, max-video-preview:-1\" \/>\n<link rel=\"canonical\" href=\"https:\/\/web.umons.ac.be\/patr\/fr\/activites-de-recherche\/\" \/>\n<meta property=\"og:locale\" content=\"fr_FR\" \/>\n<meta property=\"og:type\" content=\"article\" \/>\n<meta property=\"og:title\" content=\"Activit\u00e9s de recherche - Service \/ FAU - Patrimoines &amp; H\u00e9ritages Architecturaux\" \/>\n<meta property=\"og:description\" content=\"Le service m\u00e8ne des recherches fondamentales et appliqu\u00e9es visant \u00e0 ancrer les pratiques architecturales, urbaines et paysag\u00e8res dans une approche renouvel\u00e9e des h\u00e9ritages b\u00e2tis et non-b\u00e2ti. Les recherches s&rsquo;articulent autour de la conservation, de l&rsquo;\u00e9valuation et de la r\u00e9activation des sites d\u00e9laiss\u00e9s, du patrimoine \u00e0 l\u2019inventaire ou class\u00e9 UNESCO. Les chercheurs du service visent \u00e0 [&hellip;]\" \/>\n<meta property=\"og:url\" content=\"https:\/\/web.umons.ac.be\/patr\/fr\/activites-de-recherche\/\" \/>\n<meta property=\"og:site_name\" content=\"Service \/ FAU - Patrimoines &amp; H\u00e9ritages Architecturaux\" \/>\n<meta property=\"article:modified_time\" content=\"2026-03-17T14:58:26+00:00\" \/>\n<meta name=\"twitter:card\" content=\"summary_large_image\" \/>\n<meta name=\"twitter:label1\" content=\"Dur\u00e9e de lecture estim\u00e9e\" \/>\n\t<meta name=\"twitter:data1\" content=\"1 minute\" \/>\n<script type=\"application\/ld+json\" class=\"yoast-schema-graph\">{\"@context\":\"https:\/\/schema.org\",\"@graph\":[{\"@type\":\"WebPage\",\"@id\":\"https:\/\/web.umons.ac.be\/patr\/fr\/activites-de-recherche\/\",\"url\":\"https:\/\/web.umons.ac.be\/patr\/fr\/activites-de-recherche\/\",\"name\":\"Activit\u00e9s de recherche - Service \/ FAU - Patrimoines &amp; H\u00e9ritages Architecturaux\",\"isPartOf\":{\"@id\":\"https:\/\/web.umons.ac.be\/patr\/#website\"},\"datePublished\":\"2026-03-17T12:51:39+00:00\",\"dateModified\":\"2026-03-17T14:58:26+00:00\",\"breadcrumb\":{\"@id\":\"https:\/\/web.umons.ac.be\/patr\/fr\/activites-de-recherche\/#breadcrumb\"},\"inLanguage\":\"fr-FR\",\"potentialAction\":[{\"@type\":\"ReadAction\",\"target\":[\"https:\/\/web.umons.ac.be\/patr\/fr\/activites-de-recherche\/\"]}]},{\"@type\":\"BreadcrumbList\",\"@id\":\"https:\/\/web.umons.ac.be\/patr\/fr\/activites-de-recherche\/#breadcrumb\",\"itemListElement\":[{\"@type\":\"ListItem\",\"position\":1,\"name\":\"Accueil\",\"item\":\"https:\/\/web.umons.ac.be\/patr\/fr\/\"},{\"@type\":\"ListItem\",\"position\":2,\"name\":\"Activit\u00e9s de recherche\"}]},{\"@type\":\"WebSite\",\"@id\":\"https:\/\/web.umons.ac.be\/patr\/#website\",\"url\":\"https:\/\/web.umons.ac.be\/patr\/\",\"name\":\"Service \/ FAU - Patrimoines &amp; H\u00e9ritages Architecturaux\",\"description\":\"\",\"potentialAction\":[{\"@type\":\"SearchAction\",\"target\":{\"@type\":\"EntryPoint\",\"urlTemplate\":\"https:\/\/web.umons.ac.be\/patr\/?s={search_term_string}\"},\"query-input\":{\"@type\":\"PropertyValueSpecification\",\"valueRequired\":true,\"valueName\":\"search_term_string\"}}],\"inLanguage\":\"fr-FR\"}]}<\/script>\n<!-- \/ Yoast SEO plugin. -->","yoast_head_json":{"title":"Activit\u00e9s de recherche - Service \/ FAU - Patrimoines &amp; H\u00e9ritages Architecturaux","robots":{"index":"index","follow":"follow","max-snippet":"max-snippet:-1","max-image-preview":"max-image-preview:large","max-video-preview":"max-video-preview:-1"},"canonical":"https:\/\/web.umons.ac.be\/patr\/fr\/activites-de-recherche\/","og_locale":"fr_FR","og_type":"article","og_title":"Activit\u00e9s de recherche - Service \/ FAU - Patrimoines &amp; H\u00e9ritages Architecturaux","og_description":"Le service m\u00e8ne des recherches fondamentales et appliqu\u00e9es visant \u00e0 ancrer les pratiques architecturales, urbaines et paysag\u00e8res dans une approche renouvel\u00e9e des h\u00e9ritages b\u00e2tis et non-b\u00e2ti. Les recherches s&rsquo;articulent autour de la conservation, de l&rsquo;\u00e9valuation et de la r\u00e9activation des sites d\u00e9laiss\u00e9s, du patrimoine \u00e0 l\u2019inventaire ou class\u00e9 UNESCO. Les chercheurs du service visent \u00e0 [&hellip;]","og_url":"https:\/\/web.umons.ac.be\/patr\/fr\/activites-de-recherche\/","og_site_name":"Service \/ FAU - Patrimoines &amp; H\u00e9ritages Architecturaux","article_modified_time":"2026-03-17T14:58:26+00:00","twitter_card":"summary_large_image","twitter_misc":{"Dur\u00e9e de lecture estim\u00e9e":"1 minute"},"schema":{"@context":"https:\/\/schema.org","@graph":[{"@type":"WebPage","@id":"https:\/\/web.umons.ac.be\/patr\/fr\/activites-de-recherche\/","url":"https:\/\/web.umons.ac.be\/patr\/fr\/activites-de-recherche\/","name":"Activit\u00e9s de recherche - Service \/ FAU - Patrimoines &amp; H\u00e9ritages Architecturaux","isPartOf":{"@id":"https:\/\/web.umons.ac.be\/patr\/#website"},"datePublished":"2026-03-17T12:51:39+00:00","dateModified":"2026-03-17T14:58:26+00:00","breadcrumb":{"@id":"https:\/\/web.umons.ac.be\/patr\/fr\/activites-de-recherche\/#breadcrumb"},"inLanguage":"fr-FR","potentialAction":[{"@type":"ReadAction","target":["https:\/\/web.umons.ac.be\/patr\/fr\/activites-de-recherche\/"]}]},{"@type":"BreadcrumbList","@id":"https:\/\/web.umons.ac.be\/patr\/fr\/activites-de-recherche\/#breadcrumb","itemListElement":[{"@type":"ListItem","position":1,"name":"Accueil","item":"https:\/\/web.umons.ac.be\/patr\/fr\/"},{"@type":"ListItem","position":2,"name":"Activit\u00e9s de recherche"}]},{"@type":"WebSite","@id":"https:\/\/web.umons.ac.be\/patr\/#website","url":"https:\/\/web.umons.ac.be\/patr\/","name":"Service \/ FAU - Patrimoines &amp; H\u00e9ritages Architecturaux","description":"","potentialAction":[{"@type":"SearchAction","target":{"@type":"EntryPoint","urlTemplate":"https:\/\/web.umons.ac.be\/patr\/?s={search_term_string}"},"query-input":{"@type":"PropertyValueSpecification","valueRequired":true,"valueName":"search_term_string"}}],"inLanguage":"fr-FR"}]}},"lang":"fr","translations":{"fr":15,"en":17},"pll_sync_post":[],"_links":{"self":[{"href":"https:\/\/web.umons.ac.be\/patr\/wp-json\/wp\/v2\/pages\/15","targetHints":{"allow":["GET"]}}],"collection":[{"href":"https:\/\/web.umons.ac.be\/patr\/wp-json\/wp\/v2\/pages"}],"about":[{"href":"https:\/\/web.umons.ac.be\/patr\/wp-json\/wp\/v2\/types\/page"}],"author":[{"embeddable":true,"href":"https:\/\/web.umons.ac.be\/patr\/wp-json\/wp\/v2\/users\/2"}],"replies":[{"embeddable":true,"href":"https:\/\/web.umons.ac.be\/patr\/wp-json\/wp\/v2\/comments?post=15"}],"version-history":[{"count":2,"href":"https:\/\/web.umons.ac.be\/patr\/wp-json\/wp\/v2\/pages\/15\/revisions"}],"predecessor-version":[{"id":112,"href":"https:\/\/web.umons.ac.be\/patr\/wp-json\/wp\/v2\/pages\/15\/revisions\/112"}],"wp:attachment":[{"href":"https:\/\/web.umons.ac.be\/patr\/wp-json\/wp\/v2\/media?parent=15"}],"curies":[{"name":"wp","href":"https:\/\/api.w.org\/{rel}","templated":true}]}}