{"id":11,"date":"2021-11-02T15:31:52","date_gmt":"2021-11-02T14:31:52","guid":{"rendered":"https:\/\/web.umons.ac.be\/pebi\/activites-denseignement\/"},"modified":"2021-11-03T09:23:30","modified_gmt":"2021-11-03T08:23:30","slug":"activites-denseignement","status":"publish","type":"page","link":"https:\/\/web.umons.ac.be\/pebi\/activites-denseignement\/","title":{"rendered":"Activit\u00e9s d&rsquo;enseignement"},"content":{"rendered":"<p>Le service est charg\u00e9 d&rsquo;assurer l&rsquo;enseignement de la physique biom\u00e9dicale aux \u00e9tudiants de 1er Bac m\u00e9decine, pharmacie, biologie et sciences biom\u00e9dicales.<\/p>\n<p><img loading=\"lazy\" decoding=\"async\" class=\"size-full wp-image-67 alignleft\" src=\"https:\/\/web.umons.ac.be\/app\/uploads\/sites\/69\/2021\/11\/labo-web.jpg\" alt=\"\" width=\"307\" height=\"230\" srcset=\"https:\/\/web.umons.ac.be\/app\/uploads\/sites\/69\/2021\/11\/labo-web.jpg 307w, https:\/\/web.umons.ac.be\/app\/uploads\/sites\/69\/2021\/11\/labo-web-300x225.jpg 300w, https:\/\/web.umons.ac.be\/app\/uploads\/sites\/69\/2021\/11\/labo-web-30x22.jpg 30w, https:\/\/web.umons.ac.be\/app\/uploads\/sites\/69\/2021\/11\/labo-web-60x45.jpg 60w\" sizes=\"auto, (max-width: 307px) 100vw, 307px\" \/> <img loading=\"lazy\" decoding=\"async\" class=\" wp-image-65 alignleft\" src=\"https:\/\/web.umons.ac.be\/app\/uploads\/sites\/69\/2021\/11\/prisme-photo-web.jpg\" alt=\"\" width=\"366\" height=\"233\" srcset=\"https:\/\/web.umons.ac.be\/app\/uploads\/sites\/69\/2021\/11\/prisme-photo-web.jpg 228w, https:\/\/web.umons.ac.be\/app\/uploads\/sites\/69\/2021\/11\/prisme-photo-web-30x19.jpg 30w, https:\/\/web.umons.ac.be\/app\/uploads\/sites\/69\/2021\/11\/prisme-photo-web-60x38.jpg 60w\" sizes=\"auto, (max-width: 366px) 100vw, 366px\" \/><\/p>\n<p>&nbsp;<\/p>\n<p>&nbsp;<\/p>\n<p>&nbsp;<\/p>\n<p>&nbsp;<\/p>\n<p>&nbsp;<\/p>\n<p>&nbsp;<\/p>\n<p>&nbsp;<\/p>\n<p>De plus, plusieurs cours sont organis\u00e9s pour les \u00e9tudiants de la section physique, notamment un cours de magn\u00e9tisme, un cours de physique de l&rsquo;imagerie m\u00e9dicale et un cours de mesures physiques. Ces cours sont accompagn\u00e9s de s\u00e9ances de travaux pratiques, afin d&rsquo;illustrer la th\u00e9orie et de faciliter la compr\u00e9hension de l&rsquo;\u00e9tudiant.<\/p>\n<p>Nous sommes \u00e9galement impliqu\u00e9s dans un grand nombre d&rsquo;activit\u00e9s de vulgarisation de la physique, tant pour les \u00e9tudiants de l&rsquo;enseignement secondaire que pour ceux du primaire et pour le grand public. Toutes ces activit\u00e9s sont organis\u00e9es par SciTech2 de l&rsquo;UMONS.<\/p>\n<figure id=\"attachment_66\" aria-describedby=\"caption-attachment-66\" style=\"width: 518px\" class=\"wp-caption alignnone\"><img loading=\"lazy\" decoding=\"async\" class=\"size-full wp-image-66\" src=\"https:\/\/web.umons.ac.be\/app\/uploads\/sites\/69\/2021\/11\/pyra-sel-leger.jpg\" alt=\"\" width=\"518\" height=\"346\" srcset=\"https:\/\/web.umons.ac.be\/app\/uploads\/sites\/69\/2021\/11\/pyra-sel-leger.jpg 518w, https:\/\/web.umons.ac.be\/app\/uploads\/sites\/69\/2021\/11\/pyra-sel-leger-300x200.jpg 300w, https:\/\/web.umons.ac.be\/app\/uploads\/sites\/69\/2021\/11\/pyra-sel-leger-30x20.jpg 30w, https:\/\/web.umons.ac.be\/app\/uploads\/sites\/69\/2021\/11\/pyra-sel-leger-60x40.jpg 60w, https:\/\/web.umons.ac.be\/app\/uploads\/sites\/69\/2021\/11\/pyra-sel-leger-360x240.jpg 360w\" sizes=\"auto, (max-width: 518px) 100vw, 518px\" \/><figcaption id=\"caption-attachment-66\" class=\"wp-caption-text\"><br \/>Cristal de NaCl observ\u00e9 au microscope \u00e0 polarisation.<br \/>Photo r\u00e9alis\u00e9e pour l&rsquo;exposition \u00ab\u00a0explorer l&rsquo;invisible\u00a0\u00bb<\/figcaption><\/figure>\n<p>&nbsp;<\/p>\n<p>Nous\u00a0participons entre autres \u00e0\u00a0:<\/p>\n<ul>\n<li>une exposition de physique annuelle, accueillant presque mille \u00e9tudiants de rh\u00e9torique;<\/li>\n<li>des activit\u00e9s lors de chaque printemps des sciences (expo, pendule de Foucault, &#8230;).<\/li>\n<li>des expos\u00e9s de vulgarisation dans les \u00e9coles secondaires de la r\u00e9gion.<\/li>\n<\/ul>\n","protected":false},"excerpt":{"rendered":"<p>Le service est charg\u00e9 d&rsquo;assurer l&rsquo;enseignement de la physique biom\u00e9dicale aux \u00e9tudiants de 1er Bac m\u00e9decine, pharmacie, biologie et sciences biom\u00e9dicales. &nbsp; &nbsp; &nbsp; &nbsp; &nbsp; &nbsp; &nbsp; De plus, plusieurs cours sont organis\u00e9s pour les \u00e9tudiants de la section physique, notamment un cours de magn\u00e9tisme, un cours de physique de l&rsquo;imagerie m\u00e9dicale et un [&hellip;]<\/p>\n","protected":false},"author":4,"featured_media":0,"parent":0,"menu_order":0,"comment_status":"closed","ping_status":"closed","template":"","meta":{"footnotes":""},"class_list":["post-11","page","type-page","status-publish","hentry"],"yoast_head":"<!-- This site is optimized with the Yoast SEO plugin v27.2 - https:\/\/yoast.com\/product\/yoast-seo-wordpress\/ -->\n<title>Activit\u00e9s d&#039;enseignement - Service \/ FMPB - Physique Biom\u00e9dicale<\/title>\n<meta name=\"robots\" content=\"index, follow, max-snippet:-1, max-image-preview:large, max-video-preview:-1\" \/>\n<link rel=\"canonical\" href=\"https:\/\/web.umons.ac.be\/pebi\/activites-denseignement\/\" \/>\n<meta property=\"og:locale\" content=\"fr_FR\" \/>\n<meta property=\"og:type\" content=\"article\" \/>\n<meta property=\"og:title\" content=\"Activit\u00e9s d&#039;enseignement - Service \/ FMPB - Physique Biom\u00e9dicale\" \/>\n<meta property=\"og:description\" content=\"Le service est charg\u00e9 d&rsquo;assurer l&rsquo;enseignement de la physique biom\u00e9dicale aux \u00e9tudiants de 1er Bac m\u00e9decine, pharmacie, biologie et sciences biom\u00e9dicales. &nbsp; &nbsp; &nbsp; &nbsp; &nbsp; &nbsp; &nbsp; De plus, plusieurs cours sont organis\u00e9s pour les \u00e9tudiants de la section physique, notamment un cours de magn\u00e9tisme, un cours de physique de l&rsquo;imagerie m\u00e9dicale et un [&hellip;]\" \/>\n<meta property=\"og:url\" content=\"https:\/\/web.umons.ac.be\/pebi\/activites-denseignement\/\" \/>\n<meta property=\"og:site_name\" content=\"Service \/ FMPB - Physique Biom\u00e9dicale\" \/>\n<meta property=\"article:modified_time\" content=\"2021-11-03T08:23:30+00:00\" \/>\n<meta property=\"og:image\" content=\"https:\/\/web.umons.ac.be\/app\/uploads\/sites\/69\/2021\/11\/labo-web.jpg\" \/>\n<meta name=\"twitter:card\" content=\"summary_large_image\" \/>\n<meta name=\"twitter:label1\" content=\"Dur\u00e9e de lecture estim\u00e9e\" \/>\n\t<meta name=\"twitter:data1\" content=\"1 minute\" \/>\n<script type=\"application\/ld+json\" class=\"yoast-schema-graph\">{\"@context\":\"https:\/\/schema.org\",\"@graph\":[{\"@type\":\"WebPage\",\"@id\":\"https:\/\/web.umons.ac.be\/pebi\/activites-denseignement\/\",\"url\":\"https:\/\/web.umons.ac.be\/pebi\/activites-denseignement\/\",\"name\":\"Activit\u00e9s d'enseignement - Service \/ FMPB - Physique Biom\u00e9dicale\",\"isPartOf\":{\"@id\":\"https:\/\/web.umons.ac.be\/pebi\/#website\"},\"primaryImageOfPage\":{\"@id\":\"https:\/\/web.umons.ac.be\/pebi\/activites-denseignement\/#primaryimage\"},\"image\":{\"@id\":\"https:\/\/web.umons.ac.be\/pebi\/activites-denseignement\/#primaryimage\"},\"thumbnailUrl\":\"https:\/\/web.umons.ac.be\/app\/uploads\/sites\/69\/2021\/11\/labo-web.jpg\",\"datePublished\":\"2021-11-02T14:31:52+00:00\",\"dateModified\":\"2021-11-03T08:23:30+00:00\",\"breadcrumb\":{\"@id\":\"https:\/\/web.umons.ac.be\/pebi\/activites-denseignement\/#breadcrumb\"},\"inLanguage\":\"fr-FR\",\"potentialAction\":[{\"@type\":\"ReadAction\",\"target\":[\"https:\/\/web.umons.ac.be\/pebi\/activites-denseignement\/\"]}]},{\"@type\":\"ImageObject\",\"inLanguage\":\"fr-FR\",\"@id\":\"https:\/\/web.umons.ac.be\/pebi\/activites-denseignement\/#primaryimage\",\"url\":\"https:\/\/web.umons.ac.be\/app\/uploads\/sites\/69\/2021\/11\/labo-web.jpg\",\"contentUrl\":\"https:\/\/web.umons.ac.be\/app\/uploads\/sites\/69\/2021\/11\/labo-web.jpg\"},{\"@type\":\"BreadcrumbList\",\"@id\":\"https:\/\/web.umons.ac.be\/pebi\/activites-denseignement\/#breadcrumb\",\"itemListElement\":[{\"@type\":\"ListItem\",\"position\":1,\"name\":\"Home\",\"item\":\"https:\/\/web.umons.ac.be\/pebi\/\"},{\"@type\":\"ListItem\",\"position\":2,\"name\":\"Activit\u00e9s d&rsquo;enseignement\"}]},{\"@type\":\"WebSite\",\"@id\":\"https:\/\/web.umons.ac.be\/pebi\/#website\",\"url\":\"https:\/\/web.umons.ac.be\/pebi\/\",\"name\":\"Service \/ FMPB - Physique Biom\u00e9dicale\",\"description\":\"\",\"potentialAction\":[{\"@type\":\"SearchAction\",\"target\":{\"@type\":\"EntryPoint\",\"urlTemplate\":\"https:\/\/web.umons.ac.be\/pebi\/?s={search_term_string}\"},\"query-input\":{\"@type\":\"PropertyValueSpecification\",\"valueRequired\":true,\"valueName\":\"search_term_string\"}}],\"inLanguage\":\"fr-FR\"}]}<\/script>\n<!-- \/ Yoast SEO plugin. -->","yoast_head_json":{"title":"Activit\u00e9s d'enseignement - Service \/ FMPB - Physique Biom\u00e9dicale","robots":{"index":"index","follow":"follow","max-snippet":"max-snippet:-1","max-image-preview":"max-image-preview:large","max-video-preview":"max-video-preview:-1"},"canonical":"https:\/\/web.umons.ac.be\/pebi\/activites-denseignement\/","og_locale":"fr_FR","og_type":"article","og_title":"Activit\u00e9s d'enseignement - Service \/ FMPB - Physique Biom\u00e9dicale","og_description":"Le service est charg\u00e9 d&rsquo;assurer l&rsquo;enseignement de la physique biom\u00e9dicale aux \u00e9tudiants de 1er Bac m\u00e9decine, pharmacie, biologie et sciences biom\u00e9dicales. &nbsp; &nbsp; &nbsp; &nbsp; &nbsp; &nbsp; &nbsp; De plus, plusieurs cours sont organis\u00e9s pour les \u00e9tudiants de la section physique, notamment un cours de magn\u00e9tisme, un cours de physique de l&rsquo;imagerie m\u00e9dicale et un [&hellip;]","og_url":"https:\/\/web.umons.ac.be\/pebi\/activites-denseignement\/","og_site_name":"Service \/ FMPB - Physique Biom\u00e9dicale","article_modified_time":"2021-11-03T08:23:30+00:00","og_image":[{"url":"https:\/\/web.umons.ac.be\/app\/uploads\/sites\/69\/2021\/11\/labo-web.jpg","type":"","width":"","height":""}],"twitter_card":"summary_large_image","twitter_misc":{"Dur\u00e9e de lecture estim\u00e9e":"1 minute"},"schema":{"@context":"https:\/\/schema.org","@graph":[{"@type":"WebPage","@id":"https:\/\/web.umons.ac.be\/pebi\/activites-denseignement\/","url":"https:\/\/web.umons.ac.be\/pebi\/activites-denseignement\/","name":"Activit\u00e9s d'enseignement - Service \/ FMPB - Physique Biom\u00e9dicale","isPartOf":{"@id":"https:\/\/web.umons.ac.be\/pebi\/#website"},"primaryImageOfPage":{"@id":"https:\/\/web.umons.ac.be\/pebi\/activites-denseignement\/#primaryimage"},"image":{"@id":"https:\/\/web.umons.ac.be\/pebi\/activites-denseignement\/#primaryimage"},"thumbnailUrl":"https:\/\/web.umons.ac.be\/app\/uploads\/sites\/69\/2021\/11\/labo-web.jpg","datePublished":"2021-11-02T14:31:52+00:00","dateModified":"2021-11-03T08:23:30+00:00","breadcrumb":{"@id":"https:\/\/web.umons.ac.be\/pebi\/activites-denseignement\/#breadcrumb"},"inLanguage":"fr-FR","potentialAction":[{"@type":"ReadAction","target":["https:\/\/web.umons.ac.be\/pebi\/activites-denseignement\/"]}]},{"@type":"ImageObject","inLanguage":"fr-FR","@id":"https:\/\/web.umons.ac.be\/pebi\/activites-denseignement\/#primaryimage","url":"https:\/\/web.umons.ac.be\/app\/uploads\/sites\/69\/2021\/11\/labo-web.jpg","contentUrl":"https:\/\/web.umons.ac.be\/app\/uploads\/sites\/69\/2021\/11\/labo-web.jpg"},{"@type":"BreadcrumbList","@id":"https:\/\/web.umons.ac.be\/pebi\/activites-denseignement\/#breadcrumb","itemListElement":[{"@type":"ListItem","position":1,"name":"Home","item":"https:\/\/web.umons.ac.be\/pebi\/"},{"@type":"ListItem","position":2,"name":"Activit\u00e9s d&rsquo;enseignement"}]},{"@type":"WebSite","@id":"https:\/\/web.umons.ac.be\/pebi\/#website","url":"https:\/\/web.umons.ac.be\/pebi\/","name":"Service \/ FMPB - Physique Biom\u00e9dicale","description":"","potentialAction":[{"@type":"SearchAction","target":{"@type":"EntryPoint","urlTemplate":"https:\/\/web.umons.ac.be\/pebi\/?s={search_term_string}"},"query-input":{"@type":"PropertyValueSpecification","valueRequired":true,"valueName":"search_term_string"}}],"inLanguage":"fr-FR"}]}},"lang":"fr","translations":{"fr":11,"en":13},"pll_sync_post":[],"_links":{"self":[{"href":"https:\/\/web.umons.ac.be\/pebi\/wp-json\/wp\/v2\/pages\/11","targetHints":{"allow":["GET"]}}],"collection":[{"href":"https:\/\/web.umons.ac.be\/pebi\/wp-json\/wp\/v2\/pages"}],"about":[{"href":"https:\/\/web.umons.ac.be\/pebi\/wp-json\/wp\/v2\/types\/page"}],"author":[{"embeddable":true,"href":"https:\/\/web.umons.ac.be\/pebi\/wp-json\/wp\/v2\/users\/4"}],"replies":[{"embeddable":true,"href":"https:\/\/web.umons.ac.be\/pebi\/wp-json\/wp\/v2\/comments?post=11"}],"version-history":[{"count":2,"href":"https:\/\/web.umons.ac.be\/pebi\/wp-json\/wp\/v2\/pages\/11\/revisions"}],"predecessor-version":[{"id":68,"href":"https:\/\/web.umons.ac.be\/pebi\/wp-json\/wp\/v2\/pages\/11\/revisions\/68"}],"wp:attachment":[{"href":"https:\/\/web.umons.ac.be\/pebi\/wp-json\/wp\/v2\/media?parent=11"}],"curies":[{"name":"wp","href":"https:\/\/api.w.org\/{rel}","templated":true}]}}