{"id":71,"date":"2021-11-03T09:32:23","date_gmt":"2021-11-03T08:32:23","guid":{"rendered":"https:\/\/web.umons.ac.be\/pebi\/?page_id=71"},"modified":"2021-11-03T09:32:45","modified_gmt":"2021-11-03T08:32:45","slug":"equipement","status":"publish","type":"page","link":"https:\/\/web.umons.ac.be\/pebi\/equipement\/","title":{"rendered":"Equipement"},"content":{"rendered":"<p>Le service dispose des \u00e9quipements suivants. Pour toute collboration, n&rsquo;h\u00e9sitez pas \u00e0 nous contacter :\u00a0yves.gossuin@umons.ac.be<\/p>\n<ul>\n<li>Deux magn\u00e9tom\u00e8tres \u00e0 \u00e9chantillons vibrants. Le premier pour le travail de routine, travaillant \u00e0 temp\u00e9rature ambiante et \u00e0 un champ maximum de 1 T. Le second op\u00e9rant jusque 5T et de 1.7K \u00e0 300K. Il est possible d&rsquo;utiliser un four pour travailler de 300K \u00e0 700K.<img loading=\"lazy\" decoding=\"async\" class=\"size-full wp-image-58\" src=\"https:\/\/web.umons.ac.be\/app\/uploads\/sites\/69\/2021\/11\/vsm2-copie.jpg\" alt=\"\" width=\"1162\" height=\"778\" srcset=\"https:\/\/web.umons.ac.be\/app\/uploads\/sites\/69\/2021\/11\/vsm2-copie.jpg 1162w, https:\/\/web.umons.ac.be\/app\/uploads\/sites\/69\/2021\/11\/vsm2-copie-300x201.jpg 300w, https:\/\/web.umons.ac.be\/app\/uploads\/sites\/69\/2021\/11\/vsm2-copie-1024x686.jpg 1024w, https:\/\/web.umons.ac.be\/app\/uploads\/sites\/69\/2021\/11\/vsm2-copie-768x514.jpg 768w, https:\/\/web.umons.ac.be\/app\/uploads\/sites\/69\/2021\/11\/vsm2-copie-986x660.jpg 986w, https:\/\/web.umons.ac.be\/app\/uploads\/sites\/69\/2021\/11\/vsm2-copie-30x20.jpg 30w, https:\/\/web.umons.ac.be\/app\/uploads\/sites\/69\/2021\/11\/vsm2-copie-60x40.jpg 60w, https:\/\/web.umons.ac.be\/app\/uploads\/sites\/69\/2021\/11\/vsm2-copie-360x241.jpg 360w\" sizes=\"auto, (max-width: 1162px) 100vw, 1162px\" \/><\/li>\n<li>Des relaxom\u00e8tres RMN permettant la mesure de T1 et T2 sur des solutions. Les champ disponibles sont 0.24T, 0.47T, 0.68T et 0.94T.<\/li>\n<li>Nous avons acc\u00e8s au relaxom\u00e8tre \u00e0 champ cycl\u00e9 situ\u00e9 du service de chimie organique (FMP) pour effectuer des profils nmrd (T1) sur des solutions.<\/li>\n<li>Un four de digestion micro-ondes pour la pr\u00e9paration d&rsquo;\u00e9chantillons en vue d&rsquo;une mesure AES.<\/li>\n<\/ul>\n<p><img loading=\"lazy\" decoding=\"async\" class=\" wp-image-74 alignright\" src=\"https:\/\/web.umons.ac.be\/app\/uploads\/sites\/69\/2021\/11\/Bruker-Minispec-PC-120main.jpg\" alt=\"\" width=\"442\" height=\"240\" srcset=\"https:\/\/web.umons.ac.be\/app\/uploads\/sites\/69\/2021\/11\/Bruker-Minispec-PC-120main.jpg 600w, https:\/\/web.umons.ac.be\/app\/uploads\/sites\/69\/2021\/11\/Bruker-Minispec-PC-120main-300x163.jpg 300w, https:\/\/web.umons.ac.be\/app\/uploads\/sites\/69\/2021\/11\/Bruker-Minispec-PC-120main-30x16.jpg 30w, https:\/\/web.umons.ac.be\/app\/uploads\/sites\/69\/2021\/11\/Bruker-Minispec-PC-120main-60x33.jpg 60w, https:\/\/web.umons.ac.be\/app\/uploads\/sites\/69\/2021\/11\/Bruker-Minispec-PC-120main-360x196.jpg 360w\" sizes=\"auto, (max-width: 442px) 100vw, 442px\" \/><\/p>\n<p><img loading=\"lazy\" decoding=\"async\" class=\"size-full wp-image-73 alignleft\" src=\"https:\/\/web.umons.ac.be\/app\/uploads\/sites\/69\/2021\/11\/spintrack.jpg\" alt=\"\" width=\"280\" height=\"213\" srcset=\"https:\/\/web.umons.ac.be\/app\/uploads\/sites\/69\/2021\/11\/spintrack.jpg 280w, https:\/\/web.umons.ac.be\/app\/uploads\/sites\/69\/2021\/11\/spintrack-30x23.jpg 30w, https:\/\/web.umons.ac.be\/app\/uploads\/sites\/69\/2021\/11\/spintrack-60x46.jpg 60w\" sizes=\"auto, (max-width: 280px) 100vw, 280px\" \/><\/p>\n","protected":false},"excerpt":{"rendered":"<p>Le service dispose des \u00e9quipements suivants. Pour toute collboration, n&rsquo;h\u00e9sitez pas \u00e0 nous contacter :\u00a0yves.gossuin@umons.ac.be Deux magn\u00e9tom\u00e8tres \u00e0 \u00e9chantillons vibrants. Le premier pour le travail de routine, travaillant \u00e0 temp\u00e9rature ambiante et \u00e0 un champ maximum de 1 T. Le second op\u00e9rant jusque 5T et de 1.7K \u00e0 300K. Il est possible d&rsquo;utiliser un four [&hellip;]<\/p>\n","protected":false},"author":4,"featured_media":0,"parent":0,"menu_order":0,"comment_status":"closed","ping_status":"closed","template":"","meta":{"footnotes":""},"class_list":["post-71","page","type-page","status-publish","hentry"],"yoast_head":"<!-- This site is optimized with the Yoast SEO plugin v27.2 - https:\/\/yoast.com\/product\/yoast-seo-wordpress\/ -->\n<title>Equipement - Service \/ FMPB - Physique Biom\u00e9dicale<\/title>\n<meta name=\"robots\" content=\"index, follow, max-snippet:-1, max-image-preview:large, max-video-preview:-1\" \/>\n<link rel=\"canonical\" href=\"https:\/\/web.umons.ac.be\/pebi\/equipement\/\" \/>\n<meta property=\"og:locale\" content=\"fr_FR\" \/>\n<meta property=\"og:type\" content=\"article\" \/>\n<meta property=\"og:title\" content=\"Equipement - Service \/ FMPB - Physique Biom\u00e9dicale\" \/>\n<meta property=\"og:description\" content=\"Le service dispose des \u00e9quipements suivants. Pour toute collboration, n&rsquo;h\u00e9sitez pas \u00e0 nous contacter :\u00a0yves.gossuin@umons.ac.be Deux magn\u00e9tom\u00e8tres \u00e0 \u00e9chantillons vibrants. Le premier pour le travail de routine, travaillant \u00e0 temp\u00e9rature ambiante et \u00e0 un champ maximum de 1 T. Le second op\u00e9rant jusque 5T et de 1.7K \u00e0 300K. Il est possible d&rsquo;utiliser un four [&hellip;]\" \/>\n<meta property=\"og:url\" content=\"https:\/\/web.umons.ac.be\/pebi\/equipement\/\" \/>\n<meta property=\"og:site_name\" content=\"Service \/ FMPB - Physique Biom\u00e9dicale\" \/>\n<meta property=\"article:modified_time\" content=\"2021-11-03T08:32:45+00:00\" \/>\n<meta property=\"og:image\" content=\"https:\/\/web.umons.ac.be\/app\/uploads\/sites\/69\/2021\/11\/vsm2-copie.jpg\" \/>\n<meta name=\"twitter:card\" content=\"summary_large_image\" \/>\n<meta name=\"twitter:label1\" content=\"Dur\u00e9e de lecture estim\u00e9e\" \/>\n\t<meta name=\"twitter:data1\" content=\"2 minutes\" \/>\n<script type=\"application\/ld+json\" class=\"yoast-schema-graph\">{\"@context\":\"https:\/\/schema.org\",\"@graph\":[{\"@type\":\"WebPage\",\"@id\":\"https:\/\/web.umons.ac.be\/pebi\/equipement\/\",\"url\":\"https:\/\/web.umons.ac.be\/pebi\/equipement\/\",\"name\":\"Equipement - Service \/ FMPB - Physique Biom\u00e9dicale\",\"isPartOf\":{\"@id\":\"https:\/\/web.umons.ac.be\/pebi\/#website\"},\"primaryImageOfPage\":{\"@id\":\"https:\/\/web.umons.ac.be\/pebi\/equipement\/#primaryimage\"},\"image\":{\"@id\":\"https:\/\/web.umons.ac.be\/pebi\/equipement\/#primaryimage\"},\"thumbnailUrl\":\"https:\/\/web.umons.ac.be\/app\/uploads\/sites\/69\/2021\/11\/vsm2-copie.jpg\",\"datePublished\":\"2021-11-03T08:32:23+00:00\",\"dateModified\":\"2021-11-03T08:32:45+00:00\",\"breadcrumb\":{\"@id\":\"https:\/\/web.umons.ac.be\/pebi\/equipement\/#breadcrumb\"},\"inLanguage\":\"fr-FR\",\"potentialAction\":[{\"@type\":\"ReadAction\",\"target\":[\"https:\/\/web.umons.ac.be\/pebi\/equipement\/\"]}]},{\"@type\":\"ImageObject\",\"inLanguage\":\"fr-FR\",\"@id\":\"https:\/\/web.umons.ac.be\/pebi\/equipement\/#primaryimage\",\"url\":\"https:\/\/web.umons.ac.be\/app\/uploads\/sites\/69\/2021\/11\/vsm2-copie.jpg\",\"contentUrl\":\"https:\/\/web.umons.ac.be\/app\/uploads\/sites\/69\/2021\/11\/vsm2-copie.jpg\"},{\"@type\":\"BreadcrumbList\",\"@id\":\"https:\/\/web.umons.ac.be\/pebi\/equipement\/#breadcrumb\",\"itemListElement\":[{\"@type\":\"ListItem\",\"position\":1,\"name\":\"Home\",\"item\":\"https:\/\/web.umons.ac.be\/pebi\/\"},{\"@type\":\"ListItem\",\"position\":2,\"name\":\"Equipement\"}]},{\"@type\":\"WebSite\",\"@id\":\"https:\/\/web.umons.ac.be\/pebi\/#website\",\"url\":\"https:\/\/web.umons.ac.be\/pebi\/\",\"name\":\"Service \/ FMPB - Physique Biom\u00e9dicale\",\"description\":\"\",\"potentialAction\":[{\"@type\":\"SearchAction\",\"target\":{\"@type\":\"EntryPoint\",\"urlTemplate\":\"https:\/\/web.umons.ac.be\/pebi\/?s={search_term_string}\"},\"query-input\":{\"@type\":\"PropertyValueSpecification\",\"valueRequired\":true,\"valueName\":\"search_term_string\"}}],\"inLanguage\":\"fr-FR\"}]}<\/script>\n<!-- \/ Yoast SEO plugin. -->","yoast_head_json":{"title":"Equipement - Service \/ FMPB - Physique Biom\u00e9dicale","robots":{"index":"index","follow":"follow","max-snippet":"max-snippet:-1","max-image-preview":"max-image-preview:large","max-video-preview":"max-video-preview:-1"},"canonical":"https:\/\/web.umons.ac.be\/pebi\/equipement\/","og_locale":"fr_FR","og_type":"article","og_title":"Equipement - Service \/ FMPB - Physique Biom\u00e9dicale","og_description":"Le service dispose des \u00e9quipements suivants. Pour toute collboration, n&rsquo;h\u00e9sitez pas \u00e0 nous contacter :\u00a0yves.gossuin@umons.ac.be Deux magn\u00e9tom\u00e8tres \u00e0 \u00e9chantillons vibrants. Le premier pour le travail de routine, travaillant \u00e0 temp\u00e9rature ambiante et \u00e0 un champ maximum de 1 T. Le second op\u00e9rant jusque 5T et de 1.7K \u00e0 300K. Il est possible d&rsquo;utiliser un four [&hellip;]","og_url":"https:\/\/web.umons.ac.be\/pebi\/equipement\/","og_site_name":"Service \/ FMPB - Physique Biom\u00e9dicale","article_modified_time":"2021-11-03T08:32:45+00:00","og_image":[{"url":"https:\/\/web.umons.ac.be\/app\/uploads\/sites\/69\/2021\/11\/vsm2-copie.jpg","type":"","width":"","height":""}],"twitter_card":"summary_large_image","twitter_misc":{"Dur\u00e9e de lecture estim\u00e9e":"2 minutes"},"schema":{"@context":"https:\/\/schema.org","@graph":[{"@type":"WebPage","@id":"https:\/\/web.umons.ac.be\/pebi\/equipement\/","url":"https:\/\/web.umons.ac.be\/pebi\/equipement\/","name":"Equipement - Service \/ FMPB - Physique Biom\u00e9dicale","isPartOf":{"@id":"https:\/\/web.umons.ac.be\/pebi\/#website"},"primaryImageOfPage":{"@id":"https:\/\/web.umons.ac.be\/pebi\/equipement\/#primaryimage"},"image":{"@id":"https:\/\/web.umons.ac.be\/pebi\/equipement\/#primaryimage"},"thumbnailUrl":"https:\/\/web.umons.ac.be\/app\/uploads\/sites\/69\/2021\/11\/vsm2-copie.jpg","datePublished":"2021-11-03T08:32:23+00:00","dateModified":"2021-11-03T08:32:45+00:00","breadcrumb":{"@id":"https:\/\/web.umons.ac.be\/pebi\/equipement\/#breadcrumb"},"inLanguage":"fr-FR","potentialAction":[{"@type":"ReadAction","target":["https:\/\/web.umons.ac.be\/pebi\/equipement\/"]}]},{"@type":"ImageObject","inLanguage":"fr-FR","@id":"https:\/\/web.umons.ac.be\/pebi\/equipement\/#primaryimage","url":"https:\/\/web.umons.ac.be\/app\/uploads\/sites\/69\/2021\/11\/vsm2-copie.jpg","contentUrl":"https:\/\/web.umons.ac.be\/app\/uploads\/sites\/69\/2021\/11\/vsm2-copie.jpg"},{"@type":"BreadcrumbList","@id":"https:\/\/web.umons.ac.be\/pebi\/equipement\/#breadcrumb","itemListElement":[{"@type":"ListItem","position":1,"name":"Home","item":"https:\/\/web.umons.ac.be\/pebi\/"},{"@type":"ListItem","position":2,"name":"Equipement"}]},{"@type":"WebSite","@id":"https:\/\/web.umons.ac.be\/pebi\/#website","url":"https:\/\/web.umons.ac.be\/pebi\/","name":"Service \/ FMPB - Physique Biom\u00e9dicale","description":"","potentialAction":[{"@type":"SearchAction","target":{"@type":"EntryPoint","urlTemplate":"https:\/\/web.umons.ac.be\/pebi\/?s={search_term_string}"},"query-input":{"@type":"PropertyValueSpecification","valueRequired":true,"valueName":"search_term_string"}}],"inLanguage":"fr-FR"}]}},"lang":"fr","translations":{"fr":71},"pll_sync_post":[],"_links":{"self":[{"href":"https:\/\/web.umons.ac.be\/pebi\/wp-json\/wp\/v2\/pages\/71","targetHints":{"allow":["GET"]}}],"collection":[{"href":"https:\/\/web.umons.ac.be\/pebi\/wp-json\/wp\/v2\/pages"}],"about":[{"href":"https:\/\/web.umons.ac.be\/pebi\/wp-json\/wp\/v2\/types\/page"}],"author":[{"embeddable":true,"href":"https:\/\/web.umons.ac.be\/pebi\/wp-json\/wp\/v2\/users\/4"}],"replies":[{"embeddable":true,"href":"https:\/\/web.umons.ac.be\/pebi\/wp-json\/wp\/v2\/comments?post=71"}],"version-history":[{"count":2,"href":"https:\/\/web.umons.ac.be\/pebi\/wp-json\/wp\/v2\/pages\/71\/revisions"}],"predecessor-version":[{"id":76,"href":"https:\/\/web.umons.ac.be\/pebi\/wp-json\/wp\/v2\/pages\/71\/revisions\/76"}],"wp:attachment":[{"href":"https:\/\/web.umons.ac.be\/pebi\/wp-json\/wp\/v2\/media?parent=71"}],"curies":[{"name":"wp","href":"https:\/\/api.w.org\/{rel}","templated":true}]}}