{"id":15,"date":"2021-11-05T12:56:27","date_gmt":"2021-11-05T11:56:27","guid":{"rendered":"https:\/\/web.umons.ac.be\/phys\/activites-de-recherche\/"},"modified":"2021-12-07T15:06:18","modified_gmt":"2021-12-07T14:06:18","slug":"activites-de-recherche","status":"publish","type":"page","link":"https:\/\/web.umons.ac.be\/phys\/activites-de-recherche\/","title":{"rendered":"Activit\u00e9s de recherche"},"content":{"rendered":"<div id=\"content\">\n<div class=\"title\">\n<p>Laboratoire de recherche et d\u2019expertise en acoustique environnementale et du b\u00e2timent, agr\u00e9\u00e9 par la R\u00e9gion wallonne dans le cadre de la lutte contre le bruit (cat\u00e9gories 1 \u00e0 4)<\/p>\n<div id=\"content\">\n<div class=\"title\">Notre \u00e9quipe pluridisciplinaire se tient \u00e0 votre disposition pour toute demande en mati\u00e8re de mesure et de ma\u00eetrise du bruit dans l\u00b4environnement et l\u00b4habitat, de v\u00e9rification de mat\u00e9riels de mesures acoustiques, de mesures en chambre sourde, et de formation de personnels.<\/div>\n<p>Notre agr\u00e9ment de la r\u00e9gion wallonne porte sur :<\/p>\n<ul>\n<li>les mesures sonom\u00e9triques de contr\u00f4le destin\u00e9es \u00e0 \u00e9valuer le respect des l\u00e9gislations, conditions g\u00e9n\u00e9rales, sectorielles, int\u00e9grales, particuli\u00e8res ou compl\u00e9mentaires qui sont impos\u00e9es par un permis d\u00b4environnement, un permis unique, une d\u00e9claration ou tout autre autorisation, enregistrement ou permission, sans mod\u00e9lisation acoustique.<\/li>\n<li>les \u00e9tudes acoustiques r\u00e9alis\u00e9es dans le cadre :\n<ul>\n<li>d\u00b4\u00e9tudes destin\u00e9es \u00e0 \u00e9valuer le respect des l\u00e9gislations, conditions g\u00e9n\u00e9rales, sectorielles, int\u00e9grales, particuli\u00e8res ou compl\u00e9mentaires qui sont impos\u00e9es par un permis d\u00b4environnement, un permis unique, une d\u00e9claration ou tout autre autorisation, enregistrement ou permission, et impliquant une mod\u00e9lisation acoustique ;<\/li>\n<li>d\u00b4\u00e9tudes technico-\u00e9conomiques vis\u00e9es \u00e0 l\u00b4article 26 de l\u00b4arr\u00eat\u00e9 du Gouvernement wallon du 04 juillet 2002 fixant les conditions g\u00e9n\u00e9rales d\u00b4exploitation des \u00e9tablissements vis\u00e9s par le d\u00e9cret du 11 mars 1999 relatif au permis d\u00b4environnement ;<\/li>\n<li>d\u00b4une \u00e9tude d\u00b4incidences sur l\u00b4environnement.<\/li>\n<\/ul>\n<\/li>\n<li>les \u00e9tudes acoustiques r\u00e9alis\u00e9es dans le cadre de cartographies acoustiques et plans d\u00b4action r\u00e9alis\u00e9s dans le cadre de l\u00b4arr\u00eat\u00e9 du Gouvernement wallon du 13 mai 2004 relatif \u00e0 l\u00b4\u00e9valuation et \u00e0 la gestion du bruit dans l\u00b4environnement.<\/li>\n<li>la v\u00e9rification et le contr\u00f4le des sonom\u00e8tres et appareils de mesures acoustiques \u00e0 l\u00b4exclusion de la v\u00e9rification et du contr\u00f4le pr\u00e9alable \u00e0 la mise sur le march\u00e9.<\/li>\n<\/ul>\n<\/div>\n<\/div>\n<\/div>\n<hr \/>\n<p>Notre service est, par ailleurs rattach\u00e9 \u00e0 un institut de recherche de l\u2019UMONS :<\/p>\n<start-cask-shortcode-wrapper>\t\t<div class=\"associated-institutes content-block scheme-fpms\">\n\t\t\t<ul class=\"institutes-list\">\n\t\t\t\t\t\t\t\t\t\t<li>\n\t\t\t\t\t\t\t<a href=\"https:\/\/web.umons.ac.be\/energie\" title=\"Acc\u00e9der au site web de : Institut \/ \u00c9nergie\" class=\"associated-institute\">\n\t\t\t\t\t\t\t\t<img loading=\"lazy\" decoding=\"async\" width=\"1\" height=\"1\" src=\"https:\/\/web.umons.ac.be\/app\/uploads\/sites\/32\/2017\/11\/energie_logo_fr.svg\" class=\"attachment-thumbnail size-thumbnail\" alt=\"\" \/>\t\t\t\t\t\t\t<\/a>\t\t\t\n\t\t\t\t\t\t<\/li>\n\t\t\t\t\t\t\t\t\t\t<li>\n\t\t\t\t\t\t\t<a href=\"https:\/\/web.umons.ac.be\/materiaux\" title=\"Acc\u00e9der au site web de : Institut \/ Mat\u00e9riaux\" class=\"associated-institute\">\n\t\t\t\t\t\t\t\t<img loading=\"lazy\" decoding=\"async\" width=\"1\" height=\"1\" src=\"https:\/\/web.umons.ac.be\/app\/uploads\/sites\/38\/2017\/12\/materiaux_logo_fr.svg\" class=\"attachment-thumbnail size-thumbnail\" alt=\"\" \/>\t\t\t\t\t\t\t<\/a>\t\t\t\n\t\t\t\t\t\t<\/li>\n\t\t\t\t\t\t\t\t\t\t<li>\n\t\t\t\t\t\t\t<a href=\"https:\/\/web.umons.ac.be\/risques\" title=\"Acc\u00e9der au site web de : Institut \/ Risques\" class=\"associated-institute\">\n\t\t\t\t\t\t\t\t<img loading=\"lazy\" decoding=\"async\" width=\"1\" height=\"1\" src=\"https:\/\/web.umons.ac.be\/app\/uploads\/sites\/36\/2017\/12\/risques_logo_fr.svg\" class=\"attachment-thumbnail size-thumbnail\" alt=\"\" \/>\t\t\t\t\t\t\t<\/a>\t\t\t\n\t\t\t\t\t\t<\/li>\n\t\t\t\t\t\t\t<\/ul>\n\t\t<\/div>\n <end-cask-shortcode-wrapper>\n","protected":false},"excerpt":{"rendered":"<p>Laboratoire de recherche et d\u2019expertise en acoustique environnementale et du b\u00e2timent, agr\u00e9\u00e9 par la R\u00e9gion wallonne dans le cadre de la lutte contre le bruit (cat\u00e9gories 1 \u00e0 4) Notre \u00e9quipe pluridisciplinaire se tient \u00e0 votre disposition pour toute demande en mati\u00e8re de mesure et de ma\u00eetrise du bruit dans l\u00b4environnement et l\u00b4habitat, de v\u00e9rification [&hellip;]<\/p>\n","protected":false},"author":4,"featured_media":0,"parent":0,"menu_order":0,"comment_status":"closed","ping_status":"closed","template":"","meta":{"footnotes":""},"class_list":["post-15","page","type-page","status-publish","hentry"],"yoast_head":"<!-- This site is optimized with the Yoast SEO plugin v27.2 - https:\/\/yoast.com\/product\/yoast-seo-wordpress\/ -->\n<title>Activit\u00e9s de recherche - Service \/ FPMS - Physique G\u00e9n\u00e9rale<\/title>\n<meta name=\"robots\" content=\"index, follow, max-snippet:-1, max-image-preview:large, max-video-preview:-1\" \/>\n<link rel=\"canonical\" href=\"https:\/\/web.umons.ac.be\/phys\/activites-de-recherche\/\" \/>\n<meta property=\"og:locale\" content=\"fr_FR\" \/>\n<meta property=\"og:type\" content=\"article\" \/>\n<meta property=\"og:title\" content=\"Activit\u00e9s de recherche - Service \/ FPMS - Physique G\u00e9n\u00e9rale\" \/>\n<meta property=\"og:description\" content=\"Laboratoire de recherche et d\u2019expertise en acoustique environnementale et du b\u00e2timent, agr\u00e9\u00e9 par la R\u00e9gion wallonne dans le cadre de la lutte contre le bruit (cat\u00e9gories 1 \u00e0 4) Notre \u00e9quipe pluridisciplinaire se tient \u00e0 votre disposition pour toute demande en mati\u00e8re de mesure et de ma\u00eetrise du bruit dans l\u00b4environnement et l\u00b4habitat, de v\u00e9rification [&hellip;]\" \/>\n<meta property=\"og:url\" content=\"https:\/\/web.umons.ac.be\/phys\/activites-de-recherche\/\" \/>\n<meta property=\"og:site_name\" content=\"Service \/ FPMS - Physique G\u00e9n\u00e9rale\" \/>\n<meta property=\"article:modified_time\" content=\"2021-12-07T14:06:18+00:00\" \/>\n<meta name=\"twitter:card\" content=\"summary_large_image\" \/>\n<meta name=\"twitter:label1\" content=\"Dur\u00e9e de lecture estim\u00e9e\" \/>\n\t<meta name=\"twitter:data1\" content=\"1 minute\" \/>\n<script type=\"application\/ld+json\" class=\"yoast-schema-graph\">{\"@context\":\"https:\/\/schema.org\",\"@graph\":[{\"@type\":\"WebPage\",\"@id\":\"https:\/\/web.umons.ac.be\/phys\/activites-de-recherche\/\",\"url\":\"https:\/\/web.umons.ac.be\/phys\/activites-de-recherche\/\",\"name\":\"Activit\u00e9s de recherche - Service \/ FPMS - Physique G\u00e9n\u00e9rale\",\"isPartOf\":{\"@id\":\"https:\/\/web.umons.ac.be\/phys\/#website\"},\"datePublished\":\"2021-11-05T11:56:27+00:00\",\"dateModified\":\"2021-12-07T14:06:18+00:00\",\"breadcrumb\":{\"@id\":\"https:\/\/web.umons.ac.be\/phys\/activites-de-recherche\/#breadcrumb\"},\"inLanguage\":\"fr-FR\",\"potentialAction\":[{\"@type\":\"ReadAction\",\"target\":[\"https:\/\/web.umons.ac.be\/phys\/activites-de-recherche\/\"]}]},{\"@type\":\"BreadcrumbList\",\"@id\":\"https:\/\/web.umons.ac.be\/phys\/activites-de-recherche\/#breadcrumb\",\"itemListElement\":[{\"@type\":\"ListItem\",\"position\":1,\"name\":\"Home\",\"item\":\"https:\/\/web.umons.ac.be\/phys\/\"},{\"@type\":\"ListItem\",\"position\":2,\"name\":\"Activit\u00e9s de recherche\"}]},{\"@type\":\"WebSite\",\"@id\":\"https:\/\/web.umons.ac.be\/phys\/#website\",\"url\":\"https:\/\/web.umons.ac.be\/phys\/\",\"name\":\"Service \/ FPMS - Physique G\u00e9n\u00e9rale\",\"description\":\"\",\"potentialAction\":[{\"@type\":\"SearchAction\",\"target\":{\"@type\":\"EntryPoint\",\"urlTemplate\":\"https:\/\/web.umons.ac.be\/phys\/?s={search_term_string}\"},\"query-input\":{\"@type\":\"PropertyValueSpecification\",\"valueRequired\":true,\"valueName\":\"search_term_string\"}}],\"inLanguage\":\"fr-FR\"}]}<\/script>\n<!-- \/ Yoast SEO plugin. -->","yoast_head_json":{"title":"Activit\u00e9s de recherche - Service \/ FPMS - Physique G\u00e9n\u00e9rale","robots":{"index":"index","follow":"follow","max-snippet":"max-snippet:-1","max-image-preview":"max-image-preview:large","max-video-preview":"max-video-preview:-1"},"canonical":"https:\/\/web.umons.ac.be\/phys\/activites-de-recherche\/","og_locale":"fr_FR","og_type":"article","og_title":"Activit\u00e9s de recherche - Service \/ FPMS - Physique G\u00e9n\u00e9rale","og_description":"Laboratoire de recherche et d\u2019expertise en acoustique environnementale et du b\u00e2timent, agr\u00e9\u00e9 par la R\u00e9gion wallonne dans le cadre de la lutte contre le bruit (cat\u00e9gories 1 \u00e0 4) Notre \u00e9quipe pluridisciplinaire se tient \u00e0 votre disposition pour toute demande en mati\u00e8re de mesure et de ma\u00eetrise du bruit dans l\u00b4environnement et l\u00b4habitat, de v\u00e9rification [&hellip;]","og_url":"https:\/\/web.umons.ac.be\/phys\/activites-de-recherche\/","og_site_name":"Service \/ FPMS - Physique G\u00e9n\u00e9rale","article_modified_time":"2021-12-07T14:06:18+00:00","twitter_card":"summary_large_image","twitter_misc":{"Dur\u00e9e de lecture estim\u00e9e":"1 minute"},"schema":{"@context":"https:\/\/schema.org","@graph":[{"@type":"WebPage","@id":"https:\/\/web.umons.ac.be\/phys\/activites-de-recherche\/","url":"https:\/\/web.umons.ac.be\/phys\/activites-de-recherche\/","name":"Activit\u00e9s de recherche - Service \/ FPMS - Physique G\u00e9n\u00e9rale","isPartOf":{"@id":"https:\/\/web.umons.ac.be\/phys\/#website"},"datePublished":"2021-11-05T11:56:27+00:00","dateModified":"2021-12-07T14:06:18+00:00","breadcrumb":{"@id":"https:\/\/web.umons.ac.be\/phys\/activites-de-recherche\/#breadcrumb"},"inLanguage":"fr-FR","potentialAction":[{"@type":"ReadAction","target":["https:\/\/web.umons.ac.be\/phys\/activites-de-recherche\/"]}]},{"@type":"BreadcrumbList","@id":"https:\/\/web.umons.ac.be\/phys\/activites-de-recherche\/#breadcrumb","itemListElement":[{"@type":"ListItem","position":1,"name":"Home","item":"https:\/\/web.umons.ac.be\/phys\/"},{"@type":"ListItem","position":2,"name":"Activit\u00e9s de recherche"}]},{"@type":"WebSite","@id":"https:\/\/web.umons.ac.be\/phys\/#website","url":"https:\/\/web.umons.ac.be\/phys\/","name":"Service \/ FPMS - Physique G\u00e9n\u00e9rale","description":"","potentialAction":[{"@type":"SearchAction","target":{"@type":"EntryPoint","urlTemplate":"https:\/\/web.umons.ac.be\/phys\/?s={search_term_string}"},"query-input":{"@type":"PropertyValueSpecification","valueRequired":true,"valueName":"search_term_string"}}],"inLanguage":"fr-FR"}]}},"lang":"fr","translations":{"fr":15,"en":17},"pll_sync_post":[],"_links":{"self":[{"href":"https:\/\/web.umons.ac.be\/phys\/wp-json\/wp\/v2\/pages\/15","targetHints":{"allow":["GET"]}}],"collection":[{"href":"https:\/\/web.umons.ac.be\/phys\/wp-json\/wp\/v2\/pages"}],"about":[{"href":"https:\/\/web.umons.ac.be\/phys\/wp-json\/wp\/v2\/types\/page"}],"author":[{"embeddable":true,"href":"https:\/\/web.umons.ac.be\/phys\/wp-json\/wp\/v2\/users\/4"}],"replies":[{"embeddable":true,"href":"https:\/\/web.umons.ac.be\/phys\/wp-json\/wp\/v2\/comments?post=15"}],"version-history":[{"count":3,"href":"https:\/\/web.umons.ac.be\/phys\/wp-json\/wp\/v2\/pages\/15\/revisions"}],"predecessor-version":[{"id":56,"href":"https:\/\/web.umons.ac.be\/phys\/wp-json\/wp\/v2\/pages\/15\/revisions\/56"}],"wp:attachment":[{"href":"https:\/\/web.umons.ac.be\/phys\/wp-json\/wp\/v2\/media?parent=15"}],"curies":[{"name":"wp","href":"https:\/\/api.w.org\/{rel}","templated":true}]}}