{"id":34,"date":"2021-11-05T12:56:31","date_gmt":"2021-11-05T11:56:31","guid":{"rendered":"https:\/\/web.umons.ac.be\/phys\/privacy-policy\/"},"modified":"2021-11-05T12:56:31","modified_gmt":"2021-11-05T11:56:31","slug":"privacy-policy","status":"publish","type":"page","link":"https:\/\/web.umons.ac.be\/phys\/en\/privacy-policy\/","title":{"rendered":"Privacy policy"},"content":{"rendered":"<start-cask-shortcode-wrapper><div class=\"privacy-page-content\">\n    <h2>Informations l\u00e9gales<\/h2>\n<p><strong>Universit\u00e9 de Mons (UMONS)<\/strong><br \/>\n20 place du Parc<br \/>\n7000 Mons, Belgique<br \/>\nT\u00e9l\u00a0: +32 (0) 65 37 30 01<br \/>\nN\u00b0 TVA\u00a0:\u00a0 BE 0850.123.935<\/p>\n<p><strong>Statut l\u00e9gal\u00a0<\/strong>: Universit\u00e9 Publique<br \/>\nLoi du 5 juillet 1920 (modifi\u00e9e notamment par les lois du 9 avril 1965 et 28 mai 1971)<\/p>\n<p><strong>Repr\u00e9sentant l\u00e9gal<\/strong>\u00a0: Le Recteur de l\u2019Universit\u00e9<\/p>\n<h2>Propri\u00e9t\u00e9 intellectuelle<\/h2>\n<p>Ce site (sa structure g\u00e9n\u00e9rale, ainsi que les textes, photographies, vid\u00e9os et sons qu\u2019il contient) est la propri\u00e9t\u00e9 exclusive de l\u2019UMONS.<\/p>\n<p>Toute reproduction totale ou partielle de ce site ou de son contenu, par quelque proc\u00e9d\u00e9 que ce soit, sans autorisation pr\u00e9alable et expresse de l\u2019 UMONS et\/ou de la personne identifi\u00e9e sur le site et qui serait titulaire du droit \u00e0 l\u2019image) est interdite.<\/p>\n<p>La marque UMONS est d\u00e9pos\u00e9e. Toute reproduction totale ou partielle de cette marque, ou du logo UMONS, sans autorisation expresse et pr\u00e9alable est prohib\u00e9e.<\/p>\n<h6>Toute demande d\u2019utilisation d\u2019extraits du site ou du logo, ainsi que toute demande de requ\u00e9rir un lien hypertexte doit \u00eatre adress\u00e9e \u00e0\u00a0:<\/h6>\n<p><strong>Val\u00e9ry SAINTGHISLAIN<\/strong><br \/>\nUniversit\u00e9 de Mons<br \/>\nDirection de la Communication et des Relations Publiques<br \/>\nRue du Rossignol 1<br \/>\n7000 Mons<br \/>\n+32(0)65\/37.30.81<br \/>\n<a href=\"mailto:valery.SAINTGHISLAIN@umons.ac.be\">valery.SAINTGHISLAIN@umons.ac.be\u00a0\u00a0\u00a0<\/a><\/p>\n<h2>Responsabilit\u00e9<\/h2>\n<p>Le site internet de l\u2019UMONS est un outil d\u2019information. L\u2019Universit\u00e9 met tous les moyens n\u00e9cessaires pour que les informations qu\u2019il contient soient exactes et mises \u00e0 jour le plus r\u00e9guli\u00e8rement possible.<\/p>\n<p>L\u2019 UMONS n\u2019est cependant pas responsable en cas d\u2019information erron\u00e9e.<\/p>\n<p>L\u2019 UMONS n\u2019est pas responsable en cas d\u2019interruption de service ou de probl\u00e8me technique.<\/p>\n<p>Seul l\u2019usager est responsable de l\u2019utilisation qu\u2019il fait du site.<\/p>\n<p>Lorsqu\u2019 est mentionn\u00e9 sur notre site un lien vers un site ext\u00e9rieur, l\u2019 UMONS ne peut \u00eatre tenue responsable du contenu de ce site.<\/p>\n<h6>Toute r\u00e9action sur le contenu du site peut \u00eatre adress\u00e9e \u00e0\u00a0:<\/h6>\n<p><strong>Val\u00e9ry SAINTGHISLAIN<\/strong><br \/>\nUniversit\u00e9 de Mons<br \/>\nDirection de la Communication et des Relations Publiques<br \/>\nRue du Rossignol 1<br \/>\n7000 Mons<br \/>\n+32(0)65\/37.30.81<br \/>\n<a href=\"mailto:valery.SAINTGHISLAIN@umons.ac.be\">valery.SAINTGHISLAIN@umons.ac.be\u00a0<\/a><\/p>\n<h2><a id=\"vieprivee\"><\/a>Vie priv\u00e9e-charte<\/h2>\n<p>L\u2019UMONS s\u2019engage \u00e0 respecter le R\u00e8glement (UE) 2016\/679 du Parlement europ\u00e9en et du Conseil du 27 avril 2016 relatif \u00e0 la protection des personnes physiques \u00e0 l\u2019\u00e9gard du traitement des donn\u00e9es \u00e0 caract\u00e8re personnel et \u00e0 la libre circulation de ces donn\u00e9es.<\/p>\n<p>Les donn\u00e9es personnelles ne sont r\u00e9colt\u00e9es sur le site que dans le cadre de la bonne gestion de ce dernier et pour donner suite aux demandes des usagers. Les donn\u00e9es collect\u00e9es ne sont jamais c\u00e9d\u00e9es \u00e0 des tiers.<\/p>\n<p>Lien vers la Charte informatique de l\u2019Universit\u00e9<\/p>\n<div class=\"file-attachment\">\n<p><a href=\"https:\/\/web.umons.ac.be\/app\/uploads\/2019\/12\/Charte-Vie-priv\u00e9e-UMONS-20190605.pdf\">Charte Vie priv\u00e9e UMONS 20190605<\/a><\/p>\n<\/div>\n<p>&nbsp;<\/p>\n<h6>Pour toute question relative \u00e0 la vie priv\u00e9e et la protection des donn\u00e9es\u00a0:<\/h6>\n<p><strong>G. SCHIFFINO<\/strong> (DPO)<br \/>\nDirection G\u00e9n\u00e9rale du Recteur et de l\u2019Administrateur- Service juridique<br \/>\n23, Place du Parc<br \/>\nT\u00e9l\u00a0: 065 37 37 02<br \/>\n<a href=\"mailto:dpo@umons.ac.be\">dpo@umons.ac.be<\/a><\/p>\n<h2>Vous pourrez trouver plus d&rsquo;informations sur vos droits et choix dans le cadre du RGPD derri\u00e8re ces liens.<\/h2>\n<ul>\n<li><a href=\"https:\/\/web.umons.ac.be\/conditions-generales-dutilisation\/\">Conditions g\u00e9n\u00e9rales d&rsquo;utilisation<\/a><\/li>\n<li><a href=\"https:\/\/web.umons.ac.be\/politique-de-confidentialite\/\">Politique de confidentialit\u00e9<\/a><\/li>\n<li><a href=\"https:\/\/web.umons.ac.be\/fr\/utilisation-des-cookies-sur-notre-site\/\">Utilisation des cookies sur notre site<\/a><\/li>\n<\/ul>\n<\/div><end-cask-shortcode-wrapper>\n","protected":false},"excerpt":{"rendered":"","protected":false},"author":4,"featured_media":0,"parent":0,"menu_order":0,"comment_status":"closed","ping_status":"closed","template":"","meta":{"footnotes":""},"class_list":["post-34","page","type-page","status-publish","hentry"],"yoast_head":"<!-- This site is optimized with the Yoast SEO plugin v27.2 - https:\/\/yoast.com\/product\/yoast-seo-wordpress\/ -->\n<title>Privacy policy - Service \/ FPMS - Physique G\u00e9n\u00e9rale<\/title>\n<meta name=\"robots\" content=\"index, follow, max-snippet:-1, max-image-preview:large, max-video-preview:-1\" \/>\n<link rel=\"canonical\" href=\"https:\/\/web.umons.ac.be\/phys\/en\/privacy-policy\/\" \/>\n<meta property=\"og:locale\" content=\"fr_FR\" \/>\n<meta property=\"og:type\" content=\"article\" \/>\n<meta property=\"og:title\" content=\"Privacy policy - Service \/ FPMS - Physique G\u00e9n\u00e9rale\" \/>\n<meta property=\"og:url\" content=\"https:\/\/web.umons.ac.be\/phys\/en\/privacy-policy\/\" \/>\n<meta property=\"og:site_name\" content=\"Service \/ FPMS - Physique G\u00e9n\u00e9rale\" \/>\n<meta name=\"twitter:card\" content=\"summary_large_image\" \/>\n<script type=\"application\/ld+json\" class=\"yoast-schema-graph\">{\"@context\":\"https:\/\/schema.org\",\"@graph\":[{\"@type\":\"WebPage\",\"@id\":\"https:\/\/web.umons.ac.be\/phys\/en\/privacy-policy\/\",\"url\":\"https:\/\/web.umons.ac.be\/phys\/en\/privacy-policy\/\",\"name\":\"Privacy policy - Service \/ FPMS - Physique G\u00e9n\u00e9rale\",\"isPartOf\":{\"@id\":\"https:\/\/web.umons.ac.be\/phys\/#website\"},\"datePublished\":\"2021-11-05T11:56:31+00:00\",\"breadcrumb\":{\"@id\":\"https:\/\/web.umons.ac.be\/phys\/en\/privacy-policy\/#breadcrumb\"},\"inLanguage\":\"fr-FR\",\"potentialAction\":[{\"@type\":\"ReadAction\",\"target\":[\"https:\/\/web.umons.ac.be\/phys\/en\/privacy-policy\/\"]}]},{\"@type\":\"BreadcrumbList\",\"@id\":\"https:\/\/web.umons.ac.be\/phys\/en\/privacy-policy\/#breadcrumb\",\"itemListElement\":[{\"@type\":\"ListItem\",\"position\":1,\"name\":\"Home\",\"item\":\"https:\/\/web.umons.ac.be\/phys\/\"},{\"@type\":\"ListItem\",\"position\":2,\"name\":\"Privacy policy\"}]},{\"@type\":\"WebSite\",\"@id\":\"https:\/\/web.umons.ac.be\/phys\/#website\",\"url\":\"https:\/\/web.umons.ac.be\/phys\/\",\"name\":\"Service \/ FPMS - Physique G\u00e9n\u00e9rale\",\"description\":\"\",\"potentialAction\":[{\"@type\":\"SearchAction\",\"target\":{\"@type\":\"EntryPoint\",\"urlTemplate\":\"https:\/\/web.umons.ac.be\/phys\/?s={search_term_string}\"},\"query-input\":{\"@type\":\"PropertyValueSpecification\",\"valueRequired\":true,\"valueName\":\"search_term_string\"}}],\"inLanguage\":\"fr-FR\"}]}<\/script>\n<!-- \/ Yoast SEO plugin. -->","yoast_head_json":{"title":"Privacy policy - Service \/ FPMS - Physique G\u00e9n\u00e9rale","robots":{"index":"index","follow":"follow","max-snippet":"max-snippet:-1","max-image-preview":"max-image-preview:large","max-video-preview":"max-video-preview:-1"},"canonical":"https:\/\/web.umons.ac.be\/phys\/en\/privacy-policy\/","og_locale":"fr_FR","og_type":"article","og_title":"Privacy policy - Service \/ FPMS - Physique G\u00e9n\u00e9rale","og_url":"https:\/\/web.umons.ac.be\/phys\/en\/privacy-policy\/","og_site_name":"Service \/ FPMS - Physique G\u00e9n\u00e9rale","twitter_card":"summary_large_image","schema":{"@context":"https:\/\/schema.org","@graph":[{"@type":"WebPage","@id":"https:\/\/web.umons.ac.be\/phys\/en\/privacy-policy\/","url":"https:\/\/web.umons.ac.be\/phys\/en\/privacy-policy\/","name":"Privacy policy - Service \/ FPMS - Physique G\u00e9n\u00e9rale","isPartOf":{"@id":"https:\/\/web.umons.ac.be\/phys\/#website"},"datePublished":"2021-11-05T11:56:31+00:00","breadcrumb":{"@id":"https:\/\/web.umons.ac.be\/phys\/en\/privacy-policy\/#breadcrumb"},"inLanguage":"fr-FR","potentialAction":[{"@type":"ReadAction","target":["https:\/\/web.umons.ac.be\/phys\/en\/privacy-policy\/"]}]},{"@type":"BreadcrumbList","@id":"https:\/\/web.umons.ac.be\/phys\/en\/privacy-policy\/#breadcrumb","itemListElement":[{"@type":"ListItem","position":1,"name":"Home","item":"https:\/\/web.umons.ac.be\/phys\/"},{"@type":"ListItem","position":2,"name":"Privacy policy"}]},{"@type":"WebSite","@id":"https:\/\/web.umons.ac.be\/phys\/#website","url":"https:\/\/web.umons.ac.be\/phys\/","name":"Service \/ FPMS - Physique G\u00e9n\u00e9rale","description":"","potentialAction":[{"@type":"SearchAction","target":{"@type":"EntryPoint","urlTemplate":"https:\/\/web.umons.ac.be\/phys\/?s={search_term_string}"},"query-input":{"@type":"PropertyValueSpecification","valueRequired":true,"valueName":"search_term_string"}}],"inLanguage":"fr-FR"}]}},"lang":"en","translations":{"en":34,"fr":33},"pll_sync_post":[],"_links":{"self":[{"href":"https:\/\/web.umons.ac.be\/phys\/wp-json\/wp\/v2\/pages\/34","targetHints":{"allow":["GET"]}}],"collection":[{"href":"https:\/\/web.umons.ac.be\/phys\/wp-json\/wp\/v2\/pages"}],"about":[{"href":"https:\/\/web.umons.ac.be\/phys\/wp-json\/wp\/v2\/types\/page"}],"author":[{"embeddable":true,"href":"https:\/\/web.umons.ac.be\/phys\/wp-json\/wp\/v2\/users\/4"}],"replies":[{"embeddable":true,"href":"https:\/\/web.umons.ac.be\/phys\/wp-json\/wp\/v2\/comments?post=34"}],"version-history":[{"count":0,"href":"https:\/\/web.umons.ac.be\/phys\/wp-json\/wp\/v2\/pages\/34\/revisions"}],"wp:attachment":[{"href":"https:\/\/web.umons.ac.be\/phys\/wp-json\/wp\/v2\/media?parent=34"}],"curies":[{"name":"wp","href":"https:\/\/api.w.org\/{rel}","templated":true}]}}