{"id":66,"date":"2023-11-14T13:52:23","date_gmt":"2023-11-14T12:52:23","guid":{"rendered":"https:\/\/web.umons.ac.be\/pme\/?page_id=66"},"modified":"2023-11-14T13:52:51","modified_gmt":"2023-11-14T12:52:51","slug":"activites-de-recherche","status":"publish","type":"page","link":"https:\/\/web.umons.ac.be\/pme\/fr\/activites-de-recherche\/","title":{"rendered":"Activit\u00e9s de recherche"},"content":{"rendered":"<p><strong>Les axes de recherche du service <\/strong><\/p>\n<ul>\n<li>les membres du service ont acquis et d\u00e9velopp\u00e9 une expertise autour de la formation enseignante par leurs recherches dans le d\u00e9veloppement de la r\u00e9flexivit\u00e9 ainsi que dans l\u2019accompagnement et l\u2019\u00e9valuation des stages en enseignement ;<\/li>\n<li>dans le cadre d\u2019une recherche doctorale, la question de la place de la recherche en \u00e9ducation dans la formation initiale des enseignants est investigu\u00e9e, et plus particuli\u00e8rement \u00e0 travers les repr\u00e9sentations qu\u2019en ont les \u00e9tudiants du master en enseignement. Cette recherche s\u2019int\u00e9resse \u00e9galement \u00e0 la mobilisation de la recherche en tant que ressource pour les (futurs) enseignants\u00a0;<\/li>\n<li>une autre probl\u00e9matique \u00e9galement investigu\u00e9e dans le cadre d\u2019une recherche doctorale, concerne l\u2019impact de la r\u00e9forme de la formation enseignante sur le m\u00e9tier d\u2019enseignant. Plus pr\u00e9cis\u00e9ment, nous questionnons dans quelle mesure la red\u00e9finition de la fonction enseignante dans un contexte de nouvelle gestion publique marqu\u00e9 par la responsabilisation et la reddition de comptes, influe sur les pratiques et sur l\u2019identit\u00e9 enseignante.<\/li>\n<\/ul>\n","protected":false},"excerpt":{"rendered":"<p>Les axes de recherche du service les membres du service ont acquis et d\u00e9velopp\u00e9 une expertise autour de la formation enseignante par leurs recherches dans le d\u00e9veloppement de la r\u00e9flexivit\u00e9 ainsi que dans l\u2019accompagnement et l\u2019\u00e9valuation des stages en enseignement ; dans le cadre d\u2019une recherche doctorale, la question de la place de la recherche [&hellip;]<\/p>\n","protected":false},"author":4,"featured_media":0,"parent":0,"menu_order":0,"comment_status":"closed","ping_status":"closed","template":"","meta":{"footnotes":""},"class_list":["post-66","page","type-page","status-publish","hentry"],"yoast_head":"<!-- This site is optimized with the Yoast SEO plugin v27.2 - https:\/\/yoast.com\/product\/yoast-seo-wordpress\/ -->\n<title>Activit\u00e9s de recherche - Service \/ EFE - P\u00e9dagogie et M\u00e9thodologie de l\u2019Enseignement<\/title>\n<meta name=\"robots\" content=\"index, follow, max-snippet:-1, max-image-preview:large, max-video-preview:-1\" \/>\n<link rel=\"canonical\" href=\"https:\/\/web.umons.ac.be\/pme\/fr\/activites-de-recherche\/\" \/>\n<meta property=\"og:locale\" content=\"fr_FR\" \/>\n<meta property=\"og:type\" content=\"article\" \/>\n<meta property=\"og:title\" content=\"Activit\u00e9s de recherche - Service \/ EFE - P\u00e9dagogie et M\u00e9thodologie de l\u2019Enseignement\" \/>\n<meta property=\"og:description\" content=\"Les axes de recherche du service les membres du service ont acquis et d\u00e9velopp\u00e9 une expertise autour de la formation enseignante par leurs recherches dans le d\u00e9veloppement de la r\u00e9flexivit\u00e9 ainsi que dans l\u2019accompagnement et l\u2019\u00e9valuation des stages en enseignement ; dans le cadre d\u2019une recherche doctorale, la question de la place de la recherche [&hellip;]\" \/>\n<meta property=\"og:url\" content=\"https:\/\/web.umons.ac.be\/pme\/fr\/activites-de-recherche\/\" \/>\n<meta property=\"og:site_name\" content=\"Service \/ EFE - P\u00e9dagogie et M\u00e9thodologie de l\u2019Enseignement\" \/>\n<meta property=\"article:modified_time\" content=\"2023-11-14T12:52:51+00:00\" \/>\n<meta name=\"twitter:card\" content=\"summary_large_image\" \/>\n<meta name=\"twitter:label1\" content=\"Dur\u00e9e de lecture estim\u00e9e\" \/>\n\t<meta name=\"twitter:data1\" content=\"1 minute\" \/>\n<script type=\"application\/ld+json\" class=\"yoast-schema-graph\">{\"@context\":\"https:\/\/schema.org\",\"@graph\":[{\"@type\":\"WebPage\",\"@id\":\"https:\/\/web.umons.ac.be\/pme\/fr\/activites-de-recherche\/\",\"url\":\"https:\/\/web.umons.ac.be\/pme\/fr\/activites-de-recherche\/\",\"name\":\"Activit\u00e9s de recherche - Service \/ EFE - P\u00e9dagogie et M\u00e9thodologie de l\u2019Enseignement\",\"isPartOf\":{\"@id\":\"https:\/\/web.umons.ac.be\/pme\/#website\"},\"datePublished\":\"2023-11-14T12:52:23+00:00\",\"dateModified\":\"2023-11-14T12:52:51+00:00\",\"breadcrumb\":{\"@id\":\"https:\/\/web.umons.ac.be\/pme\/fr\/activites-de-recherche\/#breadcrumb\"},\"inLanguage\":\"fr-FR\",\"potentialAction\":[{\"@type\":\"ReadAction\",\"target\":[\"https:\/\/web.umons.ac.be\/pme\/fr\/activites-de-recherche\/\"]}]},{\"@type\":\"BreadcrumbList\",\"@id\":\"https:\/\/web.umons.ac.be\/pme\/fr\/activites-de-recherche\/#breadcrumb\",\"itemListElement\":[{\"@type\":\"ListItem\",\"position\":1,\"name\":\"Accueil\",\"item\":\"https:\/\/web.umons.ac.be\/pme\/fr\/\"},{\"@type\":\"ListItem\",\"position\":2,\"name\":\"Activit\u00e9s de recherche\"}]},{\"@type\":\"WebSite\",\"@id\":\"https:\/\/web.umons.ac.be\/pme\/#website\",\"url\":\"https:\/\/web.umons.ac.be\/pme\/\",\"name\":\"Service \/ EFE - P\u00e9dagogie et M\u00e9thodologie de l\u2019Enseignement\",\"description\":\"\",\"potentialAction\":[{\"@type\":\"SearchAction\",\"target\":{\"@type\":\"EntryPoint\",\"urlTemplate\":\"https:\/\/web.umons.ac.be\/pme\/?s={search_term_string}\"},\"query-input\":{\"@type\":\"PropertyValueSpecification\",\"valueRequired\":true,\"valueName\":\"search_term_string\"}}],\"inLanguage\":\"fr-FR\"}]}<\/script>\n<!-- \/ Yoast SEO plugin. -->","yoast_head_json":{"title":"Activit\u00e9s de recherche - Service \/ EFE - P\u00e9dagogie et M\u00e9thodologie de l\u2019Enseignement","robots":{"index":"index","follow":"follow","max-snippet":"max-snippet:-1","max-image-preview":"max-image-preview:large","max-video-preview":"max-video-preview:-1"},"canonical":"https:\/\/web.umons.ac.be\/pme\/fr\/activites-de-recherche\/","og_locale":"fr_FR","og_type":"article","og_title":"Activit\u00e9s de recherche - Service \/ EFE - P\u00e9dagogie et M\u00e9thodologie de l\u2019Enseignement","og_description":"Les axes de recherche du service les membres du service ont acquis et d\u00e9velopp\u00e9 une expertise autour de la formation enseignante par leurs recherches dans le d\u00e9veloppement de la r\u00e9flexivit\u00e9 ainsi que dans l\u2019accompagnement et l\u2019\u00e9valuation des stages en enseignement ; dans le cadre d\u2019une recherche doctorale, la question de la place de la recherche [&hellip;]","og_url":"https:\/\/web.umons.ac.be\/pme\/fr\/activites-de-recherche\/","og_site_name":"Service \/ EFE - P\u00e9dagogie et M\u00e9thodologie de l\u2019Enseignement","article_modified_time":"2023-11-14T12:52:51+00:00","twitter_card":"summary_large_image","twitter_misc":{"Dur\u00e9e de lecture estim\u00e9e":"1 minute"},"schema":{"@context":"https:\/\/schema.org","@graph":[{"@type":"WebPage","@id":"https:\/\/web.umons.ac.be\/pme\/fr\/activites-de-recherche\/","url":"https:\/\/web.umons.ac.be\/pme\/fr\/activites-de-recherche\/","name":"Activit\u00e9s de recherche - Service \/ EFE - P\u00e9dagogie et M\u00e9thodologie de l\u2019Enseignement","isPartOf":{"@id":"https:\/\/web.umons.ac.be\/pme\/#website"},"datePublished":"2023-11-14T12:52:23+00:00","dateModified":"2023-11-14T12:52:51+00:00","breadcrumb":{"@id":"https:\/\/web.umons.ac.be\/pme\/fr\/activites-de-recherche\/#breadcrumb"},"inLanguage":"fr-FR","potentialAction":[{"@type":"ReadAction","target":["https:\/\/web.umons.ac.be\/pme\/fr\/activites-de-recherche\/"]}]},{"@type":"BreadcrumbList","@id":"https:\/\/web.umons.ac.be\/pme\/fr\/activites-de-recherche\/#breadcrumb","itemListElement":[{"@type":"ListItem","position":1,"name":"Accueil","item":"https:\/\/web.umons.ac.be\/pme\/fr\/"},{"@type":"ListItem","position":2,"name":"Activit\u00e9s de recherche"}]},{"@type":"WebSite","@id":"https:\/\/web.umons.ac.be\/pme\/#website","url":"https:\/\/web.umons.ac.be\/pme\/","name":"Service \/ EFE - P\u00e9dagogie et M\u00e9thodologie de l\u2019Enseignement","description":"","potentialAction":[{"@type":"SearchAction","target":{"@type":"EntryPoint","urlTemplate":"https:\/\/web.umons.ac.be\/pme\/?s={search_term_string}"},"query-input":{"@type":"PropertyValueSpecification","valueRequired":true,"valueName":"search_term_string"}}],"inLanguage":"fr-FR"}]}},"lang":"fr","translations":{"fr":66,"en":68},"pll_sync_post":[],"_links":{"self":[{"href":"https:\/\/web.umons.ac.be\/pme\/wp-json\/wp\/v2\/pages\/66","targetHints":{"allow":["GET"]}}],"collection":[{"href":"https:\/\/web.umons.ac.be\/pme\/wp-json\/wp\/v2\/pages"}],"about":[{"href":"https:\/\/web.umons.ac.be\/pme\/wp-json\/wp\/v2\/types\/page"}],"author":[{"embeddable":true,"href":"https:\/\/web.umons.ac.be\/pme\/wp-json\/wp\/v2\/users\/4"}],"replies":[{"embeddable":true,"href":"https:\/\/web.umons.ac.be\/pme\/wp-json\/wp\/v2\/comments?post=66"}],"version-history":[{"count":1,"href":"https:\/\/web.umons.ac.be\/pme\/wp-json\/wp\/v2\/pages\/66\/revisions"}],"predecessor-version":[{"id":67,"href":"https:\/\/web.umons.ac.be\/pme\/wp-json\/wp\/v2\/pages\/66\/revisions\/67"}],"wp:attachment":[{"href":"https:\/\/web.umons.ac.be\/pme\/wp-json\/wp\/v2\/media?parent=66"}],"curies":[{"name":"wp","href":"https:\/\/api.w.org\/{rel}","templated":true}]}}