{"id":11,"date":"2021-10-27T12:43:50","date_gmt":"2021-10-27T10:43:50","guid":{"rendered":"https:\/\/web.umons.ac.be\/prst\/activites-denseignement\/"},"modified":"2026-02-11T12:25:26","modified_gmt":"2026-02-11T11:25:26","slug":"activites-denseignement","status":"publish","type":"page","link":"https:\/\/web.umons.ac.be\/prst\/activites-denseignement\/","title":{"rendered":"Activit\u00e9s d&rsquo;enseignement"},"content":{"rendered":"<p>Le service assure les cours suivants :<\/p>\n<ul>\n<li>Math\u00e9matiques appliqu\u00e9es aux sciences de la vie (BaB1 en biologie, pharmacie et sciences biom\u00e9dicales)<\/li>\n<li>Probabilit\u00e9s I (BaB2 en sciences math\u00e9matiques)<\/li>\n<li>Probabilit\u00e9s II (BaB3 en sciences math\u00e9matiques)<\/li>\n<li>Probabilit\u00e9s III (BaB3 en sciences math\u00e9matiques)<\/li>\n<li>Statistiques (BaB3 en sciences math\u00e9matiques, physiques et informatiques)<\/li>\n<li>M\u00e9thodes statistiques (Master en sciences math\u00e9matiques)<\/li>\n<li>Projet en probabilit\u00e9s et statistiques (Master en sciences math\u00e9matiques)<\/li>\n<li>S\u00e9minaires de probabilit\u00e9s et statistiques (Master en sciences math\u00e9matiques)<\/li>\n<\/ul>\n<p>Le service assure \u00e9galement la gestion des stages en entreprise pour les \u00e9tudiants de la finalit\u00e9 \u00ab\u00a0finance et big data\u00a0\u00bb du Master en sciences math\u00e9matiques.<\/p>\n<p>&nbsp;<\/p>\n","protected":false},"excerpt":{"rendered":"<p>Le service assure les cours suivants : Math\u00e9matiques appliqu\u00e9es aux sciences de la vie (BaB1 en biologie, pharmacie et sciences biom\u00e9dicales) Probabilit\u00e9s I (BaB2 en sciences math\u00e9matiques) Probabilit\u00e9s II (BaB3 en sciences math\u00e9matiques) Probabilit\u00e9s III (BaB3 en sciences math\u00e9matiques) Statistiques (BaB3 en sciences math\u00e9matiques, physiques et informatiques) M\u00e9thodes statistiques (Master en sciences math\u00e9matiques) Projet en [&hellip;]<\/p>\n","protected":false},"author":2,"featured_media":0,"parent":0,"menu_order":0,"comment_status":"closed","ping_status":"closed","template":"","meta":{"footnotes":""},"class_list":["post-11","page","type-page","status-publish","hentry"],"yoast_head":"<!-- This site is optimized with the Yoast SEO plugin v27.2 - https:\/\/yoast.com\/product\/yoast-seo-wordpress\/ -->\n<title>Activit\u00e9s d&#039;enseignement - Service \/ FS - Probabilit\u00e9<\/title>\n<meta name=\"robots\" content=\"index, follow, max-snippet:-1, max-image-preview:large, max-video-preview:-1\" \/>\n<link rel=\"canonical\" href=\"https:\/\/web.umons.ac.be\/prst\/activites-denseignement\/\" \/>\n<meta property=\"og:locale\" content=\"fr_FR\" \/>\n<meta property=\"og:type\" content=\"article\" \/>\n<meta property=\"og:title\" content=\"Activit\u00e9s d&#039;enseignement - Service \/ FS - Probabilit\u00e9\" \/>\n<meta property=\"og:description\" content=\"Le service assure les cours suivants : Math\u00e9matiques appliqu\u00e9es aux sciences de la vie (BaB1 en biologie, pharmacie et sciences biom\u00e9dicales) Probabilit\u00e9s I (BaB2 en sciences math\u00e9matiques) Probabilit\u00e9s II (BaB3 en sciences math\u00e9matiques) Probabilit\u00e9s III (BaB3 en sciences math\u00e9matiques) Statistiques (BaB3 en sciences math\u00e9matiques, physiques et informatiques) M\u00e9thodes statistiques (Master en sciences math\u00e9matiques) Projet en [&hellip;]\" \/>\n<meta property=\"og:url\" content=\"https:\/\/web.umons.ac.be\/prst\/activites-denseignement\/\" \/>\n<meta property=\"og:site_name\" content=\"Service \/ FS - Probabilit\u00e9\" \/>\n<meta property=\"article:modified_time\" content=\"2026-02-11T11:25:26+00:00\" \/>\n<meta name=\"twitter:card\" content=\"summary_large_image\" \/>\n<meta name=\"twitter:label1\" content=\"Dur\u00e9e de lecture estim\u00e9e\" \/>\n\t<meta name=\"twitter:data1\" content=\"1 minute\" \/>\n<script type=\"application\/ld+json\" class=\"yoast-schema-graph\">{\"@context\":\"https:\/\/schema.org\",\"@graph\":[{\"@type\":\"WebPage\",\"@id\":\"https:\/\/web.umons.ac.be\/prst\/activites-denseignement\/\",\"url\":\"https:\/\/web.umons.ac.be\/prst\/activites-denseignement\/\",\"name\":\"Activit\u00e9s d'enseignement - Service \/ FS - Probabilit\u00e9\",\"isPartOf\":{\"@id\":\"https:\/\/web.umons.ac.be\/prst\/#website\"},\"datePublished\":\"2021-10-27T10:43:50+00:00\",\"dateModified\":\"2026-02-11T11:25:26+00:00\",\"breadcrumb\":{\"@id\":\"https:\/\/web.umons.ac.be\/prst\/activites-denseignement\/#breadcrumb\"},\"inLanguage\":\"fr-FR\",\"potentialAction\":[{\"@type\":\"ReadAction\",\"target\":[\"https:\/\/web.umons.ac.be\/prst\/activites-denseignement\/\"]}]},{\"@type\":\"BreadcrumbList\",\"@id\":\"https:\/\/web.umons.ac.be\/prst\/activites-denseignement\/#breadcrumb\",\"itemListElement\":[{\"@type\":\"ListItem\",\"position\":1,\"name\":\"Home\",\"item\":\"https:\/\/web.umons.ac.be\/prst\/\"},{\"@type\":\"ListItem\",\"position\":2,\"name\":\"Activit\u00e9s d&rsquo;enseignement\"}]},{\"@type\":\"WebSite\",\"@id\":\"https:\/\/web.umons.ac.be\/prst\/#website\",\"url\":\"https:\/\/web.umons.ac.be\/prst\/\",\"name\":\"Service \/ FS - Probabilit\u00e9\",\"description\":\"\",\"potentialAction\":[{\"@type\":\"SearchAction\",\"target\":{\"@type\":\"EntryPoint\",\"urlTemplate\":\"https:\/\/web.umons.ac.be\/prst\/?s={search_term_string}\"},\"query-input\":{\"@type\":\"PropertyValueSpecification\",\"valueRequired\":true,\"valueName\":\"search_term_string\"}}],\"inLanguage\":\"fr-FR\"}]}<\/script>\n<!-- \/ Yoast SEO plugin. -->","yoast_head_json":{"title":"Activit\u00e9s d'enseignement - Service \/ FS - Probabilit\u00e9","robots":{"index":"index","follow":"follow","max-snippet":"max-snippet:-1","max-image-preview":"max-image-preview:large","max-video-preview":"max-video-preview:-1"},"canonical":"https:\/\/web.umons.ac.be\/prst\/activites-denseignement\/","og_locale":"fr_FR","og_type":"article","og_title":"Activit\u00e9s d'enseignement - Service \/ FS - Probabilit\u00e9","og_description":"Le service assure les cours suivants : Math\u00e9matiques appliqu\u00e9es aux sciences de la vie (BaB1 en biologie, pharmacie et sciences biom\u00e9dicales) Probabilit\u00e9s I (BaB2 en sciences math\u00e9matiques) Probabilit\u00e9s II (BaB3 en sciences math\u00e9matiques) Probabilit\u00e9s III (BaB3 en sciences math\u00e9matiques) Statistiques (BaB3 en sciences math\u00e9matiques, physiques et informatiques) M\u00e9thodes statistiques (Master en sciences math\u00e9matiques) Projet en [&hellip;]","og_url":"https:\/\/web.umons.ac.be\/prst\/activites-denseignement\/","og_site_name":"Service \/ FS - Probabilit\u00e9","article_modified_time":"2026-02-11T11:25:26+00:00","twitter_card":"summary_large_image","twitter_misc":{"Dur\u00e9e de lecture estim\u00e9e":"1 minute"},"schema":{"@context":"https:\/\/schema.org","@graph":[{"@type":"WebPage","@id":"https:\/\/web.umons.ac.be\/prst\/activites-denseignement\/","url":"https:\/\/web.umons.ac.be\/prst\/activites-denseignement\/","name":"Activit\u00e9s d'enseignement - Service \/ FS - Probabilit\u00e9","isPartOf":{"@id":"https:\/\/web.umons.ac.be\/prst\/#website"},"datePublished":"2021-10-27T10:43:50+00:00","dateModified":"2026-02-11T11:25:26+00:00","breadcrumb":{"@id":"https:\/\/web.umons.ac.be\/prst\/activites-denseignement\/#breadcrumb"},"inLanguage":"fr-FR","potentialAction":[{"@type":"ReadAction","target":["https:\/\/web.umons.ac.be\/prst\/activites-denseignement\/"]}]},{"@type":"BreadcrumbList","@id":"https:\/\/web.umons.ac.be\/prst\/activites-denseignement\/#breadcrumb","itemListElement":[{"@type":"ListItem","position":1,"name":"Home","item":"https:\/\/web.umons.ac.be\/prst\/"},{"@type":"ListItem","position":2,"name":"Activit\u00e9s d&rsquo;enseignement"}]},{"@type":"WebSite","@id":"https:\/\/web.umons.ac.be\/prst\/#website","url":"https:\/\/web.umons.ac.be\/prst\/","name":"Service \/ FS - Probabilit\u00e9","description":"","potentialAction":[{"@type":"SearchAction","target":{"@type":"EntryPoint","urlTemplate":"https:\/\/web.umons.ac.be\/prst\/?s={search_term_string}"},"query-input":{"@type":"PropertyValueSpecification","valueRequired":true,"valueName":"search_term_string"}}],"inLanguage":"fr-FR"}]}},"lang":"fr","translations":{"fr":11,"en":13},"pll_sync_post":[],"_links":{"self":[{"href":"https:\/\/web.umons.ac.be\/prst\/wp-json\/wp\/v2\/pages\/11","targetHints":{"allow":["GET"]}}],"collection":[{"href":"https:\/\/web.umons.ac.be\/prst\/wp-json\/wp\/v2\/pages"}],"about":[{"href":"https:\/\/web.umons.ac.be\/prst\/wp-json\/wp\/v2\/types\/page"}],"author":[{"embeddable":true,"href":"https:\/\/web.umons.ac.be\/prst\/wp-json\/wp\/v2\/users\/2"}],"replies":[{"embeddable":true,"href":"https:\/\/web.umons.ac.be\/prst\/wp-json\/wp\/v2\/comments?post=11"}],"version-history":[{"count":4,"href":"https:\/\/web.umons.ac.be\/prst\/wp-json\/wp\/v2\/pages\/11\/revisions"}],"predecessor-version":[{"id":96,"href":"https:\/\/web.umons.ac.be\/prst\/wp-json\/wp\/v2\/pages\/11\/revisions\/96"}],"wp:attachment":[{"href":"https:\/\/web.umons.ac.be\/prst\/wp-json\/wp\/v2\/media?parent=11"}],"curies":[{"name":"wp","href":"https:\/\/api.w.org\/{rel}","templated":true}]}}