{"id":17,"date":"2021-10-27T12:43:51","date_gmt":"2021-10-27T10:43:51","guid":{"rendered":"https:\/\/web.umons.ac.be\/prst\/research-activities\/"},"modified":"2021-10-27T13:12:37","modified_gmt":"2021-10-27T11:12:37","slug":"research-activities","status":"publish","type":"page","link":"https:\/\/web.umons.ac.be\/prst\/en\/research-activities\/","title":{"rendered":"Research activities"},"content":{"rendered":"<p>In finance, our research is presently concerned with the notion of risk measure. The members of the laboratory are also very actively involved in research in linear dynamics.<\/p>\n<hr \/>\n<p>Our service is also associated with the following UMONS research institutes :<\/p>\n<start-cask-shortcode-wrapper>\t\t<div class=\"associated-institutes content-block scheme-fs\">\n\t\t\t<ul class=\"institutes-list\">\n\t\t\t\t\t\t\t\t\t\t<li>\n\t\t\t\t\t\t\t<a href=\"https:\/\/web.umons.ac.be\/complexys\" title=\"Acc\u00e9der au site web de : Institut \/ Complexys\" class=\"associated-institute\">\n\t\t\t\t\t\t\t\t<img loading=\"lazy\" decoding=\"async\" width=\"1\" height=\"1\" src=\"https:\/\/web.umons.ac.be\/app\/uploads\/sites\/31\/2017\/11\/complexys_logo_fr.svg\" class=\"attachment-thumbnail size-thumbnail\" alt=\"\" \/>\t\t\t\t\t\t\t<\/a>\t\t\t\n\t\t\t\t\t\t<\/li>\n\t\t\t\t\t\t\t<\/ul>\n\t\t<\/div>\n <end-cask-shortcode-wrapper>\n","protected":false},"excerpt":{"rendered":"<p>In finance, our research is presently concerned with the notion of risk measure. The members of the laboratory are also very actively involved in research in linear dynamics. Our service is also associated with the following UMONS research institutes :<\/p>\n","protected":false},"author":2,"featured_media":0,"parent":0,"menu_order":0,"comment_status":"closed","ping_status":"closed","template":"","meta":{"footnotes":""},"class_list":["post-17","page","type-page","status-publish","hentry"],"yoast_head":"<!-- This site is optimized with the Yoast SEO plugin v27.2 - https:\/\/yoast.com\/product\/yoast-seo-wordpress\/ -->\n<title>Research activities - Service \/ FS - Probabilit\u00e9<\/title>\n<meta name=\"robots\" content=\"index, follow, max-snippet:-1, max-image-preview:large, max-video-preview:-1\" \/>\n<link rel=\"canonical\" href=\"https:\/\/web.umons.ac.be\/prst\/en\/research-activities\/\" \/>\n<meta property=\"og:locale\" content=\"fr_FR\" \/>\n<meta property=\"og:type\" content=\"article\" \/>\n<meta property=\"og:title\" content=\"Research activities - Service \/ FS - Probabilit\u00e9\" \/>\n<meta property=\"og:description\" content=\"In finance, our research is presently concerned with the notion of risk measure. The members of the laboratory are also very actively involved in research in linear dynamics. Our service is also associated with the following UMONS research institutes :\" \/>\n<meta property=\"og:url\" content=\"https:\/\/web.umons.ac.be\/prst\/en\/research-activities\/\" \/>\n<meta property=\"og:site_name\" content=\"Service \/ FS - Probabilit\u00e9\" \/>\n<meta property=\"article:modified_time\" content=\"2021-10-27T11:12:37+00:00\" \/>\n<meta name=\"twitter:card\" content=\"summary_large_image\" \/>\n<meta name=\"twitter:label1\" content=\"Dur\u00e9e de lecture estim\u00e9e\" \/>\n\t<meta name=\"twitter:data1\" content=\"1 minute\" \/>\n<script type=\"application\/ld+json\" class=\"yoast-schema-graph\">{\"@context\":\"https:\/\/schema.org\",\"@graph\":[{\"@type\":\"WebPage\",\"@id\":\"https:\/\/web.umons.ac.be\/prst\/en\/research-activities\/\",\"url\":\"https:\/\/web.umons.ac.be\/prst\/en\/research-activities\/\",\"name\":\"Research activities - Service \/ FS - Probabilit\u00e9\",\"isPartOf\":{\"@id\":\"https:\/\/web.umons.ac.be\/prst\/#website\"},\"datePublished\":\"2021-10-27T10:43:51+00:00\",\"dateModified\":\"2021-10-27T11:12:37+00:00\",\"breadcrumb\":{\"@id\":\"https:\/\/web.umons.ac.be\/prst\/en\/research-activities\/#breadcrumb\"},\"inLanguage\":\"fr-FR\",\"potentialAction\":[{\"@type\":\"ReadAction\",\"target\":[\"https:\/\/web.umons.ac.be\/prst\/en\/research-activities\/\"]}]},{\"@type\":\"BreadcrumbList\",\"@id\":\"https:\/\/web.umons.ac.be\/prst\/en\/research-activities\/#breadcrumb\",\"itemListElement\":[{\"@type\":\"ListItem\",\"position\":1,\"name\":\"Home\",\"item\":\"https:\/\/web.umons.ac.be\/prst\/\"},{\"@type\":\"ListItem\",\"position\":2,\"name\":\"Research activities\"}]},{\"@type\":\"WebSite\",\"@id\":\"https:\/\/web.umons.ac.be\/prst\/#website\",\"url\":\"https:\/\/web.umons.ac.be\/prst\/\",\"name\":\"Service \/ FS - Probabilit\u00e9\",\"description\":\"\",\"potentialAction\":[{\"@type\":\"SearchAction\",\"target\":{\"@type\":\"EntryPoint\",\"urlTemplate\":\"https:\/\/web.umons.ac.be\/prst\/?s={search_term_string}\"},\"query-input\":{\"@type\":\"PropertyValueSpecification\",\"valueRequired\":true,\"valueName\":\"search_term_string\"}}],\"inLanguage\":\"fr-FR\"}]}<\/script>\n<!-- \/ Yoast SEO plugin. -->","yoast_head_json":{"title":"Research activities - Service \/ FS - Probabilit\u00e9","robots":{"index":"index","follow":"follow","max-snippet":"max-snippet:-1","max-image-preview":"max-image-preview:large","max-video-preview":"max-video-preview:-1"},"canonical":"https:\/\/web.umons.ac.be\/prst\/en\/research-activities\/","og_locale":"fr_FR","og_type":"article","og_title":"Research activities - Service \/ FS - Probabilit\u00e9","og_description":"In finance, our research is presently concerned with the notion of risk measure. The members of the laboratory are also very actively involved in research in linear dynamics. Our service is also associated with the following UMONS research institutes :","og_url":"https:\/\/web.umons.ac.be\/prst\/en\/research-activities\/","og_site_name":"Service \/ FS - Probabilit\u00e9","article_modified_time":"2021-10-27T11:12:37+00:00","twitter_card":"summary_large_image","twitter_misc":{"Dur\u00e9e de lecture estim\u00e9e":"1 minute"},"schema":{"@context":"https:\/\/schema.org","@graph":[{"@type":"WebPage","@id":"https:\/\/web.umons.ac.be\/prst\/en\/research-activities\/","url":"https:\/\/web.umons.ac.be\/prst\/en\/research-activities\/","name":"Research activities - Service \/ FS - Probabilit\u00e9","isPartOf":{"@id":"https:\/\/web.umons.ac.be\/prst\/#website"},"datePublished":"2021-10-27T10:43:51+00:00","dateModified":"2021-10-27T11:12:37+00:00","breadcrumb":{"@id":"https:\/\/web.umons.ac.be\/prst\/en\/research-activities\/#breadcrumb"},"inLanguage":"fr-FR","potentialAction":[{"@type":"ReadAction","target":["https:\/\/web.umons.ac.be\/prst\/en\/research-activities\/"]}]},{"@type":"BreadcrumbList","@id":"https:\/\/web.umons.ac.be\/prst\/en\/research-activities\/#breadcrumb","itemListElement":[{"@type":"ListItem","position":1,"name":"Home","item":"https:\/\/web.umons.ac.be\/prst\/"},{"@type":"ListItem","position":2,"name":"Research activities"}]},{"@type":"WebSite","@id":"https:\/\/web.umons.ac.be\/prst\/#website","url":"https:\/\/web.umons.ac.be\/prst\/","name":"Service \/ FS - Probabilit\u00e9","description":"","potentialAction":[{"@type":"SearchAction","target":{"@type":"EntryPoint","urlTemplate":"https:\/\/web.umons.ac.be\/prst\/?s={search_term_string}"},"query-input":{"@type":"PropertyValueSpecification","valueRequired":true,"valueName":"search_term_string"}}],"inLanguage":"fr-FR"}]}},"lang":"en","translations":{"en":17,"fr":15},"pll_sync_post":[],"_links":{"self":[{"href":"https:\/\/web.umons.ac.be\/prst\/wp-json\/wp\/v2\/pages\/17","targetHints":{"allow":["GET"]}}],"collection":[{"href":"https:\/\/web.umons.ac.be\/prst\/wp-json\/wp\/v2\/pages"}],"about":[{"href":"https:\/\/web.umons.ac.be\/prst\/wp-json\/wp\/v2\/types\/page"}],"author":[{"embeddable":true,"href":"https:\/\/web.umons.ac.be\/prst\/wp-json\/wp\/v2\/users\/2"}],"replies":[{"embeddable":true,"href":"https:\/\/web.umons.ac.be\/prst\/wp-json\/wp\/v2\/comments?post=17"}],"version-history":[{"count":2,"href":"https:\/\/web.umons.ac.be\/prst\/wp-json\/wp\/v2\/pages\/17\/revisions"}],"predecessor-version":[{"id":68,"href":"https:\/\/web.umons.ac.be\/prst\/wp-json\/wp\/v2\/pages\/17\/revisions\/68"}],"wp:attachment":[{"href":"https:\/\/web.umons.ac.be\/prst\/wp-json\/wp\/v2\/media?parent=17"}],"curies":[{"name":"wp","href":"https:\/\/api.w.org\/{rel}","templated":true}]}}