{"id":1203,"date":"2024-09-10T15:05:09","date_gmt":"2024-09-10T13:05:09","guid":{"rendered":"https:\/\/web.umons.ac.be\/pucg\/?page_id=1203"},"modified":"2025-10-13T17:08:35","modified_gmt":"2025-10-13T15:08:35","slug":"umons-speakers","status":"publish","type":"page","link":"https:\/\/web.umons.ac.be\/pucg\/en\/research-activities\/joint-seminars\/umons-speakers\/","title":{"rendered":"UMONS speakers in the joint Belgian hep-th seminars"},"content":{"rendered":"<h5>Academic year 2025-2026<\/h5>\n<ul>\n<li><b>Jani Kastikainen <\/b>(Wurzburg)<b>, <\/b>8 October 2025<\/li>\n<li><b>Dionysios Anninos <\/b>(King&rsquo;s College, London)<b>, <\/b>5 November 2025<\/li>\n<li><b>Kostas Siampos <\/b>(Aristotle U. Thessaloniki)<b>, <\/b>5 November\u00a02025<\/li>\n<\/ul>\n<p>&nbsp;<\/p>\n<h5>Academic year 2024-2025<\/h5>\n<ul>\n<li><b>Harold Erbin <\/b>(IPHT, CEA Saclay, France)<b>, <\/b>14 May 2025<\/li>\n<li><b>Tassos Petkou <\/b>(Aristotle U. Thessaloniki)<b>, <\/b>12 March 2025<\/li>\n<li><b>Dario Francia <\/b>(INFN, Roma Tre)<b>, <\/b>12 March 2025<\/li>\n<li><b>Felipe Figueroa <\/b>(Annecy, France)<b>, <\/b>12 February 2025<\/li>\n<li><b>Antoine Rignon-Bret <\/b>(CPT Marseille, France), 13 November 2024<\/li>\n<li><b>Stefan Prohazka <\/b>(U. Vienna, Austria), 13 November 2024<\/li>\n<li><strong>Carlo Heissenberg<\/strong> (Queen Mary University of London, UK), 9 October 2024<\/li>\n<\/ul>\n<p>&nbsp;<\/p>\n<h5>Academic year 2023-2024<\/h5>\n<ul>\n<li><strong>Tim Adamo<\/strong> (Edinburgh University, United Kingdom), 24 April 2024<\/li>\n<li><strong>Sylvain Lavau<\/strong> (Ru\u0111er Bo\u0161kovi\u0107 Institute, Croatia), 24 April 2024<\/li>\n<li><strong>Martin Cederwall<\/strong> (Chalmers U., Sweden), 13 March 2024<\/li>\n<li><strong>Xavier Bekaert<\/strong> (U. Tours, France), 14 February 2024<\/li>\n<li><strong>Kurt Hinterbichler<\/strong> (Case Western Reserve University, United States), 13 December 2023<\/li>\n<li><strong>Antoine Bourget<\/strong> (IPhT Saclay, France), 8 November 2023<\/li>\n<li><strong>Blagoje Oblak<\/strong> (ULB Brussels), 8 November 2023<\/li>\n<\/ul>\n<p>&nbsp;<\/p>\n<h5>Academic year 2022-2023<\/h5>\n<ul>\n<li><strong>Michele Schiavina<\/strong> (University of Pavia, Italy), 31 May 2023<\/li>\n<li><strong>Piotr Tourkine<\/strong> (CNRS &amp; LAPTh, Annecy, France), 29 March 2023<\/li>\n<li><strong>Boris Pioline<\/strong> (CNRS &amp; LPTHE, Sorbonne University, France), 15 March 2023<\/li>\n<li><strong>Ivano Basile<\/strong> (ASC Munich, Germany), 15 February 2023<\/li>\n<li><strong>Oliver Schlotterer<\/strong> (Uppsala University, Sweden), 30 November 2022<\/li>\n<li><strong>Ioannis Tsiares<\/strong> (IPhT, France), 16 November 2022<\/li>\n<li><strong>Ricardo Monteiro<\/strong> (Queen Mary University of London, UK), 26 October 2022<\/li>\n<li><strong>Renann Lipinski Jusinskas<\/strong> (ASCR Prague, Czech Republic), 5 October 2022<\/li>\n<\/ul>\n","protected":false},"excerpt":{"rendered":"<p>Academic year 2025-2026 Jani Kastikainen (Wurzburg), 8 October 2025 Dionysios Anninos (King&rsquo;s College, London), 5 November 2025 Kostas Siampos (Aristotle U. Thessaloniki), 5 November\u00a02025 &nbsp; Academic year 2024-2025 Harold Erbin (IPHT, CEA Saclay, France), 14 May 2025 Tassos Petkou (Aristotle U. Thessaloniki), 12 March 2025 Dario Francia (INFN, Roma Tre), 12 March 2025 Felipe Figueroa [&hellip;]<\/p>\n","protected":false},"author":152,"featured_media":0,"parent":656,"menu_order":0,"comment_status":"closed","ping_status":"closed","template":"","meta":{"footnotes":""},"class_list":["post-1203","page","type-page","status-publish","hentry"],"yoast_head":"<!-- This site is optimized with the Yoast SEO plugin v27.2 - https:\/\/yoast.com\/product\/yoast-seo-wordpress\/ -->\n<title>UMONS speakers in the joint Belgian hep-th seminars - Service \/ FS - Physique de l&#039;Univers, Champs et Gravitation<\/title>\n<meta name=\"robots\" content=\"index, follow, max-snippet:-1, max-image-preview:large, max-video-preview:-1\" \/>\n<link rel=\"canonical\" href=\"https:\/\/web.umons.ac.be\/pucg\/en\/research-activities\/joint-seminars\/umons-speakers\/\" \/>\n<meta property=\"og:locale\" content=\"fr_FR\" \/>\n<meta property=\"og:type\" content=\"article\" \/>\n<meta property=\"og:title\" content=\"UMONS speakers in the joint Belgian hep-th seminars - Service \/ FS - Physique de l&#039;Univers, Champs et Gravitation\" \/>\n<meta property=\"og:description\" content=\"Academic year 2025-2026 Jani Kastikainen (Wurzburg), 8 October 2025 Dionysios Anninos (King&rsquo;s College, London), 5 November 2025 Kostas Siampos (Aristotle U. Thessaloniki), 5 November\u00a02025 &nbsp; Academic year 2024-2025 Harold Erbin (IPHT, CEA Saclay, France), 14 May 2025 Tassos Petkou (Aristotle U. Thessaloniki), 12 March 2025 Dario Francia (INFN, Roma Tre), 12 March 2025 Felipe Figueroa [&hellip;]\" \/>\n<meta property=\"og:url\" content=\"https:\/\/web.umons.ac.be\/pucg\/en\/research-activities\/joint-seminars\/umons-speakers\/\" \/>\n<meta property=\"og:site_name\" content=\"Service \/ FS - Physique de l&#039;Univers, Champs et Gravitation\" \/>\n<meta property=\"article:modified_time\" content=\"2025-10-13T15:08:35+00:00\" \/>\n<meta name=\"twitter:card\" content=\"summary_large_image\" \/>\n<meta name=\"twitter:label1\" content=\"Dur\u00e9e de lecture estim\u00e9e\" \/>\n\t<meta name=\"twitter:data1\" content=\"2 minutes\" \/>\n<script type=\"application\/ld+json\" class=\"yoast-schema-graph\">{\"@context\":\"https:\/\/schema.org\",\"@graph\":[{\"@type\":\"WebPage\",\"@id\":\"https:\/\/web.umons.ac.be\/pucg\/en\/research-activities\/joint-seminars\/umons-speakers\/\",\"url\":\"https:\/\/web.umons.ac.be\/pucg\/en\/research-activities\/joint-seminars\/umons-speakers\/\",\"name\":\"UMONS speakers in the joint Belgian hep-th seminars - Service \/ FS - Physique de l'Univers, Champs et Gravitation\",\"isPartOf\":{\"@id\":\"https:\/\/web.umons.ac.be\/pucg\/#website\"},\"datePublished\":\"2024-09-10T13:05:09+00:00\",\"dateModified\":\"2025-10-13T15:08:35+00:00\",\"breadcrumb\":{\"@id\":\"https:\/\/web.umons.ac.be\/pucg\/en\/research-activities\/joint-seminars\/umons-speakers\/#breadcrumb\"},\"inLanguage\":\"fr-FR\",\"potentialAction\":[{\"@type\":\"ReadAction\",\"target\":[\"https:\/\/web.umons.ac.be\/pucg\/en\/research-activities\/joint-seminars\/umons-speakers\/\"]}]},{\"@type\":\"BreadcrumbList\",\"@id\":\"https:\/\/web.umons.ac.be\/pucg\/en\/research-activities\/joint-seminars\/umons-speakers\/#breadcrumb\",\"itemListElement\":[{\"@type\":\"ListItem\",\"position\":1,\"name\":\"Home\",\"item\":\"https:\/\/web.umons.ac.be\/pucg\/\"},{\"@type\":\"ListItem\",\"position\":2,\"name\":\"Research activities\",\"item\":\"https:\/\/web.umons.ac.be\/pucg\/en\/research-activities\/\"},{\"@type\":\"ListItem\",\"position\":3,\"name\":\"Joint Belgian hep-th seminars\",\"item\":\"https:\/\/web.umons.ac.be\/pucg\/en\/research-activities\/joint-seminars\/\"},{\"@type\":\"ListItem\",\"position\":4,\"name\":\"UMONS speakers in the joint Belgian hep-th seminars\"}]},{\"@type\":\"WebSite\",\"@id\":\"https:\/\/web.umons.ac.be\/pucg\/#website\",\"url\":\"https:\/\/web.umons.ac.be\/pucg\/\",\"name\":\"Service \/ FS - Physique de l'Univers, Champs et Gravitation\",\"description\":\"\",\"potentialAction\":[{\"@type\":\"SearchAction\",\"target\":{\"@type\":\"EntryPoint\",\"urlTemplate\":\"https:\/\/web.umons.ac.be\/pucg\/?s={search_term_string}\"},\"query-input\":{\"@type\":\"PropertyValueSpecification\",\"valueRequired\":true,\"valueName\":\"search_term_string\"}}],\"inLanguage\":\"fr-FR\"}]}<\/script>\n<!-- \/ Yoast SEO plugin. -->","yoast_head_json":{"title":"UMONS speakers in the joint Belgian hep-th seminars - Service \/ FS - Physique de l'Univers, Champs et Gravitation","robots":{"index":"index","follow":"follow","max-snippet":"max-snippet:-1","max-image-preview":"max-image-preview:large","max-video-preview":"max-video-preview:-1"},"canonical":"https:\/\/web.umons.ac.be\/pucg\/en\/research-activities\/joint-seminars\/umons-speakers\/","og_locale":"fr_FR","og_type":"article","og_title":"UMONS speakers in the joint Belgian hep-th seminars - Service \/ FS - Physique de l'Univers, Champs et Gravitation","og_description":"Academic year 2025-2026 Jani Kastikainen (Wurzburg), 8 October 2025 Dionysios Anninos (King&rsquo;s College, London), 5 November 2025 Kostas Siampos (Aristotle U. Thessaloniki), 5 November\u00a02025 &nbsp; Academic year 2024-2025 Harold Erbin (IPHT, CEA Saclay, France), 14 May 2025 Tassos Petkou (Aristotle U. Thessaloniki), 12 March 2025 Dario Francia (INFN, Roma Tre), 12 March 2025 Felipe Figueroa [&hellip;]","og_url":"https:\/\/web.umons.ac.be\/pucg\/en\/research-activities\/joint-seminars\/umons-speakers\/","og_site_name":"Service \/ FS - Physique de l'Univers, Champs et Gravitation","article_modified_time":"2025-10-13T15:08:35+00:00","twitter_card":"summary_large_image","twitter_misc":{"Dur\u00e9e de lecture estim\u00e9e":"2 minutes"},"schema":{"@context":"https:\/\/schema.org","@graph":[{"@type":"WebPage","@id":"https:\/\/web.umons.ac.be\/pucg\/en\/research-activities\/joint-seminars\/umons-speakers\/","url":"https:\/\/web.umons.ac.be\/pucg\/en\/research-activities\/joint-seminars\/umons-speakers\/","name":"UMONS speakers in the joint Belgian hep-th seminars - Service \/ FS - Physique de l'Univers, Champs et Gravitation","isPartOf":{"@id":"https:\/\/web.umons.ac.be\/pucg\/#website"},"datePublished":"2024-09-10T13:05:09+00:00","dateModified":"2025-10-13T15:08:35+00:00","breadcrumb":{"@id":"https:\/\/web.umons.ac.be\/pucg\/en\/research-activities\/joint-seminars\/umons-speakers\/#breadcrumb"},"inLanguage":"fr-FR","potentialAction":[{"@type":"ReadAction","target":["https:\/\/web.umons.ac.be\/pucg\/en\/research-activities\/joint-seminars\/umons-speakers\/"]}]},{"@type":"BreadcrumbList","@id":"https:\/\/web.umons.ac.be\/pucg\/en\/research-activities\/joint-seminars\/umons-speakers\/#breadcrumb","itemListElement":[{"@type":"ListItem","position":1,"name":"Home","item":"https:\/\/web.umons.ac.be\/pucg\/"},{"@type":"ListItem","position":2,"name":"Research activities","item":"https:\/\/web.umons.ac.be\/pucg\/en\/research-activities\/"},{"@type":"ListItem","position":3,"name":"Joint Belgian hep-th seminars","item":"https:\/\/web.umons.ac.be\/pucg\/en\/research-activities\/joint-seminars\/"},{"@type":"ListItem","position":4,"name":"UMONS speakers in the joint Belgian hep-th seminars"}]},{"@type":"WebSite","@id":"https:\/\/web.umons.ac.be\/pucg\/#website","url":"https:\/\/web.umons.ac.be\/pucg\/","name":"Service \/ FS - Physique de l'Univers, Champs et Gravitation","description":"","potentialAction":[{"@type":"SearchAction","target":{"@type":"EntryPoint","urlTemplate":"https:\/\/web.umons.ac.be\/pucg\/?s={search_term_string}"},"query-input":{"@type":"PropertyValueSpecification","valueRequired":true,"valueName":"search_term_string"}}],"inLanguage":"fr-FR"}]}},"lang":"en","translations":{"en":1203},"pll_sync_post":[],"_links":{"self":[{"href":"https:\/\/web.umons.ac.be\/pucg\/wp-json\/wp\/v2\/pages\/1203","targetHints":{"allow":["GET"]}}],"collection":[{"href":"https:\/\/web.umons.ac.be\/pucg\/wp-json\/wp\/v2\/pages"}],"about":[{"href":"https:\/\/web.umons.ac.be\/pucg\/wp-json\/wp\/v2\/types\/page"}],"author":[{"embeddable":true,"href":"https:\/\/web.umons.ac.be\/pucg\/wp-json\/wp\/v2\/users\/152"}],"replies":[{"embeddable":true,"href":"https:\/\/web.umons.ac.be\/pucg\/wp-json\/wp\/v2\/comments?post=1203"}],"version-history":[{"count":3,"href":"https:\/\/web.umons.ac.be\/pucg\/wp-json\/wp\/v2\/pages\/1203\/revisions"}],"predecessor-version":[{"id":1423,"href":"https:\/\/web.umons.ac.be\/pucg\/wp-json\/wp\/v2\/pages\/1203\/revisions\/1423"}],"up":[{"embeddable":true,"href":"https:\/\/web.umons.ac.be\/pucg\/wp-json\/wp\/v2\/pages\/656"}],"wp:attachment":[{"href":"https:\/\/web.umons.ac.be\/pucg\/wp-json\/wp\/v2\/media?parent=1203"}],"curies":[{"name":"wp","href":"https:\/\/api.w.org\/{rel}","templated":true}]}}