{"id":689,"date":"2022-12-09T11:46:36","date_gmt":"2022-12-09T10:46:36","guid":{"rendered":"https:\/\/web.umons.ac.be\/pucg\/?page_id=689"},"modified":"2026-03-14T18:33:41","modified_gmt":"2026-03-14T17:33:41","slug":"seminars-workshops","status":"publish","type":"page","link":"https:\/\/web.umons.ac.be\/pucg\/en\/research-activities\/seminars-workshops\/","title":{"rendered":"Seminars &#038; workshops"},"content":{"rendered":"<p>Besides being involved in the organisation of the <a href=\"https:\/\/web.umons.ac.be\/pucg\/en\/research-activities\/joint-seminars\/\">joint Belgian hep-th seminars<\/a>, we organise local seminars, <a href=\"https:\/\/web.umons.ac.be\/pucg\/en\/research-activities\/seminars-workshops\/advanced-lectures\/\">advanced lecture series<\/a> and thematic or generic journal clubs. Moreover, we regularly organise <a href=\"https:\/\/web.umons.ac.be\/pucg\/en\/workshops\">international workshops<\/a> in Mons and host international visitors.<\/p>\n<p>&nbsp;<\/p>\n<start-cask-shortcode-wrapper>    <div class=\"accordion content-block scheme-fs\">\n                <div class=\"accordion-inner\">\n            <div class=\"accordion-bellow\">\n                <button class=\"accordion-bellow-toggle scheme-background-hover\" data-target=\"#accordion-content-69b59b6e13623\">\n                    <span class=\"icon umons-icon-chevron-down\" aria-hidden=\"true\"><\/span> Recent workshops                <\/button>\n            <\/div>\n            <div id=\"accordion-content-69b59b6e13623\" class=\"accordion-content\">\n            \t<div class=\"inner editor-front\">\n            \t\t<p>Selected recent workshops:<\/p>\n<ul>\n<li><a href=\"https:\/\/web.umons.ac.be\/pucg\/en\/event\/workshop-fda-meets-generalised-geometry\/\">Workshop \u00ab\u00a0FDA meets Generalised Geometry\u00a0\u00bb<\/a>, 29 September &#8211; 1 October 2025<\/li>\n<li><a href=\"https:\/\/web.umons.ac.be\/pucg\/en\/event\/workshop-conformal-higher-spins-twistors-and-boundary-calculus\/\">Workshop \u00ab\u00a0Conformal higher spins, twistors and boundary calculus\u00a0\u00bb<\/a>, 30 June &#8211; 4 July 2025<\/li>\n<li><a href=\"https:\/\/web.umons.ac.be\/pucg\/en\/event\/batalin-memorial\/\">Gauge invariance: quantization and geometry &#8211; Workshop in memory of Igor Batalin<\/a>, 9-12 September 2024<\/li>\n<li><a href=\"https:\/\/web.umons.ac.be\/pucg\/en\/event\/workshop-twistors-and-higher-spins\/\">Workshop \u00ab\u00a0Twistors and Higher Spins\u00a0\u00bb<\/a>, 8-12 July 2024<\/li>\n<li><a href=\"https:\/\/web.umons.ac.be\/pucg\/en\/event\/5th-hs-workshop\/\">5th Mons Workshop on Higher Spin Gauge Theories<\/a>, 8-12 January 2024<\/li>\n<li><a href=\"https:\/\/web.umons.ac.be\/pucg\/event\/be-hep-summer-solstice-2023\/\">Be.HEP Summer Solstice 2023<\/a>, 23 June 2023<\/li>\n<li><a href=\"https:\/\/web.umons.ac.be\/pucg\/en\/event\/workshop-zhiboedov\/\">Mini-workshop \u00ab\u00a0Strings, higher spins and amplitudes\u00a0\u00bb<\/a>, 25 May 2023<\/li>\n<li><a href=\"https:\/\/web.umons.ac.be\/pucg\/en\/event\/carroll-workshop-2\/\">2nd Carroll Workshop<\/a>, 12-16 September 2022<\/li>\n<\/ul>\n<p>The full list of workshops organised by the unit is available <a href=\"https:\/\/web.umons.ac.be\/pucg\/en\/workshops\">here<\/a>.<\/p>\n            \t<\/div>\n            <\/div>\n        <\/div>\n                <div class=\"accordion-inner\">\n            <div class=\"accordion-bellow\">\n                <button class=\"accordion-bellow-toggle scheme-background-hover\" data-target=\"#accordion-content-69b59b6e15941\">\n                    <span class=\"icon umons-icon-chevron-down\" aria-hidden=\"true\"><\/span> Recent local seminars                <\/button>\n            <\/div>\n            <div id=\"accordion-content-69b59b6e15941\" class=\"accordion-content\">\n            \t<div class=\"inner editor-front\">\n            \t\t<ul>\n<li><strong>Maria Kallimani<\/strong> (Humboldt U., Berlin) | <strong><em>Color-kinematics duality from homotopy algebras<\/em><\/strong> | 12 March 2026<\/li>\n<li><strong>Rodrigo Olea<\/strong> (U. Catolica de Valparaiso) | <em><strong>Holographic Weyl Anomaly and Kounterterms<\/strong><\/em> | 15 December 2025<\/li>\n<li><strong>Antoine Rignon-Bret<\/strong> (Universit\u00e9 de Lorraine) | <em><strong>The second law: from Lindblad equation to black holes<\/strong><\/em> | 27 November 2025<\/li>\n<li><strong>Aravindhan Srinivasan<\/strong> (Charles U., Prague) | <em><strong>Spectrum generating operators in the hybrid superstring formalism<\/strong><\/em> | 20 November 2025<\/li>\n<li><strong>Vladislav Kupriyanov<\/strong> (UFABC, Sao Paulo) |\u00a0<em><strong>Poisson Electrodynamics<\/strong><\/em> | 17 March 2025<\/li>\n<li><strong>Si Li<\/strong>\u00a0(Tsinghua U., Beijing) | <em><strong>Quantum Mechanics with zero Hamiltonian<\/strong><\/em> | 19 February 2025<\/li>\n<li><strong>Carlo Iazeolla<\/strong> (Guglielmo Marconi U., Roma) | <em><strong>Fractional spins, unfolding and holography: a parent theory for dual higher spin gravities<\/strong><\/em> | 10 February 2025<\/li>\n<li><strong>Patricio Salgado-Rebolledo<\/strong> (U. Adolfo Ibanez, Santiago) | <strong><em>Maxwell gravity from an expansion in the cosmological constant<\/em><\/strong> | 22 January 2025<\/li>\n<li><strong>Keith Glennon<\/strong> (OIST, Okinawa) |\u00a0<em><strong>K27 Symmetry of String Theory and Bosonic M-Theory<\/strong><\/em> | 13 January 2025<\/li>\n<li><strong>Giorgio Leone<\/strong> (SNS Pisa) |\u00a0<strong><em>New non-supersymmetric tachyon-free orientifolds in 6d and unitarity constraints<\/em><\/strong> | 18 December 2024<\/li>\n<li><strong>Alessandro Tomasiello<\/strong> (U. Milano Bicocca) | <em><strong>Higher spins and Finsler geometry<\/strong><\/em> | 3 December 2024<\/li>\n<li><strong>Guillaume Bossard<\/strong> (CPHT, Palaiseau) | <em><strong>Higher dual fields and E11<\/strong><\/em> | 26 November 2024<\/li>\n<li><strong>Saurabh Pant<\/strong> (IISER, Pune) |\u00a0<em><strong>Supersymmetric Yang-Mills theories without anti-commuting variables<\/strong><\/em> | 20 November 2024<\/li>\n<li><strong>Maximo Banados<\/strong> (Pontificia Universidad Cat\u00f3lica de Chile, Santiago) |\u00a0<em><strong>Weyl symmetry and symmetry breaking<\/strong><\/em> | 15 November 2024<\/li>\n<li><strong>Kristiansen Lara<\/strong> (CECs, Valdivia) |\u00a0<em><strong>Hagedorn Behavior and Log Corrections to Geometrized Integrable Systems<\/strong><\/em> | 11 October 2024<\/li>\n<li><strong>Viacheslav Krivorol<\/strong> (ITMP MSU, Steklov Mathematical Institute) | <em><strong>First-order GLSM construction in sigma models: complex projective spaces and beyond<\/strong><\/em> | 5 September 2024<\/li>\n<\/ul>\n<p>The abstracts and the list of older local seminars are available <a href=\"https:\/\/web.umons.ac.be\/pucg\/en\/research-activities\/seminars-workshops\/seminars\/\">here<\/a>.<\/p>\n            \t<\/div>\n            <\/div>\n        <\/div>\n                <div class=\"accordion-inner\">\n            <div class=\"accordion-bellow\">\n                <button class=\"accordion-bellow-toggle scheme-background-hover\" data-target=\"#accordion-content-69b59b6e15c43\">\n                    <span class=\"icon umons-icon-chevron-down\" aria-hidden=\"true\"><\/span> Visiting scientists in 2023-24                <\/button>\n            <\/div>\n            <div id=\"accordion-content-69b59b6e15c43\" class=\"accordion-content\">\n            \t<div class=\"inner editor-front\">\n            \t\t<p>Long-term visitors:<\/p>\n<ul>\n<li><strong>Marios Petropoulos<\/strong> (\u00c9cole polytecnique, France), May-September 2024<\/li>\n<li><strong>Matthieu Vilatte<\/strong> (\u00c9cole polytecnique, France and Aristotle U. of Thessaloniki, Greece), June 2024<\/li>\n<\/ul>\n<p>Short-term visitors:<\/p>\n<ul>\n<li><strong>Dmitrii Rudinskii<\/strong> (ITMP MSU, Russia), 7-28 September 2024<\/li>\n<li><strong>Viacheslav Krivorol<\/strong> (ITMP MSU, Russia), 2-13 September 2024<\/li>\n<li><strong>Subho Chatterjee<\/strong> (UC Davis, United States), 15-19 July 2024<\/li>\n<li><strong>Simon Pekar<\/strong> (\u00c9cole polytecnique, France), 2-12 July 2024<\/li>\n<li><strong>Felipe Figueroa<\/strong> (LAPTH Annecy, France), 1-3 July 2024<\/li>\n<li><strong>Xavier Bekaert<\/strong> (U. Tours, France), 10-14 June 2024<\/li>\n<li><strong>Mirian Tsulaia<\/strong> (OIST, Japan), 21-31 May 2024<\/li>\n<li><b><span data-sheets-formula-bar-text-style=\"font-size:13px;color:#000000;font-weight:normal;text-decoration:none;font-family:'Arial';font-style:normal;text-decoration-skip-ink:none;\">Sylvain Lavau<\/span> <\/b>(Ru\u0111er Bo\u0161kovi\u0107 Institute, Croatia), 22-26 April, 2024<\/li>\n<li><strong>Tim Adamo <\/strong>(Edinburgh University, United Kingdom), 23-26 April, 2024<\/li>\n<li><strong>Kurt Hinterbichler<\/strong> (Case Western Reserve University, United States), 11-16 December 2023<\/li>\n<li><strong><b>Anders Bengtsson<\/b><\/strong> (University of Bor\u00e5s, Sweden), 23-27 October 2023<\/li>\n<li><strong>Athanasios Chatzistavrakidis<\/strong> (Boskovic Institute Zagreb, Croatia), 9-13 October 2023<\/li>\n<\/ul>\n            \t<\/div>\n            <\/div>\n        <\/div>\n            <\/div>\n<end-cask-shortcode-wrapper>\n<p>&nbsp;<\/p>\n<p>Older seminars are listed <a href=\"https:\/\/web.umons.ac.be\/pucg\/en\/research-activities\/seminars-workshops\/seminars\/\">here<\/a>, while you can find a list of previous scientific visits <a href=\"https:\/\/web.umons.ac.be\/pucg\/en\/research-activities\/seminars-workshops\/visiting-scientists\/\">here<\/a>. Between 2020 and 2022 we also contributed to the organisation of the <a href=\"https:\/\/inspirehep.net\/seminars?sort=datedesc&amp;size=25&amp;page=1&amp;start_date=all&amp;q=series.name%3A%22Higher%20Spin%20Gravity%20online-club%22\" target=\"_blanck\" rel=\"noopener\">Higher Spin Gravity online-club<\/a>.<\/p>\n","protected":false},"excerpt":{"rendered":"<p>Besides being involved in the organisation of the joint Belgian hep-th seminars, we organise local seminars, advanced lecture series and thematic or generic journal clubs. Moreover, we regularly organise international workshops in Mons and host international visitors. &nbsp; &nbsp; Older seminars are listed here, while you can find a list of previous scientific visits here. [&hellip;]<\/p>\n","protected":false},"author":152,"featured_media":0,"parent":17,"menu_order":0,"comment_status":"closed","ping_status":"closed","template":"","meta":{"footnotes":""},"class_list":["post-689","page","type-page","status-publish","hentry"],"yoast_head":"<!-- This site is optimized with the Yoast SEO plugin v27.2 - https:\/\/yoast.com\/product\/yoast-seo-wordpress\/ -->\n<title>Seminars &amp; workshops - Service \/ FS - Physique de l&#039;Univers, Champs et Gravitation<\/title>\n<meta name=\"robots\" content=\"index, follow, max-snippet:-1, max-image-preview:large, max-video-preview:-1\" \/>\n<link rel=\"canonical\" href=\"https:\/\/web.umons.ac.be\/pucg\/en\/research-activities\/seminars-workshops\/\" \/>\n<meta property=\"og:locale\" content=\"fr_FR\" \/>\n<meta property=\"og:type\" content=\"article\" \/>\n<meta property=\"og:title\" content=\"Seminars &amp; workshops - Service \/ FS - Physique de l&#039;Univers, Champs et Gravitation\" \/>\n<meta property=\"og:description\" content=\"Besides being involved in the organisation of the joint Belgian hep-th seminars, we organise local seminars, advanced lecture series and thematic or generic journal clubs. Moreover, we regularly organise international workshops in Mons and host international visitors. &nbsp; &nbsp; Older seminars are listed here, while you can find a list of previous scientific visits here. [&hellip;]\" \/>\n<meta property=\"og:url\" content=\"https:\/\/web.umons.ac.be\/pucg\/en\/research-activities\/seminars-workshops\/\" \/>\n<meta property=\"og:site_name\" content=\"Service \/ FS - Physique de l&#039;Univers, Champs et Gravitation\" \/>\n<meta property=\"article:modified_time\" content=\"2026-03-14T17:33:41+00:00\" \/>\n<meta name=\"twitter:card\" content=\"summary_large_image\" \/>\n<meta name=\"twitter:label1\" content=\"Dur\u00e9e de lecture estim\u00e9e\" \/>\n\t<meta name=\"twitter:data1\" content=\"1 minute\" \/>\n<script type=\"application\/ld+json\" class=\"yoast-schema-graph\">{\"@context\":\"https:\/\/schema.org\",\"@graph\":[{\"@type\":\"WebPage\",\"@id\":\"https:\/\/web.umons.ac.be\/pucg\/en\/research-activities\/seminars-workshops\/\",\"url\":\"https:\/\/web.umons.ac.be\/pucg\/en\/research-activities\/seminars-workshops\/\",\"name\":\"Seminars & workshops - Service \/ FS - Physique de l'Univers, Champs et Gravitation\",\"isPartOf\":{\"@id\":\"https:\/\/web.umons.ac.be\/pucg\/#website\"},\"datePublished\":\"2022-12-09T10:46:36+00:00\",\"dateModified\":\"2026-03-14T17:33:41+00:00\",\"breadcrumb\":{\"@id\":\"https:\/\/web.umons.ac.be\/pucg\/en\/research-activities\/seminars-workshops\/#breadcrumb\"},\"inLanguage\":\"fr-FR\",\"potentialAction\":[{\"@type\":\"ReadAction\",\"target\":[\"https:\/\/web.umons.ac.be\/pucg\/en\/research-activities\/seminars-workshops\/\"]}]},{\"@type\":\"BreadcrumbList\",\"@id\":\"https:\/\/web.umons.ac.be\/pucg\/en\/research-activities\/seminars-workshops\/#breadcrumb\",\"itemListElement\":[{\"@type\":\"ListItem\",\"position\":1,\"name\":\"Home\",\"item\":\"https:\/\/web.umons.ac.be\/pucg\/\"},{\"@type\":\"ListItem\",\"position\":2,\"name\":\"Research activities\",\"item\":\"https:\/\/web.umons.ac.be\/pucg\/en\/research-activities\/\"},{\"@type\":\"ListItem\",\"position\":3,\"name\":\"Seminars &#038; workshops\"}]},{\"@type\":\"WebSite\",\"@id\":\"https:\/\/web.umons.ac.be\/pucg\/#website\",\"url\":\"https:\/\/web.umons.ac.be\/pucg\/\",\"name\":\"Service \/ FS - Physique de l'Univers, Champs et Gravitation\",\"description\":\"\",\"potentialAction\":[{\"@type\":\"SearchAction\",\"target\":{\"@type\":\"EntryPoint\",\"urlTemplate\":\"https:\/\/web.umons.ac.be\/pucg\/?s={search_term_string}\"},\"query-input\":{\"@type\":\"PropertyValueSpecification\",\"valueRequired\":true,\"valueName\":\"search_term_string\"}}],\"inLanguage\":\"fr-FR\"}]}<\/script>\n<!-- \/ Yoast SEO plugin. -->","yoast_head_json":{"title":"Seminars & workshops - Service \/ FS - Physique de l'Univers, Champs et Gravitation","robots":{"index":"index","follow":"follow","max-snippet":"max-snippet:-1","max-image-preview":"max-image-preview:large","max-video-preview":"max-video-preview:-1"},"canonical":"https:\/\/web.umons.ac.be\/pucg\/en\/research-activities\/seminars-workshops\/","og_locale":"fr_FR","og_type":"article","og_title":"Seminars & workshops - Service \/ FS - Physique de l'Univers, Champs et Gravitation","og_description":"Besides being involved in the organisation of the joint Belgian hep-th seminars, we organise local seminars, advanced lecture series and thematic or generic journal clubs. Moreover, we regularly organise international workshops in Mons and host international visitors. &nbsp; &nbsp; Older seminars are listed here, while you can find a list of previous scientific visits here. [&hellip;]","og_url":"https:\/\/web.umons.ac.be\/pucg\/en\/research-activities\/seminars-workshops\/","og_site_name":"Service \/ FS - Physique de l'Univers, Champs et Gravitation","article_modified_time":"2026-03-14T17:33:41+00:00","twitter_card":"summary_large_image","twitter_misc":{"Dur\u00e9e de lecture estim\u00e9e":"1 minute"},"schema":{"@context":"https:\/\/schema.org","@graph":[{"@type":"WebPage","@id":"https:\/\/web.umons.ac.be\/pucg\/en\/research-activities\/seminars-workshops\/","url":"https:\/\/web.umons.ac.be\/pucg\/en\/research-activities\/seminars-workshops\/","name":"Seminars & workshops - Service \/ FS - Physique de l'Univers, Champs et Gravitation","isPartOf":{"@id":"https:\/\/web.umons.ac.be\/pucg\/#website"},"datePublished":"2022-12-09T10:46:36+00:00","dateModified":"2026-03-14T17:33:41+00:00","breadcrumb":{"@id":"https:\/\/web.umons.ac.be\/pucg\/en\/research-activities\/seminars-workshops\/#breadcrumb"},"inLanguage":"fr-FR","potentialAction":[{"@type":"ReadAction","target":["https:\/\/web.umons.ac.be\/pucg\/en\/research-activities\/seminars-workshops\/"]}]},{"@type":"BreadcrumbList","@id":"https:\/\/web.umons.ac.be\/pucg\/en\/research-activities\/seminars-workshops\/#breadcrumb","itemListElement":[{"@type":"ListItem","position":1,"name":"Home","item":"https:\/\/web.umons.ac.be\/pucg\/"},{"@type":"ListItem","position":2,"name":"Research activities","item":"https:\/\/web.umons.ac.be\/pucg\/en\/research-activities\/"},{"@type":"ListItem","position":3,"name":"Seminars &#038; workshops"}]},{"@type":"WebSite","@id":"https:\/\/web.umons.ac.be\/pucg\/#website","url":"https:\/\/web.umons.ac.be\/pucg\/","name":"Service \/ FS - Physique de l'Univers, Champs et Gravitation","description":"","potentialAction":[{"@type":"SearchAction","target":{"@type":"EntryPoint","urlTemplate":"https:\/\/web.umons.ac.be\/pucg\/?s={search_term_string}"},"query-input":{"@type":"PropertyValueSpecification","valueRequired":true,"valueName":"search_term_string"}}],"inLanguage":"fr-FR"}]}},"lang":"en","translations":{"en":689},"pll_sync_post":[],"_links":{"self":[{"href":"https:\/\/web.umons.ac.be\/pucg\/wp-json\/wp\/v2\/pages\/689","targetHints":{"allow":["GET"]}}],"collection":[{"href":"https:\/\/web.umons.ac.be\/pucg\/wp-json\/wp\/v2\/pages"}],"about":[{"href":"https:\/\/web.umons.ac.be\/pucg\/wp-json\/wp\/v2\/types\/page"}],"author":[{"embeddable":true,"href":"https:\/\/web.umons.ac.be\/pucg\/wp-json\/wp\/v2\/users\/152"}],"replies":[{"embeddable":true,"href":"https:\/\/web.umons.ac.be\/pucg\/wp-json\/wp\/v2\/comments?post=689"}],"version-history":[{"count":4,"href":"https:\/\/web.umons.ac.be\/pucg\/wp-json\/wp\/v2\/pages\/689\/revisions"}],"predecessor-version":[{"id":1531,"href":"https:\/\/web.umons.ac.be\/pucg\/wp-json\/wp\/v2\/pages\/689\/revisions\/1531"}],"up":[{"embeddable":true,"href":"https:\/\/web.umons.ac.be\/pucg\/wp-json\/wp\/v2\/pages\/17"}],"wp:attachment":[{"href":"https:\/\/web.umons.ac.be\/pucg\/wp-json\/wp\/v2\/media?parent=689"}],"curies":[{"name":"wp","href":"https:\/\/api.w.org\/{rel}","templated":true}]}}