{"id":697,"date":"2022-12-09T12:28:47","date_gmt":"2022-12-09T11:28:47","guid":{"rendered":"https:\/\/web.umons.ac.be\/pucg\/?page_id=697"},"modified":"2024-10-11T15:59:34","modified_gmt":"2024-10-11T13:59:34","slug":"visiting-scientists","status":"publish","type":"page","link":"https:\/\/web.umons.ac.be\/pucg\/en\/research-activities\/seminars-workshops\/visiting-scientists\/","title":{"rendered":"Visiting scientists"},"content":{"rendered":"<h5>Academic year 2024-2025<\/h5>\n<ul>\n<li><strong>Kristiansen Lara\u00a0<\/strong>(CECs Valdivia, Chile), 7-11 October 2024<\/li>\n<li><strong>Carlo Heissenberg<\/strong> (Queen Mary University of London, United Kingdom), 7-11 October 2024<\/li>\n<li><strong>Yihao Yin<\/strong> (NUAA Nanjing, China), 17 September &#8211; 14 November 2024<\/li>\n<li><strong>Dario Francia<\/strong> (U. Roma Tre, Italy), 16-20 September 2024<\/li>\n<\/ul>\n<p>&nbsp;<\/p>\n<h5>Academic year 2023-2024<\/h5>\n<ul>\n<li><strong>Dmitrii Rudinskii<\/strong> (ITMP MSU, Russia), 7-28 September 2024<\/li>\n<li><strong>Martin Cederwall<\/strong> (Chalmers U., Sweden), 5-12 September 2024<\/li>\n<li><strong>Viacheslav Krivorol<\/strong> (ITMP MSU, Russia), 2-13 September 2024<\/li>\n<li><strong>Subho Chatterjee<\/strong> (UC Davis, United States), 15-19 July 2024<\/li>\n<li><strong>Simon Pekar<\/strong> (CPHT &#8211; \u00c9cole polytechnique, France), 2-12 July 2024<\/li>\n<li><strong>Felipe Figueroa<\/strong> (LAPTH Annecy, France), 1-3 July 2024<\/li>\n<li><strong>Matthieu Vilatte<\/strong> (CPHT &#8211; \u00c9cole polytechnique, France and Aristotle U. of Thessaloniki, Greece), 11 June &#8211; 12 July 2024<\/li>\n<li><strong>Xavier Bekaert<\/strong> (U. Tours, France), 10-14 June 2024<\/li>\n<li><strong>Mirian Tsulaia<\/strong> (OIST, Japan), 21-31 May 2024<\/li>\n<li><strong>Marios P. Petropoulos<\/strong> (CPHT &#8211; \u00c9cole polytechnique, France), 14 May &#8211; 6 June and 1-31 July 2024<\/li>\n<li><b><span data-sheets-formula-bar-text-style=\"font-size:13px;color:#000000;font-weight:normal;text-decoration:none;font-family:'Arial';font-style:normal;text-decoration-skip-ink:none;\">Sylvain Lavau<\/span> <\/b>(Ru\u0111er Bo\u0161kovi\u0107 Institute, Zagreb, Croatia), 22-26 April, 2024<\/li>\n<li><strong>Tim Adamo <\/strong>(Edinburgh University, United Kingdom), 23-26 April, 2024<\/li>\n<li><strong>Kurt Hinterbichler<\/strong> (Case Western Reserve University, United States), 11-16 December 2023<\/li>\n<li><strong>Blagoje Oblak <\/strong>(ULB Brussels, Belgium), 8 November 2023<\/li>\n<li><strong>Antoine Bourget\u00a0<\/strong>(IPhT Saclay and LPENS Paris, France), 7-8 November 2023<\/li>\n<li><strong>Kristiansen Lara<\/strong> (CECs, Chile), 26 October 2023<\/li>\n<li><strong>Anders Bengtsson<\/strong> (University of Bor\u00e5s, Sweden), 23-27 October 2023<\/li>\n<li><strong>Athanasios Chatzistavrakidis<\/strong> (Ru\u0111er Bo\u0161kovi\u0107 Institute, Zagreb, Croatia), 9-13 October 2023<\/li>\n<\/ul>\n<p>&nbsp;<\/p>\n<h5>Academic year 2022-2023<\/h5>\n<ul>\n<li><strong>Euhiun Joung<\/strong> (Kyung Hee University, South Korea), 4-15 September 2023<\/li>\n<li><strong>Dario Francia<\/strong> (Roma III University, Italy), 4-8 September 2023<\/li>\n<li><strong>Marios P. Petropoulos<\/strong> (CPHT &#8211; \u00c9cole polytechnique, France), 28-31 August 2023<\/li>\n<li><strong>Nikita Misuna<\/strong> (AEI Potsdam, Germany), 21-25 August 2023<\/li>\n<li><strong>Jakob Palmkvist<\/strong> (Orebro University, Sweden) | 24-28 April 2023<\/li>\n<li><strong>Piotr Tourkine<\/strong> (CNRS &amp; LAPTh Annecy, France) | 28-29 March 2023<\/li>\n<li><strong>Matthieu Vilatte<\/strong> (CPHT &#8211; Ecole Polytechnique, France) | 27-31 March and 2-30 May 2023<\/li>\n<li><strong>Boris Pioline<\/strong> (CNRS &amp; LPTHE, Sorbonne University, France) | 15 March 2023<\/li>\n<li><strong>Harold Steinacker<\/strong> (University of Vienna, Austria) | 27 February &#8211; 2 March 2023<\/li>\n<li><strong>Ivano Basile<\/strong> (ASC, LMU Munich, Germany) | 14-15 February 2023<\/li>\n<li><strong>Per Sundell<\/strong> (Universidad del B\u00edo-B\u00edo, Chile) | 5-23 December 2022 and 13 February &#8211; 3 March 2023<\/li>\n<li><strong>Oliver Schlotterer<\/strong> (Uppsala University, Sweden) | 29 November &#8211; 3 December 2022<\/li>\n<li><strong>Joris Raeymaekers<\/strong> (ASCR Prague, Czech Republic) | 20-22 November 2022<\/li>\n<li><strong>Ioannis Tsiares<\/strong> (IPhT, CEA Saclay, France) | 16-17 November 2022<\/li>\n<li><strong>Ricardo Monteiro<\/strong> (Queen Mary University of London, United Kingdom) | 26 October 2022<\/li>\n<li><strong>Renann Lipinski Jusinskas<\/strong> (CEICO Prague, Czech Republic) | 3-7 October 2022<\/li>\n<li><strong>Stefan Fredenhagen<\/strong> (University of Vienna, Austria) | 19-30 September 2022<\/li>\n<\/ul>\n","protected":false},"excerpt":{"rendered":"<p>Academic year 2024-2025 Kristiansen Lara\u00a0(CECs Valdivia, Chile), 7-11 October 2024 Carlo Heissenberg (Queen Mary University of London, United Kingdom), 7-11 October 2024 Yihao Yin (NUAA Nanjing, China), 17 September &#8211; 14 November 2024 Dario Francia (U. Roma Tre, Italy), 16-20 September 2024 &nbsp; Academic year 2023-2024 Dmitrii Rudinskii (ITMP MSU, Russia), 7-28 September 2024 Martin [&hellip;]<\/p>\n","protected":false},"author":152,"featured_media":0,"parent":689,"menu_order":0,"comment_status":"closed","ping_status":"closed","template":"","meta":{"footnotes":""},"class_list":["post-697","page","type-page","status-publish","hentry"],"yoast_head":"<!-- This site is optimized with the Yoast SEO plugin v27.2 - https:\/\/yoast.com\/product\/yoast-seo-wordpress\/ -->\n<title>Visiting scientists - Service \/ FS - Physique de l&#039;Univers, Champs et Gravitation<\/title>\n<meta name=\"robots\" content=\"index, follow, max-snippet:-1, max-image-preview:large, max-video-preview:-1\" \/>\n<link rel=\"canonical\" href=\"https:\/\/web.umons.ac.be\/pucg\/en\/research-activities\/seminars-workshops\/visiting-scientists\/\" \/>\n<meta property=\"og:locale\" content=\"fr_FR\" \/>\n<meta property=\"og:type\" content=\"article\" \/>\n<meta property=\"og:title\" content=\"Visiting scientists - Service \/ FS - Physique de l&#039;Univers, Champs et Gravitation\" \/>\n<meta property=\"og:description\" content=\"Academic year 2024-2025 Kristiansen Lara\u00a0(CECs Valdivia, Chile), 7-11 October 2024 Carlo Heissenberg (Queen Mary University of London, United Kingdom), 7-11 October 2024 Yihao Yin (NUAA Nanjing, China), 17 September &#8211; 14 November 2024 Dario Francia (U. Roma Tre, Italy), 16-20 September 2024 &nbsp; Academic year 2023-2024 Dmitrii Rudinskii (ITMP MSU, Russia), 7-28 September 2024 Martin [&hellip;]\" \/>\n<meta property=\"og:url\" content=\"https:\/\/web.umons.ac.be\/pucg\/en\/research-activities\/seminars-workshops\/visiting-scientists\/\" \/>\n<meta property=\"og:site_name\" content=\"Service \/ FS - Physique de l&#039;Univers, Champs et Gravitation\" \/>\n<meta property=\"article:modified_time\" content=\"2024-10-11T13:59:34+00:00\" \/>\n<meta name=\"twitter:card\" content=\"summary_large_image\" \/>\n<meta name=\"twitter:label1\" content=\"Dur\u00e9e de lecture estim\u00e9e\" \/>\n\t<meta name=\"twitter:data1\" content=\"3 minutes\" \/>\n<script type=\"application\/ld+json\" class=\"yoast-schema-graph\">{\"@context\":\"https:\/\/schema.org\",\"@graph\":[{\"@type\":\"WebPage\",\"@id\":\"https:\/\/web.umons.ac.be\/pucg\/en\/research-activities\/seminars-workshops\/visiting-scientists\/\",\"url\":\"https:\/\/web.umons.ac.be\/pucg\/en\/research-activities\/seminars-workshops\/visiting-scientists\/\",\"name\":\"Visiting scientists - Service \/ FS - Physique de l'Univers, Champs et Gravitation\",\"isPartOf\":{\"@id\":\"https:\/\/web.umons.ac.be\/pucg\/#website\"},\"datePublished\":\"2022-12-09T11:28:47+00:00\",\"dateModified\":\"2024-10-11T13:59:34+00:00\",\"breadcrumb\":{\"@id\":\"https:\/\/web.umons.ac.be\/pucg\/en\/research-activities\/seminars-workshops\/visiting-scientists\/#breadcrumb\"},\"inLanguage\":\"fr-FR\",\"potentialAction\":[{\"@type\":\"ReadAction\",\"target\":[\"https:\/\/web.umons.ac.be\/pucg\/en\/research-activities\/seminars-workshops\/visiting-scientists\/\"]}]},{\"@type\":\"BreadcrumbList\",\"@id\":\"https:\/\/web.umons.ac.be\/pucg\/en\/research-activities\/seminars-workshops\/visiting-scientists\/#breadcrumb\",\"itemListElement\":[{\"@type\":\"ListItem\",\"position\":1,\"name\":\"Home\",\"item\":\"https:\/\/web.umons.ac.be\/pucg\/\"},{\"@type\":\"ListItem\",\"position\":2,\"name\":\"Research activities\",\"item\":\"https:\/\/web.umons.ac.be\/pucg\/en\/research-activities\/\"},{\"@type\":\"ListItem\",\"position\":3,\"name\":\"Seminars &#038; workshops\",\"item\":\"https:\/\/web.umons.ac.be\/pucg\/en\/research-activities\/seminars-workshops\/\"},{\"@type\":\"ListItem\",\"position\":4,\"name\":\"Visiting scientists\"}]},{\"@type\":\"WebSite\",\"@id\":\"https:\/\/web.umons.ac.be\/pucg\/#website\",\"url\":\"https:\/\/web.umons.ac.be\/pucg\/\",\"name\":\"Service \/ FS - Physique de l'Univers, Champs et Gravitation\",\"description\":\"\",\"potentialAction\":[{\"@type\":\"SearchAction\",\"target\":{\"@type\":\"EntryPoint\",\"urlTemplate\":\"https:\/\/web.umons.ac.be\/pucg\/?s={search_term_string}\"},\"query-input\":{\"@type\":\"PropertyValueSpecification\",\"valueRequired\":true,\"valueName\":\"search_term_string\"}}],\"inLanguage\":\"fr-FR\"}]}<\/script>\n<!-- \/ Yoast SEO plugin. -->","yoast_head_json":{"title":"Visiting scientists - Service \/ FS - Physique de l'Univers, Champs et Gravitation","robots":{"index":"index","follow":"follow","max-snippet":"max-snippet:-1","max-image-preview":"max-image-preview:large","max-video-preview":"max-video-preview:-1"},"canonical":"https:\/\/web.umons.ac.be\/pucg\/en\/research-activities\/seminars-workshops\/visiting-scientists\/","og_locale":"fr_FR","og_type":"article","og_title":"Visiting scientists - Service \/ FS - Physique de l'Univers, Champs et Gravitation","og_description":"Academic year 2024-2025 Kristiansen Lara\u00a0(CECs Valdivia, Chile), 7-11 October 2024 Carlo Heissenberg (Queen Mary University of London, United Kingdom), 7-11 October 2024 Yihao Yin (NUAA Nanjing, China), 17 September &#8211; 14 November 2024 Dario Francia (U. Roma Tre, Italy), 16-20 September 2024 &nbsp; Academic year 2023-2024 Dmitrii Rudinskii (ITMP MSU, Russia), 7-28 September 2024 Martin [&hellip;]","og_url":"https:\/\/web.umons.ac.be\/pucg\/en\/research-activities\/seminars-workshops\/visiting-scientists\/","og_site_name":"Service \/ FS - Physique de l'Univers, Champs et Gravitation","article_modified_time":"2024-10-11T13:59:34+00:00","twitter_card":"summary_large_image","twitter_misc":{"Dur\u00e9e de lecture estim\u00e9e":"3 minutes"},"schema":{"@context":"https:\/\/schema.org","@graph":[{"@type":"WebPage","@id":"https:\/\/web.umons.ac.be\/pucg\/en\/research-activities\/seminars-workshops\/visiting-scientists\/","url":"https:\/\/web.umons.ac.be\/pucg\/en\/research-activities\/seminars-workshops\/visiting-scientists\/","name":"Visiting scientists - Service \/ FS - Physique de l'Univers, Champs et Gravitation","isPartOf":{"@id":"https:\/\/web.umons.ac.be\/pucg\/#website"},"datePublished":"2022-12-09T11:28:47+00:00","dateModified":"2024-10-11T13:59:34+00:00","breadcrumb":{"@id":"https:\/\/web.umons.ac.be\/pucg\/en\/research-activities\/seminars-workshops\/visiting-scientists\/#breadcrumb"},"inLanguage":"fr-FR","potentialAction":[{"@type":"ReadAction","target":["https:\/\/web.umons.ac.be\/pucg\/en\/research-activities\/seminars-workshops\/visiting-scientists\/"]}]},{"@type":"BreadcrumbList","@id":"https:\/\/web.umons.ac.be\/pucg\/en\/research-activities\/seminars-workshops\/visiting-scientists\/#breadcrumb","itemListElement":[{"@type":"ListItem","position":1,"name":"Home","item":"https:\/\/web.umons.ac.be\/pucg\/"},{"@type":"ListItem","position":2,"name":"Research activities","item":"https:\/\/web.umons.ac.be\/pucg\/en\/research-activities\/"},{"@type":"ListItem","position":3,"name":"Seminars &#038; workshops","item":"https:\/\/web.umons.ac.be\/pucg\/en\/research-activities\/seminars-workshops\/"},{"@type":"ListItem","position":4,"name":"Visiting scientists"}]},{"@type":"WebSite","@id":"https:\/\/web.umons.ac.be\/pucg\/#website","url":"https:\/\/web.umons.ac.be\/pucg\/","name":"Service \/ FS - Physique de l'Univers, Champs et Gravitation","description":"","potentialAction":[{"@type":"SearchAction","target":{"@type":"EntryPoint","urlTemplate":"https:\/\/web.umons.ac.be\/pucg\/?s={search_term_string}"},"query-input":{"@type":"PropertyValueSpecification","valueRequired":true,"valueName":"search_term_string"}}],"inLanguage":"fr-FR"}]}},"lang":"en","translations":{"en":697},"pll_sync_post":[],"_links":{"self":[{"href":"https:\/\/web.umons.ac.be\/pucg\/wp-json\/wp\/v2\/pages\/697","targetHints":{"allow":["GET"]}}],"collection":[{"href":"https:\/\/web.umons.ac.be\/pucg\/wp-json\/wp\/v2\/pages"}],"about":[{"href":"https:\/\/web.umons.ac.be\/pucg\/wp-json\/wp\/v2\/types\/page"}],"author":[{"embeddable":true,"href":"https:\/\/web.umons.ac.be\/pucg\/wp-json\/wp\/v2\/users\/152"}],"replies":[{"embeddable":true,"href":"https:\/\/web.umons.ac.be\/pucg\/wp-json\/wp\/v2\/comments?post=697"}],"version-history":[{"count":4,"href":"https:\/\/web.umons.ac.be\/pucg\/wp-json\/wp\/v2\/pages\/697\/revisions"}],"predecessor-version":[{"id":1256,"href":"https:\/\/web.umons.ac.be\/pucg\/wp-json\/wp\/v2\/pages\/697\/revisions\/1256"}],"up":[{"embeddable":true,"href":"https:\/\/web.umons.ac.be\/pucg\/wp-json\/wp\/v2\/pages\/689"}],"wp:attachment":[{"href":"https:\/\/web.umons.ac.be\/pucg\/wp-json\/wp\/v2\/media?parent=697"}],"curies":[{"name":"wp","href":"https:\/\/api.w.org\/{rel}","templated":true}]}}