{"id":7,"date":"2021-11-04T09:12:27","date_gmt":"2021-11-04T08:12:27","guid":{"rendered":"https:\/\/web.umons.ac.be\/pucg\/equipe\/"},"modified":"2026-02-24T17:24:31","modified_gmt":"2026-02-24T16:24:31","slug":"equipe","status":"publish","type":"page","link":"https:\/\/web.umons.ac.be\/pucg\/equipe\/","title":{"rendered":"\u00c9quipe"},"content":{"rendered":"<h2>Membres permanents<\/h2>\n<ul>\n<li><span style=\"font-size: 12pt;\"><span style=\"color: #5f686b;\"><a style=\"text-decoration: none; color: #5f686b;\" href=\"https:\/\/web.umons.ac.be\/pucg\/en\/team\/boulanger\/\"><strong>Nicolas Boulanger<\/strong><\/a><\/span><br \/>\nProfesseur, Chef de Service<br \/>\n<a href=\"mailto:nicolas.boulanger@umons.ac.be\">nicolas.boulanger@umons.ac.be<\/a><br \/>\nTel. +32 (0)65 373414<\/span><\/li>\n<li><span style=\"font-size: 12pt;\"><span style=\"color: #5f686b;\"><a style=\"text-decoration: none; color: #5f686b;\" href=\"https:\/\/web.umons.ac.be\/pucg\/en\/team\/campoleoni\/\"><strong>Andrea Campoleoni<\/strong><\/a><\/span><br \/>\nChercheur Qualifi\u00e9 du F.R.S.-FNRS<br \/>\n<a href=\"mailto:andrea.campoleoni@umons.ac.be\">andrea.campoleoni@umons.ac.be<\/a><br \/>\nTel. +32 (0)65 372266<br \/>\n<\/span><\/li>\n<li><span style=\"font-size: 12pt;\"><span style=\"color: #5f686b;\"><a style=\"text-decoration: none; color: #5f686b;\" href=\"https:\/\/web.umons.ac.be\/pucg\/en\/team\/donnay\/\"><strong>Laura Donnay<\/strong><\/a><\/span><br \/>\nChercheuse Qualifi\u00e9e du F.R.S.-FNRS (de Septembre 2026)<br \/>\n<a href=\"mailto:laura.donnay@umons.ac.be\">laura.donnay@umons.ac.be<\/a><\/span><\/li>\n<li><span style=\"font-size: 12pt;\"><span style=\"color: #5f686b;\"><a style=\"text-decoration: none; color: #5f686b;\" href=\"https:\/\/web.umons.ac.be\/pucg\/en\/team\/skvortsov\/\"><strong>Evgeny Skvortsov<\/strong><\/a><\/span><br \/>\nChercheur Qualifi\u00e9 du F.R.S.-FNRS<br \/>\n<a href=\"mailto:evgeny.skvortsov@umons.ac.be\">evgeny.skvortsov@umons.ac.be<\/a><br \/>\nTel. +32 (0)65 373899<\/span><\/li>\n<\/ul>\n<p>&nbsp;<\/p>\n<h2>Professeurs visiteurs<\/h2>\n<ul>\n<li><span style=\"font-size: 12pt;\"><span style=\"color: #5f686b;\"><a style=\"text-decoration: none; color: #5f686b;\" href=\"https:\/\/web.umons.ac.be\/pucg\/en\/team\/grigoriev\/\"><strong>Maxim Grigoriev<\/strong><\/a><\/span><br \/>\nPromoteur d&rsquo;un projet MIS Ulysse du F.R.S.-FNRS<br \/>\n<a href=\"mailto:maxim.grigoriev@umons.ac.be\">maxim.grigoriev@umons.ac.be<\/a> <\/span><\/li>\n<\/ul>\n<p>&nbsp;<\/p>\n<h2>Emeriti<\/h2>\n<ul>\n<li><span style=\"font-size: 12pt;\"><strong>Yves Brihaye<\/strong><br \/>\n<a href=\"mailto:yves.brihaye@umons.ac.be\">yves.brihaye@umons.ac.be<\/a><br \/>\nTel. +32 (0)65 373452<\/span><\/li>\n<li><span style=\"font-size: 12pt;\"><strong>Philippe Spindel<\/strong><br \/>\n<a href=\"mailto:philippe.spindel@umons.ac.be\">philippe.spindel@umons.ac.be<\/a><br \/>\n<\/span><\/li>\n<\/ul>\n<p>&nbsp;<\/p>\n<h2>Postdoctorants<\/h2>\n<ul>\n<li><span style=\"font-size: 12pt;\"><a style=\"text-decoration: none; color: #5f686b;\" href=\"https:\/\/web.umons.ac.be\/pucg\/en\/team\/thomas-basile\/\"><strong>Thomas Basile<\/strong><\/a><\/span><span style=\"font-size: 12pt;\"><br \/>\n<\/span><\/li>\n<li><span style=\"font-size: 12pt;\"><a style=\"text-decoration: none; color: #5f686b;\" href=\"https:\/\/web.umons.ac.be\/pucg\/en\/team\/figueroa\/\"><strong>Felipe Figueroa<\/strong><\/a><\/span><\/li>\n<li><span style=\"font-size: 12pt;\"><a style=\"text-decoration: none; color: #5f686b;\" href=\"https:\/\/web.umons.ac.be\/pucg\/en\/team\/letsios\/\"><strong>Vasileios Letsios<\/strong><\/a><\/span><\/li>\n<li><span style=\"font-size: 12pt;\"><a style=\"text-decoration: none; color: #5f686b;\" href=\"https:\/\/web.umons.ac.be\/pucg\/en\/team\/piovano\/\"><strong>Gabriel Andres Piovano<\/strong><\/a><\/span><\/li>\n<li><span style=\"font-size: 12pt;\"><a style=\"text-decoration: none; color: #5f686b;\" href=\"https:\/\/web.umons.ac.be\/pucg\/en\/team\/van-dongen\/\"><strong>Richard Van Dongen<\/strong><\/a><\/span><\/li>\n<li><span style=\"font-size: 12pt;\"><a style=\"text-decoration: none; color: #5f686b;\" href=\"https:\/\/web.umons.ac.be\/pucg\/en\/team\/vilatte\/\"><strong>Matthieu Vilatte<\/strong><\/a><\/span><\/li>\n<\/ul>\n<p>&nbsp;<\/p>\n<h2>Collaborateurs scientifiques<\/h2>\n<ul>\n<li><a style=\"text-decoration: none;\" href=\"mailto:arnaud.delfante@umons.ac.be\"><span style=\"font-size: 12pt;\"><strong><span style=\"color: #5f686b;\">Arnaud Delfante<\/span><\/strong><\/span><\/a><\/li>\n<li><a style=\"text-decoration: none;\" href=\"mailto:jordan.francois@umons.ac.be\"><span style=\"font-size: 12pt;\"><strong><span style=\"color: #5f686b;\">Jordan Fran\u00e7ois<\/span><\/strong><\/span><\/a><\/li>\n<li><a style=\"text-decoration: none;\" href=\"mailto:Josh.O'CONNOR@umons.ac.be\"><span style=\"font-size: 12pt;\"><strong><span style=\"color: #5f686b;\">Josh O&rsquo;Connor<\/span><\/strong><\/span><\/a><\/li>\n<li><a style=\"text-decoration: none;\" href=\"mailto:mattia.serrani@umons.ac.be\"><span style=\"font-size: 12pt;\"><strong><span style=\"color: #5f686b;\">Mattia Serrani<\/span><\/strong><\/span><\/a><\/li>\n<li><span style=\"font-size: 12pt;\"><a style=\"text-decoration: none;\" href=\"mailto:per.sundell@umons.ac.be\"><strong><span style=\"color: #5f686b;\">Per Sundell<\/span><\/strong><\/a><\/span><\/li>\n<\/ul>\n<p>&nbsp;<\/p>\n<h2>Doctorants<\/h2>\n<ul>\n<li><span style=\"font-size: 12pt; color: #5f686b;\"><a style=\"text-decoration: none; color: #5f686b;\" href=\"https:\/\/web.umons.ac.be\/pucg\/en\/team\/phd-students\/\"><strong>William Delplanque<\/strong><\/a><\/span><span style=\"font-size: 12pt; color: #5f686b;\"><br \/>\n<\/span><\/li>\n<li><span style=\"font-size: 12pt; color: #5f686b;\"><a style=\"text-decoration: none; color: #5f686b;\" href=\"https:\/\/web.umons.ac.be\/pucg\/en\/team\/phd-students\/\"><strong>Ivan Dneprov<\/strong><\/a><\/span><\/li>\n<li><span style=\"font-size: 12pt; color: #5f686b;\"><a style=\"text-decoration: none; color: #5f686b;\" href=\"https:\/\/web.umons.ac.be\/pucg\/en\/team\/phd-students\/\"><strong>Guillaume Lhost<\/strong><\/a><br \/>\n<\/span><\/li>\n<li><span style=\"font-size: 12pt; color: #5f686b;\"><a style=\"text-decoration: none; color: #5f686b;\" href=\"https:\/\/web.umons.ac.be\/pucg\/en\/team\/phd-students\/\"><strong>Nicolas Maindiaux<\/strong><\/a><br \/>\n<\/span><\/li>\n<li><span style=\"font-size: 12pt; color: #5f686b;\"><a style=\"text-decoration: none; color: #5f686b;\" href=\"https:\/\/web.umons.ac.be\/pucg\/en\/team\/phd-students\/\"><strong>Mikhail Markov<\/strong><\/a><br \/>\n<\/span><\/li>\n<li><span style=\"font-size: 12pt; color: #5f686b;\"><a style=\"text-decoration: none; color: #5f686b;\" href=\"https:\/\/web.umons.ac.be\/pucg\/en\/team\/phd-students\/\"><strong>Lea Mele<\/strong><\/a><\/span><span style=\"font-size: 12pt; color: #5f686b;\"><br \/>\n<\/span><\/li>\n<li><span style=\"font-size: 12pt; color: #5f686b;\"><a style=\"text-decoration: none; color: #5f686b;\" href=\"https:\/\/web.umons.ac.be\/pucg\/en\/team\/phd-students\/\"><strong>No\u00e9mie Parrini<\/strong><\/a><\/span><\/li>\n<li><span style=\"font-size: 12pt; color: #5f686b;\"><a style=\"text-decoration: none; color: #5f686b;\" href=\"https:\/\/web.umons.ac.be\/pucg\/en\/team\/phd-students\/\"><strong>Sylvain Thom\u00e9e<\/strong><\/a><\/span><\/li>\n<\/ul>\n<p>&nbsp;<\/p>\n<h2>Alumni<\/h2>\n<ul>\n<li><span style=\"font-size: 12pt;\"><strong>Anciens membres du service : <\/strong>Ivano Basile, Roberto Bonezzi, Arghya Chattopadhyay, Diego Chialva, Jordan Fran\u00e7ois, Yannick Herfray, Victor Lekeu, Chrysoula Markou, Kostantinos Siampos, Per Sundell, Tung Tran (<a href=\"https:\/\/web.umons.ac.be\/pucg\/equipe\/photos-de-groupe\/\">anciens photos du groupe<\/a>)<\/span><\/li>\n<li><span style=\"font-size: 12pt;\"><strong>Anciens doctorants : <\/strong>Thomas Basile, Nicol\u00f2 Colombo, David De Filippi, Victor Dehouck, Arnaud Delfante, Stephane Detournay, Shailesh Dhasmana, Yegor Goncharov, Serge Leclercq, Josh O&rsquo;Connor, Simon Pekar, Dmitri Ponomarev, Mattia Serrani, Lucas Traina, Richard Van Dongen (<a href=\"https:\/\/web.umons.ac.be\/pucg\/activites-de-recherche\/phd-theses\/\">th\u00e8ses de doctorat<\/a>)<br \/>\n<\/span><\/li>\n<\/ul>\n","protected":false},"excerpt":{"rendered":"<p>Membres permanents Nicolas Boulanger Professeur, Chef de Service nicolas.boulanger@umons.ac.be Tel. +32 (0)65 373414 Andrea Campoleoni Chercheur Qualifi\u00e9 du F.R.S.-FNRS andrea.campoleoni@umons.ac.be Tel. +32 (0)65 372266 Laura Donnay Chercheuse Qualifi\u00e9e du F.R.S.-FNRS (de Septembre 2026) laura.donnay@umons.ac.be Evgeny Skvortsov Chercheur Qualifi\u00e9 du F.R.S.-FNRS evgeny.skvortsov@umons.ac.be Tel. +32 (0)65 373899 &nbsp; Professeurs visiteurs Maxim Grigoriev Promoteur d&rsquo;un projet MIS Ulysse [&hellip;]<\/p>\n","protected":false},"author":4,"featured_media":0,"parent":0,"menu_order":0,"comment_status":"closed","ping_status":"closed","template":"","meta":{"footnotes":""},"class_list":["post-7","page","type-page","status-publish","hentry"],"yoast_head":"<!-- This site is optimized with the Yoast SEO plugin v27.2 - https:\/\/yoast.com\/product\/yoast-seo-wordpress\/ -->\n<title>\u00c9quipe - Service \/ FS - Physique de l&#039;Univers, Champs et Gravitation<\/title>\n<meta name=\"robots\" content=\"index, follow, max-snippet:-1, max-image-preview:large, max-video-preview:-1\" \/>\n<link rel=\"canonical\" href=\"https:\/\/web.umons.ac.be\/pucg\/equipe\/\" \/>\n<meta property=\"og:locale\" content=\"fr_FR\" \/>\n<meta property=\"og:type\" content=\"article\" \/>\n<meta property=\"og:title\" content=\"\u00c9quipe - Service \/ FS - Physique de l&#039;Univers, Champs et Gravitation\" \/>\n<meta property=\"og:description\" content=\"Membres permanents Nicolas Boulanger Professeur, Chef de Service nicolas.boulanger@umons.ac.be Tel. +32 (0)65 373414 Andrea Campoleoni Chercheur Qualifi\u00e9 du F.R.S.-FNRS andrea.campoleoni@umons.ac.be Tel. +32 (0)65 372266 Laura Donnay Chercheuse Qualifi\u00e9e du F.R.S.-FNRS (de Septembre 2026) laura.donnay@umons.ac.be Evgeny Skvortsov Chercheur Qualifi\u00e9 du F.R.S.-FNRS evgeny.skvortsov@umons.ac.be Tel. +32 (0)65 373899 &nbsp; Professeurs visiteurs Maxim Grigoriev Promoteur d&rsquo;un projet MIS Ulysse [&hellip;]\" \/>\n<meta property=\"og:url\" content=\"https:\/\/web.umons.ac.be\/pucg\/equipe\/\" \/>\n<meta property=\"og:site_name\" content=\"Service \/ FS - Physique de l&#039;Univers, Champs et Gravitation\" \/>\n<meta property=\"article:modified_time\" content=\"2026-02-24T16:24:31+00:00\" \/>\n<meta name=\"twitter:card\" content=\"summary_large_image\" \/>\n<meta name=\"twitter:label1\" content=\"Dur\u00e9e de lecture estim\u00e9e\" \/>\n\t<meta name=\"twitter:data1\" content=\"1 minute\" \/>\n<script type=\"application\/ld+json\" class=\"yoast-schema-graph\">{\"@context\":\"https:\/\/schema.org\",\"@graph\":[{\"@type\":\"WebPage\",\"@id\":\"https:\/\/web.umons.ac.be\/pucg\/equipe\/\",\"url\":\"https:\/\/web.umons.ac.be\/pucg\/equipe\/\",\"name\":\"\u00c9quipe - Service \/ FS - Physique de l'Univers, Champs et Gravitation\",\"isPartOf\":{\"@id\":\"https:\/\/web.umons.ac.be\/pucg\/#website\"},\"datePublished\":\"2021-11-04T08:12:27+00:00\",\"dateModified\":\"2026-02-24T16:24:31+00:00\",\"breadcrumb\":{\"@id\":\"https:\/\/web.umons.ac.be\/pucg\/equipe\/#breadcrumb\"},\"inLanguage\":\"fr-FR\",\"potentialAction\":[{\"@type\":\"ReadAction\",\"target\":[\"https:\/\/web.umons.ac.be\/pucg\/equipe\/\"]}]},{\"@type\":\"BreadcrumbList\",\"@id\":\"https:\/\/web.umons.ac.be\/pucg\/equipe\/#breadcrumb\",\"itemListElement\":[{\"@type\":\"ListItem\",\"position\":1,\"name\":\"Home\",\"item\":\"https:\/\/web.umons.ac.be\/pucg\/\"},{\"@type\":\"ListItem\",\"position\":2,\"name\":\"\u00c9quipe\"}]},{\"@type\":\"WebSite\",\"@id\":\"https:\/\/web.umons.ac.be\/pucg\/#website\",\"url\":\"https:\/\/web.umons.ac.be\/pucg\/\",\"name\":\"Service \/ FS - Physique de l'Univers, Champs et Gravitation\",\"description\":\"\",\"potentialAction\":[{\"@type\":\"SearchAction\",\"target\":{\"@type\":\"EntryPoint\",\"urlTemplate\":\"https:\/\/web.umons.ac.be\/pucg\/?s={search_term_string}\"},\"query-input\":{\"@type\":\"PropertyValueSpecification\",\"valueRequired\":true,\"valueName\":\"search_term_string\"}}],\"inLanguage\":\"fr-FR\"}]}<\/script>\n<!-- \/ Yoast SEO plugin. -->","yoast_head_json":{"title":"\u00c9quipe - Service \/ FS - Physique de l'Univers, Champs et Gravitation","robots":{"index":"index","follow":"follow","max-snippet":"max-snippet:-1","max-image-preview":"max-image-preview:large","max-video-preview":"max-video-preview:-1"},"canonical":"https:\/\/web.umons.ac.be\/pucg\/equipe\/","og_locale":"fr_FR","og_type":"article","og_title":"\u00c9quipe - Service \/ FS - Physique de l'Univers, Champs et Gravitation","og_description":"Membres permanents Nicolas Boulanger Professeur, Chef de Service nicolas.boulanger@umons.ac.be Tel. +32 (0)65 373414 Andrea Campoleoni Chercheur Qualifi\u00e9 du F.R.S.-FNRS andrea.campoleoni@umons.ac.be Tel. +32 (0)65 372266 Laura Donnay Chercheuse Qualifi\u00e9e du F.R.S.-FNRS (de Septembre 2026) laura.donnay@umons.ac.be Evgeny Skvortsov Chercheur Qualifi\u00e9 du F.R.S.-FNRS evgeny.skvortsov@umons.ac.be Tel. +32 (0)65 373899 &nbsp; Professeurs visiteurs Maxim Grigoriev Promoteur d&rsquo;un projet MIS Ulysse [&hellip;]","og_url":"https:\/\/web.umons.ac.be\/pucg\/equipe\/","og_site_name":"Service \/ FS - Physique de l'Univers, Champs et Gravitation","article_modified_time":"2026-02-24T16:24:31+00:00","twitter_card":"summary_large_image","twitter_misc":{"Dur\u00e9e de lecture estim\u00e9e":"1 minute"},"schema":{"@context":"https:\/\/schema.org","@graph":[{"@type":"WebPage","@id":"https:\/\/web.umons.ac.be\/pucg\/equipe\/","url":"https:\/\/web.umons.ac.be\/pucg\/equipe\/","name":"\u00c9quipe - Service \/ FS - Physique de l'Univers, Champs et Gravitation","isPartOf":{"@id":"https:\/\/web.umons.ac.be\/pucg\/#website"},"datePublished":"2021-11-04T08:12:27+00:00","dateModified":"2026-02-24T16:24:31+00:00","breadcrumb":{"@id":"https:\/\/web.umons.ac.be\/pucg\/equipe\/#breadcrumb"},"inLanguage":"fr-FR","potentialAction":[{"@type":"ReadAction","target":["https:\/\/web.umons.ac.be\/pucg\/equipe\/"]}]},{"@type":"BreadcrumbList","@id":"https:\/\/web.umons.ac.be\/pucg\/equipe\/#breadcrumb","itemListElement":[{"@type":"ListItem","position":1,"name":"Home","item":"https:\/\/web.umons.ac.be\/pucg\/"},{"@type":"ListItem","position":2,"name":"\u00c9quipe"}]},{"@type":"WebSite","@id":"https:\/\/web.umons.ac.be\/pucg\/#website","url":"https:\/\/web.umons.ac.be\/pucg\/","name":"Service \/ FS - Physique de l'Univers, Champs et Gravitation","description":"","potentialAction":[{"@type":"SearchAction","target":{"@type":"EntryPoint","urlTemplate":"https:\/\/web.umons.ac.be\/pucg\/?s={search_term_string}"},"query-input":{"@type":"PropertyValueSpecification","valueRequired":true,"valueName":"search_term_string"}}],"inLanguage":"fr-FR"}]}},"lang":"fr","translations":{"fr":7,"en":9},"pll_sync_post":[],"_links":{"self":[{"href":"https:\/\/web.umons.ac.be\/pucg\/wp-json\/wp\/v2\/pages\/7","targetHints":{"allow":["GET"]}}],"collection":[{"href":"https:\/\/web.umons.ac.be\/pucg\/wp-json\/wp\/v2\/pages"}],"about":[{"href":"https:\/\/web.umons.ac.be\/pucg\/wp-json\/wp\/v2\/types\/page"}],"author":[{"embeddable":true,"href":"https:\/\/web.umons.ac.be\/pucg\/wp-json\/wp\/v2\/users\/4"}],"replies":[{"embeddable":true,"href":"https:\/\/web.umons.ac.be\/pucg\/wp-json\/wp\/v2\/comments?post=7"}],"version-history":[{"count":4,"href":"https:\/\/web.umons.ac.be\/pucg\/wp-json\/wp\/v2\/pages\/7\/revisions"}],"predecessor-version":[{"id":1520,"href":"https:\/\/web.umons.ac.be\/pucg\/wp-json\/wp\/v2\/pages\/7\/revisions\/1520"}],"wp:attachment":[{"href":"https:\/\/web.umons.ac.be\/pucg\/wp-json\/wp\/v2\/media?parent=7"}],"curies":[{"name":"wp","href":"https:\/\/api.w.org\/{rel}","templated":true}]}}