{"id":741,"date":"2023-02-07T11:31:02","date_gmt":"2023-02-07T10:31:02","guid":{"rendered":"https:\/\/web.umons.ac.be\/pucg\/?page_id=741"},"modified":"2025-08-29T09:04:03","modified_gmt":"2025-08-29T07:04:03","slug":"outreach","status":"publish","type":"page","link":"https:\/\/web.umons.ac.be\/pucg\/outreach\/","title":{"rendered":"Vulgarisation"},"content":{"rendered":"<p>Les membres du Service sont impliqu\u00e9s dans les <a href=\"https:\/\/mumons.be\/museum\/activites\/journees-math-sciences-edition-2025\/\">Journ\u00e9es Math-Sciences<\/a>, organis\u00e9es chaque ann\u00e9e \u00e0 l&rsquo;UMONS pour offrir l&rsquo;opportunit\u00e9 pour les \u00e9l\u00e8ves du secondaire (4e, 5e et 6e) de d\u00e9couvrir le monde passionnant des sciences d\u2019aujourd\u2019hui.<\/p>\n<p>Dans cette page, vous trouverez des informations sur d&rsquo;autres activit\u00e9s de vulgarisation (conf\u00e9rences, textes et podcasts) souvent organis\u00e9es en collaboration avec le <a href=\"https:\/\/mumons.be\/\">MUMONS<\/a>. Bonne lecture et bonne vision !<\/p>\n<p>&nbsp;<\/p>\n<h3>Textes, podcasts et videos<\/h3>\n<table style=\"border-collapse: collapse; width: 100%;\">\n<tbody>\n<tr>\n<td style=\"width: 70%;\"><a href=\"https:\/\/soundcloud.com\/mumons\/episode-2-big-bang-theory\">The Big Bang Theory<\/a><\/p>\n<p>Avec ses 279 \u00e9pisodes \u00e9coul\u00e9s en 12 saisons, la sitcom <em>The Big Bang Theory<\/em> raconte le quotidien de deux scientifiques rattach\u00e9s \u00e0 la prestigieuse universit\u00e9 Caltech. Le contraste entre l&rsquo;intelligence analytique de L\u00e9onard et Sheldon et l&rsquo;intelligence sociale de Penny, leur voisine, serveuse dans un restaurant, est une tr\u00e8s belle r\u00e9ussite.<\/p>\n<p>Mais au-del\u00e0 de ces formes d&rsquo;intelligence qui \u00ab\u00a0cohabitent\u00a0\u00bb, ce qui est int\u00e9ressant c&rsquo;est la justesse des propos scientifiques. Dans ce podcast, Nicolas Boulanger nous explique les fondements de la th\u00e9orie des cordes, le principal sujet de recherche de Sheldon !<\/td>\n<td style=\"width: 30%;\"><img loading=\"lazy\" decoding=\"async\" class=\"wp-image-797 aligncenter\" src=\"https:\/\/web.umons.ac.be\/app\/uploads\/sites\/75\/2023\/02\/big-bang.png\" alt=\"\" width=\"190\" height=\"190\" \/><\/td>\n<\/tr>\n<\/tbody>\n<\/table>\n<table style=\"border-collapse: collapse; width: 100%;\">\n<tbody>\n<tr>\n<td style=\"width: 70%;\"><a href=\"https:\/\/vimeo.com\/1019756782\/463386f8cf\">Teaser de l&rsquo;exposition COSMOS au SPARKOH! <\/a><\/p>\n<p>Plusieurs membres du Service (Nicolas Boulanger, Andrea Campoleoni et les doctorant.e.s Guillaume Lhost, Lea Mele et Sylvain Thom\u00e9e) ont particip\u00e9 \u00e0 la r\u00e9alisation de l&rsquo;exposition interactive COSMOS au mus\u00e9e scientifique SPARKOH! de Framerie. Cette exposition permet d&rsquo;explorer le syst\u00e8me solaire, les galaxies et l&rsquo;immensit\u00e9 de l&rsquo;Univers \u00e0 travers d&rsquo;installations, d&rsquo;instruments astronomiques et de reportages vid\u00e9os, \u00e0 d\u00e9couvrir dans le teaser que vous trouverez en cliquant sur le lien ci-dessus !<\/td>\n<td style=\"width: 30%;\"><img loading=\"lazy\" decoding=\"async\" class=\"size-full wp-image-1323 aligncenter\" src=\"https:\/\/web.umons.ac.be\/app\/uploads\/sites\/75\/2025\/04\/SPARKOH.jpg\" alt=\"\" width=\"207\" height=\"168\" srcset=\"https:\/\/web.umons.ac.be\/app\/uploads\/sites\/75\/2025\/04\/SPARKOH.jpg 207w, https:\/\/web.umons.ac.be\/app\/uploads\/sites\/75\/2025\/04\/SPARKOH-30x24.jpg 30w, https:\/\/web.umons.ac.be\/app\/uploads\/sites\/75\/2025\/04\/SPARKOH-60x49.jpg 60w\" sizes=\"auto, (max-width: 207px) 100vw, 207px\" \/><\/td>\n<\/tr>\n<\/tbody>\n<\/table>\n<table style=\"border-collapse: collapse; width: 100%;\">\n<tbody>\n<tr>\n<td style=\"width: 70%;\"><a href=\"https:\/\/mumons.be\/alice-et-le-pendule\/\">Alice et le Pendule : au pays des variables actions-angles<\/a><\/p>\n<p>Article de Nicolas Boulanger et Fabien Buisseret qui permet de d\u00e9couvrir le d\u00e9veloppement de la m\u00e9canique classique en observant le pendule de Foucault install\u00e9 dans la coll\u00e9giale Sainte-Waudru \u00e0 travers les yeux d&rsquo;Alice, la protagoniste du roman \u00ab Alice au Pays des Merveilles \u00bb de Lewis Carroll.<\/td>\n<td style=\"width: 30%;\"><img loading=\"lazy\" decoding=\"async\" class=\"wp-image-797 aligncenter\" src=\"https:\/\/web.umons.ac.be\/app\/uploads\/sites\/75\/2023\/02\/alice-small.png\" alt=\"\" width=\"190\" height=\"190\" srcset=\"https:\/\/web.umons.ac.be\/app\/uploads\/sites\/75\/2023\/02\/alice-small.png 430w, https:\/\/web.umons.ac.be\/app\/uploads\/sites\/75\/2023\/02\/alice-small-300x300.png 300w, https:\/\/web.umons.ac.be\/app\/uploads\/sites\/75\/2023\/02\/alice-small-150x150.png 150w, https:\/\/web.umons.ac.be\/app\/uploads\/sites\/75\/2023\/02\/alice-small-30x30.png 30w, https:\/\/web.umons.ac.be\/app\/uploads\/sites\/75\/2023\/02\/alice-small-80x80.png 80w, https:\/\/web.umons.ac.be\/app\/uploads\/sites\/75\/2023\/02\/alice-small-60x60.png 60w, https:\/\/web.umons.ac.be\/app\/uploads\/sites\/75\/2023\/02\/alice-small-360x360.png 360w, https:\/\/web.umons.ac.be\/app\/uploads\/sites\/75\/2023\/02\/alice-small-400x400.png 400w, https:\/\/web.umons.ac.be\/app\/uploads\/sites\/75\/2023\/02\/alice-small-200x200.png 200w\" sizes=\"auto, (max-width: 190px) 100vw, 190px\" \/><\/td>\n<\/tr>\n<\/tbody>\n<\/table>\n<p>&nbsp;<\/p>\n<h3>Conf\u00e9rences, d\u00e9bats &amp; performances<\/h3>\n<p>\u00c9v\u00e9nements impliquant ou organis\u00e9s par les membres du Service :<\/p>\n<ul>\n<li><a href=\"https:\/\/lesjeudis.eu\/\">Le projet Einstein T\u00e9lescope : perspectives scientifiques et socio-\u00e9conomiques<\/a><strong data-start=\"124\" data-end=\"206\">,<\/strong> conf\u00e9rence de <em><strong>Nicolas Boulanger<\/strong><\/em> et <em><strong>Andrea Campoleoni<\/strong><\/em>, dans le cadre du cycle <em data-start=\"286\" data-end=\"301\">Les Jeudis.EU<\/em>. Mons, 28 ao\u00fbt 2025.<\/li>\n<li><a href=\"https:\/\/mumons.be\/museum\/activites\/nuit-des-musees-2024\/\">Nuit des mus\u00e9es 2024<\/a>, performance au MUMONS au cours de laquelle <strong><em>Nicolas Boulanger<\/em><\/strong> et <em><strong>Andrea Campoleoni<\/strong><\/em> ont d\u00e9riv\u00e9 en direct, devant le public, la solution de Schwarzschild des \u00e9quations d&rsquo;Einstein, d\u00e9crivant un trou noir sans rotation. Mons, 4 octobre 2024.<\/li>\n<li><a href=\"https:\/\/iicbruxelles.esteri.it\/fr\/gli_eventi\/calendario\/tavola-rotonda-futuro-gentile-con-2\/\" target=\"_blank\" rel=\"noopener\">Futuro Gentile<\/a>, table ronde autour de la vision du futur de l&rsquo;architecte, designer et artiste <em><strong>Michele De Lucchi<\/strong><\/em>, avec l&rsquo;artiste, la sp\u00e9cialiste en sant\u00e9 publique <em><strong>Fanny Brunin<\/strong><\/em>, le physicien <em><strong>Andrea Campoleoni<\/strong><\/em>, le chef <strong><em>Sang Hoon Degeimbre<\/em><\/strong> et mod\u00e9r\u00e9 par <em><strong>Marie Pok<\/strong><\/em>, directrice du CID Grand-Hornu. Organis\u00e9e par l&rsquo;Institut Culturel Italien de Bruxelles et le CID Grand-Hornu dans le cadre des expositions <em><a href=\"https:\/\/www.cid-grand-hornu.be\/fr\/expositions\/futuro-gentile-un-futur-aimable\" target=\"_blank\" rel=\"noopener\">Futuro Gentile<\/a><\/em> et <a href=\"https:\/\/iicbruxelles.esteri.it\/iic_bruxelles\/fr\/gli_eventi\/calendario\/2023\/03\/italian-design-day-2023-mostra.html\" target=\"_blank\" rel=\"noopener\"><em>Fare Luce<\/em><\/a>. Bruxelles, 9 mars 2023.<\/li>\n<li><a href=\"https:\/\/web.umons.ac.be\/pucg\/event\/les-symetries-de-jauge-en-physique-moderne\/\">Les sym\u00e9tries de jauge en physique moderne !<\/a>, conf\u00e9rence en ligne donn\u00e9e par <em><strong>Jordan Fran\u00e7ois<\/strong><\/em>, collaborateur scientifique du Service, sur la cha\u00eene YouTube du MUMONS, 25 mai 2022.<\/li>\n<li><span class=\"yt-core-attributed-string yt-core-attributed-string--white-space-pre-wrap\" role=\"text\"><a href=\"https:\/\/www.youtube.com\/watch?v=r9cedc5nbes\" target=\"_blank\" rel=\"noopener\">Origine et d\u00e9fis de la th\u00e9orie des cordes<\/a>, conf\u00e9rence de <em><strong>Gabriele Veneziano<\/strong><\/em> (Coll\u00e8ge de France et CERN) et <em><strong>Marios Petropoulos<\/strong><\/em> (\u00c9cole polytechnique, Palaiseau), avec un interlude musical de Sophie Ackermann et Nicolas Deletaille. Mons, 9 octobre 2019.<br \/>\n<\/span><\/li>\n<li><a href=\"https:\/\/www.rtbf.be\/article\/physique-quantique-ressentiment-democratique-et-contrats-intelligents-10128051\" target=\"_blank\" rel=\"noopener\">Physique quantique, Ressentiment d\u00e9mocratique et Contrats intelligents<\/a>, d\u00e9bat dans l\u2019\u00e9mission <em>Les \u00c9claireurs <\/em>sur La Premi\u00e8re, avec <em><strong>Andrea Campoleoni<\/strong><\/em>, <em><strong>Caroline Close<\/strong><\/em>, <em><strong>Patrick Saerens<\/strong><\/em> et mod\u00e9r\u00e9 par <em><strong>Fabienne Vande Meerssche<\/strong><\/em>, 26 janvier 2019.<\/li>\n<\/ul>\n<p>&nbsp;<\/p>\n<h3>S\u00e9minaires de Physique<\/h3>\n<p>Le d\u00e9partment de Physique de l&rsquo;UMONS organise des expos\u00e9s sur des sujets de physique contemporaine destin\u00e9s \u00e0 \u00eatre pr\u00e9sent\u00e9s de mani\u00e8re accessible aux \u00e9tudiants en physique. Voici quelques s\u00e9minaires donn\u00e9s par les membres du Service :<\/p>\n<ul>\n<li><a href=\"https:\/\/www.youtube.com\/watch?v=c3pTszo78KA\">Nobel de physique 2019 : Partie I, exoplan\u00e8tes<\/a> (Jordan Fran\u00e7ois)<\/li>\n<li><a href=\"https:\/\/www.youtube.com\/watch?v=DdPGODodK3U\">Nobel de Physique 2019 : Partie II, cosmologie<\/a> (Jordan Fran\u00e7ois)<\/li>\n<li><a href=\"https:\/\/www.youtube.com\/watch?v=a-qcWd0YEfo\">Le paradoxe de l&rsquo;information pour les trous noirs<\/a> (Andrea Campoleoni)<\/li>\n<li><a href=\"https:\/\/www.youtube.com\/watch?v=Ko7DehWE0UE\">Th\u00e9orie des spins \u00e9lev\u00e9s : vers une th\u00e9orie quantique de la gravit\u00e9<\/a> (Nicol\u00f2 Colombo)<\/li>\n<\/ul>\n","protected":false},"excerpt":{"rendered":"<p>Les membres du Service sont impliqu\u00e9s dans les Journ\u00e9es Math-Sciences, organis\u00e9es chaque ann\u00e9e \u00e0 l&rsquo;UMONS pour offrir l&rsquo;opportunit\u00e9 pour les \u00e9l\u00e8ves du secondaire (4e, 5e et 6e) de d\u00e9couvrir le monde passionnant des sciences d\u2019aujourd\u2019hui. Dans cette page, vous trouverez des informations sur d&rsquo;autres activit\u00e9s de vulgarisation (conf\u00e9rences, textes et podcasts) souvent organis\u00e9es en collaboration [&hellip;]<\/p>\n","protected":false},"author":152,"featured_media":0,"parent":0,"menu_order":0,"comment_status":"closed","ping_status":"closed","template":"","meta":{"footnotes":""},"class_list":["post-741","page","type-page","status-publish","hentry"],"yoast_head":"<!-- This site is optimized with the Yoast SEO plugin v27.2 - https:\/\/yoast.com\/product\/yoast-seo-wordpress\/ -->\n<title>Vulgarisation - Service \/ FS - Physique de l&#039;Univers, Champs et Gravitation<\/title>\n<meta name=\"robots\" content=\"index, follow, max-snippet:-1, max-image-preview:large, max-video-preview:-1\" \/>\n<link rel=\"canonical\" href=\"https:\/\/web.umons.ac.be\/pucg\/outreach\/\" \/>\n<meta property=\"og:locale\" content=\"fr_FR\" \/>\n<meta property=\"og:type\" content=\"article\" \/>\n<meta property=\"og:title\" content=\"Vulgarisation - Service \/ FS - Physique de l&#039;Univers, Champs et Gravitation\" \/>\n<meta property=\"og:description\" content=\"Les membres du Service sont impliqu\u00e9s dans les Journ\u00e9es Math-Sciences, organis\u00e9es chaque ann\u00e9e \u00e0 l&rsquo;UMONS pour offrir l&rsquo;opportunit\u00e9 pour les \u00e9l\u00e8ves du secondaire (4e, 5e et 6e) de d\u00e9couvrir le monde passionnant des sciences d\u2019aujourd\u2019hui. Dans cette page, vous trouverez des informations sur d&rsquo;autres activit\u00e9s de vulgarisation (conf\u00e9rences, textes et podcasts) souvent organis\u00e9es en collaboration [&hellip;]\" \/>\n<meta property=\"og:url\" content=\"https:\/\/web.umons.ac.be\/pucg\/outreach\/\" \/>\n<meta property=\"og:site_name\" content=\"Service \/ FS - Physique de l&#039;Univers, Champs et Gravitation\" \/>\n<meta property=\"article:modified_time\" content=\"2025-08-29T07:04:03+00:00\" \/>\n<meta property=\"og:image\" content=\"https:\/\/web.umons.ac.be\/app\/uploads\/sites\/75\/2023\/02\/alice-small.png\" \/>\n\t<meta property=\"og:image:width\" content=\"430\" \/>\n\t<meta property=\"og:image:height\" content=\"430\" \/>\n\t<meta property=\"og:image:type\" content=\"image\/png\" \/>\n<meta name=\"twitter:card\" content=\"summary_large_image\" \/>\n<meta name=\"twitter:label1\" content=\"Dur\u00e9e de lecture estim\u00e9e\" \/>\n\t<meta name=\"twitter:data1\" content=\"4 minutes\" \/>\n<script type=\"application\/ld+json\" class=\"yoast-schema-graph\">{\"@context\":\"https:\/\/schema.org\",\"@graph\":[{\"@type\":\"WebPage\",\"@id\":\"https:\/\/web.umons.ac.be\/pucg\/outreach\/\",\"url\":\"https:\/\/web.umons.ac.be\/pucg\/outreach\/\",\"name\":\"Vulgarisation - Service \/ FS - Physique de l'Univers, Champs et Gravitation\",\"isPartOf\":{\"@id\":\"https:\/\/web.umons.ac.be\/pucg\/#website\"},\"primaryImageOfPage\":{\"@id\":\"https:\/\/web.umons.ac.be\/pucg\/outreach\/#primaryimage\"},\"image\":{\"@id\":\"https:\/\/web.umons.ac.be\/pucg\/outreach\/#primaryimage\"},\"thumbnailUrl\":\"https:\/\/web.umons.ac.be\/app\/uploads\/sites\/75\/2023\/02\/big-bang.png\",\"datePublished\":\"2023-02-07T10:31:02+00:00\",\"dateModified\":\"2025-08-29T07:04:03+00:00\",\"breadcrumb\":{\"@id\":\"https:\/\/web.umons.ac.be\/pucg\/outreach\/#breadcrumb\"},\"inLanguage\":\"fr-FR\",\"potentialAction\":[{\"@type\":\"ReadAction\",\"target\":[\"https:\/\/web.umons.ac.be\/pucg\/outreach\/\"]}]},{\"@type\":\"ImageObject\",\"inLanguage\":\"fr-FR\",\"@id\":\"https:\/\/web.umons.ac.be\/pucg\/outreach\/#primaryimage\",\"url\":\"https:\/\/web.umons.ac.be\/app\/uploads\/sites\/75\/2023\/02\/big-bang.png\",\"contentUrl\":\"https:\/\/web.umons.ac.be\/app\/uploads\/sites\/75\/2023\/02\/big-bang.png\"},{\"@type\":\"BreadcrumbList\",\"@id\":\"https:\/\/web.umons.ac.be\/pucg\/outreach\/#breadcrumb\",\"itemListElement\":[{\"@type\":\"ListItem\",\"position\":1,\"name\":\"Home\",\"item\":\"https:\/\/web.umons.ac.be\/pucg\/\"},{\"@type\":\"ListItem\",\"position\":2,\"name\":\"Vulgarisation\"}]},{\"@type\":\"WebSite\",\"@id\":\"https:\/\/web.umons.ac.be\/pucg\/#website\",\"url\":\"https:\/\/web.umons.ac.be\/pucg\/\",\"name\":\"Service \/ FS - Physique de l'Univers, Champs et Gravitation\",\"description\":\"\",\"potentialAction\":[{\"@type\":\"SearchAction\",\"target\":{\"@type\":\"EntryPoint\",\"urlTemplate\":\"https:\/\/web.umons.ac.be\/pucg\/?s={search_term_string}\"},\"query-input\":{\"@type\":\"PropertyValueSpecification\",\"valueRequired\":true,\"valueName\":\"search_term_string\"}}],\"inLanguage\":\"fr-FR\"}]}<\/script>\n<!-- \/ Yoast SEO plugin. -->","yoast_head_json":{"title":"Vulgarisation - Service \/ FS - Physique de l'Univers, Champs et Gravitation","robots":{"index":"index","follow":"follow","max-snippet":"max-snippet:-1","max-image-preview":"max-image-preview:large","max-video-preview":"max-video-preview:-1"},"canonical":"https:\/\/web.umons.ac.be\/pucg\/outreach\/","og_locale":"fr_FR","og_type":"article","og_title":"Vulgarisation - Service \/ FS - Physique de l'Univers, Champs et Gravitation","og_description":"Les membres du Service sont impliqu\u00e9s dans les Journ\u00e9es Math-Sciences, organis\u00e9es chaque ann\u00e9e \u00e0 l&rsquo;UMONS pour offrir l&rsquo;opportunit\u00e9 pour les \u00e9l\u00e8ves du secondaire (4e, 5e et 6e) de d\u00e9couvrir le monde passionnant des sciences d\u2019aujourd\u2019hui. Dans cette page, vous trouverez des informations sur d&rsquo;autres activit\u00e9s de vulgarisation (conf\u00e9rences, textes et podcasts) souvent organis\u00e9es en collaboration [&hellip;]","og_url":"https:\/\/web.umons.ac.be\/pucg\/outreach\/","og_site_name":"Service \/ FS - Physique de l'Univers, Champs et Gravitation","article_modified_time":"2025-08-29T07:04:03+00:00","og_image":[{"width":430,"height":430,"url":"https:\/\/web.umons.ac.be\/app\/uploads\/sites\/75\/2023\/02\/alice-small.png","type":"image\/png"}],"twitter_card":"summary_large_image","twitter_misc":{"Dur\u00e9e de lecture estim\u00e9e":"4 minutes"},"schema":{"@context":"https:\/\/schema.org","@graph":[{"@type":"WebPage","@id":"https:\/\/web.umons.ac.be\/pucg\/outreach\/","url":"https:\/\/web.umons.ac.be\/pucg\/outreach\/","name":"Vulgarisation - Service \/ FS - Physique de l'Univers, Champs et Gravitation","isPartOf":{"@id":"https:\/\/web.umons.ac.be\/pucg\/#website"},"primaryImageOfPage":{"@id":"https:\/\/web.umons.ac.be\/pucg\/outreach\/#primaryimage"},"image":{"@id":"https:\/\/web.umons.ac.be\/pucg\/outreach\/#primaryimage"},"thumbnailUrl":"https:\/\/web.umons.ac.be\/app\/uploads\/sites\/75\/2023\/02\/big-bang.png","datePublished":"2023-02-07T10:31:02+00:00","dateModified":"2025-08-29T07:04:03+00:00","breadcrumb":{"@id":"https:\/\/web.umons.ac.be\/pucg\/outreach\/#breadcrumb"},"inLanguage":"fr-FR","potentialAction":[{"@type":"ReadAction","target":["https:\/\/web.umons.ac.be\/pucg\/outreach\/"]}]},{"@type":"ImageObject","inLanguage":"fr-FR","@id":"https:\/\/web.umons.ac.be\/pucg\/outreach\/#primaryimage","url":"https:\/\/web.umons.ac.be\/app\/uploads\/sites\/75\/2023\/02\/big-bang.png","contentUrl":"https:\/\/web.umons.ac.be\/app\/uploads\/sites\/75\/2023\/02\/big-bang.png"},{"@type":"BreadcrumbList","@id":"https:\/\/web.umons.ac.be\/pucg\/outreach\/#breadcrumb","itemListElement":[{"@type":"ListItem","position":1,"name":"Home","item":"https:\/\/web.umons.ac.be\/pucg\/"},{"@type":"ListItem","position":2,"name":"Vulgarisation"}]},{"@type":"WebSite","@id":"https:\/\/web.umons.ac.be\/pucg\/#website","url":"https:\/\/web.umons.ac.be\/pucg\/","name":"Service \/ FS - Physique de l'Univers, Champs et Gravitation","description":"","potentialAction":[{"@type":"SearchAction","target":{"@type":"EntryPoint","urlTemplate":"https:\/\/web.umons.ac.be\/pucg\/?s={search_term_string}"},"query-input":{"@type":"PropertyValueSpecification","valueRequired":true,"valueName":"search_term_string"}}],"inLanguage":"fr-FR"}]}},"lang":"fr","translations":{"fr":741,"en":744},"pll_sync_post":[],"_links":{"self":[{"href":"https:\/\/web.umons.ac.be\/pucg\/wp-json\/wp\/v2\/pages\/741","targetHints":{"allow":["GET"]}}],"collection":[{"href":"https:\/\/web.umons.ac.be\/pucg\/wp-json\/wp\/v2\/pages"}],"about":[{"href":"https:\/\/web.umons.ac.be\/pucg\/wp-json\/wp\/v2\/types\/page"}],"author":[{"embeddable":true,"href":"https:\/\/web.umons.ac.be\/pucg\/wp-json\/wp\/v2\/users\/152"}],"replies":[{"embeddable":true,"href":"https:\/\/web.umons.ac.be\/pucg\/wp-json\/wp\/v2\/comments?post=741"}],"version-history":[{"count":4,"href":"https:\/\/web.umons.ac.be\/pucg\/wp-json\/wp\/v2\/pages\/741\/revisions"}],"predecessor-version":[{"id":1350,"href":"https:\/\/web.umons.ac.be\/pucg\/wp-json\/wp\/v2\/pages\/741\/revisions\/1350"}],"wp:attachment":[{"href":"https:\/\/web.umons.ac.be\/pucg\/wp-json\/wp\/v2\/media?parent=741"}],"curies":[{"name":"wp","href":"https:\/\/api.w.org\/{rel}","templated":true}]}}