{"id":914,"date":"2023-09-11T18:36:49","date_gmt":"2023-09-11T16:36:49","guid":{"rendered":"https:\/\/web.umons.ac.be\/pucg\/?page_id=914"},"modified":"2026-02-24T08:25:28","modified_gmt":"2026-02-24T07:25:28","slug":"phd-theses","status":"publish","type":"page","link":"https:\/\/web.umons.ac.be\/pucg\/activites-de-recherche\/phd-theses\/","title":{"rendered":"Th\u00e8ses de doctorat"},"content":{"rendered":"<p>Cette page rassemble les th\u00e8ses de doctorat defendues dans le service \u00ab\u00a0Physique de l&rsquo;Univers, Champs et Gravitation\u00a0\u00bb de l&rsquo;Universit\u00e9 de Mons et les th\u00e8ses de doctorat les plus r\u00e9centes defendues dans son pr\u00e9curseur, le service \u00ab\u00a0M\u00e9canique et Gravitation\u00a0\u00bb.<\/p>\n<p><strong>Richard van Dongen (PhD 2025)<\/strong><\/p>\n<p style=\"padding-left: 40px;\">Th\u00e8se : <a href=\"https:\/\/hdl.handle.net\/20.500.12907\/53170\"><em>Chiral Higher Spin Gravity From Strong Homotopy Algebra<\/em><\/a>.<\/p>\n<p style=\"padding-left: 40px;\">Promoteurs : Evgeny Skvortsov and Thomas Basile.<\/p>\n<p style=\"padding-left: 40px;\">Publications en <a href=\"https:\/\/inspirehep.net\/authors\/2069844\" target=\"_blanck\" rel=\"noopener\">Inspire<\/a>.<\/p>\n<p><strong>Shailesh Dhasmana\u00a0(PhD 2025)<\/strong><\/p>\n<p style=\"padding-left: 40px;\">Th\u00e8se : <a href=\"https:\/\/hdl.handle.net\/20.500.12907\/53345\"><em>Interactions of conformal and partially massless higher spin fields<\/em><\/a>.<\/p>\n<p style=\"padding-left: 40px;\">Promoteurs : Evgeny Skvortsov and Thomas Basile.<\/p>\n<p style=\"padding-left: 40px;\">Publications en <a href=\"https:\/\/inspirehep.net\/authors\/1880868\" target=\"_blanck\" rel=\"noopener\">Inspire<\/a>.<\/p>\n<p><strong>Mattia Serrani (PhD 2025)<\/strong><\/p>\n<p style=\"padding-left: 40px;\">Th\u00e8se : <em>Light-Front approach to 4d massless Higher-Spin interactions<\/em>.<\/p>\n<p style=\"padding-left: 40px;\">Promoteur : Evgeny Skvortsov.<\/p>\n<p style=\"padding-left: 40px;\">Publications en <a href=\"https:\/\/inspirehep.net\/authors\/2922608\" target=\"_blanck\" rel=\"noopener\">Inspire<\/a>.<\/p>\n<p><strong>Josh O&rsquo;Connor (PhD 2025)<\/strong><\/p>\n<p style=\"padding-left: 40px;\">Th\u00e8se : <em><a href=\"https:\/\/orbi.umons.ac.be\/handle\/20.500.12907\/53163\">Extended duality symmetries in theories of gravity<\/a>.<\/em><\/p>\n<p style=\"padding-left: 40px;\">Promoteur : Nicolas Boulanger.<\/p>\n<p style=\"padding-left: 40px;\">Publications en <a href=\"https:\/\/inspirehep.net\/authors\/2141309\" target=\"_blanck\" rel=\"noopener\">Inspire<\/a>.<\/p>\n<p><strong>Arnaud Delfante (PhD 2024)<\/strong><\/p>\n<p style=\"padding-left: 40px;\">Th\u00e8se : <em><a href=\"https:\/\/hdl.handle.net\/20.500.12907\/49576\">Of asymptotic charges and renormalizations<\/a>.<\/em><\/p>\n<p style=\"padding-left: 40px;\">Promoteur : Andrea Campoleoni.<\/p>\n<p style=\"padding-left: 40px;\">Publications en <a href=\"https:\/\/inspirehep.net\/authors\/2136629\" target=\"_blanck\" rel=\"noopener\">Inspire<\/a>.<\/p>\n<p><strong>Victor Dehouck (PhD 2023 &#8211; U. Dijon)<\/strong><\/p>\n<p style=\"padding-left: 40px;\">Th\u00e8se :\u00a0<a href=\"https:\/\/theses.hal.science\/tel-04552275v1\"><em>Adiabatic invariance in voluntary rhythmic human motion<\/em><\/a>.<\/p>\n<p style=\"padding-left: 40px;\">Promoteur : Olivier White ; co-promoteurs : Nicolas Boulanger et Fabien Buisseret.<\/p>\n<p style=\"padding-left: 40px;\">Publications en <a href=\"https:\/\/www.researchgate.net\/profile\/Victor-Dehouck\" target=\"_blanck\" rel=\"noopener\">ResearchGate<\/a>.<\/p>\n<p><strong>Simon Pekar (PhD 2023)<\/strong><\/p>\n<p style=\"padding-left: 40px;\">Th\u00e8se : <em><a href=\"https:\/\/hdl.handle.net\/20.500.12907\/46391\">Aspects of higher-spin symmetry in flat space<\/a>.<\/em><\/p>\n<p style=\"padding-left: 40px;\">Promoteur : Andrea Campoleoni.<\/p>\n<p style=\"padding-left: 40px;\">Publications en <a href=\"https:\/\/inspirehep.net\/authors\/2174873\" target=\"_blanck\" rel=\"noopener\">Inspire<\/a>.<\/p>\n<p><strong>Yegor Goncharov (PhD 2023)<\/strong><\/p>\n<p style=\"padding-left: 40px;\">Th\u00e8se : <em>Gravitation \u00e9tendue aux champs de spin \u00e9lev\u00e9s. Aspects alg\u00e9briques.<\/em><\/p>\n<p style=\"padding-left: 40px;\">Promoteurs : Xavier Bekaert et Nicolas Boulanger.<\/p>\n<p style=\"padding-left: 40px;\">Publications en <a href=\"https:\/\/inspirehep.net\/authors\/1778006\" target=\"_blanck\" rel=\"noopener\">Inspire<\/a>.<\/p>\n<p><strong>David de Filippi (PhD 2021)<\/strong><\/p>\n<p style=\"padding-left: 40px;\">Th\u00e8se : <em>Orderings and gauges in Vasiliev&rsquo;s equations for Higher Spin Gravity.<\/em><\/p>\n<p style=\"padding-left: 40px;\">Promoteur : Nicolas Boulanger.<\/p>\n<p style=\"padding-left: 40px;\">Publications en <a href=\"https:\/\/inspirehep.net\/authors\/1600930\" target=\"_blanck\" rel=\"noopener\">Inspire<\/a>.<\/p>\n<p><strong>Lucas Traina (PhD 2020)<\/strong><\/p>\n<p style=\"padding-left: 40px;\">Th\u00e8se : <em>Algebraic aspects of supergravity and massive gravity theories.<\/em><\/p>\n<p style=\"padding-left: 40px;\">Promoteur : Nicolas Boulanger ; co-promoteur : Andrea Campoleoni.<\/p>\n<p style=\"padding-left: 40px;\">Publications en <a href=\"https:\/\/inspirehep.net\/authors\/1705258\" target=\"_blanck\" rel=\"noopener\">Inspire<\/a>; profile <a href=\"https:\/\/www.linkedin.com\/in\/lucas-traina\/\" target=\"_blanck\" rel=\"noopener\">Linkedin<\/a>.<\/p>\n<p><strong>Thomas Basile (PhD 2017)<\/strong><\/p>\n<p style=\"padding-left: 40px;\">Th\u00e8se : <em><span class=\"ui-provider gr b c d e f g h i j k l m n o p q r s t u v w x y z ab ac ae af ag ah ai aj ak\" dir=\"ltr\">Description physique et mathe\u0301matique des particules dans l\u2019espace-temps (anti-)de Sitter : syme\u0301tries, repre\u0301sentations, et re\u0300gles de fusion.<\/span><\/em><\/p>\n<p style=\"padding-left: 40px;\">Promoteurs : Xavier Bekaert et Nicolas Boulanger.<\/p>\n<p style=\"padding-left: 40px;\">Publications en <a href=\"https:\/\/inspirehep.net\/authors\/2010290\" target=\"_blanck\" rel=\"noopener\">Inspire<\/a>.<\/p>\n<p><strong>Dmitry Ponomarev (PhD 2013)<\/strong><\/p>\n<p style=\"padding-left: 40px;\">Th\u00e8se : <em>Algebraic aspects of duality and higher-spin interactions.<\/em><\/p>\n<p style=\"padding-left: 40px;\">Promoteur : Nicolas Boulanger.<\/p>\n<p style=\"padding-left: 40px;\">Publications en <a href=\"https:\/\/inspirehep.net\/authors\/1066094\" target=\"_blanck\" rel=\"noopener\">Inspire<\/a>.<\/p>\n<p><strong>Nicol\u00f2 Colombo (PhD 2012)<\/strong><\/p>\n<p style=\"padding-left: 40px;\">Th\u00e8se : <em>Vasiliev&rsquo;s Higher-Spin gravity: Action and Observables.<\/em><\/p>\n<p style=\"padding-left: 40px;\">Promoteur : Per Sundell.<\/p>\n<p style=\"padding-left: 40px;\">Publications en <a href=\"https:\/\/inspirehep.net\/authors\/1273943\" target=\"_blanck\" rel=\"noopener\">Inspire<\/a> et en <a href=\"https:\/\/scholar.google.com\/citations?user=XE_zoYEAAAAJ&amp;hl=it&amp;oi=ao\" target=\"_blanck\" rel=\"noopener\">Google Scholar<\/a>; profile <a href=\"https:\/\/www.linkedin.com\/in\/nicolo-colombo-b7b74171\/\" target=\"_blanck\" rel=\"noopener\">Linkedin<\/a>.<\/p>\n<p><strong>Serge Leclercq (PhD 2009)<\/strong><\/p>\n<p style=\"padding-left: 40px;\">Th\u00e8se : <em>Higher spin interactions: cubic deformations on Minkowski and (Anti) de Sitter backgrounds.<\/em><\/p>\n<p style=\"padding-left: 40px;\">Promoteur : Nicolas Boulanger.<\/p>\n<p style=\"padding-left: 40px;\">Publications en <a href=\"https:\/\/inspirehep.net\/authors\/2260867\" target=\"_blanck\" rel=\"noopener\">Inspire<\/a>.<\/p>\n<p><strong>St\u00e9phane Detournay (PhD 2006)<\/strong><\/p>\n<p style=\"padding-left: 40px;\">Th\u00e8se : <em>Deformations of anti-de Sitter black holes<\/em><\/p>\n<p style=\"padding-left: 40px;\">Promoteur : Philippe Spindel.<\/p>\n<p style=\"padding-left: 40px;\">Publications en <a href=\"https:\/\/inspirehep.net\/authors\/1045838\" target=\"_blanck\" rel=\"noopener\">Inspire<\/a>.<\/p>\n","protected":false},"excerpt":{"rendered":"<p>Cette page rassemble les th\u00e8ses de doctorat defendues dans le service \u00ab\u00a0Physique de l&rsquo;Univers, Champs et Gravitation\u00a0\u00bb de l&rsquo;Universit\u00e9 de Mons et les th\u00e8ses de doctorat les plus r\u00e9centes defendues dans son pr\u00e9curseur, le service \u00ab\u00a0M\u00e9canique et Gravitation\u00a0\u00bb. Richard van Dongen (PhD 2025) Th\u00e8se : Chiral Higher Spin Gravity From Strong Homotopy Algebra. Promoteurs : [&hellip;]<\/p>\n","protected":false},"author":152,"featured_media":0,"parent":15,"menu_order":0,"comment_status":"closed","ping_status":"closed","template":"","meta":{"footnotes":""},"class_list":["post-914","page","type-page","status-publish","hentry"],"yoast_head":"<!-- This site is optimized with the Yoast SEO plugin v27.2 - https:\/\/yoast.com\/product\/yoast-seo-wordpress\/ -->\n<title>Th\u00e8ses de doctorat - Service \/ FS - Physique de l&#039;Univers, Champs et Gravitation<\/title>\n<meta name=\"robots\" content=\"index, follow, max-snippet:-1, max-image-preview:large, max-video-preview:-1\" \/>\n<link rel=\"canonical\" href=\"https:\/\/web.umons.ac.be\/pucg\/activites-de-recherche\/phd-theses\/\" \/>\n<meta property=\"og:locale\" content=\"fr_FR\" \/>\n<meta property=\"og:type\" content=\"article\" \/>\n<meta property=\"og:title\" content=\"Th\u00e8ses de doctorat - Service \/ FS - Physique de l&#039;Univers, Champs et Gravitation\" \/>\n<meta property=\"og:description\" content=\"Cette page rassemble les th\u00e8ses de doctorat defendues dans le service \u00ab\u00a0Physique de l&rsquo;Univers, Champs et Gravitation\u00a0\u00bb de l&rsquo;Universit\u00e9 de Mons et les th\u00e8ses de doctorat les plus r\u00e9centes defendues dans son pr\u00e9curseur, le service \u00ab\u00a0M\u00e9canique et Gravitation\u00a0\u00bb. Richard van Dongen (PhD 2025) Th\u00e8se : Chiral Higher Spin Gravity From Strong Homotopy Algebra. Promoteurs : [&hellip;]\" \/>\n<meta property=\"og:url\" content=\"https:\/\/web.umons.ac.be\/pucg\/activites-de-recherche\/phd-theses\/\" \/>\n<meta property=\"og:site_name\" content=\"Service \/ FS - Physique de l&#039;Univers, Champs et Gravitation\" \/>\n<meta property=\"article:modified_time\" content=\"2026-02-24T07:25:28+00:00\" \/>\n<meta name=\"twitter:card\" content=\"summary_large_image\" \/>\n<meta name=\"twitter:label1\" content=\"Dur\u00e9e de lecture estim\u00e9e\" \/>\n\t<meta name=\"twitter:data1\" content=\"2 minutes\" \/>\n<script type=\"application\/ld+json\" class=\"yoast-schema-graph\">{\"@context\":\"https:\/\/schema.org\",\"@graph\":[{\"@type\":\"WebPage\",\"@id\":\"https:\/\/web.umons.ac.be\/pucg\/activites-de-recherche\/phd-theses\/\",\"url\":\"https:\/\/web.umons.ac.be\/pucg\/activites-de-recherche\/phd-theses\/\",\"name\":\"Th\u00e8ses de doctorat - Service \/ FS - Physique de l'Univers, Champs et Gravitation\",\"isPartOf\":{\"@id\":\"https:\/\/web.umons.ac.be\/pucg\/#website\"},\"datePublished\":\"2023-09-11T16:36:49+00:00\",\"dateModified\":\"2026-02-24T07:25:28+00:00\",\"breadcrumb\":{\"@id\":\"https:\/\/web.umons.ac.be\/pucg\/activites-de-recherche\/phd-theses\/#breadcrumb\"},\"inLanguage\":\"fr-FR\",\"potentialAction\":[{\"@type\":\"ReadAction\",\"target\":[\"https:\/\/web.umons.ac.be\/pucg\/activites-de-recherche\/phd-theses\/\"]}]},{\"@type\":\"BreadcrumbList\",\"@id\":\"https:\/\/web.umons.ac.be\/pucg\/activites-de-recherche\/phd-theses\/#breadcrumb\",\"itemListElement\":[{\"@type\":\"ListItem\",\"position\":1,\"name\":\"Home\",\"item\":\"https:\/\/web.umons.ac.be\/pucg\/\"},{\"@type\":\"ListItem\",\"position\":2,\"name\":\"Activit\u00e9s de recherche\",\"item\":\"https:\/\/web.umons.ac.be\/pucg\/activites-de-recherche\/\"},{\"@type\":\"ListItem\",\"position\":3,\"name\":\"Th\u00e8ses de doctorat\"}]},{\"@type\":\"WebSite\",\"@id\":\"https:\/\/web.umons.ac.be\/pucg\/#website\",\"url\":\"https:\/\/web.umons.ac.be\/pucg\/\",\"name\":\"Service \/ FS - Physique de l'Univers, Champs et Gravitation\",\"description\":\"\",\"potentialAction\":[{\"@type\":\"SearchAction\",\"target\":{\"@type\":\"EntryPoint\",\"urlTemplate\":\"https:\/\/web.umons.ac.be\/pucg\/?s={search_term_string}\"},\"query-input\":{\"@type\":\"PropertyValueSpecification\",\"valueRequired\":true,\"valueName\":\"search_term_string\"}}],\"inLanguage\":\"fr-FR\"}]}<\/script>\n<!-- \/ Yoast SEO plugin. -->","yoast_head_json":{"title":"Th\u00e8ses de doctorat - Service \/ FS - Physique de l'Univers, Champs et Gravitation","robots":{"index":"index","follow":"follow","max-snippet":"max-snippet:-1","max-image-preview":"max-image-preview:large","max-video-preview":"max-video-preview:-1"},"canonical":"https:\/\/web.umons.ac.be\/pucg\/activites-de-recherche\/phd-theses\/","og_locale":"fr_FR","og_type":"article","og_title":"Th\u00e8ses de doctorat - Service \/ FS - Physique de l'Univers, Champs et Gravitation","og_description":"Cette page rassemble les th\u00e8ses de doctorat defendues dans le service \u00ab\u00a0Physique de l&rsquo;Univers, Champs et Gravitation\u00a0\u00bb de l&rsquo;Universit\u00e9 de Mons et les th\u00e8ses de doctorat les plus r\u00e9centes defendues dans son pr\u00e9curseur, le service \u00ab\u00a0M\u00e9canique et Gravitation\u00a0\u00bb. Richard van Dongen (PhD 2025) Th\u00e8se : Chiral Higher Spin Gravity From Strong Homotopy Algebra. Promoteurs : [&hellip;]","og_url":"https:\/\/web.umons.ac.be\/pucg\/activites-de-recherche\/phd-theses\/","og_site_name":"Service \/ FS - Physique de l'Univers, Champs et Gravitation","article_modified_time":"2026-02-24T07:25:28+00:00","twitter_card":"summary_large_image","twitter_misc":{"Dur\u00e9e de lecture estim\u00e9e":"2 minutes"},"schema":{"@context":"https:\/\/schema.org","@graph":[{"@type":"WebPage","@id":"https:\/\/web.umons.ac.be\/pucg\/activites-de-recherche\/phd-theses\/","url":"https:\/\/web.umons.ac.be\/pucg\/activites-de-recherche\/phd-theses\/","name":"Th\u00e8ses de doctorat - Service \/ FS - Physique de l'Univers, Champs et Gravitation","isPartOf":{"@id":"https:\/\/web.umons.ac.be\/pucg\/#website"},"datePublished":"2023-09-11T16:36:49+00:00","dateModified":"2026-02-24T07:25:28+00:00","breadcrumb":{"@id":"https:\/\/web.umons.ac.be\/pucg\/activites-de-recherche\/phd-theses\/#breadcrumb"},"inLanguage":"fr-FR","potentialAction":[{"@type":"ReadAction","target":["https:\/\/web.umons.ac.be\/pucg\/activites-de-recherche\/phd-theses\/"]}]},{"@type":"BreadcrumbList","@id":"https:\/\/web.umons.ac.be\/pucg\/activites-de-recherche\/phd-theses\/#breadcrumb","itemListElement":[{"@type":"ListItem","position":1,"name":"Home","item":"https:\/\/web.umons.ac.be\/pucg\/"},{"@type":"ListItem","position":2,"name":"Activit\u00e9s de recherche","item":"https:\/\/web.umons.ac.be\/pucg\/activites-de-recherche\/"},{"@type":"ListItem","position":3,"name":"Th\u00e8ses de doctorat"}]},{"@type":"WebSite","@id":"https:\/\/web.umons.ac.be\/pucg\/#website","url":"https:\/\/web.umons.ac.be\/pucg\/","name":"Service \/ FS - Physique de l'Univers, Champs et Gravitation","description":"","potentialAction":[{"@type":"SearchAction","target":{"@type":"EntryPoint","urlTemplate":"https:\/\/web.umons.ac.be\/pucg\/?s={search_term_string}"},"query-input":{"@type":"PropertyValueSpecification","valueRequired":true,"valueName":"search_term_string"}}],"inLanguage":"fr-FR"}]}},"lang":"fr","translations":{"fr":914,"en":709},"pll_sync_post":[],"_links":{"self":[{"href":"https:\/\/web.umons.ac.be\/pucg\/wp-json\/wp\/v2\/pages\/914","targetHints":{"allow":["GET"]}}],"collection":[{"href":"https:\/\/web.umons.ac.be\/pucg\/wp-json\/wp\/v2\/pages"}],"about":[{"href":"https:\/\/web.umons.ac.be\/pucg\/wp-json\/wp\/v2\/types\/page"}],"author":[{"embeddable":true,"href":"https:\/\/web.umons.ac.be\/pucg\/wp-json\/wp\/v2\/users\/152"}],"replies":[{"embeddable":true,"href":"https:\/\/web.umons.ac.be\/pucg\/wp-json\/wp\/v2\/comments?post=914"}],"version-history":[{"count":3,"href":"https:\/\/web.umons.ac.be\/pucg\/wp-json\/wp\/v2\/pages\/914\/revisions"}],"predecessor-version":[{"id":1516,"href":"https:\/\/web.umons.ac.be\/pucg\/wp-json\/wp\/v2\/pages\/914\/revisions\/1516"}],"up":[{"embeddable":true,"href":"https:\/\/web.umons.ac.be\/pucg\/wp-json\/wp\/v2\/pages\/15"}],"wp:attachment":[{"href":"https:\/\/web.umons.ac.be\/pucg\/wp-json\/wp\/v2\/media?parent=914"}],"curies":[{"name":"wp","href":"https:\/\/api.w.org\/{rel}","templated":true}]}}