{"id":11,"date":"2021-11-05T09:58:55","date_gmt":"2021-11-05T08:58:55","guid":{"rendered":"https:\/\/web.umons.ac.be\/rhor\/activites-denseignement\/"},"modified":"2022-12-20T12:32:12","modified_gmt":"2022-12-20T11:32:12","slug":"activites-denseignement","status":"publish","type":"page","link":"https:\/\/web.umons.ac.be\/rhor\/activites-denseignement\/","title":{"rendered":"Activit\u00e9s d&rsquo;enseignement"},"content":{"rendered":"<p>Notre service assure des enseignements dans quatre domaines, tant en bachelier qu\u2019en master :<\/p>\n<ul>\n<li>La <span style=\"color: #009ee0\"><strong>gestion des ressources humaines<\/strong> <\/span>via notamment des cours relatifs au bien-\u00eatre au travail, au management des ressources humaines, \u00e0 la gestion des conflits, \u00e0 la conduite du changement, \u00e0 la GRH socialement responsable, \u00e0 la gestion d\u2019\u00e9quipe, \u2026<\/li>\n<li>La <span style=\"color: #009ee0\"><strong>p\u00e9dagogie universitaire<\/strong><\/span> : nous accompagnons notamment les \u00e9tudiants de Bloc 1 de Bachelier par des pratiques de tutorat.<\/li>\n<li>La <span style=\"color: #009ee0\"><strong>responsabilit\u00e9 sociale des organisations<\/strong><\/span> et le <span style=\"color: #009ee0\"><strong>d\u00e9veloppement durable<\/strong><\/span>\u00a0: nous assurons notamment des cours de d\u00e9veloppement durable, de RSE, d\u2019immersion en milieu associatif, \u2026<\/li>\n<li>Les <span style=\"color: #009ee0\"><strong>m\u00e9thodes quantitatives<\/strong><\/span>: nous dispensons \u00e9galement des cours de statistiques, d\u2019\u00e9conom\u00e9trie, de bases en m\u00e9thodes quantitatives, \u2026<\/li>\n<\/ul>\n<p>Dans le cadre de nos cours, nous utilisons diff\u00e9rentes m\u00e9thodes p\u00e9dagogiques telles que des \u00e9tudes de cas, des jeux de r\u00f4le, des jeux d\u2019entreprise, \u2026 . Des professionnels sont r\u00e9guli\u00e8rement invit\u00e9s \u00e0 partager leurs exp\u00e9riences avec nos \u00e9tudiants dans le cadre de nos cours, ou \u00e0 proposer des probl\u00e9matiques sp\u00e9cifiques soumises \u00e0 l\u2019analyse des \u00e9tudiants. Enfin, certains de nos cours conduisent nos \u00e9tudiants \u00e0 participer \u00e0 des jurys d\u00e9cernant des prix en d\u00e9veloppement durable.<\/p>\n<p>Nous collaborons \u00e9galement avec diverses organisations dans le cadre des m\u00e9moires r\u00e9alis\u00e9s par nos \u00e9tudiants.<\/p>\n<p>&nbsp;<\/p>\n<pre><span style=\"color: #cd004c\">En tant que responsable d\u2019organisation, n\u2019h\u00e9sitez pas \u00e0 nous contacter si vous souhaitez soumettre \u00e0 nos \u00e9tudiants des probl\u00e9matiques dans les domaines RH et\/ou RSE, ou si vous souhaitez venir partager votre exp\u00e9rience au sein de nos cours\u00a0!<\/span><\/pre>\n","protected":false},"excerpt":{"rendered":"<p>Notre service assure des enseignements dans quatre domaines, tant en bachelier qu\u2019en master : La gestion des ressources humaines via notamment des cours relatifs au bien-\u00eatre au travail, au management des ressources humaines, \u00e0 la gestion des conflits, \u00e0 la conduite du changement, \u00e0 la GRH socialement responsable, \u00e0 la gestion d\u2019\u00e9quipe, \u2026 La p\u00e9dagogie [&hellip;]<\/p>\n","protected":false},"author":4,"featured_media":0,"parent":0,"menu_order":0,"comment_status":"closed","ping_status":"closed","template":"","meta":{"footnotes":""},"class_list":["post-11","page","type-page","status-publish","hentry"],"yoast_head":"<!-- This site is optimized with the Yoast SEO plugin v27.2 - https:\/\/yoast.com\/product\/yoast-seo-wordpress\/ -->\n<title>Activit\u00e9s d&#039;enseignement - Service \/ FWEG - Ressources Humaines et Organisations Responsables<\/title>\n<meta name=\"robots\" content=\"index, follow, max-snippet:-1, max-image-preview:large, max-video-preview:-1\" \/>\n<link rel=\"canonical\" href=\"https:\/\/web.umons.ac.be\/rhor\/activites-denseignement\/\" \/>\n<meta property=\"og:locale\" content=\"fr_FR\" \/>\n<meta property=\"og:type\" content=\"article\" \/>\n<meta property=\"og:title\" content=\"Activit\u00e9s d&#039;enseignement - Service \/ FWEG - Ressources Humaines et Organisations Responsables\" \/>\n<meta property=\"og:description\" content=\"Notre service assure des enseignements dans quatre domaines, tant en bachelier qu\u2019en master : La gestion des ressources humaines via notamment des cours relatifs au bien-\u00eatre au travail, au management des ressources humaines, \u00e0 la gestion des conflits, \u00e0 la conduite du changement, \u00e0 la GRH socialement responsable, \u00e0 la gestion d\u2019\u00e9quipe, \u2026 La p\u00e9dagogie [&hellip;]\" \/>\n<meta property=\"og:url\" content=\"https:\/\/web.umons.ac.be\/rhor\/activites-denseignement\/\" \/>\n<meta property=\"og:site_name\" content=\"Service \/ FWEG - Ressources Humaines et Organisations Responsables\" \/>\n<meta property=\"article:modified_time\" content=\"2022-12-20T11:32:12+00:00\" \/>\n<meta name=\"twitter:card\" content=\"summary_large_image\" \/>\n<meta name=\"twitter:label1\" content=\"Dur\u00e9e de lecture estim\u00e9e\" \/>\n\t<meta name=\"twitter:data1\" content=\"2 minutes\" \/>\n<script type=\"application\/ld+json\" class=\"yoast-schema-graph\">{\"@context\":\"https:\/\/schema.org\",\"@graph\":[{\"@type\":\"WebPage\",\"@id\":\"https:\/\/web.umons.ac.be\/rhor\/activites-denseignement\/\",\"url\":\"https:\/\/web.umons.ac.be\/rhor\/activites-denseignement\/\",\"name\":\"Activit\u00e9s d'enseignement - Service \/ FWEG - Ressources Humaines et Organisations Responsables\",\"isPartOf\":{\"@id\":\"https:\/\/web.umons.ac.be\/rhor\/#website\"},\"datePublished\":\"2021-11-05T08:58:55+00:00\",\"dateModified\":\"2022-12-20T11:32:12+00:00\",\"breadcrumb\":{\"@id\":\"https:\/\/web.umons.ac.be\/rhor\/activites-denseignement\/#breadcrumb\"},\"inLanguage\":\"fr-FR\",\"potentialAction\":[{\"@type\":\"ReadAction\",\"target\":[\"https:\/\/web.umons.ac.be\/rhor\/activites-denseignement\/\"]}]},{\"@type\":\"BreadcrumbList\",\"@id\":\"https:\/\/web.umons.ac.be\/rhor\/activites-denseignement\/#breadcrumb\",\"itemListElement\":[{\"@type\":\"ListItem\",\"position\":1,\"name\":\"Home\",\"item\":\"https:\/\/web.umons.ac.be\/rhor\/\"},{\"@type\":\"ListItem\",\"position\":2,\"name\":\"Activit\u00e9s d&rsquo;enseignement\"}]},{\"@type\":\"WebSite\",\"@id\":\"https:\/\/web.umons.ac.be\/rhor\/#website\",\"url\":\"https:\/\/web.umons.ac.be\/rhor\/\",\"name\":\"Service \/ FWEG - Ressources Humaines et Organisations Responsables\",\"description\":\"\",\"potentialAction\":[{\"@type\":\"SearchAction\",\"target\":{\"@type\":\"EntryPoint\",\"urlTemplate\":\"https:\/\/web.umons.ac.be\/rhor\/?s={search_term_string}\"},\"query-input\":{\"@type\":\"PropertyValueSpecification\",\"valueRequired\":true,\"valueName\":\"search_term_string\"}}],\"inLanguage\":\"fr-FR\"}]}<\/script>\n<!-- \/ Yoast SEO plugin. -->","yoast_head_json":{"title":"Activit\u00e9s d'enseignement - Service \/ FWEG - Ressources Humaines et Organisations Responsables","robots":{"index":"index","follow":"follow","max-snippet":"max-snippet:-1","max-image-preview":"max-image-preview:large","max-video-preview":"max-video-preview:-1"},"canonical":"https:\/\/web.umons.ac.be\/rhor\/activites-denseignement\/","og_locale":"fr_FR","og_type":"article","og_title":"Activit\u00e9s d'enseignement - Service \/ FWEG - Ressources Humaines et Organisations Responsables","og_description":"Notre service assure des enseignements dans quatre domaines, tant en bachelier qu\u2019en master : La gestion des ressources humaines via notamment des cours relatifs au bien-\u00eatre au travail, au management des ressources humaines, \u00e0 la gestion des conflits, \u00e0 la conduite du changement, \u00e0 la GRH socialement responsable, \u00e0 la gestion d\u2019\u00e9quipe, \u2026 La p\u00e9dagogie [&hellip;]","og_url":"https:\/\/web.umons.ac.be\/rhor\/activites-denseignement\/","og_site_name":"Service \/ FWEG - Ressources Humaines et Organisations Responsables","article_modified_time":"2022-12-20T11:32:12+00:00","twitter_card":"summary_large_image","twitter_misc":{"Dur\u00e9e de lecture estim\u00e9e":"2 minutes"},"schema":{"@context":"https:\/\/schema.org","@graph":[{"@type":"WebPage","@id":"https:\/\/web.umons.ac.be\/rhor\/activites-denseignement\/","url":"https:\/\/web.umons.ac.be\/rhor\/activites-denseignement\/","name":"Activit\u00e9s d'enseignement - Service \/ FWEG - Ressources Humaines et Organisations Responsables","isPartOf":{"@id":"https:\/\/web.umons.ac.be\/rhor\/#website"},"datePublished":"2021-11-05T08:58:55+00:00","dateModified":"2022-12-20T11:32:12+00:00","breadcrumb":{"@id":"https:\/\/web.umons.ac.be\/rhor\/activites-denseignement\/#breadcrumb"},"inLanguage":"fr-FR","potentialAction":[{"@type":"ReadAction","target":["https:\/\/web.umons.ac.be\/rhor\/activites-denseignement\/"]}]},{"@type":"BreadcrumbList","@id":"https:\/\/web.umons.ac.be\/rhor\/activites-denseignement\/#breadcrumb","itemListElement":[{"@type":"ListItem","position":1,"name":"Home","item":"https:\/\/web.umons.ac.be\/rhor\/"},{"@type":"ListItem","position":2,"name":"Activit\u00e9s d&rsquo;enseignement"}]},{"@type":"WebSite","@id":"https:\/\/web.umons.ac.be\/rhor\/#website","url":"https:\/\/web.umons.ac.be\/rhor\/","name":"Service \/ FWEG - Ressources Humaines et Organisations Responsables","description":"","potentialAction":[{"@type":"SearchAction","target":{"@type":"EntryPoint","urlTemplate":"https:\/\/web.umons.ac.be\/rhor\/?s={search_term_string}"},"query-input":{"@type":"PropertyValueSpecification","valueRequired":true,"valueName":"search_term_string"}}],"inLanguage":"fr-FR"}]}},"lang":"fr","translations":{"fr":11,"en":13},"pll_sync_post":[],"_links":{"self":[{"href":"https:\/\/web.umons.ac.be\/rhor\/wp-json\/wp\/v2\/pages\/11","targetHints":{"allow":["GET"]}}],"collection":[{"href":"https:\/\/web.umons.ac.be\/rhor\/wp-json\/wp\/v2\/pages"}],"about":[{"href":"https:\/\/web.umons.ac.be\/rhor\/wp-json\/wp\/v2\/types\/page"}],"author":[{"embeddable":true,"href":"https:\/\/web.umons.ac.be\/rhor\/wp-json\/wp\/v2\/users\/4"}],"replies":[{"embeddable":true,"href":"https:\/\/web.umons.ac.be\/rhor\/wp-json\/wp\/v2\/comments?post=11"}],"version-history":[{"count":3,"href":"https:\/\/web.umons.ac.be\/rhor\/wp-json\/wp\/v2\/pages\/11\/revisions"}],"predecessor-version":[{"id":63,"href":"https:\/\/web.umons.ac.be\/rhor\/wp-json\/wp\/v2\/pages\/11\/revisions\/63"}],"wp:attachment":[{"href":"https:\/\/web.umons.ac.be\/rhor\/wp-json\/wp\/v2\/media?parent=11"}],"curies":[{"name":"wp","href":"https:\/\/api.w.org\/{rel}","templated":true}]}}