{"id":15,"date":"2021-11-05T09:58:56","date_gmt":"2021-11-05T08:58:56","guid":{"rendered":"https:\/\/web.umons.ac.be\/rhor\/activites-de-recherche\/"},"modified":"2022-12-20T12:41:49","modified_gmt":"2022-12-20T11:41:49","slug":"activites-de-recherche","status":"publish","type":"page","link":"https:\/\/web.umons.ac.be\/rhor\/activites-de-recherche\/","title":{"rendered":"Activit\u00e9s de recherche"},"content":{"rendered":"<p>Actuellement, nos <span style=\"color: #c40242\"><strong>deux principaux axes de recherche<\/strong><\/span>, que sont la gestion des ressources humaines et la responsabilit\u00e9 soci\u00e9tale des organisations, se d\u00e9clinent autour des domaines suivants :<\/p>\n<ul>\n<li><span style=\"color: #009ee0\"><strong>Axe GRH :<\/strong><\/span>\n<ul>\n<li>T\u00e9l\u00e9travail, genre et conciliation des vies priv\u00e9e et professionnelle<\/li>\n<li>Valorisation du personnel au sein des PME belges et fran\u00e7aises<\/li>\n<li>Etude des relations entre contrat de travail, productivit\u00e9 et salaires<\/li>\n<li>Approche qualitative des pratiques de satisfaction au travail<\/li>\n<li>Pratiques de reconnaissance dans les organisations agiles<\/li>\n<\/ul>\n<\/li>\n<li><strong><span style=\"color: #009ee0\">Axe RSO :<\/span><\/strong>\n<ul>\n<li>Perception et r\u00f4le des dirigeants de PME dans une d\u00e9marche de RSE<\/li>\n<li>Etude des relations entre RSE, innovation et performance financi\u00e8re<\/li>\n<li>Responsabilit\u00e9 sociale des universit\u00e9s (RSU)<\/li>\n<li>Strat\u00e9gie d\u2019entreprise et \u00e9co-innovation<\/li>\n<li>Entrepreneuriat durable et responsable<\/li>\n<\/ul>\n<\/li>\n<\/ul>\n<p>Vu la proximit\u00e9 entre ces deux axes, nous r\u00e9alisons aussi des recherches s\u2019int\u00e9ressant aux relations entre la RSE et la GRH.<\/p>\n<p>Nos recherches sont men\u00e9es tant avec des m\u00e9thodologies qualitatives (\u00e9tudes de cas, entretiens, \u2026) que quantitatives (r\u00e9alisation d\u2019enqu\u00eates avec traitement statistique\/\u00e9conom\u00e9trique).<\/p>\n<p>Nous nous int\u00e9ressons tant aux organisations du secteur priv\u00e9 que public, avec une attention sp\u00e9cifique port\u00e9e aux entreprises et aux universit\u00e9s impliqu\u00e9es dans des d\u00e9marches responsables.<\/p>\n<p>Vous pouvez consulter nos publications <a href=\"https:\/\/web.umons.ac.be\/rhor\/activites-de-recherche\/publications\/\">en cliquant ici.<\/a><\/p>\n<p>Des<span style=\"color: #bb0032\"><strong> th\u00e8ses<\/strong> <\/span>sont actuellement en cours au sein du service et s\u2019int\u00e9ressent aux th\u00e9matiques suivantes :<\/p>\n<ul>\n<li>Pratiques de reconnaissance dans les entreprises agiles (Alexis Abeli)<\/li>\n<li>Positionnement strat\u00e9gique des firmes en faveur de l\u2019\u00e9co-innovation (Loann Astorino)<\/li>\n<li>Contrats de travail et performance des salari\u00e9s en RDC (Bill Lumueni)<\/li>\n<li>Conduite du changement (Nathalie Sol)<\/li>\n<li>Lien entre performance, gestion des riques et RSE au sein des entreprises familiales: le cas des entreprises marocaines. (Mohamed El Kountami)<\/li>\n<li>L&rsquo;entrepreneuriat f\u00e9minin et soutenable au sein des entreprises familiales (Sara Aniny)<\/li>\n<li>L\u2019\u00e9conomie circulaire, source d\u2019inspiration pour la GRH\u00a0? (Fatima Abasy)<\/li>\n<\/ul>\n<p>&nbsp;<\/p>\n<p>&nbsp;<\/p>\n<p>Notre service est, par ailleurs rattach\u00e9 \u00e0 un institut de recherche de l\u2019UMONS :<\/p>\n<start-cask-shortcode-wrapper>\t\t<div class=\"associated-institutes content-block scheme-fweg\">\n\t\t\t<ul class=\"institutes-list\">\n\t\t\t\t\t\t\t\t\t\t<li>\n\t\t\t\t\t\t\t<a href=\"https:\/\/web.umons.ac.be\/soci_e_ter\" title=\"Acc\u00e9der au site web de : Institut \/ Soci&amp;ter\" class=\"associated-institute\">\n\t\t\t\t\t\t\t\t<img loading=\"lazy\" decoding=\"async\" width=\"1\" height=\"1\" src=\"https:\/\/web.umons.ac.be\/app\/uploads\/sites\/33\/2021\/11\/Societer-FR.svg\" class=\"attachment-thumbnail size-thumbnail\" alt=\"\" \/>\t\t\t\t\t\t\t<\/a>\t\t\t\n\t\t\t\t\t\t<\/li>\n\t\t\t\t\t\t\t<\/ul>\n\t\t<\/div>\n <end-cask-shortcode-wrapper>\n","protected":false},"excerpt":{"rendered":"<p>Actuellement, nos deux principaux axes de recherche, que sont la gestion des ressources humaines et la responsabilit\u00e9 soci\u00e9tale des organisations, se d\u00e9clinent autour des domaines suivants : Axe GRH : T\u00e9l\u00e9travail, genre et conciliation des vies priv\u00e9e et professionnelle Valorisation du personnel au sein des PME belges et fran\u00e7aises Etude des relations entre contrat de [&hellip;]<\/p>\n","protected":false},"author":4,"featured_media":0,"parent":0,"menu_order":0,"comment_status":"closed","ping_status":"closed","template":"","meta":{"footnotes":""},"class_list":["post-15","page","type-page","status-publish","hentry"],"yoast_head":"<!-- This site is optimized with the Yoast SEO plugin v27.2 - https:\/\/yoast.com\/product\/yoast-seo-wordpress\/ -->\n<title>Activit\u00e9s de recherche - Service \/ FWEG - Ressources Humaines et Organisations Responsables<\/title>\n<meta name=\"robots\" content=\"index, follow, max-snippet:-1, max-image-preview:large, max-video-preview:-1\" \/>\n<link rel=\"canonical\" href=\"https:\/\/web.umons.ac.be\/rhor\/activites-de-recherche\/\" \/>\n<meta property=\"og:locale\" content=\"fr_FR\" \/>\n<meta property=\"og:type\" content=\"article\" \/>\n<meta property=\"og:title\" content=\"Activit\u00e9s de recherche - Service \/ FWEG - Ressources Humaines et Organisations Responsables\" \/>\n<meta property=\"og:description\" content=\"Actuellement, nos deux principaux axes de recherche, que sont la gestion des ressources humaines et la responsabilit\u00e9 soci\u00e9tale des organisations, se d\u00e9clinent autour des domaines suivants : Axe GRH : T\u00e9l\u00e9travail, genre et conciliation des vies priv\u00e9e et professionnelle Valorisation du personnel au sein des PME belges et fran\u00e7aises Etude des relations entre contrat de [&hellip;]\" \/>\n<meta property=\"og:url\" content=\"https:\/\/web.umons.ac.be\/rhor\/activites-de-recherche\/\" \/>\n<meta property=\"og:site_name\" content=\"Service \/ FWEG - Ressources Humaines et Organisations Responsables\" \/>\n<meta property=\"article:modified_time\" content=\"2022-12-20T11:41:49+00:00\" \/>\n<meta name=\"twitter:card\" content=\"summary_large_image\" \/>\n<meta name=\"twitter:label1\" content=\"Dur\u00e9e de lecture estim\u00e9e\" \/>\n\t<meta name=\"twitter:data1\" content=\"2 minutes\" \/>\n<script type=\"application\/ld+json\" class=\"yoast-schema-graph\">{\"@context\":\"https:\/\/schema.org\",\"@graph\":[{\"@type\":\"WebPage\",\"@id\":\"https:\/\/web.umons.ac.be\/rhor\/activites-de-recherche\/\",\"url\":\"https:\/\/web.umons.ac.be\/rhor\/activites-de-recherche\/\",\"name\":\"Activit\u00e9s de recherche - Service \/ FWEG - Ressources Humaines et Organisations Responsables\",\"isPartOf\":{\"@id\":\"https:\/\/web.umons.ac.be\/rhor\/#website\"},\"datePublished\":\"2021-11-05T08:58:56+00:00\",\"dateModified\":\"2022-12-20T11:41:49+00:00\",\"breadcrumb\":{\"@id\":\"https:\/\/web.umons.ac.be\/rhor\/activites-de-recherche\/#breadcrumb\"},\"inLanguage\":\"fr-FR\",\"potentialAction\":[{\"@type\":\"ReadAction\",\"target\":[\"https:\/\/web.umons.ac.be\/rhor\/activites-de-recherche\/\"]}]},{\"@type\":\"BreadcrumbList\",\"@id\":\"https:\/\/web.umons.ac.be\/rhor\/activites-de-recherche\/#breadcrumb\",\"itemListElement\":[{\"@type\":\"ListItem\",\"position\":1,\"name\":\"Home\",\"item\":\"https:\/\/web.umons.ac.be\/rhor\/\"},{\"@type\":\"ListItem\",\"position\":2,\"name\":\"Activit\u00e9s de recherche\"}]},{\"@type\":\"WebSite\",\"@id\":\"https:\/\/web.umons.ac.be\/rhor\/#website\",\"url\":\"https:\/\/web.umons.ac.be\/rhor\/\",\"name\":\"Service \/ FWEG - Ressources Humaines et Organisations Responsables\",\"description\":\"\",\"potentialAction\":[{\"@type\":\"SearchAction\",\"target\":{\"@type\":\"EntryPoint\",\"urlTemplate\":\"https:\/\/web.umons.ac.be\/rhor\/?s={search_term_string}\"},\"query-input\":{\"@type\":\"PropertyValueSpecification\",\"valueRequired\":true,\"valueName\":\"search_term_string\"}}],\"inLanguage\":\"fr-FR\"}]}<\/script>\n<!-- \/ Yoast SEO plugin. -->","yoast_head_json":{"title":"Activit\u00e9s de recherche - Service \/ FWEG - Ressources Humaines et Organisations Responsables","robots":{"index":"index","follow":"follow","max-snippet":"max-snippet:-1","max-image-preview":"max-image-preview:large","max-video-preview":"max-video-preview:-1"},"canonical":"https:\/\/web.umons.ac.be\/rhor\/activites-de-recherche\/","og_locale":"fr_FR","og_type":"article","og_title":"Activit\u00e9s de recherche - Service \/ FWEG - Ressources Humaines et Organisations Responsables","og_description":"Actuellement, nos deux principaux axes de recherche, que sont la gestion des ressources humaines et la responsabilit\u00e9 soci\u00e9tale des organisations, se d\u00e9clinent autour des domaines suivants : Axe GRH : T\u00e9l\u00e9travail, genre et conciliation des vies priv\u00e9e et professionnelle Valorisation du personnel au sein des PME belges et fran\u00e7aises Etude des relations entre contrat de [&hellip;]","og_url":"https:\/\/web.umons.ac.be\/rhor\/activites-de-recherche\/","og_site_name":"Service \/ FWEG - Ressources Humaines et Organisations Responsables","article_modified_time":"2022-12-20T11:41:49+00:00","twitter_card":"summary_large_image","twitter_misc":{"Dur\u00e9e de lecture estim\u00e9e":"2 minutes"},"schema":{"@context":"https:\/\/schema.org","@graph":[{"@type":"WebPage","@id":"https:\/\/web.umons.ac.be\/rhor\/activites-de-recherche\/","url":"https:\/\/web.umons.ac.be\/rhor\/activites-de-recherche\/","name":"Activit\u00e9s de recherche - Service \/ FWEG - Ressources Humaines et Organisations Responsables","isPartOf":{"@id":"https:\/\/web.umons.ac.be\/rhor\/#website"},"datePublished":"2021-11-05T08:58:56+00:00","dateModified":"2022-12-20T11:41:49+00:00","breadcrumb":{"@id":"https:\/\/web.umons.ac.be\/rhor\/activites-de-recherche\/#breadcrumb"},"inLanguage":"fr-FR","potentialAction":[{"@type":"ReadAction","target":["https:\/\/web.umons.ac.be\/rhor\/activites-de-recherche\/"]}]},{"@type":"BreadcrumbList","@id":"https:\/\/web.umons.ac.be\/rhor\/activites-de-recherche\/#breadcrumb","itemListElement":[{"@type":"ListItem","position":1,"name":"Home","item":"https:\/\/web.umons.ac.be\/rhor\/"},{"@type":"ListItem","position":2,"name":"Activit\u00e9s de recherche"}]},{"@type":"WebSite","@id":"https:\/\/web.umons.ac.be\/rhor\/#website","url":"https:\/\/web.umons.ac.be\/rhor\/","name":"Service \/ FWEG - Ressources Humaines et Organisations Responsables","description":"","potentialAction":[{"@type":"SearchAction","target":{"@type":"EntryPoint","urlTemplate":"https:\/\/web.umons.ac.be\/rhor\/?s={search_term_string}"},"query-input":{"@type":"PropertyValueSpecification","valueRequired":true,"valueName":"search_term_string"}}],"inLanguage":"fr-FR"}]}},"lang":"fr","translations":{"fr":15,"en":17},"pll_sync_post":[],"_links":{"self":[{"href":"https:\/\/web.umons.ac.be\/rhor\/wp-json\/wp\/v2\/pages\/15","targetHints":{"allow":["GET"]}}],"collection":[{"href":"https:\/\/web.umons.ac.be\/rhor\/wp-json\/wp\/v2\/pages"}],"about":[{"href":"https:\/\/web.umons.ac.be\/rhor\/wp-json\/wp\/v2\/types\/page"}],"author":[{"embeddable":true,"href":"https:\/\/web.umons.ac.be\/rhor\/wp-json\/wp\/v2\/users\/4"}],"replies":[{"embeddable":true,"href":"https:\/\/web.umons.ac.be\/rhor\/wp-json\/wp\/v2\/comments?post=15"}],"version-history":[{"count":3,"href":"https:\/\/web.umons.ac.be\/rhor\/wp-json\/wp\/v2\/pages\/15\/revisions"}],"predecessor-version":[{"id":65,"href":"https:\/\/web.umons.ac.be\/rhor\/wp-json\/wp\/v2\/pages\/15\/revisions\/65"}],"wp:attachment":[{"href":"https:\/\/web.umons.ac.be\/rhor\/wp-json\/wp\/v2\/media?parent=15"}],"curies":[{"name":"wp","href":"https:\/\/api.w.org\/{rel}","templated":true}]}}