{"id":22,"date":"2017-07-20T17:01:36","date_gmt":"2017-07-20T15:01:36","guid":{"rendered":"https:\/\/web.umons.ac.be\/risques\/?page_id=22"},"modified":"2017-11-09T14:43:29","modified_gmt":"2017-11-09T13:43:29","slug":"expertises-et-thematiques","status":"publish","type":"page","link":"https:\/\/web.umons.ac.be\/risques\/fr\/expertises-et-thematiques\/","title":{"rendered":"Expertises et th\u00e9matiques"},"content":{"rendered":"<ul>\n<li>\n<h5><strong>les risques naturels\u00a0<\/strong>:<\/h5>\n<p>\u00e9tudes g\u00e9ologiques et hydrog\u00e9ologiques, ph\u00e9nom\u00e8nes d\u2019effondrement karstique, risques post-miniers, sismicit\u00e9, inondations, protection contre la foudre, risques climatiques, etc.,<\/li>\n<\/ul>\n<ul>\n<li>\n<h5><strong>les risques industriels &amp; technologiques\u00a0<\/strong>:<\/h5>\n<p>s\u00fbret\u00e9 de fonctionnement, fiabilit\u00e9 et maintenance industrielle, s\u00e9curit\u00e9 des transports, incendies, \u00e9tudes des dangers technologiques majeurs, am\u00e9nagement du territoire, plans d\u2019urgence, gestion de crise, toxicologie, etc.,<\/li>\n<\/ul>\n<ul>\n<li>\n<h5><strong>les risques environnementaux\u00a0<\/strong>:<\/h5>\n<p>dispersion de polluants atmosph\u00e9riques, gestion et traitement des sols pollu\u00e9s et des d\u00e9chets, \u00e9puration de rejets gazeux et capture du CO2, protection des nappes phr\u00e9atiques, etc.,<\/li>\n<\/ul>\n<ul>\n<li>\n<h5><strong>les risques organisationnels\u00a0<\/strong>:<\/h5>\n<p>aide \u00e0 la d\u00e9cision multicrit\u00e8re, recherche op\u00e9rationnelle, utilisation des syst\u00e8mes d\u2019information g\u00e9ographique, cartographie et ma\u00eetrise des risques dans les syst\u00e8mes sociotechniques complexes, la pr\u00e9vention des risques dans les organisations hospitali\u00e8res et dans les r\u00e9seaux de soins, gestion de la qualit\u00e9, etc.,<\/li>\n<\/ul>\n<ul>\n<li>\n<h5><strong>les risques socio-\u00e9conomiques\u00a0<\/strong>:<\/h5>\n<p>management financier, gouvernance d\u2019entreprise, finances publiques, gestion financi\u00e8re des entreprises, etc.,<\/li>\n<li>\n<h5><strong>les risques soci\u00e9taux\u00a0<\/strong>:<\/h5>\n<p>dangers li\u00e9s \u00e0 la fragilit\u00e9 des infrastructures essentielles, nouveaux modes d\u2019urbanisation, r\u00e9silience soci\u00e9tale, etc.<\/li>\n<\/ul>\n","protected":false},"excerpt":{"rendered":"<p>les risques naturels\u00a0: \u00e9tudes g\u00e9ologiques et hydrog\u00e9ologiques, ph\u00e9nom\u00e8nes d\u2019effondrement karstique, risques post-miniers, sismicit\u00e9, inondations, protection contre la foudre, risques climatiques, etc., les risques industriels &amp; technologiques\u00a0: s\u00fbret\u00e9 de fonctionnement, fiabilit\u00e9 et maintenance industrielle, s\u00e9curit\u00e9 des transports, incendies, \u00e9tudes des dangers technologiques majeurs, am\u00e9nagement du territoire, plans d\u2019urgence, gestion de crise, toxicologie, etc., les risques environnementaux\u00a0: [&hellip;]<\/p>\n","protected":false},"author":2,"featured_media":0,"parent":0,"menu_order":1,"comment_status":"closed","ping_status":"closed","template":"","meta":{"footnotes":""},"class_list":["post-22","page","type-page","status-publish","hentry"],"yoast_head":"<!-- This site is optimized with the Yoast SEO plugin v27.2 - https:\/\/yoast.com\/product\/yoast-seo-wordpress\/ -->\n<title>Expertises et th\u00e9matiques - Institut \/ Risques<\/title>\n<meta name=\"robots\" content=\"index, follow, max-snippet:-1, max-image-preview:large, max-video-preview:-1\" \/>\n<link rel=\"canonical\" href=\"https:\/\/web.umons.ac.be\/risques\/fr\/expertises-et-thematiques\/\" \/>\n<meta property=\"og:locale\" content=\"fr_FR\" \/>\n<meta property=\"og:type\" content=\"article\" \/>\n<meta property=\"og:title\" content=\"Expertises et th\u00e9matiques - Institut \/ Risques\" \/>\n<meta property=\"og:description\" content=\"les risques naturels\u00a0: \u00e9tudes g\u00e9ologiques et hydrog\u00e9ologiques, ph\u00e9nom\u00e8nes d\u2019effondrement karstique, risques post-miniers, sismicit\u00e9, inondations, protection contre la foudre, risques climatiques, etc., les risques industriels &amp; technologiques\u00a0: s\u00fbret\u00e9 de fonctionnement, fiabilit\u00e9 et maintenance industrielle, s\u00e9curit\u00e9 des transports, incendies, \u00e9tudes des dangers technologiques majeurs, am\u00e9nagement du territoire, plans d\u2019urgence, gestion de crise, toxicologie, etc., les risques environnementaux\u00a0: [&hellip;]\" \/>\n<meta property=\"og:url\" content=\"https:\/\/web.umons.ac.be\/risques\/fr\/expertises-et-thematiques\/\" \/>\n<meta property=\"og:site_name\" content=\"Institut \/ Risques\" \/>\n<meta property=\"article:modified_time\" content=\"2017-11-09T13:43:29+00:00\" \/>\n<meta name=\"twitter:card\" content=\"summary_large_image\" \/>\n<meta name=\"twitter:label1\" content=\"Dur\u00e9e de lecture estim\u00e9e\" \/>\n\t<meta name=\"twitter:data1\" content=\"1 minute\" \/>\n<script type=\"application\/ld+json\" class=\"yoast-schema-graph\">{\"@context\":\"https:\/\/schema.org\",\"@graph\":[{\"@type\":\"WebPage\",\"@id\":\"https:\/\/web.umons.ac.be\/risques\/fr\/expertises-et-thematiques\/\",\"url\":\"https:\/\/web.umons.ac.be\/risques\/fr\/expertises-et-thematiques\/\",\"name\":\"Expertises et th\u00e9matiques - Institut \/ Risques\",\"isPartOf\":{\"@id\":\"https:\/\/web.umons.ac.be\/risques\/#website\"},\"datePublished\":\"2017-07-20T15:01:36+00:00\",\"dateModified\":\"2017-11-09T13:43:29+00:00\",\"breadcrumb\":{\"@id\":\"https:\/\/web.umons.ac.be\/risques\/fr\/expertises-et-thematiques\/#breadcrumb\"},\"inLanguage\":\"fr-FR\",\"potentialAction\":[{\"@type\":\"ReadAction\",\"target\":[\"https:\/\/web.umons.ac.be\/risques\/fr\/expertises-et-thematiques\/\"]}]},{\"@type\":\"BreadcrumbList\",\"@id\":\"https:\/\/web.umons.ac.be\/risques\/fr\/expertises-et-thematiques\/#breadcrumb\",\"itemListElement\":[{\"@type\":\"ListItem\",\"position\":1,\"name\":\"Accueil\",\"item\":\"https:\/\/web.umons.ac.be\/risques\/fr\/\"},{\"@type\":\"ListItem\",\"position\":2,\"name\":\"Expertises et th\u00e9matiques\"}]},{\"@type\":\"WebSite\",\"@id\":\"https:\/\/web.umons.ac.be\/risques\/#website\",\"url\":\"https:\/\/web.umons.ac.be\/risques\/\",\"name\":\"Institut \/ Risques\",\"description\":\"Un site utilisant Universit\u00e9 de Mons \u2013 UMONS\",\"potentialAction\":[{\"@type\":\"SearchAction\",\"target\":{\"@type\":\"EntryPoint\",\"urlTemplate\":\"https:\/\/web.umons.ac.be\/risques\/?s={search_term_string}\"},\"query-input\":{\"@type\":\"PropertyValueSpecification\",\"valueRequired\":true,\"valueName\":\"search_term_string\"}}],\"inLanguage\":\"fr-FR\"}]}<\/script>\n<!-- \/ Yoast SEO plugin. -->","yoast_head_json":{"title":"Expertises et th\u00e9matiques - Institut \/ Risques","robots":{"index":"index","follow":"follow","max-snippet":"max-snippet:-1","max-image-preview":"max-image-preview:large","max-video-preview":"max-video-preview:-1"},"canonical":"https:\/\/web.umons.ac.be\/risques\/fr\/expertises-et-thematiques\/","og_locale":"fr_FR","og_type":"article","og_title":"Expertises et th\u00e9matiques - Institut \/ Risques","og_description":"les risques naturels\u00a0: \u00e9tudes g\u00e9ologiques et hydrog\u00e9ologiques, ph\u00e9nom\u00e8nes d\u2019effondrement karstique, risques post-miniers, sismicit\u00e9, inondations, protection contre la foudre, risques climatiques, etc., les risques industriels &amp; technologiques\u00a0: s\u00fbret\u00e9 de fonctionnement, fiabilit\u00e9 et maintenance industrielle, s\u00e9curit\u00e9 des transports, incendies, \u00e9tudes des dangers technologiques majeurs, am\u00e9nagement du territoire, plans d\u2019urgence, gestion de crise, toxicologie, etc., les risques environnementaux\u00a0: [&hellip;]","og_url":"https:\/\/web.umons.ac.be\/risques\/fr\/expertises-et-thematiques\/","og_site_name":"Institut \/ Risques","article_modified_time":"2017-11-09T13:43:29+00:00","twitter_card":"summary_large_image","twitter_misc":{"Dur\u00e9e de lecture estim\u00e9e":"1 minute"},"schema":{"@context":"https:\/\/schema.org","@graph":[{"@type":"WebPage","@id":"https:\/\/web.umons.ac.be\/risques\/fr\/expertises-et-thematiques\/","url":"https:\/\/web.umons.ac.be\/risques\/fr\/expertises-et-thematiques\/","name":"Expertises et th\u00e9matiques - Institut \/ Risques","isPartOf":{"@id":"https:\/\/web.umons.ac.be\/risques\/#website"},"datePublished":"2017-07-20T15:01:36+00:00","dateModified":"2017-11-09T13:43:29+00:00","breadcrumb":{"@id":"https:\/\/web.umons.ac.be\/risques\/fr\/expertises-et-thematiques\/#breadcrumb"},"inLanguage":"fr-FR","potentialAction":[{"@type":"ReadAction","target":["https:\/\/web.umons.ac.be\/risques\/fr\/expertises-et-thematiques\/"]}]},{"@type":"BreadcrumbList","@id":"https:\/\/web.umons.ac.be\/risques\/fr\/expertises-et-thematiques\/#breadcrumb","itemListElement":[{"@type":"ListItem","position":1,"name":"Accueil","item":"https:\/\/web.umons.ac.be\/risques\/fr\/"},{"@type":"ListItem","position":2,"name":"Expertises et th\u00e9matiques"}]},{"@type":"WebSite","@id":"https:\/\/web.umons.ac.be\/risques\/#website","url":"https:\/\/web.umons.ac.be\/risques\/","name":"Institut \/ Risques","description":"Un site utilisant Universit\u00e9 de Mons \u2013 UMONS","potentialAction":[{"@type":"SearchAction","target":{"@type":"EntryPoint","urlTemplate":"https:\/\/web.umons.ac.be\/risques\/?s={search_term_string}"},"query-input":{"@type":"PropertyValueSpecification","valueRequired":true,"valueName":"search_term_string"}}],"inLanguage":"fr-FR"}]}},"lang":"fr","translations":{"fr":22,"en":178},"pll_sync_post":[],"_links":{"self":[{"href":"https:\/\/web.umons.ac.be\/risques\/wp-json\/wp\/v2\/pages\/22","targetHints":{"allow":["GET"]}}],"collection":[{"href":"https:\/\/web.umons.ac.be\/risques\/wp-json\/wp\/v2\/pages"}],"about":[{"href":"https:\/\/web.umons.ac.be\/risques\/wp-json\/wp\/v2\/types\/page"}],"author":[{"embeddable":true,"href":"https:\/\/web.umons.ac.be\/risques\/wp-json\/wp\/v2\/users\/2"}],"replies":[{"embeddable":true,"href":"https:\/\/web.umons.ac.be\/risques\/wp-json\/wp\/v2\/comments?post=22"}],"version-history":[{"count":2,"href":"https:\/\/web.umons.ac.be\/risques\/wp-json\/wp\/v2\/pages\/22\/revisions"}],"predecessor-version":[{"id":157,"href":"https:\/\/web.umons.ac.be\/risques\/wp-json\/wp\/v2\/pages\/22\/revisions\/157"}],"wp:attachment":[{"href":"https:\/\/web.umons.ac.be\/risques\/wp-json\/wp\/v2\/media?parent=22"}],"curies":[{"name":"wp","href":"https:\/\/api.w.org\/{rel}","templated":true}]}}