{"id":224,"date":"2017-11-21T16:40:01","date_gmt":"2017-11-21T15:40:01","guid":{"rendered":"https:\/\/web.umons.ac.be\/risques\/?page_id=224"},"modified":"2023-08-21T14:25:57","modified_gmt":"2023-08-21T12:25:57","slug":"members","status":"publish","type":"page","link":"https:\/\/web.umons.ac.be\/risques\/en\/members\/","title":{"rendered":"Members"},"content":{"rendered":"<h6><span style=\"color: #00abcc;\"><strong>President of the Institute \u2013<\/strong>\u00a0Prof. Pierre Dehombreux<\/span><\/h6>\n<h2>Full members of the Research Institute\u00a0:<\/h2>\n<table width=\"579\">\n<tbody>\n<tr>\n<td width=\"466\"><strong>Biologie humaine et Toxicologie<\/strong><\/p>\n<ul>\n<li style=\"font-weight: 400;\">COLET Jean-Marie<\/li>\n<li style=\"font-weight: 400;\">CONOTTE Raphael<\/li>\n<li style=\"font-weight: 400;\">DELSINNE Virginie<\/li>\n<li style=\"font-weight: 400;\">DRAGUET Ana\u00efs<\/li>\n<li style=\"font-weight: 400;\">FIZAZI Afaf<\/li>\n<li style=\"font-weight: 400;\">GALANTE Mathias<\/li>\n<li style=\"font-weight: 400;\">KAHVECIOGLU Zehra Cagla<\/li>\n<li style=\"font-weight: 400;\">LEMOINE Charlotte<\/li>\n<li style=\"font-weight: 400;\">TAGLIATTI Vanessa<\/li>\n<\/ul>\n<\/td>\n<td width=\"113\">FMP<\/td>\n<\/tr>\n<tr>\n<td><strong>Finance<\/strong><\/p>\n<ul>\n<li style=\"font-weight: 400;\">COPPENS L\u00e9o<\/li>\n<li style=\"font-weight: 400;\">CROQUET M\u00e9lanie<\/li>\n<li style=\"font-weight: 400;\">CULTRERA Loredana<\/li>\n<li style=\"font-weight: 400;\">DUVINAGE Matthieu<\/li>\n<li style=\"font-weight: 400;\">HELDENBERGH Anne<\/li>\n<li style=\"font-weight: 400;\">HEYMAN Margot<\/li>\n<li style=\"font-weight: 400;\">KOUBI Christophe<\/li>\n<li style=\"font-weight: 400;\">LORENT Benjamin<\/li>\n<li style=\"font-weight: 400;\">POZNIAK Laetitia<\/li>\n<\/ul>\n<\/td>\n<td>FWEG<\/td>\n<\/tr>\n<tr>\n<td><strong>Finances publiques et Fiscalit\u00e9<\/strong><\/p>\n<ul>\n<li style=\"font-weight: 400;\">SIGNOR Jordan<\/li>\n<li style=\"font-weight: 400;\">VANDERNOOT Julien<\/li>\n<\/ul>\n<\/td>\n<td>FWEG<\/td>\n<\/tr>\n<tr>\n<td><strong>G\u00e9nie Architectural et Urbain<\/strong><\/p>\n<ul>\n<li style=\"font-weight: 400;\">ATLE Nicolas<\/li>\n<li style=\"font-weight: 400;\">AUTEM David<\/li>\n<li style=\"font-weight: 400;\">BATAILLE Thierry<\/li>\n<li style=\"font-weight: 400;\">BAYLE David<\/li>\n<li style=\"font-weight: 400;\">BULOT Benjamin<\/li>\n<li style=\"font-weight: 400;\">CAUCHETEUX Philippe Maurice<\/li>\n<li style=\"font-weight: 400;\">DE HARLEZ Nathalie<\/li>\n<li style=\"font-weight: 400;\">DEBAILLEUX Laurent<\/li>\n<li style=\"font-weight: 400;\">DEJASSE Pierre<\/li>\n<li style=\"font-weight: 400;\">DERAMAIX Dominique<\/li>\n<li style=\"font-weight: 400;\">FANFONE Morgane<\/li>\n<li style=\"font-weight: 400;\">HAVET Beno\u00eet<\/li>\n<li style=\"font-weight: 400;\">HISMANS Geoffrey<\/li>\n<li style=\"font-weight: 400;\">KASRI Sarra<\/li>\n<li style=\"font-weight: 400;\">LAINERI Marco<\/li>\n<li style=\"font-weight: 400;\">MEYRANT St\u00e9phane<\/li>\n<li style=\"font-weight: 400;\">NAHON S\u00e9bastien<\/li>\n<li style=\"font-weight: 400;\">POSTY St\u00e9phane<\/li>\n<li style=\"font-weight: 400;\">QUEVRIN Beno\u00eet<\/li>\n<li style=\"font-weight: 400;\">SCANDOLO Julie<\/li>\n<li style=\"font-weight: 400;\">SERVAIS Vincent<\/li>\n<li style=\"font-weight: 400;\">SIMOENS Pascal<\/li>\n<li style=\"font-weight: 400;\">VAN ROOYEN Xavier<\/li>\n<\/ul>\n<\/td>\n<td>FPMs<\/td>\n<\/tr>\n<tr>\n<td><strong>G\u00e9nie civil et M\u00e9canique des Structures<\/strong><\/p>\n<ul>\n<li style=\"font-weight: 400;\">BAELE Michael<\/li>\n<li style=\"font-weight: 400;\">DAGRAIN Fabrice<\/li>\n<li style=\"font-weight: 400;\">DATOUSSAID S\u00e9lim<\/li>\n<li style=\"font-weight: 400;\">DESCAMPS Thierry<\/li>\n<li style=\"font-weight: 400;\">DOMGUE KAMWA Lorraine Ilda<\/li>\n<li style=\"font-weight: 400;\">DUYCK Arthur<\/li>\n<li style=\"font-weight: 400;\">RANDAZZO Alessandro<\/li>\n<li style=\"font-weight: 400;\">ROENSMAENS Bertrand<\/li>\n<li style=\"font-weight: 400;\">ROSA Lino<\/li>\n<li style=\"font-weight: 400;\">TSIEN Li Mei<\/li>\n<li style=\"font-weight: 400;\">VAN PARYS Laurent<\/li>\n<li style=\"font-weight: 400;\">VERLEYE Lucia<\/li>\n<\/ul>\n<\/td>\n<td>FPMs<\/td>\n<\/tr>\n<tr>\n<td><strong>G\u00e9nie M\u00e9canique<\/strong><\/p>\n<ul>\n<li style=\"font-weight: 400;\">ANDRIANANDRIANINAJOHANESA Tojo Valisoa<\/li>\n<li style=\"font-weight: 400;\">ARRAZOLA Pedro-Jos\u00e9<\/li>\n<li style=\"font-weight: 400;\">BEUSCART Thomas<\/li>\n<li style=\"font-weight: 400;\">BOECKX Pascal<\/li>\n<li style=\"font-weight: 400;\">BOSSU Julien<\/li>\n<li style=\"font-weight: 400;\">COLANTONIO Lorenzo<\/li>\n<li style=\"font-weight: 400;\">DEHOMBREUX Pierre<\/li>\n<li style=\"font-weight: 400;\">DUCOBU Fran\u00e7ois<\/li>\n<li style=\"font-weight: 400;\">DUPONT Lionel<\/li>\n<li style=\"font-weight: 400;\">DUPONT Pierre<\/li>\n<li style=\"font-weight: 400;\">EL HIKI Lahcen<\/li>\n<li style=\"font-weight: 400;\">EQUETER Lucas<\/li>\n<li style=\"font-weight: 400;\">FILIPPI Enrico<\/li>\n<li style=\"font-weight: 400;\">FOKA TEUMBOU Richard<\/li>\n<li style=\"font-weight: 400;\">HOMRANI Mohamed Khalil<\/li>\n<li style=\"font-weight: 400;\">HOR Hedi<\/li>\n<li style=\"font-weight: 400;\">LEROY C\u00e9dric<\/li>\n<li style=\"font-weight: 400;\">MORONCINI G\u00e9r\u00f4me<\/li>\n<li style=\"font-weight: 400;\">RIVIERE LORPHEVRE Edouard<\/li>\n<li style=\"font-weight: 400;\">SOUGUIR Molk<\/li>\n<li style=\"font-weight: 400;\">SPITAELS Laurent<\/li>\n<li style=\"font-weight: 400;\">VERGARI Laurent<\/li>\n<\/ul>\n<\/td>\n<td>FPMs<\/td>\n<\/tr>\n<tr>\n<td><strong>G\u00e9nie Minier<\/strong><\/p>\n<ul>\n<li style=\"font-weight: 400;\">ANCIA Philippe<\/li>\n<li style=\"font-weight: 400;\">BRASSEUR Jean-Pierre<\/li>\n<li style=\"font-weight: 400;\">DESCAMPS Fanny<\/li>\n<li style=\"font-weight: 400;\">DURAND C\u00e9line<\/li>\n<li style=\"font-weight: 400;\">GONZE Nicolas<\/li>\n<li style=\"font-weight: 400;\">MABEKA Ndongala<\/li>\n<li style=\"font-weight: 400;\">NIKIEMA T\u00e9gawend\u00e9<\/li>\n<li style=\"font-weight: 400;\">VANDYCKE Sara<\/li>\n<li style=\"font-weight: 400;\">VANOVERBEKE Vincent<\/li>\n<li style=\"font-weight: 400;\">WATTIER Marie-Laure<\/li>\n<\/ul>\n<\/td>\n<td>FPMs<\/td>\n<\/tr>\n<tr>\n<td><strong>G\u00e9ologie fondamentale et appliqu\u00e9e<\/strong><\/p>\n<ul>\n<li style=\"font-weight: 400;\">BAELE Jean-Marc<\/li>\n<li style=\"font-weight: 400;\">CAMPEOL Quentin<\/li>\n<li style=\"font-weight: 400;\">CHRISTIAENS Louis<\/li>\n<li style=\"font-weight: 400;\">COBERT Corentin<\/li>\n<li style=\"font-weight: 400;\">CORON Joris<\/li>\n<li style=\"font-weight: 400;\">DEKENS Sim\u00e9on<\/li>\n<li style=\"font-weight: 400;\">DELABY Serge<\/li>\n<li style=\"font-weight: 400;\">DELETTER B\u00e9r\u00e9nice<\/li>\n<li style=\"font-weight: 400;\">DUPONT Nicolas<\/li>\n<li style=\"font-weight: 400;\">DUPUIS Christian<\/li>\n<li style=\"font-weight: 400;\">DURAND C\u00e9line<\/li>\n<li style=\"font-weight: 400;\">GODERNIAUX Pascal<\/li>\n<li style=\"font-weight: 400;\">HENNEBERT Michel<\/li>\n<li style=\"font-weight: 400;\">JOSEPH Kristiaan<\/li>\n<li style=\"font-weight: 400;\">KAUFMANN Olivier<\/li>\n<li style=\"font-weight: 400;\">MARTIN Thierry<\/li>\n<li style=\"font-weight: 400;\">MORTIER Thierry<\/li>\n<li style=\"font-weight: 400;\">N&rsquo;DEPO Yanick<\/li>\n<li style=\"font-weight: 400;\">PAPIER Severine<\/li>\n<li style=\"font-weight: 400;\">QUINIF Yves<\/li>\n<li style=\"font-weight: 400;\">ROBASZYNSKI Francis<\/li>\n<li style=\"font-weight: 400;\">RORIVE Alain<\/li>\n<li style=\"font-weight: 400;\">TALON Julien<\/li>\n<li style=\"font-weight: 400;\">THIEBAUT Elisa<\/li>\n<li style=\"font-weight: 400;\">TSAKIRMPALOGLOU Konstantinos<\/li>\n<li style=\"font-weight: 400;\">VANDELOIS Guillaume<\/li>\n<li style=\"font-weight: 400;\">WATLET Arnaud<\/li>\n<\/ul>\n<\/td>\n<td>FPMs<\/td>\n<\/tr>\n<tr>\n<td><strong>M\u00e9canique rationnelle, Dynamique et Vibrations<\/strong><\/p>\n<ul>\n<li style=\"font-weight: 400;\">BERTON R\u00e9gis<\/li>\n<li style=\"font-weight: 400;\">BOUCHER Serge<\/li>\n<li style=\"font-weight: 400;\">CAPETTE Nicolas<\/li>\n<li style=\"font-weight: 400;\">DAMBLY Valentin<\/li>\n<li style=\"font-weight: 400;\">HOUDEK V\u00e1clav<\/li>\n<li style=\"font-weight: 400;\">KOUROUSSIS Georges<\/li>\n<li style=\"font-weight: 400;\">NIS Kevin<\/li>\n<li style=\"font-weight: 400;\">OLIVIER Bryan<\/li>\n<li style=\"font-weight: 400;\">OUAKKA Slimane<\/li>\n<li style=\"font-weight: 400;\">TSONGO VUGHUMA Joseph<\/li>\n<li style=\"font-weight: 400;\">VERLINDEN Olivier<\/li>\n<\/ul>\n<\/td>\n<td>FPMs<\/td>\n<\/tr>\n<tr>\n<td><strong>Physique G\u00e9n\u00e9rale<\/strong><\/p>\n<ul>\n<li>BAVAY Benoit<\/li>\n<li>COQUELET Fr\u00e9d\u00e9ric<\/li>\n<li>LOBRY Jacques<\/li>\n<li>MOINY Francis<\/li>\n<li>ZOGNING Calvin<\/li>\n<\/ul>\n<\/td>\n<td>FPMs<\/td>\n<\/tr>\n<tr>\n<td><strong>Projets, Ville et Territoire<\/strong><\/p>\n<ul>\n<li>BARBIER L\u00e9opold<\/li>\n<li>BECUE Vincent<\/li>\n<li>BLANCKAERT Simon<\/li>\n<li>CAVION Aur\u00e9lie<\/li>\n<li>CENCI Jeremy<\/li>\n<li>CORNUT Pierre<\/li>\n<li>COSZACH Emeline<\/li>\n<li>DEPRETRE Adeline<\/li>\n<li>DUPONT Nicolas<\/li>\n<li>GILBART Alexis<\/li>\n<li>HOLOFFE Etienne<\/li>\n<li>HUBERT Yves<\/li>\n<li>KOUTRA Sesil<\/li>\n<li>LAGO No\u00e9mie<\/li>\n<li>MAZY Kristel<\/li>\n<li>PAIRON Marie<\/li>\n<li>RANDOUR Lisa<\/li>\n<li>ROMARIZ PEIXOTO Larissa<\/li>\n<li>RUGGIERO Angela<\/li>\n<li>SIMOENS Pascal<\/li>\n<li>VERMEERSCH Marceline<\/li>\n<li>VERRET Marie-Anne<\/li>\n<li>WAROUX Thomas<\/li>\n<li>YVIN Bruno<\/li>\n<li>ZHANG Jiazhen<\/li>\n<\/ul>\n<\/td>\n<td>FAU<\/td>\n<\/tr>\n<tr>\n<td><strong>Psychologie du travail<\/strong><\/p>\n<ul>\n<li style=\"font-weight: 400;\">CULTIAUX John<\/li>\n<li style=\"font-weight: 400;\">DARQUENNE Rapha\u00ebl<\/li>\n<li style=\"font-weight: 400;\">DAVE Madison<\/li>\n<li style=\"font-weight: 400;\">DELROISSE St\u00e9phanie<\/li>\n<li style=\"font-weight: 400;\">DUBOIS Laurie-Anna<\/li>\n<li style=\"font-weight: 400;\">FABIOCCHI Emmanuel<\/li>\n<li style=\"font-weight: 400;\">KLEIN Olivier<\/li>\n<li style=\"font-weight: 400;\">MARCHAL Cynthie<\/li>\n<li style=\"font-weight: 400;\">NERA Kenzo<\/li>\n<li style=\"font-weight: 400;\">PIETTE Alain Gabriel Louis<\/li>\n<li style=\"font-weight: 400;\">RABAT Ariel<\/li>\n<li style=\"font-weight: 400;\">TAAME Rachida<\/li>\n<li style=\"font-weight: 400;\">VAN DAELE Agn\u00e8s<\/li>\n<li style=\"font-weight: 400;\">VANDESTRATE Sylvie<\/li>\n<li style=\"font-weight: 400;\">VANDEWATTYNE Jean<\/li>\n<\/ul>\n<\/td>\n<td>FPSE<\/td>\n<\/tr>\n<tr>\n<td><strong>Psychopathologie l\u00e9gale<\/strong><\/p>\n<ul>\n<li style=\"font-weight: 400;\">ANCIAUX Anne-Fran\u00e7oise<\/li>\n<li style=\"font-weight: 400;\">BENOUAMER Caroline<\/li>\n<li style=\"font-weight: 400;\">BERTSCH Ingrid<\/li>\n<li style=\"font-weight: 400;\">DEGOUIS Fanny<\/li>\n<li style=\"font-weight: 400;\">GANDIBLEUX Lo\u00efce<\/li>\n<li style=\"font-weight: 400;\">MARGHEM Benoit<\/li>\n<li style=\"font-weight: 400;\">MIERMONT Anye<\/li>\n<li style=\"font-weight: 400;\">OSWALD Pierre<\/li>\n<li style=\"font-weight: 400;\">PHAM HOANG Thierry<\/li>\n<li style=\"font-weight: 400;\">RACANIELLO Melinda<\/li>\n<li style=\"font-weight: 400;\">ROBERT Luc<\/li>\n<li style=\"font-weight: 400;\">SALOPPE Xavier<\/li>\n<li style=\"font-weight: 400;\">TELLE Emilie<\/li>\n<li style=\"font-weight: 400;\">TIBERI Luca<\/li>\n<li style=\"font-weight: 400;\">VICENZUTTO Audrey<\/li>\n<\/ul>\n<\/td>\n<td>FPSE<\/td>\n<\/tr>\n<tr>\n<td><strong>Fluides-Machines<\/strong><\/p>\n<ul>\n<li>BLONDEAU Julien<\/li>\n<li>BOURGEOIS Alban<\/li>\n<li>BRICTEUX Laurent<\/li>\n<li>CHODZYNSKI Kamil<\/li>\n<li>COUSSEMENT Gr\u00e9gory<\/li>\n<li>JIMENEZ FABIAN Ren\u00e9 Enrique<\/li>\n<li>LEGA Adrien<\/li>\n<li>STENDARDO Elisa<\/li>\n<li>TESTAGUZZA Marco<\/li>\n<li>TRIFFAUX Vincent<\/li>\n<li>VIGNY Ulysse<\/li>\n<li>ZAMPINI Luca<\/li>\n<li>ZEOLI St\u00e9phanie<\/li>\n<\/ul>\n<\/td>\n<td>FPMs<\/td>\n<\/tr>\n<\/tbody>\n<\/table>\n<p>&nbsp;<\/p>\n<h5>Additional members of the Institute<span class=\"ms-rteCustom-TexteBleu\"><span class=\"ms-rteCustom-Gras\"> :<\/span><\/span><\/h5>\n<ul>\n<li style=\"font-weight: 400;\">BAUWERAERTS Jonathan<\/li>\n<li style=\"font-weight: 400;\">BROCORENS Patrick<\/li>\n<li>BROHEZ Sylvain<\/li>\n<li style=\"font-weight: 400;\">COLOT Olivier<\/li>\n<li>DELVOSALLE Christian<\/li>\n<li style=\"font-weight: 400;\">DUALIBE Fortunato<\/li>\n<li style=\"font-weight: 400;\">HAELEWYCK Marie-Claire<\/li>\n<li>HANTSON Anne-Lise<\/li>\n<li style=\"font-weight: 400;\">PIRLOT Marc<\/li>\n<li style=\"font-weight: 400;\">SIEBERT Xavier<\/li>\n<li style=\"font-weight: 400;\">VALDERRAMA SAKUYAMA Carlos Alberto<\/li>\n<li style=\"font-weight: 400;\">VERMEYLEN Guillaume<\/li>\n<\/ul>\n","protected":false},"excerpt":{"rendered":"<p>President of the Institute \u2013\u00a0Prof. Pierre Dehombreux Full members of the Research Institute\u00a0: Biologie humaine et Toxicologie COLET Jean-Marie CONOTTE Raphael DELSINNE Virginie DRAGUET Ana\u00efs FIZAZI Afaf GALANTE Mathias KAHVECIOGLU Zehra Cagla LEMOINE Charlotte TAGLIATTI Vanessa FMP Finance COPPENS L\u00e9o CROQUET M\u00e9lanie CULTRERA Loredana DUVINAGE Matthieu HELDENBERGH Anne HEYMAN Margot KOUBI Christophe LORENT Benjamin POZNIAK [&hellip;]<\/p>\n","protected":false},"author":2,"featured_media":0,"parent":0,"menu_order":0,"comment_status":"closed","ping_status":"closed","template":"","meta":{"footnotes":""},"class_list":["post-224","page","type-page","status-publish","hentry"],"yoast_head":"<!-- This site is optimized with the Yoast SEO plugin v27.2 - https:\/\/yoast.com\/product\/yoast-seo-wordpress\/ -->\n<title>Members - Institut \/ Risques<\/title>\n<meta name=\"robots\" content=\"index, follow, max-snippet:-1, max-image-preview:large, max-video-preview:-1\" \/>\n<link rel=\"canonical\" href=\"https:\/\/web.umons.ac.be\/risques\/en\/members\/\" \/>\n<meta property=\"og:locale\" content=\"fr_FR\" \/>\n<meta property=\"og:type\" content=\"article\" \/>\n<meta property=\"og:title\" content=\"Members - Institut \/ Risques\" \/>\n<meta property=\"og:description\" content=\"President of the Institute \u2013\u00a0Prof. Pierre Dehombreux Full members of the Research Institute\u00a0: Biologie humaine et Toxicologie COLET Jean-Marie CONOTTE Raphael DELSINNE Virginie DRAGUET Ana\u00efs FIZAZI Afaf GALANTE Mathias KAHVECIOGLU Zehra Cagla LEMOINE Charlotte TAGLIATTI Vanessa FMP Finance COPPENS L\u00e9o CROQUET M\u00e9lanie CULTRERA Loredana DUVINAGE Matthieu HELDENBERGH Anne HEYMAN Margot KOUBI Christophe LORENT Benjamin POZNIAK [&hellip;]\" \/>\n<meta property=\"og:url\" content=\"https:\/\/web.umons.ac.be\/risques\/en\/members\/\" \/>\n<meta property=\"og:site_name\" content=\"Institut \/ Risques\" \/>\n<meta property=\"article:modified_time\" content=\"2023-08-21T12:25:57+00:00\" \/>\n<meta name=\"twitter:card\" content=\"summary_large_image\" \/>\n<meta name=\"twitter:label1\" content=\"Dur\u00e9e de lecture estim\u00e9e\" \/>\n\t<meta name=\"twitter:data1\" content=\"3 minutes\" \/>\n<script type=\"application\/ld+json\" class=\"yoast-schema-graph\">{\"@context\":\"https:\/\/schema.org\",\"@graph\":[{\"@type\":\"WebPage\",\"@id\":\"https:\/\/web.umons.ac.be\/risques\/en\/members\/\",\"url\":\"https:\/\/web.umons.ac.be\/risques\/en\/members\/\",\"name\":\"Members - Institut \/ Risques\",\"isPartOf\":{\"@id\":\"https:\/\/web.umons.ac.be\/risques\/#website\"},\"datePublished\":\"2017-11-21T15:40:01+00:00\",\"dateModified\":\"2023-08-21T12:25:57+00:00\",\"breadcrumb\":{\"@id\":\"https:\/\/web.umons.ac.be\/risques\/en\/members\/#breadcrumb\"},\"inLanguage\":\"fr-FR\",\"potentialAction\":[{\"@type\":\"ReadAction\",\"target\":[\"https:\/\/web.umons.ac.be\/risques\/en\/members\/\"]}]},{\"@type\":\"BreadcrumbList\",\"@id\":\"https:\/\/web.umons.ac.be\/risques\/en\/members\/#breadcrumb\",\"itemListElement\":[{\"@type\":\"ListItem\",\"position\":1,\"name\":\"Accueil\",\"item\":\"https:\/\/web.umons.ac.be\/risques\/fr\/\"},{\"@type\":\"ListItem\",\"position\":2,\"name\":\"Members\"}]},{\"@type\":\"WebSite\",\"@id\":\"https:\/\/web.umons.ac.be\/risques\/#website\",\"url\":\"https:\/\/web.umons.ac.be\/risques\/\",\"name\":\"Institut \/ Risques\",\"description\":\"Un site utilisant Universit\u00e9 de Mons \u2013 UMONS\",\"potentialAction\":[{\"@type\":\"SearchAction\",\"target\":{\"@type\":\"EntryPoint\",\"urlTemplate\":\"https:\/\/web.umons.ac.be\/risques\/?s={search_term_string}\"},\"query-input\":{\"@type\":\"PropertyValueSpecification\",\"valueRequired\":true,\"valueName\":\"search_term_string\"}}],\"inLanguage\":\"fr-FR\"}]}<\/script>\n<!-- \/ Yoast SEO plugin. -->","yoast_head_json":{"title":"Members - Institut \/ Risques","robots":{"index":"index","follow":"follow","max-snippet":"max-snippet:-1","max-image-preview":"max-image-preview:large","max-video-preview":"max-video-preview:-1"},"canonical":"https:\/\/web.umons.ac.be\/risques\/en\/members\/","og_locale":"fr_FR","og_type":"article","og_title":"Members - Institut \/ Risques","og_description":"President of the Institute \u2013\u00a0Prof. Pierre Dehombreux Full members of the Research Institute\u00a0: Biologie humaine et Toxicologie COLET Jean-Marie CONOTTE Raphael DELSINNE Virginie DRAGUET Ana\u00efs FIZAZI Afaf GALANTE Mathias KAHVECIOGLU Zehra Cagla LEMOINE Charlotte TAGLIATTI Vanessa FMP Finance COPPENS L\u00e9o CROQUET M\u00e9lanie CULTRERA Loredana DUVINAGE Matthieu HELDENBERGH Anne HEYMAN Margot KOUBI Christophe LORENT Benjamin POZNIAK [&hellip;]","og_url":"https:\/\/web.umons.ac.be\/risques\/en\/members\/","og_site_name":"Institut \/ Risques","article_modified_time":"2023-08-21T12:25:57+00:00","twitter_card":"summary_large_image","twitter_misc":{"Dur\u00e9e de lecture estim\u00e9e":"3 minutes"},"schema":{"@context":"https:\/\/schema.org","@graph":[{"@type":"WebPage","@id":"https:\/\/web.umons.ac.be\/risques\/en\/members\/","url":"https:\/\/web.umons.ac.be\/risques\/en\/members\/","name":"Members - Institut \/ Risques","isPartOf":{"@id":"https:\/\/web.umons.ac.be\/risques\/#website"},"datePublished":"2017-11-21T15:40:01+00:00","dateModified":"2023-08-21T12:25:57+00:00","breadcrumb":{"@id":"https:\/\/web.umons.ac.be\/risques\/en\/members\/#breadcrumb"},"inLanguage":"fr-FR","potentialAction":[{"@type":"ReadAction","target":["https:\/\/web.umons.ac.be\/risques\/en\/members\/"]}]},{"@type":"BreadcrumbList","@id":"https:\/\/web.umons.ac.be\/risques\/en\/members\/#breadcrumb","itemListElement":[{"@type":"ListItem","position":1,"name":"Accueil","item":"https:\/\/web.umons.ac.be\/risques\/fr\/"},{"@type":"ListItem","position":2,"name":"Members"}]},{"@type":"WebSite","@id":"https:\/\/web.umons.ac.be\/risques\/#website","url":"https:\/\/web.umons.ac.be\/risques\/","name":"Institut \/ Risques","description":"Un site utilisant Universit\u00e9 de Mons \u2013 UMONS","potentialAction":[{"@type":"SearchAction","target":{"@type":"EntryPoint","urlTemplate":"https:\/\/web.umons.ac.be\/risques\/?s={search_term_string}"},"query-input":{"@type":"PropertyValueSpecification","valueRequired":true,"valueName":"search_term_string"}}],"inLanguage":"fr-FR"}]}},"lang":"en","translations":{"en":224,"fr":68},"pll_sync_post":[],"_links":{"self":[{"href":"https:\/\/web.umons.ac.be\/risques\/wp-json\/wp\/v2\/pages\/224","targetHints":{"allow":["GET"]}}],"collection":[{"href":"https:\/\/web.umons.ac.be\/risques\/wp-json\/wp\/v2\/pages"}],"about":[{"href":"https:\/\/web.umons.ac.be\/risques\/wp-json\/wp\/v2\/types\/page"}],"author":[{"embeddable":true,"href":"https:\/\/web.umons.ac.be\/risques\/wp-json\/wp\/v2\/users\/2"}],"replies":[{"embeddable":true,"href":"https:\/\/web.umons.ac.be\/risques\/wp-json\/wp\/v2\/comments?post=224"}],"version-history":[{"count":4,"href":"https:\/\/web.umons.ac.be\/risques\/wp-json\/wp\/v2\/pages\/224\/revisions"}],"predecessor-version":[{"id":412,"href":"https:\/\/web.umons.ac.be\/risques\/wp-json\/wp\/v2\/pages\/224\/revisions\/412"}],"wp:attachment":[{"href":"https:\/\/web.umons.ac.be\/risques\/wp-json\/wp\/v2\/media?parent=224"}],"curies":[{"name":"wp","href":"https:\/\/api.w.org\/{rel}","templated":true}]}}