{"id":25,"date":"2017-07-20T17:02:14","date_gmt":"2017-07-20T15:02:14","guid":{"rendered":"https:\/\/web.umons.ac.be\/risques\/?page_id=25"},"modified":"2021-10-06T12:06:24","modified_gmt":"2021-10-06T10:06:24","slug":"projets-phare","status":"publish","type":"page","link":"https:\/\/web.umons.ac.be\/risques\/fr\/projets-phare\/","title":{"rendered":"Projets phares"},"content":{"rendered":"<p>L\u2019Institut d\u00e9veloppe ses activit\u00e9s essentiellement au travers de projets de recherche collaboratifs.<\/p>\n<p>Ces projets de recherches :<\/p>\n<ul>\n<li>Se basent sur l\u2019interdisciplinarit\u00e9<\/li>\n<li>Privil\u00e9gient la recherche collaborative et le co-d\u00e9veloppement<\/li>\n<li>S\u2019articulent sur une logique partenariale avec tous les acteurs de la soci\u00e9t\u00e9 (industries, services, centres de recherche, collectivit\u00e9s territoriales, institutions gouvernementales, etc.)<\/li>\n<li>Tissent des partenariats \u00e0 l\u2019\u00e9chelle provinciale, r\u00e9gionale, f\u00e9d\u00e9rale, europ\u00e9enne et internationale.<\/li>\n<\/ul>\n<p>L\u2019Institut s\u2019implique dans le montage de projet de recherche avec ses partenaires pour r\u00e9pondre aux probl\u00e9matiques \u00e9mergentes li\u00e9es aux domaines de l\u2019Institut.<\/p>\n<p>Nous pr\u00e9sentons ici, \u00e0 titre indicatif, quelques projets phare de l\u2019Institut qui illustrent\u00a0\u00a0 les probl\u00e9matiques abord\u00e9es par nos chercheurs.<\/p>\n<start-cask-shortcode-wrapper>    <div class=\"accordion content-block scheme-risques\">\n                <div class=\"accordion-inner\">\n            <div class=\"accordion-bellow\">\n                <button class=\"accordion-bellow-toggle scheme-background-hover\" data-target=\"#accordion-content-615d74621385b\">\n                    <span class=\"icon umons-icon-chevron-down\" aria-hidden=\"true\"><\/span> D\u00e9limitation des zones vuln\u00e9rables autour des sites SEVESO Wallons (RW)                <\/button>\n            <\/div>\n            <div id=\"accordion-content-615d74621385b\" class=\"accordion-content\">\n            \t<div class=\"inner editor-front\">\n            \t\t<p>S\u00e9rie de conventions avec la Cellule Risques Accidents Majeurs de la R\u00e9gion wallonne pour une\u00a0<strong>recherche qui a pour objet la d\u00e9limitation des zones vuln\u00e9rables autour des sites Seveso wallons\u00a0<\/strong>sur base de la m\u00e9thodologie d\u00e9velopp\u00e9e par la FPM .avec utilisation du logiciel SAFETI\/PHAST-Risk.<\/p>\n            \t<\/div>\n            <\/div>\n        <\/div>\n                <div class=\"accordion-inner\">\n            <div class=\"accordion-bellow\">\n                <button class=\"accordion-bellow-toggle scheme-background-hover\" data-target=\"#accordion-content-615d74708e8d0\">\n                    <span class=\"icon umons-icon-chevron-down\" aria-hidden=\"true\"><\/span> Waterpop (RW)                <\/button>\n            <\/div>\n            <div id=\"accordion-content-615d74708e8d0\" class=\"accordion-content\">\n            \t<div class=\"inner editor-front\">\n            \t\t<p>Ce projet concerne\u00a0<strong>l\u2019\u00e9puration\/l\u2019assainissement des eaux\u00a0<\/strong>et plus particuli\u00e8rement l\u2019exploitation de\u00a0<strong>proc\u00e9d\u00e9s d\u2019oxydatuib<\/strong>\u00a0dite \u00abavanc\u00e9e\u00bb. Il s\u2019inscrit dans une d\u00e9marche environnementale en visant le traitement des eaux \u00abpotalisables\u00bb (naturelles ou \u00e0 la sortie de station d\u2019\u00e9puration) contenant des micropolluants organiques (polluants \u00e9mergeants) qui pr\u00e9sentent des effets nocifs\/toxiques sur la sant\u00e9.<\/p>\n            \t<\/div>\n            <\/div>\n        <\/div>\n                <div class=\"accordion-inner\">\n            <div class=\"accordion-bellow\">\n                <button class=\"accordion-bellow-toggle scheme-background-hover\" data-target=\"#accordion-content-615d747e7f077\">\n                    <span class=\"icon umons-icon-chevron-down\" aria-hidden=\"true\"><\/span> Blast et Vibrations (FWB\/ARC)                <\/button>\n            <\/div>\n            <div id=\"accordion-content-615d747e7f077\" class=\"accordion-content\">\n            \t<div class=\"inner editor-front\">\n            \t\t<p>Evaluation of soil pressure and ground vibration generated by blast.<\/p>\n<p>The purpose of this project is to study the interaction between the blast and its neighbourhood.<\/p>\n<p>The objective of the project is (i) to analyse in detail the vibratory source that is the blasting in quarries in order to model it in a realistic way and (ii) to determine the generated ground wave propagation.<\/p>\n            \t<\/div>\n            <\/div>\n        <\/div>\n                <div class=\"accordion-inner\">\n            <div class=\"accordion-bellow\">\n                <button class=\"accordion-bellow-toggle scheme-background-hover\" data-target=\"#accordion-content-615d748e751f6\">\n                    <span class=\"icon umons-icon-chevron-down\" aria-hidden=\"true\"><\/span> Programme de r\u00e9vision de la carte g\u00e9ologique de Wallonie (RW)                <\/button>\n            <\/div>\n            <div id=\"accordion-content-615d748e751f6\" class=\"accordion-content\">\n            \t<div class=\"inner editor-front\">\n            \t\t<p>Le recours aux\u00a0<strong>donn\u00e9es relatives \u00e0 la connaissance du sous-sol<\/strong>\u00a0wallon est de plus en plus fr\u00e9quent, sinon impos\u00e9, dans tous les dossiers relatifs : \u00e0 l\u2019exploration ou \u00e0 l\u2019exploitation des ressources du sous-sol ; \u00e0 l\u2019\u00e9tablissement des centres d\u2019enfouissement technique ; \u00e0 la pollution des sols et, prochainement, \u00e0 la gestion des d\u00e9chets miniers ; \u00e0 l\u2019instauration des zones de protection de captage d\u2019eau ; \u00e0 l\u2019\u00e9tablissement des plans d\u2019am\u00e9nagements locaux ou g\u00e9n\u00e9raux ; aux permis d\u2019environnement, unique, d\u2019urbanisme, etc. ; \u00e0 la gestion de l\u2019environnement ou de l\u2019am\u00e9nagement du territoire, au sens large.<\/p>\n            \t<\/div>\n            <\/div>\n        <\/div>\n                <div class=\"accordion-inner\">\n            <div class=\"accordion-bellow\">\n                <button class=\"accordion-bellow-toggle scheme-background-hover\" data-target=\"#accordion-content-615d749ec0020\">\n                    <span class=\"icon umons-icon-chevron-down\" aria-hidden=\"true\"><\/span> EMPEROR (RW\/Biowin)                <\/button>\n            <\/div>\n            <div id=\"accordion-content-615d749ec0020\" class=\"accordion-content\">\n            \t<div class=\"inner editor-front\">\n            \t\t<h2>\u00abEmbolus Permanent Protector \u2013 Permanent Stent-Filter\u00bb<\/h2>\n<p>L\u2019objectif du projet est\u00a0<strong>d\u2019offrir aux\u00a0patients pr\u00e9sentant un risque \u00e9lev\u00e9\u00a0d\u2019accident vasculaire c\u00e9r\u00e9bral une\u00a0protection permanente tout en\u00a0\u00e9vitant le risque de saignement li\u00e9 au\u00a0traitement anticoagulant<\/strong>. Les art\u00e8res\u00a0irriguant le cerveau viennent de l\u2019arc\u00a0aortique ; cette partie de l\u2019aorte peut \u00eatre\u00a0utilis\u00e9e comme zone strat\u00e9gique pour\u00a0<strong>pr\u00e9venir de mani\u00e8re permanente les\u00a0embolies ou les isch\u00e9mies visc\u00e9rales<\/strong>\u00a0d\u2019origine cardiage et\/ou des plaques\u00a0d\u2019ath\u00e9roscl\u00e9rose. Un\u00a0<strong>stent filtrant<\/strong>\u00a0peut\u00a0\u00eatre plac\u00e9, sous anesth\u00e9sie g\u00e9n\u00e9rale,\u00a0dans la crosse de l\u2019aorte en utilisant une\u00a0technique endovasculaire standard mini-invasive.<\/p>\n            \t<\/div>\n            <\/div>\n        <\/div>\n                <div class=\"accordion-inner\">\n            <div class=\"accordion-bellow\">\n                <button class=\"accordion-bellow-toggle scheme-background-hover\" data-target=\"#accordion-content-615d74b54dbc9\">\n                    <span class=\"icon umons-icon-chevron-down\" aria-hidden=\"true\"><\/span> Projet de Formation des entreprises et exploitants d\u2019infrastructures \u00e0 risques \u00e0 la gestion de crise (UE RW\/FSE)                <\/button>\n            <\/div>\n            <div id=\"accordion-content-615d74b54dbc9\" class=\"accordion-content\">\n            \t<div class=\"inner editor-front\">\n            \t\t<p>Ce projet vise \u00e0 d\u00e9velopper une\u00a0<strong>offre de formation dans le domaine de la gestion des situations de crise<\/strong>, en vue de r\u00e9pondre \u00e0 l\u2019\u00e9mergence de nouvelles fonctions au sein des entreprises et autres exploitants d\u2019infrastructures critiques, notamment sous l\u2019influence des nouvelles r\u00e8glementations en la mati\u00e8re.<\/p>\n            \t<\/div>\n            <\/div>\n        <\/div>\n                <div class=\"accordion-inner\">\n            <div class=\"accordion-bellow\">\n                <button class=\"accordion-bellow-toggle scheme-background-hover\" data-target=\"#accordion-content-615d74c78e9eb\">\n                    <span class=\"icon umons-icon-chevron-down\" aria-hidden=\"true\"><\/span> MEMORIS (RW\/Greenwin)                <\/button>\n            <\/div>\n            <div id=\"accordion-content-615d74c78e9eb\" class=\"accordion-content\">\n            \t<div class=\"inner editor-front\">\n            \t\t<p>Le projet a pour but de d\u00e9velopper des\u00a0<strong>nouvelles m\u00e9thodologies d\u2019assainissement in situ et de monitoring pour la r\u00e9affectation s\u00e9quenc\u00e9e de sites industriels s\u00e9v\u00e8rement pollu\u00e9s\u00a0<\/strong>(ex.:cokerie): permettant une r\u00e9utilisation rapide et s\u00e9quenc\u00e9e du terrain, simultan\u00e9ment aux travaux d\u2019assainissement incluant les compartiments superficiel et profond y compris le niveau sous la nappe d\u2019eau souterraine; \u00e0 co\u00fbts comp\u00e9titifs par rapport aux techniques d\u2019excavation actuellement utilis\u00e9es pour ce type de pollutions.<\/p>\n            \t<\/div>\n            <\/div>\n        <\/div>\n                <div class=\"accordion-inner\">\n            <div class=\"accordion-bellow\">\n                <button class=\"accordion-bellow-toggle scheme-background-hover\" data-target=\"#accordion-content-615d74d7be560\">\n                    <span class=\"icon umons-icon-chevron-down\" aria-hidden=\"true\"><\/span> Evaluation du risque d\u2019un nouveau traitement de surface d\u2019un Modulateur de Flux Multicouche et de son impact sur la fonction r\u00e9nale (BPF cardiatis)                <\/button>\n            <\/div>\n            <div id=\"accordion-content-615d74d7be560\" class=\"accordion-content\">\n            \t<div class=\"inner editor-front\">\n            \t\t<p>Evaluation, par une approche m\u00e9tabonomique, des\u00a0<strong>effets de la pose d\u2019un implant de type stent ayant subi un nouveau traitement de surface<\/strong>\u00a0dans un mod\u00e8le animal et clinique.\u00a0<strong>L\u2019\u00e9valuation portera sur la toxicit\u00e9 de l\u2019implant ainsi que sa capacit\u00e9 de r\u00e9sorber l\u2019an\u00e9vrisme.<\/strong><\/p>\n            \t<\/div>\n            <\/div>\n        <\/div>\n                <div class=\"accordion-inner\">\n            <div class=\"accordion-bellow\">\n                <button class=\"accordion-bellow-toggle scheme-background-hover\" data-target=\"#accordion-content-615d74e854d09\">\n                    <span class=\"icon umons-icon-chevron-down\" aria-hidden=\"true\"><\/span> SAFESIDE (UE RW\/Interreg)                <\/button>\n            <\/div>\n            <div id=\"accordion-content-615d74e854d09\" class=\"accordion-content\">\n            \t<div class=\"inner editor-front\">\n            \t\t<p><em>\u00ab\u00a0Syst\u00e8me d\u2019Analyse de Feux et Emanations par Spectroscopie Infrarouge \u00e0 Distance et Embarqu\u00e9e.\u00a0\u00bb<\/em><\/p>\n<p>D\u00e9veloppement de nouvelles\u00a0<strong>solutions de caract\u00e9risation spectroscopique \u00e0 distance et portables pour d\u00e9tecter la nature de gaz dans l\u2019air\u00a0<\/strong>avec en particulier l\u2019application de la mesure des\u00a0<strong>fum\u00e9es d\u2019incendie<\/strong>\u00a0ou de\u00a0<strong>rejets non contr\u00f4l\u00e9s sur des sites \u00e0 risque ou suite \u00e0 un accident<\/strong>\u00a0lors du transport d\u2019une substance dangereuse.<\/p>\n            \t<\/div>\n            <\/div>\n        <\/div>\n                <div class=\"accordion-inner\">\n            <div class=\"accordion-bellow\">\n                <button class=\"accordion-bellow-toggle scheme-background-hover\" data-target=\"#accordion-content-615d74fa14a5f\">\n                    <span class=\"icon umons-icon-chevron-down\" aria-hidden=\"true\"><\/span> INSPIRE (UE \/ H2020)                <\/button>\n            <\/div>\n            <div id=\"accordion-content-615d74fa14a5f\" class=\"accordion-content\">\n            \t<div class=\"inner editor-front\">\n            \t\t<p>Analyse de solutions sismiques et anti-vibratoires de structures diff\u00e9rentes des moyens d\u2019isolation conventionnel, en \u00e9tudiant les m\u00e9tamat\u00e9riaux, qui jouissent de propri\u00e9t\u00e9s m\u00e9caniques remarquables. Notre large expertise dans ce domaine, notamment dans la pr\u00e9diction des ondes vibratoires g\u00e9n\u00e9r\u00e9es par le trafic ferroviaire et des moyens pour att\u00e9nuer celles-ci, fournira les \u00e9l\u00e9ments essentiels pour mener \u00e0 bien ce projet.<\/p>\n            \t<\/div>\n            <\/div>\n        <\/div>\n            <\/div>\n<end-cask-shortcode-wrapper>\n<p>&nbsp;<\/p>\n","protected":false},"excerpt":{"rendered":"<p>L\u2019Institut d\u00e9veloppe ses activit\u00e9s essentiellement au travers de projets de recherche collaboratifs. Ces projets de recherches : Se basent sur l\u2019interdisciplinarit\u00e9 Privil\u00e9gient la recherche collaborative et le co-d\u00e9veloppement S\u2019articulent sur une logique partenariale avec tous les acteurs de la soci\u00e9t\u00e9 (industries, services, centres de recherche, collectivit\u00e9s territoriales, institutions gouvernementales, etc.) Tissent des partenariats \u00e0 l\u2019\u00e9chelle [&hellip;]<\/p>\n","protected":false},"author":2,"featured_media":0,"parent":0,"menu_order":2,"comment_status":"closed","ping_status":"closed","template":"","meta":{"footnotes":""},"class_list":["post-25","page","type-page","status-publish","hentry"],"yoast_head":"<!-- This site is optimized with the Yoast SEO plugin v27.2 - https:\/\/yoast.com\/product\/yoast-seo-wordpress\/ -->\n<title>Projets phares - Institut \/ Risques<\/title>\n<meta name=\"robots\" content=\"index, follow, max-snippet:-1, max-image-preview:large, max-video-preview:-1\" \/>\n<link rel=\"canonical\" href=\"https:\/\/web.umons.ac.be\/risques\/fr\/projets-phare\/\" \/>\n<meta property=\"og:locale\" content=\"fr_FR\" \/>\n<meta property=\"og:type\" content=\"article\" \/>\n<meta property=\"og:title\" content=\"Projets phares - Institut \/ Risques\" \/>\n<meta property=\"og:description\" content=\"L\u2019Institut d\u00e9veloppe ses activit\u00e9s essentiellement au travers de projets de recherche collaboratifs. Ces projets de recherches : Se basent sur l\u2019interdisciplinarit\u00e9 Privil\u00e9gient la recherche collaborative et le co-d\u00e9veloppement S\u2019articulent sur une logique partenariale avec tous les acteurs de la soci\u00e9t\u00e9 (industries, services, centres de recherche, collectivit\u00e9s territoriales, institutions gouvernementales, etc.) Tissent des partenariats \u00e0 l\u2019\u00e9chelle [&hellip;]\" \/>\n<meta property=\"og:url\" content=\"https:\/\/web.umons.ac.be\/risques\/fr\/projets-phare\/\" \/>\n<meta property=\"og:site_name\" content=\"Institut \/ Risques\" \/>\n<meta property=\"article:modified_time\" content=\"2021-10-06T10:06:24+00:00\" \/>\n<meta name=\"twitter:card\" content=\"summary_large_image\" \/>\n<meta name=\"twitter:label1\" content=\"Dur\u00e9e de lecture estim\u00e9e\" \/>\n\t<meta name=\"twitter:data1\" content=\"1 minute\" \/>\n<script type=\"application\/ld+json\" class=\"yoast-schema-graph\">{\"@context\":\"https:\/\/schema.org\",\"@graph\":[{\"@type\":\"WebPage\",\"@id\":\"https:\/\/web.umons.ac.be\/risques\/fr\/projets-phare\/\",\"url\":\"https:\/\/web.umons.ac.be\/risques\/fr\/projets-phare\/\",\"name\":\"Projets phares - Institut \/ Risques\",\"isPartOf\":{\"@id\":\"https:\/\/web.umons.ac.be\/risques\/#website\"},\"datePublished\":\"2017-07-20T15:02:14+00:00\",\"dateModified\":\"2021-10-06T10:06:24+00:00\",\"breadcrumb\":{\"@id\":\"https:\/\/web.umons.ac.be\/risques\/fr\/projets-phare\/#breadcrumb\"},\"inLanguage\":\"fr-FR\",\"potentialAction\":[{\"@type\":\"ReadAction\",\"target\":[\"https:\/\/web.umons.ac.be\/risques\/fr\/projets-phare\/\"]}]},{\"@type\":\"BreadcrumbList\",\"@id\":\"https:\/\/web.umons.ac.be\/risques\/fr\/projets-phare\/#breadcrumb\",\"itemListElement\":[{\"@type\":\"ListItem\",\"position\":1,\"name\":\"Accueil\",\"item\":\"https:\/\/web.umons.ac.be\/risques\/fr\/\"},{\"@type\":\"ListItem\",\"position\":2,\"name\":\"Projets phares\"}]},{\"@type\":\"WebSite\",\"@id\":\"https:\/\/web.umons.ac.be\/risques\/#website\",\"url\":\"https:\/\/web.umons.ac.be\/risques\/\",\"name\":\"Institut \/ Risques\",\"description\":\"Un site utilisant Universit\u00e9 de Mons \u2013 UMONS\",\"potentialAction\":[{\"@type\":\"SearchAction\",\"target\":{\"@type\":\"EntryPoint\",\"urlTemplate\":\"https:\/\/web.umons.ac.be\/risques\/?s={search_term_string}\"},\"query-input\":{\"@type\":\"PropertyValueSpecification\",\"valueRequired\":true,\"valueName\":\"search_term_string\"}}],\"inLanguage\":\"fr-FR\"}]}<\/script>\n<!-- \/ Yoast SEO plugin. -->","yoast_head_json":{"title":"Projets phares - Institut \/ Risques","robots":{"index":"index","follow":"follow","max-snippet":"max-snippet:-1","max-image-preview":"max-image-preview:large","max-video-preview":"max-video-preview:-1"},"canonical":"https:\/\/web.umons.ac.be\/risques\/fr\/projets-phare\/","og_locale":"fr_FR","og_type":"article","og_title":"Projets phares - Institut \/ Risques","og_description":"L\u2019Institut d\u00e9veloppe ses activit\u00e9s essentiellement au travers de projets de recherche collaboratifs. Ces projets de recherches : Se basent sur l\u2019interdisciplinarit\u00e9 Privil\u00e9gient la recherche collaborative et le co-d\u00e9veloppement S\u2019articulent sur une logique partenariale avec tous les acteurs de la soci\u00e9t\u00e9 (industries, services, centres de recherche, collectivit\u00e9s territoriales, institutions gouvernementales, etc.) Tissent des partenariats \u00e0 l\u2019\u00e9chelle [&hellip;]","og_url":"https:\/\/web.umons.ac.be\/risques\/fr\/projets-phare\/","og_site_name":"Institut \/ Risques","article_modified_time":"2021-10-06T10:06:24+00:00","twitter_card":"summary_large_image","twitter_misc":{"Dur\u00e9e de lecture estim\u00e9e":"1 minute"},"schema":{"@context":"https:\/\/schema.org","@graph":[{"@type":"WebPage","@id":"https:\/\/web.umons.ac.be\/risques\/fr\/projets-phare\/","url":"https:\/\/web.umons.ac.be\/risques\/fr\/projets-phare\/","name":"Projets phares - Institut \/ Risques","isPartOf":{"@id":"https:\/\/web.umons.ac.be\/risques\/#website"},"datePublished":"2017-07-20T15:02:14+00:00","dateModified":"2021-10-06T10:06:24+00:00","breadcrumb":{"@id":"https:\/\/web.umons.ac.be\/risques\/fr\/projets-phare\/#breadcrumb"},"inLanguage":"fr-FR","potentialAction":[{"@type":"ReadAction","target":["https:\/\/web.umons.ac.be\/risques\/fr\/projets-phare\/"]}]},{"@type":"BreadcrumbList","@id":"https:\/\/web.umons.ac.be\/risques\/fr\/projets-phare\/#breadcrumb","itemListElement":[{"@type":"ListItem","position":1,"name":"Accueil","item":"https:\/\/web.umons.ac.be\/risques\/fr\/"},{"@type":"ListItem","position":2,"name":"Projets phares"}]},{"@type":"WebSite","@id":"https:\/\/web.umons.ac.be\/risques\/#website","url":"https:\/\/web.umons.ac.be\/risques\/","name":"Institut \/ Risques","description":"Un site utilisant Universit\u00e9 de Mons \u2013 UMONS","potentialAction":[{"@type":"SearchAction","target":{"@type":"EntryPoint","urlTemplate":"https:\/\/web.umons.ac.be\/risques\/?s={search_term_string}"},"query-input":{"@type":"PropertyValueSpecification","valueRequired":true,"valueName":"search_term_string"}}],"inLanguage":"fr-FR"}]}},"lang":"fr","translations":{"fr":25,"en":181},"pll_sync_post":[],"_links":{"self":[{"href":"https:\/\/web.umons.ac.be\/risques\/wp-json\/wp\/v2\/pages\/25","targetHints":{"allow":["GET"]}}],"collection":[{"href":"https:\/\/web.umons.ac.be\/risques\/wp-json\/wp\/v2\/pages"}],"about":[{"href":"https:\/\/web.umons.ac.be\/risques\/wp-json\/wp\/v2\/types\/page"}],"author":[{"embeddable":true,"href":"https:\/\/web.umons.ac.be\/risques\/wp-json\/wp\/v2\/users\/2"}],"replies":[{"embeddable":true,"href":"https:\/\/web.umons.ac.be\/risques\/wp-json\/wp\/v2\/comments?post=25"}],"version-history":[{"count":3,"href":"https:\/\/web.umons.ac.be\/risques\/wp-json\/wp\/v2\/pages\/25\/revisions"}],"predecessor-version":[{"id":347,"href":"https:\/\/web.umons.ac.be\/risques\/wp-json\/wp\/v2\/pages\/25\/revisions\/347"}],"wp:attachment":[{"href":"https:\/\/web.umons.ac.be\/risques\/wp-json\/wp\/v2\/media?parent=25"}],"curies":[{"name":"wp","href":"https:\/\/api.w.org\/{rel}","templated":true}]}}