{"id":306,"date":"2019-12-04T11:24:43","date_gmt":"2019-12-04T10:24:43","guid":{"rendered":"https:\/\/web.umons.ac.be\/risques\/?page_id=306"},"modified":"2019-12-04T11:40:15","modified_gmt":"2019-12-04T10:40:15","slug":"micro-projet-interreg-geother-mythe-4-0","status":"publish","type":"page","link":"https:\/\/web.umons.ac.be\/risques\/fr\/projets-phare\/micro-projet-interreg-geother-mythe-4-0\/","title":{"rendered":"Micro-Projet Interreg GEOTHER-MYTHE 4.0"},"content":{"rendered":"<figure id=\"attachment_316\" aria-describedby=\"caption-attachment-316\" style=\"width: 300px\" class=\"wp-caption alignnone\"><a href=\"https:\/\/web.umons.ac.be\/app\/uploads\/sites\/36\/2019\/12\/image-geothermythe-01.png\"><img loading=\"lazy\" decoding=\"async\" class=\"size-medium wp-image-316\" src=\"https:\/\/web.umons.ac.be\/app\/uploads\/sites\/36\/2019\/12\/image-geothermythe-01-300x138.png\" alt=\"\" width=\"300\" height=\"138\" srcset=\"https:\/\/web.umons.ac.be\/app\/uploads\/sites\/36\/2019\/12\/image-geothermythe-01-300x138.png 300w, https:\/\/web.umons.ac.be\/app\/uploads\/sites\/36\/2019\/12\/image-geothermythe-01-30x14.png 30w, https:\/\/web.umons.ac.be\/app\/uploads\/sites\/36\/2019\/12\/image-geothermythe-01-60x28.png 60w, https:\/\/web.umons.ac.be\/app\/uploads\/sites\/36\/2019\/12\/image-geothermythe-01-360x165.png 360w, https:\/\/web.umons.ac.be\/app\/uploads\/sites\/36\/2019\/12\/image-geothermythe-01.png 510w\" sizes=\"auto, (max-width: 300px) 100vw, 300px\" \/><\/a><figcaption id=\"caption-attachment-316\" class=\"wp-caption-text\">Avec le soutien du Fonds europ\u00e9en de d\u00e9veloppement r\u00e9gional<\/figcaption><\/figure>\n<p>&nbsp;<\/p>\n<p><em><strong>Plus d&rsquo;info sur la programmation interreg<\/strong><\/em> : <a href=\"https:\/\/www.interreg-fwvl.eu\/fr\">https:\/\/www.interreg-fwvl.eu\/fr<\/a><\/p>\n<start-cask-shortcode-wrapper><end-cask-shortcode-wrapper>\n<p>&nbsp;<\/p>\n<p><a href=\"https:\/\/web.umons.ac.be\/app\/uploads\/sites\/36\/2019\/12\/PARTENAIRES.jpg\"><img loading=\"lazy\" decoding=\"async\" class=\"aligncenter wp-image-319 size-large\" src=\"https:\/\/web.umons.ac.be\/app\/uploads\/sites\/36\/2019\/12\/PARTENAIRES-1024x126.jpg\" alt=\"\" width=\"1024\" height=\"126\" srcset=\"https:\/\/web.umons.ac.be\/app\/uploads\/sites\/36\/2019\/12\/PARTENAIRES-1024x126.jpg 1024w, https:\/\/web.umons.ac.be\/app\/uploads\/sites\/36\/2019\/12\/PARTENAIRES-300x37.jpg 300w, https:\/\/web.umons.ac.be\/app\/uploads\/sites\/36\/2019\/12\/PARTENAIRES-768x95.jpg 768w, https:\/\/web.umons.ac.be\/app\/uploads\/sites\/36\/2019\/12\/PARTENAIRES-30x4.jpg 30w, https:\/\/web.umons.ac.be\/app\/uploads\/sites\/36\/2019\/12\/PARTENAIRES-60x7.jpg 60w, https:\/\/web.umons.ac.be\/app\/uploads\/sites\/36\/2019\/12\/PARTENAIRES-360x44.jpg 360w, https:\/\/web.umons.ac.be\/app\/uploads\/sites\/36\/2019\/12\/PARTENAIRES.jpg 1239w\" sizes=\"auto, (max-width: 1024px) 100vw, 1024px\" \/><\/a><\/p>\n","protected":false},"excerpt":{"rendered":"<p>&nbsp; Plus d&rsquo;info sur la programmation interreg : https:\/\/www.interreg-fwvl.eu\/fr &nbsp;<\/p>\n","protected":false},"author":2,"featured_media":0,"parent":25,"menu_order":0,"comment_status":"closed","ping_status":"closed","template":"","meta":{"footnotes":""},"class_list":["post-306","page","type-page","status-publish","hentry"],"yoast_head":"<!-- This site is optimized with the Yoast SEO plugin v27.2 - https:\/\/yoast.com\/product\/yoast-seo-wordpress\/ -->\n<title>Micro-Projet Interreg GEOTHER-MYTHE 4.0 - Institut \/ Risques<\/title>\n<meta name=\"robots\" content=\"index, follow, max-snippet:-1, max-image-preview:large, max-video-preview:-1\" \/>\n<link rel=\"canonical\" href=\"https:\/\/web.umons.ac.be\/risques\/fr\/projets-phare\/micro-projet-interreg-geother-mythe-4-0\/\" \/>\n<meta property=\"og:locale\" content=\"fr_FR\" \/>\n<meta property=\"og:type\" content=\"article\" \/>\n<meta property=\"og:title\" content=\"Micro-Projet Interreg GEOTHER-MYTHE 4.0 - Institut \/ Risques\" \/>\n<meta property=\"og:description\" content=\"&nbsp; Plus d&rsquo;info sur la programmation interreg : https:\/\/www.interreg-fwvl.eu\/fr &nbsp;\" \/>\n<meta property=\"og:url\" content=\"https:\/\/web.umons.ac.be\/risques\/fr\/projets-phare\/micro-projet-interreg-geother-mythe-4-0\/\" \/>\n<meta property=\"og:site_name\" content=\"Institut \/ Risques\" \/>\n<meta property=\"article:modified_time\" content=\"2019-12-04T10:40:15+00:00\" \/>\n<meta property=\"og:image\" content=\"https:\/\/web.umons.ac.be\/app\/uploads\/sites\/36\/2019\/12\/image-geothermythe-01-300x138.png\" \/>\n<meta name=\"twitter:card\" content=\"summary_large_image\" \/>\n<script type=\"application\/ld+json\" class=\"yoast-schema-graph\">{\"@context\":\"https:\/\/schema.org\",\"@graph\":[{\"@type\":\"WebPage\",\"@id\":\"https:\/\/web.umons.ac.be\/risques\/fr\/projets-phare\/micro-projet-interreg-geother-mythe-4-0\/\",\"url\":\"https:\/\/web.umons.ac.be\/risques\/fr\/projets-phare\/micro-projet-interreg-geother-mythe-4-0\/\",\"name\":\"Micro-Projet Interreg GEOTHER-MYTHE 4.0 - Institut \/ Risques\",\"isPartOf\":{\"@id\":\"https:\/\/web.umons.ac.be\/risques\/#website\"},\"primaryImageOfPage\":{\"@id\":\"https:\/\/web.umons.ac.be\/risques\/fr\/projets-phare\/micro-projet-interreg-geother-mythe-4-0\/#primaryimage\"},\"image\":{\"@id\":\"https:\/\/web.umons.ac.be\/risques\/fr\/projets-phare\/micro-projet-interreg-geother-mythe-4-0\/#primaryimage\"},\"thumbnailUrl\":\"https:\/\/web.umons.ac.be\/app\/uploads\/sites\/36\/2019\/12\/image-geothermythe-01-300x138.png\",\"datePublished\":\"2019-12-04T10:24:43+00:00\",\"dateModified\":\"2019-12-04T10:40:15+00:00\",\"breadcrumb\":{\"@id\":\"https:\/\/web.umons.ac.be\/risques\/fr\/projets-phare\/micro-projet-interreg-geother-mythe-4-0\/#breadcrumb\"},\"inLanguage\":\"fr-FR\",\"potentialAction\":[{\"@type\":\"ReadAction\",\"target\":[\"https:\/\/web.umons.ac.be\/risques\/fr\/projets-phare\/micro-projet-interreg-geother-mythe-4-0\/\"]}]},{\"@type\":\"ImageObject\",\"inLanguage\":\"fr-FR\",\"@id\":\"https:\/\/web.umons.ac.be\/risques\/fr\/projets-phare\/micro-projet-interreg-geother-mythe-4-0\/#primaryimage\",\"url\":\"https:\/\/web.umons.ac.be\/app\/uploads\/sites\/36\/2019\/12\/image-geothermythe-01-300x138.png\",\"contentUrl\":\"https:\/\/web.umons.ac.be\/app\/uploads\/sites\/36\/2019\/12\/image-geothermythe-01-300x138.png\"},{\"@type\":\"BreadcrumbList\",\"@id\":\"https:\/\/web.umons.ac.be\/risques\/fr\/projets-phare\/micro-projet-interreg-geother-mythe-4-0\/#breadcrumb\",\"itemListElement\":[{\"@type\":\"ListItem\",\"position\":1,\"name\":\"Accueil\",\"item\":\"https:\/\/web.umons.ac.be\/risques\/fr\/\"},{\"@type\":\"ListItem\",\"position\":2,\"name\":\"Projets phares\",\"item\":\"https:\/\/web.umons.ac.be\/risques\/fr\/projets-phare\/\"},{\"@type\":\"ListItem\",\"position\":3,\"name\":\"Micro-Projet Interreg GEOTHER-MYTHE 4.0\"}]},{\"@type\":\"WebSite\",\"@id\":\"https:\/\/web.umons.ac.be\/risques\/#website\",\"url\":\"https:\/\/web.umons.ac.be\/risques\/\",\"name\":\"Institut \/ Risques\",\"description\":\"Un site utilisant Universit\u00e9 de Mons \u2013 UMONS\",\"potentialAction\":[{\"@type\":\"SearchAction\",\"target\":{\"@type\":\"EntryPoint\",\"urlTemplate\":\"https:\/\/web.umons.ac.be\/risques\/?s={search_term_string}\"},\"query-input\":{\"@type\":\"PropertyValueSpecification\",\"valueRequired\":true,\"valueName\":\"search_term_string\"}}],\"inLanguage\":\"fr-FR\"}]}<\/script>\n<!-- \/ Yoast SEO plugin. -->","yoast_head_json":{"title":"Micro-Projet Interreg GEOTHER-MYTHE 4.0 - Institut \/ Risques","robots":{"index":"index","follow":"follow","max-snippet":"max-snippet:-1","max-image-preview":"max-image-preview:large","max-video-preview":"max-video-preview:-1"},"canonical":"https:\/\/web.umons.ac.be\/risques\/fr\/projets-phare\/micro-projet-interreg-geother-mythe-4-0\/","og_locale":"fr_FR","og_type":"article","og_title":"Micro-Projet Interreg GEOTHER-MYTHE 4.0 - Institut \/ Risques","og_description":"&nbsp; Plus d&rsquo;info sur la programmation interreg : https:\/\/www.interreg-fwvl.eu\/fr &nbsp;","og_url":"https:\/\/web.umons.ac.be\/risques\/fr\/projets-phare\/micro-projet-interreg-geother-mythe-4-0\/","og_site_name":"Institut \/ Risques","article_modified_time":"2019-12-04T10:40:15+00:00","og_image":[{"url":"https:\/\/web.umons.ac.be\/app\/uploads\/sites\/36\/2019\/12\/image-geothermythe-01-300x138.png","type":"","width":"","height":""}],"twitter_card":"summary_large_image","schema":{"@context":"https:\/\/schema.org","@graph":[{"@type":"WebPage","@id":"https:\/\/web.umons.ac.be\/risques\/fr\/projets-phare\/micro-projet-interreg-geother-mythe-4-0\/","url":"https:\/\/web.umons.ac.be\/risques\/fr\/projets-phare\/micro-projet-interreg-geother-mythe-4-0\/","name":"Micro-Projet Interreg GEOTHER-MYTHE 4.0 - Institut \/ Risques","isPartOf":{"@id":"https:\/\/web.umons.ac.be\/risques\/#website"},"primaryImageOfPage":{"@id":"https:\/\/web.umons.ac.be\/risques\/fr\/projets-phare\/micro-projet-interreg-geother-mythe-4-0\/#primaryimage"},"image":{"@id":"https:\/\/web.umons.ac.be\/risques\/fr\/projets-phare\/micro-projet-interreg-geother-mythe-4-0\/#primaryimage"},"thumbnailUrl":"https:\/\/web.umons.ac.be\/app\/uploads\/sites\/36\/2019\/12\/image-geothermythe-01-300x138.png","datePublished":"2019-12-04T10:24:43+00:00","dateModified":"2019-12-04T10:40:15+00:00","breadcrumb":{"@id":"https:\/\/web.umons.ac.be\/risques\/fr\/projets-phare\/micro-projet-interreg-geother-mythe-4-0\/#breadcrumb"},"inLanguage":"fr-FR","potentialAction":[{"@type":"ReadAction","target":["https:\/\/web.umons.ac.be\/risques\/fr\/projets-phare\/micro-projet-interreg-geother-mythe-4-0\/"]}]},{"@type":"ImageObject","inLanguage":"fr-FR","@id":"https:\/\/web.umons.ac.be\/risques\/fr\/projets-phare\/micro-projet-interreg-geother-mythe-4-0\/#primaryimage","url":"https:\/\/web.umons.ac.be\/app\/uploads\/sites\/36\/2019\/12\/image-geothermythe-01-300x138.png","contentUrl":"https:\/\/web.umons.ac.be\/app\/uploads\/sites\/36\/2019\/12\/image-geothermythe-01-300x138.png"},{"@type":"BreadcrumbList","@id":"https:\/\/web.umons.ac.be\/risques\/fr\/projets-phare\/micro-projet-interreg-geother-mythe-4-0\/#breadcrumb","itemListElement":[{"@type":"ListItem","position":1,"name":"Accueil","item":"https:\/\/web.umons.ac.be\/risques\/fr\/"},{"@type":"ListItem","position":2,"name":"Projets phares","item":"https:\/\/web.umons.ac.be\/risques\/fr\/projets-phare\/"},{"@type":"ListItem","position":3,"name":"Micro-Projet Interreg GEOTHER-MYTHE 4.0"}]},{"@type":"WebSite","@id":"https:\/\/web.umons.ac.be\/risques\/#website","url":"https:\/\/web.umons.ac.be\/risques\/","name":"Institut \/ Risques","description":"Un site utilisant Universit\u00e9 de Mons \u2013 UMONS","potentialAction":[{"@type":"SearchAction","target":{"@type":"EntryPoint","urlTemplate":"https:\/\/web.umons.ac.be\/risques\/?s={search_term_string}"},"query-input":{"@type":"PropertyValueSpecification","valueRequired":true,"valueName":"search_term_string"}}],"inLanguage":"fr-FR"}]}},"lang":"fr","translations":{"fr":306},"pll_sync_post":[],"_links":{"self":[{"href":"https:\/\/web.umons.ac.be\/risques\/wp-json\/wp\/v2\/pages\/306","targetHints":{"allow":["GET"]}}],"collection":[{"href":"https:\/\/web.umons.ac.be\/risques\/wp-json\/wp\/v2\/pages"}],"about":[{"href":"https:\/\/web.umons.ac.be\/risques\/wp-json\/wp\/v2\/types\/page"}],"author":[{"embeddable":true,"href":"https:\/\/web.umons.ac.be\/risques\/wp-json\/wp\/v2\/users\/2"}],"replies":[{"embeddable":true,"href":"https:\/\/web.umons.ac.be\/risques\/wp-json\/wp\/v2\/comments?post=306"}],"version-history":[{"count":6,"href":"https:\/\/web.umons.ac.be\/risques\/wp-json\/wp\/v2\/pages\/306\/revisions"}],"predecessor-version":[{"id":320,"href":"https:\/\/web.umons.ac.be\/risques\/wp-json\/wp\/v2\/pages\/306\/revisions\/320"}],"up":[{"embeddable":true,"href":"https:\/\/web.umons.ac.be\/risques\/wp-json\/wp\/v2\/pages\/25"}],"wp:attachment":[{"href":"https:\/\/web.umons.ac.be\/risques\/wp-json\/wp\/v2\/media?parent=306"}],"curies":[{"name":"wp","href":"https:\/\/api.w.org\/{rel}","templated":true}]}}