{"id":59,"date":"2017-07-20T17:17:24","date_gmt":"2017-07-20T15:17:24","guid":{"rendered":"https:\/\/web.umons.ac.be\/risques\/?page_id=59"},"modified":"2018-01-15T02:15:29","modified_gmt":"2018-01-15T01:15:29","slug":"structures-associees","status":"publish","type":"page","link":"https:\/\/web.umons.ac.be\/risques\/fr\/structures-associees\/","title":{"rendered":"Structures associ\u00e9es"},"content":{"rendered":"<h5><strong>Major Risk Research Centre <\/strong><\/h5>\n<p>Depuis plus de 25 ans, l\u2019activit\u00e9 du Centre est la ma\u00eetrise du risque technologique. Ses principaux domaines de comp\u00e9tence sont :<\/p>\n<ul>\n<li>l\u2019\u00e9tude et la mod\u00e9lisation des sc\u00e9narios d\u2019accidents majeurs,<\/li>\n<li>l\u2019am\u00e9nagement du territoire autour des entreprises \u00abSeveso\u00bb,<\/li>\n<li>la planification d\u2019urgence et le transport de mati\u00e8res dangereuses.<\/li>\n<\/ul>\n<h5><strong>Le Laboratoire d\u2019acoustique<\/strong><\/h5>\n<p>La laboratoire d\u2019acoustique du Service de Physique g\u00e9n\u00e9rale est agr\u00e9\u00e9 par la R\u00e9gion Wallonne dans le cadre de la lutte contre le bruit pour toutes les cat\u00e9gories de projets reprises dans L\u2019AGW du 1er juillet 2010 relatif aux conditions et modalit\u00e9s d\u2019agr\u00e9ment des laboratoires ou organismes en mati\u00e8re de bruit.<\/p>\n<h5><strong>Modyva<\/strong><\/h5>\n<p><img loading=\"lazy\" decoding=\"async\" class=\"alignleft size-full wp-image-149\" src=\"https:\/\/web.umons.ac.be\/app\/uploads\/sites\/36\/2017\/11\/Brochure_IR_FR_web.pdf-Adobe-Acrobat-Pro-DC-1.jpg\" alt=\"\" width=\"50\" height=\"16\" srcset=\"https:\/\/web.umons.ac.be\/app\/uploads\/sites\/36\/2017\/11\/Brochure_IR_FR_web.pdf-Adobe-Acrobat-Pro-DC-1.jpg 50w, https:\/\/web.umons.ac.be\/app\/uploads\/sites\/36\/2017\/11\/Brochure_IR_FR_web.pdf-Adobe-Acrobat-Pro-DC-1-30x10.jpg 30w\" sizes=\"auto, (max-width: 50px) 100vw, 50px\" \/>Structure autonome cr\u00e9\u00e9e en 2006 en partenariat avec la Facult\u00e9 Polytechnique de Mons, MoDyVA propose un service de conseil dans les domaines des vibrations et de l\u2019acoustique.<\/p>\n","protected":false},"excerpt":{"rendered":"<p>Major Risk Research Centre Depuis plus de 25 ans, l\u2019activit\u00e9 du Centre est la ma\u00eetrise du risque technologique. Ses principaux domaines de comp\u00e9tence sont : l\u2019\u00e9tude et la mod\u00e9lisation des sc\u00e9narios d\u2019accidents majeurs, l\u2019am\u00e9nagement du territoire autour des entreprises \u00abSeveso\u00bb, la planification d\u2019urgence et le transport de mati\u00e8res dangereuses. Le Laboratoire d\u2019acoustique La laboratoire d\u2019acoustique [&hellip;]<\/p>\n","protected":false},"author":2,"featured_media":0,"parent":0,"menu_order":4,"comment_status":"closed","ping_status":"closed","template":"","meta":{"footnotes":""},"class_list":["post-59","page","type-page","status-publish","hentry"],"yoast_head":"<!-- This site is optimized with the Yoast SEO plugin v27.2 - https:\/\/yoast.com\/product\/yoast-seo-wordpress\/ -->\n<title>Structures associ\u00e9es - Institut \/ Risques<\/title>\n<meta name=\"robots\" content=\"index, follow, max-snippet:-1, max-image-preview:large, max-video-preview:-1\" \/>\n<link rel=\"canonical\" href=\"https:\/\/web.umons.ac.be\/risques\/fr\/structures-associees\/\" \/>\n<meta property=\"og:locale\" content=\"fr_FR\" \/>\n<meta property=\"og:type\" content=\"article\" \/>\n<meta property=\"og:title\" content=\"Structures associ\u00e9es - Institut \/ Risques\" \/>\n<meta property=\"og:description\" content=\"Major Risk Research Centre Depuis plus de 25 ans, l\u2019activit\u00e9 du Centre est la ma\u00eetrise du risque technologique. Ses principaux domaines de comp\u00e9tence sont : l\u2019\u00e9tude et la mod\u00e9lisation des sc\u00e9narios d\u2019accidents majeurs, l\u2019am\u00e9nagement du territoire autour des entreprises \u00abSeveso\u00bb, la planification d\u2019urgence et le transport de mati\u00e8res dangereuses. Le Laboratoire d\u2019acoustique La laboratoire d\u2019acoustique [&hellip;]\" \/>\n<meta property=\"og:url\" content=\"https:\/\/web.umons.ac.be\/risques\/fr\/structures-associees\/\" \/>\n<meta property=\"og:site_name\" content=\"Institut \/ Risques\" \/>\n<meta property=\"article:modified_time\" content=\"2018-01-15T01:15:29+00:00\" \/>\n<meta property=\"og:image\" content=\"https:\/\/web.umons.ac.be\/app\/uploads\/sites\/36\/2017\/11\/Brochure_IR_FR_web.pdf-Adobe-Acrobat-Pro-DC-1.jpg\" \/>\n<meta name=\"twitter:card\" content=\"summary_large_image\" \/>\n<meta name=\"twitter:label1\" content=\"Dur\u00e9e de lecture estim\u00e9e\" \/>\n\t<meta name=\"twitter:data1\" content=\"1 minute\" \/>\n<script type=\"application\/ld+json\" class=\"yoast-schema-graph\">{\"@context\":\"https:\/\/schema.org\",\"@graph\":[{\"@type\":\"WebPage\",\"@id\":\"https:\/\/web.umons.ac.be\/risques\/fr\/structures-associees\/\",\"url\":\"https:\/\/web.umons.ac.be\/risques\/fr\/structures-associees\/\",\"name\":\"Structures associ\u00e9es - Institut \/ Risques\",\"isPartOf\":{\"@id\":\"https:\/\/web.umons.ac.be\/risques\/#website\"},\"primaryImageOfPage\":{\"@id\":\"https:\/\/web.umons.ac.be\/risques\/fr\/structures-associees\/#primaryimage\"},\"image\":{\"@id\":\"https:\/\/web.umons.ac.be\/risques\/fr\/structures-associees\/#primaryimage\"},\"thumbnailUrl\":\"https:\/\/web.umons.ac.be\/app\/uploads\/sites\/36\/2017\/11\/Brochure_IR_FR_web.pdf-Adobe-Acrobat-Pro-DC-1.jpg\",\"datePublished\":\"2017-07-20T15:17:24+00:00\",\"dateModified\":\"2018-01-15T01:15:29+00:00\",\"breadcrumb\":{\"@id\":\"https:\/\/web.umons.ac.be\/risques\/fr\/structures-associees\/#breadcrumb\"},\"inLanguage\":\"fr-FR\",\"potentialAction\":[{\"@type\":\"ReadAction\",\"target\":[\"https:\/\/web.umons.ac.be\/risques\/fr\/structures-associees\/\"]}]},{\"@type\":\"ImageObject\",\"inLanguage\":\"fr-FR\",\"@id\":\"https:\/\/web.umons.ac.be\/risques\/fr\/structures-associees\/#primaryimage\",\"url\":\"https:\/\/web.umons.ac.be\/app\/uploads\/sites\/36\/2017\/11\/Brochure_IR_FR_web.pdf-Adobe-Acrobat-Pro-DC-1.jpg\",\"contentUrl\":\"https:\/\/web.umons.ac.be\/app\/uploads\/sites\/36\/2017\/11\/Brochure_IR_FR_web.pdf-Adobe-Acrobat-Pro-DC-1.jpg\"},{\"@type\":\"BreadcrumbList\",\"@id\":\"https:\/\/web.umons.ac.be\/risques\/fr\/structures-associees\/#breadcrumb\",\"itemListElement\":[{\"@type\":\"ListItem\",\"position\":1,\"name\":\"Accueil\",\"item\":\"https:\/\/web.umons.ac.be\/risques\/fr\/\"},{\"@type\":\"ListItem\",\"position\":2,\"name\":\"Structures associ\u00e9es\"}]},{\"@type\":\"WebSite\",\"@id\":\"https:\/\/web.umons.ac.be\/risques\/#website\",\"url\":\"https:\/\/web.umons.ac.be\/risques\/\",\"name\":\"Institut \/ Risques\",\"description\":\"Un site utilisant Universit\u00e9 de Mons \u2013 UMONS\",\"potentialAction\":[{\"@type\":\"SearchAction\",\"target\":{\"@type\":\"EntryPoint\",\"urlTemplate\":\"https:\/\/web.umons.ac.be\/risques\/?s={search_term_string}\"},\"query-input\":{\"@type\":\"PropertyValueSpecification\",\"valueRequired\":true,\"valueName\":\"search_term_string\"}}],\"inLanguage\":\"fr-FR\"}]}<\/script>\n<!-- \/ Yoast SEO plugin. -->","yoast_head_json":{"title":"Structures associ\u00e9es - Institut \/ Risques","robots":{"index":"index","follow":"follow","max-snippet":"max-snippet:-1","max-image-preview":"max-image-preview:large","max-video-preview":"max-video-preview:-1"},"canonical":"https:\/\/web.umons.ac.be\/risques\/fr\/structures-associees\/","og_locale":"fr_FR","og_type":"article","og_title":"Structures associ\u00e9es - Institut \/ Risques","og_description":"Major Risk Research Centre Depuis plus de 25 ans, l\u2019activit\u00e9 du Centre est la ma\u00eetrise du risque technologique. Ses principaux domaines de comp\u00e9tence sont : l\u2019\u00e9tude et la mod\u00e9lisation des sc\u00e9narios d\u2019accidents majeurs, l\u2019am\u00e9nagement du territoire autour des entreprises \u00abSeveso\u00bb, la planification d\u2019urgence et le transport de mati\u00e8res dangereuses. Le Laboratoire d\u2019acoustique La laboratoire d\u2019acoustique [&hellip;]","og_url":"https:\/\/web.umons.ac.be\/risques\/fr\/structures-associees\/","og_site_name":"Institut \/ Risques","article_modified_time":"2018-01-15T01:15:29+00:00","og_image":[{"url":"https:\/\/web.umons.ac.be\/app\/uploads\/sites\/36\/2017\/11\/Brochure_IR_FR_web.pdf-Adobe-Acrobat-Pro-DC-1.jpg","type":"","width":"","height":""}],"twitter_card":"summary_large_image","twitter_misc":{"Dur\u00e9e de lecture estim\u00e9e":"1 minute"},"schema":{"@context":"https:\/\/schema.org","@graph":[{"@type":"WebPage","@id":"https:\/\/web.umons.ac.be\/risques\/fr\/structures-associees\/","url":"https:\/\/web.umons.ac.be\/risques\/fr\/structures-associees\/","name":"Structures associ\u00e9es - Institut \/ Risques","isPartOf":{"@id":"https:\/\/web.umons.ac.be\/risques\/#website"},"primaryImageOfPage":{"@id":"https:\/\/web.umons.ac.be\/risques\/fr\/structures-associees\/#primaryimage"},"image":{"@id":"https:\/\/web.umons.ac.be\/risques\/fr\/structures-associees\/#primaryimage"},"thumbnailUrl":"https:\/\/web.umons.ac.be\/app\/uploads\/sites\/36\/2017\/11\/Brochure_IR_FR_web.pdf-Adobe-Acrobat-Pro-DC-1.jpg","datePublished":"2017-07-20T15:17:24+00:00","dateModified":"2018-01-15T01:15:29+00:00","breadcrumb":{"@id":"https:\/\/web.umons.ac.be\/risques\/fr\/structures-associees\/#breadcrumb"},"inLanguage":"fr-FR","potentialAction":[{"@type":"ReadAction","target":["https:\/\/web.umons.ac.be\/risques\/fr\/structures-associees\/"]}]},{"@type":"ImageObject","inLanguage":"fr-FR","@id":"https:\/\/web.umons.ac.be\/risques\/fr\/structures-associees\/#primaryimage","url":"https:\/\/web.umons.ac.be\/app\/uploads\/sites\/36\/2017\/11\/Brochure_IR_FR_web.pdf-Adobe-Acrobat-Pro-DC-1.jpg","contentUrl":"https:\/\/web.umons.ac.be\/app\/uploads\/sites\/36\/2017\/11\/Brochure_IR_FR_web.pdf-Adobe-Acrobat-Pro-DC-1.jpg"},{"@type":"BreadcrumbList","@id":"https:\/\/web.umons.ac.be\/risques\/fr\/structures-associees\/#breadcrumb","itemListElement":[{"@type":"ListItem","position":1,"name":"Accueil","item":"https:\/\/web.umons.ac.be\/risques\/fr\/"},{"@type":"ListItem","position":2,"name":"Structures associ\u00e9es"}]},{"@type":"WebSite","@id":"https:\/\/web.umons.ac.be\/risques\/#website","url":"https:\/\/web.umons.ac.be\/risques\/","name":"Institut \/ Risques","description":"Un site utilisant Universit\u00e9 de Mons \u2013 UMONS","potentialAction":[{"@type":"SearchAction","target":{"@type":"EntryPoint","urlTemplate":"https:\/\/web.umons.ac.be\/risques\/?s={search_term_string}"},"query-input":{"@type":"PropertyValueSpecification","valueRequired":true,"valueName":"search_term_string"}}],"inLanguage":"fr-FR"}]}},"lang":"fr","translations":{"fr":59,"en":213},"pll_sync_post":[],"_links":{"self":[{"href":"https:\/\/web.umons.ac.be\/risques\/wp-json\/wp\/v2\/pages\/59","targetHints":{"allow":["GET"]}}],"collection":[{"href":"https:\/\/web.umons.ac.be\/risques\/wp-json\/wp\/v2\/pages"}],"about":[{"href":"https:\/\/web.umons.ac.be\/risques\/wp-json\/wp\/v2\/types\/page"}],"author":[{"embeddable":true,"href":"https:\/\/web.umons.ac.be\/risques\/wp-json\/wp\/v2\/users\/2"}],"replies":[{"embeddable":true,"href":"https:\/\/web.umons.ac.be\/risques\/wp-json\/wp\/v2\/comments?post=59"}],"version-history":[{"count":1,"href":"https:\/\/web.umons.ac.be\/risques\/wp-json\/wp\/v2\/pages\/59\/revisions"}],"predecessor-version":[{"id":150,"href":"https:\/\/web.umons.ac.be\/risques\/wp-json\/wp\/v2\/pages\/59\/revisions\/150"}],"wp:attachment":[{"href":"https:\/\/web.umons.ac.be\/risques\/wp-json\/wp\/v2\/media?parent=59"}],"curies":[{"name":"wp","href":"https:\/\/api.w.org\/{rel}","templated":true}]}}