{"id":65,"date":"2017-07-20T17:19:17","date_gmt":"2017-07-20T15:19:17","guid":{"rendered":"https:\/\/web.umons.ac.be\/risques\/?page_id=65"},"modified":"2017-11-07T17:28:55","modified_gmt":"2017-11-07T16:28:55","slug":"services-aux-entreprises-et-aux-collectivites","status":"publish","type":"page","link":"https:\/\/web.umons.ac.be\/risques\/fr\/services-aux-entreprises-et-aux-collectivites\/","title":{"rendered":"Services aux collectivit\u00e9s"},"content":{"rendered":"<h3>Les risques naturels :<\/h3>\n<ul>\n<li>Analyse et suivi de la qualit\u00e9 des\u00a0eaux de surface et souterraines et de\u00a0la pollution des sols (quantification\u00a0des compos\u00e9s macropolluants et\u00a0micropolluants, \u00e9tude de leur (bio)\u00a0d\u00e9gradabilit\u00e9, \u00e9tude de proc\u00e9d\u00e9s de\u00a0d\u00e9pollution\u2026)<\/li>\n<li>Etude des \u00e9quilibres hydrog\u00e9ochimiques\u00a0des aquif\u00e8res (analyse des\u00a0risques de colmatage de puits de\u00a0pompage, des captage)<\/li>\n<li>R\u00e9alisation d\u2019\u00e9tudes g\u00e9ophysiques,\u00a0dans cadre de la reconnaissance du\u00a0sous-sol d\u2019une zone de contraintes\u00a0karstiques, par tomographie\u00a0\u00e9lectrique \u00e0 deux ou \u00e0 trois dimensions\u00a0permettant de caract\u00e9riser des terrains\u00a0sur base de leur r\u00e9sistivit\u00e9<\/li>\n<\/ul>\n<h3>Les risques industriels et technologiques:<\/h3>\n<ul>\n<li>Etude et mod\u00e9lisation de sc\u00e9narios\u00a0d\u2019accidents majeurs<\/li>\n<li>Planification d\u2019urgence et\u00a0am\u00e9nagement du territoire autour des\u00a0entreprises \u00ab Seveso \u00bb<\/li>\n<li>Planification d\u2019urgence et transport de\u00a0mati\u00e8res dangereuses<\/li>\n<li>Mod\u00e9lisation et simulation du\u00a0comportement dynamique de\u00a0syst\u00e8mes m\u00e9caniques<\/li>\n<li>R\u00e9alisation de dispositifs embarqu\u00e9s \u00e0\u00a0base de microcontr\u00f4leurs ou de miniordinateurs<\/li>\n<li>Mod\u00e9lisation fiabiliste de la\u00a0d\u00e9gradation d\u2019aiguillages ferroviaires\u00a0en vue de l\u2019optimisation de leur\u00a0maintenance<\/li>\n<li>Essais de r\u00e9action au feu \u00e0 l\u2019aide d\u2019un\u00a0c\u00f4ne calorim\u00e8tre \u2013 Mise au point\u00a0originale d\u2019une atmosph\u00e8re contr\u00f4l\u00e9e\u00a0pour l\u2019\u00e9tude des feux sous-ventil\u00e9s et\u00a0sous-oxyg\u00e9n\u00e9s<\/li>\n<li>Essais incendie \u00e0 grande \u00e9chelle dans\u00a0des b\u00e2timents \u2013 Impact de l\u2019\u00e9tanch\u00e9it\u00e9\u00a0des nouvelles constructions sur le\u00a0d\u00e9veloppement de l\u2019incendie<\/li>\n<li>Simulation du d\u00e9veloppement d\u2019un\u00a0incendie dans des b\u00e2timents, de la\u00a0propagation et de la toxicit\u00e9 des\u00a0fum\u00e9es \u00e0 l\u2019aide de logiciels tels que\u00a0CFAST et FDS<\/li>\n<li>Etude de la stabilit\u00e9 de b\u00e2timents\u00a0anciens en vue de leur restauration<\/li>\n<li>Aide \u00e0 la valorisation d\u2019anciens\u00a0remblais par les techniques\u00a0gravim\u00e9triques centrifuges<\/li>\n<li>Aide \u00e0 la valorisation du gypse\u00a0hydrom\u00e9tallurgique de Shituru<\/li>\n<\/ul>\n<h3>Les risques environnementaux :<\/h3>\n<ul>\n<li>L\u2019\u00e9cotoxicologie et la m\u00e9tabonomie<\/li>\n<li>Evaluation pr\u00e9coce des effets adverses\u00a0de substances chimiques par approche\u00a0m\u00e9tabonomique<\/li>\n<li>Evaluation du risque par le calcul\u00a0th\u00e9orique des VTR (valeurs\u00a0toxicologiques de r\u00e9f\u00e9rence)<\/li>\n<li>Mesure et analyse du bruit dans\u00a0l\u2019environnement occasionn\u00e9 par les\u00a0activit\u00e9s industrielles<\/li>\n<li>Etude pr\u00e9visionnelle de l\u2019impact\u00a0acoustique sur l\u2019environnement<\/li>\n<li>Mise au point de techniques\u00a0d\u2019abattement des polluants\u00a0atmosph\u00e9riques industriels<\/li>\n<li>Mise en oeuvre de techniques de\u00a0purification et capture du CO2 contenu\u00a0dans les effluents gazeux industriels<\/li>\n<\/ul>\n<h3>Les risques organisationnels :<\/h3>\n<ul>\n<li>Formations aux facteurs humains et\u00a0organisationnels de la s\u00e9curit\u00e9<\/li>\n<li>Formation\/accompagnement \u00e0\u00a0la cartographie et \u00e0 l\u2019analyse des\u00a0risques organisationnels dans les\u00a0\u00e9tablissements de soins de sant\u00e9<\/li>\n<li>Accompagnement \u00e0 la mise en place\u00a0et \u00e0 la s\u00e9curisation\/optimisation des\u00a0r\u00e9seaux de soins<\/li>\n<li>Aide \u00e0 la r\u00e9organisation du syst\u00e8me\u00a0documentaire et \u00e0 l\u2019impl\u00e9mentation\u00a0de la GED<\/li>\n<li>Accompagnement \u00e0 la mise en place\u00a0des projets li\u00e9s \u00e0 l\u2019accr\u00e9ditation\u00a0hospitali\u00e8re (JCI, ACI et HAS)<\/li>\n<\/ul>\n<h3>Les risques socio-\u00e9conomiques et\u00a0soci\u00e9taux :<\/h3>\n<ul>\n<li>Pr\u00e9vention des risques psycho-sociaux\u00a0ou du stress professionnel<\/li>\n<li>Int\u00e9gration de l\u2019analyse des risques\u00a0dans les politiques d\u2019am\u00e9nagement\u00a0urbain et d\u2019am\u00e9lioration de la qualit\u00e9\u00a0spatiale<\/li>\n<li>Salle de march\u00e9s pour l\u2019\u00e9valuation des\u00a0risques financiers<\/li>\n<\/ul>\n","protected":false},"excerpt":{"rendered":"<p>Les risques naturels : Analyse et suivi de la qualit\u00e9 des\u00a0eaux de surface et souterraines et de\u00a0la pollution des sols (quantification\u00a0des compos\u00e9s macropolluants et\u00a0micropolluants, \u00e9tude de leur (bio)\u00a0d\u00e9gradabilit\u00e9, \u00e9tude de proc\u00e9d\u00e9s de\u00a0d\u00e9pollution\u2026) Etude des \u00e9quilibres hydrog\u00e9ochimiques\u00a0des aquif\u00e8res (analyse des\u00a0risques de colmatage de puits de\u00a0pompage, des captage) R\u00e9alisation d\u2019\u00e9tudes g\u00e9ophysiques,\u00a0dans cadre de la reconnaissance du\u00a0sous-sol d\u2019une [&hellip;]<\/p>\n","protected":false},"author":2,"featured_media":0,"parent":0,"menu_order":6,"comment_status":"closed","ping_status":"closed","template":"","meta":{"footnotes":""},"class_list":["post-65","page","type-page","status-publish","hentry"],"yoast_head":"<!-- This site is optimized with the Yoast SEO plugin v27.2 - https:\/\/yoast.com\/product\/yoast-seo-wordpress\/ -->\n<title>Services aux collectivit\u00e9s - Institut \/ Risques<\/title>\n<meta name=\"robots\" content=\"index, follow, max-snippet:-1, max-image-preview:large, max-video-preview:-1\" \/>\n<link rel=\"canonical\" href=\"https:\/\/web.umons.ac.be\/risques\/fr\/services-aux-entreprises-et-aux-collectivites\/\" \/>\n<meta property=\"og:locale\" content=\"fr_FR\" \/>\n<meta property=\"og:type\" content=\"article\" \/>\n<meta property=\"og:title\" content=\"Services aux collectivit\u00e9s - Institut \/ Risques\" \/>\n<meta property=\"og:description\" content=\"Les risques naturels : Analyse et suivi de la qualit\u00e9 des\u00a0eaux de surface et souterraines et de\u00a0la pollution des sols (quantification\u00a0des compos\u00e9s macropolluants et\u00a0micropolluants, \u00e9tude de leur (bio)\u00a0d\u00e9gradabilit\u00e9, \u00e9tude de proc\u00e9d\u00e9s de\u00a0d\u00e9pollution\u2026) Etude des \u00e9quilibres hydrog\u00e9ochimiques\u00a0des aquif\u00e8res (analyse des\u00a0risques de colmatage de puits de\u00a0pompage, des captage) R\u00e9alisation d\u2019\u00e9tudes g\u00e9ophysiques,\u00a0dans cadre de la reconnaissance du\u00a0sous-sol d\u2019une [&hellip;]\" \/>\n<meta property=\"og:url\" content=\"https:\/\/web.umons.ac.be\/risques\/fr\/services-aux-entreprises-et-aux-collectivites\/\" \/>\n<meta property=\"og:site_name\" content=\"Institut \/ Risques\" \/>\n<meta property=\"article:modified_time\" content=\"2017-11-07T16:28:55+00:00\" \/>\n<meta name=\"twitter:card\" content=\"summary_large_image\" \/>\n<meta name=\"twitter:label1\" content=\"Dur\u00e9e de lecture estim\u00e9e\" \/>\n\t<meta name=\"twitter:data1\" content=\"3 minutes\" \/>\n<script type=\"application\/ld+json\" class=\"yoast-schema-graph\">{\"@context\":\"https:\/\/schema.org\",\"@graph\":[{\"@type\":\"WebPage\",\"@id\":\"https:\/\/web.umons.ac.be\/risques\/fr\/services-aux-entreprises-et-aux-collectivites\/\",\"url\":\"https:\/\/web.umons.ac.be\/risques\/fr\/services-aux-entreprises-et-aux-collectivites\/\",\"name\":\"Services aux collectivit\u00e9s - Institut \/ Risques\",\"isPartOf\":{\"@id\":\"https:\/\/web.umons.ac.be\/risques\/#website\"},\"datePublished\":\"2017-07-20T15:19:17+00:00\",\"dateModified\":\"2017-11-07T16:28:55+00:00\",\"breadcrumb\":{\"@id\":\"https:\/\/web.umons.ac.be\/risques\/fr\/services-aux-entreprises-et-aux-collectivites\/#breadcrumb\"},\"inLanguage\":\"fr-FR\",\"potentialAction\":[{\"@type\":\"ReadAction\",\"target\":[\"https:\/\/web.umons.ac.be\/risques\/fr\/services-aux-entreprises-et-aux-collectivites\/\"]}]},{\"@type\":\"BreadcrumbList\",\"@id\":\"https:\/\/web.umons.ac.be\/risques\/fr\/services-aux-entreprises-et-aux-collectivites\/#breadcrumb\",\"itemListElement\":[{\"@type\":\"ListItem\",\"position\":1,\"name\":\"Accueil\",\"item\":\"https:\/\/web.umons.ac.be\/risques\/fr\/\"},{\"@type\":\"ListItem\",\"position\":2,\"name\":\"Services aux collectivit\u00e9s\"}]},{\"@type\":\"WebSite\",\"@id\":\"https:\/\/web.umons.ac.be\/risques\/#website\",\"url\":\"https:\/\/web.umons.ac.be\/risques\/\",\"name\":\"Institut \/ Risques\",\"description\":\"Un site utilisant Universit\u00e9 de Mons \u2013 UMONS\",\"potentialAction\":[{\"@type\":\"SearchAction\",\"target\":{\"@type\":\"EntryPoint\",\"urlTemplate\":\"https:\/\/web.umons.ac.be\/risques\/?s={search_term_string}\"},\"query-input\":{\"@type\":\"PropertyValueSpecification\",\"valueRequired\":true,\"valueName\":\"search_term_string\"}}],\"inLanguage\":\"fr-FR\"}]}<\/script>\n<!-- \/ Yoast SEO plugin. -->","yoast_head_json":{"title":"Services aux collectivit\u00e9s - Institut \/ Risques","robots":{"index":"index","follow":"follow","max-snippet":"max-snippet:-1","max-image-preview":"max-image-preview:large","max-video-preview":"max-video-preview:-1"},"canonical":"https:\/\/web.umons.ac.be\/risques\/fr\/services-aux-entreprises-et-aux-collectivites\/","og_locale":"fr_FR","og_type":"article","og_title":"Services aux collectivit\u00e9s - Institut \/ Risques","og_description":"Les risques naturels : Analyse et suivi de la qualit\u00e9 des\u00a0eaux de surface et souterraines et de\u00a0la pollution des sols (quantification\u00a0des compos\u00e9s macropolluants et\u00a0micropolluants, \u00e9tude de leur (bio)\u00a0d\u00e9gradabilit\u00e9, \u00e9tude de proc\u00e9d\u00e9s de\u00a0d\u00e9pollution\u2026) Etude des \u00e9quilibres hydrog\u00e9ochimiques\u00a0des aquif\u00e8res (analyse des\u00a0risques de colmatage de puits de\u00a0pompage, des captage) R\u00e9alisation d\u2019\u00e9tudes g\u00e9ophysiques,\u00a0dans cadre de la reconnaissance du\u00a0sous-sol d\u2019une [&hellip;]","og_url":"https:\/\/web.umons.ac.be\/risques\/fr\/services-aux-entreprises-et-aux-collectivites\/","og_site_name":"Institut \/ Risques","article_modified_time":"2017-11-07T16:28:55+00:00","twitter_card":"summary_large_image","twitter_misc":{"Dur\u00e9e de lecture estim\u00e9e":"3 minutes"},"schema":{"@context":"https:\/\/schema.org","@graph":[{"@type":"WebPage","@id":"https:\/\/web.umons.ac.be\/risques\/fr\/services-aux-entreprises-et-aux-collectivites\/","url":"https:\/\/web.umons.ac.be\/risques\/fr\/services-aux-entreprises-et-aux-collectivites\/","name":"Services aux collectivit\u00e9s - Institut \/ Risques","isPartOf":{"@id":"https:\/\/web.umons.ac.be\/risques\/#website"},"datePublished":"2017-07-20T15:19:17+00:00","dateModified":"2017-11-07T16:28:55+00:00","breadcrumb":{"@id":"https:\/\/web.umons.ac.be\/risques\/fr\/services-aux-entreprises-et-aux-collectivites\/#breadcrumb"},"inLanguage":"fr-FR","potentialAction":[{"@type":"ReadAction","target":["https:\/\/web.umons.ac.be\/risques\/fr\/services-aux-entreprises-et-aux-collectivites\/"]}]},{"@type":"BreadcrumbList","@id":"https:\/\/web.umons.ac.be\/risques\/fr\/services-aux-entreprises-et-aux-collectivites\/#breadcrumb","itemListElement":[{"@type":"ListItem","position":1,"name":"Accueil","item":"https:\/\/web.umons.ac.be\/risques\/fr\/"},{"@type":"ListItem","position":2,"name":"Services aux collectivit\u00e9s"}]},{"@type":"WebSite","@id":"https:\/\/web.umons.ac.be\/risques\/#website","url":"https:\/\/web.umons.ac.be\/risques\/","name":"Institut \/ Risques","description":"Un site utilisant Universit\u00e9 de Mons \u2013 UMONS","potentialAction":[{"@type":"SearchAction","target":{"@type":"EntryPoint","urlTemplate":"https:\/\/web.umons.ac.be\/risques\/?s={search_term_string}"},"query-input":{"@type":"PropertyValueSpecification","valueRequired":true,"valueName":"search_term_string"}}],"inLanguage":"fr-FR"}]}},"lang":"fr","translations":{"fr":65,"en":221},"pll_sync_post":[],"_links":{"self":[{"href":"https:\/\/web.umons.ac.be\/risques\/wp-json\/wp\/v2\/pages\/65","targetHints":{"allow":["GET"]}}],"collection":[{"href":"https:\/\/web.umons.ac.be\/risques\/wp-json\/wp\/v2\/pages"}],"about":[{"href":"https:\/\/web.umons.ac.be\/risques\/wp-json\/wp\/v2\/types\/page"}],"author":[{"embeddable":true,"href":"https:\/\/web.umons.ac.be\/risques\/wp-json\/wp\/v2\/users\/2"}],"replies":[{"embeddable":true,"href":"https:\/\/web.umons.ac.be\/risques\/wp-json\/wp\/v2\/comments?post=65"}],"version-history":[{"count":3,"href":"https:\/\/web.umons.ac.be\/risques\/wp-json\/wp\/v2\/pages\/65\/revisions"}],"predecessor-version":[{"id":155,"href":"https:\/\/web.umons.ac.be\/risques\/wp-json\/wp\/v2\/pages\/65\/revisions\/155"}],"wp:attachment":[{"href":"https:\/\/web.umons.ac.be\/risques\/wp-json\/wp\/v2\/media?parent=65"}],"curies":[{"name":"wp","href":"https:\/\/api.w.org\/{rel}","templated":true}]}}