{"id":108,"date":"2017-07-20T17:52:18","date_gmt":"2017-07-20T15:52:18","guid":{"rendered":"https:\/\/web.umons.ac.be\/sante\/?page_id=108"},"modified":"2021-11-29T12:18:49","modified_gmt":"2021-11-29T11:18:49","slug":"membres","status":"publish","type":"page","link":"https:\/\/web.umons.ac.be\/sante\/fr\/membres\/","title":{"rendered":"Membres"},"content":{"rendered":"<h2>Services membres effectifs de l&rsquo;Institut de Recherche :<\/h2>\n<table style=\"width: 90.2484%;height: 1611px\" width=\"579\">\n<tbody>\n<tr style=\"height: 89px\">\n<td style=\"height: 89px;width: 80.3241%\" width=\"466\">Pharmacie Clinique<\/p>\n<p><a href=\"https:\/\/staff.umons.ac.be\/Stephanie.PATRIS\/\">PATRIS St\u00e9phanie<\/a><\/p>\n<p>email : <a href=\"mailto:Stephanie.patris@umons.ac.be\">Stephanie.patris@umons.ac.be<\/a><\/td>\n<td style=\"height: 89px;width: 19.5602%\" width=\"113\">FMP<\/td>\n<\/tr>\n<tr style=\"height: 128px\">\n<td style=\"width: 80.3241%;height: 128px\">Pharmacie Gal\u00e9nique<\/p>\n<p><a href=\"https:\/\/staff.umons.ac.be\/Francis.VANDERBIST\/\">VANDERBIST Francis<\/a><\/p>\n<p>email : <a href=\"mailto:Francis.vanderbist@umons.ac.be\">Francis.vanderbist@umons.ac.be<\/a><\/td>\n<td style=\"width: 19.5602%;height: 128px\">FMP<\/td>\n<\/tr>\n<tr style=\"height: 89px\">\n<td style=\"height: 89px;width: 80.3241%\" width=\"466\">Analyse pharmaceutique<\/p>\n<p><a href=\"https:\/\/staff.umons.ac.be\/bertrand.blankert\/\">BLANKERT Bertrand<\/a><\/p>\n<p>email : <a href=\"mailto:bertrand.blankert@umons.ac.be\">bertrand.blankert@umons.ac.be<\/a><\/td>\n<td style=\"height: 89px;width: 19.5602%\" width=\"113\">FMP<\/td>\n<\/tr>\n<tr style=\"height: 89px\">\n<td style=\"height: 89px;width: 80.3241%\">Anatomie humaine et Oncologie exp\u00e9rimentale<\/p>\n<p><a href=\"https:\/\/staff.umons.ac.be\/sven.saussez\/\">SAUSSEZ Sven<\/a><\/p>\n<p>email : <a href=\"mailto:sven.saussez@umons.ac.be\">sven.saussez@umons.ac.be<\/a><\/p>\n<p><a href=\"https:\/\/staff.umons.ac.be\/fabrice.journe\/\">JOURNE Fabrice<\/a><\/p>\n<p>Email\u00a0: <a href=\"mailto:fabrice.journe@umons.ac.be\">fabrice.journe@umons.ac.be<\/a><\/td>\n<td style=\"height: 89px;width: 19.5602%\">FMP<\/td>\n<\/tr>\n<tr style=\"height: 52px\">\n<td style=\"height: 52px;width: 80.3241%\">Biologie cellulaire<\/p>\n<p><a href=\"https:\/\/staff.umons.ac.be\/lionel.tafforeau\/\">TAFFOREAU Lionel<\/a><\/p>\n<p>email : <a href=\"mailto:Lionel.tafforeau@umons.ac.be\">Lionel.tafforeau@umons.ac.be<\/a><\/p>\n<p><a href=\"https:\/\/staff.umons.ac.be\/elise.hennebert\/\">HENNEBERT Elise<\/a><\/p>\n<p>Email\u00a0: <a href=\"mailto:elise.hennebert@umons.ac.be\">elise.hennebert@umons.ac.be<\/a><\/td>\n<td style=\"height: 52px;width: 19.5602%\">FS<\/td>\n<\/tr>\n<tr style=\"height: 52px\">\n<td style=\"height: 52px;width: 80.3241%\">Biologie humaine et Toxicologie<\/p>\n<p><a href=\"https:\/\/staff.umons.ac.be\/jean-marie.colet\/\">COLET Jean-Marie<\/a><\/p>\n<p>email : <a href=\"mailto:jean-marie.colet@umons.ac.be\">jean-marie.colet@umons.ac.be<\/a><\/td>\n<td style=\"height: 52px;width: 19.5602%\">FMP<\/td>\n<\/tr>\n<tr style=\"height: 52px\">\n<td style=\"height: 52px;width: 80.3241%\">Biochimie m\u00e9tabolique et mol\u00e9culaire<\/p>\n<p><a href=\"https:\/\/staff.umons.ac.be\/anne-emilie.decleves\/\">DECLEVES Anne-Emilie<\/a><\/p>\n<p>email : <a href=\"mailto:anne-emilie.decleves@umons.ac.be\">anne-emilie.decleves@umons.ac.be<\/a><\/p>\n<p><a href=\"https:\/\/staff.umons.ac.be\/frederique.coppee\/\">COPPEE Fr\u00e9d\u00e9rique<\/a><\/p>\n<p>Email\u00a0: <a href=\"mailto:frederique.coppee@umons.ac.be\">frederique.coppee@umons.ac.be<\/a><\/td>\n<td style=\"height: 52px;width: 19.5602%\">FMP<\/td>\n<\/tr>\n<tr style=\"height: 52px\">\n<td style=\"height: 52px;width: 80.3241%\">Cardiologie<\/p>\n<p><a href=\"https:\/\/staff.umons.ac.be\/stephane.carlier\/\">CARLIER St\u00e9phane<\/a><\/p>\n<p>email : <a href=\"mailto:Stephane.carlier@umons.ac.be\">Stephane.carlier@umons.ac.be<\/a><\/td>\n<td style=\"height: 52px;width: 19.5602%\">FMP<\/td>\n<\/tr>\n<tr style=\"height: 52px\">\n<td style=\"height: 52px;width: 80.3241%\">Chimie g\u00e9n\u00e9rale, organique et biom\u00e9dicale<\/p>\n<p><a href=\"https:\/\/staff.umons.ac.be\/carmen.burtea\/\">BURTEA Carmen<\/a><\/p>\n<p>email : <a href=\"mailto:carmen.burtea@umons.ac.be\">carmen.burtea@umons.ac.be<\/a><\/p>\n<p><a href=\"https:\/\/staff.umons.ac.be\/sophie.laurent\/\">LAURENT Sophie<\/a><\/p>\n<p>email : <a href=\"mailto:sophie.laurent@umons.ac.be\">sophie.laurent@umons.ac.be<\/a><\/p>\n<p><a href=\"https:\/\/staff.umons.ac.be\/celine.henoumont\/\">HENOUMONT C\u00e9line<\/a><\/p>\n<p>Email\u00a0: <a href=\"mailto:celine.henoumont@umons.ac.be\">celine.henoumont@umons.ac.be<\/a><\/td>\n<td style=\"height: 52px;width: 19.5602%\">FMP<\/td>\n<\/tr>\n<tr style=\"height: 52px\">\n<td style=\"height: 52px;width: 80.3241%\">Chimie th\u00e9rapeutique et Pharmacognosie<\/p>\n<p><a href=\"https:\/\/staff.umons.ac.be\/pierre.duez\/\">DUEZ Pierre<\/a><\/p>\n<p>email : <a href=\"mailto:pierre.duez@umons.ac.be\">pierre.duez@umons.ac.be<\/a><\/p>\n<p><a href=\"https:\/\/staff.umons.ac.be\/amandine.nachtergael\/\">NACHTERGAEL Amandine<\/a><\/p>\n<p>Email\u00a0: <a href=\"mailto:amandine.nachtergael@umons.ac.be\">amandine.nachtergael@umons.ac.be<\/a><\/td>\n<td style=\"height: 52px;width: 19.5602%\">FMP<\/td>\n<\/tr>\n<tr style=\"height: 52px\">\n<td style=\"height: 52px;width: 80.3241%\">Mat\u00e9riaux Polym\u00e8res et Composites<\/p>\n<p><a href=\"https:\/\/staff.umons.ac.be\/olivier.coulembier\/\">COULEMBIER Olivier<\/a><\/p>\n<p>email : <a href=\"mailto:olivier.coulembier@umons.ac.be\">olivier.coulembier@umons.ac.be<\/a><\/p>\n<p><a href=\"https:\/\/staff.umons.ac.be\/philippe.dubois\/\">DUBOIS Philippe<\/a><\/p>\n<p>email : <a href=\"mailto:Philippe.dubois@umons.ac.be\">Philippe.dubois@umons.ac.be<\/a><\/p>\n<p><a href=\"https:\/\/staff.umons.ac.be\/jeremy.odent\/\">ODENT J\u00e9r\u00e9my<\/a><\/p>\n<p><a href=\"mailto:email :\">email :<\/a> Jeremy.odent@umons.ac.be<\/p>\n<p><a href=\"https:\/\/staff.umons.ac.be\/jean-marie.raquez\/\">RAQUEZ Jean-Marie<\/a><\/p>\n<p>email : <a href=\"mailto:jean-marie.raquez@umons.ac.be\">jean-marie.raquez@umons.ac.be<\/a><\/td>\n<td style=\"height: 52px;width: 19.5602%\">FS<\/td>\n<\/tr>\n<tr style=\"height: 52px\">\n<td style=\"height: 52px;width: 80.3241%\">M\u00e9canique rationnelle, Dynamique et Vibrations<\/p>\n<p><a href=\"https:\/\/staff.umons.ac.be\/georges.kouroussis\/\">KOUROUSSIS Georges<\/a><\/p>\n<p>email : <a href=\"mailto:Georges.kouroussis@umons.ac.be\">Georges.kouroussis@umons.ac.be<\/a><\/p>\n<p><a href=\"https:\/\/staff.umons.ac.be\/olivier.verlinden\/\">VERLINDEN Olivier<\/a><\/p>\n<p>email : <a href=\"mailto:olivier.verlinden@umons.ac.be\">olivier.verlinden@umons.ac.be<\/a><\/p>\n<p><a href=\"https:\/\/staff.umons.ac.be\/bryan.olivier\/\">OLIVIER Bryan<\/a><\/p>\n<p>Email\u00a0: <a href=\"mailto:bryan.olivier@umons.ac.be\">bryan.olivier@umons.ac.be<\/a><\/td>\n<td style=\"height: 52px;width: 19.5602%\">FPMs<\/td>\n<\/tr>\n<tr style=\"height: 52px\">\n<td style=\"height: 52px;width: 80.3241%\">M\u00e9trologie et Sciences du langage<\/p>\n<p><a href=\"https:\/\/staff.umons.ac.be\/veronique.delvaux\/\">DELVAUX V\u00e9ronique<\/a><\/p>\n<p>email : <a href=\"mailto:veronique.delvaux@umons.ac.be\">veronique.delvaux@umons.ac.be<\/a><\/p>\n<p><a href=\"https:\/\/staff.umons.ac.be\/bernard.harmegnies\/\">HARMEGNIES Bernard<\/a><\/p>\n<p>email : <a href=\"mailto:bernard.harmegnies@umons.ac.be\">bernard.harmegnies@umons.ac.be<\/a><\/p>\n<p><a href=\"https:\/\/staff.umons.ac.be\/kathy.huet\/\">HUET Kathy<\/a><\/p>\n<p>email : <a href=\"mailto:Kathy.huet@umons.ac.be\">Kathy.huet@umons.ac.be<\/a><\/p>\n<p><a href=\"https:\/\/staff.umons.ac.be\/myriam.piccaluga\/\">PICCALUGA Myriam<\/a><\/p>\n<p>email : <a href=\"mailto:Myriam.piccaluga@umons.ac.be\">Myriam.piccaluga@umons.ac.be<\/a><\/p>\n<p><a href=\"https:\/\/staff.umons.ac.be\/clemence.verhaegen\/\">VERHAEGEN Cl\u00e9mence<\/a><\/p>\n<p>email : <a href=\"mailto:clemence.verhaegen@umos.ac.be\">clemence.verhaegen@umos.ac.be<\/a><\/p>\n<p><a href=\"https:\/\/staff.umons.ac.be\/virginie.roland\/\">ROLAND Virginie<\/a><\/p>\n<p>Email\u00a0: <a href=\"mailto:virginie.roland@umons.ac.be\">virginie.roland@umons.ac.be<\/a><\/td>\n<td style=\"height: 52px;width: 19.5602%\">FPSE<\/td>\n<\/tr>\n<tr style=\"height: 52px\">\n<td style=\"height: 52px;width: 80.3241%\">Neurosciences<\/p>\n<p><a href=\"https:\/\/staff.umons.ac.be\/laurence.ris\/\">RIS Laurence<\/a><\/p>\n<p>email : <a href=\"mailto:Laurence.ris@umons.ac.be\">Laurence.ris@umons.ac.be<\/a><\/p>\n<p><a href=\"https:\/\/staff.umons.ac.be\/agnes.villers\/\">VILLERS Agn\u00e8s<\/a><\/p>\n<p>Email\u00a0: <a href=\"mailto:agnes.villers@umons.ac.be\">agnes.villers@umons.ac.be<\/a><\/td>\n<td style=\"height: 52px;width: 19.5602%\">FMP<\/td>\n<\/tr>\n<tr style=\"height: 52px\">\n<td style=\"height: 52px;width: 80.3241%\">Orthop\u00e9dagogie clinique<\/p>\n<p><a href=\"mailto:thierry.bordignon@umons.ac.be\">BORDIGNON Thierry<\/a><\/p>\n<p><a href=\"https:\/\/staff.umons.ac.be\/marie-claire.haelewyck\/\">HAELEWYCK Marie-Claire<\/a><\/p>\n<p>email : <a href=\"mailto:marie-claire.haelewyck@umons.ac.be\">marie-claire.haelewyck@umons.ac.be<\/a><\/p>\n<p><a href=\"https:\/\/staff.umons.ac.be\/eric.willaye\/\">WILLAYE Eric<\/a><\/p>\n<p>email : <a href=\"mailto:Eric.willaye@umons.ac.be\">Eric.willaye@umons.ac.be<\/a><\/td>\n<td style=\"height: 52px;width: 19.5602%\">FPSE<\/td>\n<\/tr>\n<tr style=\"height: 52px\">\n<td style=\"height: 52px;width: 80.3241%\">Physiologie et r\u00e9adaptation respiratoire<\/p>\n<p><a href=\"https:\/\/staff.umons.ac.be\/alexandre.legrand\/\">LEGRAND Alexandre<\/a><\/p>\n<p>email : <a href=\"mailto:Alexandre.legrand@umons.ac.be\">Alexandre.legrand@umons.ac.be<\/a><\/p>\n<p><a href=\"https:\/\/staff.umons.ac.be\/alexandra.tassin\/\">TASSIN Alexandra<\/a><\/p>\n<p>Email : <a href=\"mailto:alexandra.tassin@umons.ac.be\">alexandra.tassin@umons.ac.be<\/a><\/td>\n<td style=\"height: 52px;width: 19.5602%\">FMP<\/td>\n<\/tr>\n<tr style=\"height: 52px\">\n<td style=\"height: 52px;width: 80.3241%\">Physique biom\u00e9dicale<\/p>\n<p><a href=\"https:\/\/staff.umons.ac.be\/yves.gossuin\/\">GOSSUIN Yves<\/a><\/p>\n<p>email : <a href=\"mailto:yves.gossuin@umons.ac.be\">yves.gossuin@umons.ac.be<\/a><\/p>\n<p>VUONG Quoc Lam<\/p>\n<p>Email\u00a0: <a href=\"mailto:quoclam.vuong@umons.ac.be\">quoclam.vuong@umons.ac.be<\/a><\/td>\n<td style=\"height: 52px;width: 19.5602%\">FMP<\/td>\n<\/tr>\n<tr style=\"height: 52px\">\n<td style=\"height: 52px;width: 80.3241%\">Prot\u00e9omie et Microbiologie<\/p>\n<p><a href=\"https:\/\/staff.umons.ac.be\/david.gillan\/\">GILLAN David<\/a><\/p>\n<p>email : <a href=\"mailto:David.gillan@umons.ac.be\">David.gillan@umons.ac.be<\/a><\/p>\n<p><a href=\"mailto:ruddy.wattiez@umons.ac.be\">WATTIEZ Ruddy<\/a><\/p>\n<p><a href=\"https:\/\/staff.umons.ac.be\/baptiste.leroy\/\">LEROY Baptiste<\/a><\/p>\n<p>Email\u00a0: <a href=\"mailto:baptiste.leroy@umons.ac.be\">baptiste.leroy@umons.ac.be<\/a><\/td>\n<td style=\"height: 52px;width: 19.5602%\">FS<\/td>\n<\/tr>\n<tr style=\"height: 52px\">\n<td style=\"height: 52px;width: 80.3241%\">Psychologie clinique<\/p>\n<p><a href=\"https:\/\/staff.umons.ac.be\/philippe.fouchet\/\">FOUCHET Philippe<\/a><\/p>\n<p>email : <a href=\"mailto:Philippe.fouchet@umons.ac.be\">Philippe.fouchet@umons.ac.be<\/a><\/p>\n<p><a href=\"https:\/\/staff.umons.ac.be\/Sarah.GALDIOLO\/\">GALDIOLO Sarah<\/a><\/p>\n<p>email : <a href=\"mailto:Sarah.galdiolo@umons.ac.be\">Sarah.galdiolo@umons.ac.be<\/a><\/p>\n<p><a href=\"https:\/\/staff.umons.ac.be\/justine.gaugue\/\">GAUGUE Justine<\/a><\/p>\n<p>email : <a href=\"mailto:Justine.gaugue@umons.ac.be\">Justine.gaugue@umons.ac.be<\/a><\/p>\n<p><a href=\"https:\/\/staff.umons.ac.be\/jennifer.denis\/\">DENIS Jennifer<\/a><\/p>\n<p>Email\u00a0: <a href=\"mailto:jennifer.denis@umons.ac.be\">jennifer.denis@umons.ac.be<\/a><\/td>\n<td style=\"height: 52px;width: 19.5602%\">FPSE<\/td>\n<\/tr>\n<tr style=\"height: 52px\">\n<td style=\"height: 52px;width: 80.3241%\">Psychologie cognitive et Neuropsychologie<\/p>\n<p><a href=\"https:\/\/staff.umons.ac.be\/aurore.colomar\/\">COLOMAR Aurore<\/a><\/p>\n<p>email : <a href=\"mailto:aurore.colomar@umons.ac.be\">aurore.colomar@umons.ac.be<\/a><\/p>\n<p><a href=\"https:\/\/staff.umons.ac.be\/isabelle.simoesloureiro\/\">SIMOES LOUREIRO Isabelle<\/a><\/p>\n<p>Email\u00a0: <a href=\"mailto:isabelle.simoesloureiro@umons.ac.be\">isabelle.simoesloureiro@umons.ac.be<\/a><\/td>\n<td style=\"height: 52px;width: 19.5602%\">FPSE<\/td>\n<\/tr>\n<tr style=\"height: 52px\">\n<td style=\"height: 52px;width: 80.3241%\">Psychologie l\u00e9gale<\/p>\n<p><a href=\"https:\/\/staff.umons.ac.be\/thierry.phamhoang\/\">PHAM HOANG Thierry<\/a><\/p>\n<p>email : <a href=\"mailto:thierry.phamhoang@umons.ac.be\">thierry.phamhoang@umons.ac.be<\/a><\/p>\n<p><a href=\"https:\/\/staff.umons.ac.be\/audrey.vicenzutto\/\">VICENZUTTO Audrey<\/a><\/p>\n<p>Email\u00a0: <a href=\"mailto:audrey.vicenzutto@umons.ac.be\">audrey.vicenzutto@umons.ac.be<\/a><\/td>\n<td style=\"height: 52px;width: 19.5602%\">FPSE<\/td>\n<\/tr>\n<tr style=\"height: 52px\">\n<td style=\"height: 52px;width: 80.3241%\">S\u00e9miologie et M\u00e9decine g\u00e9n\u00e9rale<\/p>\n<p><a href=\"https:\/\/staff.umons.ac.be\/dominique.vanpee\/\">VANPEE Dominique<\/a><\/p>\n<p>email : <a href=\"mailto:Dominique.vanpee@umons.ac.be\">Dominique.vanpee@umons.ac.be<\/a><\/td>\n<td style=\"height: 52px;width: 19.5602%\">FMP<\/td>\n<\/tr>\n<tr style=\"height: 280px\">\n<td style=\"width: 80.3241%;height: 280px\">Sociologie et Anthropologie<\/p>\n<p><a href=\"https:\/\/staff.umons.ac.be\/Katrin.SOLHDJU\/\">SOLHDJU Katrin<\/a><\/p>\n<p>email : <a href=\"mailto:Katrin.solhdju@umons.ac.be\">Katrin.solhdju@umons.ac.be<\/a><\/p>\n<p><a href=\"https:\/\/staff.umons.ac.be\/serge.cogels\/\">COGELS Serge<\/a><\/p>\n<p>email : <a href=\"mailto:serge.cogels@umons.ac.be\">serge.cogels@umons.ac.be<\/a><\/p>\n<p><a href=\"https:\/\/staff.umons.ac.be\/david.jamar\/\">JAMAR David<\/a><\/p>\n<p>email : <a href=\"mailto:David.jamar@umons.ac.be\">David.jamar@umons.ac.be<\/a><\/p>\n<p><a href=\"https:\/\/staff.umons.ac.be\/pascale.jamoulle\/\">JAMOULLE Pascale<\/a><\/p>\n<p>email : <a href=\"mailto:pascale.jamoulle@umons.ac.be\">pascale.jamoulle@umons.ac.be<\/a><\/p>\n<p><a href=\"https:\/\/staff.umons.ac.be\/claire.martinus\/\">MARTINUS Claire<\/a><\/p>\n<p>email : <a href=\"mailto:claire.martinus@umons.ac.be\">claire.martinus@umons.ac.be<\/a><\/p>\n<p><a href=\"https:\/\/staff.umons.ac.be\/Aymar.NYENYERIBISOKA\/\">NYENYEZI BISOKA Aymar<\/a><\/p>\n<p>email : <a href=\"mailto:Aymar.NYENYEZIBISOKA@umons.ac.be\">Aymar.NYENYEZIBISOKA@umons.ac.be<\/a><\/td>\n<td style=\"width: 19.5602%;height: 280px\">ESHS<\/td>\n<\/tr>\n<\/tbody>\n<\/table>\n","protected":false},"excerpt":{"rendered":"<p>Services membres effectifs de l&rsquo;Institut de Recherche : Pharmacie Clinique PATRIS St\u00e9phanie email : Stephanie.patris@umons.ac.be FMP Pharmacie Gal\u00e9nique VANDERBIST Francis email : Francis.vanderbist@umons.ac.be FMP Analyse pharmaceutique BLANKERT Bertrand email : bertrand.blankert@umons.ac.be FMP Anatomie humaine et Oncologie exp\u00e9rimentale SAUSSEZ Sven email : sven.saussez@umons.ac.be JOURNE Fabrice Email\u00a0: fabrice.journe@umons.ac.be FMP Biologie cellulaire TAFFOREAU Lionel email : Lionel.tafforeau@umons.ac.be HENNEBERT [&hellip;]<\/p>\n","protected":false},"author":2,"featured_media":0,"parent":0,"menu_order":0,"comment_status":"closed","ping_status":"closed","template":"","meta":{"footnotes":""},"class_list":["post-108","page","type-page","status-publish","hentry"],"yoast_head":"<!-- This site is optimized with the Yoast SEO plugin v27.2 - https:\/\/yoast.com\/product\/yoast-seo-wordpress\/ -->\n<title>Membres - Institut \/ Sant\u00e9<\/title>\n<meta name=\"robots\" content=\"index, follow, max-snippet:-1, max-image-preview:large, max-video-preview:-1\" \/>\n<link rel=\"canonical\" href=\"https:\/\/web.umons.ac.be\/sante\/fr\/membres\/\" \/>\n<meta property=\"og:locale\" content=\"fr_FR\" \/>\n<meta property=\"og:type\" content=\"article\" \/>\n<meta property=\"og:title\" content=\"Membres - Institut \/ Sant\u00e9\" \/>\n<meta property=\"og:description\" content=\"Services membres effectifs de l&rsquo;Institut de Recherche : Pharmacie Clinique PATRIS St\u00e9phanie email : Stephanie.patris@umons.ac.be FMP Pharmacie Gal\u00e9nique VANDERBIST Francis email : Francis.vanderbist@umons.ac.be FMP Analyse pharmaceutique BLANKERT Bertrand email : bertrand.blankert@umons.ac.be FMP Anatomie humaine et Oncologie exp\u00e9rimentale SAUSSEZ Sven email : sven.saussez@umons.ac.be JOURNE Fabrice Email\u00a0: fabrice.journe@umons.ac.be FMP Biologie cellulaire TAFFOREAU Lionel email : Lionel.tafforeau@umons.ac.be HENNEBERT [&hellip;]\" \/>\n<meta property=\"og:url\" content=\"https:\/\/web.umons.ac.be\/sante\/fr\/membres\/\" \/>\n<meta property=\"og:site_name\" content=\"Institut \/ Sant\u00e9\" \/>\n<meta property=\"article:modified_time\" content=\"2021-11-29T11:18:49+00:00\" \/>\n<meta name=\"twitter:card\" content=\"summary_large_image\" \/>\n<meta name=\"twitter:label1\" content=\"Dur\u00e9e de lecture estim\u00e9e\" \/>\n\t<meta name=\"twitter:data1\" content=\"2 minutes\" \/>\n<script type=\"application\/ld+json\" class=\"yoast-schema-graph\">{\"@context\":\"https:\/\/schema.org\",\"@graph\":[{\"@type\":\"WebPage\",\"@id\":\"https:\/\/web.umons.ac.be\/sante\/fr\/membres\/\",\"url\":\"https:\/\/web.umons.ac.be\/sante\/fr\/membres\/\",\"name\":\"Membres - Institut \/ Sant\u00e9\",\"isPartOf\":{\"@id\":\"https:\/\/web.umons.ac.be\/sante\/#website\"},\"datePublished\":\"2017-07-20T15:52:18+00:00\",\"dateModified\":\"2021-11-29T11:18:49+00:00\",\"breadcrumb\":{\"@id\":\"https:\/\/web.umons.ac.be\/sante\/fr\/membres\/#breadcrumb\"},\"inLanguage\":\"fr-FR\",\"potentialAction\":[{\"@type\":\"ReadAction\",\"target\":[\"https:\/\/web.umons.ac.be\/sante\/fr\/membres\/\"]}]},{\"@type\":\"BreadcrumbList\",\"@id\":\"https:\/\/web.umons.ac.be\/sante\/fr\/membres\/#breadcrumb\",\"itemListElement\":[{\"@type\":\"ListItem\",\"position\":1,\"name\":\"Accueil\",\"item\":\"https:\/\/web.umons.ac.be\/sante\/fr\/\"},{\"@type\":\"ListItem\",\"position\":2,\"name\":\"Membres\"}]},{\"@type\":\"WebSite\",\"@id\":\"https:\/\/web.umons.ac.be\/sante\/#website\",\"url\":\"https:\/\/web.umons.ac.be\/sante\/\",\"name\":\"Institut \/ Sant\u00e9\",\"description\":\"Un site utilisant Universit\u00e9 de Mons \u2013 UMONS\",\"potentialAction\":[{\"@type\":\"SearchAction\",\"target\":{\"@type\":\"EntryPoint\",\"urlTemplate\":\"https:\/\/web.umons.ac.be\/sante\/?s={search_term_string}\"},\"query-input\":{\"@type\":\"PropertyValueSpecification\",\"valueRequired\":true,\"valueName\":\"search_term_string\"}}],\"inLanguage\":\"fr-FR\"}]}<\/script>\n<!-- \/ Yoast SEO plugin. -->","yoast_head_json":{"title":"Membres - Institut \/ Sant\u00e9","robots":{"index":"index","follow":"follow","max-snippet":"max-snippet:-1","max-image-preview":"max-image-preview:large","max-video-preview":"max-video-preview:-1"},"canonical":"https:\/\/web.umons.ac.be\/sante\/fr\/membres\/","og_locale":"fr_FR","og_type":"article","og_title":"Membres - Institut \/ Sant\u00e9","og_description":"Services membres effectifs de l&rsquo;Institut de Recherche : Pharmacie Clinique PATRIS St\u00e9phanie email : Stephanie.patris@umons.ac.be FMP Pharmacie Gal\u00e9nique VANDERBIST Francis email : Francis.vanderbist@umons.ac.be FMP Analyse pharmaceutique BLANKERT Bertrand email : bertrand.blankert@umons.ac.be FMP Anatomie humaine et Oncologie exp\u00e9rimentale SAUSSEZ Sven email : sven.saussez@umons.ac.be JOURNE Fabrice Email\u00a0: fabrice.journe@umons.ac.be FMP Biologie cellulaire TAFFOREAU Lionel email : Lionel.tafforeau@umons.ac.be HENNEBERT [&hellip;]","og_url":"https:\/\/web.umons.ac.be\/sante\/fr\/membres\/","og_site_name":"Institut \/ Sant\u00e9","article_modified_time":"2021-11-29T11:18:49+00:00","twitter_card":"summary_large_image","twitter_misc":{"Dur\u00e9e de lecture estim\u00e9e":"2 minutes"},"schema":{"@context":"https:\/\/schema.org","@graph":[{"@type":"WebPage","@id":"https:\/\/web.umons.ac.be\/sante\/fr\/membres\/","url":"https:\/\/web.umons.ac.be\/sante\/fr\/membres\/","name":"Membres - Institut \/ Sant\u00e9","isPartOf":{"@id":"https:\/\/web.umons.ac.be\/sante\/#website"},"datePublished":"2017-07-20T15:52:18+00:00","dateModified":"2021-11-29T11:18:49+00:00","breadcrumb":{"@id":"https:\/\/web.umons.ac.be\/sante\/fr\/membres\/#breadcrumb"},"inLanguage":"fr-FR","potentialAction":[{"@type":"ReadAction","target":["https:\/\/web.umons.ac.be\/sante\/fr\/membres\/"]}]},{"@type":"BreadcrumbList","@id":"https:\/\/web.umons.ac.be\/sante\/fr\/membres\/#breadcrumb","itemListElement":[{"@type":"ListItem","position":1,"name":"Accueil","item":"https:\/\/web.umons.ac.be\/sante\/fr\/"},{"@type":"ListItem","position":2,"name":"Membres"}]},{"@type":"WebSite","@id":"https:\/\/web.umons.ac.be\/sante\/#website","url":"https:\/\/web.umons.ac.be\/sante\/","name":"Institut \/ Sant\u00e9","description":"Un site utilisant Universit\u00e9 de Mons \u2013 UMONS","potentialAction":[{"@type":"SearchAction","target":{"@type":"EntryPoint","urlTemplate":"https:\/\/web.umons.ac.be\/sante\/?s={search_term_string}"},"query-input":{"@type":"PropertyValueSpecification","valueRequired":true,"valueName":"search_term_string"}}],"inLanguage":"fr-FR"}]}},"lang":"fr","translations":{"fr":108,"en":203},"pll_sync_post":[],"_links":{"self":[{"href":"https:\/\/web.umons.ac.be\/sante\/wp-json\/wp\/v2\/pages\/108","targetHints":{"allow":["GET"]}}],"collection":[{"href":"https:\/\/web.umons.ac.be\/sante\/wp-json\/wp\/v2\/pages"}],"about":[{"href":"https:\/\/web.umons.ac.be\/sante\/wp-json\/wp\/v2\/types\/page"}],"author":[{"embeddable":true,"href":"https:\/\/web.umons.ac.be\/sante\/wp-json\/wp\/v2\/users\/2"}],"replies":[{"embeddable":true,"href":"https:\/\/web.umons.ac.be\/sante\/wp-json\/wp\/v2\/comments?post=108"}],"version-history":[{"count":4,"href":"https:\/\/web.umons.ac.be\/sante\/wp-json\/wp\/v2\/pages\/108\/revisions"}],"predecessor-version":[{"id":568,"href":"https:\/\/web.umons.ac.be\/sante\/wp-json\/wp\/v2\/pages\/108\/revisions\/568"}],"wp:attachment":[{"href":"https:\/\/web.umons.ac.be\/sante\/wp-json\/wp\/v2\/media?parent=108"}],"curies":[{"name":"wp","href":"https:\/\/api.w.org\/{rel}","templated":true}]}}