{"id":1133,"date":"2025-07-25T15:50:10","date_gmt":"2025-07-25T13:50:10","guid":{"rendered":"https:\/\/web.umons.ac.be\/sante\/?page_id=1133"},"modified":"2025-11-14T09:26:50","modified_gmt":"2025-11-14T08:26:50","slug":"chaire-innovation-sante-epicura-umons","status":"publish","type":"page","link":"https:\/\/web.umons.ac.be\/sante\/fr\/partenaires\/chaire-innovation-sante-epicura-umons\/","title":{"rendered":"Chaire Innovation Sant\u00e9 &#8211; EpiCURA &#038; UMONS"},"content":{"rendered":"<div class=\"highlighted-block\">\n<h5><span style=\"color: #f7f5f5;\">Une alliance ancr\u00e9e dans le r\u00e9el, tourn\u00e9e vers l\u2019avenir<\/span><\/h5>\n<p>Lanc\u00e9e en 2024, la Chaire en Innovation Sant\u00e9 est n\u00e9e d\u2019un partenariat fort entre l&rsquo;UMONS et le Centre Hospitalier EpiCURA. Elle incarne une volont\u00e9 commune : faire dialoguer la recherche universitaire et les r\u00e9alit\u00e9s de terrain pour r\u00e9pondre aux d\u00e9fis de sant\u00e9 d\u2019aujourd\u2019hui et de demain. Cette collaboration unique m\u00eale expertises cliniques, technologiques, humaines et approches scientifiques autour d\u2019un objectif partag\u00e9 : faire \u00e9voluer la m\u00e9decine et les pratiques de soin par la recherche, l\u2019innovation et la formation.<\/p>\n<\/div>\n<h5><\/h5>\n<p><iframe loading=\"lazy\" title=\"UMONS-EpiCURA : une ALLIANCE au service des patients et de la m\u00e9decine de demain\" width=\"500\" height=\"281\" src=\"https:\/\/www.youtube.com\/embed\/AaEfJUqr_tw?feature=oembed\" frameborder=\"0\" allow=\"accelerometer; autoplay; clipboard-write; encrypted-media; gyroscope; picture-in-picture; web-share\" referrerpolicy=\"strict-origin-when-cross-origin\" allowfullscreen><\/iframe><\/p>\n<start-cask-shortcode-wrapper>    <div class=\"accordion content-block scheme-sante\">\n                <div class=\"accordion-inner\">\n            <div class=\"accordion-bellow\">\n                <button class=\"accordion-bellow-toggle scheme-background-hover\" data-target=\"#accordion-content-68b04225f348e\">\n                    <span class=\"icon umons-icon-chevron-down\" aria-hidden=\"true\"><\/span> Objectifs et missions de la Chaire                <\/button>\n            <\/div>\n            <div id=\"accordion-content-68b04225f348e\" class=\"accordion-content\">\n            \t<div class=\"inner editor-front\">\n            \t\t<h5><span style=\"color: #333333;\">Recherche &amp; innovation<\/span><\/h5>\n<ul>\n<li><span style=\"color: #333333;\">Mise en place de projets conjoints entre cliniciens et chercheurs UMONS<\/span><\/li>\n<li><span style=\"color: #333333;\">R\u00e9alisation d\u2019\u00e9tudes cliniques concr\u00e8tes, directement issues des besoins de terrain<\/span><\/li>\n<li><span style=\"color: #333333;\">Cr\u00e9ation de nouveaux savoirs autour de la sant\u00e9 m\u00e9dicale, sociale, organisationnelle et technologique<\/span><\/li>\n<\/ul>\n<h5><span style=\"color: #333333;\">Formation et accompagnement<\/span><\/h5>\n<ul>\n<li><span style=\"color: #333333;\">Encadrement et financement de deux th\u00e8ses de doctorat sur 5 ans<\/span><\/li>\n<li><span style=\"color: #333333;\">Accueil de cliniciens, d\u2019\u00e9tudiants et de chercheurs dans le cadre de travaux de recherche, m\u00e9moires ou th\u00e8ses, en lien avec les projets de la Chaire<\/span><\/li>\n<\/ul>\n<h5><span style=\"color: #333333;\">Partage et diffusion<\/span><\/h5>\n<ul>\n<li><span style=\"color: #333333;\">Organisation de s\u00e9minaires, conf\u00e9rences, ateliers th\u00e9matiques chaque ann\u00e9e<\/span><\/li>\n<li><span style=\"color: #333333;\">Publications scientifiques valorisant les r\u00e9sultats communs<\/span><\/li>\n<li><span style=\"color: #333333;\">D\u00e9veloppement de formations \u00e0 destination du personnel soignant<\/span><\/li>\n<\/ul>\n<h5><span style=\"color: #333333;\">Coop\u00e9ration strat\u00e9gique<\/span><\/h5>\n<ul>\n<li style=\"list-style-type: none;\">\n<ul>Mise en commun de ressources, d\u2019infrastructures, de savoir-faire<\/ul>\n<ul>Comit\u00e9 de pilotage mixte garant de la vision partag\u00e9e et du pilotage des actions<\/ul>\n<ul>Recherche conjointe de financements pour soutenir les projets de la Chaire<\/ul>\n<\/li>\n<\/ul>\n            \t<\/div>\n            <\/div>\n        <\/div>\n                <div class=\"accordion-inner\">\n            <div class=\"accordion-bellow\">\n                <button class=\"accordion-bellow-toggle scheme-background-hover\" data-target=\"#accordion-content-68b04226058f7\">\n                    <span class=\"icon umons-icon-chevron-down\" aria-hidden=\"true\"><\/span> Th\u00e8ses de doctorat cofinanc\u00e9es                <\/button>\n            <\/div>\n            <div id=\"accordion-content-68b04226058f7\" class=\"accordion-content\">\n            \t<div class=\"inner editor-front\">\n            \t\t<p>Trois th\u00e8ses de doctorat sont cofinanc\u00e9es dans le cadre de la Chaire EpiCURA en Innovation Sant\u00e9. Elles traduisent concr\u00e8tement l\u2019ambition du partenariat : croiser expertise clinique et recherche de pointe pour r\u00e9pondre \u00e0 des enjeux m\u00e9dicaux majeurs.<\/p>\n<ul>\n<li><strong>Olivia Rasson<\/strong> s\u2019attaque au glioblastome, un cancer c\u00e9r\u00e9bral particuli\u00e8rement agressif. Son projet explore l\u2019utilisation de nanoparticules pour cibler les cellules tumorales via un m\u00e9canisme innovant : la ferroptose. La th\u00e8se est dirig\u00e9e par Fabrice Journ\u00e9, Sophie Laurent, Florence Lefranc et Serge Magloire Ndam Mouicha.<\/li>\n<li><strong>Samantha Mairesse<\/strong> d\u00e9veloppe un outil d\u2019intelligence artificielle capable de d\u00e9tecter pr\u00e9cocement des troubles vocaux et psychiatriques \u00e0 partir de l\u2019analyse de la voix. Un diagnostic non invasif, rapide et accessible, encadr\u00e9 par le Dr J\u00e9r\u00f4me R. Lechien et le Dr Giovanni Briganti.<\/li>\n<li><strong>Francesca Luna Vargas<\/strong> travaille sur la maladie r\u00e9nale chronique, un enjeu de sant\u00e9 publique dont la pr\u00e9valence augmente. Son projet vise \u00e0 mieux comprendre les facteurs de progression de la maladie (diab\u00e8te, hypertension, etc.), en lien avec le Laboratoire de Biochimie M\u00e9tabolique et Mol\u00e9culaire (Pr. Anne-\u00c9milie Decl\u00e8ves) et le service de N\u00e9phrologie d\u2019EpiCURA (Dr Fr\u00e9d\u00e9ric Debelle).<\/li>\n<\/ul>\n            \t<\/div>\n            <\/div>\n        <\/div>\n                <div class=\"accordion-inner\">\n            <div class=\"accordion-bellow\">\n                <button class=\"accordion-bellow-toggle scheme-background-hover\" data-target=\"#accordion-content-68b0422605c7d\">\n                    <span class=\"icon umons-icon-chevron-down\" aria-hidden=\"true\"><\/span> Comit\u00e9 de pilotage                <\/button>\n            <\/div>\n            <div id=\"accordion-content-68b0422605c7d\" class=\"accordion-content\">\n            \t<div class=\"inner editor-front\">\n            \t\t<p>Un comit\u00e9 de pilotage paritaire, compos\u00e9 de membres de l\u2019UMONS et d\u2019EpiCURA, veille \u00e0 la coordination, \u00e0 la vision strat\u00e9gique et \u00e0 l\u2019impact des actions. Il se r\u00e9unit au moins une fois par an pour valider les projets, d\u00e9finir les grandes orientations, et assurer un suivi rigoureux.<\/p>\n<ul>\n<li>Pr\u00e9sidente du Comit\u00e9 de Pilotage : Anne-Emilie Decl\u00e8ves<\/li>\n<li>Secr\u00e9taire du Comit\u00e9 de Pilotage : Marl\u00e8ne Genlain<\/li>\n<li>Membres du Comit\u00e9 de Pilotage :\n<ul>\n<li>Fran\u00e7ois Burhin<\/li>\n<li>Marl\u00e8ne Fr\u00e8rejean<\/li>\n<li>Alain Juvenois<\/li>\n<li>J\u00e9r\u00f4me Lechien<\/li>\n<li>Fr\u00e9d\u00e9ric Debelle<\/li>\n<li>Lahcen El Hiki<\/li>\n<li>Marjorie Olivier<\/li>\n<li>Sa\u00efd Mahmoudi<\/li>\n<\/ul>\n<\/li>\n<\/ul>\n            \t<\/div>\n            <\/div>\n        <\/div>\n                <div class=\"accordion-inner\">\n            <div class=\"accordion-bellow\">\n                <button class=\"accordion-bellow-toggle scheme-background-hover\" data-target=\"#accordion-content-68b0422605fcc\">\n                    <span class=\"icon umons-icon-chevron-down\" aria-hidden=\"true\"><\/span> \u00c9v\u00e9nements, annonces                <\/button>\n            <\/div>\n            <div id=\"accordion-content-68b0422605fcc\" class=\"accordion-content\">\n            \t<div class=\"inner editor-front\">\n            \t\t<ul>\n<li>Lancement officiel de la Chaire UMONS-EpiCURA : <a href=\"https:\/\/web.umons.ac.be\/fr\/lumons-et-epicura-lancent-la-chaire-innovation-sante\/\" target=\"_blank\" rel=\"noopener\">consultez ici\u00a0<\/a><\/li>\n<li>Annonce th\u00e8se Francesca Luna Vargas : <a href=\"https:\/\/www.linkedin.com\/posts\/centre-hospitalier-epicura_nouvelle-th\u00e8se-de-doctorat-umonsepicura-activity-7082614157400793088-EwEB?utm_source=share&amp;utm_medium=member_desktop&amp;rcm=ACoAAAwfBGwBcPeJom6Ptgrks6HRL-gH3Wf5PC4\" target=\"_blank\" rel=\"noopener\">consultez ici<\/a><\/li>\n<li>Annonce th\u00e8ses Olivia Rasson et Samantha Mairesse : <a href=\"https:\/\/web.umons.ac.be\/sante\/fr\/2025\/06\/02\/lumons-et-epicura-intensifient-leur-partenariat-avec-2-nouvelles-theses-de-doctorat-cofinancees\/\" target=\"_blank\" rel=\"noopener\">consultez ici<\/a><\/li>\n<li>Compte-rendu de l&rsquo;inauguration du cycle de conf\u00e9rences, 4 juin 2025 : <a href=\"https:\/\/web.umons.ac.be\/sante\/fr\/2025\/06\/04\/umons-epicura-une-alliance-au-service-des-patients-et-de-la-medecine-de-demain\" target=\"_blank\" rel=\"noopener\">consultez ici<\/a><\/li>\n<\/ul>\n<p><em>Les prochains \u00e9v\u00e8nement seront annonc\u00e9s via cette section<\/em>.<\/p>\n            \t<\/div>\n            <\/div>\n        <\/div>\n                <div class=\"accordion-inner\">\n            <div class=\"accordion-bellow\">\n                <button class=\"accordion-bellow-toggle scheme-background-hover\" data-target=\"#accordion-content-68b04226062f4\">\n                    <span class=\"icon umons-icon-chevron-down\" aria-hidden=\"true\"><\/span> Ressources                <\/button>\n            <\/div>\n            <div id=\"accordion-content-68b04226062f4\" class=\"accordion-content\">\n            \t<div class=\"inner editor-front\">\n            \t\t<ul>\n<li>3 juin 2025 :<a href=\"https:\/\/www.youtube.com\/watch?v=sq6v5n4lfc4\" target=\"_blank\" rel=\"noopener\"> retransmission de la premi\u00e8re conf\u00e9rence UMONS-EpiCURA sur l&rsquo;intelligence artificielle dans le domaine de la sant\u00e9<\/a><\/li>\n<li>2024 (archive) : lancement de l&rsquo;appel pour une th\u00e8se cofinanc\u00e9e UMONS EpiCURA (<a href=\"https:\/\/www.youtube.com\/watch?v=soF86w44750\" target=\"_blank\" rel=\"noopener\">vid\u00e9o<\/a>)<\/li>\n<\/ul>\n            \t<\/div>\n            <\/div>\n        <\/div>\n            <\/div>\n<end-cask-shortcode-wrapper>\n<h5>Une dynamique structur\u00e9e, ancr\u00e9e dans la dur\u00e9e<\/h5>\n<p>Port\u00e9e par un engagement r\u00e9ciproque entre l\u2019UMONS et EpiCURA, la Chaire en Innovation Sant\u00e9 s\u2019inscrit dans une vision \u00e0 long terme, fond\u00e9e sur des projets concrets, une gouvernance partag\u00e9e et une volont\u00e9 commune de faire progresser les connaissances, les pratiques et les parcours de soin.<\/p>\n<h6>Contacts UMONS<\/h6>\n<ul>\n<li>Pr Anne-\u00c9milie Decl\u00e8ves &#8211; Pr\u00e9sidente de l\u2019Institut de Recherche en Sciences et Technologies de la Sant\u00e9<br \/>\n<a href=\"mailto:anne-emilie.decleves@umons.ac.be\">anne-emilie.decleves@umons.ac.be<\/a><\/li>\n<li>Marl\u00e8ne Genlain &#8211; Conseill\u00e8re scientifique \u2013 Administration de la Valorisation de la Recherche (AVRE)<br \/>\n<a href=\"mailto:marlene.genlain@umons.ac.be\">marlene.genlain@umons.ac.be<\/a><\/li>\n<\/ul>\n<h6>Contact EpiCURA<\/h6>\n<ul>\n<li>Marl\u00e8ne Fr\u00e8rejean, Conseill\u00e8re d\u00e9veloppement strat\u00e9gique, recherche et innovation &#8211;\u00a0<a title=\"mailto:marlene.frerejean@epicura.be\" href=\"mailto:marlene.frerejean@epicura.be\" data-outlook-id=\"fc339010-046c-4378-9c4e-b06b7679b558\">marlene.frerejean@epicura.be<\/a><\/li>\n<\/ul>\n","protected":false},"excerpt":{"rendered":"<p>Une alliance ancr\u00e9e dans le r\u00e9el, tourn\u00e9e vers l\u2019avenir Lanc\u00e9e en 2024, la Chaire en Innovation Sant\u00e9 est n\u00e9e d\u2019un partenariat fort entre l&rsquo;UMONS et le Centre Hospitalier EpiCURA. Elle incarne une volont\u00e9 commune : faire dialoguer la recherche universitaire et les r\u00e9alit\u00e9s de terrain pour r\u00e9pondre aux d\u00e9fis de sant\u00e9 d\u2019aujourd\u2019hui et de demain. [&hellip;]<\/p>\n","protected":false},"author":209,"featured_media":1143,"parent":78,"menu_order":1,"comment_status":"closed","ping_status":"closed","template":"","meta":{"footnotes":""},"class_list":["post-1133","page","type-page","status-publish","has-post-thumbnail","hentry"],"yoast_head":"<!-- This site is optimized with the Yoast SEO plugin v27.2 - https:\/\/yoast.com\/product\/yoast-seo-wordpress\/ -->\n<title>Chaire Innovation Sant\u00e9 - EpiCURA &amp; UMONS - Institut \/ Sant\u00e9<\/title>\n<meta name=\"robots\" content=\"index, follow, max-snippet:-1, max-image-preview:large, max-video-preview:-1\" \/>\n<link rel=\"canonical\" href=\"https:\/\/web.umons.ac.be\/sante\/fr\/partenaires\/chaire-innovation-sante-epicura-umons\/\" \/>\n<meta property=\"og:locale\" content=\"fr_FR\" \/>\n<meta property=\"og:type\" content=\"article\" \/>\n<meta property=\"og:title\" content=\"Chaire Innovation Sant\u00e9 - EpiCURA &amp; UMONS - Institut \/ Sant\u00e9\" \/>\n<meta property=\"og:description\" content=\"Une alliance ancr\u00e9e dans le r\u00e9el, tourn\u00e9e vers l\u2019avenir Lanc\u00e9e en 2024, la Chaire en Innovation Sant\u00e9 est n\u00e9e d\u2019un partenariat fort entre l&rsquo;UMONS et le Centre Hospitalier EpiCURA. Elle incarne une volont\u00e9 commune : faire dialoguer la recherche universitaire et les r\u00e9alit\u00e9s de terrain pour r\u00e9pondre aux d\u00e9fis de sant\u00e9 d\u2019aujourd\u2019hui et de demain. [&hellip;]\" \/>\n<meta property=\"og:url\" content=\"https:\/\/web.umons.ac.be\/sante\/fr\/partenaires\/chaire-innovation-sante-epicura-umons\/\" \/>\n<meta property=\"og:site_name\" content=\"Institut \/ Sant\u00e9\" \/>\n<meta property=\"article:modified_time\" content=\"2025-11-14T08:26:50+00:00\" \/>\n<meta property=\"og:image\" content=\"https:\/\/web.umons.ac.be\/app\/uploads\/sites\/35\/2025\/07\/UMONS-EPICURA-web.png\" \/>\n\t<meta property=\"og:image:width\" content=\"1472\" \/>\n\t<meta property=\"og:image:height\" content=\"778\" \/>\n\t<meta property=\"og:image:type\" content=\"image\/png\" \/>\n<meta name=\"twitter:card\" content=\"summary_large_image\" \/>\n<meta name=\"twitter:label1\" content=\"Dur\u00e9e de lecture estim\u00e9e\" \/>\n\t<meta name=\"twitter:data1\" content=\"2 minutes\" \/>\n<script type=\"application\/ld+json\" class=\"yoast-schema-graph\">{\"@context\":\"https:\/\/schema.org\",\"@graph\":[{\"@type\":\"WebPage\",\"@id\":\"https:\/\/web.umons.ac.be\/sante\/fr\/partenaires\/chaire-innovation-sante-epicura-umons\/\",\"url\":\"https:\/\/web.umons.ac.be\/sante\/fr\/partenaires\/chaire-innovation-sante-epicura-umons\/\",\"name\":\"Chaire Innovation Sant\u00e9 - EpiCURA & UMONS - Institut \/ Sant\u00e9\",\"isPartOf\":{\"@id\":\"https:\/\/web.umons.ac.be\/sante\/#website\"},\"primaryImageOfPage\":{\"@id\":\"https:\/\/web.umons.ac.be\/sante\/fr\/partenaires\/chaire-innovation-sante-epicura-umons\/#primaryimage\"},\"image\":{\"@id\":\"https:\/\/web.umons.ac.be\/sante\/fr\/partenaires\/chaire-innovation-sante-epicura-umons\/#primaryimage\"},\"thumbnailUrl\":\"https:\/\/web.umons.ac.be\/app\/uploads\/sites\/35\/2025\/07\/UMONS-EPICURA-web.png\",\"datePublished\":\"2025-07-25T13:50:10+00:00\",\"dateModified\":\"2025-11-14T08:26:50+00:00\",\"breadcrumb\":{\"@id\":\"https:\/\/web.umons.ac.be\/sante\/fr\/partenaires\/chaire-innovation-sante-epicura-umons\/#breadcrumb\"},\"inLanguage\":\"fr-FR\",\"potentialAction\":[{\"@type\":\"ReadAction\",\"target\":[\"https:\/\/web.umons.ac.be\/sante\/fr\/partenaires\/chaire-innovation-sante-epicura-umons\/\"]}]},{\"@type\":\"ImageObject\",\"inLanguage\":\"fr-FR\",\"@id\":\"https:\/\/web.umons.ac.be\/sante\/fr\/partenaires\/chaire-innovation-sante-epicura-umons\/#primaryimage\",\"url\":\"https:\/\/web.umons.ac.be\/app\/uploads\/sites\/35\/2025\/07\/UMONS-EPICURA-web.png\",\"contentUrl\":\"https:\/\/web.umons.ac.be\/app\/uploads\/sites\/35\/2025\/07\/UMONS-EPICURA-web.png\",\"width\":1472,\"height\":778},{\"@type\":\"BreadcrumbList\",\"@id\":\"https:\/\/web.umons.ac.be\/sante\/fr\/partenaires\/chaire-innovation-sante-epicura-umons\/#breadcrumb\",\"itemListElement\":[{\"@type\":\"ListItem\",\"position\":1,\"name\":\"Accueil\",\"item\":\"https:\/\/web.umons.ac.be\/sante\/fr\/\"},{\"@type\":\"ListItem\",\"position\":2,\"name\":\"Partenaires\",\"item\":\"https:\/\/web.umons.ac.be\/sante\/fr\/partenaires\/\"},{\"@type\":\"ListItem\",\"position\":3,\"name\":\"Chaire Innovation Sant\u00e9 &#8211; EpiCURA &#038; UMONS\"}]},{\"@type\":\"WebSite\",\"@id\":\"https:\/\/web.umons.ac.be\/sante\/#website\",\"url\":\"https:\/\/web.umons.ac.be\/sante\/\",\"name\":\"Institut \/ Sant\u00e9\",\"description\":\"Un site utilisant Universit\u00e9 de Mons \u2013 UMONS\",\"potentialAction\":[{\"@type\":\"SearchAction\",\"target\":{\"@type\":\"EntryPoint\",\"urlTemplate\":\"https:\/\/web.umons.ac.be\/sante\/?s={search_term_string}\"},\"query-input\":{\"@type\":\"PropertyValueSpecification\",\"valueRequired\":true,\"valueName\":\"search_term_string\"}}],\"inLanguage\":\"fr-FR\"}]}<\/script>\n<!-- \/ Yoast SEO plugin. -->","yoast_head_json":{"title":"Chaire Innovation Sant\u00e9 - EpiCURA & UMONS - Institut \/ Sant\u00e9","robots":{"index":"index","follow":"follow","max-snippet":"max-snippet:-1","max-image-preview":"max-image-preview:large","max-video-preview":"max-video-preview:-1"},"canonical":"https:\/\/web.umons.ac.be\/sante\/fr\/partenaires\/chaire-innovation-sante-epicura-umons\/","og_locale":"fr_FR","og_type":"article","og_title":"Chaire Innovation Sant\u00e9 - EpiCURA & UMONS - Institut \/ Sant\u00e9","og_description":"Une alliance ancr\u00e9e dans le r\u00e9el, tourn\u00e9e vers l\u2019avenir Lanc\u00e9e en 2024, la Chaire en Innovation Sant\u00e9 est n\u00e9e d\u2019un partenariat fort entre l&rsquo;UMONS et le Centre Hospitalier EpiCURA. Elle incarne une volont\u00e9 commune : faire dialoguer la recherche universitaire et les r\u00e9alit\u00e9s de terrain pour r\u00e9pondre aux d\u00e9fis de sant\u00e9 d\u2019aujourd\u2019hui et de demain. [&hellip;]","og_url":"https:\/\/web.umons.ac.be\/sante\/fr\/partenaires\/chaire-innovation-sante-epicura-umons\/","og_site_name":"Institut \/ Sant\u00e9","article_modified_time":"2025-11-14T08:26:50+00:00","og_image":[{"width":1472,"height":778,"url":"https:\/\/web.umons.ac.be\/app\/uploads\/sites\/35\/2025\/07\/UMONS-EPICURA-web.png","type":"image\/png"}],"twitter_card":"summary_large_image","twitter_misc":{"Dur\u00e9e de lecture estim\u00e9e":"2 minutes"},"schema":{"@context":"https:\/\/schema.org","@graph":[{"@type":"WebPage","@id":"https:\/\/web.umons.ac.be\/sante\/fr\/partenaires\/chaire-innovation-sante-epicura-umons\/","url":"https:\/\/web.umons.ac.be\/sante\/fr\/partenaires\/chaire-innovation-sante-epicura-umons\/","name":"Chaire Innovation Sant\u00e9 - EpiCURA & UMONS - Institut \/ Sant\u00e9","isPartOf":{"@id":"https:\/\/web.umons.ac.be\/sante\/#website"},"primaryImageOfPage":{"@id":"https:\/\/web.umons.ac.be\/sante\/fr\/partenaires\/chaire-innovation-sante-epicura-umons\/#primaryimage"},"image":{"@id":"https:\/\/web.umons.ac.be\/sante\/fr\/partenaires\/chaire-innovation-sante-epicura-umons\/#primaryimage"},"thumbnailUrl":"https:\/\/web.umons.ac.be\/app\/uploads\/sites\/35\/2025\/07\/UMONS-EPICURA-web.png","datePublished":"2025-07-25T13:50:10+00:00","dateModified":"2025-11-14T08:26:50+00:00","breadcrumb":{"@id":"https:\/\/web.umons.ac.be\/sante\/fr\/partenaires\/chaire-innovation-sante-epicura-umons\/#breadcrumb"},"inLanguage":"fr-FR","potentialAction":[{"@type":"ReadAction","target":["https:\/\/web.umons.ac.be\/sante\/fr\/partenaires\/chaire-innovation-sante-epicura-umons\/"]}]},{"@type":"ImageObject","inLanguage":"fr-FR","@id":"https:\/\/web.umons.ac.be\/sante\/fr\/partenaires\/chaire-innovation-sante-epicura-umons\/#primaryimage","url":"https:\/\/web.umons.ac.be\/app\/uploads\/sites\/35\/2025\/07\/UMONS-EPICURA-web.png","contentUrl":"https:\/\/web.umons.ac.be\/app\/uploads\/sites\/35\/2025\/07\/UMONS-EPICURA-web.png","width":1472,"height":778},{"@type":"BreadcrumbList","@id":"https:\/\/web.umons.ac.be\/sante\/fr\/partenaires\/chaire-innovation-sante-epicura-umons\/#breadcrumb","itemListElement":[{"@type":"ListItem","position":1,"name":"Accueil","item":"https:\/\/web.umons.ac.be\/sante\/fr\/"},{"@type":"ListItem","position":2,"name":"Partenaires","item":"https:\/\/web.umons.ac.be\/sante\/fr\/partenaires\/"},{"@type":"ListItem","position":3,"name":"Chaire Innovation Sant\u00e9 &#8211; EpiCURA &#038; UMONS"}]},{"@type":"WebSite","@id":"https:\/\/web.umons.ac.be\/sante\/#website","url":"https:\/\/web.umons.ac.be\/sante\/","name":"Institut \/ Sant\u00e9","description":"Un site utilisant Universit\u00e9 de Mons \u2013 UMONS","potentialAction":[{"@type":"SearchAction","target":{"@type":"EntryPoint","urlTemplate":"https:\/\/web.umons.ac.be\/sante\/?s={search_term_string}"},"query-input":{"@type":"PropertyValueSpecification","valueRequired":true,"valueName":"search_term_string"}}],"inLanguage":"fr-FR"}]}},"lang":"fr","translations":{"fr":1133},"pll_sync_post":[],"_links":{"self":[{"href":"https:\/\/web.umons.ac.be\/sante\/wp-json\/wp\/v2\/pages\/1133","targetHints":{"allow":["GET"]}}],"collection":[{"href":"https:\/\/web.umons.ac.be\/sante\/wp-json\/wp\/v2\/pages"}],"about":[{"href":"https:\/\/web.umons.ac.be\/sante\/wp-json\/wp\/v2\/types\/page"}],"author":[{"embeddable":true,"href":"https:\/\/web.umons.ac.be\/sante\/wp-json\/wp\/v2\/users\/209"}],"replies":[{"embeddable":true,"href":"https:\/\/web.umons.ac.be\/sante\/wp-json\/wp\/v2\/comments?post=1133"}],"version-history":[{"count":3,"href":"https:\/\/web.umons.ac.be\/sante\/wp-json\/wp\/v2\/pages\/1133\/revisions"}],"predecessor-version":[{"id":1146,"href":"https:\/\/web.umons.ac.be\/sante\/wp-json\/wp\/v2\/pages\/1133\/revisions\/1146"}],"up":[{"embeddable":true,"href":"https:\/\/web.umons.ac.be\/sante\/wp-json\/wp\/v2\/pages\/78"}],"wp:featuredmedia":[{"embeddable":true,"href":"https:\/\/web.umons.ac.be\/sante\/wp-json\/wp\/v2\/media\/1143"}],"wp:attachment":[{"href":"https:\/\/web.umons.ac.be\/sante\/wp-json\/wp\/v2\/media?parent=1133"}],"curies":[{"name":"wp","href":"https:\/\/api.w.org\/{rel}","templated":true}]}}