{"id":216,"date":"2017-11-10T16:48:14","date_gmt":"2017-11-10T15:48:14","guid":{"rendered":"https:\/\/web.umons.ac.be\/sante\/?page_id=216"},"modified":"2020-02-12T15:02:21","modified_gmt":"2020-02-12T14:02:21","slug":"expertises-et-thematiques","status":"publish","type":"page","link":"https:\/\/web.umons.ac.be\/sante\/en\/expertises-et-thematiques\/","title":{"rendered":"Expertise and research topics"},"content":{"rendered":"<ul>\n<li>\n<h5><strong>Integrative Biomedicine :<\/strong><\/h5>\n<p>the objective here is to have a better understanding of the exchange between tissues and organs and how this orchestrates the general functioning of an organism in pathological and non-pathological contexts.<\/li>\n<li>\n<h5><strong>Research and Development of Biomarkers and Medicines :<\/strong><\/h5>\n<p>this multidisciplinary research area aims to identify biomarkers of pathology and toxicity, develop tracers for diagnostic and monitoring purposes, and design medicines for curative treatments.<\/li>\n<li>\n<h5><strong>Mind and Health : <\/strong><\/h5>\n<p>this theme focuses on bilateral relations between the human brain\/mind and health. It also analyses the impact of changes in health on psychism and cognition and examines the consequences that events and processes have on mental health.<\/li>\n<\/ul>\n","protected":false},"excerpt":{"rendered":"<p>Integrative Biomedicine : the objective here is to have a better understanding of the exchange between tissues and organs and how this orchestrates the general functioning of an organism in pathological and non-pathological contexts. Research and Development of Biomarkers and Medicines : this multidisciplinary research area aims to identify biomarkers of pathology and toxicity, develop [&hellip;]<\/p>\n","protected":false},"author":2,"featured_media":0,"parent":0,"menu_order":1,"comment_status":"closed","ping_status":"closed","template":"","meta":{"footnotes":""},"class_list":["post-216","page","type-page","status-publish","hentry"],"yoast_head":"<!-- This site is optimized with the Yoast SEO plugin v27.2 - https:\/\/yoast.com\/product\/yoast-seo-wordpress\/ -->\n<title>Expertise and research topics - Institut \/ Sant\u00e9<\/title>\n<meta name=\"robots\" content=\"index, follow, max-snippet:-1, max-image-preview:large, max-video-preview:-1\" \/>\n<link rel=\"canonical\" href=\"https:\/\/web.umons.ac.be\/sante\/en\/expertises-et-thematiques\/\" \/>\n<meta property=\"og:locale\" content=\"fr_FR\" \/>\n<meta property=\"og:type\" content=\"article\" \/>\n<meta property=\"og:title\" content=\"Expertise and research topics - Institut \/ Sant\u00e9\" \/>\n<meta property=\"og:description\" content=\"Integrative Biomedicine : the objective here is to have a better understanding of the exchange between tissues and organs and how this orchestrates the general functioning of an organism in pathological and non-pathological contexts. Research and Development of Biomarkers and Medicines : this multidisciplinary research area aims to identify biomarkers of pathology and toxicity, develop [&hellip;]\" \/>\n<meta property=\"og:url\" content=\"https:\/\/web.umons.ac.be\/sante\/en\/expertises-et-thematiques\/\" \/>\n<meta property=\"og:site_name\" content=\"Institut \/ Sant\u00e9\" \/>\n<meta property=\"article:modified_time\" content=\"2020-02-12T14:02:21+00:00\" \/>\n<meta name=\"twitter:card\" content=\"summary_large_image\" \/>\n<meta name=\"twitter:label1\" content=\"Dur\u00e9e de lecture estim\u00e9e\" \/>\n\t<meta name=\"twitter:data1\" content=\"1 minute\" \/>\n<script type=\"application\/ld+json\" class=\"yoast-schema-graph\">{\"@context\":\"https:\/\/schema.org\",\"@graph\":[{\"@type\":\"WebPage\",\"@id\":\"https:\/\/web.umons.ac.be\/sante\/en\/expertises-et-thematiques\/\",\"url\":\"https:\/\/web.umons.ac.be\/sante\/en\/expertises-et-thematiques\/\",\"name\":\"Expertise and research topics - Institut \/ Sant\u00e9\",\"isPartOf\":{\"@id\":\"https:\/\/web.umons.ac.be\/sante\/#website\"},\"datePublished\":\"2017-11-10T15:48:14+00:00\",\"dateModified\":\"2020-02-12T14:02:21+00:00\",\"breadcrumb\":{\"@id\":\"https:\/\/web.umons.ac.be\/sante\/en\/expertises-et-thematiques\/#breadcrumb\"},\"inLanguage\":\"fr-FR\",\"potentialAction\":[{\"@type\":\"ReadAction\",\"target\":[\"https:\/\/web.umons.ac.be\/sante\/en\/expertises-et-thematiques\/\"]}]},{\"@type\":\"BreadcrumbList\",\"@id\":\"https:\/\/web.umons.ac.be\/sante\/en\/expertises-et-thematiques\/#breadcrumb\",\"itemListElement\":[{\"@type\":\"ListItem\",\"position\":1,\"name\":\"Accueil\",\"item\":\"https:\/\/web.umons.ac.be\/sante\/fr\/\"},{\"@type\":\"ListItem\",\"position\":2,\"name\":\"Expertise and research topics\"}]},{\"@type\":\"WebSite\",\"@id\":\"https:\/\/web.umons.ac.be\/sante\/#website\",\"url\":\"https:\/\/web.umons.ac.be\/sante\/\",\"name\":\"Institut \/ Sant\u00e9\",\"description\":\"Un site utilisant Universit\u00e9 de Mons \u2013 UMONS\",\"potentialAction\":[{\"@type\":\"SearchAction\",\"target\":{\"@type\":\"EntryPoint\",\"urlTemplate\":\"https:\/\/web.umons.ac.be\/sante\/?s={search_term_string}\"},\"query-input\":{\"@type\":\"PropertyValueSpecification\",\"valueRequired\":true,\"valueName\":\"search_term_string\"}}],\"inLanguage\":\"fr-FR\"}]}<\/script>\n<!-- \/ Yoast SEO plugin. -->","yoast_head_json":{"title":"Expertise and research topics - Institut \/ Sant\u00e9","robots":{"index":"index","follow":"follow","max-snippet":"max-snippet:-1","max-image-preview":"max-image-preview:large","max-video-preview":"max-video-preview:-1"},"canonical":"https:\/\/web.umons.ac.be\/sante\/en\/expertises-et-thematiques\/","og_locale":"fr_FR","og_type":"article","og_title":"Expertise and research topics - Institut \/ Sant\u00e9","og_description":"Integrative Biomedicine : the objective here is to have a better understanding of the exchange between tissues and organs and how this orchestrates the general functioning of an organism in pathological and non-pathological contexts. Research and Development of Biomarkers and Medicines : this multidisciplinary research area aims to identify biomarkers of pathology and toxicity, develop [&hellip;]","og_url":"https:\/\/web.umons.ac.be\/sante\/en\/expertises-et-thematiques\/","og_site_name":"Institut \/ Sant\u00e9","article_modified_time":"2020-02-12T14:02:21+00:00","twitter_card":"summary_large_image","twitter_misc":{"Dur\u00e9e de lecture estim\u00e9e":"1 minute"},"schema":{"@context":"https:\/\/schema.org","@graph":[{"@type":"WebPage","@id":"https:\/\/web.umons.ac.be\/sante\/en\/expertises-et-thematiques\/","url":"https:\/\/web.umons.ac.be\/sante\/en\/expertises-et-thematiques\/","name":"Expertise and research topics - Institut \/ Sant\u00e9","isPartOf":{"@id":"https:\/\/web.umons.ac.be\/sante\/#website"},"datePublished":"2017-11-10T15:48:14+00:00","dateModified":"2020-02-12T14:02:21+00:00","breadcrumb":{"@id":"https:\/\/web.umons.ac.be\/sante\/en\/expertises-et-thematiques\/#breadcrumb"},"inLanguage":"fr-FR","potentialAction":[{"@type":"ReadAction","target":["https:\/\/web.umons.ac.be\/sante\/en\/expertises-et-thematiques\/"]}]},{"@type":"BreadcrumbList","@id":"https:\/\/web.umons.ac.be\/sante\/en\/expertises-et-thematiques\/#breadcrumb","itemListElement":[{"@type":"ListItem","position":1,"name":"Accueil","item":"https:\/\/web.umons.ac.be\/sante\/fr\/"},{"@type":"ListItem","position":2,"name":"Expertise and research topics"}]},{"@type":"WebSite","@id":"https:\/\/web.umons.ac.be\/sante\/#website","url":"https:\/\/web.umons.ac.be\/sante\/","name":"Institut \/ Sant\u00e9","description":"Un site utilisant Universit\u00e9 de Mons \u2013 UMONS","potentialAction":[{"@type":"SearchAction","target":{"@type":"EntryPoint","urlTemplate":"https:\/\/web.umons.ac.be\/sante\/?s={search_term_string}"},"query-input":{"@type":"PropertyValueSpecification","valueRequired":true,"valueName":"search_term_string"}}],"inLanguage":"fr-FR"}]}},"lang":"en","translations":{"en":216,"fr":25},"pll_sync_post":[],"_links":{"self":[{"href":"https:\/\/web.umons.ac.be\/sante\/wp-json\/wp\/v2\/pages\/216","targetHints":{"allow":["GET"]}}],"collection":[{"href":"https:\/\/web.umons.ac.be\/sante\/wp-json\/wp\/v2\/pages"}],"about":[{"href":"https:\/\/web.umons.ac.be\/sante\/wp-json\/wp\/v2\/types\/page"}],"author":[{"embeddable":true,"href":"https:\/\/web.umons.ac.be\/sante\/wp-json\/wp\/v2\/users\/2"}],"replies":[{"embeddable":true,"href":"https:\/\/web.umons.ac.be\/sante\/wp-json\/wp\/v2\/comments?post=216"}],"version-history":[{"count":4,"href":"https:\/\/web.umons.ac.be\/sante\/wp-json\/wp\/v2\/pages\/216\/revisions"}],"predecessor-version":[{"id":398,"href":"https:\/\/web.umons.ac.be\/sante\/wp-json\/wp\/v2\/pages\/216\/revisions\/398"}],"wp:attachment":[{"href":"https:\/\/web.umons.ac.be\/sante\/wp-json\/wp\/v2\/media?parent=216"}],"curies":[{"name":"wp","href":"https:\/\/api.w.org\/{rel}","templated":true}]}}