{"id":221,"date":"2017-11-10T16:49:59","date_gmt":"2017-11-10T15:49:59","guid":{"rendered":"https:\/\/web.umons.ac.be\/sante\/?page_id=221"},"modified":"2021-10-06T15:22:41","modified_gmt":"2021-10-06T13:22:41","slug":"projets-phares","status":"publish","type":"page","link":"https:\/\/web.umons.ac.be\/sante\/en\/projets-phares\/","title":{"rendered":"Flagship Projects"},"content":{"rendered":"<p>The Institute essentially develops its activities through collaborative research projects.<\/p>\n<p>These projects:<\/p>\n<ul>\n<li>Are based on interdisciplinarity<\/li>\n<li>Prioritise collaborative research and co-development<\/li>\n<li>Rely on partnerships with all sectors of society (industries, services, research centres, governmental institutions, etc.)<\/li>\n<li>Bring together provincial, regional, federal, European and international partners.<\/li>\n<\/ul>\n<p>The Institute is active in setting up research projects, with its partners, which respond to the emerging problems linked to the Institute\u2019s field.<\/p>\n<p>Below you can find a list of some key projects, which highlight some of the issues our researchers tackle.<\/p>\n<start-cask-shortcode-wrapper>    <div class=\"accordion content-block scheme-sante\">\n                <div class=\"accordion-inner\">\n            <div class=\"accordion-bellow\">\n                <button class=\"accordion-bellow-toggle scheme-background-hover\" data-target=\"#accordion-content-615da1ed5de38\">\n                    <span class=\"icon umons-icon-chevron-down\" aria-hidden=\"true\"><\/span> NANOCARDIO (UE RW\/Interreg)                <\/button>\n            <\/div>\n            <div id=\"accordion-content-615da1ed5de38\" class=\"accordion-content\">\n            \t<div class=\"inner editor-front\">\n            \t\t<p>Development of\u00a0<strong>nanoparticles for the early detection and analysis of atheroma through MRI and optical imaging<\/strong>\u00a0(non-invasive method, not using ionising radiation, with excellent resolution).<\/p>\n            \t<\/div>\n            <\/div>\n        <\/div>\n                <div class=\"accordion-inner\">\n            <div class=\"accordion-bellow\">\n                <button class=\"accordion-bellow-toggle scheme-background-hover\" data-target=\"#accordion-content-615da1fec95f5\">\n                    <span class=\"icon umons-icon-chevron-down\" aria-hidden=\"true\"><\/span> PROSTEM (RW)                <\/button>\n            <\/div>\n            <div id=\"accordion-content-615da1fec95f5\" class=\"accordion-content\">\n            \t<div class=\"inner editor-front\">\n            \t\t<p>In collaboration with the Biosciences Institute, this project focuses on the development of\u00a0<strong>new biomaterials<\/strong>\u00a0to reduce the cost, and increase the efficiency, of\u00a0<strong>cell therapies<\/strong>\u00a0using\u00a0<strong>stem cells<\/strong>\u00a0in order to make them more accessible to patients.<\/p>\n            \t<\/div>\n            <\/div>\n        <\/div>\n                <div class=\"accordion-inner\">\n            <div class=\"accordion-bellow\">\n                <button class=\"accordion-bellow-toggle scheme-background-hover\" data-target=\"#accordion-content-615da20ba2d4e\">\n                    <span class=\"icon umons-icon-chevron-down\" aria-hidden=\"true\"><\/span> PROTHER-WAL (RW)                <\/button>\n            <\/div>\n            <div id=\"accordion-content-615da20ba2d4e\" class=\"accordion-content\">\n            \t<div class=\"inner editor-front\">\n            \t\t<h2>PROton THErapy Research in WALlonia.<\/h2>\n<p>Implementation of a proton therapy platform in Wallonia, which aims to be an internationally renowned inter-university research centre, a successful health centre, a training centre and a centre for technological and industrial developments.<\/p>\n            \t<\/div>\n            <\/div>\n        <\/div>\n                <div class=\"accordion-inner\">\n            <div class=\"accordion-bellow\">\n                <button class=\"accordion-bellow-toggle scheme-background-hover\" data-target=\"#accordion-content-615da2233562f\">\n                    <span class=\"icon umons-icon-chevron-down\" aria-hidden=\"true\"><\/span> TEXTOS (UE RW\/Interreg)                <\/button>\n            <\/div>\n            <div id=\"accordion-content-615da2233562f\" class=\"accordion-content\">\n            \t<div class=\"inner editor-front\">\n            \t\t<p>The aim of this project is to\u00a0<strong>design woven supports (using 3D weaving techniques) for bone regeneration<\/strong>\u00a0using polyester yarns and supplemented with bioceramics and coated with chitosan.<\/p>\n            \t<\/div>\n            <\/div>\n        <\/div>\n                <div class=\"accordion-inner\">\n            <div class=\"accordion-bellow\">\n                <button class=\"accordion-bellow-toggle scheme-background-hover\" data-target=\"#accordion-content-615da2373bd93\">\n                    <span class=\"icon umons-icon-chevron-down\" aria-hidden=\"true\"><\/span> VIVOIMAG (UE\/H2020)                <\/button>\n            <\/div>\n            <div id=\"accordion-content-615da2373bd93\" class=\"accordion-content\">\n            \t<div class=\"inner editor-front\">\n            \t\t<p>The aim of this project is to prepare bone scaffolds integrating a magnetically functionalised extracellular matrix material (MFEM) that can be used to follow the implanted material\u00a0<em>in vivo<\/em>\u00a0using non-invasive magnetic resonance imaging techniques.<\/p>\n            \t<\/div>\n            <\/div>\n        <\/div>\n                <div class=\"accordion-inner\">\n            <div class=\"accordion-bellow\">\n                <button class=\"accordion-bellow-toggle scheme-background-hover\" data-target=\"#accordion-content-615da252a15d2\">\n                    <span class=\"icon umons-icon-chevron-down\" aria-hidden=\"true\"><\/span> I SAID (UE RW\/Interreg)                <\/button>\n            <\/div>\n            <div id=\"accordion-content-615da252a15d2\" class=\"accordion-content\">\n            \t<div class=\"inner editor-front\">\n            \t\t<p>The objective of the project is to develop\u00a0<strong>support<\/strong>\u00a0methods for\u00a0<strong>people with mental disabilities<\/strong>\u00a0via a cross-border partnership platform to support social and professional life.<\/p>\n            \t<\/div>\n            <\/div>\n        <\/div>\n                <div class=\"accordion-inner\">\n            <div class=\"accordion-bellow\">\n                <button class=\"accordion-bellow-toggle scheme-background-hover\" data-target=\"#accordion-content-615da2710b2bd\">\n                    <span class=\"icon umons-icon-chevron-down\" aria-hidden=\"true\"><\/span> Dys-moi pour l\u2019Emploi (UE)                <\/button>\n            <\/div>\n            <div id=\"accordion-content-615da2710b2bd\" class=\"accordion-content\">\n            \t<div class=\"inner editor-front\">\n            \t\t<p>This project aims to promote the transition to employment for youths in Hainaut (16-25 years) who have specific learning disabilities, encouraging their social and professional integration by offering new methods of support. It is part of a Research-Action-Training initiative.<\/p>\n            \t<\/div>\n            <\/div>\n        <\/div>\n                <div class=\"accordion-inner\">\n            <div class=\"accordion-bellow\">\n                <button class=\"accordion-bellow-toggle scheme-background-hover\" data-target=\"#accordion-content-615da2906c352\">\n                    <span class=\"icon umons-icon-chevron-down\" aria-hidden=\"true\"><\/span> DIABIOMAL (ARES CCD)                <\/button>\n            <\/div>\n            <div id=\"accordion-content-615da2906c352\" class=\"accordion-content\">\n            \t<div class=\"inner editor-front\">\n            \t\t<p>This project aims to implement a robust, inexpensive method for the\u00a0<strong>diagnosis of malaria<\/strong>\u00a0which can be applied to the\u00a0<strong>bioguided search for new antimalarials<\/strong>.<\/p>\n            \t<\/div>\n            <\/div>\n        <\/div>\n                <div class=\"accordion-inner\">\n            <div class=\"accordion-bellow\">\n                <button class=\"accordion-bellow-toggle scheme-background-hover\" data-target=\"#accordion-content-615da29d230b7\">\n                    <span class=\"icon umons-icon-chevron-down\" aria-hidden=\"true\"><\/span> PHYTOKAT (ARES CCD)                <\/button>\n            <\/div>\n            <div id=\"accordion-content-615da29d230b7\" class=\"accordion-content\">\n            \t<div class=\"inner editor-front\">\n            \t\t<p>Identification of the conditions for the\u00a0<strong>integration of traditional medicine into modern health care<\/strong>.<\/p>\n            \t<\/div>\n            <\/div>\n        <\/div>\n                <div class=\"accordion-inner\">\n            <div class=\"accordion-bellow\">\n                <button class=\"accordion-bellow-toggle scheme-background-hover\" data-target=\"#accordion-content-615da2c3ec767\">\n                    <span class=\"icon umons-icon-chevron-down\" aria-hidden=\"true\"><\/span> NEUROKAT (ARES CCD)                <\/button>\n            <\/div>\n            <div id=\"accordion-content-615da2c3ec767\" class=\"accordion-content\">\n            \t<div class=\"inner editor-front\">\n            \t\t<p>Strengthening operational capacity and training in neuropsychiatry by\u00a0<strong>studying the neurotoxic effects of metals in the mining region of Katanga<\/strong>.<\/p>\n            \t<\/div>\n            <\/div>\n        <\/div>\n                <div class=\"accordion-inner\">\n            <div class=\"accordion-bellow\">\n                <button class=\"accordion-bellow-toggle scheme-background-hover\" data-target=\"#accordion-content-615da2e093d99\">\n                    <span class=\"icon umons-icon-chevron-down\" aria-hidden=\"true\"><\/span> BIOVOC (FWB\/ARC)                <\/button>\n            <\/div>\n            <div id=\"accordion-content-615da2e093d99\" class=\"accordion-content\">\n            \t<div class=\"inner editor-front\">\n            \t\t<p>Study of the\u00a0<strong>vocal and metabolic impacts<\/strong>\u00a0on the commands of a complex system of\u00a0<strong>situational variations likely to act on its state<\/strong>.<\/p>\n            \t<\/div>\n            <\/div>\n        <\/div>\n                <div class=\"accordion-inner\">\n            <div class=\"accordion-bellow\">\n                <button class=\"accordion-bellow-toggle scheme-background-hover\" data-target=\"#accordion-content-615da2fbb8447\">\n                    <span class=\"icon umons-icon-chevron-down\" aria-hidden=\"true\"><\/span> PARALPATHOS (FWB\/ARC)                <\/button>\n            <\/div>\n            <div id=\"accordion-content-615da2fbb8447\" class=\"accordion-content\">\n            \t<div class=\"inner editor-front\">\n            \t\t<p>Acoustic and auditory assessment of the speech signal of French speakers with\u00a0<strong>disabilities.<\/strong><\/p>\n            \t<\/div>\n            <\/div>\n        <\/div>\n                <div class=\"accordion-inner\">\n            <div class=\"accordion-bellow\">\n                <button class=\"accordion-bellow-toggle scheme-background-hover\" data-target=\"#accordion-content-615da30e272b6\">\n                    <span class=\"icon umons-icon-chevron-down\" aria-hidden=\"true\"><\/span> HOLOCANCER (RW\/Biowin)                <\/button>\n            <\/div>\n            <div id=\"accordion-content-615da30e272b6\" class=\"accordion-content\">\n            \t<div class=\"inner editor-front\">\n            \t\t<p>The aim of this project is to develop and validate a\u00a0<strong>new test for diagnosing cancer,<\/strong>\u00a0and more specifically cervical cancer. This test will be\u00a0<strong>based on the technology of digital holographic microscopy.<\/strong><\/p>\n            \t<\/div>\n            <\/div>\n        <\/div>\n            <\/div>\n<end-cask-shortcode-wrapper>\n","protected":false},"excerpt":{"rendered":"<p>The Institute essentially develops its activities through collaborative research projects. These projects: Are based on interdisciplinarity Prioritise collaborative research and co-development Rely on partnerships with all sectors of society (industries, services, research centres, governmental institutions, etc.) Bring together provincial, regional, federal, European and international partners. The Institute is active in setting up research projects, with [&hellip;]<\/p>\n","protected":false},"author":2,"featured_media":0,"parent":0,"menu_order":2,"comment_status":"closed","ping_status":"closed","template":"","meta":{"footnotes":""},"class_list":["post-221","page","type-page","status-publish","hentry"],"yoast_head":"<!-- This site is optimized with the Yoast SEO plugin v27.2 - https:\/\/yoast.com\/product\/yoast-seo-wordpress\/ -->\n<title>Flagship Projects - Institut \/ Sant\u00e9<\/title>\n<meta name=\"robots\" content=\"index, follow, max-snippet:-1, max-image-preview:large, max-video-preview:-1\" \/>\n<link rel=\"canonical\" href=\"https:\/\/web.umons.ac.be\/sante\/en\/projets-phares\/\" \/>\n<meta property=\"og:locale\" content=\"fr_FR\" \/>\n<meta property=\"og:type\" content=\"article\" \/>\n<meta property=\"og:title\" content=\"Flagship Projects - Institut \/ Sant\u00e9\" \/>\n<meta property=\"og:description\" content=\"The Institute essentially develops its activities through collaborative research projects. These projects: Are based on interdisciplinarity Prioritise collaborative research and co-development Rely on partnerships with all sectors of society (industries, services, research centres, governmental institutions, etc.) Bring together provincial, regional, federal, European and international partners. The Institute is active in setting up research projects, with [&hellip;]\" \/>\n<meta property=\"og:url\" content=\"https:\/\/web.umons.ac.be\/sante\/en\/projets-phares\/\" \/>\n<meta property=\"og:site_name\" content=\"Institut \/ Sant\u00e9\" \/>\n<meta property=\"article:modified_time\" content=\"2021-10-06T13:22:41+00:00\" \/>\n<meta name=\"twitter:card\" content=\"summary_large_image\" \/>\n<meta name=\"twitter:label1\" content=\"Dur\u00e9e de lecture estim\u00e9e\" \/>\n\t<meta name=\"twitter:data1\" content=\"1 minute\" \/>\n<script type=\"application\/ld+json\" class=\"yoast-schema-graph\">{\"@context\":\"https:\/\/schema.org\",\"@graph\":[{\"@type\":\"WebPage\",\"@id\":\"https:\/\/web.umons.ac.be\/sante\/en\/projets-phares\/\",\"url\":\"https:\/\/web.umons.ac.be\/sante\/en\/projets-phares\/\",\"name\":\"Flagship Projects - Institut \/ Sant\u00e9\",\"isPartOf\":{\"@id\":\"https:\/\/web.umons.ac.be\/sante\/#website\"},\"datePublished\":\"2017-11-10T15:49:59+00:00\",\"dateModified\":\"2021-10-06T13:22:41+00:00\",\"breadcrumb\":{\"@id\":\"https:\/\/web.umons.ac.be\/sante\/en\/projets-phares\/#breadcrumb\"},\"inLanguage\":\"fr-FR\",\"potentialAction\":[{\"@type\":\"ReadAction\",\"target\":[\"https:\/\/web.umons.ac.be\/sante\/en\/projets-phares\/\"]}]},{\"@type\":\"BreadcrumbList\",\"@id\":\"https:\/\/web.umons.ac.be\/sante\/en\/projets-phares\/#breadcrumb\",\"itemListElement\":[{\"@type\":\"ListItem\",\"position\":1,\"name\":\"Accueil\",\"item\":\"https:\/\/web.umons.ac.be\/sante\/fr\/\"},{\"@type\":\"ListItem\",\"position\":2,\"name\":\"Flagship Projects\"}]},{\"@type\":\"WebSite\",\"@id\":\"https:\/\/web.umons.ac.be\/sante\/#website\",\"url\":\"https:\/\/web.umons.ac.be\/sante\/\",\"name\":\"Institut \/ Sant\u00e9\",\"description\":\"Un site utilisant Universit\u00e9 de Mons \u2013 UMONS\",\"potentialAction\":[{\"@type\":\"SearchAction\",\"target\":{\"@type\":\"EntryPoint\",\"urlTemplate\":\"https:\/\/web.umons.ac.be\/sante\/?s={search_term_string}\"},\"query-input\":{\"@type\":\"PropertyValueSpecification\",\"valueRequired\":true,\"valueName\":\"search_term_string\"}}],\"inLanguage\":\"fr-FR\"}]}<\/script>\n<!-- \/ Yoast SEO plugin. -->","yoast_head_json":{"title":"Flagship Projects - Institut \/ Sant\u00e9","robots":{"index":"index","follow":"follow","max-snippet":"max-snippet:-1","max-image-preview":"max-image-preview:large","max-video-preview":"max-video-preview:-1"},"canonical":"https:\/\/web.umons.ac.be\/sante\/en\/projets-phares\/","og_locale":"fr_FR","og_type":"article","og_title":"Flagship Projects - Institut \/ Sant\u00e9","og_description":"The Institute essentially develops its activities through collaborative research projects. These projects: Are based on interdisciplinarity Prioritise collaborative research and co-development Rely on partnerships with all sectors of society (industries, services, research centres, governmental institutions, etc.) Bring together provincial, regional, federal, European and international partners. The Institute is active in setting up research projects, with [&hellip;]","og_url":"https:\/\/web.umons.ac.be\/sante\/en\/projets-phares\/","og_site_name":"Institut \/ Sant\u00e9","article_modified_time":"2021-10-06T13:22:41+00:00","twitter_card":"summary_large_image","twitter_misc":{"Dur\u00e9e de lecture estim\u00e9e":"1 minute"},"schema":{"@context":"https:\/\/schema.org","@graph":[{"@type":"WebPage","@id":"https:\/\/web.umons.ac.be\/sante\/en\/projets-phares\/","url":"https:\/\/web.umons.ac.be\/sante\/en\/projets-phares\/","name":"Flagship Projects - Institut \/ Sant\u00e9","isPartOf":{"@id":"https:\/\/web.umons.ac.be\/sante\/#website"},"datePublished":"2017-11-10T15:49:59+00:00","dateModified":"2021-10-06T13:22:41+00:00","breadcrumb":{"@id":"https:\/\/web.umons.ac.be\/sante\/en\/projets-phares\/#breadcrumb"},"inLanguage":"fr-FR","potentialAction":[{"@type":"ReadAction","target":["https:\/\/web.umons.ac.be\/sante\/en\/projets-phares\/"]}]},{"@type":"BreadcrumbList","@id":"https:\/\/web.umons.ac.be\/sante\/en\/projets-phares\/#breadcrumb","itemListElement":[{"@type":"ListItem","position":1,"name":"Accueil","item":"https:\/\/web.umons.ac.be\/sante\/fr\/"},{"@type":"ListItem","position":2,"name":"Flagship Projects"}]},{"@type":"WebSite","@id":"https:\/\/web.umons.ac.be\/sante\/#website","url":"https:\/\/web.umons.ac.be\/sante\/","name":"Institut \/ Sant\u00e9","description":"Un site utilisant Universit\u00e9 de Mons \u2013 UMONS","potentialAction":[{"@type":"SearchAction","target":{"@type":"EntryPoint","urlTemplate":"https:\/\/web.umons.ac.be\/sante\/?s={search_term_string}"},"query-input":{"@type":"PropertyValueSpecification","valueRequired":true,"valueName":"search_term_string"}}],"inLanguage":"fr-FR"}]}},"lang":"en","translations":{"en":221,"fr":28},"pll_sync_post":[],"_links":{"self":[{"href":"https:\/\/web.umons.ac.be\/sante\/wp-json\/wp\/v2\/pages\/221","targetHints":{"allow":["GET"]}}],"collection":[{"href":"https:\/\/web.umons.ac.be\/sante\/wp-json\/wp\/v2\/pages"}],"about":[{"href":"https:\/\/web.umons.ac.be\/sante\/wp-json\/wp\/v2\/types\/page"}],"author":[{"embeddable":true,"href":"https:\/\/web.umons.ac.be\/sante\/wp-json\/wp\/v2\/users\/2"}],"replies":[{"embeddable":true,"href":"https:\/\/web.umons.ac.be\/sante\/wp-json\/wp\/v2\/comments?post=221"}],"version-history":[{"count":4,"href":"https:\/\/web.umons.ac.be\/sante\/wp-json\/wp\/v2\/pages\/221\/revisions"}],"predecessor-version":[{"id":560,"href":"https:\/\/web.umons.ac.be\/sante\/wp-json\/wp\/v2\/pages\/221\/revisions\/560"}],"wp:attachment":[{"href":"https:\/\/web.umons.ac.be\/sante\/wp-json\/wp\/v2\/media?parent=221"}],"curies":[{"name":"wp","href":"https:\/\/api.w.org\/{rel}","templated":true}]}}