{"id":25,"date":"2017-07-20T17:34:41","date_gmt":"2017-07-20T15:34:41","guid":{"rendered":"https:\/\/web.umons.ac.be\/sante\/?page_id=25"},"modified":"2020-02-12T15:00:51","modified_gmt":"2020-02-12T14:00:51","slug":"expertises-et-thematiques","status":"publish","type":"page","link":"https:\/\/web.umons.ac.be\/sante\/fr\/expertises-et-thematiques\/","title":{"rendered":"Expertises et th\u00e9matiques"},"content":{"rendered":"<ul>\n<li>\n<h5><strong>Biom\u00e9decine int\u00e9grative :<\/strong><\/h5>\n<p>l\u2019objectif est d\u2019am\u00e9liorer la compr\u00e9hension du dialogue entre tissus et organes dans un esprit d\u2019approche globale du fonctionnement d\u2019un organisme en situation normale et pathologique.<\/li>\n<li>\n<h5><strong>Recherche et d\u00e9veloppement de biomarqueurs et\/ou de m\u00e9dicaments :<\/strong><\/h5>\n<p>les objectifs sont l\u2019identification de biomarqueurs de pathologies et de toxicit\u00e9s, le d\u00e9veloppement de traceurs pour leur diagnostic et leur suivi ainsi que l\u2019\u00e9laboration de m\u00e9dicaments pour leur traitement.<\/li>\n<li>\n<h5><strong>Bien \u00eatre mental : <\/strong><\/h5>\n<p>l\u2019objectif est de mettre en relation le cerveau-esprit humain et la sant\u00e9, d\u2019investiguer les cons\u00e9quences li\u00e9es \u00e0 des probl\u00e8mes de sant\u00e9 ou de bien-\u00eatre physique et\/ou psychique sur la cognition.<\/li>\n<\/ul>\n","protected":false},"excerpt":{"rendered":"<p>Biom\u00e9decine int\u00e9grative : l\u2019objectif est d\u2019am\u00e9liorer la compr\u00e9hension du dialogue entre tissus et organes dans un esprit d\u2019approche globale du fonctionnement d\u2019un organisme en situation normale et pathologique. Recherche et d\u00e9veloppement de biomarqueurs et\/ou de m\u00e9dicaments : les objectifs sont l\u2019identification de biomarqueurs de pathologies et de toxicit\u00e9s, le d\u00e9veloppement de traceurs pour leur diagnostic [&hellip;]<\/p>\n","protected":false},"author":2,"featured_media":0,"parent":0,"menu_order":1,"comment_status":"closed","ping_status":"closed","template":"","meta":{"footnotes":""},"class_list":["post-25","page","type-page","status-publish","hentry"],"yoast_head":"<!-- This site is optimized with the Yoast SEO plugin v27.2 - https:\/\/yoast.com\/product\/yoast-seo-wordpress\/ -->\n<title>Expertises et th\u00e9matiques - Institut \/ Sant\u00e9<\/title>\n<meta name=\"robots\" content=\"index, follow, max-snippet:-1, max-image-preview:large, max-video-preview:-1\" \/>\n<link rel=\"canonical\" href=\"https:\/\/web.umons.ac.be\/sante\/fr\/expertises-et-thematiques\/\" \/>\n<meta property=\"og:locale\" content=\"fr_FR\" \/>\n<meta property=\"og:type\" content=\"article\" \/>\n<meta property=\"og:title\" content=\"Expertises et th\u00e9matiques - Institut \/ Sant\u00e9\" \/>\n<meta property=\"og:description\" content=\"Biom\u00e9decine int\u00e9grative : l\u2019objectif est d\u2019am\u00e9liorer la compr\u00e9hension du dialogue entre tissus et organes dans un esprit d\u2019approche globale du fonctionnement d\u2019un organisme en situation normale et pathologique. Recherche et d\u00e9veloppement de biomarqueurs et\/ou de m\u00e9dicaments : les objectifs sont l\u2019identification de biomarqueurs de pathologies et de toxicit\u00e9s, le d\u00e9veloppement de traceurs pour leur diagnostic [&hellip;]\" \/>\n<meta property=\"og:url\" content=\"https:\/\/web.umons.ac.be\/sante\/fr\/expertises-et-thematiques\/\" \/>\n<meta property=\"og:site_name\" content=\"Institut \/ Sant\u00e9\" \/>\n<meta property=\"article:modified_time\" content=\"2020-02-12T14:00:51+00:00\" \/>\n<meta name=\"twitter:card\" content=\"summary_large_image\" \/>\n<meta name=\"twitter:label1\" content=\"Dur\u00e9e de lecture estim\u00e9e\" \/>\n\t<meta name=\"twitter:data1\" content=\"1 minute\" \/>\n<script type=\"application\/ld+json\" class=\"yoast-schema-graph\">{\"@context\":\"https:\/\/schema.org\",\"@graph\":[{\"@type\":\"WebPage\",\"@id\":\"https:\/\/web.umons.ac.be\/sante\/fr\/expertises-et-thematiques\/\",\"url\":\"https:\/\/web.umons.ac.be\/sante\/fr\/expertises-et-thematiques\/\",\"name\":\"Expertises et th\u00e9matiques - Institut \/ Sant\u00e9\",\"isPartOf\":{\"@id\":\"https:\/\/web.umons.ac.be\/sante\/#website\"},\"datePublished\":\"2017-07-20T15:34:41+00:00\",\"dateModified\":\"2020-02-12T14:00:51+00:00\",\"breadcrumb\":{\"@id\":\"https:\/\/web.umons.ac.be\/sante\/fr\/expertises-et-thematiques\/#breadcrumb\"},\"inLanguage\":\"fr-FR\",\"potentialAction\":[{\"@type\":\"ReadAction\",\"target\":[\"https:\/\/web.umons.ac.be\/sante\/fr\/expertises-et-thematiques\/\"]}]},{\"@type\":\"BreadcrumbList\",\"@id\":\"https:\/\/web.umons.ac.be\/sante\/fr\/expertises-et-thematiques\/#breadcrumb\",\"itemListElement\":[{\"@type\":\"ListItem\",\"position\":1,\"name\":\"Accueil\",\"item\":\"https:\/\/web.umons.ac.be\/sante\/fr\/\"},{\"@type\":\"ListItem\",\"position\":2,\"name\":\"Expertises et th\u00e9matiques\"}]},{\"@type\":\"WebSite\",\"@id\":\"https:\/\/web.umons.ac.be\/sante\/#website\",\"url\":\"https:\/\/web.umons.ac.be\/sante\/\",\"name\":\"Institut \/ Sant\u00e9\",\"description\":\"Un site utilisant Universit\u00e9 de Mons \u2013 UMONS\",\"potentialAction\":[{\"@type\":\"SearchAction\",\"target\":{\"@type\":\"EntryPoint\",\"urlTemplate\":\"https:\/\/web.umons.ac.be\/sante\/?s={search_term_string}\"},\"query-input\":{\"@type\":\"PropertyValueSpecification\",\"valueRequired\":true,\"valueName\":\"search_term_string\"}}],\"inLanguage\":\"fr-FR\"}]}<\/script>\n<!-- \/ Yoast SEO plugin. -->","yoast_head_json":{"title":"Expertises et th\u00e9matiques - Institut \/ Sant\u00e9","robots":{"index":"index","follow":"follow","max-snippet":"max-snippet:-1","max-image-preview":"max-image-preview:large","max-video-preview":"max-video-preview:-1"},"canonical":"https:\/\/web.umons.ac.be\/sante\/fr\/expertises-et-thematiques\/","og_locale":"fr_FR","og_type":"article","og_title":"Expertises et th\u00e9matiques - Institut \/ Sant\u00e9","og_description":"Biom\u00e9decine int\u00e9grative : l\u2019objectif est d\u2019am\u00e9liorer la compr\u00e9hension du dialogue entre tissus et organes dans un esprit d\u2019approche globale du fonctionnement d\u2019un organisme en situation normale et pathologique. Recherche et d\u00e9veloppement de biomarqueurs et\/ou de m\u00e9dicaments : les objectifs sont l\u2019identification de biomarqueurs de pathologies et de toxicit\u00e9s, le d\u00e9veloppement de traceurs pour leur diagnostic [&hellip;]","og_url":"https:\/\/web.umons.ac.be\/sante\/fr\/expertises-et-thematiques\/","og_site_name":"Institut \/ Sant\u00e9","article_modified_time":"2020-02-12T14:00:51+00:00","twitter_card":"summary_large_image","twitter_misc":{"Dur\u00e9e de lecture estim\u00e9e":"1 minute"},"schema":{"@context":"https:\/\/schema.org","@graph":[{"@type":"WebPage","@id":"https:\/\/web.umons.ac.be\/sante\/fr\/expertises-et-thematiques\/","url":"https:\/\/web.umons.ac.be\/sante\/fr\/expertises-et-thematiques\/","name":"Expertises et th\u00e9matiques - Institut \/ Sant\u00e9","isPartOf":{"@id":"https:\/\/web.umons.ac.be\/sante\/#website"},"datePublished":"2017-07-20T15:34:41+00:00","dateModified":"2020-02-12T14:00:51+00:00","breadcrumb":{"@id":"https:\/\/web.umons.ac.be\/sante\/fr\/expertises-et-thematiques\/#breadcrumb"},"inLanguage":"fr-FR","potentialAction":[{"@type":"ReadAction","target":["https:\/\/web.umons.ac.be\/sante\/fr\/expertises-et-thematiques\/"]}]},{"@type":"BreadcrumbList","@id":"https:\/\/web.umons.ac.be\/sante\/fr\/expertises-et-thematiques\/#breadcrumb","itemListElement":[{"@type":"ListItem","position":1,"name":"Accueil","item":"https:\/\/web.umons.ac.be\/sante\/fr\/"},{"@type":"ListItem","position":2,"name":"Expertises et th\u00e9matiques"}]},{"@type":"WebSite","@id":"https:\/\/web.umons.ac.be\/sante\/#website","url":"https:\/\/web.umons.ac.be\/sante\/","name":"Institut \/ Sant\u00e9","description":"Un site utilisant Universit\u00e9 de Mons \u2013 UMONS","potentialAction":[{"@type":"SearchAction","target":{"@type":"EntryPoint","urlTemplate":"https:\/\/web.umons.ac.be\/sante\/?s={search_term_string}"},"query-input":{"@type":"PropertyValueSpecification","valueRequired":true,"valueName":"search_term_string"}}],"inLanguage":"fr-FR"}]}},"lang":"fr","translations":{"fr":25,"en":216},"pll_sync_post":[],"_links":{"self":[{"href":"https:\/\/web.umons.ac.be\/sante\/wp-json\/wp\/v2\/pages\/25","targetHints":{"allow":["GET"]}}],"collection":[{"href":"https:\/\/web.umons.ac.be\/sante\/wp-json\/wp\/v2\/pages"}],"about":[{"href":"https:\/\/web.umons.ac.be\/sante\/wp-json\/wp\/v2\/types\/page"}],"author":[{"embeddable":true,"href":"https:\/\/web.umons.ac.be\/sante\/wp-json\/wp\/v2\/users\/2"}],"replies":[{"embeddable":true,"href":"https:\/\/web.umons.ac.be\/sante\/wp-json\/wp\/v2\/comments?post=25"}],"version-history":[{"count":5,"href":"https:\/\/web.umons.ac.be\/sante\/wp-json\/wp\/v2\/pages\/25\/revisions"}],"predecessor-version":[{"id":397,"href":"https:\/\/web.umons.ac.be\/sante\/wp-json\/wp\/v2\/pages\/25\/revisions\/397"}],"wp:attachment":[{"href":"https:\/\/web.umons.ac.be\/sante\/wp-json\/wp\/v2\/media?parent=25"}],"curies":[{"name":"wp","href":"https:\/\/api.w.org\/{rel}","templated":true}]}}