{"id":28,"date":"2017-07-20T17:35:37","date_gmt":"2017-07-20T15:35:37","guid":{"rendered":"https:\/\/web.umons.ac.be\/sante\/?page_id=28"},"modified":"2021-10-06T15:17:13","modified_gmt":"2021-10-06T13:17:13","slug":"projets-phare","status":"publish","type":"page","link":"https:\/\/web.umons.ac.be\/sante\/fr\/projets-phare\/","title":{"rendered":"Projets phares"},"content":{"rendered":"<p>L\u2019Institut d\u00e9veloppe ses activit\u00e9s essentiellement au travers de projets de recherche collaboratifs.<\/p>\n<p>Ces projets de recherches :<\/p>\n<ul>\n<li>Se basent sur l\u2019interdisciplinarit\u00e9<\/li>\n<li>Privil\u00e9gient la recherche collaborative et le co-d\u00e9veloppement<\/li>\n<li>S\u2019articulent sur une logique partenariale avec tous les acteurs de la soci\u00e9t\u00e9 (industries, services, centres de recherche, collectivit\u00e9s territoriales, institutions gouvernementales, etc.)<\/li>\n<li>Tissent des partenariats \u00e0 l\u2019\u00e9chelle provinciale, r\u00e9gionale, f\u00e9d\u00e9rale, europ\u00e9enne et internationale.<\/li>\n<\/ul>\n<p>L\u2019Institut s\u2019implique dans le montage de projet de recherche avec ses partenaires pour r\u00e9pondre aux probl\u00e9matiques \u00e9mergentes li\u00e9es aux domaines de l\u2019Institut.<\/p>\n<p>Nous pr\u00e9sentons ici, \u00e0 titre indicatif, quelques projets phare de l\u2019Institut qui illustrent\u00a0\u00a0 les probl\u00e9matiques abord\u00e9es par nos chercheurs.<\/p>\n<start-cask-shortcode-wrapper>    <div class=\"accordion content-block scheme-sante\">\n                <div class=\"accordion-inner\">\n            <div class=\"accordion-bellow\">\n                <button class=\"accordion-bellow-toggle scheme-background-hover\" data-target=\"#accordion-content-615da0d7614a6\">\n                    <span class=\"icon umons-icon-chevron-down\" aria-hidden=\"true\"><\/span> NANOCARDIO (UE RW\/Interreg)                <\/button>\n            <\/div>\n            <div id=\"accordion-content-615da0d7614a6\" class=\"accordion-content\">\n            \t<div class=\"inner editor-front\">\n            \t\t<p>D\u00e9veloppement de\u00a0<strong>nanoparticules pour la d\u00e9tection pr\u00e9coce et l\u2019analyse des plaques d\u2019ath\u00e9rome par imagerie IRM et imagerie optique<\/strong>\u00a0(M\u00e9thode, non invasive, n\u2019utilisant pas de radiation ionisante, et poss\u00e9dant une excellente r\u00e9solution).<\/p>\n            \t<\/div>\n            <\/div>\n        <\/div>\n                <div class=\"accordion-inner\">\n            <div class=\"accordion-bellow\">\n                <button class=\"accordion-bellow-toggle scheme-background-hover\" data-target=\"#accordion-content-615da0eb5ad7a\">\n                    <span class=\"icon umons-icon-chevron-down\" aria-hidden=\"true\"><\/span> PROSTEM (RW)                <\/button>\n            <\/div>\n            <div id=\"accordion-content-615da0eb5ad7a\" class=\"accordion-content\">\n            \t<div class=\"inner editor-front\">\n            \t\t<p>En collaboration avec l\u2019Institut Biosciences. D\u00e9veloppement de\u00a0<strong>nouveaux biomat\u00e9riaux<\/strong>\u00a0destin\u00e9s \u00e0 diminuer le co\u00fbt et augmenter l\u2019efficacit\u00e9 des\u00a0<strong>th\u00e9rapies cellulaires \u00e0 base de cellules souches\u00a0<\/strong>de fa\u00e7on \u00e0 les rendre accessibles \u00e0 un grand nombre de patients.<\/p>\n            \t<\/div>\n            <\/div>\n        <\/div>\n                <div class=\"accordion-inner\">\n            <div class=\"accordion-bellow\">\n                <button class=\"accordion-bellow-toggle scheme-background-hover\" data-target=\"#accordion-content-615da0f58b8db\">\n                    <span class=\"icon umons-icon-chevron-down\" aria-hidden=\"true\"><\/span> PROTHER-WAL (RW)                <\/button>\n            <\/div>\n            <div id=\"accordion-content-615da0f58b8db\" class=\"accordion-content\">\n            \t<div class=\"inner editor-front\">\n            \t\t<h2>PROton THErapy Research in WALlonia.<\/h2>\n<p>Mise en place d\u2019une plateforme de\u00a0protonth\u00e9rapie en Wallonie, qui sera un\u00a0centre de recherche interuniversitaire\u00a0de renomm\u00e9e internationale, un\u00a0centre de soin performant, un\u00a0centre de formation, et un centre de\u00a0d\u00e9veloppements technologiques et\u00a0industriels.<\/p>\n            \t<\/div>\n            <\/div>\n        <\/div>\n                <div class=\"accordion-inner\">\n            <div class=\"accordion-bellow\">\n                <button class=\"accordion-bellow-toggle scheme-background-hover\" data-target=\"#accordion-content-615da10756083\">\n                    <span class=\"icon umons-icon-chevron-down\" aria-hidden=\"true\"><\/span> TEXTOS (UE RW\/Interreg)                <\/button>\n            <\/div>\n            <div id=\"accordion-content-615da10756083\" class=\"accordion-content\">\n            \t<div class=\"inner editor-front\">\n            \t\t<p>Ce projet a pour objectif de\u00a0<strong>concevoir des supports tiss\u00e9s (par des techniques de tissage 3D) vou\u00e9s \u00e0 la r\u00e9g\u00e9n\u00e9ration osseuse\u00a0<\/strong>au d\u00e9part de fils polyesters\u00a0 additiv\u00e9es de bioc\u00e9ramiques et enduites de chitosan.<\/p>\n            \t<\/div>\n            <\/div>\n        <\/div>\n                <div class=\"accordion-inner\">\n            <div class=\"accordion-bellow\">\n                <button class=\"accordion-bellow-toggle scheme-background-hover\" data-target=\"#accordion-content-615da11b0a653\">\n                    <span class=\"icon umons-icon-chevron-down\" aria-hidden=\"true\"><\/span> VIVOIMAG (UE\/H2020)                <\/button>\n            <\/div>\n            <div id=\"accordion-content-615da11b0a653\" class=\"accordion-content\">\n            \t<div class=\"inner editor-front\">\n            \t\t<p>Le but de ce projet est de pr\u00e9parer un\u00a0<strong>implant osseux int\u00e9grant un mat\u00e9ria<\/strong>u\u00a0matriciel extracellulaire\u00a0<strong>magn\u00e9tique\u00a0<\/strong>fonctionnalis\u00e9 qui peut \u00eatre utilis\u00e9\u00a0<strong>pour\u00a0suivre l\u2019\u00e9volution du mat\u00e9riau implant\u00e9\u00a0in vivo en utilisant des techniques\u00a0d\u2019imagerie par r\u00e9sonance magn\u00e9tique\u00a0non-invasives.<\/strong><\/p>\n            \t<\/div>\n            <\/div>\n        <\/div>\n                <div class=\"accordion-inner\">\n            <div class=\"accordion-bellow\">\n                <button class=\"accordion-bellow-toggle scheme-background-hover\" data-target=\"#accordion-content-615da12c9b533\">\n                    <span class=\"icon umons-icon-chevron-down\" aria-hidden=\"true\"><\/span> I SAID (UE RW\/Interreg)                <\/button>\n            <\/div>\n            <div id=\"accordion-content-615da12c9b533\" class=\"accordion-content\">\n            \t<div class=\"inner editor-front\">\n            \t\t<p>L\u2019objectif du projet est de d\u00e9velopper des modalit\u00e9s d\u2019<strong>accompagnement<\/strong>\u00a0en direction\u00a0<strong>des personnes en situation de handicap mental via une plateforme partenariale transfrontali\u00e8re\u00a0<\/strong>de soutien \u00e0 la vie sociale et professionnelle.<\/p>\n            \t<\/div>\n            <\/div>\n        <\/div>\n                <div class=\"accordion-inner\">\n            <div class=\"accordion-bellow\">\n                <button class=\"accordion-bellow-toggle scheme-background-hover\" data-target=\"#accordion-content-615da147b7a64\">\n                    <span class=\"icon umons-icon-chevron-down\" aria-hidden=\"true\"><\/span> DIABIOMAL (ARES CCD)                <\/button>\n            <\/div>\n            <div id=\"accordion-content-615da147b7a64\" class=\"accordion-content\">\n            \t<div class=\"inner editor-front\">\n            \t\t<p>Le projet a pour objectif l\u2019implantation d\u2019une m\u00e9thode robuste, peu on\u00e9reuse pour le\u00a0<strong>diagnostic de la malaria\u00a0<\/strong>qui pourra \u00eatre appliqu\u00e9e \u00e0 la\u00a0<strong>recherche bioguid\u00e9e de nouveaux antimalariques<\/strong>.<\/p>\n            \t<\/div>\n            <\/div>\n        <\/div>\n                <div class=\"accordion-inner\">\n            <div class=\"accordion-bellow\">\n                <button class=\"accordion-bellow-toggle scheme-background-hover\" data-target=\"#accordion-content-615da15ab2668\">\n                    <span class=\"icon umons-icon-chevron-down\" aria-hidden=\"true\"><\/span> PHYTOKAT (ARES CCD)                <\/button>\n            <\/div>\n            <div id=\"accordion-content-615da15ab2668\" class=\"accordion-content\">\n            \t<div class=\"inner editor-front\">\n            \t\t<p>Identification des conditions pour l\u2019<strong>int\u00e9gration de la m\u00e9decine traditionnelle aux soins de sant\u00e9 modernes<\/strong>.<\/p>\n            \t<\/div>\n            <\/div>\n        <\/div>\n                <div class=\"accordion-inner\">\n            <div class=\"accordion-bellow\">\n                <button class=\"accordion-bellow-toggle scheme-background-hover\" data-target=\"#accordion-content-615da170192b6\">\n                    <span class=\"icon umons-icon-chevron-down\" aria-hidden=\"true\"><\/span> Dys-moi pour l\u2019Emploi (UE)                <\/button>\n            <\/div>\n            <div id=\"accordion-content-615da170192b6\" class=\"accordion-content\">\n            \t<div class=\"inner editor-front\">\n            \t\t<p>Le projet souhaite promouvoir la\u00a0<strong>transition vers l\u2019emploi de jeunes hainuyers<\/strong>\u00a0(16-25 ans)\u00a0<strong>avec des troubles sp\u00e9cifiques de l\u2019apprentissage<\/strong>, en favorisant\u00a0leur insertion socioprofessionnelle\u00a0par l\u2019offre\u00a0de nouvelles modalit\u00e9s\u00a0d \u2019a c c ompa g n e m e n t\u00a0s\u2019inscrivant dans une\u00a0dynamique de\u00a0<strong>Recherche-Action-Formation<\/strong>.<\/p>\n            \t<\/div>\n            <\/div>\n        <\/div>\n                <div class=\"accordion-inner\">\n            <div class=\"accordion-bellow\">\n                <button class=\"accordion-bellow-toggle scheme-background-hover\" data-target=\"#accordion-content-615da18c552f9\">\n                    <span class=\"icon umons-icon-chevron-down\" aria-hidden=\"true\"><\/span> NEUROKAT (ARES CCD)                <\/button>\n            <\/div>\n            <div id=\"accordion-content-615da18c552f9\" class=\"accordion-content\">\n            \t<div class=\"inner editor-front\">\n            \t\t<p>Renforcement de la capacit\u00e9 op\u00e9rationnelle et de la formation en neuropsychiatrie par l\u2019<strong>\u00e9tude des effets neurotoxiques de m\u00e9taux dans la r\u00e9gion mini\u00e8re du Katanga<\/strong>.<\/p>\n            \t<\/div>\n            <\/div>\n        <\/div>\n                <div class=\"accordion-inner\">\n            <div class=\"accordion-bellow\">\n                <button class=\"accordion-bellow-toggle scheme-background-hover\" data-target=\"#accordion-content-615da1a1d0862\">\n                    <span class=\"icon umons-icon-chevron-down\" aria-hidden=\"true\"><\/span> BIOVOC (FWB\/ARC)                <\/button>\n            <\/div>\n            <div id=\"accordion-content-615da1a1d0862\" class=\"accordion-content\">\n            \t<div class=\"inner editor-front\">\n            \t\t<p>Etude des\u00a0<strong>impacts vocaux et m\u00e9taboliques<\/strong>, sur le sujet aux commandes d\u2019un syst\u00e8me complexe, de\u00a0<strong>variations situationnelles susceptibles d\u2019agir sur son \u00e9tat<\/strong>.<\/p>\n            \t<\/div>\n            <\/div>\n        <\/div>\n                <div class=\"accordion-inner\">\n            <div class=\"accordion-bellow\">\n                <button class=\"accordion-bellow-toggle scheme-background-hover\" data-target=\"#accordion-content-615da1b47d226\">\n                    <span class=\"icon umons-icon-chevron-down\" aria-hidden=\"true\"><\/span> PARALPATHOS (FWB\/ARC)                <\/button>\n            <\/div>\n            <div id=\"accordion-content-615da1b47d226\" class=\"accordion-content\">\n            \t<div class=\"inner editor-front\">\n            \t\t<p><strong>Evaluation acoustique et auditive du signal de parole\u00a0<\/strong>de locuteurs francophones en\u00a0<strong>situation de handicap.<\/strong><\/p>\n            \t<\/div>\n            <\/div>\n        <\/div>\n                <div class=\"accordion-inner\">\n            <div class=\"accordion-bellow\">\n                <button class=\"accordion-bellow-toggle scheme-background-hover\" data-target=\"#accordion-content-615da1c60c1c7\">\n                    <span class=\"icon umons-icon-chevron-down\" aria-hidden=\"true\"><\/span> HOLOCANCER (RW\/Biowin)                <\/button>\n            <\/div>\n            <div id=\"accordion-content-615da1c60c1c7\" class=\"accordion-content\">\n            \t<div class=\"inner editor-front\">\n            \t\t<p>L\u2019objet de la recherche est de d\u00e9velopper et de valider au niveau pr\u00e9-clinique un\u00a0<strong>nouveau test de diagnostic du cancer\u00a0<\/strong>et plus sp\u00e9cifiquement du cancer du col de l\u2019ut\u00e9rus.\u00a0 Ce test sera\u00a0<strong>bas\u00e9 sur la technologie de la microscopie holographique digitale.<\/strong><\/p>\n            \t<\/div>\n            <\/div>\n        <\/div>\n            <\/div>\n<end-cask-shortcode-wrapper>\n","protected":false},"excerpt":{"rendered":"<p>L\u2019Institut d\u00e9veloppe ses activit\u00e9s essentiellement au travers de projets de recherche collaboratifs. Ces projets de recherches : Se basent sur l\u2019interdisciplinarit\u00e9 Privil\u00e9gient la recherche collaborative et le co-d\u00e9veloppement S\u2019articulent sur une logique partenariale avec tous les acteurs de la soci\u00e9t\u00e9 (industries, services, centres de recherche, collectivit\u00e9s territoriales, institutions gouvernementales, etc.) Tissent des partenariats \u00e0 l\u2019\u00e9chelle [&hellip;]<\/p>\n","protected":false},"author":2,"featured_media":0,"parent":0,"menu_order":2,"comment_status":"closed","ping_status":"closed","template":"","meta":{"footnotes":""},"class_list":["post-28","page","type-page","status-publish","hentry"],"yoast_head":"<!-- This site is optimized with the Yoast SEO plugin v27.2 - https:\/\/yoast.com\/product\/yoast-seo-wordpress\/ -->\n<title>Projets phares - Institut \/ Sant\u00e9<\/title>\n<meta name=\"robots\" content=\"index, follow, max-snippet:-1, max-image-preview:large, max-video-preview:-1\" \/>\n<link rel=\"canonical\" href=\"https:\/\/web.umons.ac.be\/sante\/fr\/projets-phare\/\" \/>\n<meta property=\"og:locale\" content=\"fr_FR\" \/>\n<meta property=\"og:type\" content=\"article\" \/>\n<meta property=\"og:title\" content=\"Projets phares - Institut \/ Sant\u00e9\" \/>\n<meta property=\"og:description\" content=\"L\u2019Institut d\u00e9veloppe ses activit\u00e9s essentiellement au travers de projets de recherche collaboratifs. Ces projets de recherches : Se basent sur l\u2019interdisciplinarit\u00e9 Privil\u00e9gient la recherche collaborative et le co-d\u00e9veloppement S\u2019articulent sur une logique partenariale avec tous les acteurs de la soci\u00e9t\u00e9 (industries, services, centres de recherche, collectivit\u00e9s territoriales, institutions gouvernementales, etc.) Tissent des partenariats \u00e0 l\u2019\u00e9chelle [&hellip;]\" \/>\n<meta property=\"og:url\" content=\"https:\/\/web.umons.ac.be\/sante\/fr\/projets-phare\/\" \/>\n<meta property=\"og:site_name\" content=\"Institut \/ Sant\u00e9\" \/>\n<meta property=\"article:modified_time\" content=\"2021-10-06T13:17:13+00:00\" \/>\n<meta name=\"twitter:card\" content=\"summary_large_image\" \/>\n<meta name=\"twitter:label1\" content=\"Dur\u00e9e de lecture estim\u00e9e\" \/>\n\t<meta name=\"twitter:data1\" content=\"1 minute\" \/>\n<script type=\"application\/ld+json\" class=\"yoast-schema-graph\">{\"@context\":\"https:\/\/schema.org\",\"@graph\":[{\"@type\":\"WebPage\",\"@id\":\"https:\/\/web.umons.ac.be\/sante\/fr\/projets-phare\/\",\"url\":\"https:\/\/web.umons.ac.be\/sante\/fr\/projets-phare\/\",\"name\":\"Projets phares - Institut \/ Sant\u00e9\",\"isPartOf\":{\"@id\":\"https:\/\/web.umons.ac.be\/sante\/#website\"},\"datePublished\":\"2017-07-20T15:35:37+00:00\",\"dateModified\":\"2021-10-06T13:17:13+00:00\",\"breadcrumb\":{\"@id\":\"https:\/\/web.umons.ac.be\/sante\/fr\/projets-phare\/#breadcrumb\"},\"inLanguage\":\"fr-FR\",\"potentialAction\":[{\"@type\":\"ReadAction\",\"target\":[\"https:\/\/web.umons.ac.be\/sante\/fr\/projets-phare\/\"]}]},{\"@type\":\"BreadcrumbList\",\"@id\":\"https:\/\/web.umons.ac.be\/sante\/fr\/projets-phare\/#breadcrumb\",\"itemListElement\":[{\"@type\":\"ListItem\",\"position\":1,\"name\":\"Accueil\",\"item\":\"https:\/\/web.umons.ac.be\/sante\/fr\/\"},{\"@type\":\"ListItem\",\"position\":2,\"name\":\"Projets phares\"}]},{\"@type\":\"WebSite\",\"@id\":\"https:\/\/web.umons.ac.be\/sante\/#website\",\"url\":\"https:\/\/web.umons.ac.be\/sante\/\",\"name\":\"Institut \/ Sant\u00e9\",\"description\":\"Un site utilisant Universit\u00e9 de Mons \u2013 UMONS\",\"potentialAction\":[{\"@type\":\"SearchAction\",\"target\":{\"@type\":\"EntryPoint\",\"urlTemplate\":\"https:\/\/web.umons.ac.be\/sante\/?s={search_term_string}\"},\"query-input\":{\"@type\":\"PropertyValueSpecification\",\"valueRequired\":true,\"valueName\":\"search_term_string\"}}],\"inLanguage\":\"fr-FR\"}]}<\/script>\n<!-- \/ Yoast SEO plugin. -->","yoast_head_json":{"title":"Projets phares - Institut \/ Sant\u00e9","robots":{"index":"index","follow":"follow","max-snippet":"max-snippet:-1","max-image-preview":"max-image-preview:large","max-video-preview":"max-video-preview:-1"},"canonical":"https:\/\/web.umons.ac.be\/sante\/fr\/projets-phare\/","og_locale":"fr_FR","og_type":"article","og_title":"Projets phares - Institut \/ Sant\u00e9","og_description":"L\u2019Institut d\u00e9veloppe ses activit\u00e9s essentiellement au travers de projets de recherche collaboratifs. Ces projets de recherches : Se basent sur l\u2019interdisciplinarit\u00e9 Privil\u00e9gient la recherche collaborative et le co-d\u00e9veloppement S\u2019articulent sur une logique partenariale avec tous les acteurs de la soci\u00e9t\u00e9 (industries, services, centres de recherche, collectivit\u00e9s territoriales, institutions gouvernementales, etc.) Tissent des partenariats \u00e0 l\u2019\u00e9chelle [&hellip;]","og_url":"https:\/\/web.umons.ac.be\/sante\/fr\/projets-phare\/","og_site_name":"Institut \/ Sant\u00e9","article_modified_time":"2021-10-06T13:17:13+00:00","twitter_card":"summary_large_image","twitter_misc":{"Dur\u00e9e de lecture estim\u00e9e":"1 minute"},"schema":{"@context":"https:\/\/schema.org","@graph":[{"@type":"WebPage","@id":"https:\/\/web.umons.ac.be\/sante\/fr\/projets-phare\/","url":"https:\/\/web.umons.ac.be\/sante\/fr\/projets-phare\/","name":"Projets phares - Institut \/ Sant\u00e9","isPartOf":{"@id":"https:\/\/web.umons.ac.be\/sante\/#website"},"datePublished":"2017-07-20T15:35:37+00:00","dateModified":"2021-10-06T13:17:13+00:00","breadcrumb":{"@id":"https:\/\/web.umons.ac.be\/sante\/fr\/projets-phare\/#breadcrumb"},"inLanguage":"fr-FR","potentialAction":[{"@type":"ReadAction","target":["https:\/\/web.umons.ac.be\/sante\/fr\/projets-phare\/"]}]},{"@type":"BreadcrumbList","@id":"https:\/\/web.umons.ac.be\/sante\/fr\/projets-phare\/#breadcrumb","itemListElement":[{"@type":"ListItem","position":1,"name":"Accueil","item":"https:\/\/web.umons.ac.be\/sante\/fr\/"},{"@type":"ListItem","position":2,"name":"Projets phares"}]},{"@type":"WebSite","@id":"https:\/\/web.umons.ac.be\/sante\/#website","url":"https:\/\/web.umons.ac.be\/sante\/","name":"Institut \/ Sant\u00e9","description":"Un site utilisant Universit\u00e9 de Mons \u2013 UMONS","potentialAction":[{"@type":"SearchAction","target":{"@type":"EntryPoint","urlTemplate":"https:\/\/web.umons.ac.be\/sante\/?s={search_term_string}"},"query-input":{"@type":"PropertyValueSpecification","valueRequired":true,"valueName":"search_term_string"}}],"inLanguage":"fr-FR"}]}},"lang":"fr","translations":{"fr":28,"en":221},"pll_sync_post":[],"_links":{"self":[{"href":"https:\/\/web.umons.ac.be\/sante\/wp-json\/wp\/v2\/pages\/28","targetHints":{"allow":["GET"]}}],"collection":[{"href":"https:\/\/web.umons.ac.be\/sante\/wp-json\/wp\/v2\/pages"}],"about":[{"href":"https:\/\/web.umons.ac.be\/sante\/wp-json\/wp\/v2\/types\/page"}],"author":[{"embeddable":true,"href":"https:\/\/web.umons.ac.be\/sante\/wp-json\/wp\/v2\/users\/2"}],"replies":[{"embeddable":true,"href":"https:\/\/web.umons.ac.be\/sante\/wp-json\/wp\/v2\/comments?post=28"}],"version-history":[{"count":3,"href":"https:\/\/web.umons.ac.be\/sante\/wp-json\/wp\/v2\/pages\/28\/revisions"}],"predecessor-version":[{"id":558,"href":"https:\/\/web.umons.ac.be\/sante\/wp-json\/wp\/v2\/pages\/28\/revisions\/558"}],"wp:attachment":[{"href":"https:\/\/web.umons.ac.be\/sante\/wp-json\/wp\/v2\/media?parent=28"}],"curies":[{"name":"wp","href":"https:\/\/api.w.org\/{rel}","templated":true}]}}