{"id":335,"date":"2019-04-29T15:46:01","date_gmt":"2019-04-29T13:46:01","guid":{"rendered":"https:\/\/web.umons.ac.be\/sante\/?page_id=335"},"modified":"2019-04-29T15:46:14","modified_gmt":"2019-04-29T13:46:14","slug":"services-aux-collectivites","status":"publish","type":"page","link":"https:\/\/web.umons.ac.be\/sante\/fr\/services-aux-collectivites\/","title":{"rendered":"Services aux collectivit\u00e9s"},"content":{"rendered":"<p>L\u2019Institut Sant\u00e9 vous propose :<\/p>\n<ul>\n<li>des prestations dans le domaine des m\u00e9thodes alternatives de mod\u00e8les exp\u00e9rimentaux physiologiques, physiopathologiques et toxicologiques in vitro<\/li>\n<li>des prestations dans le domaine de conception, synth\u00e8se, caract\u00e9risation et validation d\u2019agents de contraste pour l\u2019IRM et l\u2019imagerie optique<\/li>\n<li>Services en analyse et mesure de vibrations et de bruit (tests vibratoires)<\/li>\n<li>des prestations dans le domaine des \u00e9tudes toxicologiques pr\u00e9cliniques sur rongeurs (rats et souris)<\/li>\n<li>des prestations dans le domaine de l\u2019\u00e9valuation m\u00e9tabonomique des effets pharmacologiques et\/ou adverses de substances chimiques in vitro (cultures cellulaires) et in vivo (rongeurs)<\/li>\n<li>des prestations dans le domaine de l\u2019\u00e9valuation du risque \u2013 D\u00e9termination de VTR (valeurs toxicologiques de r\u00e9f\u00e9rence)<\/li>\n<li>des prestations dans le domaine de l\u2019\u00e9valuation in silico (Approches QSAR et CADD : mod\u00e8les experts pour la m\u00e9tabolisation des substances chimiques (METEOR) et de leurs effets adverses (DEREK et PERCEPTA))<\/li>\n<li>des prestations dans le domaine de l\u2019\u00e9valuation et du soutien psychologique\u00a0 &#8211;&gt; <a href=\"http:\/\/www.umons.ac.be\/cucp\" target=\"_blank\" rel=\"noopener\">www.umons.ac.be\/cucp<\/a><\/li>\n<li>des formations longues (Certificats d\u2019Universit\u00e9 sur la psychoth\u00e9rapie familiale, conjugale et approche syst\u00e9miques)<br \/>\n<start-cask-shortcode-wrapper><article class=\"shortcode-training training-small content-block scheme-fpse\">\n\t<a href=\"https:\/\/web.umons.ac.be\/fpse\/fr\/training\/cu-psysys\/\" class=\"training-link scheme-border-hover\">\n\t\t<header class=\"training-small-header\">\n\t\t\t<div class=\"training-small-entity scheme-color\">\n\t\t\t\tFacult\u00e9 \/ FPSE\t\t\t\t\t           \t<img decoding=\"async\" src=\"https:\/\/web.umons.ac.be\/app\/uploads\/sites\/3\/2017\/11\/FPSE.svg\" class=\"training-small-entity-logo\" alt=\"Ic\u00f4ne de Facult\u00e9 \/ FPSE\">\n\t        \t\t\t\t<\/div>\n\t\t\t<div class=\"training-small-degree\">\n\t\t\t\tCertificat d'Universit\u00e9 en\t\t\t<\/div>\n\n\t\t\t<h1 class=\"training-small-title\">Psychoth\u00e9rapie familiale, conjugale et approches syst\u00e9miques<\/h1>\n\n\t\t\t\t\t<\/header>\n\t\t\t\t<div class=\"training-small-content\">\n\t\t\t<div class=\"training-small-location\">\n\t\t\t\t<span class=\"icon umons-icon-pin\" aria-hidden=\"true\"><\/span>\n\t\t\t\t<span class=\"location\">Mons, Bruxelles, Li\u00e8ge<\/span>\n\t\t\t<\/div>\n\n\t\t\t\t\t\t<div class=\"training-small-side-info\">\n\t\t\t\t<ul class=\"training-small-side-info-list\">\n\t\t\t\t\t\t\t\t\t\t<li>\n\t\t\t\t\t\t<div class=\"training-single-schedule\">\n\t\t\t\t\t\t\t<div class=\"label\">Horaire<\/div>\n\t\t\t\t\t\t\t<div class=\"value\">Horaire adapt\u00e9<\/div>\n\t\t\t\t\t\t<\/div>\n\t\t\t\t\t<\/li>\n\t\t\t\t\t\t\t\t\t\t\t\t\t\t\t<li>\n\t\t\t\t\t\t<div class=\"training-single-credits\">\n\t\t\t\t\t\t\t<div class=\"label\">Cr\u00e9dits ECTS<\/div>\n\t\t\t\t\t\t\t<div class=\"value\">122<\/div>\n\t\t\t\t\t\t<\/div>\n\t\t\t\t\t<\/li>\n\t\t\t\t\t\t\t\t\t\t\t\t\t\t\t<li>\n\t\t\t\t\t\t<div class=\"training-single-languages\">\n\t\t\t\t\t\t\t<div class=\"label\">Langue<\/div>\n\t\t\t\t\t\t\t<div class=\"value\">\n\t\t\t\t\t\t\t\t<span class=\"lang\">Fran\u00e7ais<\/span>\n\t\t\t\t\t\t\t<\/div>\n\t\t\t\t\t\t<\/div>\n\t\t\t\t\t<\/li>\n\t\t\t\t\t\t\t\t\t<\/ul>\n\t\t\t<\/div>\n\t\t\t\t\t<\/div>\n\t\t\t<\/a>\n<\/article>\n<end-cask-shortcode-wrapper><\/li>\n<li>des formations courtes (sur la psychoth\u00e9rapie des troubles du comportement alimentaire) (site en construction)<\/li>\n<li>des formations courtes et supervisions cliniques dans la gestion de crise au sein des \u00e9quipes de soins et service de premi\u00e8re ligne.<\/li>\n<\/ul>\n","protected":false},"excerpt":{"rendered":"<p>L\u2019Institut Sant\u00e9 vous propose : des prestations dans le domaine des m\u00e9thodes alternatives de mod\u00e8les exp\u00e9rimentaux physiologiques, physiopathologiques et toxicologiques in vitro des prestations dans le domaine de conception, synth\u00e8se, caract\u00e9risation et validation d\u2019agents de contraste pour l\u2019IRM et l\u2019imagerie optique Services en analyse et mesure de vibrations et de bruit (tests vibratoires) des prestations [&hellip;]<\/p>\n","protected":false},"author":2,"featured_media":0,"parent":0,"menu_order":0,"comment_status":"closed","ping_status":"closed","template":"","meta":{"footnotes":""},"class_list":["post-335","page","type-page","status-publish","hentry"],"yoast_head":"<!-- This site is optimized with the Yoast SEO plugin v27.2 - https:\/\/yoast.com\/product\/yoast-seo-wordpress\/ -->\n<title>Services aux collectivit\u00e9s - Institut \/ Sant\u00e9<\/title>\n<meta name=\"robots\" content=\"index, follow, max-snippet:-1, max-image-preview:large, max-video-preview:-1\" \/>\n<link rel=\"canonical\" href=\"https:\/\/web.umons.ac.be\/sante\/fr\/services-aux-collectivites\/\" \/>\n<meta property=\"og:locale\" content=\"fr_FR\" \/>\n<meta property=\"og:type\" content=\"article\" \/>\n<meta property=\"og:title\" content=\"Services aux collectivit\u00e9s - Institut \/ Sant\u00e9\" \/>\n<meta property=\"og:description\" content=\"L\u2019Institut Sant\u00e9 vous propose : des prestations dans le domaine des m\u00e9thodes alternatives de mod\u00e8les exp\u00e9rimentaux physiologiques, physiopathologiques et toxicologiques in vitro des prestations dans le domaine de conception, synth\u00e8se, caract\u00e9risation et validation d\u2019agents de contraste pour l\u2019IRM et l\u2019imagerie optique Services en analyse et mesure de vibrations et de bruit (tests vibratoires) des prestations [&hellip;]\" \/>\n<meta property=\"og:url\" content=\"https:\/\/web.umons.ac.be\/sante\/fr\/services-aux-collectivites\/\" \/>\n<meta property=\"og:site_name\" content=\"Institut \/ Sant\u00e9\" \/>\n<meta property=\"article:modified_time\" content=\"2019-04-29T13:46:14+00:00\" \/>\n<meta name=\"twitter:card\" content=\"summary_large_image\" \/>\n<meta name=\"twitter:label1\" content=\"Dur\u00e9e de lecture estim\u00e9e\" \/>\n\t<meta name=\"twitter:data1\" content=\"1 minute\" \/>\n<script type=\"application\/ld+json\" class=\"yoast-schema-graph\">{\"@context\":\"https:\/\/schema.org\",\"@graph\":[{\"@type\":\"WebPage\",\"@id\":\"https:\/\/web.umons.ac.be\/sante\/fr\/services-aux-collectivites\/\",\"url\":\"https:\/\/web.umons.ac.be\/sante\/fr\/services-aux-collectivites\/\",\"name\":\"Services aux collectivit\u00e9s - Institut \/ Sant\u00e9\",\"isPartOf\":{\"@id\":\"https:\/\/web.umons.ac.be\/sante\/#website\"},\"datePublished\":\"2019-04-29T13:46:01+00:00\",\"dateModified\":\"2019-04-29T13:46:14+00:00\",\"breadcrumb\":{\"@id\":\"https:\/\/web.umons.ac.be\/sante\/fr\/services-aux-collectivites\/#breadcrumb\"},\"inLanguage\":\"fr-FR\",\"potentialAction\":[{\"@type\":\"ReadAction\",\"target\":[\"https:\/\/web.umons.ac.be\/sante\/fr\/services-aux-collectivites\/\"]}]},{\"@type\":\"BreadcrumbList\",\"@id\":\"https:\/\/web.umons.ac.be\/sante\/fr\/services-aux-collectivites\/#breadcrumb\",\"itemListElement\":[{\"@type\":\"ListItem\",\"position\":1,\"name\":\"Accueil\",\"item\":\"https:\/\/web.umons.ac.be\/sante\/fr\/\"},{\"@type\":\"ListItem\",\"position\":2,\"name\":\"Services aux collectivit\u00e9s\"}]},{\"@type\":\"WebSite\",\"@id\":\"https:\/\/web.umons.ac.be\/sante\/#website\",\"url\":\"https:\/\/web.umons.ac.be\/sante\/\",\"name\":\"Institut \/ Sant\u00e9\",\"description\":\"Un site utilisant Universit\u00e9 de Mons \u2013 UMONS\",\"potentialAction\":[{\"@type\":\"SearchAction\",\"target\":{\"@type\":\"EntryPoint\",\"urlTemplate\":\"https:\/\/web.umons.ac.be\/sante\/?s={search_term_string}\"},\"query-input\":{\"@type\":\"PropertyValueSpecification\",\"valueRequired\":true,\"valueName\":\"search_term_string\"}}],\"inLanguage\":\"fr-FR\"}]}<\/script>\n<!-- \/ Yoast SEO plugin. -->","yoast_head_json":{"title":"Services aux collectivit\u00e9s - Institut \/ Sant\u00e9","robots":{"index":"index","follow":"follow","max-snippet":"max-snippet:-1","max-image-preview":"max-image-preview:large","max-video-preview":"max-video-preview:-1"},"canonical":"https:\/\/web.umons.ac.be\/sante\/fr\/services-aux-collectivites\/","og_locale":"fr_FR","og_type":"article","og_title":"Services aux collectivit\u00e9s - Institut \/ Sant\u00e9","og_description":"L\u2019Institut Sant\u00e9 vous propose : des prestations dans le domaine des m\u00e9thodes alternatives de mod\u00e8les exp\u00e9rimentaux physiologiques, physiopathologiques et toxicologiques in vitro des prestations dans le domaine de conception, synth\u00e8se, caract\u00e9risation et validation d\u2019agents de contraste pour l\u2019IRM et l\u2019imagerie optique Services en analyse et mesure de vibrations et de bruit (tests vibratoires) des prestations [&hellip;]","og_url":"https:\/\/web.umons.ac.be\/sante\/fr\/services-aux-collectivites\/","og_site_name":"Institut \/ Sant\u00e9","article_modified_time":"2019-04-29T13:46:14+00:00","twitter_card":"summary_large_image","twitter_misc":{"Dur\u00e9e de lecture estim\u00e9e":"1 minute"},"schema":{"@context":"https:\/\/schema.org","@graph":[{"@type":"WebPage","@id":"https:\/\/web.umons.ac.be\/sante\/fr\/services-aux-collectivites\/","url":"https:\/\/web.umons.ac.be\/sante\/fr\/services-aux-collectivites\/","name":"Services aux collectivit\u00e9s - Institut \/ Sant\u00e9","isPartOf":{"@id":"https:\/\/web.umons.ac.be\/sante\/#website"},"datePublished":"2019-04-29T13:46:01+00:00","dateModified":"2019-04-29T13:46:14+00:00","breadcrumb":{"@id":"https:\/\/web.umons.ac.be\/sante\/fr\/services-aux-collectivites\/#breadcrumb"},"inLanguage":"fr-FR","potentialAction":[{"@type":"ReadAction","target":["https:\/\/web.umons.ac.be\/sante\/fr\/services-aux-collectivites\/"]}]},{"@type":"BreadcrumbList","@id":"https:\/\/web.umons.ac.be\/sante\/fr\/services-aux-collectivites\/#breadcrumb","itemListElement":[{"@type":"ListItem","position":1,"name":"Accueil","item":"https:\/\/web.umons.ac.be\/sante\/fr\/"},{"@type":"ListItem","position":2,"name":"Services aux collectivit\u00e9s"}]},{"@type":"WebSite","@id":"https:\/\/web.umons.ac.be\/sante\/#website","url":"https:\/\/web.umons.ac.be\/sante\/","name":"Institut \/ Sant\u00e9","description":"Un site utilisant Universit\u00e9 de Mons \u2013 UMONS","potentialAction":[{"@type":"SearchAction","target":{"@type":"EntryPoint","urlTemplate":"https:\/\/web.umons.ac.be\/sante\/?s={search_term_string}"},"query-input":{"@type":"PropertyValueSpecification","valueRequired":true,"valueName":"search_term_string"}}],"inLanguage":"fr-FR"}]}},"lang":"fr","translations":{"fr":335},"pll_sync_post":[],"_links":{"self":[{"href":"https:\/\/web.umons.ac.be\/sante\/wp-json\/wp\/v2\/pages\/335","targetHints":{"allow":["GET"]}}],"collection":[{"href":"https:\/\/web.umons.ac.be\/sante\/wp-json\/wp\/v2\/pages"}],"about":[{"href":"https:\/\/web.umons.ac.be\/sante\/wp-json\/wp\/v2\/types\/page"}],"author":[{"embeddable":true,"href":"https:\/\/web.umons.ac.be\/sante\/wp-json\/wp\/v2\/users\/2"}],"replies":[{"embeddable":true,"href":"https:\/\/web.umons.ac.be\/sante\/wp-json\/wp\/v2\/comments?post=335"}],"version-history":[{"count":2,"href":"https:\/\/web.umons.ac.be\/sante\/wp-json\/wp\/v2\/pages\/335\/revisions"}],"predecessor-version":[{"id":337,"href":"https:\/\/web.umons.ac.be\/sante\/wp-json\/wp\/v2\/pages\/335\/revisions\/337"}],"wp:attachment":[{"href":"https:\/\/web.umons.ac.be\/sante\/wp-json\/wp\/v2\/media?parent=335"}],"curies":[{"name":"wp","href":"https:\/\/api.w.org\/{rel}","templated":true}]}}