{"id":387,"date":"2020-01-22T09:05:38","date_gmt":"2020-01-22T08:05:38","guid":{"rendered":"https:\/\/web.umons.ac.be\/sante\/?page_id=387"},"modified":"2021-12-17T11:18:25","modified_gmt":"2021-12-17T10:18:25","slug":"cipse","status":"publish","type":"page","link":"https:\/\/web.umons.ac.be\/sante\/fr\/plateformes\/cipse\/","title":{"rendered":"CiPsE"},"content":{"rendered":"<h2><a href=\"https:\/\/web.umons.ac.be\/app\/uploads\/sites\/35\/2020\/01\/CIPSE_logo.png\"><img loading=\"lazy\" decoding=\"async\" class=\"alignright size-medium wp-image-388\" src=\"https:\/\/web.umons.ac.be\/app\/uploads\/sites\/35\/2020\/01\/CIPSE_logo-300x118.png\" alt=\"\" width=\"300\" height=\"118\" srcset=\"https:\/\/web.umons.ac.be\/app\/uploads\/sites\/35\/2020\/01\/CIPSE_logo-300x118.png 300w, https:\/\/web.umons.ac.be\/app\/uploads\/sites\/35\/2020\/01\/CIPSE_logo-30x12.png 30w, https:\/\/web.umons.ac.be\/app\/uploads\/sites\/35\/2020\/01\/CIPSE_logo-60x24.png 60w, https:\/\/web.umons.ac.be\/app\/uploads\/sites\/35\/2020\/01\/CIPSE_logo-360x141.png 360w, https:\/\/web.umons.ac.be\/app\/uploads\/sites\/35\/2020\/01\/CIPSE_logo.png 712w\" sizes=\"auto, (max-width: 300px) 100vw, 300px\" \/><\/a>Centre de Recherche et de Formation Interdisciplinaire en Psychophysiologie et Electrophysiologie de la Cognition<\/h2>\n<p>&nbsp;<\/p>\n<p><strong>Le CiPsE regroupe les activit\u00e9s de 7 services de recherche issus de 4 facult\u00e9s de l\u2019UMONS. Il a pour but de cr\u00e9er un environnement favorable au d\u00e9veloppement de projets pluridisciplinaires exploitant les mesures physiologiques, psychologiques et \u00e9lectrophysiologiques de l\u2019activit\u00e9 c\u00e9r\u00e9brale lors de t\u00e2ches cognitives.<\/strong><\/p>\n<p>Fond\u00e9 en 2018, le CiPsE est n\u00e9 de la collaboration de services de recherche et d\u2019enseignement de la Facult\u00e9 de Psychologie et des Sciences de l\u2019Education, de la Facult\u00e9 de M\u00e9decine et Pharmacie et de la Facult\u00e9 Polytechnique de l\u2019UMONS.<\/p>\n<p>La mission du CiPsE consiste en priorit\u00e9 \u00e0 d\u00e9velopper des projets de recherche pluridisciplinaires permettant l\u2019i<strong>nt\u00e9gration de nouvelles technologies<\/strong>\u00a0et la <strong>formation de doctorants<\/strong> au service d\u2019une <strong>recherche innovante et efficace<\/strong>.<\/p>\n<p>Les Neurosciences Cognitives forment un champ de recherche tr\u00e8s complexe, n\u00e9cessitant l\u2019apport de disciplines compl\u00e9mentaires, telles que la psychologie, les sciences biom\u00e9dicales, les math\u00e9matiques et l\u2019ing\u00e9nierie. Cette combinaison unique d\u2019expertises est permise gr\u00e2ce \u00e0 la cr\u00e9ation au sein de l\u2019UMONS d\u2019Institut et de Centres de Recherche interfacultaires.<\/p>\n<p><strong>Le CiPsE dispose de mat\u00e9riel de pointe <\/strong><\/p>\n<ul>\n<li><strong>EEG (64 \u00e0 128 canaux)<\/strong><\/li>\n<li><strong>Spectroscopie infrarouge (fNIRS)<\/strong><\/li>\n<li><strong>Eye-tracking<\/strong><\/li>\n<li><strong>Mesure des param\u00e8tres physiologiques &#8211; Biopac<\/strong><\/li>\n<li><strong>R\u00e9alit\u00e9 virtuelle<\/strong><\/li>\n<\/ul>\n<p>Pour stimuler l\u2019innovation, <strong>les \u00e9quipes\u00a0du CiPsE s\u2019investissent dans 2 grands types d\u2019activit\u00e9s<\/strong> :<\/p>\n<ul>\n<li><strong>Participer activement aux programmes de recherche\u00a0r\u00e9gionaux, nationaux et europ\u00e9ens<\/strong><\/li>\n<li><strong>Former les doctorants et les chercheurs aux technologies et aux outils d\u2019analyse de l\u2019activit\u00e9 c\u00e9r\u00e9brale<\/strong><\/li>\n<\/ul>\n<h3><strong>\u00a0<\/strong><strong>Exemples de recherche en cours<\/strong><\/h3>\n<ul>\n<li>Corr\u00e9lats \u00e9lectrophysiologiques et r\u00f4le des processus sensori-moteurs dans la m\u00e9moire s\u00e9mantique\u00a0au cours de la vie et dans la maladie d\u2019Alzheimer<strong>.<br \/>\n<\/strong><strong style=\"font-size: 14px;\">Le but \u00e0 terme sera de mieux appr\u00e9hender la d\u00e9t\u00e9rioration du syst\u00e8me s\u00e9mantique dans la maladie d\u2019Alzheimer et de proposer des solutions de r\u00e9habilitation innovantes bas\u00e9es sur des processus de type sensori-moteurs. Deux th\u00e8ses, une en psychologie (Aur\u00e9lie Miceli) et une en sciences de l\u2019ing\u00e9nieur (Luca La Fisca) sont en cours<\/strong><\/li>\n<li>D\u00e9veloppement d\u2019environnements virtuels pour les enfants pr\u00e9sentant des troubles de l\u2019attention \u2013 mesures combin\u00e9es de l\u2019EEG et des mouvements oculaires<br \/>\n<strong style=\"font-size: 14px;\">Le but \u00e0 terme est de d\u00e9velopper des syst\u00e8mes d\u2019entrainement de l\u2019attention par neurofeedback en exploitant les potentialit\u00e9s de la r\u00e9alit\u00e9 virtuelle. Une th\u00e8se en sciences de l\u2019ing\u00e9nieur (Victor Delvigne) est en cours.<\/strong><\/li>\n<\/ul>\n<h3><strong>Th\u00e8ses de doctorat d\u00e9fendues en 2019<\/strong><\/h3>\n<ul>\n<li><em>Sarah Itani (FPMs): <\/em><em>Machine learning pour l\u2019aide au diagnostic de troubles mentaux chez l\u2019enfant.<\/em><\/li>\n<li><em style=\"font-size: 14px;\">Erika Wauthia (FPSE): <\/em><em style=\"font-size: 14px;\">L\u2019applicabilit\u00e9 de la th\u00e9orie du contr\u00f4le attentionnel \u00e0 la compr\u00e9hension des biais attentionnels dans l\u2019anxi\u00e9t\u00e9 sociale p\u00e9diatrique.<\/em><\/li>\n<li><em style=\"font-size: 14px;\">Khira El Bouragui (FPSE): R\u00f4le de la prise de perspective et de la flexibilit\u00e9 cognitive dans les d\u00e9ficits empathiques : Application \u00e0 la d\u00e9pression sous-clinique<\/em><\/li>\n<\/ul>\n<h3><strong>Les services membres du CiPsE <\/strong><\/h3>\n<p>Fort de la multidisciplinarit\u00e9 et de la compl\u00e9mentarit\u00e9\u00a0de leurs comp\u00e9tences, ce sont environ 30 collaborateurs\u00a0passionn\u00e9s qui stimulent la recherche dans le domaine des Neurosciences Cognitives.<\/p>\n<table>\n<tbody>\n<tr>\n<td width=\"302\">Service de Neurosciences<\/td>\n<td width=\"302\">Facult\u00e9 de M\u00e9decine et Pharmacie<\/td>\n<\/tr>\n<tr>\n<td width=\"302\">Service de Psychologie Cognitive et Neuropsychologie<\/td>\n<td width=\"302\">Facult\u00e9 de Psychologie et des Sciences de l\u2019\u00e9ducation<\/td>\n<\/tr>\n<tr>\n<td width=\"302\">Service de Psychopathologie L\u00e9gale<\/td>\n<td width=\"302\">Facult\u00e9 de Psychologie et des Sciences de l\u2019\u00e9ducation<\/td>\n<\/tr>\n<tr>\n<td width=\"302\">Service de Management de l\u2019Innovation Technologique (MIT)<\/td>\n<td width=\"302\">Facult\u00e9 Polytechnique<\/td>\n<\/tr>\n<tr>\n<td width=\"302\">Service de Math\u00e9matique et Recherche op\u00e9rationnelle<\/td>\n<td width=\"302\">Facult\u00e9 Polytechnique<\/td>\n<\/tr>\n<tr>\n<td width=\"302\">Service de M\u00e9trologie et Sciences du langage<\/td>\n<td width=\"302\">Facult\u00e9 de Psychologie et des Sciences de l\u2019\u00e9ducation<\/td>\n<\/tr>\n<tr>\n<td width=\"302\">Service Information Signal et Intelligence Artificielle<\/td>\n<td width=\"302\">Facult\u00e9 Polytechnique<\/td>\n<\/tr>\n<tr>\n<td width=\"302\">Service de Math\u00e9matiques Effectives<\/td>\n<td width=\"302\">Facult\u00e9 des Sciences<\/td>\n<\/tr>\n<\/tbody>\n<\/table>\n<h3><strong>Contact<\/strong><\/h3>\n<p><a href=\"mailto:info.CIPSE@alumni.umons.ac.be\"><strong>info.CIPSE@alumni.umons.ac.be<\/strong><\/a><\/p>\n<ul>\n<li><strong>Laurence Ris<\/strong>, FMP, pr\u00e9sidente<\/li>\n<li><span style=\"font-size: 14px;\"><strong>Philippe Fortemps<\/strong>, FPMS, Vice-pr\u00e9sident<\/span><\/li>\n<li><span style=\"font-size: 14px;\"><strong>Mandy Rossignol<\/strong>, FPSE, Secr\u00e9taire<\/span><\/li>\n<\/ul>\n<p>&nbsp;<\/p>\n","protected":false},"excerpt":{"rendered":"<p>Centre de Recherche et de Formation Interdisciplinaire en Psychophysiologie et Electrophysiologie de la Cognition &nbsp; Le CiPsE regroupe les activit\u00e9s de 7 services de recherche issus de 4 facult\u00e9s de l\u2019UMONS. Il a pour but de cr\u00e9er un environnement favorable au d\u00e9veloppement de projets pluridisciplinaires exploitant les mesures physiologiques, psychologiques et \u00e9lectrophysiologiques de l\u2019activit\u00e9 c\u00e9r\u00e9brale [&hellip;]<\/p>\n","protected":false},"author":2,"featured_media":0,"parent":633,"menu_order":0,"comment_status":"closed","ping_status":"closed","template":"","meta":{"footnotes":""},"class_list":["post-387","page","type-page","status-publish","hentry"],"yoast_head":"<!-- This site is optimized with the Yoast SEO plugin v27.2 - https:\/\/yoast.com\/product\/yoast-seo-wordpress\/ -->\n<title>CiPsE - Institut \/ Sant\u00e9<\/title>\n<meta name=\"robots\" content=\"index, follow, max-snippet:-1, max-image-preview:large, max-video-preview:-1\" \/>\n<link rel=\"canonical\" href=\"https:\/\/web.umons.ac.be\/sante\/fr\/plateformes\/cipse\/\" \/>\n<meta property=\"og:locale\" content=\"fr_FR\" \/>\n<meta property=\"og:type\" content=\"article\" \/>\n<meta property=\"og:title\" content=\"CiPsE - Institut \/ Sant\u00e9\" \/>\n<meta property=\"og:description\" content=\"Centre de Recherche et de Formation Interdisciplinaire en Psychophysiologie et Electrophysiologie de la Cognition &nbsp; Le CiPsE regroupe les activit\u00e9s de 7 services de recherche issus de 4 facult\u00e9s de l\u2019UMONS. Il a pour but de cr\u00e9er un environnement favorable au d\u00e9veloppement de projets pluridisciplinaires exploitant les mesures physiologiques, psychologiques et \u00e9lectrophysiologiques de l\u2019activit\u00e9 c\u00e9r\u00e9brale [&hellip;]\" \/>\n<meta property=\"og:url\" content=\"https:\/\/web.umons.ac.be\/sante\/fr\/plateformes\/cipse\/\" \/>\n<meta property=\"og:site_name\" content=\"Institut \/ Sant\u00e9\" \/>\n<meta property=\"article:modified_time\" content=\"2021-12-17T10:18:25+00:00\" \/>\n<meta property=\"og:image\" content=\"https:\/\/web.umons.ac.be\/app\/uploads\/sites\/35\/2020\/01\/CIPSE_logo-300x118.png\" \/>\n<meta name=\"twitter:card\" content=\"summary_large_image\" \/>\n<meta name=\"twitter:label1\" content=\"Dur\u00e9e de lecture estim\u00e9e\" \/>\n\t<meta name=\"twitter:data1\" content=\"3 minutes\" \/>\n<script type=\"application\/ld+json\" class=\"yoast-schema-graph\">{\"@context\":\"https:\/\/schema.org\",\"@graph\":[{\"@type\":\"WebPage\",\"@id\":\"https:\/\/web.umons.ac.be\/sante\/fr\/plateformes\/cipse\/\",\"url\":\"https:\/\/web.umons.ac.be\/sante\/fr\/plateformes\/cipse\/\",\"name\":\"CiPsE - Institut \/ Sant\u00e9\",\"isPartOf\":{\"@id\":\"https:\/\/web.umons.ac.be\/sante\/#website\"},\"primaryImageOfPage\":{\"@id\":\"https:\/\/web.umons.ac.be\/sante\/fr\/plateformes\/cipse\/#primaryimage\"},\"image\":{\"@id\":\"https:\/\/web.umons.ac.be\/sante\/fr\/plateformes\/cipse\/#primaryimage\"},\"thumbnailUrl\":\"https:\/\/web.umons.ac.be\/app\/uploads\/sites\/35\/2020\/01\/CIPSE_logo-300x118.png\",\"datePublished\":\"2020-01-22T08:05:38+00:00\",\"dateModified\":\"2021-12-17T10:18:25+00:00\",\"breadcrumb\":{\"@id\":\"https:\/\/web.umons.ac.be\/sante\/fr\/plateformes\/cipse\/#breadcrumb\"},\"inLanguage\":\"fr-FR\",\"potentialAction\":[{\"@type\":\"ReadAction\",\"target\":[\"https:\/\/web.umons.ac.be\/sante\/fr\/plateformes\/cipse\/\"]}]},{\"@type\":\"ImageObject\",\"inLanguage\":\"fr-FR\",\"@id\":\"https:\/\/web.umons.ac.be\/sante\/fr\/plateformes\/cipse\/#primaryimage\",\"url\":\"https:\/\/web.umons.ac.be\/app\/uploads\/sites\/35\/2020\/01\/CIPSE_logo-300x118.png\",\"contentUrl\":\"https:\/\/web.umons.ac.be\/app\/uploads\/sites\/35\/2020\/01\/CIPSE_logo-300x118.png\"},{\"@type\":\"BreadcrumbList\",\"@id\":\"https:\/\/web.umons.ac.be\/sante\/fr\/plateformes\/cipse\/#breadcrumb\",\"itemListElement\":[{\"@type\":\"ListItem\",\"position\":1,\"name\":\"Accueil\",\"item\":\"https:\/\/web.umons.ac.be\/sante\/fr\/\"},{\"@type\":\"ListItem\",\"position\":2,\"name\":\"Plateformes\",\"item\":\"https:\/\/web.umons.ac.be\/sante\/fr\/plateformes\/\"},{\"@type\":\"ListItem\",\"position\":3,\"name\":\"CiPsE\"}]},{\"@type\":\"WebSite\",\"@id\":\"https:\/\/web.umons.ac.be\/sante\/#website\",\"url\":\"https:\/\/web.umons.ac.be\/sante\/\",\"name\":\"Institut \/ Sant\u00e9\",\"description\":\"Un site utilisant Universit\u00e9 de Mons \u2013 UMONS\",\"potentialAction\":[{\"@type\":\"SearchAction\",\"target\":{\"@type\":\"EntryPoint\",\"urlTemplate\":\"https:\/\/web.umons.ac.be\/sante\/?s={search_term_string}\"},\"query-input\":{\"@type\":\"PropertyValueSpecification\",\"valueRequired\":true,\"valueName\":\"search_term_string\"}}],\"inLanguage\":\"fr-FR\"}]}<\/script>\n<!-- \/ Yoast SEO plugin. -->","yoast_head_json":{"title":"CiPsE - Institut \/ Sant\u00e9","robots":{"index":"index","follow":"follow","max-snippet":"max-snippet:-1","max-image-preview":"max-image-preview:large","max-video-preview":"max-video-preview:-1"},"canonical":"https:\/\/web.umons.ac.be\/sante\/fr\/plateformes\/cipse\/","og_locale":"fr_FR","og_type":"article","og_title":"CiPsE - Institut \/ Sant\u00e9","og_description":"Centre de Recherche et de Formation Interdisciplinaire en Psychophysiologie et Electrophysiologie de la Cognition &nbsp; Le CiPsE regroupe les activit\u00e9s de 7 services de recherche issus de 4 facult\u00e9s de l\u2019UMONS. Il a pour but de cr\u00e9er un environnement favorable au d\u00e9veloppement de projets pluridisciplinaires exploitant les mesures physiologiques, psychologiques et \u00e9lectrophysiologiques de l\u2019activit\u00e9 c\u00e9r\u00e9brale [&hellip;]","og_url":"https:\/\/web.umons.ac.be\/sante\/fr\/plateformes\/cipse\/","og_site_name":"Institut \/ Sant\u00e9","article_modified_time":"2021-12-17T10:18:25+00:00","og_image":[{"url":"https:\/\/web.umons.ac.be\/app\/uploads\/sites\/35\/2020\/01\/CIPSE_logo-300x118.png","type":"","width":"","height":""}],"twitter_card":"summary_large_image","twitter_misc":{"Dur\u00e9e de lecture estim\u00e9e":"3 minutes"},"schema":{"@context":"https:\/\/schema.org","@graph":[{"@type":"WebPage","@id":"https:\/\/web.umons.ac.be\/sante\/fr\/plateformes\/cipse\/","url":"https:\/\/web.umons.ac.be\/sante\/fr\/plateformes\/cipse\/","name":"CiPsE - Institut \/ Sant\u00e9","isPartOf":{"@id":"https:\/\/web.umons.ac.be\/sante\/#website"},"primaryImageOfPage":{"@id":"https:\/\/web.umons.ac.be\/sante\/fr\/plateformes\/cipse\/#primaryimage"},"image":{"@id":"https:\/\/web.umons.ac.be\/sante\/fr\/plateformes\/cipse\/#primaryimage"},"thumbnailUrl":"https:\/\/web.umons.ac.be\/app\/uploads\/sites\/35\/2020\/01\/CIPSE_logo-300x118.png","datePublished":"2020-01-22T08:05:38+00:00","dateModified":"2021-12-17T10:18:25+00:00","breadcrumb":{"@id":"https:\/\/web.umons.ac.be\/sante\/fr\/plateformes\/cipse\/#breadcrumb"},"inLanguage":"fr-FR","potentialAction":[{"@type":"ReadAction","target":["https:\/\/web.umons.ac.be\/sante\/fr\/plateformes\/cipse\/"]}]},{"@type":"ImageObject","inLanguage":"fr-FR","@id":"https:\/\/web.umons.ac.be\/sante\/fr\/plateformes\/cipse\/#primaryimage","url":"https:\/\/web.umons.ac.be\/app\/uploads\/sites\/35\/2020\/01\/CIPSE_logo-300x118.png","contentUrl":"https:\/\/web.umons.ac.be\/app\/uploads\/sites\/35\/2020\/01\/CIPSE_logo-300x118.png"},{"@type":"BreadcrumbList","@id":"https:\/\/web.umons.ac.be\/sante\/fr\/plateformes\/cipse\/#breadcrumb","itemListElement":[{"@type":"ListItem","position":1,"name":"Accueil","item":"https:\/\/web.umons.ac.be\/sante\/fr\/"},{"@type":"ListItem","position":2,"name":"Plateformes","item":"https:\/\/web.umons.ac.be\/sante\/fr\/plateformes\/"},{"@type":"ListItem","position":3,"name":"CiPsE"}]},{"@type":"WebSite","@id":"https:\/\/web.umons.ac.be\/sante\/#website","url":"https:\/\/web.umons.ac.be\/sante\/","name":"Institut \/ Sant\u00e9","description":"Un site utilisant Universit\u00e9 de Mons \u2013 UMONS","potentialAction":[{"@type":"SearchAction","target":{"@type":"EntryPoint","urlTemplate":"https:\/\/web.umons.ac.be\/sante\/?s={search_term_string}"},"query-input":{"@type":"PropertyValueSpecification","valueRequired":true,"valueName":"search_term_string"}}],"inLanguage":"fr-FR"}]}},"lang":"fr","translations":{"fr":387,"en":578},"pll_sync_post":[],"_links":{"self":[{"href":"https:\/\/web.umons.ac.be\/sante\/wp-json\/wp\/v2\/pages\/387","targetHints":{"allow":["GET"]}}],"collection":[{"href":"https:\/\/web.umons.ac.be\/sante\/wp-json\/wp\/v2\/pages"}],"about":[{"href":"https:\/\/web.umons.ac.be\/sante\/wp-json\/wp\/v2\/types\/page"}],"author":[{"embeddable":true,"href":"https:\/\/web.umons.ac.be\/sante\/wp-json\/wp\/v2\/users\/2"}],"replies":[{"embeddable":true,"href":"https:\/\/web.umons.ac.be\/sante\/wp-json\/wp\/v2\/comments?post=387"}],"version-history":[{"count":3,"href":"https:\/\/web.umons.ac.be\/sante\/wp-json\/wp\/v2\/pages\/387\/revisions"}],"predecessor-version":[{"id":695,"href":"https:\/\/web.umons.ac.be\/sante\/wp-json\/wp\/v2\/pages\/387\/revisions\/695"}],"up":[{"embeddable":true,"href":"https:\/\/web.umons.ac.be\/sante\/wp-json\/wp\/v2\/pages\/633"}],"wp:attachment":[{"href":"https:\/\/web.umons.ac.be\/sante\/wp-json\/wp\/v2\/media?parent=387"}],"curies":[{"name":"wp","href":"https:\/\/api.w.org\/{rel}","templated":true}]}}