{"id":633,"date":"2021-12-17T10:44:28","date_gmt":"2021-12-17T09:44:28","guid":{"rendered":"https:\/\/web.umons.ac.be\/sante\/?page_id=633"},"modified":"2022-10-07T10:17:58","modified_gmt":"2022-10-07T08:17:58","slug":"plateformes","status":"publish","type":"page","link":"https:\/\/web.umons.ac.be\/sante\/fr\/plateformes\/","title":{"rendered":"Plateformes"},"content":{"rendered":"<p><img loading=\"lazy\" decoding=\"async\" class=\"alignleft size-medium wp-image-396\" src=\"https:\/\/web.umons.ac.be\/app\/uploads\/sites\/35\/2020\/02\/sant\u00e9_final-300x212.png\" alt=\"\" width=\"300\" height=\"212\" srcset=\"https:\/\/web.umons.ac.be\/app\/uploads\/sites\/35\/2020\/02\/sant\u00e9_final-300x212.png 300w, https:\/\/web.umons.ac.be\/app\/uploads\/sites\/35\/2020\/02\/sant\u00e9_final-768x543.png 768w, https:\/\/web.umons.ac.be\/app\/uploads\/sites\/35\/2020\/02\/sant\u00e9_final-1024x724.png 1024w, https:\/\/web.umons.ac.be\/app\/uploads\/sites\/35\/2020\/02\/sant\u00e9_final-934x660.png 934w, https:\/\/web.umons.ac.be\/app\/uploads\/sites\/35\/2020\/02\/sant\u00e9_final-30x21.png 30w, https:\/\/web.umons.ac.be\/app\/uploads\/sites\/35\/2020\/02\/sant\u00e9_final-60x42.png 60w, https:\/\/web.umons.ac.be\/app\/uploads\/sites\/35\/2020\/02\/sant\u00e9_final-360x255.png 360w\" sizes=\"auto, (max-width: 300px) 100vw, 300px\" \/><\/p>\n<start-cask-shortcode-wrapper><ul class=\"subpages page-children\">\n    <li>\n        <a href=\"https:\/\/web.umons.ac.be\/sante\/fr\/plateformes\/cipse\/\" title=\"CiPsE\" >CiPsE<\/a>\n    <\/li>\n    <li>\n        <a href=\"https:\/\/web.umons.ac.be\/sante\/fr\/plateformes\/molecular-cellular-platform\/\" title=\"Molecular &#038; Cellular platform\" >Molecular &#038; Cellular platform<\/a>\n    <\/li>\n    <li>\n        <a href=\"https:\/\/web.umons.ac.be\/sante\/fr\/plateformes\/developement-pharmaceutique\/\" title=\"D\u00e9velopement Pharmaceutique\" >D\u00e9velopement Pharmaceutique<\/a>\n    <\/li>\n    <li>\n        <a href=\"https:\/\/web.umons.ac.be\/sante\/fr\/plateformes\/imaging\/\" title=\"Imaging\" >Imaging<\/a>\n    <\/li>\n    <li>\n        <a href=\"https:\/\/web.umons.ac.be\/sante\/fr\/plateformes\/risk-assessment\/\" title=\"Risk Assessment\" >Risk Assessment<\/a>\n    <\/li>\n    <li>\n        <a href=\"https:\/\/web.umons.ac.be\/sante\/fr\/plateformes\/physiology-animal-facility\/\" title=\"Physiology Animal Facility\" >Physiology Animal Facility<\/a>\n    <\/li>\n    <li>\n        <a href=\"https:\/\/web.umons.ac.be\/sante\/fr\/plateformes\/biobanque\/\" title=\"Biobanque\" >Biobanque<\/a>\n    <\/li>\n    <li>\n        <a href=\"https:\/\/web.umons.ac.be\/sante\/fr\/plateformes\/analytical-plateform\/\" title=\"Analytical plateform\" >Analytical plateform<\/a>\n    <\/li>\n    <li>\n        <a href=\"https:\/\/web.umons.ac.be\/sante\/fr\/plateformes\/advanced-cell-cultures-for-innovative-life-sciences\/\" title=\"Advanced Cell Cultures for Innovative Life Sciences\" >Advanced Cell Cultures for Innovative Life Sciences<\/a>\n    <\/li>\n    <li>\n        <a href=\"https:\/\/web.umons.ac.be\/sante\/fr\/plateformes\/bioprofiling\/\" title=\"Bioprofiling\" >Bioprofiling<\/a>\n    <\/li>\n    <li>\n        <a href=\"https:\/\/web.umons.ac.be\/sante\/fr\/plateformes\/cmmi\/\" title=\"CMMI\" >CMMI<\/a>\n    <\/li>\n<\/ul><end-cask-shortcode-wrapper>\n","protected":false},"excerpt":{"rendered":"","protected":false},"author":2,"featured_media":0,"parent":0,"menu_order":0,"comment_status":"closed","ping_status":"closed","template":"","meta":{"footnotes":""},"class_list":["post-633","page","type-page","status-publish","hentry"],"yoast_head":"<!-- This site is optimized with the Yoast SEO plugin v27.2 - https:\/\/yoast.com\/product\/yoast-seo-wordpress\/ -->\n<title>Plateformes - Institut \/ Sant\u00e9<\/title>\n<meta name=\"robots\" content=\"index, follow, max-snippet:-1, max-image-preview:large, max-video-preview:-1\" \/>\n<link rel=\"canonical\" href=\"https:\/\/web.umons.ac.be\/sante\/fr\/plateformes\/\" \/>\n<meta property=\"og:locale\" content=\"fr_FR\" \/>\n<meta property=\"og:type\" content=\"article\" \/>\n<meta property=\"og:title\" content=\"Plateformes - Institut \/ Sant\u00e9\" \/>\n<meta property=\"og:url\" content=\"https:\/\/web.umons.ac.be\/sante\/fr\/plateformes\/\" \/>\n<meta property=\"og:site_name\" content=\"Institut \/ Sant\u00e9\" \/>\n<meta property=\"article:modified_time\" content=\"2022-10-07T08:17:58+00:00\" \/>\n<meta name=\"twitter:card\" content=\"summary_large_image\" \/>\n<meta name=\"twitter:label1\" content=\"Dur\u00e9e de lecture estim\u00e9e\" \/>\n\t<meta name=\"twitter:data1\" content=\"1 minute\" \/>\n<script type=\"application\/ld+json\" class=\"yoast-schema-graph\">{\"@context\":\"https:\/\/schema.org\",\"@graph\":[{\"@type\":\"WebPage\",\"@id\":\"https:\/\/web.umons.ac.be\/sante\/fr\/plateformes\/\",\"url\":\"https:\/\/web.umons.ac.be\/sante\/fr\/plateformes\/\",\"name\":\"Plateformes - Institut \/ Sant\u00e9\",\"isPartOf\":{\"@id\":\"https:\/\/web.umons.ac.be\/sante\/#website\"},\"datePublished\":\"2021-12-17T09:44:28+00:00\",\"dateModified\":\"2022-10-07T08:17:58+00:00\",\"breadcrumb\":{\"@id\":\"https:\/\/web.umons.ac.be\/sante\/fr\/plateformes\/#breadcrumb\"},\"inLanguage\":\"fr-FR\",\"potentialAction\":[{\"@type\":\"ReadAction\",\"target\":[\"https:\/\/web.umons.ac.be\/sante\/fr\/plateformes\/\"]}]},{\"@type\":\"BreadcrumbList\",\"@id\":\"https:\/\/web.umons.ac.be\/sante\/fr\/plateformes\/#breadcrumb\",\"itemListElement\":[{\"@type\":\"ListItem\",\"position\":1,\"name\":\"Accueil\",\"item\":\"https:\/\/web.umons.ac.be\/sante\/fr\/\"},{\"@type\":\"ListItem\",\"position\":2,\"name\":\"Plateformes\"}]},{\"@type\":\"WebSite\",\"@id\":\"https:\/\/web.umons.ac.be\/sante\/#website\",\"url\":\"https:\/\/web.umons.ac.be\/sante\/\",\"name\":\"Institut \/ Sant\u00e9\",\"description\":\"Un site utilisant Universit\u00e9 de Mons \u2013 UMONS\",\"potentialAction\":[{\"@type\":\"SearchAction\",\"target\":{\"@type\":\"EntryPoint\",\"urlTemplate\":\"https:\/\/web.umons.ac.be\/sante\/?s={search_term_string}\"},\"query-input\":{\"@type\":\"PropertyValueSpecification\",\"valueRequired\":true,\"valueName\":\"search_term_string\"}}],\"inLanguage\":\"fr-FR\"}]}<\/script>\n<!-- \/ Yoast SEO plugin. -->","yoast_head_json":{"title":"Plateformes - Institut \/ Sant\u00e9","robots":{"index":"index","follow":"follow","max-snippet":"max-snippet:-1","max-image-preview":"max-image-preview:large","max-video-preview":"max-video-preview:-1"},"canonical":"https:\/\/web.umons.ac.be\/sante\/fr\/plateformes\/","og_locale":"fr_FR","og_type":"article","og_title":"Plateformes - Institut \/ Sant\u00e9","og_url":"https:\/\/web.umons.ac.be\/sante\/fr\/plateformes\/","og_site_name":"Institut \/ Sant\u00e9","article_modified_time":"2022-10-07T08:17:58+00:00","twitter_card":"summary_large_image","twitter_misc":{"Dur\u00e9e de lecture estim\u00e9e":"1 minute"},"schema":{"@context":"https:\/\/schema.org","@graph":[{"@type":"WebPage","@id":"https:\/\/web.umons.ac.be\/sante\/fr\/plateformes\/","url":"https:\/\/web.umons.ac.be\/sante\/fr\/plateformes\/","name":"Plateformes - Institut \/ Sant\u00e9","isPartOf":{"@id":"https:\/\/web.umons.ac.be\/sante\/#website"},"datePublished":"2021-12-17T09:44:28+00:00","dateModified":"2022-10-07T08:17:58+00:00","breadcrumb":{"@id":"https:\/\/web.umons.ac.be\/sante\/fr\/plateformes\/#breadcrumb"},"inLanguage":"fr-FR","potentialAction":[{"@type":"ReadAction","target":["https:\/\/web.umons.ac.be\/sante\/fr\/plateformes\/"]}]},{"@type":"BreadcrumbList","@id":"https:\/\/web.umons.ac.be\/sante\/fr\/plateformes\/#breadcrumb","itemListElement":[{"@type":"ListItem","position":1,"name":"Accueil","item":"https:\/\/web.umons.ac.be\/sante\/fr\/"},{"@type":"ListItem","position":2,"name":"Plateformes"}]},{"@type":"WebSite","@id":"https:\/\/web.umons.ac.be\/sante\/#website","url":"https:\/\/web.umons.ac.be\/sante\/","name":"Institut \/ Sant\u00e9","description":"Un site utilisant Universit\u00e9 de Mons \u2013 UMONS","potentialAction":[{"@type":"SearchAction","target":{"@type":"EntryPoint","urlTemplate":"https:\/\/web.umons.ac.be\/sante\/?s={search_term_string}"},"query-input":{"@type":"PropertyValueSpecification","valueRequired":true,"valueName":"search_term_string"}}],"inLanguage":"fr-FR"}]}},"lang":"fr","translations":{"fr":633,"en":650},"pll_sync_post":[],"_links":{"self":[{"href":"https:\/\/web.umons.ac.be\/sante\/wp-json\/wp\/v2\/pages\/633","targetHints":{"allow":["GET"]}}],"collection":[{"href":"https:\/\/web.umons.ac.be\/sante\/wp-json\/wp\/v2\/pages"}],"about":[{"href":"https:\/\/web.umons.ac.be\/sante\/wp-json\/wp\/v2\/types\/page"}],"author":[{"embeddable":true,"href":"https:\/\/web.umons.ac.be\/sante\/wp-json\/wp\/v2\/users\/2"}],"replies":[{"embeddable":true,"href":"https:\/\/web.umons.ac.be\/sante\/wp-json\/wp\/v2\/comments?post=633"}],"version-history":[{"count":3,"href":"https:\/\/web.umons.ac.be\/sante\/wp-json\/wp\/v2\/pages\/633\/revisions"}],"predecessor-version":[{"id":807,"href":"https:\/\/web.umons.ac.be\/sante\/wp-json\/wp\/v2\/pages\/633\/revisions\/807"}],"wp:attachment":[{"href":"https:\/\/web.umons.ac.be\/sante\/wp-json\/wp\/v2\/media?parent=633"}],"curies":[{"name":"wp","href":"https:\/\/api.w.org\/{rel}","templated":true}]}}