{"id":72,"date":"2017-07-20T17:43:53","date_gmt":"2017-07-20T15:43:53","guid":{"rendered":"https:\/\/web.umons.ac.be\/sante\/?page_id=72"},"modified":"2017-11-07T17:48:12","modified_gmt":"2017-11-07T16:48:12","slug":"inovo-first-spin-off","status":"publish","type":"page","link":"https:\/\/web.umons.ac.be\/sante\/fr\/inovo-first-spin-off\/","title":{"rendered":"Nos SPIN-OFF en cr\u00e9ation"},"content":{"rendered":"<h2>INOVO\u00a0(First Spin-Off)<\/h2>\n<p>Mise au point d\u2019une <strong>m\u00e9thode in-vitro permettant d\u2019\u00e9valuer la toxicit\u00e9<\/strong> associ\u00e9e \u00e0 la pr\u00e9sence de <strong>perturbateurs endocriniens<\/strong>. Le test qui sera valid\u00e9 est un test morphologique permettant de mettre en \u00e9vidence une modification de la maturation des ovocytes induite par un PE.<\/p>\n","protected":false},"excerpt":{"rendered":"<p>INOVO\u00a0(First Spin-Off) Mise au point d\u2019une m\u00e9thode in-vitro permettant d\u2019\u00e9valuer la toxicit\u00e9 associ\u00e9e \u00e0 la pr\u00e9sence de perturbateurs endocriniens. Le test qui sera valid\u00e9 est un test morphologique permettant de mettre en \u00e9vidence une modification de la maturation des ovocytes induite par un PE.<\/p>\n","protected":false},"author":2,"featured_media":0,"parent":0,"menu_order":0,"comment_status":"closed","ping_status":"closed","template":"","meta":{"footnotes":""},"class_list":["post-72","page","type-page","status-publish","hentry"],"yoast_head":"<!-- This site is optimized with the Yoast SEO plugin v27.2 - https:\/\/yoast.com\/product\/yoast-seo-wordpress\/ -->\n<title>Nos SPIN-OFF en cr\u00e9ation - Institut \/ Sant\u00e9<\/title>\n<meta name=\"robots\" content=\"index, follow, max-snippet:-1, max-image-preview:large, max-video-preview:-1\" \/>\n<link rel=\"canonical\" href=\"https:\/\/web.umons.ac.be\/sante\/fr\/inovo-first-spin-off\/\" \/>\n<meta property=\"og:locale\" content=\"fr_FR\" \/>\n<meta property=\"og:type\" content=\"article\" \/>\n<meta property=\"og:title\" content=\"Nos SPIN-OFF en cr\u00e9ation - Institut \/ Sant\u00e9\" \/>\n<meta property=\"og:description\" content=\"INOVO\u00a0(First Spin-Off) Mise au point d\u2019une m\u00e9thode in-vitro permettant d\u2019\u00e9valuer la toxicit\u00e9 associ\u00e9e \u00e0 la pr\u00e9sence de perturbateurs endocriniens. Le test qui sera valid\u00e9 est un test morphologique permettant de mettre en \u00e9vidence une modification de la maturation des ovocytes induite par un PE.\" \/>\n<meta property=\"og:url\" content=\"https:\/\/web.umons.ac.be\/sante\/fr\/inovo-first-spin-off\/\" \/>\n<meta property=\"og:site_name\" content=\"Institut \/ Sant\u00e9\" \/>\n<meta property=\"article:modified_time\" content=\"2017-11-07T16:48:12+00:00\" \/>\n<meta name=\"twitter:card\" content=\"summary_large_image\" \/>\n<script type=\"application\/ld+json\" class=\"yoast-schema-graph\">{\"@context\":\"https:\/\/schema.org\",\"@graph\":[{\"@type\":\"WebPage\",\"@id\":\"https:\/\/web.umons.ac.be\/sante\/fr\/inovo-first-spin-off\/\",\"url\":\"https:\/\/web.umons.ac.be\/sante\/fr\/inovo-first-spin-off\/\",\"name\":\"Nos SPIN-OFF en cr\u00e9ation - Institut \/ Sant\u00e9\",\"isPartOf\":{\"@id\":\"https:\/\/web.umons.ac.be\/sante\/#website\"},\"datePublished\":\"2017-07-20T15:43:53+00:00\",\"dateModified\":\"2017-11-07T16:48:12+00:00\",\"breadcrumb\":{\"@id\":\"https:\/\/web.umons.ac.be\/sante\/fr\/inovo-first-spin-off\/#breadcrumb\"},\"inLanguage\":\"fr-FR\",\"potentialAction\":[{\"@type\":\"ReadAction\",\"target\":[\"https:\/\/web.umons.ac.be\/sante\/fr\/inovo-first-spin-off\/\"]}]},{\"@type\":\"BreadcrumbList\",\"@id\":\"https:\/\/web.umons.ac.be\/sante\/fr\/inovo-first-spin-off\/#breadcrumb\",\"itemListElement\":[{\"@type\":\"ListItem\",\"position\":1,\"name\":\"Accueil\",\"item\":\"https:\/\/web.umons.ac.be\/sante\/fr\/\"},{\"@type\":\"ListItem\",\"position\":2,\"name\":\"Nos SPIN-OFF en cr\u00e9ation\"}]},{\"@type\":\"WebSite\",\"@id\":\"https:\/\/web.umons.ac.be\/sante\/#website\",\"url\":\"https:\/\/web.umons.ac.be\/sante\/\",\"name\":\"Institut \/ Sant\u00e9\",\"description\":\"Un site utilisant Universit\u00e9 de Mons \u2013 UMONS\",\"potentialAction\":[{\"@type\":\"SearchAction\",\"target\":{\"@type\":\"EntryPoint\",\"urlTemplate\":\"https:\/\/web.umons.ac.be\/sante\/?s={search_term_string}\"},\"query-input\":{\"@type\":\"PropertyValueSpecification\",\"valueRequired\":true,\"valueName\":\"search_term_string\"}}],\"inLanguage\":\"fr-FR\"}]}<\/script>\n<!-- \/ Yoast SEO plugin. -->","yoast_head_json":{"title":"Nos SPIN-OFF en cr\u00e9ation - Institut \/ Sant\u00e9","robots":{"index":"index","follow":"follow","max-snippet":"max-snippet:-1","max-image-preview":"max-image-preview:large","max-video-preview":"max-video-preview:-1"},"canonical":"https:\/\/web.umons.ac.be\/sante\/fr\/inovo-first-spin-off\/","og_locale":"fr_FR","og_type":"article","og_title":"Nos SPIN-OFF en cr\u00e9ation - Institut \/ Sant\u00e9","og_description":"INOVO\u00a0(First Spin-Off) Mise au point d\u2019une m\u00e9thode in-vitro permettant d\u2019\u00e9valuer la toxicit\u00e9 associ\u00e9e \u00e0 la pr\u00e9sence de perturbateurs endocriniens. Le test qui sera valid\u00e9 est un test morphologique permettant de mettre en \u00e9vidence une modification de la maturation des ovocytes induite par un PE.","og_url":"https:\/\/web.umons.ac.be\/sante\/fr\/inovo-first-spin-off\/","og_site_name":"Institut \/ Sant\u00e9","article_modified_time":"2017-11-07T16:48:12+00:00","twitter_card":"summary_large_image","schema":{"@context":"https:\/\/schema.org","@graph":[{"@type":"WebPage","@id":"https:\/\/web.umons.ac.be\/sante\/fr\/inovo-first-spin-off\/","url":"https:\/\/web.umons.ac.be\/sante\/fr\/inovo-first-spin-off\/","name":"Nos SPIN-OFF en cr\u00e9ation - Institut \/ Sant\u00e9","isPartOf":{"@id":"https:\/\/web.umons.ac.be\/sante\/#website"},"datePublished":"2017-07-20T15:43:53+00:00","dateModified":"2017-11-07T16:48:12+00:00","breadcrumb":{"@id":"https:\/\/web.umons.ac.be\/sante\/fr\/inovo-first-spin-off\/#breadcrumb"},"inLanguage":"fr-FR","potentialAction":[{"@type":"ReadAction","target":["https:\/\/web.umons.ac.be\/sante\/fr\/inovo-first-spin-off\/"]}]},{"@type":"BreadcrumbList","@id":"https:\/\/web.umons.ac.be\/sante\/fr\/inovo-first-spin-off\/#breadcrumb","itemListElement":[{"@type":"ListItem","position":1,"name":"Accueil","item":"https:\/\/web.umons.ac.be\/sante\/fr\/"},{"@type":"ListItem","position":2,"name":"Nos SPIN-OFF en cr\u00e9ation"}]},{"@type":"WebSite","@id":"https:\/\/web.umons.ac.be\/sante\/#website","url":"https:\/\/web.umons.ac.be\/sante\/","name":"Institut \/ Sant\u00e9","description":"Un site utilisant Universit\u00e9 de Mons \u2013 UMONS","potentialAction":[{"@type":"SearchAction","target":{"@type":"EntryPoint","urlTemplate":"https:\/\/web.umons.ac.be\/sante\/?s={search_term_string}"},"query-input":{"@type":"PropertyValueSpecification","valueRequired":true,"valueName":"search_term_string"}}],"inLanguage":"fr-FR"}]}},"lang":"fr","translations":{"fr":72,"en":206},"pll_sync_post":[],"_links":{"self":[{"href":"https:\/\/web.umons.ac.be\/sante\/wp-json\/wp\/v2\/pages\/72","targetHints":{"allow":["GET"]}}],"collection":[{"href":"https:\/\/web.umons.ac.be\/sante\/wp-json\/wp\/v2\/pages"}],"about":[{"href":"https:\/\/web.umons.ac.be\/sante\/wp-json\/wp\/v2\/types\/page"}],"author":[{"embeddable":true,"href":"https:\/\/web.umons.ac.be\/sante\/wp-json\/wp\/v2\/users\/2"}],"replies":[{"embeddable":true,"href":"https:\/\/web.umons.ac.be\/sante\/wp-json\/wp\/v2\/comments?post=72"}],"version-history":[{"count":2,"href":"https:\/\/web.umons.ac.be\/sante\/wp-json\/wp\/v2\/pages\/72\/revisions"}],"predecessor-version":[{"id":184,"href":"https:\/\/web.umons.ac.be\/sante\/wp-json\/wp\/v2\/pages\/72\/revisions\/184"}],"wp:attachment":[{"href":"https:\/\/web.umons.ac.be\/sante\/wp-json\/wp\/v2\/media?parent=72"}],"curies":[{"name":"wp","href":"https:\/\/api.w.org\/{rel}","templated":true}]}}