{"id":75,"date":"2017-07-20T17:44:28","date_gmt":"2017-07-20T15:44:28","guid":{"rendered":"https:\/\/web.umons.ac.be\/sante\/?page_id=75"},"modified":"2017-11-07T17:48:34","modified_gmt":"2017-11-07T16:48:34","slug":"magnetrap-spin-off","status":"publish","type":"page","link":"https:\/\/web.umons.ac.be\/sante\/fr\/magnetrap-spin-off\/","title":{"rendered":"SPIN-OFF"},"content":{"rendered":"<h2>MAGNETRAP<\/h2>\n<p>Magnetrap vise \u00e0 d\u00e9velopper et\u00a0\u00e0 mettre sur le march\u00e9 un instrument\u00a0innovant de diagnostic de la malaria issu\u00a0de l\u2019analyse des besoins du terrain. Cet\u00a0outil se veut tr\u00e8s simple d\u2019utilisation,\u00a0rapide, sensible, fiable en conditions\u00a0tropicales, afin de d\u00e9livrer une mesure\u00a0quantitative de la parasit\u00e9mie.<\/p>\n","protected":false},"excerpt":{"rendered":"<p>MAGNETRAP Magnetrap vise \u00e0 d\u00e9velopper et\u00a0\u00e0 mettre sur le march\u00e9 un instrument\u00a0innovant de diagnostic de la malaria issu\u00a0de l\u2019analyse des besoins du terrain. Cet\u00a0outil se veut tr\u00e8s simple d\u2019utilisation,\u00a0rapide, sensible, fiable en conditions\u00a0tropicales, afin de d\u00e9livrer une mesure\u00a0quantitative de la parasit\u00e9mie.<\/p>\n","protected":false},"author":2,"featured_media":0,"parent":0,"menu_order":0,"comment_status":"closed","ping_status":"closed","template":"","meta":{"footnotes":""},"class_list":["post-75","page","type-page","status-publish","hentry"],"yoast_head":"<!-- This site is optimized with the Yoast SEO plugin v27.2 - https:\/\/yoast.com\/product\/yoast-seo-wordpress\/ -->\n<title>SPIN-OFF - Institut \/ Sant\u00e9<\/title>\n<meta name=\"robots\" content=\"index, follow, max-snippet:-1, max-image-preview:large, max-video-preview:-1\" \/>\n<link rel=\"canonical\" href=\"https:\/\/web.umons.ac.be\/sante\/fr\/magnetrap-spin-off\/\" \/>\n<meta property=\"og:locale\" content=\"fr_FR\" \/>\n<meta property=\"og:type\" content=\"article\" \/>\n<meta property=\"og:title\" content=\"SPIN-OFF - Institut \/ Sant\u00e9\" \/>\n<meta property=\"og:description\" content=\"MAGNETRAP Magnetrap vise \u00e0 d\u00e9velopper et\u00a0\u00e0 mettre sur le march\u00e9 un instrument\u00a0innovant de diagnostic de la malaria issu\u00a0de l\u2019analyse des besoins du terrain. Cet\u00a0outil se veut tr\u00e8s simple d\u2019utilisation,\u00a0rapide, sensible, fiable en conditions\u00a0tropicales, afin de d\u00e9livrer une mesure\u00a0quantitative de la parasit\u00e9mie.\" \/>\n<meta property=\"og:url\" content=\"https:\/\/web.umons.ac.be\/sante\/fr\/magnetrap-spin-off\/\" \/>\n<meta property=\"og:site_name\" content=\"Institut \/ Sant\u00e9\" \/>\n<meta property=\"article:modified_time\" content=\"2017-11-07T16:48:34+00:00\" \/>\n<meta name=\"twitter:card\" content=\"summary_large_image\" \/>\n<script type=\"application\/ld+json\" class=\"yoast-schema-graph\">{\"@context\":\"https:\/\/schema.org\",\"@graph\":[{\"@type\":\"WebPage\",\"@id\":\"https:\/\/web.umons.ac.be\/sante\/fr\/magnetrap-spin-off\/\",\"url\":\"https:\/\/web.umons.ac.be\/sante\/fr\/magnetrap-spin-off\/\",\"name\":\"SPIN-OFF - Institut \/ Sant\u00e9\",\"isPartOf\":{\"@id\":\"https:\/\/web.umons.ac.be\/sante\/#website\"},\"datePublished\":\"2017-07-20T15:44:28+00:00\",\"dateModified\":\"2017-11-07T16:48:34+00:00\",\"breadcrumb\":{\"@id\":\"https:\/\/web.umons.ac.be\/sante\/fr\/magnetrap-spin-off\/#breadcrumb\"},\"inLanguage\":\"fr-FR\",\"potentialAction\":[{\"@type\":\"ReadAction\",\"target\":[\"https:\/\/web.umons.ac.be\/sante\/fr\/magnetrap-spin-off\/\"]}]},{\"@type\":\"BreadcrumbList\",\"@id\":\"https:\/\/web.umons.ac.be\/sante\/fr\/magnetrap-spin-off\/#breadcrumb\",\"itemListElement\":[{\"@type\":\"ListItem\",\"position\":1,\"name\":\"Accueil\",\"item\":\"https:\/\/web.umons.ac.be\/sante\/fr\/\"},{\"@type\":\"ListItem\",\"position\":2,\"name\":\"SPIN-OFF\"}]},{\"@type\":\"WebSite\",\"@id\":\"https:\/\/web.umons.ac.be\/sante\/#website\",\"url\":\"https:\/\/web.umons.ac.be\/sante\/\",\"name\":\"Institut \/ Sant\u00e9\",\"description\":\"Un site utilisant Universit\u00e9 de Mons \u2013 UMONS\",\"potentialAction\":[{\"@type\":\"SearchAction\",\"target\":{\"@type\":\"EntryPoint\",\"urlTemplate\":\"https:\/\/web.umons.ac.be\/sante\/?s={search_term_string}\"},\"query-input\":{\"@type\":\"PropertyValueSpecification\",\"valueRequired\":true,\"valueName\":\"search_term_string\"}}],\"inLanguage\":\"fr-FR\"}]}<\/script>\n<!-- \/ Yoast SEO plugin. -->","yoast_head_json":{"title":"SPIN-OFF - Institut \/ Sant\u00e9","robots":{"index":"index","follow":"follow","max-snippet":"max-snippet:-1","max-image-preview":"max-image-preview:large","max-video-preview":"max-video-preview:-1"},"canonical":"https:\/\/web.umons.ac.be\/sante\/fr\/magnetrap-spin-off\/","og_locale":"fr_FR","og_type":"article","og_title":"SPIN-OFF - Institut \/ Sant\u00e9","og_description":"MAGNETRAP Magnetrap vise \u00e0 d\u00e9velopper et\u00a0\u00e0 mettre sur le march\u00e9 un instrument\u00a0innovant de diagnostic de la malaria issu\u00a0de l\u2019analyse des besoins du terrain. Cet\u00a0outil se veut tr\u00e8s simple d\u2019utilisation,\u00a0rapide, sensible, fiable en conditions\u00a0tropicales, afin de d\u00e9livrer une mesure\u00a0quantitative de la parasit\u00e9mie.","og_url":"https:\/\/web.umons.ac.be\/sante\/fr\/magnetrap-spin-off\/","og_site_name":"Institut \/ Sant\u00e9","article_modified_time":"2017-11-07T16:48:34+00:00","twitter_card":"summary_large_image","schema":{"@context":"https:\/\/schema.org","@graph":[{"@type":"WebPage","@id":"https:\/\/web.umons.ac.be\/sante\/fr\/magnetrap-spin-off\/","url":"https:\/\/web.umons.ac.be\/sante\/fr\/magnetrap-spin-off\/","name":"SPIN-OFF - Institut \/ Sant\u00e9","isPartOf":{"@id":"https:\/\/web.umons.ac.be\/sante\/#website"},"datePublished":"2017-07-20T15:44:28+00:00","dateModified":"2017-11-07T16:48:34+00:00","breadcrumb":{"@id":"https:\/\/web.umons.ac.be\/sante\/fr\/magnetrap-spin-off\/#breadcrumb"},"inLanguage":"fr-FR","potentialAction":[{"@type":"ReadAction","target":["https:\/\/web.umons.ac.be\/sante\/fr\/magnetrap-spin-off\/"]}]},{"@type":"BreadcrumbList","@id":"https:\/\/web.umons.ac.be\/sante\/fr\/magnetrap-spin-off\/#breadcrumb","itemListElement":[{"@type":"ListItem","position":1,"name":"Accueil","item":"https:\/\/web.umons.ac.be\/sante\/fr\/"},{"@type":"ListItem","position":2,"name":"SPIN-OFF"}]},{"@type":"WebSite","@id":"https:\/\/web.umons.ac.be\/sante\/#website","url":"https:\/\/web.umons.ac.be\/sante\/","name":"Institut \/ Sant\u00e9","description":"Un site utilisant Universit\u00e9 de Mons \u2013 UMONS","potentialAction":[{"@type":"SearchAction","target":{"@type":"EntryPoint","urlTemplate":"https:\/\/web.umons.ac.be\/sante\/?s={search_term_string}"},"query-input":{"@type":"PropertyValueSpecification","valueRequired":true,"valueName":"search_term_string"}}],"inLanguage":"fr-FR"}]}},"lang":"fr","translations":{"fr":75,"en":214},"pll_sync_post":[],"_links":{"self":[{"href":"https:\/\/web.umons.ac.be\/sante\/wp-json\/wp\/v2\/pages\/75","targetHints":{"allow":["GET"]}}],"collection":[{"href":"https:\/\/web.umons.ac.be\/sante\/wp-json\/wp\/v2\/pages"}],"about":[{"href":"https:\/\/web.umons.ac.be\/sante\/wp-json\/wp\/v2\/types\/page"}],"author":[{"embeddable":true,"href":"https:\/\/web.umons.ac.be\/sante\/wp-json\/wp\/v2\/users\/2"}],"replies":[{"embeddable":true,"href":"https:\/\/web.umons.ac.be\/sante\/wp-json\/wp\/v2\/comments?post=75"}],"version-history":[{"count":2,"href":"https:\/\/web.umons.ac.be\/sante\/wp-json\/wp\/v2\/pages\/75\/revisions"}],"predecessor-version":[{"id":182,"href":"https:\/\/web.umons.ac.be\/sante\/wp-json\/wp\/v2\/pages\/75\/revisions\/182"}],"wp:attachment":[{"href":"https:\/\/web.umons.ac.be\/sante\/wp-json\/wp\/v2\/media?parent=75"}],"curies":[{"name":"wp","href":"https:\/\/api.w.org\/{rel}","templated":true}]}}