{"id":768,"date":"2022-09-07T11:41:42","date_gmt":"2022-09-07T09:41:42","guid":{"rendered":"https:\/\/web.umons.ac.be\/sante\/?page_id=768"},"modified":"2022-09-23T14:04:03","modified_gmt":"2022-09-23T12:04:03","slug":"organ-crosstalk","status":"publish","type":"page","link":"https:\/\/web.umons.ac.be\/sante\/fr\/axes-de-recherche\/organ-crosstalk\/","title":{"rendered":"Organ Crosstalk"},"content":{"rendered":"<p>L\u2019objectif de cet axe de recherche est de relier les principaux facteurs de communication intra- et inter-organes aux alt\u00e9rations observ\u00e9es dans la fonction et la morphologie des organes et ce afin de mieux comprendre les m\u00e9canismes cellulaires et mol\u00e9culaires sous-jacents aux pathologies, telles que le diab\u00e8te, l\u2019ob\u00e9sit\u00e9 ou encore les pathologies cardiovasculaires, et de mettre en \u00e9vidence de nouvelles cibles th\u00e9rapeutiques.<\/p>\n<p>L\u2019accent est mis sur les collaborations avec les partenaires acad\u00e9miques, industriels et hospitaliers dans une approche alliant les technologies de pointes et les expertises pr\u00e9cliniques, in vitro et in vivo, et cliniques.<\/p>\n<p><img loading=\"lazy\" decoding=\"async\" class=\"alignright size-full wp-image-898\" src=\"https:\/\/web.umons.ac.be\/app\/uploads\/sites\/35\/2022\/09\/image-oct-300-290-1.png\" alt=\"\" width=\"300\" height=\"289\" srcset=\"https:\/\/web.umons.ac.be\/app\/uploads\/sites\/35\/2022\/09\/image-oct-300-290-1.png 300w, https:\/\/web.umons.ac.be\/app\/uploads\/sites\/35\/2022\/09\/image-oct-300-290-1-30x29.png 30w, https:\/\/web.umons.ac.be\/app\/uploads\/sites\/35\/2022\/09\/image-oct-300-290-1-60x58.png 60w\" sizes=\"auto, (max-width: 300px) 100vw, 300px\" \/><\/p>\n","protected":false},"excerpt":{"rendered":"<p>L\u2019objectif de cet axe de recherche est de relier les principaux facteurs de communication intra- et inter-organes aux alt\u00e9rations observ\u00e9es dans la fonction et la morphologie des organes et ce afin de mieux comprendre les m\u00e9canismes cellulaires et mol\u00e9culaires sous-jacents aux pathologies, telles que le diab\u00e8te, l\u2019ob\u00e9sit\u00e9 ou encore les pathologies cardiovasculaires, et de mettre [&hellip;]<\/p>\n","protected":false},"author":2,"featured_media":0,"parent":630,"menu_order":0,"comment_status":"closed","ping_status":"closed","template":"","meta":{"footnotes":""},"class_list":["post-768","page","type-page","status-publish","hentry"],"yoast_head":"<!-- This site is optimized with the Yoast SEO plugin v27.2 - https:\/\/yoast.com\/product\/yoast-seo-wordpress\/ -->\n<title>Organ Crosstalk - Institut \/ Sant\u00e9<\/title>\n<meta name=\"robots\" content=\"index, follow, max-snippet:-1, max-image-preview:large, max-video-preview:-1\" \/>\n<link rel=\"canonical\" href=\"https:\/\/web.umons.ac.be\/sante\/fr\/axes-de-recherche\/organ-crosstalk\/\" \/>\n<meta property=\"og:locale\" content=\"fr_FR\" \/>\n<meta property=\"og:type\" content=\"article\" \/>\n<meta property=\"og:title\" content=\"Organ Crosstalk - Institut \/ Sant\u00e9\" \/>\n<meta property=\"og:description\" content=\"L\u2019objectif de cet axe de recherche est de relier les principaux facteurs de communication intra- et inter-organes aux alt\u00e9rations observ\u00e9es dans la fonction et la morphologie des organes et ce afin de mieux comprendre les m\u00e9canismes cellulaires et mol\u00e9culaires sous-jacents aux pathologies, telles que le diab\u00e8te, l\u2019ob\u00e9sit\u00e9 ou encore les pathologies cardiovasculaires, et de mettre [&hellip;]\" \/>\n<meta property=\"og:url\" content=\"https:\/\/web.umons.ac.be\/sante\/fr\/axes-de-recherche\/organ-crosstalk\/\" \/>\n<meta property=\"og:site_name\" content=\"Institut \/ Sant\u00e9\" \/>\n<meta property=\"article:modified_time\" content=\"2022-09-23T12:04:03+00:00\" \/>\n<meta property=\"og:image\" content=\"https:\/\/web.umons.ac.be\/app\/uploads\/sites\/35\/2022\/09\/image-oct-300-290-1.png\" \/>\n<meta name=\"twitter:card\" content=\"summary_large_image\" \/>\n<meta name=\"twitter:label1\" content=\"Dur\u00e9e de lecture estim\u00e9e\" \/>\n\t<meta name=\"twitter:data1\" content=\"1 minute\" \/>\n<script type=\"application\/ld+json\" class=\"yoast-schema-graph\">{\"@context\":\"https:\/\/schema.org\",\"@graph\":[{\"@type\":\"WebPage\",\"@id\":\"https:\/\/web.umons.ac.be\/sante\/fr\/axes-de-recherche\/organ-crosstalk\/\",\"url\":\"https:\/\/web.umons.ac.be\/sante\/fr\/axes-de-recherche\/organ-crosstalk\/\",\"name\":\"Organ Crosstalk - Institut \/ Sant\u00e9\",\"isPartOf\":{\"@id\":\"https:\/\/web.umons.ac.be\/sante\/#website\"},\"primaryImageOfPage\":{\"@id\":\"https:\/\/web.umons.ac.be\/sante\/fr\/axes-de-recherche\/organ-crosstalk\/#primaryimage\"},\"image\":{\"@id\":\"https:\/\/web.umons.ac.be\/sante\/fr\/axes-de-recherche\/organ-crosstalk\/#primaryimage\"},\"thumbnailUrl\":\"https:\/\/web.umons.ac.be\/app\/uploads\/sites\/35\/2022\/09\/image-oct-300-290-1.png\",\"datePublished\":\"2022-09-07T09:41:42+00:00\",\"dateModified\":\"2022-09-23T12:04:03+00:00\",\"breadcrumb\":{\"@id\":\"https:\/\/web.umons.ac.be\/sante\/fr\/axes-de-recherche\/organ-crosstalk\/#breadcrumb\"},\"inLanguage\":\"fr-FR\",\"potentialAction\":[{\"@type\":\"ReadAction\",\"target\":[\"https:\/\/web.umons.ac.be\/sante\/fr\/axes-de-recherche\/organ-crosstalk\/\"]}]},{\"@type\":\"ImageObject\",\"inLanguage\":\"fr-FR\",\"@id\":\"https:\/\/web.umons.ac.be\/sante\/fr\/axes-de-recherche\/organ-crosstalk\/#primaryimage\",\"url\":\"https:\/\/web.umons.ac.be\/app\/uploads\/sites\/35\/2022\/09\/image-oct-300-290-1.png\",\"contentUrl\":\"https:\/\/web.umons.ac.be\/app\/uploads\/sites\/35\/2022\/09\/image-oct-300-290-1.png\"},{\"@type\":\"BreadcrumbList\",\"@id\":\"https:\/\/web.umons.ac.be\/sante\/fr\/axes-de-recherche\/organ-crosstalk\/#breadcrumb\",\"itemListElement\":[{\"@type\":\"ListItem\",\"position\":1,\"name\":\"Accueil\",\"item\":\"https:\/\/web.umons.ac.be\/sante\/fr\/\"},{\"@type\":\"ListItem\",\"position\":2,\"name\":\"Axes de Recherche\",\"item\":\"https:\/\/web.umons.ac.be\/sante\/fr\/axes-de-recherche\/\"},{\"@type\":\"ListItem\",\"position\":3,\"name\":\"Organ Crosstalk\"}]},{\"@type\":\"WebSite\",\"@id\":\"https:\/\/web.umons.ac.be\/sante\/#website\",\"url\":\"https:\/\/web.umons.ac.be\/sante\/\",\"name\":\"Institut \/ Sant\u00e9\",\"description\":\"Un site utilisant Universit\u00e9 de Mons \u2013 UMONS\",\"potentialAction\":[{\"@type\":\"SearchAction\",\"target\":{\"@type\":\"EntryPoint\",\"urlTemplate\":\"https:\/\/web.umons.ac.be\/sante\/?s={search_term_string}\"},\"query-input\":{\"@type\":\"PropertyValueSpecification\",\"valueRequired\":true,\"valueName\":\"search_term_string\"}}],\"inLanguage\":\"fr-FR\"}]}<\/script>\n<!-- \/ Yoast SEO plugin. -->","yoast_head_json":{"title":"Organ Crosstalk - Institut \/ Sant\u00e9","robots":{"index":"index","follow":"follow","max-snippet":"max-snippet:-1","max-image-preview":"max-image-preview:large","max-video-preview":"max-video-preview:-1"},"canonical":"https:\/\/web.umons.ac.be\/sante\/fr\/axes-de-recherche\/organ-crosstalk\/","og_locale":"fr_FR","og_type":"article","og_title":"Organ Crosstalk - Institut \/ Sant\u00e9","og_description":"L\u2019objectif de cet axe de recherche est de relier les principaux facteurs de communication intra- et inter-organes aux alt\u00e9rations observ\u00e9es dans la fonction et la morphologie des organes et ce afin de mieux comprendre les m\u00e9canismes cellulaires et mol\u00e9culaires sous-jacents aux pathologies, telles que le diab\u00e8te, l\u2019ob\u00e9sit\u00e9 ou encore les pathologies cardiovasculaires, et de mettre [&hellip;]","og_url":"https:\/\/web.umons.ac.be\/sante\/fr\/axes-de-recherche\/organ-crosstalk\/","og_site_name":"Institut \/ Sant\u00e9","article_modified_time":"2022-09-23T12:04:03+00:00","og_image":[{"url":"https:\/\/web.umons.ac.be\/app\/uploads\/sites\/35\/2022\/09\/image-oct-300-290-1.png","type":"","width":"","height":""}],"twitter_card":"summary_large_image","twitter_misc":{"Dur\u00e9e de lecture estim\u00e9e":"1 minute"},"schema":{"@context":"https:\/\/schema.org","@graph":[{"@type":"WebPage","@id":"https:\/\/web.umons.ac.be\/sante\/fr\/axes-de-recherche\/organ-crosstalk\/","url":"https:\/\/web.umons.ac.be\/sante\/fr\/axes-de-recherche\/organ-crosstalk\/","name":"Organ Crosstalk - Institut \/ Sant\u00e9","isPartOf":{"@id":"https:\/\/web.umons.ac.be\/sante\/#website"},"primaryImageOfPage":{"@id":"https:\/\/web.umons.ac.be\/sante\/fr\/axes-de-recherche\/organ-crosstalk\/#primaryimage"},"image":{"@id":"https:\/\/web.umons.ac.be\/sante\/fr\/axes-de-recherche\/organ-crosstalk\/#primaryimage"},"thumbnailUrl":"https:\/\/web.umons.ac.be\/app\/uploads\/sites\/35\/2022\/09\/image-oct-300-290-1.png","datePublished":"2022-09-07T09:41:42+00:00","dateModified":"2022-09-23T12:04:03+00:00","breadcrumb":{"@id":"https:\/\/web.umons.ac.be\/sante\/fr\/axes-de-recherche\/organ-crosstalk\/#breadcrumb"},"inLanguage":"fr-FR","potentialAction":[{"@type":"ReadAction","target":["https:\/\/web.umons.ac.be\/sante\/fr\/axes-de-recherche\/organ-crosstalk\/"]}]},{"@type":"ImageObject","inLanguage":"fr-FR","@id":"https:\/\/web.umons.ac.be\/sante\/fr\/axes-de-recherche\/organ-crosstalk\/#primaryimage","url":"https:\/\/web.umons.ac.be\/app\/uploads\/sites\/35\/2022\/09\/image-oct-300-290-1.png","contentUrl":"https:\/\/web.umons.ac.be\/app\/uploads\/sites\/35\/2022\/09\/image-oct-300-290-1.png"},{"@type":"BreadcrumbList","@id":"https:\/\/web.umons.ac.be\/sante\/fr\/axes-de-recherche\/organ-crosstalk\/#breadcrumb","itemListElement":[{"@type":"ListItem","position":1,"name":"Accueil","item":"https:\/\/web.umons.ac.be\/sante\/fr\/"},{"@type":"ListItem","position":2,"name":"Axes de Recherche","item":"https:\/\/web.umons.ac.be\/sante\/fr\/axes-de-recherche\/"},{"@type":"ListItem","position":3,"name":"Organ Crosstalk"}]},{"@type":"WebSite","@id":"https:\/\/web.umons.ac.be\/sante\/#website","url":"https:\/\/web.umons.ac.be\/sante\/","name":"Institut \/ Sant\u00e9","description":"Un site utilisant Universit\u00e9 de Mons \u2013 UMONS","potentialAction":[{"@type":"SearchAction","target":{"@type":"EntryPoint","urlTemplate":"https:\/\/web.umons.ac.be\/sante\/?s={search_term_string}"},"query-input":{"@type":"PropertyValueSpecification","valueRequired":true,"valueName":"search_term_string"}}],"inLanguage":"fr-FR"}]}},"lang":"fr","translations":{"fr":768},"pll_sync_post":[],"_links":{"self":[{"href":"https:\/\/web.umons.ac.be\/sante\/wp-json\/wp\/v2\/pages\/768","targetHints":{"allow":["GET"]}}],"collection":[{"href":"https:\/\/web.umons.ac.be\/sante\/wp-json\/wp\/v2\/pages"}],"about":[{"href":"https:\/\/web.umons.ac.be\/sante\/wp-json\/wp\/v2\/types\/page"}],"author":[{"embeddable":true,"href":"https:\/\/web.umons.ac.be\/sante\/wp-json\/wp\/v2\/users\/2"}],"replies":[{"embeddable":true,"href":"https:\/\/web.umons.ac.be\/sante\/wp-json\/wp\/v2\/comments?post=768"}],"version-history":[{"count":3,"href":"https:\/\/web.umons.ac.be\/sante\/wp-json\/wp\/v2\/pages\/768\/revisions"}],"predecessor-version":[{"id":899,"href":"https:\/\/web.umons.ac.be\/sante\/wp-json\/wp\/v2\/pages\/768\/revisions\/899"}],"up":[{"embeddable":true,"href":"https:\/\/web.umons.ac.be\/sante\/wp-json\/wp\/v2\/pages\/630"}],"wp:attachment":[{"href":"https:\/\/web.umons.ac.be\/sante\/wp-json\/wp\/v2\/media?parent=768"}],"curies":[{"name":"wp","href":"https:\/\/api.w.org\/{rel}","templated":true}]}}