{"id":78,"date":"2017-07-20T17:45:27","date_gmt":"2017-07-20T15:45:27","guid":{"rendered":"https:\/\/web.umons.ac.be\/sante\/?page_id=78"},"modified":"2025-11-14T09:43:59","modified_gmt":"2025-11-14T08:43:59","slug":"partenaires","status":"publish","type":"page","link":"https:\/\/web.umons.ac.be\/sante\/fr\/partenaires\/","title":{"rendered":"Partenaires"},"content":{"rendered":"<h2>Collaboration avec les centres hospitaliers<\/h2>\n<p><span style=\"font-size: 14px;\">L\u2019Institut Sant\u00e9 collabore avec les centres hospitaliers de la r\u00e9gion :<\/span><\/p>\n<table style=\"border-collapse: collapse; width: 100%;\">\n<tbody>\n<tr>\n<td style=\"width: 25%;\"><a href=\"https:\/\/web.umons.ac.be\/sante\/fr\/partenaires\/centre-de-recherche-helora-umons-crhu\/\" target=\"_blank\" rel=\"noopener\"><img loading=\"lazy\" decoding=\"async\" class=\"size-medium wp-image-1188 aligncenter\" src=\"https:\/\/web.umons.ac.be\/app\/uploads\/sites\/35\/2025\/11\/Fond-blanc-Coin-arrondi-D-1-768x328-1-300x128.png\" alt=\"\" width=\"300\" height=\"128\" srcset=\"https:\/\/web.umons.ac.be\/app\/uploads\/sites\/35\/2025\/11\/Fond-blanc-Coin-arrondi-D-1-768x328-1-300x128.png 300w, https:\/\/web.umons.ac.be\/app\/uploads\/sites\/35\/2025\/11\/Fond-blanc-Coin-arrondi-D-1-768x328-1-30x13.png 30w, https:\/\/web.umons.ac.be\/app\/uploads\/sites\/35\/2025\/11\/Fond-blanc-Coin-arrondi-D-1-768x328-1-60x26.png 60w, https:\/\/web.umons.ac.be\/app\/uploads\/sites\/35\/2025\/11\/Fond-blanc-Coin-arrondi-D-1-768x328-1-360x154.png 360w, https:\/\/web.umons.ac.be\/app\/uploads\/sites\/35\/2025\/11\/Fond-blanc-Coin-arrondi-D-1-768x328-1.png 768w\" sizes=\"auto, (max-width: 300px) 100vw, 300px\" \/><\/a><\/td>\n<td style=\"width: 25%;\"><a href=\"https:\/\/web.umons.ac.be\/sante\/fr\/partenaires\/chaire-innovation-sante-epicura-umons\/\" target=\"_blank\" rel=\"noopener\"><img loading=\"lazy\" decoding=\"async\" class=\"size-medium wp-image-1189 aligncenter\" src=\"https:\/\/web.umons.ac.be\/app\/uploads\/sites\/35\/2025\/11\/EpiCURA_green-300x155.png\" alt=\"\" width=\"300\" height=\"155\" srcset=\"https:\/\/web.umons.ac.be\/app\/uploads\/sites\/35\/2025\/11\/EpiCURA_green-300x155.png 300w, https:\/\/web.umons.ac.be\/app\/uploads\/sites\/35\/2025\/11\/EpiCURA_green-30x16.png 30w, https:\/\/web.umons.ac.be\/app\/uploads\/sites\/35\/2025\/11\/EpiCURA_green-60x31.png 60w, https:\/\/web.umons.ac.be\/app\/uploads\/sites\/35\/2025\/11\/EpiCURA_green-360x186.png 360w, https:\/\/web.umons.ac.be\/app\/uploads\/sites\/35\/2025\/11\/EpiCURA_green.png 684w\" sizes=\"auto, (max-width: 300px) 100vw, 300px\" \/><\/a><\/td>\n<td style=\"width: 25%;\"><img loading=\"lazy\" decoding=\"async\" class=\"size-full wp-image-811 aligncenter\" src=\"https:\/\/web.umons.ac.be\/app\/uploads\/sites\/35\/2022\/09\/chwapi.jpg\" alt=\"\" width=\"145\" height=\"55\" srcset=\"https:\/\/web.umons.ac.be\/app\/uploads\/sites\/35\/2022\/09\/chwapi.jpg 145w, https:\/\/web.umons.ac.be\/app\/uploads\/sites\/35\/2022\/09\/chwapi-30x11.jpg 30w, https:\/\/web.umons.ac.be\/app\/uploads\/sites\/35\/2022\/09\/chwapi-60x23.jpg 60w\" sizes=\"auto, (max-width: 145px) 100vw, 145px\" \/><\/td>\n<td style=\"width: 25%;\"><img loading=\"lazy\" decoding=\"async\" class=\"size-medium wp-image-1190 aligncenter\" src=\"https:\/\/web.umons.ac.be\/app\/uploads\/sites\/35\/2025\/11\/images-300x118.jpeg\" alt=\"\" width=\"300\" height=\"118\" srcset=\"https:\/\/web.umons.ac.be\/app\/uploads\/sites\/35\/2025\/11\/images-300x118.jpeg 300w, https:\/\/web.umons.ac.be\/app\/uploads\/sites\/35\/2025\/11\/images-30x12.jpeg 30w, https:\/\/web.umons.ac.be\/app\/uploads\/sites\/35\/2025\/11\/images-60x24.jpeg 60w, https:\/\/web.umons.ac.be\/app\/uploads\/sites\/35\/2025\/11\/images.jpeg 350w\" sizes=\"auto, (max-width: 300px) 100vw, 300px\" \/><\/td>\n<\/tr>\n<\/tbody>\n<\/table>\n<p>&nbsp;<\/p>\n<start-cask-shortcode-wrapper>    <div class=\"accordion content-block scheme-sante\">\n                <div class=\"accordion-inner\">\n            <div class=\"accordion-bellow\">\n                <button class=\"accordion-bellow-toggle scheme-background-hover\" data-target=\"#accordion-content-6916eb3ed3462\">\n                    <span class=\"icon umons-icon-chevron-down\" aria-hidden=\"true\"><\/span> UMONS | CHU HELORA                <\/button>\n            <\/div>\n            <div id=\"accordion-content-6916eb3ed3462\" class=\"accordion-content\">\n            \t<div class=\"inner editor-front\">\n            \t\t<p>Les CHU HELORA et l\u2019UMONS renforcent leur collaboration scientifique avec la cr\u00e9ation du Centre de Recherche HELORA-UMONS (CRHU). Ce centre concr\u00e9tise et structure plus de dix ann\u00e9es de coop\u00e9ration entre les deux institutions. Il vise \u00e0 soutenir une recherche clinique et translationnelle de haut niveau, au service des patients, des \u00e9quipes m\u00e9dicales et de la communaut\u00e9 scientifique.<\/p>\n<p><a href=\"https:\/\/web.umons.ac.be\/sante\/fr\/partenaires\/centre-de-recherche-helora-umons-crhu\/\" target=\"_blank\" rel=\"noopener\">Plus d&rsquo;infos ici<\/a>.<\/p>\n<p><img loading=\"lazy\" decoding=\"async\" class=\"alignnone  wp-image-1192\" src=\"https:\/\/web.umons.ac.be\/app\/uploads\/sites\/35\/2025\/11\/POSITIF-CRHU-Fond-transparent-300x146.png\" alt=\"\" width=\"177\" height=\"86\" srcset=\"https:\/\/web.umons.ac.be\/app\/uploads\/sites\/35\/2025\/11\/POSITIF-CRHU-Fond-transparent-300x146.png 300w, https:\/\/web.umons.ac.be\/app\/uploads\/sites\/35\/2025\/11\/POSITIF-CRHU-Fond-transparent-768x375.png 768w, https:\/\/web.umons.ac.be\/app\/uploads\/sites\/35\/2025\/11\/POSITIF-CRHU-Fond-transparent-30x15.png 30w, https:\/\/web.umons.ac.be\/app\/uploads\/sites\/35\/2025\/11\/POSITIF-CRHU-Fond-transparent-60x29.png 60w, https:\/\/web.umons.ac.be\/app\/uploads\/sites\/35\/2025\/11\/POSITIF-CRHU-Fond-transparent-360x176.png 360w, https:\/\/web.umons.ac.be\/app\/uploads\/sites\/35\/2025\/11\/POSITIF-CRHU-Fond-transparent.png 855w\" sizes=\"auto, (max-width: 177px) 100vw, 177px\" \/><\/p>\n<p>Le Centre de Recherche HELORA-UMONS a pour vocation de r\u00e9unir les moyens financiers, mat\u00e9riels et humains n\u00e9cessaires \u00e0 la r\u00e9alisation d\u2019un programme de recherche scientifique ambitieux. Ses missions principales comprennent :<\/p>\n<ul>\n<li>la mise sur pied de projets de recherche conjoints et la r\u00e9alisation d\u2019\u00e9tudes cliniques pour tous les professionnels de la sant\u00e9, quelles que soient leurs fonctions<\/li>\n<li>l\u2019organisation et l\u2019encadrement de th\u00e8ses doctorales et de m\u00e9moires de fin d\u2019\u00e9tudes<\/li>\n<li>l\u2019accueil de cliniciens, d\u2019\u00e9tudiants et de chercheurs dans le cadre de stages ou travaux de recherche<\/li>\n<li>la mise \u00e0 disposition d\u2019\u00e9chantillons et de donn\u00e9es de patients dans le respect de la l\u00e9gislation en vigueur<\/li>\n<li>la promotion de la recherche et de l\u2019innovation<\/li>\n<li>l\u2019organisation d\u2019\u00e9v\u00e9nements scientifiques et la publication des r\u00e9sultats de recherche.<\/li>\n<\/ul>\n            \t<\/div>\n            <\/div>\n        <\/div>\n                <div class=\"accordion-inner\">\n            <div class=\"accordion-bellow\">\n                <button class=\"accordion-bellow-toggle scheme-background-hover\" data-target=\"#accordion-content-6916eb3ed6298\">\n                    <span class=\"icon umons-icon-chevron-down\" aria-hidden=\"true\"><\/span> UMONS | Epicura                <\/button>\n            <\/div>\n            <div id=\"accordion-content-6916eb3ed6298\" class=\"accordion-content\">\n            \t<div class=\"inner editor-front\">\n            \t\t<p><img loading=\"lazy\" decoding=\"async\" class=\"alignleft wp-image-8 size-thumbnail\" src=\"https:\/\/web.umons.ac.be\/app\/uploads\/sites\/35\/2017\/07\/epicura_ath-150x150.jpg\" alt=\"\" width=\"150\" height=\"150\" srcset=\"https:\/\/web.umons.ac.be\/app\/uploads\/sites\/35\/2017\/07\/epicura_ath-150x150.jpg 150w, https:\/\/web.umons.ac.be\/app\/uploads\/sites\/35\/2017\/07\/epicura_ath-80x80.jpg 80w, https:\/\/web.umons.ac.be\/app\/uploads\/sites\/35\/2017\/07\/epicura_ath-200x200.jpg 200w\" sizes=\"auto, (max-width: 150px) 100vw, 150px\" \/><\/p>\n<p>En 2016, L\u2019UMONS et le centre hospitalier\u00a0EpiCURA ont mis sur pied une plateforme\u00a0scientifique commune d\u00e9di\u00e9e \u00e0 la recherche\u00a0dans le domaine m\u00e9dical et dans les\u00a0disciplines li\u00e9es \u00e0 la vie hospitali\u00e8re. En plus\u00a0de consolider et \u00e9largir les collaborations\u00a0existantes, les deux partenaires ont \u00e9galement\u00a0d\u00e9cid\u00e9 de tisser d\u2019autres projets pour le futur:<\/p>\n<p>&nbsp;<\/p>\n<p>&nbsp;<\/p>\n<ul>\n<li>L\u2019UMONS apportera ses comp\u00e9tences et son expertise en\u00a0mati\u00e8re de recherche et d\u2019enseignement, notamment dans\u00a0les domaines trait\u00e9s par ses Instituts de Recherches et par ses\u00a0Facult\u00e9s.<\/li>\n<li>De son c\u00f4t\u00e9, le CH EpiCURA entend apporter ses comp\u00e9tences\u00a0et son expertise op\u00e9rationnelle dans les diff\u00e9rents domaines\u00a0de l\u2019action hospitali\u00e8re (m\u00e9dical, soins infirmiers, soins\u00a0param\u00e9dicaux,) et, plus largement, dans toutes les mati\u00e8res\u00a0int\u00e9ressant une grande entreprise.<\/li>\n<\/ul>\n            \t<\/div>\n            <\/div>\n        <\/div>\n                <div class=\"accordion-inner\">\n            <div class=\"accordion-bellow\">\n                <button class=\"accordion-bellow-toggle scheme-background-hover\" data-target=\"#accordion-content-6916eb3ed65d9\">\n                    <span class=\"icon umons-icon-chevron-down\" aria-hidden=\"true\"><\/span> UMONS | CHwapi                <\/button>\n            <\/div>\n            <div id=\"accordion-content-6916eb3ed65d9\" class=\"accordion-content\">\n            \t<div class=\"inner editor-front\">\n            \t\t<p><img loading=\"lazy\" decoding=\"async\" class=\"alignleft size-thumbnail wp-image-620\" src=\"https:\/\/web.umons.ac.be\/app\/uploads\/sites\/35\/2021\/12\/Page-web-en-cours-2-150x150.jpg\" alt=\"\" width=\"150\" height=\"150\" srcset=\"https:\/\/web.umons.ac.be\/app\/uploads\/sites\/35\/2021\/12\/Page-web-en-cours-2-150x150.jpg 150w, https:\/\/web.umons.ac.be\/app\/uploads\/sites\/35\/2021\/12\/Page-web-en-cours-2-80x80.jpg 80w, https:\/\/web.umons.ac.be\/app\/uploads\/sites\/35\/2021\/12\/Page-web-en-cours-2-400x400.jpg 400w, https:\/\/web.umons.ac.be\/app\/uploads\/sites\/35\/2021\/12\/Page-web-en-cours-2-200x200.jpg 200w\" sizes=\"auto, (max-width: 150px) 100vw, 150px\" \/><\/p>\n            \t<\/div>\n            <\/div>\n        <\/div>\n                <div class=\"accordion-inner\">\n            <div class=\"accordion-bellow\">\n                <button class=\"accordion-bellow-toggle scheme-background-hover\" data-target=\"#accordion-content-6916eb3ed6884\">\n                    <span class=\"icon umons-icon-chevron-down\" aria-hidden=\"true\"><\/span> UMONS | CHU Charleroi                <\/button>\n            <\/div>\n            <div id=\"accordion-content-6916eb3ed6884\" class=\"accordion-content\">\n            \t<div class=\"inner editor-front\">\n            \t\t<p><img loading=\"lazy\" decoding=\"async\" class=\"alignleft size-thumbnail wp-image-620\" src=\"https:\/\/web.umons.ac.be\/app\/uploads\/sites\/35\/2021\/12\/Page-web-en-cours-2-150x150.jpg\" alt=\"\" width=\"150\" height=\"150\" srcset=\"https:\/\/web.umons.ac.be\/app\/uploads\/sites\/35\/2021\/12\/Page-web-en-cours-2-150x150.jpg 150w, https:\/\/web.umons.ac.be\/app\/uploads\/sites\/35\/2021\/12\/Page-web-en-cours-2-80x80.jpg 80w, https:\/\/web.umons.ac.be\/app\/uploads\/sites\/35\/2021\/12\/Page-web-en-cours-2-400x400.jpg 400w, https:\/\/web.umons.ac.be\/app\/uploads\/sites\/35\/2021\/12\/Page-web-en-cours-2-200x200.jpg 200w\" sizes=\"auto, (max-width: 150px) 100vw, 150px\" \/><\/p>\n            \t<\/div>\n            <\/div>\n        <\/div>\n            <\/div>\n<end-cask-shortcode-wrapper>\n<p>&nbsp;<\/p>\n<h2>Autres Partenaires<\/h2>\n<p><img loading=\"lazy\" decoding=\"async\" class=\"alignleft size-thumbnail wp-image-620\" src=\"https:\/\/web.umons.ac.be\/app\/uploads\/sites\/35\/2021\/12\/Page-web-en-cours-2-150x150.jpg\" alt=\"\" width=\"150\" height=\"150\" srcset=\"https:\/\/web.umons.ac.be\/app\/uploads\/sites\/35\/2021\/12\/Page-web-en-cours-2-150x150.jpg 150w, https:\/\/web.umons.ac.be\/app\/uploads\/sites\/35\/2021\/12\/Page-web-en-cours-2-80x80.jpg 80w, https:\/\/web.umons.ac.be\/app\/uploads\/sites\/35\/2021\/12\/Page-web-en-cours-2-400x400.jpg 400w, https:\/\/web.umons.ac.be\/app\/uploads\/sites\/35\/2021\/12\/Page-web-en-cours-2-200x200.jpg 200w\" sizes=\"auto, (max-width: 150px) 100vw, 150px\" \/><\/p>\n<p>&nbsp;<\/p>\n","protected":false},"excerpt":{"rendered":"<p>Collaboration avec les centres hospitaliers L\u2019Institut Sant\u00e9 collabore avec les centres hospitaliers de la r\u00e9gion : &nbsp; &nbsp; Autres Partenaires &nbsp;<\/p>\n","protected":false},"author":2,"featured_media":0,"parent":0,"menu_order":3,"comment_status":"closed","ping_status":"closed","template":"","meta":{"footnotes":""},"class_list":["post-78","page","type-page","status-publish","hentry"],"yoast_head":"<!-- This site is optimized with the Yoast SEO plugin v27.2 - https:\/\/yoast.com\/product\/yoast-seo-wordpress\/ -->\n<title>Partenaires - Institut \/ Sant\u00e9<\/title>\n<meta name=\"robots\" content=\"index, follow, max-snippet:-1, max-image-preview:large, max-video-preview:-1\" \/>\n<link rel=\"canonical\" href=\"https:\/\/web.umons.ac.be\/sante\/fr\/partenaires\/\" \/>\n<meta property=\"og:locale\" content=\"fr_FR\" \/>\n<meta property=\"og:type\" content=\"article\" \/>\n<meta property=\"og:title\" content=\"Partenaires - Institut \/ Sant\u00e9\" \/>\n<meta property=\"og:description\" content=\"Collaboration avec les centres hospitaliers L\u2019Institut Sant\u00e9 collabore avec les centres hospitaliers de la r\u00e9gion : &nbsp; &nbsp; Autres Partenaires &nbsp;\" \/>\n<meta property=\"og:url\" content=\"https:\/\/web.umons.ac.be\/sante\/fr\/partenaires\/\" \/>\n<meta property=\"og:site_name\" content=\"Institut \/ Sant\u00e9\" \/>\n<meta property=\"article:modified_time\" content=\"2025-11-14T08:43:59+00:00\" \/>\n<meta property=\"og:image\" content=\"https:\/\/web.umons.ac.be\/app\/uploads\/sites\/35\/2025\/11\/Fond-blanc-Coin-arrondi-D-1-768x328-1.png\" \/>\n\t<meta property=\"og:image:width\" content=\"768\" \/>\n\t<meta property=\"og:image:height\" content=\"328\" \/>\n\t<meta property=\"og:image:type\" content=\"image\/png\" \/>\n<meta name=\"twitter:card\" content=\"summary_large_image\" \/>\n<meta name=\"twitter:label1\" content=\"Dur\u00e9e de lecture estim\u00e9e\" \/>\n\t<meta name=\"twitter:data1\" content=\"2 minutes\" \/>\n<script type=\"application\/ld+json\" class=\"yoast-schema-graph\">{\"@context\":\"https:\/\/schema.org\",\"@graph\":[{\"@type\":\"WebPage\",\"@id\":\"https:\/\/web.umons.ac.be\/sante\/fr\/partenaires\/\",\"url\":\"https:\/\/web.umons.ac.be\/sante\/fr\/partenaires\/\",\"name\":\"Partenaires - Institut \/ Sant\u00e9\",\"isPartOf\":{\"@id\":\"https:\/\/web.umons.ac.be\/sante\/#website\"},\"primaryImageOfPage\":{\"@id\":\"https:\/\/web.umons.ac.be\/sante\/fr\/partenaires\/#primaryimage\"},\"image\":{\"@id\":\"https:\/\/web.umons.ac.be\/sante\/fr\/partenaires\/#primaryimage\"},\"thumbnailUrl\":\"https:\/\/web.umons.ac.be\/app\/uploads\/sites\/35\/2025\/11\/Fond-blanc-Coin-arrondi-D-1-768x328-1-300x128.png\",\"datePublished\":\"2017-07-20T15:45:27+00:00\",\"dateModified\":\"2025-11-14T08:43:59+00:00\",\"breadcrumb\":{\"@id\":\"https:\/\/web.umons.ac.be\/sante\/fr\/partenaires\/#breadcrumb\"},\"inLanguage\":\"fr-FR\",\"potentialAction\":[{\"@type\":\"ReadAction\",\"target\":[\"https:\/\/web.umons.ac.be\/sante\/fr\/partenaires\/\"]}]},{\"@type\":\"ImageObject\",\"inLanguage\":\"fr-FR\",\"@id\":\"https:\/\/web.umons.ac.be\/sante\/fr\/partenaires\/#primaryimage\",\"url\":\"https:\/\/web.umons.ac.be\/app\/uploads\/sites\/35\/2025\/11\/Fond-blanc-Coin-arrondi-D-1-768x328-1-300x128.png\",\"contentUrl\":\"https:\/\/web.umons.ac.be\/app\/uploads\/sites\/35\/2025\/11\/Fond-blanc-Coin-arrondi-D-1-768x328-1-300x128.png\"},{\"@type\":\"BreadcrumbList\",\"@id\":\"https:\/\/web.umons.ac.be\/sante\/fr\/partenaires\/#breadcrumb\",\"itemListElement\":[{\"@type\":\"ListItem\",\"position\":1,\"name\":\"Accueil\",\"item\":\"https:\/\/web.umons.ac.be\/sante\/fr\/\"},{\"@type\":\"ListItem\",\"position\":2,\"name\":\"Partenaires\"}]},{\"@type\":\"WebSite\",\"@id\":\"https:\/\/web.umons.ac.be\/sante\/#website\",\"url\":\"https:\/\/web.umons.ac.be\/sante\/\",\"name\":\"Institut \/ Sant\u00e9\",\"description\":\"Un site utilisant Universit\u00e9 de Mons \u2013 UMONS\",\"potentialAction\":[{\"@type\":\"SearchAction\",\"target\":{\"@type\":\"EntryPoint\",\"urlTemplate\":\"https:\/\/web.umons.ac.be\/sante\/?s={search_term_string}\"},\"query-input\":{\"@type\":\"PropertyValueSpecification\",\"valueRequired\":true,\"valueName\":\"search_term_string\"}}],\"inLanguage\":\"fr-FR\"}]}<\/script>\n<!-- \/ Yoast SEO plugin. -->","yoast_head_json":{"title":"Partenaires - Institut \/ Sant\u00e9","robots":{"index":"index","follow":"follow","max-snippet":"max-snippet:-1","max-image-preview":"max-image-preview:large","max-video-preview":"max-video-preview:-1"},"canonical":"https:\/\/web.umons.ac.be\/sante\/fr\/partenaires\/","og_locale":"fr_FR","og_type":"article","og_title":"Partenaires - Institut \/ Sant\u00e9","og_description":"Collaboration avec les centres hospitaliers L\u2019Institut Sant\u00e9 collabore avec les centres hospitaliers de la r\u00e9gion : &nbsp; &nbsp; Autres Partenaires &nbsp;","og_url":"https:\/\/web.umons.ac.be\/sante\/fr\/partenaires\/","og_site_name":"Institut \/ Sant\u00e9","article_modified_time":"2025-11-14T08:43:59+00:00","og_image":[{"width":768,"height":328,"url":"https:\/\/web.umons.ac.be\/app\/uploads\/sites\/35\/2025\/11\/Fond-blanc-Coin-arrondi-D-1-768x328-1.png","type":"image\/png"}],"twitter_card":"summary_large_image","twitter_misc":{"Dur\u00e9e de lecture estim\u00e9e":"2 minutes"},"schema":{"@context":"https:\/\/schema.org","@graph":[{"@type":"WebPage","@id":"https:\/\/web.umons.ac.be\/sante\/fr\/partenaires\/","url":"https:\/\/web.umons.ac.be\/sante\/fr\/partenaires\/","name":"Partenaires - Institut \/ Sant\u00e9","isPartOf":{"@id":"https:\/\/web.umons.ac.be\/sante\/#website"},"primaryImageOfPage":{"@id":"https:\/\/web.umons.ac.be\/sante\/fr\/partenaires\/#primaryimage"},"image":{"@id":"https:\/\/web.umons.ac.be\/sante\/fr\/partenaires\/#primaryimage"},"thumbnailUrl":"https:\/\/web.umons.ac.be\/app\/uploads\/sites\/35\/2025\/11\/Fond-blanc-Coin-arrondi-D-1-768x328-1-300x128.png","datePublished":"2017-07-20T15:45:27+00:00","dateModified":"2025-11-14T08:43:59+00:00","breadcrumb":{"@id":"https:\/\/web.umons.ac.be\/sante\/fr\/partenaires\/#breadcrumb"},"inLanguage":"fr-FR","potentialAction":[{"@type":"ReadAction","target":["https:\/\/web.umons.ac.be\/sante\/fr\/partenaires\/"]}]},{"@type":"ImageObject","inLanguage":"fr-FR","@id":"https:\/\/web.umons.ac.be\/sante\/fr\/partenaires\/#primaryimage","url":"https:\/\/web.umons.ac.be\/app\/uploads\/sites\/35\/2025\/11\/Fond-blanc-Coin-arrondi-D-1-768x328-1-300x128.png","contentUrl":"https:\/\/web.umons.ac.be\/app\/uploads\/sites\/35\/2025\/11\/Fond-blanc-Coin-arrondi-D-1-768x328-1-300x128.png"},{"@type":"BreadcrumbList","@id":"https:\/\/web.umons.ac.be\/sante\/fr\/partenaires\/#breadcrumb","itemListElement":[{"@type":"ListItem","position":1,"name":"Accueil","item":"https:\/\/web.umons.ac.be\/sante\/fr\/"},{"@type":"ListItem","position":2,"name":"Partenaires"}]},{"@type":"WebSite","@id":"https:\/\/web.umons.ac.be\/sante\/#website","url":"https:\/\/web.umons.ac.be\/sante\/","name":"Institut \/ Sant\u00e9","description":"Un site utilisant Universit\u00e9 de Mons \u2013 UMONS","potentialAction":[{"@type":"SearchAction","target":{"@type":"EntryPoint","urlTemplate":"https:\/\/web.umons.ac.be\/sante\/?s={search_term_string}"},"query-input":{"@type":"PropertyValueSpecification","valueRequired":true,"valueName":"search_term_string"}}],"inLanguage":"fr-FR"}]}},"lang":"fr","translations":{"fr":78,"en":251},"pll_sync_post":[],"_links":{"self":[{"href":"https:\/\/web.umons.ac.be\/sante\/wp-json\/wp\/v2\/pages\/78","targetHints":{"allow":["GET"]}}],"collection":[{"href":"https:\/\/web.umons.ac.be\/sante\/wp-json\/wp\/v2\/pages"}],"about":[{"href":"https:\/\/web.umons.ac.be\/sante\/wp-json\/wp\/v2\/types\/page"}],"author":[{"embeddable":true,"href":"https:\/\/web.umons.ac.be\/sante\/wp-json\/wp\/v2\/users\/2"}],"replies":[{"embeddable":true,"href":"https:\/\/web.umons.ac.be\/sante\/wp-json\/wp\/v2\/comments?post=78"}],"version-history":[{"count":4,"href":"https:\/\/web.umons.ac.be\/sante\/wp-json\/wp\/v2\/pages\/78\/revisions"}],"predecessor-version":[{"id":1193,"href":"https:\/\/web.umons.ac.be\/sante\/wp-json\/wp\/v2\/pages\/78\/revisions\/1193"}],"wp:attachment":[{"href":"https:\/\/web.umons.ac.be\/sante\/wp-json\/wp\/v2\/media?parent=78"}],"curies":[{"name":"wp","href":"https:\/\/api.w.org\/{rel}","templated":true}]}}