{"id":825,"date":"2022-09-07T13:23:28","date_gmt":"2022-09-07T11:23:28","guid":{"rendered":"https:\/\/web.umons.ac.be\/sante\/?page_id=825"},"modified":"2022-09-07T13:23:28","modified_gmt":"2022-09-07T11:23:28","slug":"labs","status":"publish","type":"page","link":"https:\/\/web.umons.ac.be\/sante\/en\/research-topics\/brain-diseases\/labs\/","title":{"rendered":"Labs"},"content":{"rendered":"<h2>In vitro and preclinical studies<\/h2>\n<start-cask-shortcode-wrapper>    <div class=\"accordion content-block scheme-sante\">\n                <div class=\"accordion-inner\">\n            <div class=\"accordion-bellow\">\n                <button class=\"accordion-bellow-toggle scheme-background-hover\" data-target=\"#accordion-content-63187e2f810a3\">\n                    <span class=\"icon umons-icon-chevron-down\" aria-hidden=\"true\"><\/span> Scientific units umons                <\/button>\n            <\/div>\n            <div id=\"accordion-content-63187e2f810a3\" class=\"accordion-content\">\n            \t<div class=\"inner editor-front\">\n            \t\t<ul>\n<li>Neurosciences<\/li>\n<li>Physiologie et readaptation respiratoire<\/li>\n<li>Chimie th\u00e9rapeutique et pharmacognosie<\/li>\n<li>Histologie<\/li>\n<li>Interfaces et fluides complexes<\/li>\n<\/ul>\n            \t<\/div>\n            <\/div>\n        <\/div>\n                <div class=\"accordion-inner\">\n            <div class=\"accordion-bellow\">\n                <button class=\"accordion-bellow-toggle scheme-background-hover\" data-target=\"#accordion-content-63187e795c910\">\n                    <span class=\"icon umons-icon-chevron-down\" aria-hidden=\"true\"><\/span> Industrial Partners                 <\/button>\n            <\/div>\n            <div id=\"accordion-content-63187e795c910\" class=\"accordion-content\">\n            \t<div class=\"inner editor-front\">\n            \t\t<ul>\n<li>Synapharm<\/li>\n<li>Botalys<\/li>\n<li>UCB<\/li>\n<\/ul>\n            \t<\/div>\n            <\/div>\n        <\/div>\n                <div class=\"accordion-inner\">\n            <div class=\"accordion-bellow\">\n                <button class=\"accordion-bellow-toggle scheme-background-hover\" data-target=\"#accordion-content-63187e850eca7\">\n                    <span class=\"icon umons-icon-chevron-down\" aria-hidden=\"true\"><\/span> Organ Crosstalk                <\/button>\n            <\/div>\n            <div id=\"accordion-content-63187e850eca7\" class=\"accordion-content\">\n            \t<div class=\"inner editor-front\">\n            \t\t            \t<\/div>\n            <\/div>\n        <\/div>\n                <div class=\"accordion-inner\">\n            <div class=\"accordion-bellow\">\n                <button class=\"accordion-bellow-toggle scheme-background-hover\" data-target=\"#accordion-content-63187e8d47253\">\n                    <span class=\"icon umons-icon-chevron-down\" aria-hidden=\"true\"><\/span> Academic collaborators                <\/button>\n            <\/div>\n            <div id=\"accordion-content-63187e8d47253\" class=\"accordion-content\">\n            \t<div class=\"inner editor-front\">\n            \t\t<ul>\n<li>Universit\u00e9 Libre de Bruxelles, Unit\u00e9 de recherche en g\u00e9n\u00e9tique du d\u00e9veloppement<\/li>\n<li>Vrij Universiteit Brussel, C4N<\/li>\n<li>HELHa, CeREF<\/li>\n<li>Universiteit Antwerpen<\/li>\n<li>University of Milano, Department of pharmacological and Biuomolecular Sciences<\/li>\n<li>Radhoud University Medical Centre<\/li>\n<li>Kings College London, Basic and Clinical Neuroscience<\/li>\n<\/ul>\n            \t<\/div>\n            <\/div>\n        <\/div>\n            <\/div>\n<end-cask-shortcode-wrapper>\n<h2>Clinical studies<\/h2>\n<start-cask-shortcode-wrapper>    <div class=\"accordion content-block scheme-sante\">\n                <div class=\"accordion-inner\">\n            <div class=\"accordion-bellow\">\n                <button class=\"accordion-bellow-toggle scheme-background-hover\" data-target=\"#accordion-content-631880693f881\">\n                    <span class=\"icon umons-icon-chevron-down\" aria-hidden=\"true\"><\/span> CiPSE                <\/button>\n            <\/div>\n            <div id=\"accordion-content-631880693f881\" class=\"accordion-content\">\n            \t<div class=\"inner editor-front\">\n            \t\t<ul>\n<li>Neurosciences<\/li>\n<li>Psychologie Cognitive et neuropsychologie<\/li>\n<li>Psychopathologie l\u00e9gale<\/li>\n<li>M\u00e9trologie et sciences du langage<\/li>\n<li>Management de l\u2019innovation technologique<\/li>\n<li>Math\u00e9matique et recherche op\u00e9rationnelle<\/li>\n<li>Math\u00e9matiques effectives<\/li>\n<\/ul>\n            \t<\/div>\n            <\/div>\n        <\/div>\n                <div class=\"accordion-inner\">\n            <div class=\"accordion-bellow\">\n                <button class=\"accordion-bellow-toggle scheme-background-hover\" data-target=\"#accordion-content-6318806941d76\">\n                    <span class=\"icon umons-icon-chevron-down\" aria-hidden=\"true\"><\/span> Hospitals CHU Charleroi - UMHAP                <\/button>\n            <\/div>\n            <div id=\"accordion-content-6318806941d76\" class=\"accordion-content\">\n            \t<div class=\"inner editor-front\">\n            \t\t<ul>\n<li>Neurologie exp\u00e9rimentale<\/li>\n<li>Neurologie<\/li>\n<li>Psychiatrie<\/li>\n<li>Psychologie<\/li>\n<li>G\u00e9riatrie<\/li>\n<li>Neurochirurgie<\/li>\n<\/ul>\n            \t<\/div>\n            <\/div>\n        <\/div>\n                <div class=\"accordion-inner\">\n            <div class=\"accordion-bellow\">\n                <button class=\"accordion-bellow-toggle scheme-background-hover\" data-target=\"#accordion-content-6318806941eca\">\n                    <span class=\"icon umons-icon-chevron-down\" aria-hidden=\"true\"><\/span> Click NeuroLab                <\/button>\n            <\/div>\n            <div id=\"accordion-content-6318806941eca\" class=\"accordion-content\">\n            \t<div class=\"inner editor-front\">\n            \t\t<ul>\n<li>Neurosciences<\/li>\n<li>Psychologie Cognitive et neuropsychologie<\/li>\n<li>ISIA Lab<\/li>\n<\/ul>\n            \t<\/div>\n            <\/div>\n        <\/div>\n                <div class=\"accordion-inner\">\n            <div class=\"accordion-bellow\">\n                <button class=\"accordion-bellow-toggle scheme-background-hover\" data-target=\"#accordion-content-6318806941fe9\">\n                    <span class=\"icon umons-icon-chevron-down\" aria-hidden=\"true\"><\/span> Home-Stress-Home                <\/button>\n            <\/div>\n            <div id=\"accordion-content-6318806941fe9\" class=\"accordion-content\">\n            \t<div class=\"inner editor-front\">\n            \t\t<ul>\n<li>Neurosciences<\/li>\n<li>Psychologie Cognitive et neuropsychologie<\/li>\n<li>Psychologie Clinique de l\u2019enfant et de l\u2019adolescent<\/li>\n<\/ul>\n            \t<\/div>\n            <\/div>\n        <\/div>\n                <div class=\"accordion-inner\">\n            <div class=\"accordion-bellow\">\n                <button class=\"accordion-bellow-toggle scheme-background-hover\" data-target=\"#accordion-content-63188069420ff\">\n                    <span class=\"icon umons-icon-chevron-down\" aria-hidden=\"true\"><\/span> Stress managment                <\/button>\n            <\/div>\n            <div id=\"accordion-content-63188069420ff\" class=\"accordion-content\">\n            \t<div class=\"inner editor-front\">\n            \t\t<ul>\n<li>Biologie humaine et toxicologie<\/li>\n<li>Psychologie Clinique syst\u00e9mique et psychodynamique<\/li>\n<\/ul>\n            \t<\/div>\n            <\/div>\n        <\/div>\n                <div class=\"accordion-inner\">\n            <div class=\"accordion-bellow\">\n                <button class=\"accordion-bellow-toggle scheme-background-hover\" data-target=\"#accordion-content-631880694222f\">\n                    <span class=\"icon umons-icon-chevron-down\" aria-hidden=\"true\"><\/span> MetaVision- RMN                <\/button>\n            <\/div>\n            <div id=\"accordion-content-631880694222f\" class=\"accordion-content\">\n            \t<div class=\"inner editor-front\">\n            \t\t<ul>\n<li>Biologie humaine et Toxicologie<\/li>\n<\/ul>\n            \t<\/div>\n            <\/div>\n        <\/div>\n            <\/div>\n<end-cask-shortcode-wrapper>\n<p>&nbsp;<\/p>\n","protected":false},"excerpt":{"rendered":"<p>In vitro and preclinical studies Clinical studies &nbsp;<\/p>\n","protected":false},"author":2,"featured_media":0,"parent":766,"menu_order":0,"comment_status":"closed","ping_status":"closed","template":"","meta":{"footnotes":""},"class_list":["post-825","page","type-page","status-publish","hentry"],"yoast_head":"<!-- This site is optimized with the Yoast SEO plugin v27.2 - https:\/\/yoast.com\/product\/yoast-seo-wordpress\/ -->\n<title>Labs - Institut \/ Sant\u00e9<\/title>\n<meta name=\"robots\" content=\"index, follow, max-snippet:-1, max-image-preview:large, max-video-preview:-1\" \/>\n<link rel=\"canonical\" href=\"https:\/\/web.umons.ac.be\/sante\/en\/research-topics\/brain-diseases\/labs\/\" \/>\n<meta property=\"og:locale\" content=\"fr_FR\" \/>\n<meta property=\"og:type\" content=\"article\" \/>\n<meta property=\"og:title\" content=\"Labs - Institut \/ Sant\u00e9\" \/>\n<meta property=\"og:description\" content=\"In vitro and preclinical studies Clinical studies &nbsp;\" \/>\n<meta property=\"og:url\" content=\"https:\/\/web.umons.ac.be\/sante\/en\/research-topics\/brain-diseases\/labs\/\" \/>\n<meta property=\"og:site_name\" content=\"Institut \/ Sant\u00e9\" \/>\n<meta name=\"twitter:card\" content=\"summary_large_image\" \/>\n<script type=\"application\/ld+json\" class=\"yoast-schema-graph\">{\"@context\":\"https:\/\/schema.org\",\"@graph\":[{\"@type\":\"WebPage\",\"@id\":\"https:\/\/web.umons.ac.be\/sante\/en\/research-topics\/brain-diseases\/labs\/\",\"url\":\"https:\/\/web.umons.ac.be\/sante\/en\/research-topics\/brain-diseases\/labs\/\",\"name\":\"Labs - Institut \/ Sant\u00e9\",\"isPartOf\":{\"@id\":\"https:\/\/web.umons.ac.be\/sante\/#website\"},\"datePublished\":\"2022-09-07T11:23:28+00:00\",\"breadcrumb\":{\"@id\":\"https:\/\/web.umons.ac.be\/sante\/en\/research-topics\/brain-diseases\/labs\/#breadcrumb\"},\"inLanguage\":\"fr-FR\",\"potentialAction\":[{\"@type\":\"ReadAction\",\"target\":[\"https:\/\/web.umons.ac.be\/sante\/en\/research-topics\/brain-diseases\/labs\/\"]}]},{\"@type\":\"BreadcrumbList\",\"@id\":\"https:\/\/web.umons.ac.be\/sante\/en\/research-topics\/brain-diseases\/labs\/#breadcrumb\",\"itemListElement\":[{\"@type\":\"ListItem\",\"position\":1,\"name\":\"Accueil\",\"item\":\"https:\/\/web.umons.ac.be\/sante\/fr\/\"},{\"@type\":\"ListItem\",\"position\":2,\"name\":\"Research topics\",\"item\":\"https:\/\/web.umons.ac.be\/sante\/en\/research-topics\/\"},{\"@type\":\"ListItem\",\"position\":3,\"name\":\"Brain Diseases\",\"item\":\"https:\/\/web.umons.ac.be\/sante\/en\/research-topics\/brain-diseases\/\"},{\"@type\":\"ListItem\",\"position\":4,\"name\":\"Labs\"}]},{\"@type\":\"WebSite\",\"@id\":\"https:\/\/web.umons.ac.be\/sante\/#website\",\"url\":\"https:\/\/web.umons.ac.be\/sante\/\",\"name\":\"Institut \/ Sant\u00e9\",\"description\":\"Un site utilisant Universit\u00e9 de Mons \u2013 UMONS\",\"potentialAction\":[{\"@type\":\"SearchAction\",\"target\":{\"@type\":\"EntryPoint\",\"urlTemplate\":\"https:\/\/web.umons.ac.be\/sante\/?s={search_term_string}\"},\"query-input\":{\"@type\":\"PropertyValueSpecification\",\"valueRequired\":true,\"valueName\":\"search_term_string\"}}],\"inLanguage\":\"fr-FR\"}]}<\/script>\n<!-- \/ Yoast SEO plugin. -->","yoast_head_json":{"title":"Labs - Institut \/ Sant\u00e9","robots":{"index":"index","follow":"follow","max-snippet":"max-snippet:-1","max-image-preview":"max-image-preview:large","max-video-preview":"max-video-preview:-1"},"canonical":"https:\/\/web.umons.ac.be\/sante\/en\/research-topics\/brain-diseases\/labs\/","og_locale":"fr_FR","og_type":"article","og_title":"Labs - Institut \/ Sant\u00e9","og_description":"In vitro and preclinical studies Clinical studies &nbsp;","og_url":"https:\/\/web.umons.ac.be\/sante\/en\/research-topics\/brain-diseases\/labs\/","og_site_name":"Institut \/ Sant\u00e9","twitter_card":"summary_large_image","schema":{"@context":"https:\/\/schema.org","@graph":[{"@type":"WebPage","@id":"https:\/\/web.umons.ac.be\/sante\/en\/research-topics\/brain-diseases\/labs\/","url":"https:\/\/web.umons.ac.be\/sante\/en\/research-topics\/brain-diseases\/labs\/","name":"Labs - Institut \/ Sant\u00e9","isPartOf":{"@id":"https:\/\/web.umons.ac.be\/sante\/#website"},"datePublished":"2022-09-07T11:23:28+00:00","breadcrumb":{"@id":"https:\/\/web.umons.ac.be\/sante\/en\/research-topics\/brain-diseases\/labs\/#breadcrumb"},"inLanguage":"fr-FR","potentialAction":[{"@type":"ReadAction","target":["https:\/\/web.umons.ac.be\/sante\/en\/research-topics\/brain-diseases\/labs\/"]}]},{"@type":"BreadcrumbList","@id":"https:\/\/web.umons.ac.be\/sante\/en\/research-topics\/brain-diseases\/labs\/#breadcrumb","itemListElement":[{"@type":"ListItem","position":1,"name":"Accueil","item":"https:\/\/web.umons.ac.be\/sante\/fr\/"},{"@type":"ListItem","position":2,"name":"Research topics","item":"https:\/\/web.umons.ac.be\/sante\/en\/research-topics\/"},{"@type":"ListItem","position":3,"name":"Brain Diseases","item":"https:\/\/web.umons.ac.be\/sante\/en\/research-topics\/brain-diseases\/"},{"@type":"ListItem","position":4,"name":"Labs"}]},{"@type":"WebSite","@id":"https:\/\/web.umons.ac.be\/sante\/#website","url":"https:\/\/web.umons.ac.be\/sante\/","name":"Institut \/ Sant\u00e9","description":"Un site utilisant Universit\u00e9 de Mons \u2013 UMONS","potentialAction":[{"@type":"SearchAction","target":{"@type":"EntryPoint","urlTemplate":"https:\/\/web.umons.ac.be\/sante\/?s={search_term_string}"},"query-input":{"@type":"PropertyValueSpecification","valueRequired":true,"valueName":"search_term_string"}}],"inLanguage":"fr-FR"}]}},"lang":"en","translations":{"en":825,"fr":822},"pll_sync_post":[],"_links":{"self":[{"href":"https:\/\/web.umons.ac.be\/sante\/wp-json\/wp\/v2\/pages\/825","targetHints":{"allow":["GET"]}}],"collection":[{"href":"https:\/\/web.umons.ac.be\/sante\/wp-json\/wp\/v2\/pages"}],"about":[{"href":"https:\/\/web.umons.ac.be\/sante\/wp-json\/wp\/v2\/types\/page"}],"author":[{"embeddable":true,"href":"https:\/\/web.umons.ac.be\/sante\/wp-json\/wp\/v2\/users\/2"}],"replies":[{"embeddable":true,"href":"https:\/\/web.umons.ac.be\/sante\/wp-json\/wp\/v2\/comments?post=825"}],"version-history":[{"count":1,"href":"https:\/\/web.umons.ac.be\/sante\/wp-json\/wp\/v2\/pages\/825\/revisions"}],"predecessor-version":[{"id":826,"href":"https:\/\/web.umons.ac.be\/sante\/wp-json\/wp\/v2\/pages\/825\/revisions\/826"}],"up":[{"embeddable":true,"href":"https:\/\/web.umons.ac.be\/sante\/wp-json\/wp\/v2\/pages\/766"}],"wp:attachment":[{"href":"https:\/\/web.umons.ac.be\/sante\/wp-json\/wp\/v2\/media?parent=825"}],"curies":[{"name":"wp","href":"https:\/\/api.w.org\/{rel}","templated":true}]}}