{"id":828,"date":"2022-09-07T13:43:30","date_gmt":"2022-09-07T11:43:30","guid":{"rendered":"https:\/\/web.umons.ac.be\/sante\/?page_id=828"},"modified":"2022-09-07T13:43:30","modified_gmt":"2022-09-07T11:43:30","slug":"recherche","status":"publish","type":"page","link":"https:\/\/web.umons.ac.be\/sante\/fr\/axes-de-recherche\/brain-diseases\/recherche\/","title":{"rendered":"Recherche"},"content":{"rendered":"<start-cask-shortcode-wrapper>    <div class=\"accordion content-block scheme-sante\">\n                <div class=\"accordion-inner\">\n            <div class=\"accordion-bellow\">\n                <button class=\"accordion-bellow-toggle scheme-background-hover\" data-target=\"#accordion-content-631882a461fef\">\n                    <span class=\"icon umons-icon-chevron-down\" aria-hidden=\"true\"><\/span> cipse                <\/button>\n            <\/div>\n            <div id=\"accordion-content-631882a461fef\" class=\"accordion-content\">\n            \t<div class=\"inner editor-front\">\n            \t\t<p>PhD thesis:<\/p>\n<p>Sarah Itani (FPMs): Machine learning pour l\u2019aide au diagnostic de troubles mentaux chez l\u2019enfant.<\/p>\n<p>Erika Wauthia (FPSE): L\u2019applicabilit\u00e9 de la th\u00e9orie du contr\u00f4le attentionnel \u00e0 la compr\u00e9hension des biais attentionnels dans l\u2019anxi\u00e9t\u00e9 sociale p\u00e9diatrique.<\/p>\n<p>Khira El Bouragui (FPSE) : R\u00f4le de la prise de perspective et de la flexibilit\u00e9 cognitive dans les d\u00e9ficits empathiques : Application \u00e0 la d\u00e9pression sous-clinique<\/p>\n<p>Running projects:<\/p>\n<p>Electrophysiological correlates and role of sensory-motor processes in semantic memory across the lifespan and in Alzheimer&rsquo;s disease<b>.<\/b><\/p>\n<p><b>The ultimate goal will be to better understand the deterioration of the semantic system in Alzheimer&rsquo;s disease and to propose innovative rehabilitation solutions based on sensory-motor processes. Two theses, one in psychology (Aur\u00e9lie Miceli) and one in engineering sciences (Luca La Fisca) are in progress<\/b><\/p>\n<p>Development of virtual environments for children with attention deficit disorders &#8211; combined EEG and eye movement measurements<\/p>\n<p><b>The long-term goal is to develop attention training systems by neurofeedback using the potential of virtual reality. A thesis in engineering sciences (Victor Delvigne) is in progress.<\/b><\/p>\n<p><b>\u00a0<\/b><\/p>\n            \t<\/div>\n            <\/div>\n        <\/div>\n                <div class=\"accordion-inner\">\n            <div class=\"accordion-bellow\">\n                <button class=\"accordion-bellow-toggle scheme-background-hover\" data-target=\"#accordion-content-631882b1908a0\">\n                    <span class=\"icon umons-icon-chevron-down\" aria-hidden=\"true\"><\/span> NEUROSCIENCE \u2013 mod\u00e8les pr\u00e9cliniques                <\/button>\n            <\/div>\n            <div id=\"accordion-content-631882b1908a0\" class=\"accordion-content\">\n            \t<div class=\"inner editor-front\">\n            \t\t<p>Projets en cours :<\/p>\n<p>Etude du r\u00f4le de PRDM12 dans la perception de la douleur<\/p>\n<p><b>Ce projet Win2Wal, r\u00e9alis\u00e9 en collaboration avec le laboratoire de g\u00e9n\u00e9tique du d\u00e9veloppement de l\u2019ULB a pour but d\u2019\u00e9tudier le r\u00f4le de PRDM12 dans la nociception.<\/b><\/p>\n<p><b>Une th\u00e8se de doctorat en <\/b><b>co-tutelle<\/b><b> est actuellement en cours (Bourse <\/b><b>t\u00e9l\u00e9vie<\/b><b>, Aurore <\/b><b>Latragna<\/b><b>)\u00a0 <\/b><\/p>\n<p>Etude de la r\u00e9gulation de la transmission glutamatergique par la dopamine dans un mod\u00e8le de rats hyperactifs<\/p>\n<p><b>Ce projet Europ\u00e9en (EJPRD 2019- URGENT) a pour objectif de comprendre les m\u00e9canismes cellulaires \u00e0 la base des dysfonctionnements neuronaux induits par la d\u00e9r\u00e9gulation de la transmission dopaminergique. <\/b><\/p>\n<p><b>Pulications<\/b><b>:<\/b><\/p>\n            \t<\/div>\n            <\/div>\n        <\/div>\n                <div class=\"accordion-inner\">\n            <div class=\"accordion-bellow\">\n                <button class=\"accordion-bellow-toggle scheme-background-hover\" data-target=\"#accordion-content-631883503485f\">\n                    <span class=\"icon umons-icon-chevron-down\" aria-hidden=\"true\"><\/span> NEUROSCIENCE CLINIQUE EXPERIMENTALE                <\/button>\n            <\/div>\n            <div id=\"accordion-content-631883503485f\" class=\"accordion-content\">\n            \t<div class=\"inner editor-front\">\n            \t\t<p>Projets en cours :<\/p>\n<p>Etude des biomarqueurs pr\u00e9dictifs de la r\u00e9cup\u00e9ration fonctionnelle apr\u00e8s thrombolyse \/ thrombectomie<\/p>\n<p><b>Ce projet pilot\u00e9 par les services de neurologie et de radiologie du CHU-Charleroi a pour but d\u2019identifier les biomarqueurs sanguins pr\u00e9dictifs d\u2019une r\u00e9cup\u00e9ration fonctionnelle apr\u00e8s une intervention cons\u00e9cutive \u00e0 un AVC. <\/b>Ce projet est r\u00e9alis\u00e9 en collaboration avec le service de Biologie Humaine et Toxicologie, apportant son expertise dans le domaine de la m\u00e9tabonomique par r\u00e9sonance magn\u00e9tique nucl\u00e9aire (RMN). Un second objectif du projet est d\u2019identifier et pr\u00e9dire les risques d\u2019\u00e9pilepsie suite \u00e0 un AVC par l\u2019identification de marqueurs EEG.<\/p>\n<p>NOMADe<\/p>\n<p><b>Ce projet Interreg est un <\/b><b>Ecosyst\u00e8me d&rsquo;apprentissage, R&amp;D et expertise transfrontalier d\u00e9di\u00e9 aux troubles neuro-musculo-squelettiques. <\/b>Le d\u00e9fi principal de NOMADe est d\u2019am\u00e9liorer la qualit\u00e9 des solutions pr\u00e9ventives ou curatives propos\u00e9es aux populations dans la zone transfrontali\u00e8re en r\u00e9duisant l\u2019\u00e9cart existant entre les connaissances scientifiques \u00e9manant des laboratoires scientifiques et les acteurs de terrain impliqu\u00e9s dans les Troubles Neuro-Musculo-Squelettiques (TNMS).<\/p>\n<p><b>Publications :<\/b><\/p>\n            \t<\/div>\n            <\/div>\n        <\/div>\n            <\/div>\n<end-cask-shortcode-wrapper>\n","protected":false},"excerpt":{"rendered":"","protected":false},"author":2,"featured_media":0,"parent":764,"menu_order":0,"comment_status":"closed","ping_status":"closed","template":"","meta":{"footnotes":""},"class_list":["post-828","page","type-page","status-publish","hentry"],"yoast_head":"<!-- This site is optimized with the Yoast SEO plugin v27.2 - https:\/\/yoast.com\/product\/yoast-seo-wordpress\/ -->\n<title>Recherche - Institut \/ Sant\u00e9<\/title>\n<meta name=\"robots\" content=\"index, follow, max-snippet:-1, max-image-preview:large, max-video-preview:-1\" \/>\n<link rel=\"canonical\" href=\"https:\/\/web.umons.ac.be\/sante\/fr\/axes-de-recherche\/brain-diseases\/recherche\/\" \/>\n<meta property=\"og:locale\" content=\"fr_FR\" \/>\n<meta property=\"og:type\" content=\"article\" \/>\n<meta property=\"og:title\" content=\"Recherche - Institut \/ Sant\u00e9\" \/>\n<meta property=\"og:url\" content=\"https:\/\/web.umons.ac.be\/sante\/fr\/axes-de-recherche\/brain-diseases\/recherche\/\" \/>\n<meta property=\"og:site_name\" content=\"Institut \/ Sant\u00e9\" \/>\n<meta name=\"twitter:card\" content=\"summary_large_image\" \/>\n<script type=\"application\/ld+json\" class=\"yoast-schema-graph\">{\"@context\":\"https:\/\/schema.org\",\"@graph\":[{\"@type\":\"WebPage\",\"@id\":\"https:\/\/web.umons.ac.be\/sante\/fr\/axes-de-recherche\/brain-diseases\/recherche\/\",\"url\":\"https:\/\/web.umons.ac.be\/sante\/fr\/axes-de-recherche\/brain-diseases\/recherche\/\",\"name\":\"Recherche - Institut \/ Sant\u00e9\",\"isPartOf\":{\"@id\":\"https:\/\/web.umons.ac.be\/sante\/#website\"},\"datePublished\":\"2022-09-07T11:43:30+00:00\",\"breadcrumb\":{\"@id\":\"https:\/\/web.umons.ac.be\/sante\/fr\/axes-de-recherche\/brain-diseases\/recherche\/#breadcrumb\"},\"inLanguage\":\"fr-FR\",\"potentialAction\":[{\"@type\":\"ReadAction\",\"target\":[\"https:\/\/web.umons.ac.be\/sante\/fr\/axes-de-recherche\/brain-diseases\/recherche\/\"]}]},{\"@type\":\"BreadcrumbList\",\"@id\":\"https:\/\/web.umons.ac.be\/sante\/fr\/axes-de-recherche\/brain-diseases\/recherche\/#breadcrumb\",\"itemListElement\":[{\"@type\":\"ListItem\",\"position\":1,\"name\":\"Accueil\",\"item\":\"https:\/\/web.umons.ac.be\/sante\/fr\/\"},{\"@type\":\"ListItem\",\"position\":2,\"name\":\"Axes de Recherche\",\"item\":\"https:\/\/web.umons.ac.be\/sante\/fr\/axes-de-recherche\/\"},{\"@type\":\"ListItem\",\"position\":3,\"name\":\"Brain Diseases\",\"item\":\"https:\/\/web.umons.ac.be\/sante\/fr\/axes-de-recherche\/brain-diseases\/\"},{\"@type\":\"ListItem\",\"position\":4,\"name\":\"Recherche\"}]},{\"@type\":\"WebSite\",\"@id\":\"https:\/\/web.umons.ac.be\/sante\/#website\",\"url\":\"https:\/\/web.umons.ac.be\/sante\/\",\"name\":\"Institut \/ Sant\u00e9\",\"description\":\"Un site utilisant Universit\u00e9 de Mons \u2013 UMONS\",\"potentialAction\":[{\"@type\":\"SearchAction\",\"target\":{\"@type\":\"EntryPoint\",\"urlTemplate\":\"https:\/\/web.umons.ac.be\/sante\/?s={search_term_string}\"},\"query-input\":{\"@type\":\"PropertyValueSpecification\",\"valueRequired\":true,\"valueName\":\"search_term_string\"}}],\"inLanguage\":\"fr-FR\"}]}<\/script>\n<!-- \/ Yoast SEO plugin. -->","yoast_head_json":{"title":"Recherche - Institut \/ Sant\u00e9","robots":{"index":"index","follow":"follow","max-snippet":"max-snippet:-1","max-image-preview":"max-image-preview:large","max-video-preview":"max-video-preview:-1"},"canonical":"https:\/\/web.umons.ac.be\/sante\/fr\/axes-de-recherche\/brain-diseases\/recherche\/","og_locale":"fr_FR","og_type":"article","og_title":"Recherche - Institut \/ Sant\u00e9","og_url":"https:\/\/web.umons.ac.be\/sante\/fr\/axes-de-recherche\/brain-diseases\/recherche\/","og_site_name":"Institut \/ Sant\u00e9","twitter_card":"summary_large_image","schema":{"@context":"https:\/\/schema.org","@graph":[{"@type":"WebPage","@id":"https:\/\/web.umons.ac.be\/sante\/fr\/axes-de-recherche\/brain-diseases\/recherche\/","url":"https:\/\/web.umons.ac.be\/sante\/fr\/axes-de-recherche\/brain-diseases\/recherche\/","name":"Recherche - Institut \/ Sant\u00e9","isPartOf":{"@id":"https:\/\/web.umons.ac.be\/sante\/#website"},"datePublished":"2022-09-07T11:43:30+00:00","breadcrumb":{"@id":"https:\/\/web.umons.ac.be\/sante\/fr\/axes-de-recherche\/brain-diseases\/recherche\/#breadcrumb"},"inLanguage":"fr-FR","potentialAction":[{"@type":"ReadAction","target":["https:\/\/web.umons.ac.be\/sante\/fr\/axes-de-recherche\/brain-diseases\/recherche\/"]}]},{"@type":"BreadcrumbList","@id":"https:\/\/web.umons.ac.be\/sante\/fr\/axes-de-recherche\/brain-diseases\/recherche\/#breadcrumb","itemListElement":[{"@type":"ListItem","position":1,"name":"Accueil","item":"https:\/\/web.umons.ac.be\/sante\/fr\/"},{"@type":"ListItem","position":2,"name":"Axes de Recherche","item":"https:\/\/web.umons.ac.be\/sante\/fr\/axes-de-recherche\/"},{"@type":"ListItem","position":3,"name":"Brain Diseases","item":"https:\/\/web.umons.ac.be\/sante\/fr\/axes-de-recherche\/brain-diseases\/"},{"@type":"ListItem","position":4,"name":"Recherche"}]},{"@type":"WebSite","@id":"https:\/\/web.umons.ac.be\/sante\/#website","url":"https:\/\/web.umons.ac.be\/sante\/","name":"Institut \/ Sant\u00e9","description":"Un site utilisant Universit\u00e9 de Mons \u2013 UMONS","potentialAction":[{"@type":"SearchAction","target":{"@type":"EntryPoint","urlTemplate":"https:\/\/web.umons.ac.be\/sante\/?s={search_term_string}"},"query-input":{"@type":"PropertyValueSpecification","valueRequired":true,"valueName":"search_term_string"}}],"inLanguage":"fr-FR"}]}},"lang":"fr","translations":{"fr":828,"en":830},"pll_sync_post":[],"_links":{"self":[{"href":"https:\/\/web.umons.ac.be\/sante\/wp-json\/wp\/v2\/pages\/828","targetHints":{"allow":["GET"]}}],"collection":[{"href":"https:\/\/web.umons.ac.be\/sante\/wp-json\/wp\/v2\/pages"}],"about":[{"href":"https:\/\/web.umons.ac.be\/sante\/wp-json\/wp\/v2\/types\/page"}],"author":[{"embeddable":true,"href":"https:\/\/web.umons.ac.be\/sante\/wp-json\/wp\/v2\/users\/2"}],"replies":[{"embeddable":true,"href":"https:\/\/web.umons.ac.be\/sante\/wp-json\/wp\/v2\/comments?post=828"}],"version-history":[{"count":1,"href":"https:\/\/web.umons.ac.be\/sante\/wp-json\/wp\/v2\/pages\/828\/revisions"}],"predecessor-version":[{"id":829,"href":"https:\/\/web.umons.ac.be\/sante\/wp-json\/wp\/v2\/pages\/828\/revisions\/829"}],"up":[{"embeddable":true,"href":"https:\/\/web.umons.ac.be\/sante\/wp-json\/wp\/v2\/pages\/764"}],"wp:attachment":[{"href":"https:\/\/web.umons.ac.be\/sante\/wp-json\/wp\/v2\/media?parent=828"}],"curies":[{"name":"wp","href":"https:\/\/api.w.org\/{rel}","templated":true}]}}