{"id":837,"date":"2022-09-07T14:02:55","date_gmt":"2022-09-07T12:02:55","guid":{"rendered":"https:\/\/web.umons.ac.be\/sante\/?page_id=837"},"modified":"2022-09-07T14:02:55","modified_gmt":"2022-09-07T12:02:55","slug":"expertise","status":"publish","type":"page","link":"https:\/\/web.umons.ac.be\/sante\/en\/research-topics\/brain-diseases\/expertise\/","title":{"rendered":"Expertise"},"content":{"rendered":"<start-cask-shortcode-wrapper>    <div class=\"accordion content-block scheme-sante\">\n                <div class=\"accordion-inner\">\n            <div class=\"accordion-bellow\">\n                <button class=\"accordion-bellow-toggle scheme-background-hover\" data-target=\"#accordion-content-631887b2b8d86\">\n                    <span class=\"icon umons-icon-chevron-down\" aria-hidden=\"true\"><\/span> Internal Expertises                <\/button>\n            <\/div>\n            <div id=\"accordion-content-631887b2b8d86\" class=\"accordion-content\">\n            \t<div class=\"inner editor-front\">\n            \t\t<p><b>Clinical Research<\/b><\/p>\n<ul>\n<li>EEG (64 \u00e0 128 canaux)<\/li>\n<li>Near-Infrared Spectroscopy (fNIRS)<\/li>\n<li>Eye-tracking<\/li>\n<li>Physiological Paramter &#8211; Biopac<\/li>\n<li>Virtual reality<\/li>\n<\/ul>\n<p><b>Preclinical<\/b><b> Research<\/b><\/p>\n<ul>\n<li>In vivo electrophysiology<\/li>\n<li>Ex vivo and in vitro electrophysiology<\/li>\n<li>Extracellular, Intracellular and patch-clamp recordings<\/li>\n<li>Voltametry<\/li>\n<li>Animal behavior<\/li>\n<\/ul>\n            \t<\/div>\n            <\/div>\n        <\/div>\n                <div class=\"accordion-inner\">\n            <div class=\"accordion-bellow\">\n                <button class=\"accordion-bellow-toggle scheme-background-hover\" data-target=\"#accordion-content-631887b4060dd\">\n                    <span class=\"icon umons-icon-chevron-down\" aria-hidden=\"true\"><\/span> External Platforms                 <\/button>\n            <\/div>\n            <div id=\"accordion-content-631887b4060dd\" class=\"accordion-content\">\n            \t<div class=\"inner editor-front\">\n            \t\t<p><b>Clinical Research<\/b><\/p>\n<ul>\n<li>SIMOA \u2013 CHU Charleroi<\/li>\n<li>Bioprofiling<\/li>\n<\/ul>\n<p><b>Preclinical<\/b><b> Research<\/b><\/p>\n<ul>\n<li>CMMI<\/li>\n<li>Animal facility<\/li>\n<\/ul>\n            \t<\/div>\n            <\/div>\n        <\/div>\n                <div class=\"accordion-inner\">\n            <div class=\"accordion-bellow\">\n                <button class=\"accordion-bellow-toggle scheme-background-hover\" data-target=\"#accordion-content-631887b57215c\">\n                    <span class=\"icon umons-icon-chevron-down\" aria-hidden=\"true\"><\/span> Hospitals                <\/button>\n            <\/div>\n            <div id=\"accordion-content-631887b57215c\" class=\"accordion-content\">\n            \t<div class=\"inner editor-front\">\n            \t\t<p><b>Clinical Research<\/b><\/p>\n<ul>\n<li>CHU Charleroi<\/li>\n<li>HAP, MONS<\/li>\n<\/ul>\n            \t<\/div>\n            <\/div>\n        <\/div>\n            <\/div>\n<end-cask-shortcode-wrapper>\n","protected":false},"excerpt":{"rendered":"","protected":false},"author":2,"featured_media":0,"parent":766,"menu_order":0,"comment_status":"closed","ping_status":"closed","template":"","meta":{"footnotes":""},"class_list":["post-837","page","type-page","status-publish","hentry"],"yoast_head":"<!-- This site is optimized with the Yoast SEO plugin v27.2 - https:\/\/yoast.com\/product\/yoast-seo-wordpress\/ -->\n<title>Expertise - Institut \/ Sant\u00e9<\/title>\n<meta name=\"robots\" content=\"index, follow, max-snippet:-1, max-image-preview:large, max-video-preview:-1\" \/>\n<link rel=\"canonical\" href=\"https:\/\/web.umons.ac.be\/sante\/en\/research-topics\/brain-diseases\/expertise\/\" \/>\n<meta property=\"og:locale\" content=\"fr_FR\" \/>\n<meta property=\"og:type\" content=\"article\" \/>\n<meta property=\"og:title\" content=\"Expertise - Institut \/ Sant\u00e9\" \/>\n<meta property=\"og:url\" content=\"https:\/\/web.umons.ac.be\/sante\/en\/research-topics\/brain-diseases\/expertise\/\" \/>\n<meta property=\"og:site_name\" content=\"Institut \/ Sant\u00e9\" \/>\n<meta name=\"twitter:card\" content=\"summary_large_image\" \/>\n<meta name=\"twitter:label1\" content=\"Dur\u00e9e de lecture estim\u00e9e\" \/>\n\t<meta name=\"twitter:data1\" content=\"1 minute\" \/>\n<script type=\"application\/ld+json\" class=\"yoast-schema-graph\">{\"@context\":\"https:\/\/schema.org\",\"@graph\":[{\"@type\":\"WebPage\",\"@id\":\"https:\/\/web.umons.ac.be\/sante\/en\/research-topics\/brain-diseases\/expertise\/\",\"url\":\"https:\/\/web.umons.ac.be\/sante\/en\/research-topics\/brain-diseases\/expertise\/\",\"name\":\"Expertise - Institut \/ Sant\u00e9\",\"isPartOf\":{\"@id\":\"https:\/\/web.umons.ac.be\/sante\/#website\"},\"datePublished\":\"2022-09-07T12:02:55+00:00\",\"breadcrumb\":{\"@id\":\"https:\/\/web.umons.ac.be\/sante\/en\/research-topics\/brain-diseases\/expertise\/#breadcrumb\"},\"inLanguage\":\"fr-FR\",\"potentialAction\":[{\"@type\":\"ReadAction\",\"target\":[\"https:\/\/web.umons.ac.be\/sante\/en\/research-topics\/brain-diseases\/expertise\/\"]}]},{\"@type\":\"BreadcrumbList\",\"@id\":\"https:\/\/web.umons.ac.be\/sante\/en\/research-topics\/brain-diseases\/expertise\/#breadcrumb\",\"itemListElement\":[{\"@type\":\"ListItem\",\"position\":1,\"name\":\"Accueil\",\"item\":\"https:\/\/web.umons.ac.be\/sante\/fr\/\"},{\"@type\":\"ListItem\",\"position\":2,\"name\":\"Research topics\",\"item\":\"https:\/\/web.umons.ac.be\/sante\/en\/research-topics\/\"},{\"@type\":\"ListItem\",\"position\":3,\"name\":\"Brain Diseases\",\"item\":\"https:\/\/web.umons.ac.be\/sante\/en\/research-topics\/brain-diseases\/\"},{\"@type\":\"ListItem\",\"position\":4,\"name\":\"Expertise\"}]},{\"@type\":\"WebSite\",\"@id\":\"https:\/\/web.umons.ac.be\/sante\/#website\",\"url\":\"https:\/\/web.umons.ac.be\/sante\/\",\"name\":\"Institut \/ Sant\u00e9\",\"description\":\"Un site utilisant Universit\u00e9 de Mons \u2013 UMONS\",\"potentialAction\":[{\"@type\":\"SearchAction\",\"target\":{\"@type\":\"EntryPoint\",\"urlTemplate\":\"https:\/\/web.umons.ac.be\/sante\/?s={search_term_string}\"},\"query-input\":{\"@type\":\"PropertyValueSpecification\",\"valueRequired\":true,\"valueName\":\"search_term_string\"}}],\"inLanguage\":\"fr-FR\"}]}<\/script>\n<!-- \/ Yoast SEO plugin. -->","yoast_head_json":{"title":"Expertise - Institut \/ Sant\u00e9","robots":{"index":"index","follow":"follow","max-snippet":"max-snippet:-1","max-image-preview":"max-image-preview:large","max-video-preview":"max-video-preview:-1"},"canonical":"https:\/\/web.umons.ac.be\/sante\/en\/research-topics\/brain-diseases\/expertise\/","og_locale":"fr_FR","og_type":"article","og_title":"Expertise - Institut \/ Sant\u00e9","og_url":"https:\/\/web.umons.ac.be\/sante\/en\/research-topics\/brain-diseases\/expertise\/","og_site_name":"Institut \/ Sant\u00e9","twitter_card":"summary_large_image","twitter_misc":{"Dur\u00e9e de lecture estim\u00e9e":"1 minute"},"schema":{"@context":"https:\/\/schema.org","@graph":[{"@type":"WebPage","@id":"https:\/\/web.umons.ac.be\/sante\/en\/research-topics\/brain-diseases\/expertise\/","url":"https:\/\/web.umons.ac.be\/sante\/en\/research-topics\/brain-diseases\/expertise\/","name":"Expertise - Institut \/ Sant\u00e9","isPartOf":{"@id":"https:\/\/web.umons.ac.be\/sante\/#website"},"datePublished":"2022-09-07T12:02:55+00:00","breadcrumb":{"@id":"https:\/\/web.umons.ac.be\/sante\/en\/research-topics\/brain-diseases\/expertise\/#breadcrumb"},"inLanguage":"fr-FR","potentialAction":[{"@type":"ReadAction","target":["https:\/\/web.umons.ac.be\/sante\/en\/research-topics\/brain-diseases\/expertise\/"]}]},{"@type":"BreadcrumbList","@id":"https:\/\/web.umons.ac.be\/sante\/en\/research-topics\/brain-diseases\/expertise\/#breadcrumb","itemListElement":[{"@type":"ListItem","position":1,"name":"Accueil","item":"https:\/\/web.umons.ac.be\/sante\/fr\/"},{"@type":"ListItem","position":2,"name":"Research topics","item":"https:\/\/web.umons.ac.be\/sante\/en\/research-topics\/"},{"@type":"ListItem","position":3,"name":"Brain Diseases","item":"https:\/\/web.umons.ac.be\/sante\/en\/research-topics\/brain-diseases\/"},{"@type":"ListItem","position":4,"name":"Expertise"}]},{"@type":"WebSite","@id":"https:\/\/web.umons.ac.be\/sante\/#website","url":"https:\/\/web.umons.ac.be\/sante\/","name":"Institut \/ Sant\u00e9","description":"Un site utilisant Universit\u00e9 de Mons \u2013 UMONS","potentialAction":[{"@type":"SearchAction","target":{"@type":"EntryPoint","urlTemplate":"https:\/\/web.umons.ac.be\/sante\/?s={search_term_string}"},"query-input":{"@type":"PropertyValueSpecification","valueRequired":true,"valueName":"search_term_string"}}],"inLanguage":"fr-FR"}]}},"lang":"en","translations":{"en":837,"fr":835},"pll_sync_post":[],"_links":{"self":[{"href":"https:\/\/web.umons.ac.be\/sante\/wp-json\/wp\/v2\/pages\/837","targetHints":{"allow":["GET"]}}],"collection":[{"href":"https:\/\/web.umons.ac.be\/sante\/wp-json\/wp\/v2\/pages"}],"about":[{"href":"https:\/\/web.umons.ac.be\/sante\/wp-json\/wp\/v2\/types\/page"}],"author":[{"embeddable":true,"href":"https:\/\/web.umons.ac.be\/sante\/wp-json\/wp\/v2\/users\/2"}],"replies":[{"embeddable":true,"href":"https:\/\/web.umons.ac.be\/sante\/wp-json\/wp\/v2\/comments?post=837"}],"version-history":[{"count":1,"href":"https:\/\/web.umons.ac.be\/sante\/wp-json\/wp\/v2\/pages\/837\/revisions"}],"predecessor-version":[{"id":838,"href":"https:\/\/web.umons.ac.be\/sante\/wp-json\/wp\/v2\/pages\/837\/revisions\/838"}],"up":[{"embeddable":true,"href":"https:\/\/web.umons.ac.be\/sante\/wp-json\/wp\/v2\/pages\/766"}],"wp:attachment":[{"href":"https:\/\/web.umons.ac.be\/sante\/wp-json\/wp\/v2\/media?parent=837"}],"curies":[{"name":"wp","href":"https:\/\/api.w.org\/{rel}","templated":true}]}}