{"id":84,"date":"2017-07-20T17:46:13","date_gmt":"2017-07-20T15:46:13","guid":{"rendered":"https:\/\/web.umons.ac.be\/sante\/?page_id=84"},"modified":"2017-11-07T17:50:57","modified_gmt":"2017-11-07T16:50:57","slug":"equipements-remarquables","status":"publish","type":"page","link":"https:\/\/web.umons.ac.be\/sante\/fr\/equipements-remarquables\/","title":{"rendered":"Equipements remarquables"},"content":{"rendered":"<p><img loading=\"lazy\" decoding=\"async\" class=\"alignright wp-image-10 size-thumbnail\" src=\"https:\/\/web.umons.ac.be\/app\/uploads\/sites\/35\/2017\/07\/P3271557-150x150.jpg\" alt=\"\" width=\"150\" height=\"150\" srcset=\"https:\/\/web.umons.ac.be\/app\/uploads\/sites\/35\/2017\/07\/P3271557-150x150.jpg 150w, https:\/\/web.umons.ac.be\/app\/uploads\/sites\/35\/2017\/07\/P3271557-80x80.jpg 80w, https:\/\/web.umons.ac.be\/app\/uploads\/sites\/35\/2017\/07\/P3271557-400x400.jpg 400w, https:\/\/web.umons.ac.be\/app\/uploads\/sites\/35\/2017\/07\/P3271557-200x200.jpg 200w\" sizes=\"auto, (max-width: 150px) 100vw, 150px\" \/><\/p>\n<p>&nbsp;<\/p>\n<p>Les services de recherche de l\u2019Institut Sant\u00e9 disposent de nombreux \u00e9quipements de pointe. La liste\u00a0ci-dessous pr\u00e9sente de mani\u00e8re non-exhaustive une partie de ces \u00e9quipements, qui peuvent \u00e9galement\u00a0\u00eatre mis \u00e0 disposition pour des prestations \u00e0 des tiers, selon les demandes.<\/p>\n<ul>\n<li>Plateforme de<strong> sp\u00e9ctrom\u00e9trie de masse<\/strong> : Waters QToF2, Waters QToFPremier, MALDI-ToF, HCTultra,\u2026coupl\u00e9 ou non \u00e0 des HPLC.<\/li>\n<li>Plateforme de <strong>Bioprofiling<\/strong> (RMN et\u00a0spectrom\u00e9trie de masse MRM) d\u00e9di\u00e9e\u00a0\u00e0 l\u2019identification, la quantification et\u00a0la validation de biomarqueurs<\/li>\n<li><strong>Spectrom\u00e9trie RMN<\/strong> (Bruker Avance,\u00a07 Tesla &amp; 11.75 Tesla)<\/li>\n<li><strong>\u00c9quipement analytique<\/strong> (FT-IR,\u00a0HPLC-UV, HPLC-Fluo, UPLC-PDA,\u00a0UPLC ELSD, GC-MS, TOCmeter, ICP,<br \/>\nNIR Probe)<\/li>\n<li><strong>Imagerie pr\u00e9clinique IRM<\/strong> (imagerie\u00a0de resonance magn\u00e9tique (Bruker\u00a0Biospec, 7 Tesla Pharmascan\u00a0magnet), optique (PhotonImager ;\u00a0Biospace Lab) et photo-acoustique\u00a0multispectrale (Multi-spectral\u00a0optoacoustic tomography (MSOT))<\/li>\n<li>Installations compl\u00e8tes pour <strong>enregistrements\u00a0\u00e9lectrophysiologiques\u00a0<\/strong>(extra et intracellulaire)<\/li>\n<li>Dispositif EEG (MedCat) permettant\u00a0l\u2019<strong>enregistrement \u00e9lectroenc\u00e9phalographique<\/strong>\u00a0via 64 ou 128\u00a0canaux, et traitement au moyen des\u00a0logiciels BrainVision Recorder et\u00a0BrainVision Analyser.<\/li>\n<li><strong>Eye-Tracking<\/strong> SMI RED250mobile<\/li>\n<li><strong>Nasometer<\/strong> II 6450 de Kay Pentax\u00a0(mesure instantan\u00e9e de la nasalance)<\/li>\n<li><strong>Phonatory Aerodynamic System\u00a0<\/strong>Model 6600 de Kay Medical (\u00e9tude\u00a0de l\u2019a\u00e9rodynamique de la phonation)<\/li>\n<li><strong>Audiom\u00e8tre<\/strong> Madsen Itera II\u00a0d\u2019Otometrics (investigation de\u00a0l\u2019audition)<\/li>\n<\/ul>\n","protected":false},"excerpt":{"rendered":"<p>&nbsp; Les services de recherche de l\u2019Institut Sant\u00e9 disposent de nombreux \u00e9quipements de pointe. La liste\u00a0ci-dessous pr\u00e9sente de mani\u00e8re non-exhaustive une partie de ces \u00e9quipements, qui peuvent \u00e9galement\u00a0\u00eatre mis \u00e0 disposition pour des prestations \u00e0 des tiers, selon les demandes. Plateforme de sp\u00e9ctrom\u00e9trie de masse : Waters QToF2, Waters QToFPremier, MALDI-ToF, HCTultra,\u2026coupl\u00e9 ou non \u00e0 [&hellip;]<\/p>\n","protected":false},"author":2,"featured_media":0,"parent":0,"menu_order":5,"comment_status":"closed","ping_status":"closed","template":"","meta":{"footnotes":""},"class_list":["post-84","page","type-page","status-publish","hentry"],"yoast_head":"<!-- This site is optimized with the Yoast SEO plugin v27.2 - https:\/\/yoast.com\/product\/yoast-seo-wordpress\/ -->\n<title>Equipements remarquables - Institut \/ Sant\u00e9<\/title>\n<meta name=\"robots\" content=\"index, follow, max-snippet:-1, max-image-preview:large, max-video-preview:-1\" \/>\n<link rel=\"canonical\" href=\"https:\/\/web.umons.ac.be\/sante\/fr\/equipements-remarquables\/\" \/>\n<meta property=\"og:locale\" content=\"fr_FR\" \/>\n<meta property=\"og:type\" content=\"article\" \/>\n<meta property=\"og:title\" content=\"Equipements remarquables - Institut \/ Sant\u00e9\" \/>\n<meta property=\"og:description\" content=\"&nbsp; Les services de recherche de l\u2019Institut Sant\u00e9 disposent de nombreux \u00e9quipements de pointe. La liste\u00a0ci-dessous pr\u00e9sente de mani\u00e8re non-exhaustive une partie de ces \u00e9quipements, qui peuvent \u00e9galement\u00a0\u00eatre mis \u00e0 disposition pour des prestations \u00e0 des tiers, selon les demandes. Plateforme de sp\u00e9ctrom\u00e9trie de masse : Waters QToF2, Waters QToFPremier, MALDI-ToF, HCTultra,\u2026coupl\u00e9 ou non \u00e0 [&hellip;]\" \/>\n<meta property=\"og:url\" content=\"https:\/\/web.umons.ac.be\/sante\/fr\/equipements-remarquables\/\" \/>\n<meta property=\"og:site_name\" content=\"Institut \/ Sant\u00e9\" \/>\n<meta property=\"article:modified_time\" content=\"2017-11-07T16:50:57+00:00\" \/>\n<meta property=\"og:image\" content=\"https:\/\/web.umons.ac.be\/app\/uploads\/sites\/35\/2017\/07\/P3271557-150x150.jpg\" \/>\n<meta name=\"twitter:card\" content=\"summary_large_image\" \/>\n<meta name=\"twitter:label1\" content=\"Dur\u00e9e de lecture estim\u00e9e\" \/>\n\t<meta name=\"twitter:data1\" content=\"1 minute\" \/>\n<script type=\"application\/ld+json\" class=\"yoast-schema-graph\">{\"@context\":\"https:\/\/schema.org\",\"@graph\":[{\"@type\":\"WebPage\",\"@id\":\"https:\/\/web.umons.ac.be\/sante\/fr\/equipements-remarquables\/\",\"url\":\"https:\/\/web.umons.ac.be\/sante\/fr\/equipements-remarquables\/\",\"name\":\"Equipements remarquables - Institut \/ Sant\u00e9\",\"isPartOf\":{\"@id\":\"https:\/\/web.umons.ac.be\/sante\/#website\"},\"primaryImageOfPage\":{\"@id\":\"https:\/\/web.umons.ac.be\/sante\/fr\/equipements-remarquables\/#primaryimage\"},\"image\":{\"@id\":\"https:\/\/web.umons.ac.be\/sante\/fr\/equipements-remarquables\/#primaryimage\"},\"thumbnailUrl\":\"https:\/\/web.umons.ac.be\/app\/uploads\/sites\/35\/2017\/07\/P3271557-150x150.jpg\",\"datePublished\":\"2017-07-20T15:46:13+00:00\",\"dateModified\":\"2017-11-07T16:50:57+00:00\",\"breadcrumb\":{\"@id\":\"https:\/\/web.umons.ac.be\/sante\/fr\/equipements-remarquables\/#breadcrumb\"},\"inLanguage\":\"fr-FR\",\"potentialAction\":[{\"@type\":\"ReadAction\",\"target\":[\"https:\/\/web.umons.ac.be\/sante\/fr\/equipements-remarquables\/\"]}]},{\"@type\":\"ImageObject\",\"inLanguage\":\"fr-FR\",\"@id\":\"https:\/\/web.umons.ac.be\/sante\/fr\/equipements-remarquables\/#primaryimage\",\"url\":\"https:\/\/web.umons.ac.be\/app\/uploads\/sites\/35\/2017\/07\/P3271557-150x150.jpg\",\"contentUrl\":\"https:\/\/web.umons.ac.be\/app\/uploads\/sites\/35\/2017\/07\/P3271557-150x150.jpg\"},{\"@type\":\"BreadcrumbList\",\"@id\":\"https:\/\/web.umons.ac.be\/sante\/fr\/equipements-remarquables\/#breadcrumb\",\"itemListElement\":[{\"@type\":\"ListItem\",\"position\":1,\"name\":\"Accueil\",\"item\":\"https:\/\/web.umons.ac.be\/sante\/fr\/\"},{\"@type\":\"ListItem\",\"position\":2,\"name\":\"Equipements remarquables\"}]},{\"@type\":\"WebSite\",\"@id\":\"https:\/\/web.umons.ac.be\/sante\/#website\",\"url\":\"https:\/\/web.umons.ac.be\/sante\/\",\"name\":\"Institut \/ Sant\u00e9\",\"description\":\"Un site utilisant Universit\u00e9 de Mons \u2013 UMONS\",\"potentialAction\":[{\"@type\":\"SearchAction\",\"target\":{\"@type\":\"EntryPoint\",\"urlTemplate\":\"https:\/\/web.umons.ac.be\/sante\/?s={search_term_string}\"},\"query-input\":{\"@type\":\"PropertyValueSpecification\",\"valueRequired\":true,\"valueName\":\"search_term_string\"}}],\"inLanguage\":\"fr-FR\"}]}<\/script>\n<!-- \/ Yoast SEO plugin. -->","yoast_head_json":{"title":"Equipements remarquables - Institut \/ Sant\u00e9","robots":{"index":"index","follow":"follow","max-snippet":"max-snippet:-1","max-image-preview":"max-image-preview:large","max-video-preview":"max-video-preview:-1"},"canonical":"https:\/\/web.umons.ac.be\/sante\/fr\/equipements-remarquables\/","og_locale":"fr_FR","og_type":"article","og_title":"Equipements remarquables - Institut \/ Sant\u00e9","og_description":"&nbsp; Les services de recherche de l\u2019Institut Sant\u00e9 disposent de nombreux \u00e9quipements de pointe. La liste\u00a0ci-dessous pr\u00e9sente de mani\u00e8re non-exhaustive une partie de ces \u00e9quipements, qui peuvent \u00e9galement\u00a0\u00eatre mis \u00e0 disposition pour des prestations \u00e0 des tiers, selon les demandes. Plateforme de sp\u00e9ctrom\u00e9trie de masse : Waters QToF2, Waters QToFPremier, MALDI-ToF, HCTultra,\u2026coupl\u00e9 ou non \u00e0 [&hellip;]","og_url":"https:\/\/web.umons.ac.be\/sante\/fr\/equipements-remarquables\/","og_site_name":"Institut \/ Sant\u00e9","article_modified_time":"2017-11-07T16:50:57+00:00","og_image":[{"url":"https:\/\/web.umons.ac.be\/app\/uploads\/sites\/35\/2017\/07\/P3271557-150x150.jpg","type":"","width":"","height":""}],"twitter_card":"summary_large_image","twitter_misc":{"Dur\u00e9e de lecture estim\u00e9e":"1 minute"},"schema":{"@context":"https:\/\/schema.org","@graph":[{"@type":"WebPage","@id":"https:\/\/web.umons.ac.be\/sante\/fr\/equipements-remarquables\/","url":"https:\/\/web.umons.ac.be\/sante\/fr\/equipements-remarquables\/","name":"Equipements remarquables - Institut \/ Sant\u00e9","isPartOf":{"@id":"https:\/\/web.umons.ac.be\/sante\/#website"},"primaryImageOfPage":{"@id":"https:\/\/web.umons.ac.be\/sante\/fr\/equipements-remarquables\/#primaryimage"},"image":{"@id":"https:\/\/web.umons.ac.be\/sante\/fr\/equipements-remarquables\/#primaryimage"},"thumbnailUrl":"https:\/\/web.umons.ac.be\/app\/uploads\/sites\/35\/2017\/07\/P3271557-150x150.jpg","datePublished":"2017-07-20T15:46:13+00:00","dateModified":"2017-11-07T16:50:57+00:00","breadcrumb":{"@id":"https:\/\/web.umons.ac.be\/sante\/fr\/equipements-remarquables\/#breadcrumb"},"inLanguage":"fr-FR","potentialAction":[{"@type":"ReadAction","target":["https:\/\/web.umons.ac.be\/sante\/fr\/equipements-remarquables\/"]}]},{"@type":"ImageObject","inLanguage":"fr-FR","@id":"https:\/\/web.umons.ac.be\/sante\/fr\/equipements-remarquables\/#primaryimage","url":"https:\/\/web.umons.ac.be\/app\/uploads\/sites\/35\/2017\/07\/P3271557-150x150.jpg","contentUrl":"https:\/\/web.umons.ac.be\/app\/uploads\/sites\/35\/2017\/07\/P3271557-150x150.jpg"},{"@type":"BreadcrumbList","@id":"https:\/\/web.umons.ac.be\/sante\/fr\/equipements-remarquables\/#breadcrumb","itemListElement":[{"@type":"ListItem","position":1,"name":"Accueil","item":"https:\/\/web.umons.ac.be\/sante\/fr\/"},{"@type":"ListItem","position":2,"name":"Equipements remarquables"}]},{"@type":"WebSite","@id":"https:\/\/web.umons.ac.be\/sante\/#website","url":"https:\/\/web.umons.ac.be\/sante\/","name":"Institut \/ Sant\u00e9","description":"Un site utilisant Universit\u00e9 de Mons \u2013 UMONS","potentialAction":[{"@type":"SearchAction","target":{"@type":"EntryPoint","urlTemplate":"https:\/\/web.umons.ac.be\/sante\/?s={search_term_string}"},"query-input":{"@type":"PropertyValueSpecification","valueRequired":true,"valueName":"search_term_string"}}],"inLanguage":"fr-FR"}]}},"lang":"fr","translations":{"fr":84,"en":294},"pll_sync_post":[],"_links":{"self":[{"href":"https:\/\/web.umons.ac.be\/sante\/wp-json\/wp\/v2\/pages\/84","targetHints":{"allow":["GET"]}}],"collection":[{"href":"https:\/\/web.umons.ac.be\/sante\/wp-json\/wp\/v2\/pages"}],"about":[{"href":"https:\/\/web.umons.ac.be\/sante\/wp-json\/wp\/v2\/types\/page"}],"author":[{"embeddable":true,"href":"https:\/\/web.umons.ac.be\/sante\/wp-json\/wp\/v2\/users\/2"}],"replies":[{"embeddable":true,"href":"https:\/\/web.umons.ac.be\/sante\/wp-json\/wp\/v2\/comments?post=84"}],"version-history":[{"count":3,"href":"https:\/\/web.umons.ac.be\/sante\/wp-json\/wp\/v2\/pages\/84\/revisions"}],"predecessor-version":[{"id":185,"href":"https:\/\/web.umons.ac.be\/sante\/wp-json\/wp\/v2\/pages\/84\/revisions\/185"}],"wp:attachment":[{"href":"https:\/\/web.umons.ac.be\/sante\/wp-json\/wp\/v2\/media?parent=84"}],"curies":[{"name":"wp","href":"https:\/\/api.w.org\/{rel}","templated":true}]}}