{"id":843,"date":"2022-09-07T14:16:03","date_gmt":"2022-09-07T12:16:03","guid":{"rendered":"https:\/\/web.umons.ac.be\/sante\/?page_id=843"},"modified":"2022-09-07T14:16:03","modified_gmt":"2022-09-07T12:16:03","slug":"study-programmes","status":"publish","type":"page","link":"https:\/\/web.umons.ac.be\/sante\/en\/research-topics\/brain-diseases\/study-programmes\/","title":{"rendered":"Study programmes"},"content":{"rendered":"<h2>Master in Neuroscience<\/h2>\n<p>A 120 ECTS master degree in Biomedicine specialized in Neuroscience, fully teached in English<\/p>\n<p>See the website: https:\/\/www.masterneuro-mons.com\/<\/p>\n<start-cask-shortcode-wrapper><article class=\"shortcode-training training-small content-block scheme-fmp\">\n\t<a href=\"https:\/\/web.umons.ac.be\/fmp\/en\/training\/m2-biomfs\/\" class=\"training-link scheme-border-hover\">\n\t\t<header class=\"training-small-header\">\n\t\t\t<div class=\"training-small-entity scheme-color\">\n\t\t\t\tFacult\u00e9 \/ FMPB\t\t\t\t\t           \t<img decoding=\"async\" src=\"https:\/\/web.umons.ac.be\/app\/uploads\/sites\/2\/2017\/12\/fmp.svg\" class=\"training-small-entity-logo\" alt=\"Ic\u00f4ne de Facult\u00e9 \/ FMPB\">\n\t        \t\t\t\t<\/div>\n\t\t\t<div class=\"training-small-degree\">\n\t\t\t\tMaster en\t\t\t<\/div>\n\n\t\t\t<h1 class=\"training-small-title\">Biomedical Sciences<\/h1>\n\n\t\t\t\t\t\t<div class=\"training-small-subtitle\">\n\t\t\t\t<strong>Finalit\u00e9 sp\u00e9cialis\u00e9e en Neuroscience<\/strong>\n\t\t\t<\/div>\n\t\t\t\t\t<\/header>\n\t\t\t\t<div class=\"training-small-content\">\n\t\t\t<div class=\"training-small-location\">\n\t\t\t\t<span class=\"icon umons-icon-pin\" aria-hidden=\"true\"><\/span>\n\t\t\t\t<span class=\"location\">Mons<\/span>\n\t\t\t<\/div>\n\n\t\t\t\t\t\t<div class=\"training-small-side-info\">\n\t\t\t\t<ul class=\"training-small-side-info-list\">\n\t\t\t\t\t\t\t\t\t\t<li>\n\t\t\t\t\t\t<div class=\"training-single-schedule\">\n\t\t\t\t\t\t\t<div class=\"label\">Horaire<\/div>\n\t\t\t\t\t\t\t<div class=\"value\">Horaire de jour<\/div>\n\t\t\t\t\t\t<\/div>\n\t\t\t\t\t<\/li>\n\t\t\t\t\t\t\t\t\t\t\t\t\t\t\t<li>\n\t\t\t\t\t\t<div class=\"training-single-credits\">\n\t\t\t\t\t\t\t<div class=\"label\">Cr\u00e9dits ECTS<\/div>\n\t\t\t\t\t\t\t<div class=\"value\">120<\/div>\n\t\t\t\t\t\t<\/div>\n\t\t\t\t\t<\/li>\n\t\t\t\t\t\t\t\t\t\t\t\t\t\t\t<li>\n\t\t\t\t\t\t<div class=\"training-single-languages\">\n\t\t\t\t\t\t\t<div class=\"label\">Langue<\/div>\n\t\t\t\t\t\t\t<div class=\"value\">\n\t\t\t\t\t\t\t\t<span class=\"lang\">Anglais<\/span>\n\t\t\t\t\t\t\t<\/div>\n\t\t\t\t\t\t<\/div>\n\t\t\t\t\t<\/li>\n\t\t\t\t\t\t\t\t\t<\/ul>\n\t\t\t<\/div>\n\t\t\t\t\t<\/div>\n\t\t\t<\/a>\n<\/article>\n<end-cask-shortcode-wrapper>\n<hr \/>\n<h2>Certificate in BCI<\/h2>\n<p>Certificate in Brain Computer Interface in collaboration with ULB and Condorcet<\/p>\n<hr \/>\n<h2>Pedagogic Platform<\/h2>\n<p>A place to study Neuroscience at UMONS<\/p>\n","protected":false},"excerpt":{"rendered":"<p>Master in Neuroscience A 120 ECTS master degree in Biomedicine specialized in Neuroscience, fully teached in English See the website: https:\/\/www.masterneuro-mons.com\/ Certificate in BCI Certificate in Brain Computer Interface in collaboration with ULB and Condorcet Pedagogic Platform A place to study Neuroscience at UMONS<\/p>\n","protected":false},"author":2,"featured_media":0,"parent":766,"menu_order":0,"comment_status":"closed","ping_status":"closed","template":"","meta":{"footnotes":""},"class_list":["post-843","page","type-page","status-publish","hentry"],"yoast_head":"<!-- This site is optimized with the Yoast SEO plugin v27.2 - https:\/\/yoast.com\/product\/yoast-seo-wordpress\/ -->\n<title>Study programmes - Institut \/ Sant\u00e9<\/title>\n<meta name=\"robots\" content=\"index, follow, max-snippet:-1, max-image-preview:large, max-video-preview:-1\" \/>\n<link rel=\"canonical\" href=\"https:\/\/web.umons.ac.be\/sante\/en\/research-topics\/brain-diseases\/study-programmes\/\" \/>\n<meta property=\"og:locale\" content=\"fr_FR\" \/>\n<meta property=\"og:type\" content=\"article\" \/>\n<meta property=\"og:title\" content=\"Study programmes - Institut \/ Sant\u00e9\" \/>\n<meta property=\"og:description\" content=\"Master in Neuroscience A 120 ECTS master degree in Biomedicine specialized in Neuroscience, fully teached in English See the website: https:\/\/www.masterneuro-mons.com\/ Certificate in BCI Certificate in Brain Computer Interface in collaboration with ULB and Condorcet Pedagogic Platform A place to study Neuroscience at UMONS\" \/>\n<meta property=\"og:url\" content=\"https:\/\/web.umons.ac.be\/sante\/en\/research-topics\/brain-diseases\/study-programmes\/\" \/>\n<meta property=\"og:site_name\" content=\"Institut \/ Sant\u00e9\" \/>\n<meta name=\"twitter:card\" content=\"summary_large_image\" \/>\n<script type=\"application\/ld+json\" class=\"yoast-schema-graph\">{\"@context\":\"https:\/\/schema.org\",\"@graph\":[{\"@type\":\"WebPage\",\"@id\":\"https:\/\/web.umons.ac.be\/sante\/en\/research-topics\/brain-diseases\/study-programmes\/\",\"url\":\"https:\/\/web.umons.ac.be\/sante\/en\/research-topics\/brain-diseases\/study-programmes\/\",\"name\":\"Study programmes - Institut \/ Sant\u00e9\",\"isPartOf\":{\"@id\":\"https:\/\/web.umons.ac.be\/sante\/#website\"},\"datePublished\":\"2022-09-07T12:16:03+00:00\",\"breadcrumb\":{\"@id\":\"https:\/\/web.umons.ac.be\/sante\/en\/research-topics\/brain-diseases\/study-programmes\/#breadcrumb\"},\"inLanguage\":\"fr-FR\",\"potentialAction\":[{\"@type\":\"ReadAction\",\"target\":[\"https:\/\/web.umons.ac.be\/sante\/en\/research-topics\/brain-diseases\/study-programmes\/\"]}]},{\"@type\":\"BreadcrumbList\",\"@id\":\"https:\/\/web.umons.ac.be\/sante\/en\/research-topics\/brain-diseases\/study-programmes\/#breadcrumb\",\"itemListElement\":[{\"@type\":\"ListItem\",\"position\":1,\"name\":\"Accueil\",\"item\":\"https:\/\/web.umons.ac.be\/sante\/fr\/\"},{\"@type\":\"ListItem\",\"position\":2,\"name\":\"Research topics\",\"item\":\"https:\/\/web.umons.ac.be\/sante\/en\/research-topics\/\"},{\"@type\":\"ListItem\",\"position\":3,\"name\":\"Brain Diseases\",\"item\":\"https:\/\/web.umons.ac.be\/sante\/en\/research-topics\/brain-diseases\/\"},{\"@type\":\"ListItem\",\"position\":4,\"name\":\"Study programmes\"}]},{\"@type\":\"WebSite\",\"@id\":\"https:\/\/web.umons.ac.be\/sante\/#website\",\"url\":\"https:\/\/web.umons.ac.be\/sante\/\",\"name\":\"Institut \/ Sant\u00e9\",\"description\":\"Un site utilisant Universit\u00e9 de Mons \u2013 UMONS\",\"potentialAction\":[{\"@type\":\"SearchAction\",\"target\":{\"@type\":\"EntryPoint\",\"urlTemplate\":\"https:\/\/web.umons.ac.be\/sante\/?s={search_term_string}\"},\"query-input\":{\"@type\":\"PropertyValueSpecification\",\"valueRequired\":true,\"valueName\":\"search_term_string\"}}],\"inLanguage\":\"fr-FR\"}]}<\/script>\n<!-- \/ Yoast SEO plugin. -->","yoast_head_json":{"title":"Study programmes - Institut \/ Sant\u00e9","robots":{"index":"index","follow":"follow","max-snippet":"max-snippet:-1","max-image-preview":"max-image-preview:large","max-video-preview":"max-video-preview:-1"},"canonical":"https:\/\/web.umons.ac.be\/sante\/en\/research-topics\/brain-diseases\/study-programmes\/","og_locale":"fr_FR","og_type":"article","og_title":"Study programmes - Institut \/ Sant\u00e9","og_description":"Master in Neuroscience A 120 ECTS master degree in Biomedicine specialized in Neuroscience, fully teached in English See the website: https:\/\/www.masterneuro-mons.com\/ Certificate in BCI Certificate in Brain Computer Interface in collaboration with ULB and Condorcet Pedagogic Platform A place to study Neuroscience at UMONS","og_url":"https:\/\/web.umons.ac.be\/sante\/en\/research-topics\/brain-diseases\/study-programmes\/","og_site_name":"Institut \/ Sant\u00e9","twitter_card":"summary_large_image","schema":{"@context":"https:\/\/schema.org","@graph":[{"@type":"WebPage","@id":"https:\/\/web.umons.ac.be\/sante\/en\/research-topics\/brain-diseases\/study-programmes\/","url":"https:\/\/web.umons.ac.be\/sante\/en\/research-topics\/brain-diseases\/study-programmes\/","name":"Study programmes - Institut \/ Sant\u00e9","isPartOf":{"@id":"https:\/\/web.umons.ac.be\/sante\/#website"},"datePublished":"2022-09-07T12:16:03+00:00","breadcrumb":{"@id":"https:\/\/web.umons.ac.be\/sante\/en\/research-topics\/brain-diseases\/study-programmes\/#breadcrumb"},"inLanguage":"fr-FR","potentialAction":[{"@type":"ReadAction","target":["https:\/\/web.umons.ac.be\/sante\/en\/research-topics\/brain-diseases\/study-programmes\/"]}]},{"@type":"BreadcrumbList","@id":"https:\/\/web.umons.ac.be\/sante\/en\/research-topics\/brain-diseases\/study-programmes\/#breadcrumb","itemListElement":[{"@type":"ListItem","position":1,"name":"Accueil","item":"https:\/\/web.umons.ac.be\/sante\/fr\/"},{"@type":"ListItem","position":2,"name":"Research topics","item":"https:\/\/web.umons.ac.be\/sante\/en\/research-topics\/"},{"@type":"ListItem","position":3,"name":"Brain Diseases","item":"https:\/\/web.umons.ac.be\/sante\/en\/research-topics\/brain-diseases\/"},{"@type":"ListItem","position":4,"name":"Study programmes"}]},{"@type":"WebSite","@id":"https:\/\/web.umons.ac.be\/sante\/#website","url":"https:\/\/web.umons.ac.be\/sante\/","name":"Institut \/ Sant\u00e9","description":"Un site utilisant Universit\u00e9 de Mons \u2013 UMONS","potentialAction":[{"@type":"SearchAction","target":{"@type":"EntryPoint","urlTemplate":"https:\/\/web.umons.ac.be\/sante\/?s={search_term_string}"},"query-input":{"@type":"PropertyValueSpecification","valueRequired":true,"valueName":"search_term_string"}}],"inLanguage":"fr-FR"}]}},"lang":"en","translations":{"en":843,"fr":841},"pll_sync_post":[],"_links":{"self":[{"href":"https:\/\/web.umons.ac.be\/sante\/wp-json\/wp\/v2\/pages\/843","targetHints":{"allow":["GET"]}}],"collection":[{"href":"https:\/\/web.umons.ac.be\/sante\/wp-json\/wp\/v2\/pages"}],"about":[{"href":"https:\/\/web.umons.ac.be\/sante\/wp-json\/wp\/v2\/types\/page"}],"author":[{"embeddable":true,"href":"https:\/\/web.umons.ac.be\/sante\/wp-json\/wp\/v2\/users\/2"}],"replies":[{"embeddable":true,"href":"https:\/\/web.umons.ac.be\/sante\/wp-json\/wp\/v2\/comments?post=843"}],"version-history":[{"count":1,"href":"https:\/\/web.umons.ac.be\/sante\/wp-json\/wp\/v2\/pages\/843\/revisions"}],"predecessor-version":[{"id":844,"href":"https:\/\/web.umons.ac.be\/sante\/wp-json\/wp\/v2\/pages\/843\/revisions\/844"}],"up":[{"embeddable":true,"href":"https:\/\/web.umons.ac.be\/sante\/wp-json\/wp\/v2\/pages\/766"}],"wp:attachment":[{"href":"https:\/\/web.umons.ac.be\/sante\/wp-json\/wp\/v2\/media?parent=843"}],"curies":[{"name":"wp","href":"https:\/\/api.w.org\/{rel}","templated":true}]}}