{"id":11,"date":"2021-11-04T15:57:40","date_gmt":"2021-11-04T14:57:40","guid":{"rendered":"https:\/\/web.umons.ac.be\/scmn\/activites-denseignement\/"},"modified":"2021-11-04T16:16:10","modified_gmt":"2021-11-04T15:16:10","slug":"activites-denseignement","status":"publish","type":"page","link":"https:\/\/web.umons.ac.be\/scmn\/activites-denseignement\/","title":{"rendered":"Activit\u00e9s d&rsquo;enseignement"},"content":{"rendered":"<ul>\n<li>Introduction \u00e0 l&rsquo;innovation<\/li>\n<li>Histoire de la pens\u00e9e scientifique<\/li>\n<li>Chimie bio-inspir\u00e9e<\/li>\n<li>Chimie de coordination<\/li>\n<li>Chimie de l&rsquo;environnement<\/li>\n<li>Chimie des mat\u00e9riaux nouveaux<\/li>\n<li>Chimie et physique des mat\u00e9riaux<\/li>\n<li>Chimie g\u00e9n\u00e9rale<\/li>\n<li>Chimie supramol\u00e9culaire<\/li>\n<li>Introduction aux Nanotechnologies<\/li>\n<li>M\u00e9canique quantique<\/li>\n<li>Microscopies \u00e0 sonde locale<\/li>\n<li>Mod\u00e9lisation mol\u00e9culaire en chimie<\/li>\n<li>Sciences et soci\u00e9t\u00e9<\/li>\n<li>Spectroscopie mol\u00e9culaire<\/li>\n<li>Travaux personnels BA1<\/li>\n<\/ul>\n","protected":false},"excerpt":{"rendered":"<p>Introduction \u00e0 l&rsquo;innovation Histoire de la pens\u00e9e scientifique Chimie bio-inspir\u00e9e Chimie de coordination Chimie de l&rsquo;environnement Chimie des mat\u00e9riaux nouveaux Chimie et physique des mat\u00e9riaux Chimie g\u00e9n\u00e9rale Chimie supramol\u00e9culaire Introduction aux Nanotechnologies M\u00e9canique quantique Microscopies \u00e0 sonde locale Mod\u00e9lisation mol\u00e9culaire en chimie Sciences et soci\u00e9t\u00e9 Spectroscopie mol\u00e9culaire Travaux personnels BA1<\/p>\n","protected":false},"author":4,"featured_media":0,"parent":0,"menu_order":0,"comment_status":"closed","ping_status":"closed","template":"","meta":{"footnotes":""},"class_list":["post-11","page","type-page","status-publish","hentry"],"yoast_head":"<!-- This site is optimized with the Yoast SEO plugin v27.2 - https:\/\/yoast.com\/product\/yoast-seo-wordpress\/ -->\n<title>Activit\u00e9s d&#039;enseignement - Service \/ FS - Chimie des Mat\u00e9riaux Nouveaux<\/title>\n<meta name=\"robots\" content=\"index, follow, max-snippet:-1, max-image-preview:large, max-video-preview:-1\" \/>\n<link rel=\"canonical\" href=\"https:\/\/web.umons.ac.be\/scmn\/activites-denseignement\/\" \/>\n<meta property=\"og:locale\" content=\"fr_FR\" \/>\n<meta property=\"og:type\" content=\"article\" \/>\n<meta property=\"og:title\" content=\"Activit\u00e9s d&#039;enseignement - Service \/ FS - Chimie des Mat\u00e9riaux Nouveaux\" \/>\n<meta property=\"og:description\" content=\"Introduction \u00e0 l&rsquo;innovation Histoire de la pens\u00e9e scientifique Chimie bio-inspir\u00e9e Chimie de coordination Chimie de l&rsquo;environnement Chimie des mat\u00e9riaux nouveaux Chimie et physique des mat\u00e9riaux Chimie g\u00e9n\u00e9rale Chimie supramol\u00e9culaire Introduction aux Nanotechnologies M\u00e9canique quantique Microscopies \u00e0 sonde locale Mod\u00e9lisation mol\u00e9culaire en chimie Sciences et soci\u00e9t\u00e9 Spectroscopie mol\u00e9culaire Travaux personnels BA1\" \/>\n<meta property=\"og:url\" content=\"https:\/\/web.umons.ac.be\/scmn\/activites-denseignement\/\" \/>\n<meta property=\"og:site_name\" content=\"Service \/ FS - Chimie des Mat\u00e9riaux Nouveaux\" \/>\n<meta property=\"article:modified_time\" content=\"2021-11-04T15:16:10+00:00\" \/>\n<meta name=\"twitter:card\" content=\"summary_large_image\" \/>\n<meta name=\"twitter:label1\" content=\"Dur\u00e9e de lecture estim\u00e9e\" \/>\n\t<meta name=\"twitter:data1\" content=\"1 minute\" \/>\n<script type=\"application\/ld+json\" class=\"yoast-schema-graph\">{\"@context\":\"https:\/\/schema.org\",\"@graph\":[{\"@type\":\"WebPage\",\"@id\":\"https:\/\/web.umons.ac.be\/scmn\/activites-denseignement\/\",\"url\":\"https:\/\/web.umons.ac.be\/scmn\/activites-denseignement\/\",\"name\":\"Activit\u00e9s d'enseignement - Service \/ FS - Chimie des Mat\u00e9riaux Nouveaux\",\"isPartOf\":{\"@id\":\"https:\/\/web.umons.ac.be\/scmn\/#website\"},\"datePublished\":\"2021-11-04T14:57:40+00:00\",\"dateModified\":\"2021-11-04T15:16:10+00:00\",\"breadcrumb\":{\"@id\":\"https:\/\/web.umons.ac.be\/scmn\/activites-denseignement\/#breadcrumb\"},\"inLanguage\":\"fr-FR\",\"potentialAction\":[{\"@type\":\"ReadAction\",\"target\":[\"https:\/\/web.umons.ac.be\/scmn\/activites-denseignement\/\"]}]},{\"@type\":\"BreadcrumbList\",\"@id\":\"https:\/\/web.umons.ac.be\/scmn\/activites-denseignement\/#breadcrumb\",\"itemListElement\":[{\"@type\":\"ListItem\",\"position\":1,\"name\":\"Home\",\"item\":\"https:\/\/web.umons.ac.be\/scmn\/\"},{\"@type\":\"ListItem\",\"position\":2,\"name\":\"Activit\u00e9s d&rsquo;enseignement\"}]},{\"@type\":\"WebSite\",\"@id\":\"https:\/\/web.umons.ac.be\/scmn\/#website\",\"url\":\"https:\/\/web.umons.ac.be\/scmn\/\",\"name\":\"Service \/ FS - Chimie des Mat\u00e9riaux Nouveaux\",\"description\":\"\",\"potentialAction\":[{\"@type\":\"SearchAction\",\"target\":{\"@type\":\"EntryPoint\",\"urlTemplate\":\"https:\/\/web.umons.ac.be\/scmn\/?s={search_term_string}\"},\"query-input\":{\"@type\":\"PropertyValueSpecification\",\"valueRequired\":true,\"valueName\":\"search_term_string\"}}],\"inLanguage\":\"fr-FR\"}]}<\/script>\n<!-- \/ Yoast SEO plugin. -->","yoast_head_json":{"title":"Activit\u00e9s d'enseignement - Service \/ FS - Chimie des Mat\u00e9riaux Nouveaux","robots":{"index":"index","follow":"follow","max-snippet":"max-snippet:-1","max-image-preview":"max-image-preview:large","max-video-preview":"max-video-preview:-1"},"canonical":"https:\/\/web.umons.ac.be\/scmn\/activites-denseignement\/","og_locale":"fr_FR","og_type":"article","og_title":"Activit\u00e9s d'enseignement - Service \/ FS - Chimie des Mat\u00e9riaux Nouveaux","og_description":"Introduction \u00e0 l&rsquo;innovation Histoire de la pens\u00e9e scientifique Chimie bio-inspir\u00e9e Chimie de coordination Chimie de l&rsquo;environnement Chimie des mat\u00e9riaux nouveaux Chimie et physique des mat\u00e9riaux Chimie g\u00e9n\u00e9rale Chimie supramol\u00e9culaire Introduction aux Nanotechnologies M\u00e9canique quantique Microscopies \u00e0 sonde locale Mod\u00e9lisation mol\u00e9culaire en chimie Sciences et soci\u00e9t\u00e9 Spectroscopie mol\u00e9culaire Travaux personnels BA1","og_url":"https:\/\/web.umons.ac.be\/scmn\/activites-denseignement\/","og_site_name":"Service \/ FS - Chimie des Mat\u00e9riaux Nouveaux","article_modified_time":"2021-11-04T15:16:10+00:00","twitter_card":"summary_large_image","twitter_misc":{"Dur\u00e9e de lecture estim\u00e9e":"1 minute"},"schema":{"@context":"https:\/\/schema.org","@graph":[{"@type":"WebPage","@id":"https:\/\/web.umons.ac.be\/scmn\/activites-denseignement\/","url":"https:\/\/web.umons.ac.be\/scmn\/activites-denseignement\/","name":"Activit\u00e9s d'enseignement - Service \/ FS - Chimie des Mat\u00e9riaux Nouveaux","isPartOf":{"@id":"https:\/\/web.umons.ac.be\/scmn\/#website"},"datePublished":"2021-11-04T14:57:40+00:00","dateModified":"2021-11-04T15:16:10+00:00","breadcrumb":{"@id":"https:\/\/web.umons.ac.be\/scmn\/activites-denseignement\/#breadcrumb"},"inLanguage":"fr-FR","potentialAction":[{"@type":"ReadAction","target":["https:\/\/web.umons.ac.be\/scmn\/activites-denseignement\/"]}]},{"@type":"BreadcrumbList","@id":"https:\/\/web.umons.ac.be\/scmn\/activites-denseignement\/#breadcrumb","itemListElement":[{"@type":"ListItem","position":1,"name":"Home","item":"https:\/\/web.umons.ac.be\/scmn\/"},{"@type":"ListItem","position":2,"name":"Activit\u00e9s d&rsquo;enseignement"}]},{"@type":"WebSite","@id":"https:\/\/web.umons.ac.be\/scmn\/#website","url":"https:\/\/web.umons.ac.be\/scmn\/","name":"Service \/ FS - Chimie des Mat\u00e9riaux Nouveaux","description":"","potentialAction":[{"@type":"SearchAction","target":{"@type":"EntryPoint","urlTemplate":"https:\/\/web.umons.ac.be\/scmn\/?s={search_term_string}"},"query-input":{"@type":"PropertyValueSpecification","valueRequired":true,"valueName":"search_term_string"}}],"inLanguage":"fr-FR"}]}},"lang":"fr","translations":{"fr":11,"en":13},"pll_sync_post":[],"_links":{"self":[{"href":"https:\/\/web.umons.ac.be\/scmn\/wp-json\/wp\/v2\/pages\/11","targetHints":{"allow":["GET"]}}],"collection":[{"href":"https:\/\/web.umons.ac.be\/scmn\/wp-json\/wp\/v2\/pages"}],"about":[{"href":"https:\/\/web.umons.ac.be\/scmn\/wp-json\/wp\/v2\/types\/page"}],"author":[{"embeddable":true,"href":"https:\/\/web.umons.ac.be\/scmn\/wp-json\/wp\/v2\/users\/4"}],"replies":[{"embeddable":true,"href":"https:\/\/web.umons.ac.be\/scmn\/wp-json\/wp\/v2\/comments?post=11"}],"version-history":[{"count":1,"href":"https:\/\/web.umons.ac.be\/scmn\/wp-json\/wp\/v2\/pages\/11\/revisions"}],"predecessor-version":[{"id":51,"href":"https:\/\/web.umons.ac.be\/scmn\/wp-json\/wp\/v2\/pages\/11\/revisions\/51"}],"wp:attachment":[{"href":"https:\/\/web.umons.ac.be\/scmn\/wp-json\/wp\/v2\/media?parent=11"}],"curies":[{"name":"wp","href":"https:\/\/api.w.org\/{rel}","templated":true}]}}