{"id":15,"date":"2021-11-02T14:24:00","date_gmt":"2021-11-02T13:24:00","guid":{"rendered":"https:\/\/web.umons.ac.be\/scpt\/activites-de-recherche\/"},"modified":"2021-11-03T13:16:06","modified_gmt":"2021-11-03T12:16:06","slug":"activites-de-recherche","status":"publish","type":"page","link":"https:\/\/web.umons.ac.be\/scpt\/activites-de-recherche\/","title":{"rendered":"Activit\u00e9s de recherche"},"content":{"rendered":"<p>Gr\u00e2ce au d\u00e9veloppement des m\u00e9thodes de la chimie quantique, il est possible de simuler et comprendre les propri\u00e9t\u00e9s physiques et chimiques de syst\u00e8mes complexes, \u00e0 l&rsquo;\u00e9chelle atomique. Au sein de notre laboratoire, nous utilisons ces m\u00e9thodes pour simuler les propri\u00e9t\u00e9s des syst\u00e8mes o\u00f9 l&rsquo;interface entre un mat\u00e9riau m\u00e9tallique et un mat\u00e9riau organique joue un r\u00f4le pr\u00e9pond\u00e9rant.<\/p>\n<p>Parmi les syst\u00e8mes \u00e9tudi\u00e9s, nous nous int\u00e9ressons aux propri\u00e9t\u00e9s des jonctions mol\u00e9culaires, o\u00f9 des mol\u00e9cules sont prises en sandwich entre deux \u00e9lectrodes dans le but de r\u00e9aliser des dispositifs \u00e9lectroniques \u00e0 l&rsquo;\u00e9chelle mol\u00e9culaire. Nous nous int\u00e9ressons \u00e9galement aux propri\u00e9t\u00e9s optiques des mol\u00e9cules dispos\u00e9es au voisinage de cavit\u00e9s m\u00e9talliques, ce qui en modifie profond\u00e9ment les caract\u00e9ristiques d&rsquo;\u00e9mission et d&rsquo;absorption.<\/p>\n<hr \/>\n<p>Notre service est, par ailleurs rattach\u00e9 \u00e0 un institut de recherche de l\u2019UMONS :<\/p>\n<start-cask-shortcode-wrapper>\t\t<div class=\"associated-institutes content-block scheme-fs\">\n\t\t\t<ul class=\"institutes-list\">\n\t\t\t\t\t\t\t\t\t\t<li>\n\t\t\t\t\t\t\t<a href=\"https:\/\/web.umons.ac.be\/materiaux\" title=\"Acc\u00e9der au site web de : Institut \/ Mat\u00e9riaux\" class=\"associated-institute\">\n\t\t\t\t\t\t\t\t<img loading=\"lazy\" decoding=\"async\" width=\"1\" height=\"1\" src=\"https:\/\/web.umons.ac.be\/app\/uploads\/sites\/38\/2017\/12\/materiaux_logo_fr.svg\" class=\"attachment-thumbnail size-thumbnail\" alt=\"\" \/>\t\t\t\t\t\t\t<\/a>\t\t\t\n\t\t\t\t\t\t<\/li>\n\t\t\t\t\t\t\t<\/ul>\n\t\t<\/div>\n <end-cask-shortcode-wrapper>\n","protected":false},"excerpt":{"rendered":"<p>Gr\u00e2ce au d\u00e9veloppement des m\u00e9thodes de la chimie quantique, il est possible de simuler et comprendre les propri\u00e9t\u00e9s physiques et chimiques de syst\u00e8mes complexes, \u00e0 l&rsquo;\u00e9chelle atomique. Au sein de notre laboratoire, nous utilisons ces m\u00e9thodes pour simuler les propri\u00e9t\u00e9s des syst\u00e8mes o\u00f9 l&rsquo;interface entre un mat\u00e9riau m\u00e9tallique et un mat\u00e9riau organique joue un r\u00f4le [&hellip;]<\/p>\n","protected":false},"author":4,"featured_media":0,"parent":0,"menu_order":0,"comment_status":"closed","ping_status":"closed","template":"","meta":{"footnotes":""},"class_list":["post-15","page","type-page","status-publish","hentry"],"yoast_head":"<!-- This site is optimized with the Yoast SEO plugin v27.2 - https:\/\/yoast.com\/product\/yoast-seo-wordpress\/ -->\n<title>Activit\u00e9s de recherche - Service \/ FS - Mod\u00e9lisation Quantique des Nanosyst\u00e8mes<\/title>\n<meta name=\"robots\" content=\"index, follow, max-snippet:-1, max-image-preview:large, max-video-preview:-1\" \/>\n<link rel=\"canonical\" href=\"https:\/\/web.umons.ac.be\/scpt\/activites-de-recherche\/\" \/>\n<meta property=\"og:locale\" content=\"fr_FR\" \/>\n<meta property=\"og:type\" content=\"article\" \/>\n<meta property=\"og:title\" content=\"Activit\u00e9s de recherche - Service \/ FS - Mod\u00e9lisation Quantique des Nanosyst\u00e8mes\" \/>\n<meta property=\"og:description\" content=\"Gr\u00e2ce au d\u00e9veloppement des m\u00e9thodes de la chimie quantique, il est possible de simuler et comprendre les propri\u00e9t\u00e9s physiques et chimiques de syst\u00e8mes complexes, \u00e0 l&rsquo;\u00e9chelle atomique. Au sein de notre laboratoire, nous utilisons ces m\u00e9thodes pour simuler les propri\u00e9t\u00e9s des syst\u00e8mes o\u00f9 l&rsquo;interface entre un mat\u00e9riau m\u00e9tallique et un mat\u00e9riau organique joue un r\u00f4le [&hellip;]\" \/>\n<meta property=\"og:url\" content=\"https:\/\/web.umons.ac.be\/scpt\/activites-de-recherche\/\" \/>\n<meta property=\"og:site_name\" content=\"Service \/ FS - Mod\u00e9lisation Quantique des Nanosyst\u00e8mes\" \/>\n<meta property=\"article:modified_time\" content=\"2021-11-03T12:16:06+00:00\" \/>\n<meta name=\"twitter:card\" content=\"summary_large_image\" \/>\n<meta name=\"twitter:label1\" content=\"Dur\u00e9e de lecture estim\u00e9e\" \/>\n\t<meta name=\"twitter:data1\" content=\"1 minute\" \/>\n<script type=\"application\/ld+json\" class=\"yoast-schema-graph\">{\"@context\":\"https:\/\/schema.org\",\"@graph\":[{\"@type\":\"WebPage\",\"@id\":\"https:\/\/web.umons.ac.be\/scpt\/activites-de-recherche\/\",\"url\":\"https:\/\/web.umons.ac.be\/scpt\/activites-de-recherche\/\",\"name\":\"Activit\u00e9s de recherche - Service \/ FS - Mod\u00e9lisation Quantique des Nanosyst\u00e8mes\",\"isPartOf\":{\"@id\":\"https:\/\/web.umons.ac.be\/scpt\/#website\"},\"datePublished\":\"2021-11-02T13:24:00+00:00\",\"dateModified\":\"2021-11-03T12:16:06+00:00\",\"breadcrumb\":{\"@id\":\"https:\/\/web.umons.ac.be\/scpt\/activites-de-recherche\/#breadcrumb\"},\"inLanguage\":\"fr-FR\",\"potentialAction\":[{\"@type\":\"ReadAction\",\"target\":[\"https:\/\/web.umons.ac.be\/scpt\/activites-de-recherche\/\"]}]},{\"@type\":\"BreadcrumbList\",\"@id\":\"https:\/\/web.umons.ac.be\/scpt\/activites-de-recherche\/#breadcrumb\",\"itemListElement\":[{\"@type\":\"ListItem\",\"position\":1,\"name\":\"Home\",\"item\":\"https:\/\/web.umons.ac.be\/scpt\/\"},{\"@type\":\"ListItem\",\"position\":2,\"name\":\"Activit\u00e9s de recherche\"}]},{\"@type\":\"WebSite\",\"@id\":\"https:\/\/web.umons.ac.be\/scpt\/#website\",\"url\":\"https:\/\/web.umons.ac.be\/scpt\/\",\"name\":\"Service \/ FS - Mod\u00e9lisation Quantique des Nanosyst\u00e8mes\",\"description\":\"\",\"potentialAction\":[{\"@type\":\"SearchAction\",\"target\":{\"@type\":\"EntryPoint\",\"urlTemplate\":\"https:\/\/web.umons.ac.be\/scpt\/?s={search_term_string}\"},\"query-input\":{\"@type\":\"PropertyValueSpecification\",\"valueRequired\":true,\"valueName\":\"search_term_string\"}}],\"inLanguage\":\"fr-FR\"}]}<\/script>\n<!-- \/ Yoast SEO plugin. -->","yoast_head_json":{"title":"Activit\u00e9s de recherche - Service \/ FS - Mod\u00e9lisation Quantique des Nanosyst\u00e8mes","robots":{"index":"index","follow":"follow","max-snippet":"max-snippet:-1","max-image-preview":"max-image-preview:large","max-video-preview":"max-video-preview:-1"},"canonical":"https:\/\/web.umons.ac.be\/scpt\/activites-de-recherche\/","og_locale":"fr_FR","og_type":"article","og_title":"Activit\u00e9s de recherche - Service \/ FS - Mod\u00e9lisation Quantique des Nanosyst\u00e8mes","og_description":"Gr\u00e2ce au d\u00e9veloppement des m\u00e9thodes de la chimie quantique, il est possible de simuler et comprendre les propri\u00e9t\u00e9s physiques et chimiques de syst\u00e8mes complexes, \u00e0 l&rsquo;\u00e9chelle atomique. Au sein de notre laboratoire, nous utilisons ces m\u00e9thodes pour simuler les propri\u00e9t\u00e9s des syst\u00e8mes o\u00f9 l&rsquo;interface entre un mat\u00e9riau m\u00e9tallique et un mat\u00e9riau organique joue un r\u00f4le [&hellip;]","og_url":"https:\/\/web.umons.ac.be\/scpt\/activites-de-recherche\/","og_site_name":"Service \/ FS - Mod\u00e9lisation Quantique des Nanosyst\u00e8mes","article_modified_time":"2021-11-03T12:16:06+00:00","twitter_card":"summary_large_image","twitter_misc":{"Dur\u00e9e de lecture estim\u00e9e":"1 minute"},"schema":{"@context":"https:\/\/schema.org","@graph":[{"@type":"WebPage","@id":"https:\/\/web.umons.ac.be\/scpt\/activites-de-recherche\/","url":"https:\/\/web.umons.ac.be\/scpt\/activites-de-recherche\/","name":"Activit\u00e9s de recherche - Service \/ FS - Mod\u00e9lisation Quantique des Nanosyst\u00e8mes","isPartOf":{"@id":"https:\/\/web.umons.ac.be\/scpt\/#website"},"datePublished":"2021-11-02T13:24:00+00:00","dateModified":"2021-11-03T12:16:06+00:00","breadcrumb":{"@id":"https:\/\/web.umons.ac.be\/scpt\/activites-de-recherche\/#breadcrumb"},"inLanguage":"fr-FR","potentialAction":[{"@type":"ReadAction","target":["https:\/\/web.umons.ac.be\/scpt\/activites-de-recherche\/"]}]},{"@type":"BreadcrumbList","@id":"https:\/\/web.umons.ac.be\/scpt\/activites-de-recherche\/#breadcrumb","itemListElement":[{"@type":"ListItem","position":1,"name":"Home","item":"https:\/\/web.umons.ac.be\/scpt\/"},{"@type":"ListItem","position":2,"name":"Activit\u00e9s de recherche"}]},{"@type":"WebSite","@id":"https:\/\/web.umons.ac.be\/scpt\/#website","url":"https:\/\/web.umons.ac.be\/scpt\/","name":"Service \/ FS - Mod\u00e9lisation Quantique des Nanosyst\u00e8mes","description":"","potentialAction":[{"@type":"SearchAction","target":{"@type":"EntryPoint","urlTemplate":"https:\/\/web.umons.ac.be\/scpt\/?s={search_term_string}"},"query-input":{"@type":"PropertyValueSpecification","valueRequired":true,"valueName":"search_term_string"}}],"inLanguage":"fr-FR"}]}},"lang":"fr","translations":{"fr":15,"en":17},"pll_sync_post":[],"_links":{"self":[{"href":"https:\/\/web.umons.ac.be\/scpt\/wp-json\/wp\/v2\/pages\/15","targetHints":{"allow":["GET"]}}],"collection":[{"href":"https:\/\/web.umons.ac.be\/scpt\/wp-json\/wp\/v2\/pages"}],"about":[{"href":"https:\/\/web.umons.ac.be\/scpt\/wp-json\/wp\/v2\/types\/page"}],"author":[{"embeddable":true,"href":"https:\/\/web.umons.ac.be\/scpt\/wp-json\/wp\/v2\/users\/4"}],"replies":[{"embeddable":true,"href":"https:\/\/web.umons.ac.be\/scpt\/wp-json\/wp\/v2\/comments?post=15"}],"version-history":[{"count":2,"href":"https:\/\/web.umons.ac.be\/scpt\/wp-json\/wp\/v2\/pages\/15\/revisions"}],"predecessor-version":[{"id":53,"href":"https:\/\/web.umons.ac.be\/scpt\/wp-json\/wp\/v2\/pages\/15\/revisions\/53"}],"wp:attachment":[{"href":"https:\/\/web.umons.ac.be\/scpt\/wp-json\/wp\/v2\/media?parent=15"}],"curies":[{"name":"wp","href":"https:\/\/api.w.org\/{rel}","templated":true}]}}