{"id":15,"date":"2021-11-04T14:44:44","date_gmt":"2021-11-04T13:44:44","guid":{"rendered":"https:\/\/web.umons.ac.be\/sdds\/activites-de-recherche\/"},"modified":"2025-04-18T12:10:31","modified_gmt":"2025-04-18T10:10:31","slug":"activites-de-recherche","status":"publish","type":"page","link":"https:\/\/web.umons.ac.be\/sdds\/activites-de-recherche\/","title":{"rendered":"Activit\u00e9s de recherche"},"content":{"rendered":"<p>Les travaux de recherches sont reli\u00e9es aux pratiques de l&rsquo;enseignement des math\u00e9matiques et des sciences, au d\u00e9veloppement d&rsquo;outils et de ressources pour l&rsquo;enseignement de ces disciplines, principalement dans le secondaire. Elles concernent aussi les pratiques p\u00e9dagogiques et l&rsquo;identit\u00e9 professionnelle des enseignant\u00b7e\u00b7s-chercheur\u00b7euse\u00b7s de ces disciplines, notamment dans l&rsquo;enseignement sup\u00e9rieur universitaire.<\/p>\n<hr \/>\n<p>&nbsp;<\/p>\n<p>&nbsp;<\/p>\n<hr \/>\n<p>Notre service est, par ailleurs rattach\u00e9 \u00e0 un institut de recherche de l\u2019UMONS :<\/p>\n<start-cask-shortcode-wrapper>\t\t<div class=\"associated-institutes content-block scheme-fs\">\n\t\t\t<ul class=\"institutes-list\">\n\t\t\t\t\t\t\t\t\t\t<li>\n\t\t\t\t\t\t\t<a href=\"https:\/\/web.umons.ac.be\/complexys\" title=\"Acc\u00e9der au site web de : Institut \/ Complexys\" class=\"associated-institute\">\n\t\t\t\t\t\t\t\t<img loading=\"lazy\" decoding=\"async\" width=\"1\" height=\"1\" src=\"https:\/\/web.umons.ac.be\/app\/uploads\/sites\/31\/2017\/11\/complexys_logo_fr.svg\" class=\"attachment-thumbnail size-thumbnail\" alt=\"\" \/>\t\t\t\t\t\t\t<\/a>\t\t\t\n\t\t\t\t\t\t<\/li>\n\t\t\t\t\t\t\t<\/ul>\n\t\t<\/div>\n <end-cask-shortcode-wrapper>\n<p><script>\ndocument.querySelectorAll('.accordion-button').forEach(button => {\n  button.addEventListener('click', () => {\n    const content = button.nextElementSibling;<\/p>\n<p>    \/\/ Fermer tous les autres\n    document.querySelectorAll('.accordion-content').forEach(c => {\n      if (c !== content) c.style.display = 'none';\n    });<\/p>\n<p>    \/\/ Basculer l'affichage de la section cliqu\u00e9e\n    content.style.display = content.style.display === 'block' ? 'none' : 'block';\n  });\n});\n<\/script><\/p>\n<div id=\"ConnectiveDocSignExtentionInstalled\" data-extension-version=\"1.0.4\"><\/div>\n","protected":false},"excerpt":{"rendered":"<p>Les travaux de recherches sont reli\u00e9es aux pratiques de l&rsquo;enseignement des math\u00e9matiques et des sciences, au d\u00e9veloppement d&rsquo;outils et de ressources pour l&rsquo;enseignement de ces disciplines, principalement dans le secondaire. Elles concernent aussi les pratiques p\u00e9dagogiques et l&rsquo;identit\u00e9 professionnelle des enseignant\u00b7e\u00b7s-chercheur\u00b7euse\u00b7s de ces disciplines, notamment dans l&rsquo;enseignement sup\u00e9rieur universitaire. &nbsp; &nbsp; Notre service est, par [&hellip;]<\/p>\n","protected":false},"author":4,"featured_media":0,"parent":0,"menu_order":0,"comment_status":"closed","ping_status":"closed","template":"","meta":{"footnotes":""},"class_list":["post-15","page","type-page","status-publish","hentry"],"yoast_head":"<!-- This site is optimized with the Yoast SEO plugin v27.2 - https:\/\/yoast.com\/product\/yoast-seo-wordpress\/ -->\n<title>Activit\u00e9s de recherche - Service \/ FS - Didactique des Disciplines scientifiques<\/title>\n<meta name=\"robots\" content=\"index, follow, max-snippet:-1, max-image-preview:large, max-video-preview:-1\" \/>\n<link rel=\"canonical\" href=\"https:\/\/web.umons.ac.be\/sdds\/activites-de-recherche\/\" \/>\n<meta property=\"og:locale\" content=\"fr_FR\" \/>\n<meta property=\"og:type\" content=\"article\" \/>\n<meta property=\"og:title\" content=\"Activit\u00e9s de recherche - Service \/ FS - Didactique des Disciplines scientifiques\" \/>\n<meta property=\"og:description\" content=\"Les travaux de recherches sont reli\u00e9es aux pratiques de l&rsquo;enseignement des math\u00e9matiques et des sciences, au d\u00e9veloppement d&rsquo;outils et de ressources pour l&rsquo;enseignement de ces disciplines, principalement dans le secondaire. Elles concernent aussi les pratiques p\u00e9dagogiques et l&rsquo;identit\u00e9 professionnelle des enseignant\u00b7e\u00b7s-chercheur\u00b7euse\u00b7s de ces disciplines, notamment dans l&rsquo;enseignement sup\u00e9rieur universitaire. &nbsp; &nbsp; Notre service est, par [&hellip;]\" \/>\n<meta property=\"og:url\" content=\"https:\/\/web.umons.ac.be\/sdds\/activites-de-recherche\/\" \/>\n<meta property=\"og:site_name\" content=\"Service \/ FS - Didactique des Disciplines scientifiques\" \/>\n<meta property=\"article:modified_time\" content=\"2025-04-18T10:10:31+00:00\" \/>\n<meta name=\"twitter:card\" content=\"summary_large_image\" \/>\n<meta name=\"twitter:label1\" content=\"Dur\u00e9e de lecture estim\u00e9e\" \/>\n\t<meta name=\"twitter:data1\" content=\"1 minute\" \/>\n<script type=\"application\/ld+json\" class=\"yoast-schema-graph\">{\"@context\":\"https:\/\/schema.org\",\"@graph\":[{\"@type\":\"WebPage\",\"@id\":\"https:\/\/web.umons.ac.be\/sdds\/activites-de-recherche\/\",\"url\":\"https:\/\/web.umons.ac.be\/sdds\/activites-de-recherche\/\",\"name\":\"Activit\u00e9s de recherche - Service \/ FS - Didactique des Disciplines scientifiques\",\"isPartOf\":{\"@id\":\"https:\/\/web.umons.ac.be\/sdds\/#website\"},\"datePublished\":\"2021-11-04T13:44:44+00:00\",\"dateModified\":\"2025-04-18T10:10:31+00:00\",\"breadcrumb\":{\"@id\":\"https:\/\/web.umons.ac.be\/sdds\/activites-de-recherche\/#breadcrumb\"},\"inLanguage\":\"fr-FR\",\"potentialAction\":[{\"@type\":\"ReadAction\",\"target\":[\"https:\/\/web.umons.ac.be\/sdds\/activites-de-recherche\/\"]}]},{\"@type\":\"BreadcrumbList\",\"@id\":\"https:\/\/web.umons.ac.be\/sdds\/activites-de-recherche\/#breadcrumb\",\"itemListElement\":[{\"@type\":\"ListItem\",\"position\":1,\"name\":\"Home\",\"item\":\"https:\/\/web.umons.ac.be\/sdds\/\"},{\"@type\":\"ListItem\",\"position\":2,\"name\":\"Activit\u00e9s de recherche\"}]},{\"@type\":\"WebSite\",\"@id\":\"https:\/\/web.umons.ac.be\/sdds\/#website\",\"url\":\"https:\/\/web.umons.ac.be\/sdds\/\",\"name\":\"Service \/ FS - Didactique des Disciplines scientifiques\",\"description\":\"\",\"potentialAction\":[{\"@type\":\"SearchAction\",\"target\":{\"@type\":\"EntryPoint\",\"urlTemplate\":\"https:\/\/web.umons.ac.be\/sdds\/?s={search_term_string}\"},\"query-input\":{\"@type\":\"PropertyValueSpecification\",\"valueRequired\":true,\"valueName\":\"search_term_string\"}}],\"inLanguage\":\"fr-FR\"}]}<\/script>\n<!-- \/ Yoast SEO plugin. -->","yoast_head_json":{"title":"Activit\u00e9s de recherche - Service \/ FS - Didactique des Disciplines scientifiques","robots":{"index":"index","follow":"follow","max-snippet":"max-snippet:-1","max-image-preview":"max-image-preview:large","max-video-preview":"max-video-preview:-1"},"canonical":"https:\/\/web.umons.ac.be\/sdds\/activites-de-recherche\/","og_locale":"fr_FR","og_type":"article","og_title":"Activit\u00e9s de recherche - Service \/ FS - Didactique des Disciplines scientifiques","og_description":"Les travaux de recherches sont reli\u00e9es aux pratiques de l&rsquo;enseignement des math\u00e9matiques et des sciences, au d\u00e9veloppement d&rsquo;outils et de ressources pour l&rsquo;enseignement de ces disciplines, principalement dans le secondaire. Elles concernent aussi les pratiques p\u00e9dagogiques et l&rsquo;identit\u00e9 professionnelle des enseignant\u00b7e\u00b7s-chercheur\u00b7euse\u00b7s de ces disciplines, notamment dans l&rsquo;enseignement sup\u00e9rieur universitaire. &nbsp; &nbsp; Notre service est, par [&hellip;]","og_url":"https:\/\/web.umons.ac.be\/sdds\/activites-de-recherche\/","og_site_name":"Service \/ FS - Didactique des Disciplines scientifiques","article_modified_time":"2025-04-18T10:10:31+00:00","twitter_card":"summary_large_image","twitter_misc":{"Dur\u00e9e de lecture estim\u00e9e":"1 minute"},"schema":{"@context":"https:\/\/schema.org","@graph":[{"@type":"WebPage","@id":"https:\/\/web.umons.ac.be\/sdds\/activites-de-recherche\/","url":"https:\/\/web.umons.ac.be\/sdds\/activites-de-recherche\/","name":"Activit\u00e9s de recherche - Service \/ FS - Didactique des Disciplines scientifiques","isPartOf":{"@id":"https:\/\/web.umons.ac.be\/sdds\/#website"},"datePublished":"2021-11-04T13:44:44+00:00","dateModified":"2025-04-18T10:10:31+00:00","breadcrumb":{"@id":"https:\/\/web.umons.ac.be\/sdds\/activites-de-recherche\/#breadcrumb"},"inLanguage":"fr-FR","potentialAction":[{"@type":"ReadAction","target":["https:\/\/web.umons.ac.be\/sdds\/activites-de-recherche\/"]}]},{"@type":"BreadcrumbList","@id":"https:\/\/web.umons.ac.be\/sdds\/activites-de-recherche\/#breadcrumb","itemListElement":[{"@type":"ListItem","position":1,"name":"Home","item":"https:\/\/web.umons.ac.be\/sdds\/"},{"@type":"ListItem","position":2,"name":"Activit\u00e9s de recherche"}]},{"@type":"WebSite","@id":"https:\/\/web.umons.ac.be\/sdds\/#website","url":"https:\/\/web.umons.ac.be\/sdds\/","name":"Service \/ FS - Didactique des Disciplines scientifiques","description":"","potentialAction":[{"@type":"SearchAction","target":{"@type":"EntryPoint","urlTemplate":"https:\/\/web.umons.ac.be\/sdds\/?s={search_term_string}"},"query-input":{"@type":"PropertyValueSpecification","valueRequired":true,"valueName":"search_term_string"}}],"inLanguage":"fr-FR"}]}},"lang":"fr","translations":{"fr":15,"en":17},"pll_sync_post":[],"_links":{"self":[{"href":"https:\/\/web.umons.ac.be\/sdds\/wp-json\/wp\/v2\/pages\/15","targetHints":{"allow":["GET"]}}],"collection":[{"href":"https:\/\/web.umons.ac.be\/sdds\/wp-json\/wp\/v2\/pages"}],"about":[{"href":"https:\/\/web.umons.ac.be\/sdds\/wp-json\/wp\/v2\/types\/page"}],"author":[{"embeddable":true,"href":"https:\/\/web.umons.ac.be\/sdds\/wp-json\/wp\/v2\/users\/4"}],"replies":[{"embeddable":true,"href":"https:\/\/web.umons.ac.be\/sdds\/wp-json\/wp\/v2\/comments?post=15"}],"version-history":[{"count":3,"href":"https:\/\/web.umons.ac.be\/sdds\/wp-json\/wp\/v2\/pages\/15\/revisions"}],"predecessor-version":[{"id":67,"href":"https:\/\/web.umons.ac.be\/sdds\/wp-json\/wp\/v2\/pages\/15\/revisions\/67"}],"wp:attachment":[{"href":"https:\/\/web.umons.ac.be\/sdds\/wp-json\/wp\/v2\/media?parent=15"}],"curies":[{"name":"wp","href":"https:\/\/api.w.org\/{rel}","templated":true}]}}