{"id":11,"date":"2021-11-09T10:52:55","date_gmt":"2021-11-09T09:52:55","guid":{"rendered":"https:\/\/web.umons.ac.be\/sdht\/activites-denseignement\/"},"modified":"2026-01-26T15:35:32","modified_gmt":"2026-01-26T14:35:32","slug":"activites-denseignement","status":"publish","type":"page","link":"https:\/\/web.umons.ac.be\/sdht\/activites-denseignement\/","title":{"rendered":"Activit\u00e9s d&rsquo;enseignement"},"content":{"rendered":"<p>Les activit\u00e9s d&rsquo;enseignement du service sont assur\u00e9es sous la responsabilit\u00e9 de M. Bruyninckx (Professeur titulaire temps plein) et D. Cauchie (Charg\u00e9 de cours temps plein).<\/p>\n<p><span style=\"font-size: 12pt;\"><strong>Marielle BRUYNINCKX est titulaire des enseignements suivants :<\/strong><\/span><\/p>\n<ul>\n<li><strong>Bases pour l&rsquo;analyse statistique descriptive et inf\u00e9rentielle (th\u00e9orie)<\/strong><br \/>\n<em>Bachelier en sciences psychologiques et de l&rsquo;\u00e9ducation (bloc 1), sites de Mons (orientations g\u00e9n\u00e9rale et logop\u00e9die) et de Charleroi (orientation g\u00e9n\u00e9rale)<\/em><\/li>\n<li><strong>Bases pour l&rsquo;analyse statistique descriptive et inf\u00e9rentielle (exercices)<\/strong><br \/>\n<em>Bachelier en sciences psychologiques et de l&rsquo;\u00e9ducation (bloc 1), sites de Mons (orientations g\u00e9n\u00e9rale et logop\u00e9die) et de Charleroi (orientation g\u00e9n\u00e9rale)<\/em><\/li>\n<li><strong>Aide \u00e0 la r\u00e9ussite : comp\u00e9tences et connaissances de base &#8211; math\u00e9matiques<\/strong><br \/>\n<em>Bachelier en sciences psychologiques et de l&rsquo;\u00e9ducation (bloc 1), sites de Mons (orientations g\u00e9n\u00e9rale et logop\u00e9die) et de Charleroi (orientation g\u00e9n\u00e9rale)<\/em><\/li>\n<li><strong>Techniques quantitatives param\u00e9triques et non param\u00e9triques (th\u00e9orie)<\/strong><br \/>\n<em>Bachelier en sciences psychologiques et de l&rsquo;\u00e9ducation (bloc 2), sites de Mons (orientations g\u00e9n\u00e9rale et logop\u00e9die) et de Charleroi (orientation g\u00e9n\u00e9rale)<\/em><\/li>\n<li><strong>Techniques quantitatives param\u00e9triques et non param\u00e9triques (exercices)<\/strong><br \/>\n<em>Bachelier en sciences psychologiques et de l&rsquo;\u00e9ducation (bloc 2), sites de Mons (orientations g\u00e9n\u00e9rale et logop\u00e9die) et de Charleroi (orientation g\u00e9n\u00e9rale)<\/em><\/li>\n<li><strong>Statistique pour les sciences de l&rsquo;\u00e9ducation 1<\/strong><br \/>\n<em>Master en sciences de l&rsquo;\u00e9ducation (cr\u00e9dits compl\u00e9mentaires \u00ab passerelles \u00bb), sites de Mons et de Charleroi<\/em><\/li>\n<li><strong>Statistique pour les sciences de l&rsquo;\u00e9ducation 2<\/strong><br \/>\n<em>Master en sciences de l&rsquo;\u00e9ducation (cr\u00e9dits compl\u00e9mentaires \u00ab passerelles \u00bb), sites de Mons et de Charleroi<\/em><\/li>\n<li><strong>Statistique pour les sciences orthop\u00e9dagogiques 1 (th\u00e9orie)<\/strong><br \/>\n<em>Master en orthop\u00e9dagogie clinique (cr\u00e9dits compl\u00e9mentaires \u00ab passerelles \u00bb), site de Mons\u00a0<\/em><\/li>\n<li><strong>Statistique pour les sciences orthop\u00e9dagogiques 1 (exercices)<\/strong><br \/>\n<em>Master en orthop\u00e9dagogie clinique (cr\u00e9dits compl\u00e9mentaires \u00ab passerelles \u00bb), site de Mons\u00a0<\/em><\/li>\n<li><strong>Statistique pour les sciences orthop\u00e9dagogiques 2 (th\u00e9orie)<\/strong><br \/>\n<em>Master en orthop\u00e9dagogie clinique (cr\u00e9dits compl\u00e9mentaires \u00ab passerelles \u00bb), site de Mons\u00a0<\/em><\/li>\n<li><strong>Contextes extr\u00eames et \u00e9ducation au travail de m\u00e9moire<\/strong><br \/>\n<em>Master en sciences de l&rsquo;\u00e9ducation (toutes finalit\u00e9s sp\u00e9cialis\u00e9es), module \u00ab Diversit\u00e9 et droits humains \u00bb, site de Mons ou de Charleroi\u00a0<\/em><\/li>\n<\/ul>\n<p>&nbsp;<\/p>\n<p><span style=\"font-size: 12pt;\"><strong>Dimitri CAUCHIE est titulaire des enseignements suivants :<\/strong><\/span><\/p>\n<ul>\n<li><strong>D\u00e9veloppement et diversit\u00e9<\/strong><br \/>\n<em>Bachelier en sciences psychologiques et de l&rsquo;\u00e9ducation (bloc 3), site de Mons (orientation g\u00e9n\u00e9rale)<\/em><\/li>\n<li><strong>Approches interculturelles en psychologie<\/strong><br \/>\n<em>Master en sciences psychologiques (\u00e0 finalit\u00e9 sp\u00e9cialis\u00e9e, \u00e0 finalit\u00e9 sp\u00e9cialis\u00e9e en orthop\u00e9dagogie clinique et \u00e0 finalit\u00e9 approfondie), tronc commun, site de Mons<\/em><\/li>\n<li><strong> Aspects interculturels en clinique<\/strong><br \/>\nMaster en sciences psychologiques (\u00e0 finalit\u00e9 sp\u00e9cialis\u00e9e et \u00e0 finalit\u00e9 approfondie), option \u00ab Psychologie clinique \u00bb, site de Mons<\/li>\n<li><strong>Gestion de la diversit\u00e9 culturelle<\/strong><br \/>\n<em>Master en sciences psychologiques (\u00e0 finalit\u00e9 sp\u00e9cialis\u00e9e et \u00e0 finalit\u00e9 approfondie), option \u00ab Psychologie du travail, des organisations et des diversit\u00e9s \u00bb ; Master en transitions et innovations sociales, option \u00ab Bien-\u00eatre, interculturalit\u00e9 et pr\u00e9carit\u00e9 \u00bb, site de Mons<\/em><\/li>\n<li><strong>Gestion de la diversit\u00e9 des genres<\/strong><br \/>\n<em>Master en sciences psychologiques (\u00e0 finalit\u00e9 sp\u00e9cialis\u00e9e et \u00e0 finalit\u00e9 approfondie), option \u00ab Psychologie du travail, des organisations et des diversit\u00e9s \u00bb ; Master en transitions et innovations sociales, options \u00ab Bien-\u00eatre, interculturalit\u00e9 et pr\u00e9carit\u00e9 \u00bb et\u00a0 <\/em><em>\u00ab Intervention socio\u00e9ducative, inclusion sociale et scolaire et d\u00e9veloppement communautaire \u00bb, site de Mons<\/em><\/li>\n<li><strong>\u00c9ducation et diversit\u00e9 culturelle<\/strong><br \/>\nMaster en sciences de l&rsquo;\u00e9ducation (toutes finalit\u00e9s sp\u00e9cialis\u00e9es), module \u00ab Diversit\u00e9 et droits humains \u00bb, site de Mons ou de Charleroi<\/li>\n<li><strong>\u00c9ducation et questions de genre<br \/>\n<\/strong><em>Master en sciences de l&rsquo;\u00e9ducation (toutes finalit\u00e9s sp\u00e9cialis\u00e9es), module \u00ab Diversit\u00e9 et droits humains \u00bb, site de Mons ou de Charleroi\u00a0<\/em><\/li>\n<li><strong>Indices statistiques pour la mesure du d\u00e9veloppement humain<\/strong><br \/>\n<em>Master en sciences psychologiques (finalit\u00e9 approfondie), module \u00ab Recherche \u00bb, site de Mons\u00a0<\/em><\/li>\n<\/ul>\n","protected":false},"excerpt":{"rendered":"<p>Les activit\u00e9s d&rsquo;enseignement du service sont assur\u00e9es sous la responsabilit\u00e9 de M. Bruyninckx (Professeur titulaire temps plein) et D. Cauchie (Charg\u00e9 de cours temps plein). Marielle BRUYNINCKX est titulaire des enseignements suivants : Bases pour l&rsquo;analyse statistique descriptive et inf\u00e9rentielle (th\u00e9orie) Bachelier en sciences psychologiques et de l&rsquo;\u00e9ducation (bloc 1), sites de Mons (orientations g\u00e9n\u00e9rale [&hellip;]<\/p>\n","protected":false},"author":4,"featured_media":0,"parent":0,"menu_order":0,"comment_status":"closed","ping_status":"closed","template":"","meta":{"footnotes":""},"class_list":["post-11","page","type-page","status-publish","hentry"],"yoast_head":"<!-- This site is optimized with the Yoast SEO plugin v27.2 - https:\/\/yoast.com\/product\/yoast-seo-wordpress\/ -->\n<title>Activit\u00e9s d&#039;enseignement - Service \/ FPSE - D\u00e9veloppement humain et traitement des donn\u00e9es<\/title>\n<meta name=\"robots\" content=\"index, follow, max-snippet:-1, max-image-preview:large, max-video-preview:-1\" \/>\n<link rel=\"canonical\" href=\"https:\/\/web.umons.ac.be\/sdht\/activites-denseignement\/\" \/>\n<meta property=\"og:locale\" content=\"fr_FR\" \/>\n<meta property=\"og:type\" content=\"article\" \/>\n<meta property=\"og:title\" content=\"Activit\u00e9s d&#039;enseignement - Service \/ FPSE - D\u00e9veloppement humain et traitement des donn\u00e9es\" \/>\n<meta property=\"og:description\" content=\"Les activit\u00e9s d&rsquo;enseignement du service sont assur\u00e9es sous la responsabilit\u00e9 de M. Bruyninckx (Professeur titulaire temps plein) et D. Cauchie (Charg\u00e9 de cours temps plein). Marielle BRUYNINCKX est titulaire des enseignements suivants : Bases pour l&rsquo;analyse statistique descriptive et inf\u00e9rentielle (th\u00e9orie) Bachelier en sciences psychologiques et de l&rsquo;\u00e9ducation (bloc 1), sites de Mons (orientations g\u00e9n\u00e9rale [&hellip;]\" \/>\n<meta property=\"og:url\" content=\"https:\/\/web.umons.ac.be\/sdht\/activites-denseignement\/\" \/>\n<meta property=\"og:site_name\" content=\"Service \/ FPSE - D\u00e9veloppement humain et traitement des donn\u00e9es\" \/>\n<meta property=\"article:modified_time\" content=\"2026-01-26T14:35:32+00:00\" \/>\n<meta name=\"twitter:card\" content=\"summary_large_image\" \/>\n<meta name=\"twitter:label1\" content=\"Dur\u00e9e de lecture estim\u00e9e\" \/>\n\t<meta name=\"twitter:data1\" content=\"3 minutes\" \/>\n<script type=\"application\/ld+json\" class=\"yoast-schema-graph\">{\"@context\":\"https:\/\/schema.org\",\"@graph\":[{\"@type\":\"WebPage\",\"@id\":\"https:\/\/web.umons.ac.be\/sdht\/activites-denseignement\/\",\"url\":\"https:\/\/web.umons.ac.be\/sdht\/activites-denseignement\/\",\"name\":\"Activit\u00e9s d'enseignement - Service \/ FPSE - D\u00e9veloppement humain et traitement des donn\u00e9es\",\"isPartOf\":{\"@id\":\"https:\/\/web.umons.ac.be\/sdht\/#website\"},\"datePublished\":\"2021-11-09T09:52:55+00:00\",\"dateModified\":\"2026-01-26T14:35:32+00:00\",\"breadcrumb\":{\"@id\":\"https:\/\/web.umons.ac.be\/sdht\/activites-denseignement\/#breadcrumb\"},\"inLanguage\":\"fr-FR\",\"potentialAction\":[{\"@type\":\"ReadAction\",\"target\":[\"https:\/\/web.umons.ac.be\/sdht\/activites-denseignement\/\"]}]},{\"@type\":\"BreadcrumbList\",\"@id\":\"https:\/\/web.umons.ac.be\/sdht\/activites-denseignement\/#breadcrumb\",\"itemListElement\":[{\"@type\":\"ListItem\",\"position\":1,\"name\":\"Home\",\"item\":\"https:\/\/web.umons.ac.be\/sdht\/\"},{\"@type\":\"ListItem\",\"position\":2,\"name\":\"Activit\u00e9s d&rsquo;enseignement\"}]},{\"@type\":\"WebSite\",\"@id\":\"https:\/\/web.umons.ac.be\/sdht\/#website\",\"url\":\"https:\/\/web.umons.ac.be\/sdht\/\",\"name\":\"Service \/ FPSE - D\u00e9veloppement humain et traitement des donn\u00e9es\",\"description\":\"\",\"potentialAction\":[{\"@type\":\"SearchAction\",\"target\":{\"@type\":\"EntryPoint\",\"urlTemplate\":\"https:\/\/web.umons.ac.be\/sdht\/?s={search_term_string}\"},\"query-input\":{\"@type\":\"PropertyValueSpecification\",\"valueRequired\":true,\"valueName\":\"search_term_string\"}}],\"inLanguage\":\"fr-FR\"}]}<\/script>\n<!-- \/ Yoast SEO plugin. -->","yoast_head_json":{"title":"Activit\u00e9s d'enseignement - Service \/ FPSE - D\u00e9veloppement humain et traitement des donn\u00e9es","robots":{"index":"index","follow":"follow","max-snippet":"max-snippet:-1","max-image-preview":"max-image-preview:large","max-video-preview":"max-video-preview:-1"},"canonical":"https:\/\/web.umons.ac.be\/sdht\/activites-denseignement\/","og_locale":"fr_FR","og_type":"article","og_title":"Activit\u00e9s d'enseignement - Service \/ FPSE - D\u00e9veloppement humain et traitement des donn\u00e9es","og_description":"Les activit\u00e9s d&rsquo;enseignement du service sont assur\u00e9es sous la responsabilit\u00e9 de M. Bruyninckx (Professeur titulaire temps plein) et D. Cauchie (Charg\u00e9 de cours temps plein). Marielle BRUYNINCKX est titulaire des enseignements suivants : Bases pour l&rsquo;analyse statistique descriptive et inf\u00e9rentielle (th\u00e9orie) Bachelier en sciences psychologiques et de l&rsquo;\u00e9ducation (bloc 1), sites de Mons (orientations g\u00e9n\u00e9rale [&hellip;]","og_url":"https:\/\/web.umons.ac.be\/sdht\/activites-denseignement\/","og_site_name":"Service \/ FPSE - D\u00e9veloppement humain et traitement des donn\u00e9es","article_modified_time":"2026-01-26T14:35:32+00:00","twitter_card":"summary_large_image","twitter_misc":{"Dur\u00e9e de lecture estim\u00e9e":"3 minutes"},"schema":{"@context":"https:\/\/schema.org","@graph":[{"@type":"WebPage","@id":"https:\/\/web.umons.ac.be\/sdht\/activites-denseignement\/","url":"https:\/\/web.umons.ac.be\/sdht\/activites-denseignement\/","name":"Activit\u00e9s d'enseignement - Service \/ FPSE - D\u00e9veloppement humain et traitement des donn\u00e9es","isPartOf":{"@id":"https:\/\/web.umons.ac.be\/sdht\/#website"},"datePublished":"2021-11-09T09:52:55+00:00","dateModified":"2026-01-26T14:35:32+00:00","breadcrumb":{"@id":"https:\/\/web.umons.ac.be\/sdht\/activites-denseignement\/#breadcrumb"},"inLanguage":"fr-FR","potentialAction":[{"@type":"ReadAction","target":["https:\/\/web.umons.ac.be\/sdht\/activites-denseignement\/"]}]},{"@type":"BreadcrumbList","@id":"https:\/\/web.umons.ac.be\/sdht\/activites-denseignement\/#breadcrumb","itemListElement":[{"@type":"ListItem","position":1,"name":"Home","item":"https:\/\/web.umons.ac.be\/sdht\/"},{"@type":"ListItem","position":2,"name":"Activit\u00e9s d&rsquo;enseignement"}]},{"@type":"WebSite","@id":"https:\/\/web.umons.ac.be\/sdht\/#website","url":"https:\/\/web.umons.ac.be\/sdht\/","name":"Service \/ FPSE - D\u00e9veloppement humain et traitement des donn\u00e9es","description":"","potentialAction":[{"@type":"SearchAction","target":{"@type":"EntryPoint","urlTemplate":"https:\/\/web.umons.ac.be\/sdht\/?s={search_term_string}"},"query-input":{"@type":"PropertyValueSpecification","valueRequired":true,"valueName":"search_term_string"}}],"inLanguage":"fr-FR"}]}},"lang":"fr","translations":{"fr":11,"en":13},"pll_sync_post":[],"_links":{"self":[{"href":"https:\/\/web.umons.ac.be\/sdht\/wp-json\/wp\/v2\/pages\/11","targetHints":{"allow":["GET"]}}],"collection":[{"href":"https:\/\/web.umons.ac.be\/sdht\/wp-json\/wp\/v2\/pages"}],"about":[{"href":"https:\/\/web.umons.ac.be\/sdht\/wp-json\/wp\/v2\/types\/page"}],"author":[{"embeddable":true,"href":"https:\/\/web.umons.ac.be\/sdht\/wp-json\/wp\/v2\/users\/4"}],"replies":[{"embeddable":true,"href":"https:\/\/web.umons.ac.be\/sdht\/wp-json\/wp\/v2\/comments?post=11"}],"version-history":[{"count":4,"href":"https:\/\/web.umons.ac.be\/sdht\/wp-json\/wp\/v2\/pages\/11\/revisions"}],"predecessor-version":[{"id":1326,"href":"https:\/\/web.umons.ac.be\/sdht\/wp-json\/wp\/v2\/pages\/11\/revisions\/1326"}],"wp:attachment":[{"href":"https:\/\/web.umons.ac.be\/sdht\/wp-json\/wp\/v2\/media?parent=11"}],"curies":[{"name":"wp","href":"https:\/\/api.w.org\/{rel}","templated":true}]}}