{"id":117,"date":"2022-02-17T14:31:31","date_gmt":"2022-02-17T13:31:31","guid":{"rendered":"https:\/\/web.umons.ac.be\/sdht\/?page_id=117"},"modified":"2026-03-02T14:38:01","modified_gmt":"2026-03-02T13:38:01","slug":"propositions-de-stages","status":"publish","type":"page","link":"https:\/\/web.umons.ac.be\/sdht\/stages-2\/propositions-de-stages\/","title":{"rendered":"Propositions de stages"},"content":{"rendered":"<p><span style=\"font-size: 12pt; color: #333333;\"><strong>Offres de stages 2025-2026<\/strong><\/span><\/p>\n<p><span style=\"color: #c40242;\">Attention: pour ces offres de stages, vous devez postuler uniquement aupr\u00e8s du service (Mme Bruyninckx ou M. Cauchie selon ce qui est indiqu\u00e9 dans l&rsquo;offre) et, en aucun cas, aupr\u00e8s du Ma\u00eetre de stage!!!<\/span><\/p>\n<p><strong><span style=\"color: #333333;\">1. Stages de recherche<\/span><\/strong><\/p>\n<ul>\n<li><span style=\"color: #d60044;\">New!<\/span> <a href=\"https:\/\/web.umons.ac.be\/app\/uploads\/sites\/110\/2026\/03\/stage_analyse_qualitative_LPS.pdf\"><strong>Stage gratifi\u00e9 <\/strong>au sein du laboratoire de psychologie sociale d\u2019Aix-Marseille Universit\u00e9<\/a>&#8211; \u00e9tudiants en sciences psychologiques &#8211; <strong>stage disponible jusqu&rsquo;au 04.03.26<\/strong><\/li>\n<li><a href=\"https:\/\/web.umons.ac.be\/app\/uploads\/sites\/110\/2025\/09\/Offre-de-stage-traumatismes-de-guerre.pdf\">Stage de recherche \u00ab\u00a0Les traumatismes de guerre et leur transmission interg\u00e9n\u00e9rationnelle\u00a0\u00bb<\/a>&#8211; \u00e9tudiants en sciences psychologiques &#8211; <strong>stage attribu\u00e9<\/strong><\/li>\n<li><a href=\"https:\/\/web.umons.ac.be\/app\/uploads\/sites\/110\/2025\/09\/Offre-de-stage-enfants-dans-la-guerre.pdf\">Stage de recherche \u00ab\u00a0Le d\u00e9veloppement et les traumatismes des enfants durant les conflits arm\u00e9s\u00a0\u00bb<\/a>&#8211; \u00e9tudiants en sciences psychologiques &#8211; <strong>stage disponible<\/strong><\/li>\n<li><a href=\"https:\/\/web.umons.ac.be\/app\/uploads\/sites\/110\/2025\/05\/Offre-de-stage-Podcasts-conflits-armes.pdf\">Stage de recherche \u00ab\u00a0Parler de la guerre \u00e0 l&rsquo;aide des podcasts\u00a0\u00bb<\/a> &#8211; \u00e9tudiants en sciences de l&rsquo;\u00e9ducation &#8211; <strong>stage attribu\u00e9\u00a0<\/strong><\/li>\n<li><a href=\"https:\/\/web.umons.ac.be\/app\/uploads\/sites\/110\/2025\/05\/Offre-de-stage-Activites-ludiques-guerres.pdf\">Stage de recherche \u00ab\u00a0Parler de la guerre \u00e0 l&rsquo;aide d&rsquo;activit\u00e9s ludiques\u00a0\u00bb<\/a> &#8211; \u00e9tudiants en sciences de l&rsquo;\u00e9ducation &#8211; <strong>stage attribu\u00e9<\/strong><\/li>\n<\/ul>\n<p>ou autre \u00e0 sugg\u00e9rer (voir point 4)<\/p>\n<p><span style=\"color: #333333;\"><strong>2. Stages d&rsquo;encadrement d&rsquo;activit\u00e9s universitaires<\/strong><\/span><\/p>\n<ul>\n<li><a href=\"https:\/\/web.umons.ac.be\/app\/uploads\/sites\/110\/2025\/05\/Offre-de-stage-25-26-Accompagnant-orthopedagogique-handicap-visuel.pdf\">Stage d&rsquo;accompagnement d&rsquo;un \u00e9tudiant en situation de d\u00e9ficience visuelle lors des ED de statistique<\/a> <span style=\"color: #333333;\"><strong>\u00a0<\/strong>&#8211; \u00e9tudiants en sciences psychologiques ou en sciences de l&rsquo;\u00e9ducation <strong>&#8211; stage attribu\u00e9<\/strong><\/span><\/li>\n<\/ul>\n<p><strong><span style=\"color: #333333;\">3. Stages de terrain en Belgique<\/span><\/strong><\/p>\n<ul>\n<li><a href=\"https:\/\/web.umons.ac.be\/app\/uploads\/sites\/110\/2025\/03\/Offre-de-stage-Plugstreet.pdf\">Stage au Centre d&rsquo;interpr\u00e9tation Plugstreet, 14-18 Experience<\/a> &#8211; \u00e9tudiants en sciences de l&rsquo;\u00e9ducation &#8211;<strong>stage disponible<\/strong><\/li>\n<li><a href=\"https:\/\/web.umons.ac.be\/app\/uploads\/sites\/110\/2025\/06\/Offre-de-stage-Fondation-Auschwitz-2025-2026.pdf\">Stage \u00e0 la Fondation Auschwitz<\/a> &#8211; \u00e9tudiants en sciences de l&rsquo;\u00e9ducation<strong> &#8211; stage attribu\u00e9<\/strong><\/li>\n<li><a href=\"https:\/\/web.umons.ac.be\/app\/uploads\/sites\/110\/2025\/05\/Offre-de-stage-MMM-IA.pdf\">Stage au Mons Memorial Museum<\/a> &#8211; \u00e9tudiants en sciences de l&rsquo;\u00e9ducation <strong>&#8211; stage attribu\u00e9<\/strong><\/li>\n<\/ul>\n<p><span style=\"color: #333333;\"><strong>4. Stages propos\u00e9s par les \u00e9tudiants <\/strong><\/span><span style=\"color: #333333;\"><strong>\u00a0<\/strong>&#8211; \u00e9tudiants en sciences psychologiques ou en sciences de l&rsquo;\u00e9ducation<br \/>\n<\/span><\/p>\n<p>&nbsp;<\/p>\n<p><i>!!!! Le Service de D\u00e9veloppement humain et traitement des donn\u00e9es laisse la possibilit\u00e9 aux \u00e9tudiants de proposer des id\u00e9es ou lieux de stages (mus\u00e9es, ASBL ou ONG\u2026) qu\u2019ils auraient trouv\u00e9s par leur propres moyens (associations travaillant dans l&rsquo;\u00e9ducation au travail de m\u00e9moire, dans des contextes de diversit\u00e9 culturelle, des associations LGBTQIA+ &#8230;) !!!!<\/i><\/p>\n<p><i>Si vous souhaitez proposer un stage encadr\u00e9 par le service, <\/i><b><i>veuillez prendre contact avec M. Bruyninckx et M. Cauchie<\/i><\/b><i> (m<\/i><i>arielle.Bruyninckx@umons.ac.be\/dimitri.cauchie@umons.ac.be<\/i><i>) en leur transmettant, par mail, le document suivant compl\u00e9t\u00e9:<\/i><\/p>\n<p><a href=\"https:\/\/web.umons.ac.be\/app\/uploads\/sites\/110\/2024\/05\/Proposition-de-stages-par-les-etudiants.pdf\">Formulaire \u00e0 compl\u00e9ter<\/a><\/p>\n","protected":false},"excerpt":{"rendered":"<p>Offres de stages 2025-2026 Attention: pour ces offres de stages, vous devez postuler uniquement aupr\u00e8s du service (Mme Bruyninckx ou M. Cauchie selon ce qui est indiqu\u00e9 dans l&rsquo;offre) et, en aucun cas, aupr\u00e8s du Ma\u00eetre de stage!!! 1. Stages de recherche New! Stage gratifi\u00e9 au sein du laboratoire de psychologie sociale d\u2019Aix-Marseille Universit\u00e9&#8211; \u00e9tudiants [&hellip;]<\/p>\n","protected":false},"author":118,"featured_media":0,"parent":86,"menu_order":0,"comment_status":"closed","ping_status":"closed","template":"","meta":{"footnotes":""},"class_list":["post-117","page","type-page","status-publish","hentry"],"yoast_head":"<!-- This site is optimized with the Yoast SEO plugin v27.2 - https:\/\/yoast.com\/product\/yoast-seo-wordpress\/ -->\n<title>Propositions de stages - Service \/ FPSE - D\u00e9veloppement humain et traitement des donn\u00e9es<\/title>\n<meta name=\"robots\" content=\"index, follow, max-snippet:-1, max-image-preview:large, max-video-preview:-1\" \/>\n<link rel=\"canonical\" href=\"https:\/\/web.umons.ac.be\/sdht\/stages-2\/propositions-de-stages\/\" \/>\n<meta property=\"og:locale\" content=\"fr_FR\" \/>\n<meta property=\"og:type\" content=\"article\" \/>\n<meta property=\"og:title\" content=\"Propositions de stages - Service \/ FPSE - D\u00e9veloppement humain et traitement des donn\u00e9es\" \/>\n<meta property=\"og:description\" content=\"Offres de stages 2025-2026 Attention: pour ces offres de stages, vous devez postuler uniquement aupr\u00e8s du service (Mme Bruyninckx ou M. Cauchie selon ce qui est indiqu\u00e9 dans l&rsquo;offre) et, en aucun cas, aupr\u00e8s du Ma\u00eetre de stage!!! 1. Stages de recherche New! Stage gratifi\u00e9 au sein du laboratoire de psychologie sociale d\u2019Aix-Marseille Universit\u00e9&#8211; \u00e9tudiants [&hellip;]\" \/>\n<meta property=\"og:url\" content=\"https:\/\/web.umons.ac.be\/sdht\/stages-2\/propositions-de-stages\/\" \/>\n<meta property=\"og:site_name\" content=\"Service \/ FPSE - D\u00e9veloppement humain et traitement des donn\u00e9es\" \/>\n<meta property=\"article:modified_time\" content=\"2026-03-02T13:38:01+00:00\" \/>\n<meta name=\"twitter:card\" content=\"summary_large_image\" \/>\n<meta name=\"twitter:label1\" content=\"Dur\u00e9e de lecture estim\u00e9e\" \/>\n\t<meta name=\"twitter:data1\" content=\"2 minutes\" \/>\n<script type=\"application\/ld+json\" class=\"yoast-schema-graph\">{\"@context\":\"https:\/\/schema.org\",\"@graph\":[{\"@type\":\"WebPage\",\"@id\":\"https:\/\/web.umons.ac.be\/sdht\/stages-2\/propositions-de-stages\/\",\"url\":\"https:\/\/web.umons.ac.be\/sdht\/stages-2\/propositions-de-stages\/\",\"name\":\"Propositions de stages - Service \/ FPSE - D\u00e9veloppement humain et traitement des donn\u00e9es\",\"isPartOf\":{\"@id\":\"https:\/\/web.umons.ac.be\/sdht\/#website\"},\"datePublished\":\"2022-02-17T13:31:31+00:00\",\"dateModified\":\"2026-03-02T13:38:01+00:00\",\"breadcrumb\":{\"@id\":\"https:\/\/web.umons.ac.be\/sdht\/stages-2\/propositions-de-stages\/#breadcrumb\"},\"inLanguage\":\"fr-FR\",\"potentialAction\":[{\"@type\":\"ReadAction\",\"target\":[\"https:\/\/web.umons.ac.be\/sdht\/stages-2\/propositions-de-stages\/\"]}]},{\"@type\":\"BreadcrumbList\",\"@id\":\"https:\/\/web.umons.ac.be\/sdht\/stages-2\/propositions-de-stages\/#breadcrumb\",\"itemListElement\":[{\"@type\":\"ListItem\",\"position\":1,\"name\":\"Home\",\"item\":\"https:\/\/web.umons.ac.be\/sdht\/\"},{\"@type\":\"ListItem\",\"position\":2,\"name\":\"Stages\",\"item\":\"https:\/\/web.umons.ac.be\/sdht\/stages-2\/\"},{\"@type\":\"ListItem\",\"position\":3,\"name\":\"Propositions de stages\"}]},{\"@type\":\"WebSite\",\"@id\":\"https:\/\/web.umons.ac.be\/sdht\/#website\",\"url\":\"https:\/\/web.umons.ac.be\/sdht\/\",\"name\":\"Service \/ FPSE - D\u00e9veloppement humain et traitement des donn\u00e9es\",\"description\":\"\",\"potentialAction\":[{\"@type\":\"SearchAction\",\"target\":{\"@type\":\"EntryPoint\",\"urlTemplate\":\"https:\/\/web.umons.ac.be\/sdht\/?s={search_term_string}\"},\"query-input\":{\"@type\":\"PropertyValueSpecification\",\"valueRequired\":true,\"valueName\":\"search_term_string\"}}],\"inLanguage\":\"fr-FR\"}]}<\/script>\n<!-- \/ Yoast SEO plugin. -->","yoast_head_json":{"title":"Propositions de stages - Service \/ FPSE - D\u00e9veloppement humain et traitement des donn\u00e9es","robots":{"index":"index","follow":"follow","max-snippet":"max-snippet:-1","max-image-preview":"max-image-preview:large","max-video-preview":"max-video-preview:-1"},"canonical":"https:\/\/web.umons.ac.be\/sdht\/stages-2\/propositions-de-stages\/","og_locale":"fr_FR","og_type":"article","og_title":"Propositions de stages - Service \/ FPSE - D\u00e9veloppement humain et traitement des donn\u00e9es","og_description":"Offres de stages 2025-2026 Attention: pour ces offres de stages, vous devez postuler uniquement aupr\u00e8s du service (Mme Bruyninckx ou M. Cauchie selon ce qui est indiqu\u00e9 dans l&rsquo;offre) et, en aucun cas, aupr\u00e8s du Ma\u00eetre de stage!!! 1. Stages de recherche New! Stage gratifi\u00e9 au sein du laboratoire de psychologie sociale d\u2019Aix-Marseille Universit\u00e9&#8211; \u00e9tudiants [&hellip;]","og_url":"https:\/\/web.umons.ac.be\/sdht\/stages-2\/propositions-de-stages\/","og_site_name":"Service \/ FPSE - D\u00e9veloppement humain et traitement des donn\u00e9es","article_modified_time":"2026-03-02T13:38:01+00:00","twitter_card":"summary_large_image","twitter_misc":{"Dur\u00e9e de lecture estim\u00e9e":"2 minutes"},"schema":{"@context":"https:\/\/schema.org","@graph":[{"@type":"WebPage","@id":"https:\/\/web.umons.ac.be\/sdht\/stages-2\/propositions-de-stages\/","url":"https:\/\/web.umons.ac.be\/sdht\/stages-2\/propositions-de-stages\/","name":"Propositions de stages - Service \/ FPSE - D\u00e9veloppement humain et traitement des donn\u00e9es","isPartOf":{"@id":"https:\/\/web.umons.ac.be\/sdht\/#website"},"datePublished":"2022-02-17T13:31:31+00:00","dateModified":"2026-03-02T13:38:01+00:00","breadcrumb":{"@id":"https:\/\/web.umons.ac.be\/sdht\/stages-2\/propositions-de-stages\/#breadcrumb"},"inLanguage":"fr-FR","potentialAction":[{"@type":"ReadAction","target":["https:\/\/web.umons.ac.be\/sdht\/stages-2\/propositions-de-stages\/"]}]},{"@type":"BreadcrumbList","@id":"https:\/\/web.umons.ac.be\/sdht\/stages-2\/propositions-de-stages\/#breadcrumb","itemListElement":[{"@type":"ListItem","position":1,"name":"Home","item":"https:\/\/web.umons.ac.be\/sdht\/"},{"@type":"ListItem","position":2,"name":"Stages","item":"https:\/\/web.umons.ac.be\/sdht\/stages-2\/"},{"@type":"ListItem","position":3,"name":"Propositions de stages"}]},{"@type":"WebSite","@id":"https:\/\/web.umons.ac.be\/sdht\/#website","url":"https:\/\/web.umons.ac.be\/sdht\/","name":"Service \/ FPSE - D\u00e9veloppement humain et traitement des donn\u00e9es","description":"","potentialAction":[{"@type":"SearchAction","target":{"@type":"EntryPoint","urlTemplate":"https:\/\/web.umons.ac.be\/sdht\/?s={search_term_string}"},"query-input":{"@type":"PropertyValueSpecification","valueRequired":true,"valueName":"search_term_string"}}],"inLanguage":"fr-FR"}]}},"lang":"fr","translations":{"fr":117},"pll_sync_post":[],"_links":{"self":[{"href":"https:\/\/web.umons.ac.be\/sdht\/wp-json\/wp\/v2\/pages\/117","targetHints":{"allow":["GET"]}}],"collection":[{"href":"https:\/\/web.umons.ac.be\/sdht\/wp-json\/wp\/v2\/pages"}],"about":[{"href":"https:\/\/web.umons.ac.be\/sdht\/wp-json\/wp\/v2\/types\/page"}],"author":[{"embeddable":true,"href":"https:\/\/web.umons.ac.be\/sdht\/wp-json\/wp\/v2\/users\/118"}],"replies":[{"embeddable":true,"href":"https:\/\/web.umons.ac.be\/sdht\/wp-json\/wp\/v2\/comments?post=117"}],"version-history":[{"count":4,"href":"https:\/\/web.umons.ac.be\/sdht\/wp-json\/wp\/v2\/pages\/117\/revisions"}],"predecessor-version":[{"id":1334,"href":"https:\/\/web.umons.ac.be\/sdht\/wp-json\/wp\/v2\/pages\/117\/revisions\/1334"}],"up":[{"embeddable":true,"href":"https:\/\/web.umons.ac.be\/sdht\/wp-json\/wp\/v2\/pages\/86"}],"wp:attachment":[{"href":"https:\/\/web.umons.ac.be\/sdht\/wp-json\/wp\/v2\/media?parent=117"}],"curies":[{"name":"wp","href":"https:\/\/api.w.org\/{rel}","templated":true}]}}