{"id":123,"date":"2022-02-17T16:03:29","date_gmt":"2022-02-17T15:03:29","guid":{"rendered":"https:\/\/web.umons.ac.be\/sdht\/?page_id=123"},"modified":"2022-06-22T17:04:35","modified_gmt":"2022-06-22T15:04:35","slug":"memoires-defendus","status":"publish","type":"page","link":"https:\/\/web.umons.ac.be\/sdht\/memoires-2\/memoires-defendus\/","title":{"rendered":"M\u00e9moires d\u00e9fendus"},"content":{"rendered":"<p>Les tr\u00e8s nombreux m\u00e9moires encadr\u00e9s par le Service depuis sa cr\u00e9ation en 2002 t\u00e9moignent de l&rsquo;\u00e9volution des centres d&rsquo;int\u00e9r\u00eats des membres de l&rsquo;\u00e9quipe mais aussi de leur volont\u00e9 d&rsquo;accueillir, autant que possible, les projets des \u00e9tudiants dans leur vari\u00e9t\u00e9.<\/p>\n<p>Ces travaux ont \u00e9t\u00e9 dirig\u00e9s par Marielle Bruyninckx et\/ou Dimitri Cauchie; le plus souvent, en collaboration avec les assistant.e.s qui ont, par leurs comp\u00e9tences, contribu\u00e9 au d\u00e9veloppement de notre expertise de recherche et d&rsquo;encadrement.<\/p>\n<p><span style=\"font-size: 12pt\"><strong>A. D\u00e9veloppement humain en contextes de diversit\u00e9<\/strong><\/span><\/p>\n<p><a href=\"https:\/\/web.umons.ac.be\/sdht\/memoires-2\/memoires-defendus\/developpement-humain-en-contextes-de-diversite-diversite-liee-aux-cultures-aux-religions-et-aux-convictions\/\"><strong>Diversit\u00e9 li\u00e9e aux cultures, aux religions et aux convictions<\/strong><\/a><\/p>\n<p><a href=\"https:\/\/web.umons.ac.be\/sdht\/memoires-2\/memoires-defendus\/diversite-liee-aux-genres\/\"><strong>Diversit\u00e9 li\u00e9e aux genres<\/strong><\/a><\/p>\n<p><a href=\"https:\/\/web.umons.ac.be\/sdht\/memoires-2\/memoires-defendus\/diversite-liee-aux-orientations-sexuelles\/\"><strong style=\"font-size: 14px\">Diversit\u00e9 li\u00e9e aux orientations sexuelles<\/strong><\/a><\/p>\n<p><a href=\"https:\/\/web.umons.ac.be\/sdht\/memoires-2\/memoires-defendus\/diversite-liee-au-handicap\/\"><strong>Diversit\u00e9 li\u00e9e au handicap<\/strong><\/a><\/p>\n<p><strong><span style=\"font-size: 12pt\">B. D\u00e9veloppement humain en contextes extr\u00eames\u00a0<\/span><\/strong><\/p>\n<p><a href=\"https:\/\/web.umons.ac.be\/sdht\/memoires-2\/memoires-defendus\/contextes-extremes\/\">Contextes extr\u00eames<\/a><\/p>\n<p><a href=\"https:\/\/web.umons.ac.be\/sdht\/memoires-2\/memoires-defendus\/deuil-et-soins-palliatifs\/\">Deuils et soins palliatifs<\/a><\/p>\n<p><a href=\"https:\/\/web.umons.ac.be\/sdht\/memoires-2\/memoires-defendus\/education-au-travail-de-memoire\/\">Education \u00e0 la paix et au travail de m\u00e9moire<\/a><\/p>\n<p><span style=\"font-size: 12pt\"><strong>C. D\u00e9veloppement humain et \u00e9ducation<\/strong><\/span><\/p>\n<p><a href=\"https:\/\/web.umons.ac.be\/sdht\/memoires-2\/memoires-defendus\/education-alternative-et-actions-educatives-specifiques\/\">Education alternative et situations \u00e9ducatives sp\u00e9cifiques<\/a><\/p>\n<p><a href=\"https:\/\/web.umons.ac.be\/sdht\/education-au-sud-actions-humanitaires-ong-et-cooperation\/\"><span style=\"font-size: 14px\">Education au Sud, actions humanitaires, ONG et coop\u00e9ration<\/span><\/a><\/p>\n<p><span style=\"font-size: 12pt\"><strong>D. D\u00e9veloppement humain et recherches alternatives de bien-\u00eatre<\/strong><\/span><\/p>\n<p><a href=\"https:\/\/web.umons.ac.be\/sdht\/memoires-2\/memoires-defendus\/modes-de-vie-alternatifs\/\">Modes de vie alternatifs<\/a><\/p>\n<p><a href=\"https:\/\/web.umons.ac.be\/sdht\/memoires-2\/memoires-defendus\/recherches-personnelles-de-bien-etre\/\">Recherches personnelles de bien-\u00eatre<\/a><\/p>\n<p><strong><span style=\"font-size: 12pt\">E. D\u00e9veloppement humain et sant\u00e9<\/span><\/strong><\/p>\n<p><a href=\"https:\/\/web.umons.ac.be\/sdht\/memoires-2\/memoires-defendus\/sante-sexuelle-et-reproductive\/\">Sant\u00e9 sexuelle et reproductive<\/a><\/p>\n<p><a href=\"https:\/\/web.umons.ac.be\/sdht\/memoires-2\/memoires-defendus\/sante-et-sport\/\">Sant\u00e9 et sport<\/a><\/p>\n<p><strong style=\"font-size: 14px\"><span style=\"font-size: 12pt\">F. P\u00e9dagogie de la statistique et des math\u00e9matiques<\/span><\/strong><\/p>\n<p><a href=\"https:\/\/web.umons.ac.be\/sdht\/statistique\/\">P\u00e9dagogie de la statistique et des math\u00e9matiques<\/a><\/p>\n<p><strong><span style=\"font-size: 12pt\">G. Autres<\/span><\/strong><\/p>\n<p><a href=\"https:\/\/web.umons.ac.be\/sdht\/memoires-2\/memoires-defendus\/autres\/\">Autres<\/a><\/p>\n","protected":false},"excerpt":{"rendered":"<p>Les tr\u00e8s nombreux m\u00e9moires encadr\u00e9s par le Service depuis sa cr\u00e9ation en 2002 t\u00e9moignent de l&rsquo;\u00e9volution des centres d&rsquo;int\u00e9r\u00eats des membres de l&rsquo;\u00e9quipe mais aussi de leur volont\u00e9 d&rsquo;accueillir, autant que possible, les projets des \u00e9tudiants dans leur vari\u00e9t\u00e9. Ces travaux ont \u00e9t\u00e9 dirig\u00e9s par Marielle Bruyninckx et\/ou Dimitri Cauchie; le plus souvent, en collaboration [&hellip;]<\/p>\n","protected":false},"author":118,"featured_media":0,"parent":85,"menu_order":0,"comment_status":"closed","ping_status":"closed","template":"","meta":{"footnotes":""},"class_list":["post-123","page","type-page","status-publish","hentry"],"yoast_head":"<!-- This site is optimized with the Yoast SEO plugin v27.2 - https:\/\/yoast.com\/product\/yoast-seo-wordpress\/ -->\n<title>M\u00e9moires d\u00e9fendus - Service \/ FPSE - D\u00e9veloppement humain et traitement des donn\u00e9es<\/title>\n<meta name=\"robots\" content=\"index, follow, max-snippet:-1, max-image-preview:large, max-video-preview:-1\" \/>\n<link rel=\"canonical\" href=\"https:\/\/web.umons.ac.be\/sdht\/memoires-2\/memoires-defendus\/\" \/>\n<meta property=\"og:locale\" content=\"fr_FR\" \/>\n<meta property=\"og:type\" content=\"article\" \/>\n<meta property=\"og:title\" content=\"M\u00e9moires d\u00e9fendus - Service \/ FPSE - D\u00e9veloppement humain et traitement des donn\u00e9es\" \/>\n<meta property=\"og:description\" content=\"Les tr\u00e8s nombreux m\u00e9moires encadr\u00e9s par le Service depuis sa cr\u00e9ation en 2002 t\u00e9moignent de l&rsquo;\u00e9volution des centres d&rsquo;int\u00e9r\u00eats des membres de l&rsquo;\u00e9quipe mais aussi de leur volont\u00e9 d&rsquo;accueillir, autant que possible, les projets des \u00e9tudiants dans leur vari\u00e9t\u00e9. Ces travaux ont \u00e9t\u00e9 dirig\u00e9s par Marielle Bruyninckx et\/ou Dimitri Cauchie; le plus souvent, en collaboration [&hellip;]\" \/>\n<meta property=\"og:url\" content=\"https:\/\/web.umons.ac.be\/sdht\/memoires-2\/memoires-defendus\/\" \/>\n<meta property=\"og:site_name\" content=\"Service \/ FPSE - D\u00e9veloppement humain et traitement des donn\u00e9es\" \/>\n<meta property=\"article:modified_time\" content=\"2022-06-22T15:04:35+00:00\" \/>\n<meta name=\"twitter:card\" content=\"summary_large_image\" \/>\n<meta name=\"twitter:label1\" content=\"Dur\u00e9e de lecture estim\u00e9e\" \/>\n\t<meta name=\"twitter:data1\" content=\"1 minute\" \/>\n<script type=\"application\/ld+json\" class=\"yoast-schema-graph\">{\"@context\":\"https:\/\/schema.org\",\"@graph\":[{\"@type\":\"WebPage\",\"@id\":\"https:\/\/web.umons.ac.be\/sdht\/memoires-2\/memoires-defendus\/\",\"url\":\"https:\/\/web.umons.ac.be\/sdht\/memoires-2\/memoires-defendus\/\",\"name\":\"M\u00e9moires d\u00e9fendus - Service \/ FPSE - D\u00e9veloppement humain et traitement des donn\u00e9es\",\"isPartOf\":{\"@id\":\"https:\/\/web.umons.ac.be\/sdht\/#website\"},\"datePublished\":\"2022-02-17T15:03:29+00:00\",\"dateModified\":\"2022-06-22T15:04:35+00:00\",\"breadcrumb\":{\"@id\":\"https:\/\/web.umons.ac.be\/sdht\/memoires-2\/memoires-defendus\/#breadcrumb\"},\"inLanguage\":\"fr-FR\",\"potentialAction\":[{\"@type\":\"ReadAction\",\"target\":[\"https:\/\/web.umons.ac.be\/sdht\/memoires-2\/memoires-defendus\/\"]}]},{\"@type\":\"BreadcrumbList\",\"@id\":\"https:\/\/web.umons.ac.be\/sdht\/memoires-2\/memoires-defendus\/#breadcrumb\",\"itemListElement\":[{\"@type\":\"ListItem\",\"position\":1,\"name\":\"Home\",\"item\":\"https:\/\/web.umons.ac.be\/sdht\/\"},{\"@type\":\"ListItem\",\"position\":2,\"name\":\"M\u00e9moires\",\"item\":\"https:\/\/web.umons.ac.be\/sdht\/memoires-2\/\"},{\"@type\":\"ListItem\",\"position\":3,\"name\":\"M\u00e9moires d\u00e9fendus\"}]},{\"@type\":\"WebSite\",\"@id\":\"https:\/\/web.umons.ac.be\/sdht\/#website\",\"url\":\"https:\/\/web.umons.ac.be\/sdht\/\",\"name\":\"Service \/ FPSE - D\u00e9veloppement humain et traitement des donn\u00e9es\",\"description\":\"\",\"potentialAction\":[{\"@type\":\"SearchAction\",\"target\":{\"@type\":\"EntryPoint\",\"urlTemplate\":\"https:\/\/web.umons.ac.be\/sdht\/?s={search_term_string}\"},\"query-input\":{\"@type\":\"PropertyValueSpecification\",\"valueRequired\":true,\"valueName\":\"search_term_string\"}}],\"inLanguage\":\"fr-FR\"}]}<\/script>\n<!-- \/ Yoast SEO plugin. -->","yoast_head_json":{"title":"M\u00e9moires d\u00e9fendus - Service \/ FPSE - D\u00e9veloppement humain et traitement des donn\u00e9es","robots":{"index":"index","follow":"follow","max-snippet":"max-snippet:-1","max-image-preview":"max-image-preview:large","max-video-preview":"max-video-preview:-1"},"canonical":"https:\/\/web.umons.ac.be\/sdht\/memoires-2\/memoires-defendus\/","og_locale":"fr_FR","og_type":"article","og_title":"M\u00e9moires d\u00e9fendus - Service \/ FPSE - D\u00e9veloppement humain et traitement des donn\u00e9es","og_description":"Les tr\u00e8s nombreux m\u00e9moires encadr\u00e9s par le Service depuis sa cr\u00e9ation en 2002 t\u00e9moignent de l&rsquo;\u00e9volution des centres d&rsquo;int\u00e9r\u00eats des membres de l&rsquo;\u00e9quipe mais aussi de leur volont\u00e9 d&rsquo;accueillir, autant que possible, les projets des \u00e9tudiants dans leur vari\u00e9t\u00e9. Ces travaux ont \u00e9t\u00e9 dirig\u00e9s par Marielle Bruyninckx et\/ou Dimitri Cauchie; le plus souvent, en collaboration [&hellip;]","og_url":"https:\/\/web.umons.ac.be\/sdht\/memoires-2\/memoires-defendus\/","og_site_name":"Service \/ FPSE - D\u00e9veloppement humain et traitement des donn\u00e9es","article_modified_time":"2022-06-22T15:04:35+00:00","twitter_card":"summary_large_image","twitter_misc":{"Dur\u00e9e de lecture estim\u00e9e":"1 minute"},"schema":{"@context":"https:\/\/schema.org","@graph":[{"@type":"WebPage","@id":"https:\/\/web.umons.ac.be\/sdht\/memoires-2\/memoires-defendus\/","url":"https:\/\/web.umons.ac.be\/sdht\/memoires-2\/memoires-defendus\/","name":"M\u00e9moires d\u00e9fendus - Service \/ FPSE - D\u00e9veloppement humain et traitement des donn\u00e9es","isPartOf":{"@id":"https:\/\/web.umons.ac.be\/sdht\/#website"},"datePublished":"2022-02-17T15:03:29+00:00","dateModified":"2022-06-22T15:04:35+00:00","breadcrumb":{"@id":"https:\/\/web.umons.ac.be\/sdht\/memoires-2\/memoires-defendus\/#breadcrumb"},"inLanguage":"fr-FR","potentialAction":[{"@type":"ReadAction","target":["https:\/\/web.umons.ac.be\/sdht\/memoires-2\/memoires-defendus\/"]}]},{"@type":"BreadcrumbList","@id":"https:\/\/web.umons.ac.be\/sdht\/memoires-2\/memoires-defendus\/#breadcrumb","itemListElement":[{"@type":"ListItem","position":1,"name":"Home","item":"https:\/\/web.umons.ac.be\/sdht\/"},{"@type":"ListItem","position":2,"name":"M\u00e9moires","item":"https:\/\/web.umons.ac.be\/sdht\/memoires-2\/"},{"@type":"ListItem","position":3,"name":"M\u00e9moires d\u00e9fendus"}]},{"@type":"WebSite","@id":"https:\/\/web.umons.ac.be\/sdht\/#website","url":"https:\/\/web.umons.ac.be\/sdht\/","name":"Service \/ FPSE - D\u00e9veloppement humain et traitement des donn\u00e9es","description":"","potentialAction":[{"@type":"SearchAction","target":{"@type":"EntryPoint","urlTemplate":"https:\/\/web.umons.ac.be\/sdht\/?s={search_term_string}"},"query-input":{"@type":"PropertyValueSpecification","valueRequired":true,"valueName":"search_term_string"}}],"inLanguage":"fr-FR"}]}},"lang":"fr","translations":{"fr":123},"pll_sync_post":[],"_links":{"self":[{"href":"https:\/\/web.umons.ac.be\/sdht\/wp-json\/wp\/v2\/pages\/123","targetHints":{"allow":["GET"]}}],"collection":[{"href":"https:\/\/web.umons.ac.be\/sdht\/wp-json\/wp\/v2\/pages"}],"about":[{"href":"https:\/\/web.umons.ac.be\/sdht\/wp-json\/wp\/v2\/types\/page"}],"author":[{"embeddable":true,"href":"https:\/\/web.umons.ac.be\/sdht\/wp-json\/wp\/v2\/users\/118"}],"replies":[{"embeddable":true,"href":"https:\/\/web.umons.ac.be\/sdht\/wp-json\/wp\/v2\/comments?post=123"}],"version-history":[{"count":4,"href":"https:\/\/web.umons.ac.be\/sdht\/wp-json\/wp\/v2\/pages\/123\/revisions"}],"predecessor-version":[{"id":475,"href":"https:\/\/web.umons.ac.be\/sdht\/wp-json\/wp\/v2\/pages\/123\/revisions\/475"}],"up":[{"embeddable":true,"href":"https:\/\/web.umons.ac.be\/sdht\/wp-json\/wp\/v2\/pages\/85"}],"wp:attachment":[{"href":"https:\/\/web.umons.ac.be\/sdht\/wp-json\/wp\/v2\/media?parent=123"}],"curies":[{"name":"wp","href":"https:\/\/api.w.org\/{rel}","templated":true}]}}