{"id":135,"date":"2022-02-17T16:25:09","date_gmt":"2022-02-17T15:25:09","guid":{"rendered":"https:\/\/web.umons.ac.be\/sdht\/?page_id=135"},"modified":"2025-11-06T09:35:10","modified_gmt":"2025-11-06T08:35:10","slug":"memoires-en-cours","status":"publish","type":"page","link":"https:\/\/web.umons.ac.be\/sdht\/memoires-2\/memoires-en-cours\/","title":{"rendered":"M\u00e9moires en cours"},"content":{"rendered":"<ul>\n<li>BLONDEAU Sara, <em>Education religieuse des enfants dans les familles homoparentales\u00a0: les cas des p\u00e8res et des m\u00e8res de m\u00eame confession<\/em>, M\u00e9moire de Master, Facult\u00e9 de psychologie et des sciences de l\u2019\u00e9ducation<\/li>\n<li>BOURDAN Souhaila, v\u00e9cu des assistants sociaux et des \u00e9ducateurs qui accompagnent les r\u00e9fugi\u00e9s syriens, M\u00e9moire de Master, Facult\u00e9 de psychologie et des sciences de l&rsquo;\u00e9ducation<\/li>\n<li>DARIO Sylvia, la g\u00e9n\u00e9ration Z face aux conflits mondiaux: influence des m\u00e9dias, des visites m\u00e9morielles et du v\u00e9cu familial, M\u00e9moire de Master, Facult\u00e9 de psychologie et des sciences de l&rsquo;\u00e9ducation<\/li>\n<li>DELAFONTAINE Naoh, <em>Les responsables h\u00f4teliers face au sexisme\u00a0: strat\u00e9gies de pr\u00e9vention et de r\u00e9action en Belgique francophone, <\/em>M\u00e9moire de Master, Facult\u00e9 de psychologie et des sciences de l\u2019\u00e9ducation<\/li>\n<li>DEPRET Sidney, St\u00e9r\u00e9otypes et normes de genre dans un m\u00e9tier consid\u00e9r\u00e9 comme f\u00e9minin : motivation, exp\u00e9rience, attitude et ressenti des hommes dans la formation initiale des enseignants, M\u00e9moire de Master, Facult\u00e9 de psychologie et des sciences de l\u2019\u00e9ducation<\/li>\n<li>DEVRESSE\u00a0 Annelore, <em>Analyse des repr\u00e9sentations du carnaval de Binche chez des personnes immigr\u00e9es de premi\u00e8re g\u00e9n\u00e9ration install\u00e9es \u00e0 Binche et des modalit\u00e9s de participation au cycle carnavalesque, <\/em>M\u00e9moire de Master, Facult\u00e9 de psychologie et des sciences de l\u2019\u00e9ducation<\/li>\n<li>DE WINTER Christy, <em>Clinique et interculturalit\u00e9 : mise en \u00e9vidence des comp\u00e9tences interculturelles des psychologues pour enfants et de l\u2019adaptation de leurs pratiques face \u00e0 une situation interculturelle, <\/em>M\u00e9moire de Master, Facult\u00e9 de psychologie et des sciences de l\u2019\u00e9ducation<\/li>\n<li>D&rsquo;HOOGHE Marie,<em>\u00a0V\u00e9cu des femmes tutsi r\u00e9fugi\u00e9es en Belgique victimes du g\u00e9nocide des Tutsi au Rwanda<\/em>, M\u00e9moire de Master, Facult\u00e9 de psychologie et des sciences de l&rsquo;\u00e9ducation<\/li>\n<li>ELAJMI Rachid, exp\u00e9riences des infirmiers face aux rapports de genre culturellement diff\u00e9rents, M\u00e9moire de Master, Facult\u00e9 de psychologie et des sciences de l&rsquo;\u00e9ducation<\/li>\n<li>GENNART Julian, V\u00e9cu des personnes ayant \u00e9t\u00e9 victimes des inondations en Belgique, M\u00e9moire de Master, Facult\u00e9 de psychologie et des sciences de l&rsquo;\u00e9ducation<\/li>\n<li>MUHIMBARE Odeline, La transmission culturelle familiale chez les jeunes m\u00e9tis belgo-burundais: entre h\u00e9ritage burundais et int\u00e9gration \u00e0 la culture belge, M\u00e9moire de Master, Facult\u00e9 de psychologie et des sciences de l&rsquo;\u00e9ducation<\/li>\n<li>NITELET Laura, <em>Le changement de vie vers la simplicit\u00e9 volontaire en lien avec le d\u00e9veloppement durable : comment le vivent les couples ?<\/em>, M\u00e9moire de Master, Facult\u00e9 de psychologie et des sciences de l\u2019\u00e9ducation<\/li>\n<li>NTUKABUMWE Th\u00e9opiste, <em>Transmission interg\u00e9n\u00e9rationnelle dans les familles de survivants du g\u00e9nocide des Tutsi<\/em>, M\u00e9moire de Master, Facult\u00e9 de psychologie et des sciences de l&rsquo;\u00e9ducation<\/li>\n<li>SIEUW Marjolaine, les d\u00e9fis li\u00e9s \u00e0 l&rsquo;accueil priv\u00e9 des r\u00e9fugi\u00e9s ukrainiens en Belgique francophone, M\u00e9moire de Master, Facult\u00e9 de psychologie et des sciences de l&rsquo;\u00e9ducation<\/li>\n<li>SZEPESI B\u00e9atrice, <em>Pratiques de danses traditionnelles par les personnes originaires du Burundi en Belgique<\/em>, M\u00e9moire de Master, Facult\u00e9 de psychologie et des sciences de l&rsquo;\u00e9ducation<\/li>\n<li>TANGHE Claire, <em>Risques et strat\u00e9gies de s\u00e9curit\u00e9 mises en place par les femmes voyageant seules en Europe<\/em>, M\u00e9moire de Master, Facult\u00e9 de psychologie et des sciences de l&rsquo;\u00e9ducation<\/li>\n<li>VALL\u00c9E Manon, <em>Perceptions et strat\u00e9gies d\u2019adaptation des inspectrices de police face au sexisme rencontr\u00e9 sur le terrain, <\/em>M\u00e9moire de Master, Facult\u00e9 de psychologie et des sciences de l\u2019\u00e9ducation<\/li>\n<li>ZARBO Laura, La mise en \u0153uvre de l&rsquo;Education au D\u00e9veloppement Durable dans les \u00e9coles secondaires belges et finlandaises, M\u00e9moire de Master, Facult\u00e9 de psychologie et des sciences de l\u2019\u00e9ducation<\/li>\n<\/ul>\n","protected":false},"excerpt":{"rendered":"<p>BLONDEAU Sara, Education religieuse des enfants dans les familles homoparentales\u00a0: les cas des p\u00e8res et des m\u00e8res de m\u00eame confession, M\u00e9moire de Master, Facult\u00e9 de psychologie et des sciences de l\u2019\u00e9ducation BOURDAN Souhaila, v\u00e9cu des assistants sociaux et des \u00e9ducateurs qui accompagnent les r\u00e9fugi\u00e9s syriens, M\u00e9moire de Master, Facult\u00e9 de psychologie et des sciences de [&hellip;]<\/p>\n","protected":false},"author":118,"featured_media":0,"parent":85,"menu_order":0,"comment_status":"closed","ping_status":"closed","template":"","meta":{"footnotes":""},"class_list":["post-135","page","type-page","status-publish","hentry"],"yoast_head":"<!-- This site is optimized with the Yoast SEO plugin v27.2 - https:\/\/yoast.com\/product\/yoast-seo-wordpress\/ -->\n<title>M\u00e9moires en cours - Service \/ FPSE - D\u00e9veloppement humain et traitement des donn\u00e9es<\/title>\n<meta name=\"robots\" content=\"index, follow, max-snippet:-1, max-image-preview:large, max-video-preview:-1\" \/>\n<link rel=\"canonical\" href=\"https:\/\/web.umons.ac.be\/sdht\/memoires-2\/memoires-en-cours\/\" \/>\n<meta property=\"og:locale\" content=\"fr_FR\" \/>\n<meta property=\"og:type\" content=\"article\" \/>\n<meta property=\"og:title\" content=\"M\u00e9moires en cours - Service \/ FPSE - D\u00e9veloppement humain et traitement des donn\u00e9es\" \/>\n<meta property=\"og:description\" content=\"BLONDEAU Sara, Education religieuse des enfants dans les familles homoparentales\u00a0: les cas des p\u00e8res et des m\u00e8res de m\u00eame confession, M\u00e9moire de Master, Facult\u00e9 de psychologie et des sciences de l\u2019\u00e9ducation BOURDAN Souhaila, v\u00e9cu des assistants sociaux et des \u00e9ducateurs qui accompagnent les r\u00e9fugi\u00e9s syriens, M\u00e9moire de Master, Facult\u00e9 de psychologie et des sciences de [&hellip;]\" \/>\n<meta property=\"og:url\" content=\"https:\/\/web.umons.ac.be\/sdht\/memoires-2\/memoires-en-cours\/\" \/>\n<meta property=\"og:site_name\" content=\"Service \/ FPSE - D\u00e9veloppement humain et traitement des donn\u00e9es\" \/>\n<meta property=\"article:modified_time\" content=\"2025-11-06T08:35:10+00:00\" \/>\n<meta name=\"twitter:card\" content=\"summary_large_image\" \/>\n<meta name=\"twitter:label1\" content=\"Dur\u00e9e de lecture estim\u00e9e\" \/>\n\t<meta name=\"twitter:data1\" content=\"3 minutes\" \/>\n<script type=\"application\/ld+json\" class=\"yoast-schema-graph\">{\"@context\":\"https:\/\/schema.org\",\"@graph\":[{\"@type\":\"WebPage\",\"@id\":\"https:\/\/web.umons.ac.be\/sdht\/memoires-2\/memoires-en-cours\/\",\"url\":\"https:\/\/web.umons.ac.be\/sdht\/memoires-2\/memoires-en-cours\/\",\"name\":\"M\u00e9moires en cours - Service \/ FPSE - D\u00e9veloppement humain et traitement des donn\u00e9es\",\"isPartOf\":{\"@id\":\"https:\/\/web.umons.ac.be\/sdht\/#website\"},\"datePublished\":\"2022-02-17T15:25:09+00:00\",\"dateModified\":\"2025-11-06T08:35:10+00:00\",\"breadcrumb\":{\"@id\":\"https:\/\/web.umons.ac.be\/sdht\/memoires-2\/memoires-en-cours\/#breadcrumb\"},\"inLanguage\":\"fr-FR\",\"potentialAction\":[{\"@type\":\"ReadAction\",\"target\":[\"https:\/\/web.umons.ac.be\/sdht\/memoires-2\/memoires-en-cours\/\"]}]},{\"@type\":\"BreadcrumbList\",\"@id\":\"https:\/\/web.umons.ac.be\/sdht\/memoires-2\/memoires-en-cours\/#breadcrumb\",\"itemListElement\":[{\"@type\":\"ListItem\",\"position\":1,\"name\":\"Home\",\"item\":\"https:\/\/web.umons.ac.be\/sdht\/\"},{\"@type\":\"ListItem\",\"position\":2,\"name\":\"M\u00e9moires\",\"item\":\"https:\/\/web.umons.ac.be\/sdht\/memoires-2\/\"},{\"@type\":\"ListItem\",\"position\":3,\"name\":\"M\u00e9moires en cours\"}]},{\"@type\":\"WebSite\",\"@id\":\"https:\/\/web.umons.ac.be\/sdht\/#website\",\"url\":\"https:\/\/web.umons.ac.be\/sdht\/\",\"name\":\"Service \/ FPSE - D\u00e9veloppement humain et traitement des donn\u00e9es\",\"description\":\"\",\"potentialAction\":[{\"@type\":\"SearchAction\",\"target\":{\"@type\":\"EntryPoint\",\"urlTemplate\":\"https:\/\/web.umons.ac.be\/sdht\/?s={search_term_string}\"},\"query-input\":{\"@type\":\"PropertyValueSpecification\",\"valueRequired\":true,\"valueName\":\"search_term_string\"}}],\"inLanguage\":\"fr-FR\"}]}<\/script>\n<!-- \/ Yoast SEO plugin. -->","yoast_head_json":{"title":"M\u00e9moires en cours - Service \/ FPSE - D\u00e9veloppement humain et traitement des donn\u00e9es","robots":{"index":"index","follow":"follow","max-snippet":"max-snippet:-1","max-image-preview":"max-image-preview:large","max-video-preview":"max-video-preview:-1"},"canonical":"https:\/\/web.umons.ac.be\/sdht\/memoires-2\/memoires-en-cours\/","og_locale":"fr_FR","og_type":"article","og_title":"M\u00e9moires en cours - Service \/ FPSE - D\u00e9veloppement humain et traitement des donn\u00e9es","og_description":"BLONDEAU Sara, Education religieuse des enfants dans les familles homoparentales\u00a0: les cas des p\u00e8res et des m\u00e8res de m\u00eame confession, M\u00e9moire de Master, Facult\u00e9 de psychologie et des sciences de l\u2019\u00e9ducation BOURDAN Souhaila, v\u00e9cu des assistants sociaux et des \u00e9ducateurs qui accompagnent les r\u00e9fugi\u00e9s syriens, M\u00e9moire de Master, Facult\u00e9 de psychologie et des sciences de [&hellip;]","og_url":"https:\/\/web.umons.ac.be\/sdht\/memoires-2\/memoires-en-cours\/","og_site_name":"Service \/ FPSE - D\u00e9veloppement humain et traitement des donn\u00e9es","article_modified_time":"2025-11-06T08:35:10+00:00","twitter_card":"summary_large_image","twitter_misc":{"Dur\u00e9e de lecture estim\u00e9e":"3 minutes"},"schema":{"@context":"https:\/\/schema.org","@graph":[{"@type":"WebPage","@id":"https:\/\/web.umons.ac.be\/sdht\/memoires-2\/memoires-en-cours\/","url":"https:\/\/web.umons.ac.be\/sdht\/memoires-2\/memoires-en-cours\/","name":"M\u00e9moires en cours - Service \/ FPSE - D\u00e9veloppement humain et traitement des donn\u00e9es","isPartOf":{"@id":"https:\/\/web.umons.ac.be\/sdht\/#website"},"datePublished":"2022-02-17T15:25:09+00:00","dateModified":"2025-11-06T08:35:10+00:00","breadcrumb":{"@id":"https:\/\/web.umons.ac.be\/sdht\/memoires-2\/memoires-en-cours\/#breadcrumb"},"inLanguage":"fr-FR","potentialAction":[{"@type":"ReadAction","target":["https:\/\/web.umons.ac.be\/sdht\/memoires-2\/memoires-en-cours\/"]}]},{"@type":"BreadcrumbList","@id":"https:\/\/web.umons.ac.be\/sdht\/memoires-2\/memoires-en-cours\/#breadcrumb","itemListElement":[{"@type":"ListItem","position":1,"name":"Home","item":"https:\/\/web.umons.ac.be\/sdht\/"},{"@type":"ListItem","position":2,"name":"M\u00e9moires","item":"https:\/\/web.umons.ac.be\/sdht\/memoires-2\/"},{"@type":"ListItem","position":3,"name":"M\u00e9moires en cours"}]},{"@type":"WebSite","@id":"https:\/\/web.umons.ac.be\/sdht\/#website","url":"https:\/\/web.umons.ac.be\/sdht\/","name":"Service \/ FPSE - D\u00e9veloppement humain et traitement des donn\u00e9es","description":"","potentialAction":[{"@type":"SearchAction","target":{"@type":"EntryPoint","urlTemplate":"https:\/\/web.umons.ac.be\/sdht\/?s={search_term_string}"},"query-input":{"@type":"PropertyValueSpecification","valueRequired":true,"valueName":"search_term_string"}}],"inLanguage":"fr-FR"}]}},"lang":"fr","translations":{"fr":135},"pll_sync_post":[],"_links":{"self":[{"href":"https:\/\/web.umons.ac.be\/sdht\/wp-json\/wp\/v2\/pages\/135","targetHints":{"allow":["GET"]}}],"collection":[{"href":"https:\/\/web.umons.ac.be\/sdht\/wp-json\/wp\/v2\/pages"}],"about":[{"href":"https:\/\/web.umons.ac.be\/sdht\/wp-json\/wp\/v2\/types\/page"}],"author":[{"embeddable":true,"href":"https:\/\/web.umons.ac.be\/sdht\/wp-json\/wp\/v2\/users\/118"}],"replies":[{"embeddable":true,"href":"https:\/\/web.umons.ac.be\/sdht\/wp-json\/wp\/v2\/comments?post=135"}],"version-history":[{"count":3,"href":"https:\/\/web.umons.ac.be\/sdht\/wp-json\/wp\/v2\/pages\/135\/revisions"}],"predecessor-version":[{"id":1290,"href":"https:\/\/web.umons.ac.be\/sdht\/wp-json\/wp\/v2\/pages\/135\/revisions\/1290"}],"up":[{"embeddable":true,"href":"https:\/\/web.umons.ac.be\/sdht\/wp-json\/wp\/v2\/pages\/85"}],"wp:attachment":[{"href":"https:\/\/web.umons.ac.be\/sdht\/wp-json\/wp\/v2\/media?parent=135"}],"curies":[{"name":"wp","href":"https:\/\/api.w.org\/{rel}","templated":true}]}}