{"id":15,"date":"2021-11-09T10:52:55","date_gmt":"2021-11-09T09:52:55","guid":{"rendered":"https:\/\/web.umons.ac.be\/sdht\/activites-de-recherche\/"},"modified":"2024-04-17T16:02:50","modified_gmt":"2024-04-17T14:02:50","slug":"activites-de-recherche","status":"publish","type":"page","link":"https:\/\/web.umons.ac.be\/sdht\/activites-de-recherche\/","title":{"rendered":"Activit\u00e9s de recherche"},"content":{"rendered":"<p>Les recherches et les publications du <em>Service de D\u00e9veloppement humain et traitement des donn\u00e9es<\/em> sont r\u00e9alis\u00e9es en coh\u00e9rence avec les enseignements repris dans les charges de cours.<\/p>\n<ul>\n<li>Les recherches de la <span style=\"color: #333333;\">Prof. M. Bruyninckx<\/span> en mati\u00e8re de D\u00e9veloppement humain portent plus sp\u00e9cifiquement sur l\u2019\u00e9ducation et le d\u00e9veloppement des personnes vivant en <em><strong>contextes extr\u00eames<\/strong><\/em> (engendr\u00e9s par la tr\u00e8s grande pr\u00e9carit\u00e9 au Sud, les conflits arm\u00e9s, l&rsquo;ins\u00e9curit\u00e9 chronique, etc.) ou ayant exp\u00e9riment\u00e9 des <em><strong>accidents de vie dramatiques, <\/strong><\/em>ainsi que sur <em><strong>l&rsquo;\u00e9ducation au travail de m\u00e9moire en lien avec les contextes extr\u00eames pass\u00e9s. <\/strong><\/em><\/li>\n<li>Les recherches du <span style=\"color: #333333;\">Prof. D. Cauchie<\/span> se centrent, elles, sur l\u2019\u00e9ducation et le d\u00e9veloppement des personnes \u00e9voluant dans des <em><strong>contextes de<\/strong> <strong>diversit\u00e9<\/strong><\/em> (disparit\u00e9s de genre, orientations sexuelles ou encore l\u2019interculturalit\u00e9), ainsi que sur <strong><em>l&rsquo;\u00e9ducation \u00e0 la citoyennet\u00e9<\/em><\/strong>.<\/li>\n<\/ul>\n<p>Ces travaux sont d\u00e9velopp\u00e9s dans l\u2019optique d\u2019un <strong><em>vivre-ensemble inclusif<\/em><\/strong>, et ce au Nord comme au Sud.<\/p>\n<p>Enfin, l&rsquo;\u00e9quipe publie r\u00e9guli\u00e8rement des r\u00e9sultats de recherche ou d&rsquo;actions p\u00e9dagogiques sp\u00e9cifiques portant sur <strong><em>l\u2019enseignement des mati\u00e8res \u00e0 caract\u00e8re quantitatif et des comp\u00e9tences de base en math\u00e9matiques<\/em><\/strong> dans des cursus de sciences humaines.<\/p>\n<ul>\n<li><a href=\"https:\/\/orbi.umons.ac.be\/reports?action=1&amp;conjunction_1=AND&amp;field_1=researchunit&amp;value_1_authority=ORG_1184&amp;value_1=P382+-+D%C3%A9veloppement+humain+et+traitement+des+donn%C3%A9es&amp;year_start=&amp;year_end=&amp;references=&amp;model=list&amp;format=apa&amp;abstract_length=&amp;sort_1=issued_dt%3Adesc&amp;sort_1=author_sort%3Aasc&amp;sort_1=title_sort%3Aasc&amp;output=html&amp;lang_report=fr&amp;title=Publications+et+communications+des+membres+du+Service+de+D%C3%A9veloppement+humain+et+traitement+des+donn%C3%A9es\">Publications<\/a> (ORBi UMONS)<\/li>\n<\/ul>\n<hr \/>\n<p>Notre service est, par ailleurs rattach\u00e9 \u00e0 un institut de recherche de l\u2019UMONS :<\/p>\n<start-cask-shortcode-wrapper>\t\t<div class=\"associated-institutes content-block scheme-fpse\">\n\t\t\t<ul class=\"institutes-list\">\n\t\t\t\t\t\t\t\t\t\t<li>\n\t\t\t\t\t\t\t<a href=\"https:\/\/web.umons.ac.be\/soci_e_ter\" title=\"Acc\u00e9der au site web de : Institut \/ Soci&amp;ter\" class=\"associated-institute\">\n\t\t\t\t\t\t\t\t<img loading=\"lazy\" decoding=\"async\" width=\"1\" height=\"1\" src=\"https:\/\/web.umons.ac.be\/app\/uploads\/sites\/33\/2021\/11\/Societer-FR.svg\" class=\"attachment-thumbnail size-thumbnail\" alt=\"\" \/>\t\t\t\t\t\t\t<\/a>\t\t\t\n\t\t\t\t\t\t<\/li>\n\t\t\t\t\t\t\t<\/ul>\n\t\t<\/div>\n <end-cask-shortcode-wrapper>\n","protected":false},"excerpt":{"rendered":"<p>Les recherches et les publications du Service de D\u00e9veloppement humain et traitement des donn\u00e9es sont r\u00e9alis\u00e9es en coh\u00e9rence avec les enseignements repris dans les charges de cours. Les recherches de la Prof. M. Bruyninckx en mati\u00e8re de D\u00e9veloppement humain portent plus sp\u00e9cifiquement sur l\u2019\u00e9ducation et le d\u00e9veloppement des personnes vivant en contextes extr\u00eames (engendr\u00e9s par [&hellip;]<\/p>\n","protected":false},"author":4,"featured_media":0,"parent":0,"menu_order":0,"comment_status":"closed","ping_status":"closed","template":"","meta":{"footnotes":""},"class_list":["post-15","page","type-page","status-publish","hentry"],"yoast_head":"<!-- This site is optimized with the Yoast SEO plugin v27.2 - https:\/\/yoast.com\/product\/yoast-seo-wordpress\/ -->\n<title>Activit\u00e9s de recherche - Service \/ FPSE - D\u00e9veloppement humain et traitement des donn\u00e9es<\/title>\n<meta name=\"robots\" content=\"index, follow, max-snippet:-1, max-image-preview:large, max-video-preview:-1\" \/>\n<link rel=\"canonical\" href=\"https:\/\/web.umons.ac.be\/sdht\/activites-de-recherche\/\" \/>\n<meta property=\"og:locale\" content=\"fr_FR\" \/>\n<meta property=\"og:type\" content=\"article\" \/>\n<meta property=\"og:title\" content=\"Activit\u00e9s de recherche - Service \/ FPSE - D\u00e9veloppement humain et traitement des donn\u00e9es\" \/>\n<meta property=\"og:description\" content=\"Les recherches et les publications du Service de D\u00e9veloppement humain et traitement des donn\u00e9es sont r\u00e9alis\u00e9es en coh\u00e9rence avec les enseignements repris dans les charges de cours. Les recherches de la Prof. M. Bruyninckx en mati\u00e8re de D\u00e9veloppement humain portent plus sp\u00e9cifiquement sur l\u2019\u00e9ducation et le d\u00e9veloppement des personnes vivant en contextes extr\u00eames (engendr\u00e9s par [&hellip;]\" \/>\n<meta property=\"og:url\" content=\"https:\/\/web.umons.ac.be\/sdht\/activites-de-recherche\/\" \/>\n<meta property=\"og:site_name\" content=\"Service \/ FPSE - D\u00e9veloppement humain et traitement des donn\u00e9es\" \/>\n<meta property=\"article:modified_time\" content=\"2024-04-17T14:02:50+00:00\" \/>\n<meta name=\"twitter:card\" content=\"summary_large_image\" \/>\n<meta name=\"twitter:label1\" content=\"Dur\u00e9e de lecture estim\u00e9e\" \/>\n\t<meta name=\"twitter:data1\" content=\"1 minute\" \/>\n<script type=\"application\/ld+json\" class=\"yoast-schema-graph\">{\"@context\":\"https:\/\/schema.org\",\"@graph\":[{\"@type\":\"WebPage\",\"@id\":\"https:\/\/web.umons.ac.be\/sdht\/activites-de-recherche\/\",\"url\":\"https:\/\/web.umons.ac.be\/sdht\/activites-de-recherche\/\",\"name\":\"Activit\u00e9s de recherche - Service \/ FPSE - D\u00e9veloppement humain et traitement des donn\u00e9es\",\"isPartOf\":{\"@id\":\"https:\/\/web.umons.ac.be\/sdht\/#website\"},\"datePublished\":\"2021-11-09T09:52:55+00:00\",\"dateModified\":\"2024-04-17T14:02:50+00:00\",\"breadcrumb\":{\"@id\":\"https:\/\/web.umons.ac.be\/sdht\/activites-de-recherche\/#breadcrumb\"},\"inLanguage\":\"fr-FR\",\"potentialAction\":[{\"@type\":\"ReadAction\",\"target\":[\"https:\/\/web.umons.ac.be\/sdht\/activites-de-recherche\/\"]}]},{\"@type\":\"BreadcrumbList\",\"@id\":\"https:\/\/web.umons.ac.be\/sdht\/activites-de-recherche\/#breadcrumb\",\"itemListElement\":[{\"@type\":\"ListItem\",\"position\":1,\"name\":\"Home\",\"item\":\"https:\/\/web.umons.ac.be\/sdht\/\"},{\"@type\":\"ListItem\",\"position\":2,\"name\":\"Activit\u00e9s de recherche\"}]},{\"@type\":\"WebSite\",\"@id\":\"https:\/\/web.umons.ac.be\/sdht\/#website\",\"url\":\"https:\/\/web.umons.ac.be\/sdht\/\",\"name\":\"Service \/ FPSE - D\u00e9veloppement humain et traitement des donn\u00e9es\",\"description\":\"\",\"potentialAction\":[{\"@type\":\"SearchAction\",\"target\":{\"@type\":\"EntryPoint\",\"urlTemplate\":\"https:\/\/web.umons.ac.be\/sdht\/?s={search_term_string}\"},\"query-input\":{\"@type\":\"PropertyValueSpecification\",\"valueRequired\":true,\"valueName\":\"search_term_string\"}}],\"inLanguage\":\"fr-FR\"}]}<\/script>\n<!-- \/ Yoast SEO plugin. -->","yoast_head_json":{"title":"Activit\u00e9s de recherche - Service \/ FPSE - D\u00e9veloppement humain et traitement des donn\u00e9es","robots":{"index":"index","follow":"follow","max-snippet":"max-snippet:-1","max-image-preview":"max-image-preview:large","max-video-preview":"max-video-preview:-1"},"canonical":"https:\/\/web.umons.ac.be\/sdht\/activites-de-recherche\/","og_locale":"fr_FR","og_type":"article","og_title":"Activit\u00e9s de recherche - Service \/ FPSE - D\u00e9veloppement humain et traitement des donn\u00e9es","og_description":"Les recherches et les publications du Service de D\u00e9veloppement humain et traitement des donn\u00e9es sont r\u00e9alis\u00e9es en coh\u00e9rence avec les enseignements repris dans les charges de cours. Les recherches de la Prof. M. Bruyninckx en mati\u00e8re de D\u00e9veloppement humain portent plus sp\u00e9cifiquement sur l\u2019\u00e9ducation et le d\u00e9veloppement des personnes vivant en contextes extr\u00eames (engendr\u00e9s par [&hellip;]","og_url":"https:\/\/web.umons.ac.be\/sdht\/activites-de-recherche\/","og_site_name":"Service \/ FPSE - D\u00e9veloppement humain et traitement des donn\u00e9es","article_modified_time":"2024-04-17T14:02:50+00:00","twitter_card":"summary_large_image","twitter_misc":{"Dur\u00e9e de lecture estim\u00e9e":"1 minute"},"schema":{"@context":"https:\/\/schema.org","@graph":[{"@type":"WebPage","@id":"https:\/\/web.umons.ac.be\/sdht\/activites-de-recherche\/","url":"https:\/\/web.umons.ac.be\/sdht\/activites-de-recherche\/","name":"Activit\u00e9s de recherche - Service \/ FPSE - D\u00e9veloppement humain et traitement des donn\u00e9es","isPartOf":{"@id":"https:\/\/web.umons.ac.be\/sdht\/#website"},"datePublished":"2021-11-09T09:52:55+00:00","dateModified":"2024-04-17T14:02:50+00:00","breadcrumb":{"@id":"https:\/\/web.umons.ac.be\/sdht\/activites-de-recherche\/#breadcrumb"},"inLanguage":"fr-FR","potentialAction":[{"@type":"ReadAction","target":["https:\/\/web.umons.ac.be\/sdht\/activites-de-recherche\/"]}]},{"@type":"BreadcrumbList","@id":"https:\/\/web.umons.ac.be\/sdht\/activites-de-recherche\/#breadcrumb","itemListElement":[{"@type":"ListItem","position":1,"name":"Home","item":"https:\/\/web.umons.ac.be\/sdht\/"},{"@type":"ListItem","position":2,"name":"Activit\u00e9s de recherche"}]},{"@type":"WebSite","@id":"https:\/\/web.umons.ac.be\/sdht\/#website","url":"https:\/\/web.umons.ac.be\/sdht\/","name":"Service \/ FPSE - D\u00e9veloppement humain et traitement des donn\u00e9es","description":"","potentialAction":[{"@type":"SearchAction","target":{"@type":"EntryPoint","urlTemplate":"https:\/\/web.umons.ac.be\/sdht\/?s={search_term_string}"},"query-input":{"@type":"PropertyValueSpecification","valueRequired":true,"valueName":"search_term_string"}}],"inLanguage":"fr-FR"}]}},"lang":"fr","translations":{"fr":15,"en":17},"pll_sync_post":[],"_links":{"self":[{"href":"https:\/\/web.umons.ac.be\/sdht\/wp-json\/wp\/v2\/pages\/15","targetHints":{"allow":["GET"]}}],"collection":[{"href":"https:\/\/web.umons.ac.be\/sdht\/wp-json\/wp\/v2\/pages"}],"about":[{"href":"https:\/\/web.umons.ac.be\/sdht\/wp-json\/wp\/v2\/types\/page"}],"author":[{"embeddable":true,"href":"https:\/\/web.umons.ac.be\/sdht\/wp-json\/wp\/v2\/users\/4"}],"replies":[{"embeddable":true,"href":"https:\/\/web.umons.ac.be\/sdht\/wp-json\/wp\/v2\/comments?post=15"}],"version-history":[{"count":4,"href":"https:\/\/web.umons.ac.be\/sdht\/wp-json\/wp\/v2\/pages\/15\/revisions"}],"predecessor-version":[{"id":995,"href":"https:\/\/web.umons.ac.be\/sdht\/wp-json\/wp\/v2\/pages\/15\/revisions\/995"}],"wp:attachment":[{"href":"https:\/\/web.umons.ac.be\/sdht\/wp-json\/wp\/v2\/media?parent=15"}],"curies":[{"name":"wp","href":"https:\/\/api.w.org\/{rel}","templated":true}]}}