{"id":166,"date":"2022-02-28T16:08:36","date_gmt":"2022-02-28T15:08:36","guid":{"rendered":"https:\/\/web.umons.ac.be\/sdht\/?page_id=166"},"modified":"2024-11-18T09:59:52","modified_gmt":"2024-11-18T08:59:52","slug":"services-a-la-communaute-umons","status":"publish","type":"page","link":"https:\/\/web.umons.ac.be\/sdht\/accueil\/services-a-la-communaute-umons\/","title":{"rendered":"Services \u00e0 la Communaut\u00e9 UMONS"},"content":{"rendered":"<p><strong>Marielle BRUYNINCKX\u00a0 <\/strong><\/p>\n<ul>\n<li>Pr\u00e9sidente de la Commission de recours de l&rsquo;examen<br \/>\nd&rsquo;admission aux \u00e9tudes de premier cycle de l&rsquo;enseignement sup\u00e9rieur :<\/li>\n<li>Membre du Conseil de facult\u00e9 de la FPSE<\/li>\n<li>Membre du groupe de pilotage de la Cellule facultaire de p\u00e9dagogie universitaire de la FPSE<\/li>\n<li>Membre\u00a0de\u00a0la\u00a0commission\u00a0d&rsquo;\u00e9valuation\u00a0interne\u00a0de\u00a0la\u00a0FPSE<\/li>\n<li>Membre\u00a0du\u00a0Groupe\u00a0de\u00a0travail\u00a0&lsquo;Aide\u00a0\u00e0\u00a0la\u00a0r\u00e9ussite&rsquo;\u00a0de\u00a0la\u00a0FPSE<\/li>\n<li>Membre de la Commission Programme Bachelier en sciences psychologiques et de l&rsquo;\u00e9ducation (orientations g\u00e9n\u00e9rale et logop\u00e9die) FPSE<\/li>\n<li>Membre de la Commission Programme Master en sciences psychologiques FPSE<\/li>\n<li>Membre de la Commission Programme Master en sciences de l&rsquo;\u00e9ducation FPSE<\/li>\n<li>Membre du Groupe de pilotage du plan 2020-2021 FPSE<\/li>\n<li>Membre\u00a0du\u00a0Groupe\u00a0de\u00a0pilotage\u00a0du\u00a0plan\u00a02022-2025\u00a0FPSE<\/li>\n<li>Membre\u00a0du\u00a0Jury\u00a0facultaire\u00a0(3\u00e8me\u00a0cycle)\u00a0de\u00a0la\u00a0FPSE<\/li>\n<li>Secr\u00e9taire suppl\u00e9ante du Jury &#8211; Bachelier en sciences psychologiques et de l&rsquo;\u00e9ducation, orientation g\u00e9n\u00e9rale FPSE<\/li>\n<li>Secr\u00e9taire suppl\u00e9ante du Jury &#8211; Bachelier en sciences psychologiques et de l&rsquo;\u00e9ducation, orientation logop\u00e9die FPSE<\/li>\n<li>Membre de la Commission des programmes du Master en transitions et innovations sociales de l&rsquo;ESHS<\/li>\n<li>Membre du Conseil de direction SHS (de 2004 \u00e0 2022)<\/li>\n<li>Secr\u00e9taire du Conseil Acad\u00e9mique de l&rsquo;UMONS (de 2004 \u00e0 2021)<\/li>\n<li>Pr\u00e9sidente de la Commission interne contre les refus d\u2019inscriptions de l\u2019UMONS (de 2014 \u00e0 2021)<\/li>\n<li>Pr\u00e9sidente de la Commission P\u00e9dagogique de l\u2019Universit\u00e9 (de 2016 \u00e0 2021)<\/li>\n<li>Pr\u00e9sidente de la Commission charg\u00e9e de l\u2019organisation des \u00e9lections rectorales (de 2016 \u00e0 2021)<\/li>\n<\/ul>\n<p><strong>Dimitri\u00a0CAUCHIE <\/strong><\/p>\n<ul>\n<li>Conseiller pour les transitions sociales aupr\u00e8s de la Vice-rectrice aux Transitions, D\u00e9veloppement durable et Interactions avec la soci\u00e9t\u00e9.<\/li>\n<li>Membre du Conseil du D\u00e9veloppement Durable (CDD)<\/li>\n<li>Pr\u00e9sident du groupe de travail \u00ab\u00a0Bien-\u00eatre de la communaut\u00e9 universitaire\u00a0\u00bb du CDD<\/li>\n<li>Membre du groupe de travail \u00ab\u00a0Enseignement &#8211; Sensibilisation\u00a0\u00bb du CDD<\/li>\n<li>Membre du Conseil de Facult\u00e9 de la FPSE (Secr\u00e9taire jusqu&rsquo;en 2022)<\/li>\n<li>Pr\u00e9sident de la Commission de programme du Master en sciences de l&rsquo;\u00e9ducation de la FPSE<\/li>\n<li>Membre de la Commission d&rsquo;enseignement de la FPSE<\/li>\n<li>Secr\u00e9taire du Jury de Master en sciences psychologiques, \u00e0 finalit\u00e9 sp\u00e9cialis\u00e9e<\/li>\n<li>Secr\u00e9taire du Jury de Master en sciences psychologiques, \u00e0 finalit\u00e9 sp\u00e9cialis\u00e9e en orthop\u00e9dagogie clinique<\/li>\n<li>Secr\u00e9taire du Jury de Master en sciences psychologiques, \u00e0 finalit\u00e9 approfondie<\/li>\n<li>Secr\u00e9taire suppl\u00e9ant du Jury de l\u2019Agr\u00e9gation de l\u2019Enseignement Secondaire Sup\u00e9rieur<\/li>\n<li>Membre du Jury facultaire (3\u00e8me cycle) de la FPSE<\/li>\n<li>Membre de la Commission \u00ab\u00a0Formation continue\u00a0\u00bb de la FPSE (repr\u00e9sentant du Service de D\u00e9veloppement humain et traitement des donn\u00e9es)<\/li>\n<li>Membre de la Commission de programme du Bachelier en sciences psychologiques et de l&rsquo;\u00e9ducation (orientations g\u00e9n\u00e9rale et logop\u00e9die) de la FPSE<\/li>\n<li>Membre de la Commission de programme du Master en sciences psychologiques de la FPSE<\/li>\n<li>Membre du Bureau facultaire de la FPSE (jusqu&rsquo;en 2022)<\/li>\n<li>Membre de la Commission d&rsquo;\u00e9valuation interne de la FPSE (jusqu&rsquo;en 2022)<\/li>\n<li>Membre de la Commission d&rsquo;admission au doctorat de la FPSE (jusqu&rsquo;en 2022)<\/li>\n<li>Membre du Conseil de direction de l\u2019\u00c9cole des Sciences Humaines et Sociales (repr\u00e9sentant de la FPSE)<\/li>\n<li>Membre de la Commission des programmes du Master en transitions et innovations sociales de l&rsquo;ESHS<\/li>\n<li>Membre de la Commission acad\u00e9mique de l\u2019Institut de Recherche en Sciences et Technologies du Langage<\/li>\n<\/ul>\n<p><strong>M\u00e9lanie DUTRIEUX<\/strong><\/p>\n<ul>\n<li>Membre des Cellules de P\u00e9dagogie Facultaires (CPF) UMONS<\/li>\n<li>Membre du groupe de travail \u00ab Gestion de la discipline \u00bb des CPF UMONS<\/li>\n<li>Membre du groupe de travail \u00ab\u00a0Aide \u00e0 la r\u00e9ussite &#8211;\u00a0Maths\u00a0\u00bb des CPF UMONS<\/li>\n<li>Membre du Conseil de la FPSE<\/li>\n<li>Membre du Conseil du PerSciF de la FPSE<\/li>\n<li>Membre du groupe de travail \u00ab Aide \u00e0 la r\u00e9ussite \u00bb de la FPSE<\/li>\n<li>Membre et secr\u00e9taire de la Commission d\u2019\u00e9valuation interne de la FPSE<\/li>\n<li>Contact Qualit\u00e9 de la FPSE<\/li>\n<li>Relai Moodle FPSE<\/li>\n<\/ul>\n<p><strong>Cl\u00e9mence GEVA<\/strong><\/p>\n<ul>\n<li>Membre du Groupe de travail \u00ab\u00a0Comp\u00e9tences num\u00e9riques des enseignants\u00a0\u00bb de la FPSE<\/li>\n<li>Membre du Groupe de travail \u00ab\u00a0Egalit\u00e9 des chances\u00a0\u00bb, Universit\u00e9 de Mons<\/li>\n<\/ul>\n<p><strong>L\u00e9a LACOURT<\/strong><\/p>\n<ul>\n<li>Membre du Groupe de travail \u00ab\u00a0Egalit\u00e9 des chances\u00a0\u00bb, Universit\u00e9 de Mons<\/li>\n<li>Membre du Comit\u00e9 d&rsquo;organisation de l\u2019\u00e9dition 2023 de la Conf\u00e9rence Annuelle de la BAPS (Belgian Association for Psychological Sciences), Universit\u00e9 de Mons<\/li>\n<li>Membre du Groupe de travail \u00ab\u00a0m\u00e9moires\u00a0\u00bb de la FPSE<\/li>\n<li>Membre du Groupe de travail \u00ab\u00a0Accueil et int\u00e9gration socioprofessionnelle des nouveaux membres du PerSciF de la FPSE\u00a0\u00bb<\/li>\n<li>Membre du Conseil de Facult\u00e9 de la FPSE<\/li>\n<li>Membre du Conseil du PerSciF de la FPSE<\/li>\n<\/ul>\n<p><strong>Lisa SANTORO<\/strong><\/p>\n<ul>\n<li>Membre du Groupe de travail \u00ab\u00a0Egalit\u00e9 des chances\u00a0\u00bb, Universit\u00e9 de Mons<\/li>\n<li>Membre du Comit\u00e9 d&rsquo;organisation de l\u2019\u00e9dition 2023 de la Conf\u00e9rence Annuelle de la BAPS (Belgian Association for Psychological Sciences), Universit\u00e9 de Mons<\/li>\n<li>Responsable pour le service de la gestion des am\u00e9nagements raisonnables destin\u00e9s aux \u00e9tudiants en situation de handicap.<\/li>\n<li>Membre du Groupe de travail \u00ab\u00a0Accueil et int\u00e9gration socioprofessionnelle des nouveaux membres du PerSciF de la FPSE\u00a0\u00bb<\/li>\n<\/ul>\n","protected":false},"excerpt":{"rendered":"<p>Marielle BRUYNINCKX\u00a0 Pr\u00e9sidente de la Commission de recours de l&rsquo;examen d&rsquo;admission aux \u00e9tudes de premier cycle de l&rsquo;enseignement sup\u00e9rieur : Membre du Conseil de facult\u00e9 de la FPSE Membre du groupe de pilotage de la Cellule facultaire de p\u00e9dagogie universitaire de la FPSE Membre\u00a0de\u00a0la\u00a0commission\u00a0d&rsquo;\u00e9valuation\u00a0interne\u00a0de\u00a0la\u00a0FPSE Membre\u00a0du\u00a0Groupe\u00a0de\u00a0travail\u00a0&lsquo;Aide\u00a0\u00e0\u00a0la\u00a0r\u00e9ussite&rsquo;\u00a0de\u00a0la\u00a0FPSE Membre de la Commission Programme Bachelier en sciences psychologiques et [&hellip;]<\/p>\n","protected":false},"author":118,"featured_media":0,"parent":3,"menu_order":0,"comment_status":"closed","ping_status":"closed","template":"","meta":{"footnotes":""},"class_list":["post-166","page","type-page","status-publish","hentry"],"yoast_head":"<!-- This site is optimized with the Yoast SEO plugin v27.2 - https:\/\/yoast.com\/product\/yoast-seo-wordpress\/ -->\n<title>Services \u00e0 la Communaut\u00e9 UMONS - Service \/ FPSE - D\u00e9veloppement humain et traitement des donn\u00e9es<\/title>\n<meta name=\"robots\" content=\"index, follow, max-snippet:-1, max-image-preview:large, max-video-preview:-1\" \/>\n<link rel=\"canonical\" href=\"https:\/\/web.umons.ac.be\/sdht\/accueil\/services-a-la-communaute-umons\/\" \/>\n<meta property=\"og:locale\" content=\"fr_FR\" \/>\n<meta property=\"og:type\" content=\"article\" \/>\n<meta property=\"og:title\" content=\"Services \u00e0 la Communaut\u00e9 UMONS - Service \/ FPSE - D\u00e9veloppement humain et traitement des donn\u00e9es\" \/>\n<meta property=\"og:description\" content=\"Marielle BRUYNINCKX\u00a0 Pr\u00e9sidente de la Commission de recours de l&rsquo;examen d&rsquo;admission aux \u00e9tudes de premier cycle de l&rsquo;enseignement sup\u00e9rieur : Membre du Conseil de facult\u00e9 de la FPSE Membre du groupe de pilotage de la Cellule facultaire de p\u00e9dagogie universitaire de la FPSE Membre\u00a0de\u00a0la\u00a0commission\u00a0d&rsquo;\u00e9valuation\u00a0interne\u00a0de\u00a0la\u00a0FPSE Membre\u00a0du\u00a0Groupe\u00a0de\u00a0travail\u00a0&lsquo;Aide\u00a0\u00e0\u00a0la\u00a0r\u00e9ussite&rsquo;\u00a0de\u00a0la\u00a0FPSE Membre de la Commission Programme Bachelier en sciences psychologiques et [&hellip;]\" \/>\n<meta property=\"og:url\" content=\"https:\/\/web.umons.ac.be\/sdht\/accueil\/services-a-la-communaute-umons\/\" \/>\n<meta property=\"og:site_name\" content=\"Service \/ FPSE - D\u00e9veloppement humain et traitement des donn\u00e9es\" \/>\n<meta property=\"article:modified_time\" content=\"2024-11-18T08:59:52+00:00\" \/>\n<meta name=\"twitter:card\" content=\"summary_large_image\" \/>\n<meta name=\"twitter:label1\" content=\"Dur\u00e9e de lecture estim\u00e9e\" \/>\n\t<meta name=\"twitter:data1\" content=\"4 minutes\" \/>\n<script type=\"application\/ld+json\" class=\"yoast-schema-graph\">{\"@context\":\"https:\/\/schema.org\",\"@graph\":[{\"@type\":\"WebPage\",\"@id\":\"https:\/\/web.umons.ac.be\/sdht\/accueil\/services-a-la-communaute-umons\/\",\"url\":\"https:\/\/web.umons.ac.be\/sdht\/accueil\/services-a-la-communaute-umons\/\",\"name\":\"Services \u00e0 la Communaut\u00e9 UMONS - Service \/ FPSE - D\u00e9veloppement humain et traitement des donn\u00e9es\",\"isPartOf\":{\"@id\":\"https:\/\/web.umons.ac.be\/sdht\/#website\"},\"datePublished\":\"2022-02-28T15:08:36+00:00\",\"dateModified\":\"2024-11-18T08:59:52+00:00\",\"breadcrumb\":{\"@id\":\"https:\/\/web.umons.ac.be\/sdht\/accueil\/services-a-la-communaute-umons\/#breadcrumb\"},\"inLanguage\":\"fr-FR\",\"potentialAction\":[{\"@type\":\"ReadAction\",\"target\":[\"https:\/\/web.umons.ac.be\/sdht\/accueil\/services-a-la-communaute-umons\/\"]}]},{\"@type\":\"BreadcrumbList\",\"@id\":\"https:\/\/web.umons.ac.be\/sdht\/accueil\/services-a-la-communaute-umons\/#breadcrumb\",\"itemListElement\":[{\"@type\":\"ListItem\",\"position\":1,\"name\":\"Home\",\"item\":\"https:\/\/web.umons.ac.be\/sdht\/\"},{\"@type\":\"ListItem\",\"position\":2,\"name\":\"Accueil\",\"item\":\"https:\/\/web.umons.ac.be\/sdht\/\"},{\"@type\":\"ListItem\",\"position\":3,\"name\":\"Services \u00e0 la Communaut\u00e9 UMONS\"}]},{\"@type\":\"WebSite\",\"@id\":\"https:\/\/web.umons.ac.be\/sdht\/#website\",\"url\":\"https:\/\/web.umons.ac.be\/sdht\/\",\"name\":\"Service \/ FPSE - D\u00e9veloppement humain et traitement des donn\u00e9es\",\"description\":\"\",\"potentialAction\":[{\"@type\":\"SearchAction\",\"target\":{\"@type\":\"EntryPoint\",\"urlTemplate\":\"https:\/\/web.umons.ac.be\/sdht\/?s={search_term_string}\"},\"query-input\":{\"@type\":\"PropertyValueSpecification\",\"valueRequired\":true,\"valueName\":\"search_term_string\"}}],\"inLanguage\":\"fr-FR\"}]}<\/script>\n<!-- \/ Yoast SEO plugin. -->","yoast_head_json":{"title":"Services \u00e0 la Communaut\u00e9 UMONS - Service \/ FPSE - D\u00e9veloppement humain et traitement des donn\u00e9es","robots":{"index":"index","follow":"follow","max-snippet":"max-snippet:-1","max-image-preview":"max-image-preview:large","max-video-preview":"max-video-preview:-1"},"canonical":"https:\/\/web.umons.ac.be\/sdht\/accueil\/services-a-la-communaute-umons\/","og_locale":"fr_FR","og_type":"article","og_title":"Services \u00e0 la Communaut\u00e9 UMONS - Service \/ FPSE - D\u00e9veloppement humain et traitement des donn\u00e9es","og_description":"Marielle BRUYNINCKX\u00a0 Pr\u00e9sidente de la Commission de recours de l&rsquo;examen d&rsquo;admission aux \u00e9tudes de premier cycle de l&rsquo;enseignement sup\u00e9rieur : Membre du Conseil de facult\u00e9 de la FPSE Membre du groupe de pilotage de la Cellule facultaire de p\u00e9dagogie universitaire de la FPSE Membre\u00a0de\u00a0la\u00a0commission\u00a0d&rsquo;\u00e9valuation\u00a0interne\u00a0de\u00a0la\u00a0FPSE Membre\u00a0du\u00a0Groupe\u00a0de\u00a0travail\u00a0&lsquo;Aide\u00a0\u00e0\u00a0la\u00a0r\u00e9ussite&rsquo;\u00a0de\u00a0la\u00a0FPSE Membre de la Commission Programme Bachelier en sciences psychologiques et [&hellip;]","og_url":"https:\/\/web.umons.ac.be\/sdht\/accueil\/services-a-la-communaute-umons\/","og_site_name":"Service \/ FPSE - D\u00e9veloppement humain et traitement des donn\u00e9es","article_modified_time":"2024-11-18T08:59:52+00:00","twitter_card":"summary_large_image","twitter_misc":{"Dur\u00e9e de lecture estim\u00e9e":"4 minutes"},"schema":{"@context":"https:\/\/schema.org","@graph":[{"@type":"WebPage","@id":"https:\/\/web.umons.ac.be\/sdht\/accueil\/services-a-la-communaute-umons\/","url":"https:\/\/web.umons.ac.be\/sdht\/accueil\/services-a-la-communaute-umons\/","name":"Services \u00e0 la Communaut\u00e9 UMONS - Service \/ FPSE - D\u00e9veloppement humain et traitement des donn\u00e9es","isPartOf":{"@id":"https:\/\/web.umons.ac.be\/sdht\/#website"},"datePublished":"2022-02-28T15:08:36+00:00","dateModified":"2024-11-18T08:59:52+00:00","breadcrumb":{"@id":"https:\/\/web.umons.ac.be\/sdht\/accueil\/services-a-la-communaute-umons\/#breadcrumb"},"inLanguage":"fr-FR","potentialAction":[{"@type":"ReadAction","target":["https:\/\/web.umons.ac.be\/sdht\/accueil\/services-a-la-communaute-umons\/"]}]},{"@type":"BreadcrumbList","@id":"https:\/\/web.umons.ac.be\/sdht\/accueil\/services-a-la-communaute-umons\/#breadcrumb","itemListElement":[{"@type":"ListItem","position":1,"name":"Home","item":"https:\/\/web.umons.ac.be\/sdht\/"},{"@type":"ListItem","position":2,"name":"Accueil","item":"https:\/\/web.umons.ac.be\/sdht\/"},{"@type":"ListItem","position":3,"name":"Services \u00e0 la Communaut\u00e9 UMONS"}]},{"@type":"WebSite","@id":"https:\/\/web.umons.ac.be\/sdht\/#website","url":"https:\/\/web.umons.ac.be\/sdht\/","name":"Service \/ FPSE - D\u00e9veloppement humain et traitement des donn\u00e9es","description":"","potentialAction":[{"@type":"SearchAction","target":{"@type":"EntryPoint","urlTemplate":"https:\/\/web.umons.ac.be\/sdht\/?s={search_term_string}"},"query-input":{"@type":"PropertyValueSpecification","valueRequired":true,"valueName":"search_term_string"}}],"inLanguage":"fr-FR"}]}},"lang":"fr","translations":{"fr":166},"pll_sync_post":[],"_links":{"self":[{"href":"https:\/\/web.umons.ac.be\/sdht\/wp-json\/wp\/v2\/pages\/166","targetHints":{"allow":["GET"]}}],"collection":[{"href":"https:\/\/web.umons.ac.be\/sdht\/wp-json\/wp\/v2\/pages"}],"about":[{"href":"https:\/\/web.umons.ac.be\/sdht\/wp-json\/wp\/v2\/types\/page"}],"author":[{"embeddable":true,"href":"https:\/\/web.umons.ac.be\/sdht\/wp-json\/wp\/v2\/users\/118"}],"replies":[{"embeddable":true,"href":"https:\/\/web.umons.ac.be\/sdht\/wp-json\/wp\/v2\/comments?post=166"}],"version-history":[{"count":3,"href":"https:\/\/web.umons.ac.be\/sdht\/wp-json\/wp\/v2\/pages\/166\/revisions"}],"predecessor-version":[{"id":1122,"href":"https:\/\/web.umons.ac.be\/sdht\/wp-json\/wp\/v2\/pages\/166\/revisions\/1122"}],"up":[{"embeddable":true,"href":"https:\/\/web.umons.ac.be\/sdht\/wp-json\/wp\/v2\/pages\/3"}],"wp:attachment":[{"href":"https:\/\/web.umons.ac.be\/sdht\/wp-json\/wp\/v2\/media?parent=166"}],"curies":[{"name":"wp","href":"https:\/\/api.w.org\/{rel}","templated":true}]}}