{"id":172,"date":"2022-02-28T16:16:10","date_gmt":"2022-02-28T15:16:10","guid":{"rendered":"https:\/\/web.umons.ac.be\/sdht\/?page_id=172"},"modified":"2022-11-08T17:11:01","modified_gmt":"2022-11-08T16:11:01","slug":"representations-umons-a-lexterieur","status":"publish","type":"page","link":"https:\/\/web.umons.ac.be\/sdht\/accueil\/representations-umons-a-lexterieur\/","title":{"rendered":"Repr\u00e9sentations UMONS \u00e0 l\u2019ext\u00e9rieur"},"content":{"rendered":"<p><strong>Dimitri CAUCHIE<\/strong><\/p>\n<ul>\n<li>Repr\u00e9sentant de l&rsquo;UMONS au sein du Comit\u00e9 \u00ab Femmes &amp; Sciences \u00bb charg\u00e9 d&rsquo;\u00e9mettre des avis \u00e0 l&rsquo;attention du Gouvernement sur la question du genre dans les sph\u00e8res scientifiques et acad\u00e9miques, Direction g\u00e9n\u00e9rale de l&rsquo;Enseignement non obligatoire et de la Recherche scientifique, Administration g\u00e9n\u00e9rale de l&rsquo;Enseignement, Minist\u00e8re de la F\u00e9d\u00e9ration Wallonie-Bruxelles.<\/li>\n<li>Repr\u00e9sentant de l&rsquo;UMONS au sein de la Commission \u00ab Genre en enseignement sup\u00e9rieur \u00bb (CoGES),\u00a0Acad\u00e9mie\u00a0de\u00a0Recherche\u00a0et\u00a0d&rsquo;Enseignement\u00a0Sup\u00e9rieur.<\/li>\n<\/ul>\n","protected":false},"excerpt":{"rendered":"<p>Dimitri CAUCHIE Repr\u00e9sentant de l&rsquo;UMONS au sein du Comit\u00e9 \u00ab Femmes &amp; Sciences \u00bb charg\u00e9 d&rsquo;\u00e9mettre des avis \u00e0 l&rsquo;attention du Gouvernement sur la question du genre dans les sph\u00e8res scientifiques et acad\u00e9miques, Direction g\u00e9n\u00e9rale de l&rsquo;Enseignement non obligatoire et de la Recherche scientifique, Administration g\u00e9n\u00e9rale de l&rsquo;Enseignement, Minist\u00e8re de la F\u00e9d\u00e9ration Wallonie-Bruxelles. Repr\u00e9sentant de [&hellip;]<\/p>\n","protected":false},"author":118,"featured_media":0,"parent":3,"menu_order":0,"comment_status":"closed","ping_status":"closed","template":"","meta":{"footnotes":""},"class_list":["post-172","page","type-page","status-publish","hentry"],"yoast_head":"<!-- This site is optimized with the Yoast SEO plugin v27.2 - https:\/\/yoast.com\/product\/yoast-seo-wordpress\/ -->\n<title>Repr\u00e9sentations UMONS \u00e0 l\u2019ext\u00e9rieur - Service \/ FPSE - D\u00e9veloppement humain et traitement des donn\u00e9es<\/title>\n<meta name=\"robots\" content=\"index, follow, max-snippet:-1, max-image-preview:large, max-video-preview:-1\" \/>\n<link rel=\"canonical\" href=\"https:\/\/web.umons.ac.be\/sdht\/accueil\/representations-umons-a-lexterieur\/\" \/>\n<meta property=\"og:locale\" content=\"fr_FR\" \/>\n<meta property=\"og:type\" content=\"article\" \/>\n<meta property=\"og:title\" content=\"Repr\u00e9sentations UMONS \u00e0 l\u2019ext\u00e9rieur - Service \/ FPSE - D\u00e9veloppement humain et traitement des donn\u00e9es\" \/>\n<meta property=\"og:description\" content=\"Dimitri CAUCHIE Repr\u00e9sentant de l&rsquo;UMONS au sein du Comit\u00e9 \u00ab Femmes &amp; Sciences \u00bb charg\u00e9 d&rsquo;\u00e9mettre des avis \u00e0 l&rsquo;attention du Gouvernement sur la question du genre dans les sph\u00e8res scientifiques et acad\u00e9miques, Direction g\u00e9n\u00e9rale de l&rsquo;Enseignement non obligatoire et de la Recherche scientifique, Administration g\u00e9n\u00e9rale de l&rsquo;Enseignement, Minist\u00e8re de la F\u00e9d\u00e9ration Wallonie-Bruxelles. Repr\u00e9sentant de [&hellip;]\" \/>\n<meta property=\"og:url\" content=\"https:\/\/web.umons.ac.be\/sdht\/accueil\/representations-umons-a-lexterieur\/\" \/>\n<meta property=\"og:site_name\" content=\"Service \/ FPSE - D\u00e9veloppement humain et traitement des donn\u00e9es\" \/>\n<meta property=\"article:modified_time\" content=\"2022-11-08T16:11:01+00:00\" \/>\n<meta name=\"twitter:card\" content=\"summary_large_image\" \/>\n<meta name=\"twitter:label1\" content=\"Dur\u00e9e de lecture estim\u00e9e\" \/>\n\t<meta name=\"twitter:data1\" content=\"1 minute\" \/>\n<script type=\"application\/ld+json\" class=\"yoast-schema-graph\">{\"@context\":\"https:\/\/schema.org\",\"@graph\":[{\"@type\":\"WebPage\",\"@id\":\"https:\/\/web.umons.ac.be\/sdht\/accueil\/representations-umons-a-lexterieur\/\",\"url\":\"https:\/\/web.umons.ac.be\/sdht\/accueil\/representations-umons-a-lexterieur\/\",\"name\":\"Repr\u00e9sentations UMONS \u00e0 l\u2019ext\u00e9rieur - Service \/ FPSE - D\u00e9veloppement humain et traitement des donn\u00e9es\",\"isPartOf\":{\"@id\":\"https:\/\/web.umons.ac.be\/sdht\/#website\"},\"datePublished\":\"2022-02-28T15:16:10+00:00\",\"dateModified\":\"2022-11-08T16:11:01+00:00\",\"breadcrumb\":{\"@id\":\"https:\/\/web.umons.ac.be\/sdht\/accueil\/representations-umons-a-lexterieur\/#breadcrumb\"},\"inLanguage\":\"fr-FR\",\"potentialAction\":[{\"@type\":\"ReadAction\",\"target\":[\"https:\/\/web.umons.ac.be\/sdht\/accueil\/representations-umons-a-lexterieur\/\"]}]},{\"@type\":\"BreadcrumbList\",\"@id\":\"https:\/\/web.umons.ac.be\/sdht\/accueil\/representations-umons-a-lexterieur\/#breadcrumb\",\"itemListElement\":[{\"@type\":\"ListItem\",\"position\":1,\"name\":\"Home\",\"item\":\"https:\/\/web.umons.ac.be\/sdht\/\"},{\"@type\":\"ListItem\",\"position\":2,\"name\":\"Accueil\",\"item\":\"https:\/\/web.umons.ac.be\/sdht\/\"},{\"@type\":\"ListItem\",\"position\":3,\"name\":\"Repr\u00e9sentations UMONS \u00e0 l\u2019ext\u00e9rieur\"}]},{\"@type\":\"WebSite\",\"@id\":\"https:\/\/web.umons.ac.be\/sdht\/#website\",\"url\":\"https:\/\/web.umons.ac.be\/sdht\/\",\"name\":\"Service \/ FPSE - D\u00e9veloppement humain et traitement des donn\u00e9es\",\"description\":\"\",\"potentialAction\":[{\"@type\":\"SearchAction\",\"target\":{\"@type\":\"EntryPoint\",\"urlTemplate\":\"https:\/\/web.umons.ac.be\/sdht\/?s={search_term_string}\"},\"query-input\":{\"@type\":\"PropertyValueSpecification\",\"valueRequired\":true,\"valueName\":\"search_term_string\"}}],\"inLanguage\":\"fr-FR\"}]}<\/script>\n<!-- \/ Yoast SEO plugin. -->","yoast_head_json":{"title":"Repr\u00e9sentations UMONS \u00e0 l\u2019ext\u00e9rieur - Service \/ FPSE - D\u00e9veloppement humain et traitement des donn\u00e9es","robots":{"index":"index","follow":"follow","max-snippet":"max-snippet:-1","max-image-preview":"max-image-preview:large","max-video-preview":"max-video-preview:-1"},"canonical":"https:\/\/web.umons.ac.be\/sdht\/accueil\/representations-umons-a-lexterieur\/","og_locale":"fr_FR","og_type":"article","og_title":"Repr\u00e9sentations UMONS \u00e0 l\u2019ext\u00e9rieur - Service \/ FPSE - D\u00e9veloppement humain et traitement des donn\u00e9es","og_description":"Dimitri CAUCHIE Repr\u00e9sentant de l&rsquo;UMONS au sein du Comit\u00e9 \u00ab Femmes &amp; Sciences \u00bb charg\u00e9 d&rsquo;\u00e9mettre des avis \u00e0 l&rsquo;attention du Gouvernement sur la question du genre dans les sph\u00e8res scientifiques et acad\u00e9miques, Direction g\u00e9n\u00e9rale de l&rsquo;Enseignement non obligatoire et de la Recherche scientifique, Administration g\u00e9n\u00e9rale de l&rsquo;Enseignement, Minist\u00e8re de la F\u00e9d\u00e9ration Wallonie-Bruxelles. Repr\u00e9sentant de [&hellip;]","og_url":"https:\/\/web.umons.ac.be\/sdht\/accueil\/representations-umons-a-lexterieur\/","og_site_name":"Service \/ FPSE - D\u00e9veloppement humain et traitement des donn\u00e9es","article_modified_time":"2022-11-08T16:11:01+00:00","twitter_card":"summary_large_image","twitter_misc":{"Dur\u00e9e de lecture estim\u00e9e":"1 minute"},"schema":{"@context":"https:\/\/schema.org","@graph":[{"@type":"WebPage","@id":"https:\/\/web.umons.ac.be\/sdht\/accueil\/representations-umons-a-lexterieur\/","url":"https:\/\/web.umons.ac.be\/sdht\/accueil\/representations-umons-a-lexterieur\/","name":"Repr\u00e9sentations UMONS \u00e0 l\u2019ext\u00e9rieur - Service \/ FPSE - D\u00e9veloppement humain et traitement des donn\u00e9es","isPartOf":{"@id":"https:\/\/web.umons.ac.be\/sdht\/#website"},"datePublished":"2022-02-28T15:16:10+00:00","dateModified":"2022-11-08T16:11:01+00:00","breadcrumb":{"@id":"https:\/\/web.umons.ac.be\/sdht\/accueil\/representations-umons-a-lexterieur\/#breadcrumb"},"inLanguage":"fr-FR","potentialAction":[{"@type":"ReadAction","target":["https:\/\/web.umons.ac.be\/sdht\/accueil\/representations-umons-a-lexterieur\/"]}]},{"@type":"BreadcrumbList","@id":"https:\/\/web.umons.ac.be\/sdht\/accueil\/representations-umons-a-lexterieur\/#breadcrumb","itemListElement":[{"@type":"ListItem","position":1,"name":"Home","item":"https:\/\/web.umons.ac.be\/sdht\/"},{"@type":"ListItem","position":2,"name":"Accueil","item":"https:\/\/web.umons.ac.be\/sdht\/"},{"@type":"ListItem","position":3,"name":"Repr\u00e9sentations UMONS \u00e0 l\u2019ext\u00e9rieur"}]},{"@type":"WebSite","@id":"https:\/\/web.umons.ac.be\/sdht\/#website","url":"https:\/\/web.umons.ac.be\/sdht\/","name":"Service \/ FPSE - D\u00e9veloppement humain et traitement des donn\u00e9es","description":"","potentialAction":[{"@type":"SearchAction","target":{"@type":"EntryPoint","urlTemplate":"https:\/\/web.umons.ac.be\/sdht\/?s={search_term_string}"},"query-input":{"@type":"PropertyValueSpecification","valueRequired":true,"valueName":"search_term_string"}}],"inLanguage":"fr-FR"}]}},"lang":"fr","translations":{"fr":172},"pll_sync_post":[],"_links":{"self":[{"href":"https:\/\/web.umons.ac.be\/sdht\/wp-json\/wp\/v2\/pages\/172","targetHints":{"allow":["GET"]}}],"collection":[{"href":"https:\/\/web.umons.ac.be\/sdht\/wp-json\/wp\/v2\/pages"}],"about":[{"href":"https:\/\/web.umons.ac.be\/sdht\/wp-json\/wp\/v2\/types\/page"}],"author":[{"embeddable":true,"href":"https:\/\/web.umons.ac.be\/sdht\/wp-json\/wp\/v2\/users\/118"}],"replies":[{"embeddable":true,"href":"https:\/\/web.umons.ac.be\/sdht\/wp-json\/wp\/v2\/comments?post=172"}],"version-history":[{"count":3,"href":"https:\/\/web.umons.ac.be\/sdht\/wp-json\/wp\/v2\/pages\/172\/revisions"}],"predecessor-version":[{"id":591,"href":"https:\/\/web.umons.ac.be\/sdht\/wp-json\/wp\/v2\/pages\/172\/revisions\/591"}],"up":[{"embeddable":true,"href":"https:\/\/web.umons.ac.be\/sdht\/wp-json\/wp\/v2\/pages\/3"}],"wp:attachment":[{"href":"https:\/\/web.umons.ac.be\/sdht\/wp-json\/wp\/v2\/media?parent=172"}],"curies":[{"name":"wp","href":"https:\/\/api.w.org\/{rel}","templated":true}]}}